{"id":94551,"date":"2026-03-24T05:18:03","date_gmt":"2026-03-24T05:18:03","guid":{"rendered":"https:\/\/adl-regalosempresa.com\/tiendaonline\/articulos\/merchandising\/bidon-deportivo-con-tapa-flip-de-500-ml-h2o-active-para-personalizar\/"},"modified":"2026-03-24T09:00:33","modified_gmt":"2026-03-24T09:00:33","slug":"bidon-deportivo-con-tapa-flip-de-500-ml-h2o-active-para-personalizar-con-logo","status":"publish","type":"product","link":"https:\/\/adl-regalosempresa.com\/tiendaonline\/articulos\/merchandising\/bidon-deportivo-con-tapa-flip-de-500-ml-h2o-active-para-personalizar-con-logo\/","title":{"rendered":"Bid\u00f3n deportivo con Tapa Flip de 500 ml H2O Active\u00ae  para personalizar con logo"},"content":{"rendered":"<p>Bid\u00f3n de una sola capa con con dise\u00f1o especial de agarre integrado. El bid\u00f3n est\u00e1 fabricado con material PET reciclable. Cuenta con una tapa a prueba de derrames con tapa extra\u00edble. Capacidad de 500 ml. Mezcla y combina colores para crear el bid\u00f3n perfecto. Ponte en contacto con el servicio de atenci\u00f3n al cliente para consultar opciones de color adicionales. Fabricado en el Reino Unido. Embalado en una bolsa casera compostable. Sin BPA.<\/p>\n","protected":false},"excerpt":{"rendered":"<p><strong>Descuentos por cantidades<\/strong><br \/>&#8211; a partir de 100 unidades: 3,45 \u20ac\/ud<br \/>&#8211; a partir de 250 unidades: 3,32 \u20ac\/ud<br \/>&#8211; a partir de 500 unidades: 3,25 \u20ac\/ud<\/p>\n<p>Para cantidades superiores a las aqu\u00ed indicadas, no dudes en ponerte en contacto con nuestro departamento comercial o <a href='https:\/\/adl-regalosempresa.com\/tiendaonline\/solicitud-presupuesto\/'>pedirnos presupuesto personalizado<\/a>, ajustaremos el presupuesto a tus necesidades.<\/p>\n","protected":false},"featured_media":94555,"template":"","meta":{"_kad_post_transparent":"","_kad_post_title":"","_kad_post_layout":"","_kad_post_sidebar_id":"","_kad_post_content_style":"","_kad_post_vertical_padding":"","_kad_post_feature":"","_kad_post_feature_position":"","_kad_post_header":false,"_kad_post_footer":false,"_kad_post_classname":""},"product_brand":[],"product_cat":[3805,3372],"product_tag":[],"class_list":{"0":"post-94551","1":"product","2":"type-product","3":"status-publish","4":"has-post-thumbnail","6":"product_cat-bidones-deportivos","7":"product_cat-articulos-para-bebidas","8":"pa_alto-174-cm","9":"pa_color-azul","10":"pa_color-carbon-negro-intenso","11":"pa_color-lima","12":"pa_color-morado","13":"pa_color-transparente-amarillo","14":"pa_color-transparente-azul","15":"pa_color-transparente-azul-aqua","16":"pa_color-transparente-blanco","17":"pa_color-transparente-lima","18":"pa_color-transparente-morado","19":"pa_color-transparente-naranja","20":"pa_color-transparente-negro-intenso","21":"pa_color-transparente-rojo","22":"pa_color-transparente-rosa","23":"pa_color-transparente-verde","24":"pa_color-simple-amarillo","25":"pa_color-simple-azul","26":"pa_color-simple-blanco","27":"pa_color-simple-gris","28":"pa_color-simple-naranja","29":"pa_color-simple-negro-intenso","30":"pa_color-simple-purpura","31":"pa_color-simple-rojo","32":"pa_color-simple-rosa","33":"pa_color-simple-verde","34":"pa_diametro-735-cm","35":"pa_marca-unbranded","36":"pa_material-plastico-pet-plastico-pp","37":"pa_peso-84-gr","39":"first","40":"instock","41":"taxable","42":"shipping-taxable","43":"purchasable","44":"product-type-variable","45":"entry","46":"content-bg","47":"loop-entry"},"yoast_head":"<!-- This site is optimized with the Yoast SEO plugin v26.3 - https:\/\/yoast.com\/wordpress\/plugins\/seo\/ -->\n<title>Merchandising Bid\u00f3n deportivo con Tapa Flip de 500 ml H2O Active\u00ae para personalizar con logo - ADL<\/title>\n<meta name=\"description\" content=\"Art\u00edculo de merchandising Bid\u00f3n deportivo con Tapa Flip de 500 ml H2O Active\u00ae &quot;Bop&quot;. Bid\u00f3n de una sola capa con con dise\u00f1o especial de agarre integrado. El bid\u00f3n est\u00e1 fabricado con material PET reciclable. Cuenta con una tapa a prueba de derrames con tapa extra\u00edble. Capacidad de 500 ml. Mezcla y combina colores para crear el bid\u00f3n perfecto. Ponte en contacto con el servicio de atenci\u00f3n al cliente para consultar opciones de color adicionales. Fabricado en el Reino Unido. Embalado en una bolsa casera compostable. Sin BPA.\" \/>\n<meta name=\"robots\" content=\"index, follow, max-snippet:-1, max-image-preview:large, max-video-preview:-1\" \/>\n<link rel=\"canonical\" href=\"https:\/\/adl-regalosempresa.com\/tiendaonline\/articulos\/merchandising\/bidon-deportivo-con-tapa-flip-de-500-ml-h2o-active-para-personalizar-con-logo\/\" \/>\n<meta property=\"og:locale\" content=\"es_ES\" \/>\n<meta property=\"og:type\" content=\"article\" \/>\n<meta property=\"og:title\" content=\"Merchandising Bid\u00f3n deportivo con Tapa Flip de 500 ml H2O Active\u00ae para personalizar con logo - ADL\" \/>\n<meta property=\"og:description\" content=\"Art\u00edculo de merchandising Bid\u00f3n deportivo con Tapa Flip de 500 ml H2O Active\u00ae &quot;Bop&quot;. Bid\u00f3n de una sola capa con con dise\u00f1o especial de agarre integrado. El bid\u00f3n est\u00e1 fabricado con material PET reciclable. Cuenta con una tapa a prueba de derrames con tapa extra\u00edble. Capacidad de 500 ml. Mezcla y combina colores para crear el bid\u00f3n perfecto. Ponte en contacto con el servicio de atenci\u00f3n al cliente para consultar opciones de color adicionales. Fabricado en el Reino Unido. Embalado en una bolsa casera compostable. Sin BPA.\" \/>\n<meta property=\"og:url\" content=\"https:\/\/adl-regalosempresa.com\/tiendaonline\/articulos\/merchandising\/bidon-deportivo-con-tapa-flip-de-500-ml-h2o-active-para-personalizar-con-logo\/\" \/>\n<meta property=\"og:site_name\" content=\"ADL Comunicaci\u00f3n\" \/>\n<meta property=\"article:modified_time\" content=\"2026-03-24T09:00:33+00:00\" \/>\n<meta property=\"og:image\" content=\"https:\/\/adl-regalosempresa.com\/tiendaonline\/wp-content\/uploads\/2022\/06\/21005000.jpg\" \/>\n\t<meta property=\"og:image:width\" content=\"1600\" \/>\n\t<meta property=\"og:image:height\" content=\"1600\" \/>\n\t<meta property=\"og:image:type\" content=\"image\/jpeg\" \/>\n<meta name=\"twitter:card\" content=\"summary_large_image\" \/>\n<meta name=\"twitter:title\" content=\"Merchandising Bid\u00f3n deportivo con Tapa Flip de 500 ml H2O Active\u00ae para personalizar con logo - ADL\" \/>\n<script type=\"application\/ld+json\" class=\"yoast-schema-graph\">{\"@context\":\"https:\/\/schema.org\",\"@graph\":[{\"@type\":\"WebPage\",\"@id\":\"https:\/\/adl-regalosempresa.com\/tiendaonline\/articulos\/merchandising\/bidon-deportivo-con-tapa-flip-de-500-ml-h2o-active-para-personalizar-con-logo\/\",\"url\":\"https:\/\/adl-regalosempresa.com\/tiendaonline\/articulos\/merchandising\/bidon-deportivo-con-tapa-flip-de-500-ml-h2o-active-para-personalizar-con-logo\/\",\"name\":\"Merchandising Bid\u00f3n deportivo con Tapa Flip de 500 ml H2O Active\u00ae para personalizar con logo - ADL\",\"isPartOf\":{\"@id\":\"https:\/\/adl-regalosempresa.com\/tiendaonline\/#website\"},\"primaryImageOfPage\":{\"@id\":\"https:\/\/adl-regalosempresa.com\/tiendaonline\/articulos\/merchandising\/bidon-deportivo-con-tapa-flip-de-500-ml-h2o-active-para-personalizar-con-logo\/#primaryimage\"},\"image\":{\"@id\":\"https:\/\/adl-regalosempresa.com\/tiendaonline\/articulos\/merchandising\/bidon-deportivo-con-tapa-flip-de-500-ml-h2o-active-para-personalizar-con-logo\/#primaryimage\"},\"thumbnailUrl\":\"https:\/\/adl-regalosempresa.com\/tiendaonline\/wp-content\/uploads\/2022\/06\/21005000.jpg\",\"datePublished\":\"2026-03-24T05:18:03+00:00\",\"dateModified\":\"2026-03-24T09:00:33+00:00\",\"description\":\"Art\u00edculo de merchandising Bid\u00f3n deportivo con Tapa Flip de 500 ml H2O Active\u00ae \\\"Bop\\\". Bid\u00f3n de una sola capa con con dise\u00f1o especial de agarre integrado. El bid\u00f3n est\u00e1 fabricado con material PET reciclable. Cuenta con una tapa a prueba de derrames con tapa extra\u00edble. Capacidad de 500 ml. Mezcla y combina colores para crear el bid\u00f3n perfecto. Ponte en contacto con el servicio de atenci\u00f3n al cliente para consultar opciones de color adicionales. Fabricado en el Reino Unido. Embalado en una bolsa casera compostable. Sin BPA.\",\"breadcrumb\":{\"@id\":\"https:\/\/adl-regalosempresa.com\/tiendaonline\/articulos\/merchandising\/bidon-deportivo-con-tapa-flip-de-500-ml-h2o-active-para-personalizar-con-logo\/#breadcrumb\"},\"inLanguage\":\"es\",\"potentialAction\":[{\"@type\":\"ReadAction\",\"target\":[\"https:\/\/adl-regalosempresa.com\/tiendaonline\/articulos\/merchandising\/bidon-deportivo-con-tapa-flip-de-500-ml-h2o-active-para-personalizar-con-logo\/\"]}]},{\"@type\":\"ImageObject\",\"inLanguage\":\"es\",\"@id\":\"https:\/\/adl-regalosempresa.com\/tiendaonline\/articulos\/merchandising\/bidon-deportivo-con-tapa-flip-de-500-ml-h2o-active-para-personalizar-con-logo\/#primaryimage\",\"url\":\"https:\/\/adl-regalosempresa.com\/tiendaonline\/wp-content\/uploads\/2022\/06\/21005000.jpg\",\"contentUrl\":\"https:\/\/adl-regalosempresa.com\/tiendaonline\/wp-content\/uploads\/2022\/06\/21005000.jpg\",\"width\":1600,\"height\":1600,\"caption\":\"Bid\u00f3n deportivo con Tapa Flip de 500 ml H2O Active\u00ae \\\"Bop\\\"\"},{\"@type\":\"BreadcrumbList\",\"@id\":\"https:\/\/adl-regalosempresa.com\/tiendaonline\/articulos\/merchandising\/bidon-deportivo-con-tapa-flip-de-500-ml-h2o-active-para-personalizar-con-logo\/#breadcrumb\",\"itemListElement\":[{\"@type\":\"ListItem\",\"position\":1,\"name\":\"Portada\",\"item\":\"https:\/\/adl-regalosempresa.com\/tiendaonline\/\"},{\"@type\":\"ListItem\",\"position\":2,\"name\":\"Tienda\",\"item\":\"https:\/\/adl-regalosempresa.com\/tiendaonline\/tienda\/\"},{\"@type\":\"ListItem\",\"position\":3,\"name\":\"Bid\u00f3n deportivo con Tapa Flip de 500 ml H2O Active\u00ae para personalizar con logo\"}]},{\"@type\":\"WebSite\",\"@id\":\"https:\/\/adl-regalosempresa.com\/tiendaonline\/#website\",\"url\":\"https:\/\/adl-regalosempresa.com\/tiendaonline\/\",\"name\":\"ADL Comunicaci\u00f3n\",\"description\":\"Regalos de empresa\",\"publisher\":{\"@id\":\"https:\/\/adl-regalosempresa.com\/tiendaonline\/#organization\"},\"potentialAction\":[{\"@type\":\"SearchAction\",\"target\":{\"@type\":\"EntryPoint\",\"urlTemplate\":\"https:\/\/adl-regalosempresa.com\/tiendaonline\/?s={search_term_string}\"},\"query-input\":{\"@type\":\"PropertyValueSpecification\",\"valueRequired\":true,\"valueName\":\"search_term_string\"}}],\"inLanguage\":\"es\"},{\"@type\":\"Organization\",\"@id\":\"https:\/\/adl-regalosempresa.com\/tiendaonline\/#organization\",\"name\":\"ADL Comunicaci\u00f3n\",\"url\":\"https:\/\/adl-regalosempresa.com\/tiendaonline\/\",\"logo\":{\"@type\":\"ImageObject\",\"inLanguage\":\"es\",\"@id\":\"https:\/\/adl-regalosempresa.com\/tiendaonline\/#\/schema\/logo\/image\/\",\"url\":\"https:\/\/adl-regalosempresa.com\/tiendaonline\/wp-content\/uploads\/2017\/09\/logo-adl-wp.png\",\"contentUrl\":\"https:\/\/adl-regalosempresa.com\/tiendaonline\/wp-content\/uploads\/2017\/09\/logo-adl-wp.png\",\"width\":407,\"height\":185,\"caption\":\"ADL Comunicaci\u00f3n\"},\"image\":{\"@id\":\"https:\/\/adl-regalosempresa.com\/tiendaonline\/#\/schema\/logo\/image\/\"}}]}<\/script>\n<!-- \/ Yoast SEO plugin. -->","yoast_head_json":{"title":"Merchandising Bid\u00f3n deportivo con Tapa Flip de 500 ml H2O Active\u00ae para personalizar con logo - ADL","description":"Art\u00edculo de merchandising Bid\u00f3n deportivo con Tapa Flip de 500 ml H2O Active\u00ae \"Bop\". Bid\u00f3n de una sola capa con con dise\u00f1o especial de agarre integrado. El bid\u00f3n est\u00e1 fabricado con material PET reciclable. Cuenta con una tapa a prueba de derrames con tapa extra\u00edble. Capacidad de 500 ml. Mezcla y combina colores para crear el bid\u00f3n perfecto. Ponte en contacto con el servicio de atenci\u00f3n al cliente para consultar opciones de color adicionales. Fabricado en el Reino Unido. Embalado en una bolsa casera compostable. Sin BPA.","robots":{"index":"index","follow":"follow","max-snippet":"max-snippet:-1","max-image-preview":"max-image-preview:large","max-video-preview":"max-video-preview:-1"},"canonical":"https:\/\/adl-regalosempresa.com\/tiendaonline\/articulos\/merchandising\/bidon-deportivo-con-tapa-flip-de-500-ml-h2o-active-para-personalizar-con-logo\/","og_locale":"es_ES","og_type":"article","og_title":"Merchandising Bid\u00f3n deportivo con Tapa Flip de 500 ml H2O Active\u00ae para personalizar con logo - ADL","og_description":"Art\u00edculo de merchandising Bid\u00f3n deportivo con Tapa Flip de 500 ml H2O Active\u00ae \"Bop\". Bid\u00f3n de una sola capa con con dise\u00f1o especial de agarre integrado. El bid\u00f3n est\u00e1 fabricado con material PET reciclable. Cuenta con una tapa a prueba de derrames con tapa extra\u00edble. Capacidad de 500 ml. Mezcla y combina colores para crear el bid\u00f3n perfecto. Ponte en contacto con el servicio de atenci\u00f3n al cliente para consultar opciones de color adicionales. Fabricado en el Reino Unido. Embalado en una bolsa casera compostable. Sin BPA.","og_url":"https:\/\/adl-regalosempresa.com\/tiendaonline\/articulos\/merchandising\/bidon-deportivo-con-tapa-flip-de-500-ml-h2o-active-para-personalizar-con-logo\/","og_site_name":"ADL Comunicaci\u00f3n","article_modified_time":"2026-03-24T09:00:33+00:00","og_image":[{"width":1600,"height":1600,"url":"https:\/\/adl-regalosempresa.com\/tiendaonline\/wp-content\/uploads\/2022\/06\/21005000.jpg","type":"image\/jpeg"}],"twitter_card":"summary_large_image","twitter_title":"Merchandising Bid\u00f3n deportivo con Tapa Flip de 500 ml H2O Active\u00ae para personalizar con logo - ADL","schema":{"@context":"https:\/\/schema.org","@graph":[{"@type":"WebPage","@id":"https:\/\/adl-regalosempresa.com\/tiendaonline\/articulos\/merchandising\/bidon-deportivo-con-tapa-flip-de-500-ml-h2o-active-para-personalizar-con-logo\/","url":"https:\/\/adl-regalosempresa.com\/tiendaonline\/articulos\/merchandising\/bidon-deportivo-con-tapa-flip-de-500-ml-h2o-active-para-personalizar-con-logo\/","name":"Merchandising Bid\u00f3n deportivo con Tapa Flip de 500 ml H2O Active\u00ae para personalizar con logo - ADL","isPartOf":{"@id":"https:\/\/adl-regalosempresa.com\/tiendaonline\/#website"},"primaryImageOfPage":{"@id":"https:\/\/adl-regalosempresa.com\/tiendaonline\/articulos\/merchandising\/bidon-deportivo-con-tapa-flip-de-500-ml-h2o-active-para-personalizar-con-logo\/#primaryimage"},"image":{"@id":"https:\/\/adl-regalosempresa.com\/tiendaonline\/articulos\/merchandising\/bidon-deportivo-con-tapa-flip-de-500-ml-h2o-active-para-personalizar-con-logo\/#primaryimage"},"thumbnailUrl":"https:\/\/adl-regalosempresa.com\/tiendaonline\/wp-content\/uploads\/2022\/06\/21005000.jpg","datePublished":"2026-03-24T05:18:03+00:00","dateModified":"2026-03-24T09:00:33+00:00","description":"Art\u00edculo de merchandising Bid\u00f3n deportivo con Tapa Flip de 500 ml H2O Active\u00ae \"Bop\". Bid\u00f3n de una sola capa con con dise\u00f1o especial de agarre integrado. El bid\u00f3n est\u00e1 fabricado con material PET reciclable. Cuenta con una tapa a prueba de derrames con tapa extra\u00edble. Capacidad de 500 ml. Mezcla y combina colores para crear el bid\u00f3n perfecto. Ponte en contacto con el servicio de atenci\u00f3n al cliente para consultar opciones de color adicionales. Fabricado en el Reino Unido. Embalado en una bolsa casera compostable. Sin BPA.","breadcrumb":{"@id":"https:\/\/adl-regalosempresa.com\/tiendaonline\/articulos\/merchandising\/bidon-deportivo-con-tapa-flip-de-500-ml-h2o-active-para-personalizar-con-logo\/#breadcrumb"},"inLanguage":"es","potentialAction":[{"@type":"ReadAction","target":["https:\/\/adl-regalosempresa.com\/tiendaonline\/articulos\/merchandising\/bidon-deportivo-con-tapa-flip-de-500-ml-h2o-active-para-personalizar-con-logo\/"]}]},{"@type":"ImageObject","inLanguage":"es","@id":"https:\/\/adl-regalosempresa.com\/tiendaonline\/articulos\/merchandising\/bidon-deportivo-con-tapa-flip-de-500-ml-h2o-active-para-personalizar-con-logo\/#primaryimage","url":"https:\/\/adl-regalosempresa.com\/tiendaonline\/wp-content\/uploads\/2022\/06\/21005000.jpg","contentUrl":"https:\/\/adl-regalosempresa.com\/tiendaonline\/wp-content\/uploads\/2022\/06\/21005000.jpg","width":1600,"height":1600,"caption":"Bid\u00f3n deportivo con Tapa Flip de 500 ml H2O Active\u00ae \"Bop\""},{"@type":"BreadcrumbList","@id":"https:\/\/adl-regalosempresa.com\/tiendaonline\/articulos\/merchandising\/bidon-deportivo-con-tapa-flip-de-500-ml-h2o-active-para-personalizar-con-logo\/#breadcrumb","itemListElement":[{"@type":"ListItem","position":1,"name":"Portada","item":"https:\/\/adl-regalosempresa.com\/tiendaonline\/"},{"@type":"ListItem","position":2,"name":"Tienda","item":"https:\/\/adl-regalosempresa.com\/tiendaonline\/tienda\/"},{"@type":"ListItem","position":3,"name":"Bid\u00f3n deportivo con Tapa Flip de 500 ml H2O Active\u00ae para personalizar con logo"}]},{"@type":"WebSite","@id":"https:\/\/adl-regalosempresa.com\/tiendaonline\/#website","url":"https:\/\/adl-regalosempresa.com\/tiendaonline\/","name":"ADL Comunicaci\u00f3n","description":"Regalos de empresa","publisher":{"@id":"https:\/\/adl-regalosempresa.com\/tiendaonline\/#organization"},"potentialAction":[{"@type":"SearchAction","target":{"@type":"EntryPoint","urlTemplate":"https:\/\/adl-regalosempresa.com\/tiendaonline\/?s={search_term_string}"},"query-input":{"@type":"PropertyValueSpecification","valueRequired":true,"valueName":"search_term_string"}}],"inLanguage":"es"},{"@type":"Organization","@id":"https:\/\/adl-regalosempresa.com\/tiendaonline\/#organization","name":"ADL Comunicaci\u00f3n","url":"https:\/\/adl-regalosempresa.com\/tiendaonline\/","logo":{"@type":"ImageObject","inLanguage":"es","@id":"https:\/\/adl-regalosempresa.com\/tiendaonline\/#\/schema\/logo\/image\/","url":"https:\/\/adl-regalosempresa.com\/tiendaonline\/wp-content\/uploads\/2017\/09\/logo-adl-wp.png","contentUrl":"https:\/\/adl-regalosempresa.com\/tiendaonline\/wp-content\/uploads\/2017\/09\/logo-adl-wp.png","width":407,"height":185,"caption":"ADL Comunicaci\u00f3n"},"image":{"@id":"https:\/\/adl-regalosempresa.com\/tiendaonline\/#\/schema\/logo\/image\/"}}]}},"_links":{"self":[{"href":"https:\/\/adl-regalosempresa.com\/tiendaonline\/wp-json\/wp\/v2\/product\/94551","targetHints":{"allow":["GET"]}}],"collection":[{"href":"https:\/\/adl-regalosempresa.com\/tiendaonline\/wp-json\/wp\/v2\/product"}],"about":[{"href":"https:\/\/adl-regalosempresa.com\/tiendaonline\/wp-json\/wp\/v2\/types\/product"}],"wp:featuredmedia":[{"embeddable":true,"href":"https:\/\/adl-regalosempresa.com\/tiendaonline\/wp-json\/wp\/v2\/media\/94555"}],"wp:attachment":[{"href":"https:\/\/adl-regalosempresa.com\/tiendaonline\/wp-json\/wp\/v2\/media?parent=94551"}],"wp:term":[{"taxonomy":"product_brand","embeddable":true,"href":"https:\/\/adl-regalosempresa.com\/tiendaonline\/wp-json\/wp\/v2\/product_brand?post=94551"},{"taxonomy":"product_cat","embeddable":true,"href":"https:\/\/adl-regalosempresa.com\/tiendaonline\/wp-json\/wp\/v2\/product_cat?post=94551"},{"taxonomy":"product_tag","embeddable":true,"href":"https:\/\/adl-regalosempresa.com\/tiendaonline\/wp-json\/wp\/v2\/product_tag?post=94551"}],"curies":[{"name":"wp","href":"https:\/\/api.w.org\/{rel}","templated":true}]}}