{"id":92741,"date":"2026-05-14T04:15:03","date_gmt":"2026-05-14T04:15:03","guid":{"rendered":"https:\/\/adl-regalosempresa.com\/tiendaonline\/articulos\/merchandising\/memoria-usb-basica-de-32-gb-para-personalizar\/"},"modified":"2026-05-15T08:38:15","modified_gmt":"2026-05-15T08:38:15","slug":"memoria-usb-basica-de-32-gb-rotate-para-personalizar-con-logo","status":"publish","type":"product","link":"https:\/\/adl-regalosempresa.com\/tiendaonline\/articulos\/merchandising\/memoria-usb-basica-de-32-gb-rotate-para-personalizar-con-logo\/","title":{"rendered":"Memoria USB b\u00e1sica de 32 GB Rotate para personalizar con logo"},"content":{"rendered":"<p>Memoria USB giratoria de 32 GB con llavero. Para tu comodidad, los pedidos sencillos se entregan con cajas de regalo separadas. La versi\u00f3n USB es 2.0, la velocidad de escritura es superior a 2,92 MB\/s y la velocidad de lectura es superior a 9,76 MB\/s.<\/p>\n","protected":false},"excerpt":{"rendered":"<p><strong>Descuentos por cantidades<\/strong><br \/>&#8211; a partir de 100 unidades: 3,81 \u20ac\/ud<br \/>&#8211; a partir de 250 unidades: 3,78 \u20ac\/ud<br \/>&#8211; a partir de 500 unidades: 3,72 \u20ac\/ud<\/p>\n<p>Para cantidades superiores a las aqu\u00ed indicadas, no dudes en ponerte en contacto con nuestro departamento comercial o <a href='https:\/\/adl-regalosempresa.com\/tiendaonline\/solicitud-presupuesto\/'>pedirnos presupuesto personalizado<\/a>, ajustaremos el presupuesto a tus necesidades.<\/p>\n","protected":false},"featured_media":92743,"template":"","meta":{"_kad_post_transparent":"","_kad_post_title":"","_kad_post_layout":"","_kad_post_sidebar_id":"","_kad_post_content_style":"","_kad_post_vertical_padding":"","_kad_post_feature":"","_kad_post_feature_position":"","_kad_post_header":false,"_kad_post_footer":false,"_kad_post_classname":""},"product_brand":[],"product_cat":[3739,486],"product_tag":[],"class_list":{"0":"post-92741","1":"product","2":"type-product","3":"status-publish","4":"has-post-thumbnail","6":"product_cat-memorias-usb","7":"product_cat-tecnologia","8":"pa_alto-1-cm","9":"pa_ancho-19-cm","10":"pa_color-azul-real","11":"pa_color-blanco","12":"pa_color-lima","13":"pa_color-negro-intenso","14":"pa_color-rojo","15":"pa_color-simple-azul","16":"pa_color-simple-blanco","17":"pa_color-simple-negro-intenso","18":"pa_color-simple-rojo","19":"pa_largo-58-cm","20":"pa_marca-unbranded","21":"pa_material-plastico-aluminio","22":"pa_peso-8-gr","24":"first","25":"instock","26":"taxable","27":"shipping-taxable","28":"purchasable","29":"product-type-variable","30":"entry","31":"content-bg","32":"loop-entry"},"yoast_head":"<!-- This site is optimized with the Yoast SEO plugin v26.3 - https:\/\/yoast.com\/wordpress\/plugins\/seo\/ -->\n<title>Merchandising Memoria USB b\u00e1sica de 32 GB Rotate para personalizar con logo - ADL<\/title>\n<meta name=\"description\" content=\"Art\u00edculo de merchandising Memoria USB b\u00e1sica de 32 GB Rotate. Memoria USB giratoria de 32 GB con llavero. Para tu comodidad, los pedidos sencillos se entregan con cajas de regalo separadas. La versi\u00f3n USB es 2.0, la velocidad de escritura es superior a 2,92 MB\/s y la velocidad de lectura es superior a 9,76 MB\/s.\" \/>\n<meta name=\"robots\" content=\"index, follow, max-snippet:-1, max-image-preview:large, max-video-preview:-1\" \/>\n<link rel=\"canonical\" href=\"https:\/\/adl-regalosempresa.com\/tiendaonline\/articulos\/merchandising\/memoria-usb-basica-de-32-gb-rotate-para-personalizar-con-logo\/\" \/>\n<meta property=\"og:locale\" content=\"es_ES\" \/>\n<meta property=\"og:type\" content=\"article\" \/>\n<meta property=\"og:title\" content=\"Merchandising Memoria USB b\u00e1sica de 32 GB Rotate para personalizar con logo - ADL\" \/>\n<meta property=\"og:description\" content=\"Art\u00edculo de merchandising Memoria USB b\u00e1sica de 32 GB Rotate. Memoria USB giratoria de 32 GB con llavero. Para tu comodidad, los pedidos sencillos se entregan con cajas de regalo separadas. La versi\u00f3n USB es 2.0, la velocidad de escritura es superior a 2,92 MB\/s y la velocidad de lectura es superior a 9,76 MB\/s.\" \/>\n<meta property=\"og:url\" content=\"https:\/\/adl-regalosempresa.com\/tiendaonline\/articulos\/merchandising\/memoria-usb-basica-de-32-gb-rotate-para-personalizar-con-logo\/\" \/>\n<meta property=\"og:site_name\" content=\"ADL Comunicaci\u00f3n\" \/>\n<meta property=\"article:modified_time\" content=\"2026-05-15T08:38:15+00:00\" \/>\n<meta property=\"og:image\" content=\"https:\/\/adl-regalosempresa.com\/tiendaonline\/wp-content\/uploads\/2022\/06\/12371400.jpg\" \/>\n\t<meta property=\"og:image:width\" content=\"1600\" \/>\n\t<meta property=\"og:image:height\" content=\"1600\" \/>\n\t<meta property=\"og:image:type\" content=\"image\/jpeg\" \/>\n<meta name=\"twitter:card\" content=\"summary_large_image\" \/>\n<meta name=\"twitter:title\" content=\"Merchandising Memoria USB b\u00e1sica de 32 GB Rotate para personalizar con logo - ADL\" \/>\n<script type=\"application\/ld+json\" class=\"yoast-schema-graph\">{\"@context\":\"https:\/\/schema.org\",\"@graph\":[{\"@type\":\"WebPage\",\"@id\":\"https:\/\/adl-regalosempresa.com\/tiendaonline\/articulos\/merchandising\/memoria-usb-basica-de-32-gb-rotate-para-personalizar-con-logo\/\",\"url\":\"https:\/\/adl-regalosempresa.com\/tiendaonline\/articulos\/merchandising\/memoria-usb-basica-de-32-gb-rotate-para-personalizar-con-logo\/\",\"name\":\"Merchandising Memoria USB b\u00e1sica de 32 GB Rotate para personalizar con logo - ADL\",\"isPartOf\":{\"@id\":\"https:\/\/adl-regalosempresa.com\/tiendaonline\/#website\"},\"primaryImageOfPage\":{\"@id\":\"https:\/\/adl-regalosempresa.com\/tiendaonline\/articulos\/merchandising\/memoria-usb-basica-de-32-gb-rotate-para-personalizar-con-logo\/#primaryimage\"},\"image\":{\"@id\":\"https:\/\/adl-regalosempresa.com\/tiendaonline\/articulos\/merchandising\/memoria-usb-basica-de-32-gb-rotate-para-personalizar-con-logo\/#primaryimage\"},\"thumbnailUrl\":\"https:\/\/adl-regalosempresa.com\/tiendaonline\/wp-content\/uploads\/2022\/06\/12371400.jpg\",\"datePublished\":\"2026-05-14T04:15:03+00:00\",\"dateModified\":\"2026-05-15T08:38:15+00:00\",\"description\":\"Art\u00edculo de merchandising Memoria USB b\u00e1sica de 32 GB Rotate. Memoria USB giratoria de 32 GB con llavero. Para tu comodidad, los pedidos sencillos se entregan con cajas de regalo separadas. La versi\u00f3n USB es 2.0, la velocidad de escritura es superior a 2,92 MB\/s y la velocidad de lectura es superior a 9,76 MB\/s.\",\"breadcrumb\":{\"@id\":\"https:\/\/adl-regalosempresa.com\/tiendaonline\/articulos\/merchandising\/memoria-usb-basica-de-32-gb-rotate-para-personalizar-con-logo\/#breadcrumb\"},\"inLanguage\":\"es\",\"potentialAction\":[{\"@type\":\"ReadAction\",\"target\":[\"https:\/\/adl-regalosempresa.com\/tiendaonline\/articulos\/merchandising\/memoria-usb-basica-de-32-gb-rotate-para-personalizar-con-logo\/\"]}]},{\"@type\":\"ImageObject\",\"inLanguage\":\"es\",\"@id\":\"https:\/\/adl-regalosempresa.com\/tiendaonline\/articulos\/merchandising\/memoria-usb-basica-de-32-gb-rotate-para-personalizar-con-logo\/#primaryimage\",\"url\":\"https:\/\/adl-regalosempresa.com\/tiendaonline\/wp-content\/uploads\/2022\/06\/12371400.jpg\",\"contentUrl\":\"https:\/\/adl-regalosempresa.com\/tiendaonline\/wp-content\/uploads\/2022\/06\/12371400.jpg\",\"width\":1600,\"height\":1600,\"caption\":\"Memoria USB b\u00e1sica de 32 GB Rotate\"},{\"@type\":\"BreadcrumbList\",\"@id\":\"https:\/\/adl-regalosempresa.com\/tiendaonline\/articulos\/merchandising\/memoria-usb-basica-de-32-gb-rotate-para-personalizar-con-logo\/#breadcrumb\",\"itemListElement\":[{\"@type\":\"ListItem\",\"position\":1,\"name\":\"Portada\",\"item\":\"https:\/\/adl-regalosempresa.com\/tiendaonline\/\"},{\"@type\":\"ListItem\",\"position\":2,\"name\":\"Tienda\",\"item\":\"https:\/\/adl-regalosempresa.com\/tiendaonline\/tienda\/\"},{\"@type\":\"ListItem\",\"position\":3,\"name\":\"Memoria USB b\u00e1sica de 32 GB Rotate para personalizar con logo\"}]},{\"@type\":\"WebSite\",\"@id\":\"https:\/\/adl-regalosempresa.com\/tiendaonline\/#website\",\"url\":\"https:\/\/adl-regalosempresa.com\/tiendaonline\/\",\"name\":\"ADL Comunicaci\u00f3n\",\"description\":\"Regalos de empresa\",\"publisher\":{\"@id\":\"https:\/\/adl-regalosempresa.com\/tiendaonline\/#organization\"},\"potentialAction\":[{\"@type\":\"SearchAction\",\"target\":{\"@type\":\"EntryPoint\",\"urlTemplate\":\"https:\/\/adl-regalosempresa.com\/tiendaonline\/?s={search_term_string}\"},\"query-input\":{\"@type\":\"PropertyValueSpecification\",\"valueRequired\":true,\"valueName\":\"search_term_string\"}}],\"inLanguage\":\"es\"},{\"@type\":\"Organization\",\"@id\":\"https:\/\/adl-regalosempresa.com\/tiendaonline\/#organization\",\"name\":\"ADL Comunicaci\u00f3n\",\"url\":\"https:\/\/adl-regalosempresa.com\/tiendaonline\/\",\"logo\":{\"@type\":\"ImageObject\",\"inLanguage\":\"es\",\"@id\":\"https:\/\/adl-regalosempresa.com\/tiendaonline\/#\/schema\/logo\/image\/\",\"url\":\"https:\/\/adl-regalosempresa.com\/tiendaonline\/wp-content\/uploads\/2017\/09\/logo-adl-wp.png\",\"contentUrl\":\"https:\/\/adl-regalosempresa.com\/tiendaonline\/wp-content\/uploads\/2017\/09\/logo-adl-wp.png\",\"width\":407,\"height\":185,\"caption\":\"ADL Comunicaci\u00f3n\"},\"image\":{\"@id\":\"https:\/\/adl-regalosempresa.com\/tiendaonline\/#\/schema\/logo\/image\/\"}}]}<\/script>\n<!-- \/ Yoast SEO plugin. -->","yoast_head_json":{"title":"Merchandising Memoria USB b\u00e1sica de 32 GB Rotate para personalizar con logo - ADL","description":"Art\u00edculo de merchandising Memoria USB b\u00e1sica de 32 GB Rotate. Memoria USB giratoria de 32 GB con llavero. Para tu comodidad, los pedidos sencillos se entregan con cajas de regalo separadas. La versi\u00f3n USB es 2.0, la velocidad de escritura es superior a 2,92 MB\/s y la velocidad de lectura es superior a 9,76 MB\/s.","robots":{"index":"index","follow":"follow","max-snippet":"max-snippet:-1","max-image-preview":"max-image-preview:large","max-video-preview":"max-video-preview:-1"},"canonical":"https:\/\/adl-regalosempresa.com\/tiendaonline\/articulos\/merchandising\/memoria-usb-basica-de-32-gb-rotate-para-personalizar-con-logo\/","og_locale":"es_ES","og_type":"article","og_title":"Merchandising Memoria USB b\u00e1sica de 32 GB Rotate para personalizar con logo - ADL","og_description":"Art\u00edculo de merchandising Memoria USB b\u00e1sica de 32 GB Rotate. Memoria USB giratoria de 32 GB con llavero. Para tu comodidad, los pedidos sencillos se entregan con cajas de regalo separadas. La versi\u00f3n USB es 2.0, la velocidad de escritura es superior a 2,92 MB\/s y la velocidad de lectura es superior a 9,76 MB\/s.","og_url":"https:\/\/adl-regalosempresa.com\/tiendaonline\/articulos\/merchandising\/memoria-usb-basica-de-32-gb-rotate-para-personalizar-con-logo\/","og_site_name":"ADL Comunicaci\u00f3n","article_modified_time":"2026-05-15T08:38:15+00:00","og_image":[{"width":1600,"height":1600,"url":"https:\/\/adl-regalosempresa.com\/tiendaonline\/wp-content\/uploads\/2022\/06\/12371400.jpg","type":"image\/jpeg"}],"twitter_card":"summary_large_image","twitter_title":"Merchandising Memoria USB b\u00e1sica de 32 GB Rotate para personalizar con logo - ADL","schema":{"@context":"https:\/\/schema.org","@graph":[{"@type":"WebPage","@id":"https:\/\/adl-regalosempresa.com\/tiendaonline\/articulos\/merchandising\/memoria-usb-basica-de-32-gb-rotate-para-personalizar-con-logo\/","url":"https:\/\/adl-regalosempresa.com\/tiendaonline\/articulos\/merchandising\/memoria-usb-basica-de-32-gb-rotate-para-personalizar-con-logo\/","name":"Merchandising Memoria USB b\u00e1sica de 32 GB Rotate para personalizar con logo - ADL","isPartOf":{"@id":"https:\/\/adl-regalosempresa.com\/tiendaonline\/#website"},"primaryImageOfPage":{"@id":"https:\/\/adl-regalosempresa.com\/tiendaonline\/articulos\/merchandising\/memoria-usb-basica-de-32-gb-rotate-para-personalizar-con-logo\/#primaryimage"},"image":{"@id":"https:\/\/adl-regalosempresa.com\/tiendaonline\/articulos\/merchandising\/memoria-usb-basica-de-32-gb-rotate-para-personalizar-con-logo\/#primaryimage"},"thumbnailUrl":"https:\/\/adl-regalosempresa.com\/tiendaonline\/wp-content\/uploads\/2022\/06\/12371400.jpg","datePublished":"2026-05-14T04:15:03+00:00","dateModified":"2026-05-15T08:38:15+00:00","description":"Art\u00edculo de merchandising Memoria USB b\u00e1sica de 32 GB Rotate. Memoria USB giratoria de 32 GB con llavero. Para tu comodidad, los pedidos sencillos se entregan con cajas de regalo separadas. La versi\u00f3n USB es 2.0, la velocidad de escritura es superior a 2,92 MB\/s y la velocidad de lectura es superior a 9,76 MB\/s.","breadcrumb":{"@id":"https:\/\/adl-regalosempresa.com\/tiendaonline\/articulos\/merchandising\/memoria-usb-basica-de-32-gb-rotate-para-personalizar-con-logo\/#breadcrumb"},"inLanguage":"es","potentialAction":[{"@type":"ReadAction","target":["https:\/\/adl-regalosempresa.com\/tiendaonline\/articulos\/merchandising\/memoria-usb-basica-de-32-gb-rotate-para-personalizar-con-logo\/"]}]},{"@type":"ImageObject","inLanguage":"es","@id":"https:\/\/adl-regalosempresa.com\/tiendaonline\/articulos\/merchandising\/memoria-usb-basica-de-32-gb-rotate-para-personalizar-con-logo\/#primaryimage","url":"https:\/\/adl-regalosempresa.com\/tiendaonline\/wp-content\/uploads\/2022\/06\/12371400.jpg","contentUrl":"https:\/\/adl-regalosempresa.com\/tiendaonline\/wp-content\/uploads\/2022\/06\/12371400.jpg","width":1600,"height":1600,"caption":"Memoria USB b\u00e1sica de 32 GB Rotate"},{"@type":"BreadcrumbList","@id":"https:\/\/adl-regalosempresa.com\/tiendaonline\/articulos\/merchandising\/memoria-usb-basica-de-32-gb-rotate-para-personalizar-con-logo\/#breadcrumb","itemListElement":[{"@type":"ListItem","position":1,"name":"Portada","item":"https:\/\/adl-regalosempresa.com\/tiendaonline\/"},{"@type":"ListItem","position":2,"name":"Tienda","item":"https:\/\/adl-regalosempresa.com\/tiendaonline\/tienda\/"},{"@type":"ListItem","position":3,"name":"Memoria USB b\u00e1sica de 32 GB Rotate para personalizar con logo"}]},{"@type":"WebSite","@id":"https:\/\/adl-regalosempresa.com\/tiendaonline\/#website","url":"https:\/\/adl-regalosempresa.com\/tiendaonline\/","name":"ADL Comunicaci\u00f3n","description":"Regalos de empresa","publisher":{"@id":"https:\/\/adl-regalosempresa.com\/tiendaonline\/#organization"},"potentialAction":[{"@type":"SearchAction","target":{"@type":"EntryPoint","urlTemplate":"https:\/\/adl-regalosempresa.com\/tiendaonline\/?s={search_term_string}"},"query-input":{"@type":"PropertyValueSpecification","valueRequired":true,"valueName":"search_term_string"}}],"inLanguage":"es"},{"@type":"Organization","@id":"https:\/\/adl-regalosempresa.com\/tiendaonline\/#organization","name":"ADL Comunicaci\u00f3n","url":"https:\/\/adl-regalosempresa.com\/tiendaonline\/","logo":{"@type":"ImageObject","inLanguage":"es","@id":"https:\/\/adl-regalosempresa.com\/tiendaonline\/#\/schema\/logo\/image\/","url":"https:\/\/adl-regalosempresa.com\/tiendaonline\/wp-content\/uploads\/2017\/09\/logo-adl-wp.png","contentUrl":"https:\/\/adl-regalosempresa.com\/tiendaonline\/wp-content\/uploads\/2017\/09\/logo-adl-wp.png","width":407,"height":185,"caption":"ADL Comunicaci\u00f3n"},"image":{"@id":"https:\/\/adl-regalosempresa.com\/tiendaonline\/#\/schema\/logo\/image\/"}}]}},"_links":{"self":[{"href":"https:\/\/adl-regalosempresa.com\/tiendaonline\/wp-json\/wp\/v2\/product\/92741","targetHints":{"allow":["GET"]}}],"collection":[{"href":"https:\/\/adl-regalosempresa.com\/tiendaonline\/wp-json\/wp\/v2\/product"}],"about":[{"href":"https:\/\/adl-regalosempresa.com\/tiendaonline\/wp-json\/wp\/v2\/types\/product"}],"wp:featuredmedia":[{"embeddable":true,"href":"https:\/\/adl-regalosempresa.com\/tiendaonline\/wp-json\/wp\/v2\/media\/92743"}],"wp:attachment":[{"href":"https:\/\/adl-regalosempresa.com\/tiendaonline\/wp-json\/wp\/v2\/media?parent=92741"}],"wp:term":[{"taxonomy":"product_brand","embeddable":true,"href":"https:\/\/adl-regalosempresa.com\/tiendaonline\/wp-json\/wp\/v2\/product_brand?post=92741"},{"taxonomy":"product_cat","embeddable":true,"href":"https:\/\/adl-regalosempresa.com\/tiendaonline\/wp-json\/wp\/v2\/product_cat?post=92741"},{"taxonomy":"product_tag","embeddable":true,"href":"https:\/\/adl-regalosempresa.com\/tiendaonline\/wp-json\/wp\/v2\/product_tag?post=92741"}],"curies":[{"name":"wp","href":"https:\/\/api.w.org\/{rel}","templated":true}]}}