{"id":92442,"date":"2026-03-24T05:13:34","date_gmt":"2026-03-24T05:13:34","guid":{"rendered":"https:\/\/adl-regalosempresa.com\/tiendaonline\/articulos\/merchandising\/funda-con-llavero-con-16-elementos-de-primeros-auxilios-para-personalizar\/"},"modified":"2026-04-18T08:04:20","modified_gmt":"2026-04-18T08:04:20","slug":"funda-con-llavero-con-16-elementos-de-primeros-auxilios-para-personalizar-con-logo","status":"publish","type":"product","link":"https:\/\/adl-regalosempresa.com\/tiendaonline\/articulos\/merchandising\/funda-con-llavero-con-16-elementos-de-primeros-auxilios-para-personalizar-con-logo\/","title":{"rendered":"Funda con llavero con 16 elementos de primeros auxilios  para personalizar con logo"},"content":{"rendered":"<p>Pr\u00e1ctica funda de poli\u00e9ster con llavero que contiene 16 elementos de primeros auxilios. El kit contiene un par de tijeras (9 cm), 2 toallitas limpiadoras , 1 venda el\u00e1stica (4 metros x 6 cm), 2 bolas de algod\u00f3n (0,5 g), 3 imperdibles (3,6 cm), 5 tiritas (45&#215;19 mm) y 2 bastoncillos (8 cm). Ideal para viajes, festivales, eventos y otras actividades al aire libre. Adem\u00e1s, cuenta con una amplia zona de decoraci\u00f3n. Un botiqu\u00edn de primeros auxilios se considera un producto sanitario y se rige por la Directiva 93\/42\/CEE, en funci\u00f3n del uso previsto: \u00abDiagn\u00f3stico, prevenci\u00f3n, control, tratamiento o alivio de enfermedades\u00bb. Este dispositivo m\u00e9dico es de Clase I.<\/p>\n","protected":false},"excerpt":{"rendered":"<p><strong>Descuentos por cantidades<\/strong><br \/>&#8211; a partir de 500 unidades: 2,33 \u20ac\/ud<br \/>&#8211; a partir de 1000 unidades: 2,33 \u20ac\/ud<br \/>&#8211; a partir de 2500 unidades: 2,28 \u20ac\/ud<\/p>\n<p>Para cantidades superiores a las aqu\u00ed indicadas, no dudes en ponerte en contacto con nuestro departamento comercial o <a href='https:\/\/adl-regalosempresa.com\/tiendaonline\/solicitud-presupuesto\/'>pedirnos presupuesto personalizado<\/a>, ajustaremos el presupuesto a tus necesidades.<\/p>\n","protected":false},"featured_media":92444,"template":"","meta":{"_kad_post_transparent":"","_kad_post_title":"","_kad_post_layout":"","_kad_post_sidebar_id":"","_kad_post_content_style":"","_kad_post_vertical_padding":"","_kad_post_feature":"","_kad_post_feature_position":"","_kad_post_header":false,"_kad_post_footer":false,"_kad_post_classname":""},"product_brand":[],"product_cat":[4130,4129],"product_tag":[],"class_list":{"0":"post-92442","1":"product","2":"type-product","3":"status-publish","4":"has-post-thumbnail","6":"product_cat-kits-de-primeros-auxilios","7":"product_cat-salud-y-cuidado-personal","8":"pa_alto-6-cm","9":"pa_ancho-25-cm","10":"pa_color-amarillo","11":"pa_color-azul-real","12":"pa_color-blanco","13":"pa_color-negro-intenso","14":"pa_color-rojo","15":"pa_color-simple-amarillo","16":"pa_color-simple-azul","17":"pa_color-simple-blanco","18":"pa_color-simple-negro-intenso","19":"pa_color-simple-rojo","20":"pa_largo-95-cm","21":"pa_marca-unbranded","22":"pa_material-420d-poliester","23":"pa_peso-26-gr","25":"first","26":"instock","27":"taxable","28":"shipping-taxable","29":"purchasable","30":"product-type-variable","31":"entry","32":"content-bg","33":"loop-entry"},"yoast_head":"<!-- This site is optimized with the Yoast SEO plugin v26.3 - https:\/\/yoast.com\/wordpress\/plugins\/seo\/ -->\n<title>Merchandising Funda con llavero con 16 elementos de primeros auxilios para personalizar con logo - ADL<\/title>\n<meta name=\"description\" content=\"Art\u00edculo de merchandising Funda con llavero con 16 elementos de primeros auxilios &quot;Valdemar&quot;. Pr\u00e1ctica funda de poli\u00e9ster con llavero que contiene 16 elementos de primeros auxilios. El kit contiene un par de tijeras (9 cm), 2 toallitas limpiadoras , 1 venda el\u00e1stica (4 metros x 6 cm), 2 bolas de algod\u00f3n (0,5 g), 3 imperdibles (3,6 cm), 5 tiritas (45x19 mm) y 2 bastoncillos (8 cm). Ideal para viajes, festivales, eventos y otras actividades al aire libre. Adem\u00e1s, cuenta con una amplia zona de decoraci\u00f3n. Un botiqu\u00edn de primeros auxilios se considera un producto sanitario y se rige por la Directiva 93\/42\/CEE, en funci\u00f3n del uso previsto: \u00abDiagn\u00f3stico, prevenci\u00f3n, control, tratamiento o alivio de enfermedades\u00bb. Este dispositivo m\u00e9dico es de Clase I.\" \/>\n<meta name=\"robots\" content=\"index, follow, max-snippet:-1, max-image-preview:large, max-video-preview:-1\" \/>\n<link rel=\"canonical\" href=\"https:\/\/adl-regalosempresa.com\/tiendaonline\/articulos\/merchandising\/funda-con-llavero-con-16-elementos-de-primeros-auxilios-para-personalizar-con-logo\/\" \/>\n<meta property=\"og:locale\" content=\"es_ES\" \/>\n<meta property=\"og:type\" content=\"article\" \/>\n<meta property=\"og:title\" content=\"Merchandising Funda con llavero con 16 elementos de primeros auxilios para personalizar con logo - ADL\" \/>\n<meta property=\"og:description\" content=\"Art\u00edculo de merchandising Funda con llavero con 16 elementos de primeros auxilios &quot;Valdemar&quot;. Pr\u00e1ctica funda de poli\u00e9ster con llavero que contiene 16 elementos de primeros auxilios. El kit contiene un par de tijeras (9 cm), 2 toallitas limpiadoras , 1 venda el\u00e1stica (4 metros x 6 cm), 2 bolas de algod\u00f3n (0,5 g), 3 imperdibles (3,6 cm), 5 tiritas (45x19 mm) y 2 bastoncillos (8 cm). Ideal para viajes, festivales, eventos y otras actividades al aire libre. Adem\u00e1s, cuenta con una amplia zona de decoraci\u00f3n. Un botiqu\u00edn de primeros auxilios se considera un producto sanitario y se rige por la Directiva 93\/42\/CEE, en funci\u00f3n del uso previsto: \u00abDiagn\u00f3stico, prevenci\u00f3n, control, tratamiento o alivio de enfermedades\u00bb. Este dispositivo m\u00e9dico es de Clase I.\" \/>\n<meta property=\"og:url\" content=\"https:\/\/adl-regalosempresa.com\/tiendaonline\/articulos\/merchandising\/funda-con-llavero-con-16-elementos-de-primeros-auxilios-para-personalizar-con-logo\/\" \/>\n<meta property=\"og:site_name\" content=\"ADL Comunicaci\u00f3n\" \/>\n<meta property=\"article:modified_time\" content=\"2026-04-18T08:04:20+00:00\" \/>\n<meta property=\"og:image\" content=\"https:\/\/adl-regalosempresa.com\/tiendaonline\/wp-content\/uploads\/2022\/06\/12200901.jpg\" \/>\n\t<meta property=\"og:image:width\" content=\"1600\" \/>\n\t<meta property=\"og:image:height\" content=\"1600\" \/>\n\t<meta property=\"og:image:type\" content=\"image\/jpeg\" \/>\n<meta name=\"twitter:card\" content=\"summary_large_image\" \/>\n<meta name=\"twitter:title\" content=\"Merchandising Funda con llavero con 16 elementos de primeros auxilios para personalizar con logo - ADL\" \/>\n<meta name=\"twitter:label1\" content=\"Tiempo de lectura\" \/>\n\t<meta name=\"twitter:data1\" content=\"1 minuto\" \/>\n<script type=\"application\/ld+json\" class=\"yoast-schema-graph\">{\"@context\":\"https:\/\/schema.org\",\"@graph\":[{\"@type\":\"WebPage\",\"@id\":\"https:\/\/adl-regalosempresa.com\/tiendaonline\/articulos\/merchandising\/funda-con-llavero-con-16-elementos-de-primeros-auxilios-para-personalizar-con-logo\/\",\"url\":\"https:\/\/adl-regalosempresa.com\/tiendaonline\/articulos\/merchandising\/funda-con-llavero-con-16-elementos-de-primeros-auxilios-para-personalizar-con-logo\/\",\"name\":\"Merchandising Funda con llavero con 16 elementos de primeros auxilios para personalizar con logo - ADL\",\"isPartOf\":{\"@id\":\"https:\/\/adl-regalosempresa.com\/tiendaonline\/#website\"},\"primaryImageOfPage\":{\"@id\":\"https:\/\/adl-regalosempresa.com\/tiendaonline\/articulos\/merchandising\/funda-con-llavero-con-16-elementos-de-primeros-auxilios-para-personalizar-con-logo\/#primaryimage\"},\"image\":{\"@id\":\"https:\/\/adl-regalosempresa.com\/tiendaonline\/articulos\/merchandising\/funda-con-llavero-con-16-elementos-de-primeros-auxilios-para-personalizar-con-logo\/#primaryimage\"},\"thumbnailUrl\":\"https:\/\/adl-regalosempresa.com\/tiendaonline\/wp-content\/uploads\/2022\/06\/12200901.jpg\",\"datePublished\":\"2026-03-24T05:13:34+00:00\",\"dateModified\":\"2026-04-18T08:04:20+00:00\",\"description\":\"Art\u00edculo de merchandising Funda con llavero con 16 elementos de primeros auxilios \\\"Valdemar\\\". Pr\u00e1ctica funda de poli\u00e9ster con llavero que contiene 16 elementos de primeros auxilios. El kit contiene un par de tijeras (9 cm), 2 toallitas limpiadoras , 1 venda el\u00e1stica (4 metros x 6 cm), 2 bolas de algod\u00f3n (0,5 g), 3 imperdibles (3,6 cm), 5 tiritas (45x19 mm) y 2 bastoncillos (8 cm). Ideal para viajes, festivales, eventos y otras actividades al aire libre. Adem\u00e1s, cuenta con una amplia zona de decoraci\u00f3n. Un botiqu\u00edn de primeros auxilios se considera un producto sanitario y se rige por la Directiva 93\/42\/CEE, en funci\u00f3n del uso previsto: \u00abDiagn\u00f3stico, prevenci\u00f3n, control, tratamiento o alivio de enfermedades\u00bb. Este dispositivo m\u00e9dico es de Clase I.\",\"breadcrumb\":{\"@id\":\"https:\/\/adl-regalosempresa.com\/tiendaonline\/articulos\/merchandising\/funda-con-llavero-con-16-elementos-de-primeros-auxilios-para-personalizar-con-logo\/#breadcrumb\"},\"inLanguage\":\"es\",\"potentialAction\":[{\"@type\":\"ReadAction\",\"target\":[\"https:\/\/adl-regalosempresa.com\/tiendaonline\/articulos\/merchandising\/funda-con-llavero-con-16-elementos-de-primeros-auxilios-para-personalizar-con-logo\/\"]}]},{\"@type\":\"ImageObject\",\"inLanguage\":\"es\",\"@id\":\"https:\/\/adl-regalosempresa.com\/tiendaonline\/articulos\/merchandising\/funda-con-llavero-con-16-elementos-de-primeros-auxilios-para-personalizar-con-logo\/#primaryimage\",\"url\":\"https:\/\/adl-regalosempresa.com\/tiendaonline\/wp-content\/uploads\/2022\/06\/12200901.jpg\",\"contentUrl\":\"https:\/\/adl-regalosempresa.com\/tiendaonline\/wp-content\/uploads\/2022\/06\/12200901.jpg\",\"width\":1600,\"height\":1600,\"caption\":\"Funda con llavero con 16 elementos de primeros auxilios \\\"Valdemar\\\"\"},{\"@type\":\"BreadcrumbList\",\"@id\":\"https:\/\/adl-regalosempresa.com\/tiendaonline\/articulos\/merchandising\/funda-con-llavero-con-16-elementos-de-primeros-auxilios-para-personalizar-con-logo\/#breadcrumb\",\"itemListElement\":[{\"@type\":\"ListItem\",\"position\":1,\"name\":\"Portada\",\"item\":\"https:\/\/adl-regalosempresa.com\/tiendaonline\/\"},{\"@type\":\"ListItem\",\"position\":2,\"name\":\"Tienda\",\"item\":\"https:\/\/adl-regalosempresa.com\/tiendaonline\/tienda\/\"},{\"@type\":\"ListItem\",\"position\":3,\"name\":\"Funda con llavero con 16 elementos de primeros auxilios para personalizar con logo\"}]},{\"@type\":\"WebSite\",\"@id\":\"https:\/\/adl-regalosempresa.com\/tiendaonline\/#website\",\"url\":\"https:\/\/adl-regalosempresa.com\/tiendaonline\/\",\"name\":\"ADL Comunicaci\u00f3n\",\"description\":\"Regalos de empresa\",\"publisher\":{\"@id\":\"https:\/\/adl-regalosempresa.com\/tiendaonline\/#organization\"},\"potentialAction\":[{\"@type\":\"SearchAction\",\"target\":{\"@type\":\"EntryPoint\",\"urlTemplate\":\"https:\/\/adl-regalosempresa.com\/tiendaonline\/?s={search_term_string}\"},\"query-input\":{\"@type\":\"PropertyValueSpecification\",\"valueRequired\":true,\"valueName\":\"search_term_string\"}}],\"inLanguage\":\"es\"},{\"@type\":\"Organization\",\"@id\":\"https:\/\/adl-regalosempresa.com\/tiendaonline\/#organization\",\"name\":\"ADL Comunicaci\u00f3n\",\"url\":\"https:\/\/adl-regalosempresa.com\/tiendaonline\/\",\"logo\":{\"@type\":\"ImageObject\",\"inLanguage\":\"es\",\"@id\":\"https:\/\/adl-regalosempresa.com\/tiendaonline\/#\/schema\/logo\/image\/\",\"url\":\"https:\/\/adl-regalosempresa.com\/tiendaonline\/wp-content\/uploads\/2017\/09\/logo-adl-wp.png\",\"contentUrl\":\"https:\/\/adl-regalosempresa.com\/tiendaonline\/wp-content\/uploads\/2017\/09\/logo-adl-wp.png\",\"width\":407,\"height\":185,\"caption\":\"ADL Comunicaci\u00f3n\"},\"image\":{\"@id\":\"https:\/\/adl-regalosempresa.com\/tiendaonline\/#\/schema\/logo\/image\/\"}}]}<\/script>\n<!-- \/ Yoast SEO plugin. -->","yoast_head_json":{"title":"Merchandising Funda con llavero con 16 elementos de primeros auxilios para personalizar con logo - ADL","description":"Art\u00edculo de merchandising Funda con llavero con 16 elementos de primeros auxilios \"Valdemar\". Pr\u00e1ctica funda de poli\u00e9ster con llavero que contiene 16 elementos de primeros auxilios. El kit contiene un par de tijeras (9 cm), 2 toallitas limpiadoras , 1 venda el\u00e1stica (4 metros x 6 cm), 2 bolas de algod\u00f3n (0,5 g), 3 imperdibles (3,6 cm), 5 tiritas (45x19 mm) y 2 bastoncillos (8 cm). Ideal para viajes, festivales, eventos y otras actividades al aire libre. Adem\u00e1s, cuenta con una amplia zona de decoraci\u00f3n. Un botiqu\u00edn de primeros auxilios se considera un producto sanitario y se rige por la Directiva 93\/42\/CEE, en funci\u00f3n del uso previsto: \u00abDiagn\u00f3stico, prevenci\u00f3n, control, tratamiento o alivio de enfermedades\u00bb. Este dispositivo m\u00e9dico es de Clase I.","robots":{"index":"index","follow":"follow","max-snippet":"max-snippet:-1","max-image-preview":"max-image-preview:large","max-video-preview":"max-video-preview:-1"},"canonical":"https:\/\/adl-regalosempresa.com\/tiendaonline\/articulos\/merchandising\/funda-con-llavero-con-16-elementos-de-primeros-auxilios-para-personalizar-con-logo\/","og_locale":"es_ES","og_type":"article","og_title":"Merchandising Funda con llavero con 16 elementos de primeros auxilios para personalizar con logo - ADL","og_description":"Art\u00edculo de merchandising Funda con llavero con 16 elementos de primeros auxilios \"Valdemar\". Pr\u00e1ctica funda de poli\u00e9ster con llavero que contiene 16 elementos de primeros auxilios. El kit contiene un par de tijeras (9 cm), 2 toallitas limpiadoras , 1 venda el\u00e1stica (4 metros x 6 cm), 2 bolas de algod\u00f3n (0,5 g), 3 imperdibles (3,6 cm), 5 tiritas (45x19 mm) y 2 bastoncillos (8 cm). Ideal para viajes, festivales, eventos y otras actividades al aire libre. Adem\u00e1s, cuenta con una amplia zona de decoraci\u00f3n. Un botiqu\u00edn de primeros auxilios se considera un producto sanitario y se rige por la Directiva 93\/42\/CEE, en funci\u00f3n del uso previsto: \u00abDiagn\u00f3stico, prevenci\u00f3n, control, tratamiento o alivio de enfermedades\u00bb. Este dispositivo m\u00e9dico es de Clase I.","og_url":"https:\/\/adl-regalosempresa.com\/tiendaonline\/articulos\/merchandising\/funda-con-llavero-con-16-elementos-de-primeros-auxilios-para-personalizar-con-logo\/","og_site_name":"ADL Comunicaci\u00f3n","article_modified_time":"2026-04-18T08:04:20+00:00","og_image":[{"width":1600,"height":1600,"url":"https:\/\/adl-regalosempresa.com\/tiendaonline\/wp-content\/uploads\/2022\/06\/12200901.jpg","type":"image\/jpeg"}],"twitter_card":"summary_large_image","twitter_title":"Merchandising Funda con llavero con 16 elementos de primeros auxilios para personalizar con logo - ADL","twitter_misc":{"Tiempo de lectura":"1 minuto"},"schema":{"@context":"https:\/\/schema.org","@graph":[{"@type":"WebPage","@id":"https:\/\/adl-regalosempresa.com\/tiendaonline\/articulos\/merchandising\/funda-con-llavero-con-16-elementos-de-primeros-auxilios-para-personalizar-con-logo\/","url":"https:\/\/adl-regalosempresa.com\/tiendaonline\/articulos\/merchandising\/funda-con-llavero-con-16-elementos-de-primeros-auxilios-para-personalizar-con-logo\/","name":"Merchandising Funda con llavero con 16 elementos de primeros auxilios para personalizar con logo - ADL","isPartOf":{"@id":"https:\/\/adl-regalosempresa.com\/tiendaonline\/#website"},"primaryImageOfPage":{"@id":"https:\/\/adl-regalosempresa.com\/tiendaonline\/articulos\/merchandising\/funda-con-llavero-con-16-elementos-de-primeros-auxilios-para-personalizar-con-logo\/#primaryimage"},"image":{"@id":"https:\/\/adl-regalosempresa.com\/tiendaonline\/articulos\/merchandising\/funda-con-llavero-con-16-elementos-de-primeros-auxilios-para-personalizar-con-logo\/#primaryimage"},"thumbnailUrl":"https:\/\/adl-regalosempresa.com\/tiendaonline\/wp-content\/uploads\/2022\/06\/12200901.jpg","datePublished":"2026-03-24T05:13:34+00:00","dateModified":"2026-04-18T08:04:20+00:00","description":"Art\u00edculo de merchandising Funda con llavero con 16 elementos de primeros auxilios \"Valdemar\". Pr\u00e1ctica funda de poli\u00e9ster con llavero que contiene 16 elementos de primeros auxilios. El kit contiene un par de tijeras (9 cm), 2 toallitas limpiadoras , 1 venda el\u00e1stica (4 metros x 6 cm), 2 bolas de algod\u00f3n (0,5 g), 3 imperdibles (3,6 cm), 5 tiritas (45x19 mm) y 2 bastoncillos (8 cm). Ideal para viajes, festivales, eventos y otras actividades al aire libre. Adem\u00e1s, cuenta con una amplia zona de decoraci\u00f3n. Un botiqu\u00edn de primeros auxilios se considera un producto sanitario y se rige por la Directiva 93\/42\/CEE, en funci\u00f3n del uso previsto: \u00abDiagn\u00f3stico, prevenci\u00f3n, control, tratamiento o alivio de enfermedades\u00bb. Este dispositivo m\u00e9dico es de Clase I.","breadcrumb":{"@id":"https:\/\/adl-regalosempresa.com\/tiendaonline\/articulos\/merchandising\/funda-con-llavero-con-16-elementos-de-primeros-auxilios-para-personalizar-con-logo\/#breadcrumb"},"inLanguage":"es","potentialAction":[{"@type":"ReadAction","target":["https:\/\/adl-regalosempresa.com\/tiendaonline\/articulos\/merchandising\/funda-con-llavero-con-16-elementos-de-primeros-auxilios-para-personalizar-con-logo\/"]}]},{"@type":"ImageObject","inLanguage":"es","@id":"https:\/\/adl-regalosempresa.com\/tiendaonline\/articulos\/merchandising\/funda-con-llavero-con-16-elementos-de-primeros-auxilios-para-personalizar-con-logo\/#primaryimage","url":"https:\/\/adl-regalosempresa.com\/tiendaonline\/wp-content\/uploads\/2022\/06\/12200901.jpg","contentUrl":"https:\/\/adl-regalosempresa.com\/tiendaonline\/wp-content\/uploads\/2022\/06\/12200901.jpg","width":1600,"height":1600,"caption":"Funda con llavero con 16 elementos de primeros auxilios \"Valdemar\""},{"@type":"BreadcrumbList","@id":"https:\/\/adl-regalosempresa.com\/tiendaonline\/articulos\/merchandising\/funda-con-llavero-con-16-elementos-de-primeros-auxilios-para-personalizar-con-logo\/#breadcrumb","itemListElement":[{"@type":"ListItem","position":1,"name":"Portada","item":"https:\/\/adl-regalosempresa.com\/tiendaonline\/"},{"@type":"ListItem","position":2,"name":"Tienda","item":"https:\/\/adl-regalosempresa.com\/tiendaonline\/tienda\/"},{"@type":"ListItem","position":3,"name":"Funda con llavero con 16 elementos de primeros auxilios para personalizar con logo"}]},{"@type":"WebSite","@id":"https:\/\/adl-regalosempresa.com\/tiendaonline\/#website","url":"https:\/\/adl-regalosempresa.com\/tiendaonline\/","name":"ADL Comunicaci\u00f3n","description":"Regalos de empresa","publisher":{"@id":"https:\/\/adl-regalosempresa.com\/tiendaonline\/#organization"},"potentialAction":[{"@type":"SearchAction","target":{"@type":"EntryPoint","urlTemplate":"https:\/\/adl-regalosempresa.com\/tiendaonline\/?s={search_term_string}"},"query-input":{"@type":"PropertyValueSpecification","valueRequired":true,"valueName":"search_term_string"}}],"inLanguage":"es"},{"@type":"Organization","@id":"https:\/\/adl-regalosempresa.com\/tiendaonline\/#organization","name":"ADL Comunicaci\u00f3n","url":"https:\/\/adl-regalosempresa.com\/tiendaonline\/","logo":{"@type":"ImageObject","inLanguage":"es","@id":"https:\/\/adl-regalosempresa.com\/tiendaonline\/#\/schema\/logo\/image\/","url":"https:\/\/adl-regalosempresa.com\/tiendaonline\/wp-content\/uploads\/2017\/09\/logo-adl-wp.png","contentUrl":"https:\/\/adl-regalosempresa.com\/tiendaonline\/wp-content\/uploads\/2017\/09\/logo-adl-wp.png","width":407,"height":185,"caption":"ADL Comunicaci\u00f3n"},"image":{"@id":"https:\/\/adl-regalosempresa.com\/tiendaonline\/#\/schema\/logo\/image\/"}}]}},"_links":{"self":[{"href":"https:\/\/adl-regalosempresa.com\/tiendaonline\/wp-json\/wp\/v2\/product\/92442","targetHints":{"allow":["GET"]}}],"collection":[{"href":"https:\/\/adl-regalosempresa.com\/tiendaonline\/wp-json\/wp\/v2\/product"}],"about":[{"href":"https:\/\/adl-regalosempresa.com\/tiendaonline\/wp-json\/wp\/v2\/types\/product"}],"wp:featuredmedia":[{"embeddable":true,"href":"https:\/\/adl-regalosempresa.com\/tiendaonline\/wp-json\/wp\/v2\/media\/92444"}],"wp:attachment":[{"href":"https:\/\/adl-regalosempresa.com\/tiendaonline\/wp-json\/wp\/v2\/media?parent=92442"}],"wp:term":[{"taxonomy":"product_brand","embeddable":true,"href":"https:\/\/adl-regalosempresa.com\/tiendaonline\/wp-json\/wp\/v2\/product_brand?post=92442"},{"taxonomy":"product_cat","embeddable":true,"href":"https:\/\/adl-regalosempresa.com\/tiendaonline\/wp-json\/wp\/v2\/product_cat?post=92442"},{"taxonomy":"product_tag","embeddable":true,"href":"https:\/\/adl-regalosempresa.com\/tiendaonline\/wp-json\/wp\/v2\/product_tag?post=92442"}],"curies":[{"name":"wp","href":"https:\/\/api.w.org\/{rel}","templated":true}]}}