{"id":92427,"date":"2026-04-09T04:06:56","date_gmt":"2026-04-09T04:06:56","guid":{"rendered":"https:\/\/adl-regalosempresa.com\/tiendaonline\/articulos\/merchandising\/bolsa-impermeable-con-30-elementos-de-primeros-auxilios-para-personalizar\/"},"modified":"2026-04-18T08:04:20","modified_gmt":"2026-04-18T08:04:20","slug":"bolsa-impermeable-con-30-elementos-de-primeros-auxilios-para-personalizar-con-logo","status":"publish","type":"product","link":"https:\/\/adl-regalosempresa.com\/tiendaonline\/articulos\/merchandising\/bolsa-impermeable-con-30-elementos-de-primeros-auxilios-para-personalizar-con-logo\/","title":{"rendered":"Bolsa impermeable con 30 elementos de primeros auxilios  para personalizar con logo"},"content":{"rendered":"<p>Bolsa impermeable de lona resistente y duradera con 30 elementos de primeros auxilios. El kit contiene un par de tijeras (9 cm), 1 venda el\u00e1stica (4 metros x 6 cm), 2 toallitas secas (5&#215;5 cm), 6 toallitas limpiadoras, 1 venda triangular (136x96x96 cm), 1 cinta adhesiva (1,25 cm x 5 metros), 1 par de guantes (5,5 g), 3 bastoncillos de algod\u00f3n (8 cm), 2 imperdibles (3,6 cm) y 12 tiritas (7,2&#215;1,9 cm). El cierre con hebilla de pl\u00e1stico garantiza que el contenido se mantiene seco y seguro. Ideal para deportes acu\u00e1ticos y otras actividades al aire libre. Los botiquines de primeros auxilios permiten tratar heridas de forma sencilla para reducir lesiones secundarias. Un botiqu\u00edn de primeros auxilios se considera un producto sanitario y se rige por la Directiva 93\/42\/CEE, en funci\u00f3n del uso previsto: \u00abDiagn\u00f3stico, prevenci\u00f3n, control, tratamiento o alivio de enfermedades\u00bb. Este dispositivo m\u00e9dico es de Clase I.<\/p>\n","protected":false},"excerpt":{"rendered":"<p><strong>Descuentos por cantidades<\/strong><br \/>&#8211; a partir de 100 unidades: 11,49 \u20ac\/ud<br \/>&#8211; a partir de 250 unidades: 11,49 \u20ac\/ud<br \/>&#8211; a partir de 1000 unidades: 11,27 \u20ac\/ud<\/p>\n<p>Para cantidades superiores a las aqu\u00ed indicadas, no dudes en ponerte en contacto con nuestro departamento comercial o <a href='https:\/\/adl-regalosempresa.com\/tiendaonline\/solicitud-presupuesto\/'>pedirnos presupuesto personalizado<\/a>, ajustaremos el presupuesto a tus necesidades.<\/p>\n","protected":false},"featured_media":92429,"template":"","meta":{"_kad_post_transparent":"","_kad_post_title":"","_kad_post_layout":"","_kad_post_sidebar_id":"","_kad_post_content_style":"","_kad_post_vertical_padding":"","_kad_post_feature":"","_kad_post_feature_position":"","_kad_post_header":false,"_kad_post_footer":false,"_kad_post_classname":""},"product_brand":[],"product_cat":[4130,4129],"product_tag":[],"class_list":{"0":"post-92427","1":"product","2":"type-product","3":"status-publish","4":"has-post-thumbnail","6":"product_cat-kits-de-primeros-auxilios","7":"product_cat-salud-y-cuidado-personal","8":"pa_alto-28-cm","9":"pa_color-blanco","10":"pa_color-negro-intenso","11":"pa_color-rojo","12":"pa_color-simple-negro-intenso","13":"pa_color-simple-rojo","14":"pa_diametro-12-cm","15":"pa_marca-unbranded","16":"pa_material-tarpaulin","17":"pa_peso-148-gr","19":"first","20":"instock","21":"taxable","22":"shipping-taxable","23":"purchasable","24":"product-type-variable","25":"entry","26":"content-bg","27":"loop-entry"},"yoast_head":"<!-- This site is optimized with the Yoast SEO plugin v26.3 - https:\/\/yoast.com\/wordpress\/plugins\/seo\/ -->\n<title>Merchandising Bolsa impermeable con 30 elementos de primeros auxilios para personalizar con logo - ADL<\/title>\n<meta name=\"description\" content=\"Art\u00edculo de merchandising Bolsa impermeable con 30 elementos de primeros auxilios &quot;Alexander&quot;. Bolsa impermeable de lona resistente y duradera con 30 elementos de primeros auxilios. El kit contiene un par de tijeras (9 cm), 1 venda el\u00e1stica (4 metros x 6 cm), 2 toallitas secas (5x5 cm), 6 toallitas limpiadoras, 1 venda triangular (136x96x96 cm), 1 cinta adhesiva (1,25 cm x 5 metros), 1 par de guantes (5,5 g), 3 bastoncillos de algod\u00f3n (8 cm), 2 imperdibles (3,6 cm) y 12 tiritas (7,2x1,9 cm). El cierre con hebilla de pl\u00e1stico garantiza que el contenido se mantiene seco y seguro. Ideal para deportes acu\u00e1ticos y otras actividades al aire libre. Los botiquines de primeros auxilios permiten tratar heridas de forma sencilla para reducir lesiones secundarias. Un botiqu\u00edn de primeros auxilios se considera un producto sanitario y se rige por la Directiva 93\/42\/CEE, en funci\u00f3n del uso previsto: \u00abDiagn\u00f3stico, prevenci\u00f3n, control, tratamiento o alivio de enfermedades\u00bb. Este dispositivo m\u00e9dico es de Clase I.\" \/>\n<meta name=\"robots\" content=\"index, follow, max-snippet:-1, max-image-preview:large, max-video-preview:-1\" \/>\n<link rel=\"canonical\" href=\"https:\/\/adl-regalosempresa.com\/tiendaonline\/articulos\/merchandising\/bolsa-impermeable-con-30-elementos-de-primeros-auxilios-para-personalizar-con-logo\/\" \/>\n<meta property=\"og:locale\" content=\"es_ES\" \/>\n<meta property=\"og:type\" content=\"article\" \/>\n<meta property=\"og:title\" content=\"Merchandising Bolsa impermeable con 30 elementos de primeros auxilios para personalizar con logo - ADL\" \/>\n<meta property=\"og:description\" content=\"Art\u00edculo de merchandising Bolsa impermeable con 30 elementos de primeros auxilios &quot;Alexander&quot;. Bolsa impermeable de lona resistente y duradera con 30 elementos de primeros auxilios. El kit contiene un par de tijeras (9 cm), 1 venda el\u00e1stica (4 metros x 6 cm), 2 toallitas secas (5x5 cm), 6 toallitas limpiadoras, 1 venda triangular (136x96x96 cm), 1 cinta adhesiva (1,25 cm x 5 metros), 1 par de guantes (5,5 g), 3 bastoncillos de algod\u00f3n (8 cm), 2 imperdibles (3,6 cm) y 12 tiritas (7,2x1,9 cm). El cierre con hebilla de pl\u00e1stico garantiza que el contenido se mantiene seco y seguro. Ideal para deportes acu\u00e1ticos y otras actividades al aire libre. Los botiquines de primeros auxilios permiten tratar heridas de forma sencilla para reducir lesiones secundarias. Un botiqu\u00edn de primeros auxilios se considera un producto sanitario y se rige por la Directiva 93\/42\/CEE, en funci\u00f3n del uso previsto: \u00abDiagn\u00f3stico, prevenci\u00f3n, control, tratamiento o alivio de enfermedades\u00bb. Este dispositivo m\u00e9dico es de Clase I.\" \/>\n<meta property=\"og:url\" content=\"https:\/\/adl-regalosempresa.com\/tiendaonline\/articulos\/merchandising\/bolsa-impermeable-con-30-elementos-de-primeros-auxilios-para-personalizar-con-logo\/\" \/>\n<meta property=\"og:site_name\" content=\"ADL Comunicaci\u00f3n\" \/>\n<meta property=\"article:modified_time\" content=\"2026-04-18T08:04:20+00:00\" \/>\n<meta property=\"og:image\" content=\"https:\/\/adl-regalosempresa.com\/tiendaonline\/wp-content\/uploads\/2022\/06\/12200601.jpg\" \/>\n\t<meta property=\"og:image:width\" content=\"1600\" \/>\n\t<meta property=\"og:image:height\" content=\"1600\" \/>\n\t<meta property=\"og:image:type\" content=\"image\/jpeg\" \/>\n<meta name=\"twitter:card\" content=\"summary_large_image\" \/>\n<meta name=\"twitter:title\" content=\"Merchandising Bolsa impermeable con 30 elementos de primeros auxilios para personalizar con logo - ADL\" \/>\n<meta name=\"twitter:label1\" content=\"Tiempo de lectura\" \/>\n\t<meta name=\"twitter:data1\" content=\"1 minuto\" \/>\n<script type=\"application\/ld+json\" class=\"yoast-schema-graph\">{\"@context\":\"https:\/\/schema.org\",\"@graph\":[{\"@type\":\"WebPage\",\"@id\":\"https:\/\/adl-regalosempresa.com\/tiendaonline\/articulos\/merchandising\/bolsa-impermeable-con-30-elementos-de-primeros-auxilios-para-personalizar-con-logo\/\",\"url\":\"https:\/\/adl-regalosempresa.com\/tiendaonline\/articulos\/merchandising\/bolsa-impermeable-con-30-elementos-de-primeros-auxilios-para-personalizar-con-logo\/\",\"name\":\"Merchandising Bolsa impermeable con 30 elementos de primeros auxilios para personalizar con logo - ADL\",\"isPartOf\":{\"@id\":\"https:\/\/adl-regalosempresa.com\/tiendaonline\/#website\"},\"primaryImageOfPage\":{\"@id\":\"https:\/\/adl-regalosempresa.com\/tiendaonline\/articulos\/merchandising\/bolsa-impermeable-con-30-elementos-de-primeros-auxilios-para-personalizar-con-logo\/#primaryimage\"},\"image\":{\"@id\":\"https:\/\/adl-regalosempresa.com\/tiendaonline\/articulos\/merchandising\/bolsa-impermeable-con-30-elementos-de-primeros-auxilios-para-personalizar-con-logo\/#primaryimage\"},\"thumbnailUrl\":\"https:\/\/adl-regalosempresa.com\/tiendaonline\/wp-content\/uploads\/2022\/06\/12200601.jpg\",\"datePublished\":\"2026-04-09T04:06:56+00:00\",\"dateModified\":\"2026-04-18T08:04:20+00:00\",\"description\":\"Art\u00edculo de merchandising Bolsa impermeable con 30 elementos de primeros auxilios \\\"Alexander\\\". Bolsa impermeable de lona resistente y duradera con 30 elementos de primeros auxilios. El kit contiene un par de tijeras (9 cm), 1 venda el\u00e1stica (4 metros x 6 cm), 2 toallitas secas (5x5 cm), 6 toallitas limpiadoras, 1 venda triangular (136x96x96 cm), 1 cinta adhesiva (1,25 cm x 5 metros), 1 par de guantes (5,5 g), 3 bastoncillos de algod\u00f3n (8 cm), 2 imperdibles (3,6 cm) y 12 tiritas (7,2x1,9 cm). El cierre con hebilla de pl\u00e1stico garantiza que el contenido se mantiene seco y seguro. Ideal para deportes acu\u00e1ticos y otras actividades al aire libre. Los botiquines de primeros auxilios permiten tratar heridas de forma sencilla para reducir lesiones secundarias. Un botiqu\u00edn de primeros auxilios se considera un producto sanitario y se rige por la Directiva 93\/42\/CEE, en funci\u00f3n del uso previsto: \u00abDiagn\u00f3stico, prevenci\u00f3n, control, tratamiento o alivio de enfermedades\u00bb. Este dispositivo m\u00e9dico es de Clase I.\",\"breadcrumb\":{\"@id\":\"https:\/\/adl-regalosempresa.com\/tiendaonline\/articulos\/merchandising\/bolsa-impermeable-con-30-elementos-de-primeros-auxilios-para-personalizar-con-logo\/#breadcrumb\"},\"inLanguage\":\"es\",\"potentialAction\":[{\"@type\":\"ReadAction\",\"target\":[\"https:\/\/adl-regalosempresa.com\/tiendaonline\/articulos\/merchandising\/bolsa-impermeable-con-30-elementos-de-primeros-auxilios-para-personalizar-con-logo\/\"]}]},{\"@type\":\"ImageObject\",\"inLanguage\":\"es\",\"@id\":\"https:\/\/adl-regalosempresa.com\/tiendaonline\/articulos\/merchandising\/bolsa-impermeable-con-30-elementos-de-primeros-auxilios-para-personalizar-con-logo\/#primaryimage\",\"url\":\"https:\/\/adl-regalosempresa.com\/tiendaonline\/wp-content\/uploads\/2022\/06\/12200601.jpg\",\"contentUrl\":\"https:\/\/adl-regalosempresa.com\/tiendaonline\/wp-content\/uploads\/2022\/06\/12200601.jpg\",\"width\":1600,\"height\":1600,\"caption\":\"Bolsa impermeable con 30 elementos de primeros auxilios \\\"Alexander\\\"\"},{\"@type\":\"BreadcrumbList\",\"@id\":\"https:\/\/adl-regalosempresa.com\/tiendaonline\/articulos\/merchandising\/bolsa-impermeable-con-30-elementos-de-primeros-auxilios-para-personalizar-con-logo\/#breadcrumb\",\"itemListElement\":[{\"@type\":\"ListItem\",\"position\":1,\"name\":\"Portada\",\"item\":\"https:\/\/adl-regalosempresa.com\/tiendaonline\/\"},{\"@type\":\"ListItem\",\"position\":2,\"name\":\"Tienda\",\"item\":\"https:\/\/adl-regalosempresa.com\/tiendaonline\/tienda\/\"},{\"@type\":\"ListItem\",\"position\":3,\"name\":\"Bolsa impermeable con 30 elementos de primeros auxilios para personalizar con logo\"}]},{\"@type\":\"WebSite\",\"@id\":\"https:\/\/adl-regalosempresa.com\/tiendaonline\/#website\",\"url\":\"https:\/\/adl-regalosempresa.com\/tiendaonline\/\",\"name\":\"ADL Comunicaci\u00f3n\",\"description\":\"Regalos de empresa\",\"publisher\":{\"@id\":\"https:\/\/adl-regalosempresa.com\/tiendaonline\/#organization\"},\"potentialAction\":[{\"@type\":\"SearchAction\",\"target\":{\"@type\":\"EntryPoint\",\"urlTemplate\":\"https:\/\/adl-regalosempresa.com\/tiendaonline\/?s={search_term_string}\"},\"query-input\":{\"@type\":\"PropertyValueSpecification\",\"valueRequired\":true,\"valueName\":\"search_term_string\"}}],\"inLanguage\":\"es\"},{\"@type\":\"Organization\",\"@id\":\"https:\/\/adl-regalosempresa.com\/tiendaonline\/#organization\",\"name\":\"ADL Comunicaci\u00f3n\",\"url\":\"https:\/\/adl-regalosempresa.com\/tiendaonline\/\",\"logo\":{\"@type\":\"ImageObject\",\"inLanguage\":\"es\",\"@id\":\"https:\/\/adl-regalosempresa.com\/tiendaonline\/#\/schema\/logo\/image\/\",\"url\":\"https:\/\/adl-regalosempresa.com\/tiendaonline\/wp-content\/uploads\/2017\/09\/logo-adl-wp.png\",\"contentUrl\":\"https:\/\/adl-regalosempresa.com\/tiendaonline\/wp-content\/uploads\/2017\/09\/logo-adl-wp.png\",\"width\":407,\"height\":185,\"caption\":\"ADL Comunicaci\u00f3n\"},\"image\":{\"@id\":\"https:\/\/adl-regalosempresa.com\/tiendaonline\/#\/schema\/logo\/image\/\"}}]}<\/script>\n<!-- \/ Yoast SEO plugin. -->","yoast_head_json":{"title":"Merchandising Bolsa impermeable con 30 elementos de primeros auxilios para personalizar con logo - ADL","description":"Art\u00edculo de merchandising Bolsa impermeable con 30 elementos de primeros auxilios \"Alexander\". Bolsa impermeable de lona resistente y duradera con 30 elementos de primeros auxilios. El kit contiene un par de tijeras (9 cm), 1 venda el\u00e1stica (4 metros x 6 cm), 2 toallitas secas (5x5 cm), 6 toallitas limpiadoras, 1 venda triangular (136x96x96 cm), 1 cinta adhesiva (1,25 cm x 5 metros), 1 par de guantes (5,5 g), 3 bastoncillos de algod\u00f3n (8 cm), 2 imperdibles (3,6 cm) y 12 tiritas (7,2x1,9 cm). El cierre con hebilla de pl\u00e1stico garantiza que el contenido se mantiene seco y seguro. Ideal para deportes acu\u00e1ticos y otras actividades al aire libre. Los botiquines de primeros auxilios permiten tratar heridas de forma sencilla para reducir lesiones secundarias. Un botiqu\u00edn de primeros auxilios se considera un producto sanitario y se rige por la Directiva 93\/42\/CEE, en funci\u00f3n del uso previsto: \u00abDiagn\u00f3stico, prevenci\u00f3n, control, tratamiento o alivio de enfermedades\u00bb. Este dispositivo m\u00e9dico es de Clase I.","robots":{"index":"index","follow":"follow","max-snippet":"max-snippet:-1","max-image-preview":"max-image-preview:large","max-video-preview":"max-video-preview:-1"},"canonical":"https:\/\/adl-regalosempresa.com\/tiendaonline\/articulos\/merchandising\/bolsa-impermeable-con-30-elementos-de-primeros-auxilios-para-personalizar-con-logo\/","og_locale":"es_ES","og_type":"article","og_title":"Merchandising Bolsa impermeable con 30 elementos de primeros auxilios para personalizar con logo - ADL","og_description":"Art\u00edculo de merchandising Bolsa impermeable con 30 elementos de primeros auxilios \"Alexander\". Bolsa impermeable de lona resistente y duradera con 30 elementos de primeros auxilios. El kit contiene un par de tijeras (9 cm), 1 venda el\u00e1stica (4 metros x 6 cm), 2 toallitas secas (5x5 cm), 6 toallitas limpiadoras, 1 venda triangular (136x96x96 cm), 1 cinta adhesiva (1,25 cm x 5 metros), 1 par de guantes (5,5 g), 3 bastoncillos de algod\u00f3n (8 cm), 2 imperdibles (3,6 cm) y 12 tiritas (7,2x1,9 cm). El cierre con hebilla de pl\u00e1stico garantiza que el contenido se mantiene seco y seguro. Ideal para deportes acu\u00e1ticos y otras actividades al aire libre. Los botiquines de primeros auxilios permiten tratar heridas de forma sencilla para reducir lesiones secundarias. Un botiqu\u00edn de primeros auxilios se considera un producto sanitario y se rige por la Directiva 93\/42\/CEE, en funci\u00f3n del uso previsto: \u00abDiagn\u00f3stico, prevenci\u00f3n, control, tratamiento o alivio de enfermedades\u00bb. Este dispositivo m\u00e9dico es de Clase I.","og_url":"https:\/\/adl-regalosempresa.com\/tiendaonline\/articulos\/merchandising\/bolsa-impermeable-con-30-elementos-de-primeros-auxilios-para-personalizar-con-logo\/","og_site_name":"ADL Comunicaci\u00f3n","article_modified_time":"2026-04-18T08:04:20+00:00","og_image":[{"width":1600,"height":1600,"url":"https:\/\/adl-regalosempresa.com\/tiendaonline\/wp-content\/uploads\/2022\/06\/12200601.jpg","type":"image\/jpeg"}],"twitter_card":"summary_large_image","twitter_title":"Merchandising Bolsa impermeable con 30 elementos de primeros auxilios para personalizar con logo - ADL","twitter_misc":{"Tiempo de lectura":"1 minuto"},"schema":{"@context":"https:\/\/schema.org","@graph":[{"@type":"WebPage","@id":"https:\/\/adl-regalosempresa.com\/tiendaonline\/articulos\/merchandising\/bolsa-impermeable-con-30-elementos-de-primeros-auxilios-para-personalizar-con-logo\/","url":"https:\/\/adl-regalosempresa.com\/tiendaonline\/articulos\/merchandising\/bolsa-impermeable-con-30-elementos-de-primeros-auxilios-para-personalizar-con-logo\/","name":"Merchandising Bolsa impermeable con 30 elementos de primeros auxilios para personalizar con logo - ADL","isPartOf":{"@id":"https:\/\/adl-regalosempresa.com\/tiendaonline\/#website"},"primaryImageOfPage":{"@id":"https:\/\/adl-regalosempresa.com\/tiendaonline\/articulos\/merchandising\/bolsa-impermeable-con-30-elementos-de-primeros-auxilios-para-personalizar-con-logo\/#primaryimage"},"image":{"@id":"https:\/\/adl-regalosempresa.com\/tiendaonline\/articulos\/merchandising\/bolsa-impermeable-con-30-elementos-de-primeros-auxilios-para-personalizar-con-logo\/#primaryimage"},"thumbnailUrl":"https:\/\/adl-regalosempresa.com\/tiendaonline\/wp-content\/uploads\/2022\/06\/12200601.jpg","datePublished":"2026-04-09T04:06:56+00:00","dateModified":"2026-04-18T08:04:20+00:00","description":"Art\u00edculo de merchandising Bolsa impermeable con 30 elementos de primeros auxilios \"Alexander\". Bolsa impermeable de lona resistente y duradera con 30 elementos de primeros auxilios. El kit contiene un par de tijeras (9 cm), 1 venda el\u00e1stica (4 metros x 6 cm), 2 toallitas secas (5x5 cm), 6 toallitas limpiadoras, 1 venda triangular (136x96x96 cm), 1 cinta adhesiva (1,25 cm x 5 metros), 1 par de guantes (5,5 g), 3 bastoncillos de algod\u00f3n (8 cm), 2 imperdibles (3,6 cm) y 12 tiritas (7,2x1,9 cm). El cierre con hebilla de pl\u00e1stico garantiza que el contenido se mantiene seco y seguro. Ideal para deportes acu\u00e1ticos y otras actividades al aire libre. Los botiquines de primeros auxilios permiten tratar heridas de forma sencilla para reducir lesiones secundarias. Un botiqu\u00edn de primeros auxilios se considera un producto sanitario y se rige por la Directiva 93\/42\/CEE, en funci\u00f3n del uso previsto: \u00abDiagn\u00f3stico, prevenci\u00f3n, control, tratamiento o alivio de enfermedades\u00bb. Este dispositivo m\u00e9dico es de Clase I.","breadcrumb":{"@id":"https:\/\/adl-regalosempresa.com\/tiendaonline\/articulos\/merchandising\/bolsa-impermeable-con-30-elementos-de-primeros-auxilios-para-personalizar-con-logo\/#breadcrumb"},"inLanguage":"es","potentialAction":[{"@type":"ReadAction","target":["https:\/\/adl-regalosempresa.com\/tiendaonline\/articulos\/merchandising\/bolsa-impermeable-con-30-elementos-de-primeros-auxilios-para-personalizar-con-logo\/"]}]},{"@type":"ImageObject","inLanguage":"es","@id":"https:\/\/adl-regalosempresa.com\/tiendaonline\/articulos\/merchandising\/bolsa-impermeable-con-30-elementos-de-primeros-auxilios-para-personalizar-con-logo\/#primaryimage","url":"https:\/\/adl-regalosempresa.com\/tiendaonline\/wp-content\/uploads\/2022\/06\/12200601.jpg","contentUrl":"https:\/\/adl-regalosempresa.com\/tiendaonline\/wp-content\/uploads\/2022\/06\/12200601.jpg","width":1600,"height":1600,"caption":"Bolsa impermeable con 30 elementos de primeros auxilios \"Alexander\""},{"@type":"BreadcrumbList","@id":"https:\/\/adl-regalosempresa.com\/tiendaonline\/articulos\/merchandising\/bolsa-impermeable-con-30-elementos-de-primeros-auxilios-para-personalizar-con-logo\/#breadcrumb","itemListElement":[{"@type":"ListItem","position":1,"name":"Portada","item":"https:\/\/adl-regalosempresa.com\/tiendaonline\/"},{"@type":"ListItem","position":2,"name":"Tienda","item":"https:\/\/adl-regalosempresa.com\/tiendaonline\/tienda\/"},{"@type":"ListItem","position":3,"name":"Bolsa impermeable con 30 elementos de primeros auxilios para personalizar con logo"}]},{"@type":"WebSite","@id":"https:\/\/adl-regalosempresa.com\/tiendaonline\/#website","url":"https:\/\/adl-regalosempresa.com\/tiendaonline\/","name":"ADL Comunicaci\u00f3n","description":"Regalos de empresa","publisher":{"@id":"https:\/\/adl-regalosempresa.com\/tiendaonline\/#organization"},"potentialAction":[{"@type":"SearchAction","target":{"@type":"EntryPoint","urlTemplate":"https:\/\/adl-regalosempresa.com\/tiendaonline\/?s={search_term_string}"},"query-input":{"@type":"PropertyValueSpecification","valueRequired":true,"valueName":"search_term_string"}}],"inLanguage":"es"},{"@type":"Organization","@id":"https:\/\/adl-regalosempresa.com\/tiendaonline\/#organization","name":"ADL Comunicaci\u00f3n","url":"https:\/\/adl-regalosempresa.com\/tiendaonline\/","logo":{"@type":"ImageObject","inLanguage":"es","@id":"https:\/\/adl-regalosempresa.com\/tiendaonline\/#\/schema\/logo\/image\/","url":"https:\/\/adl-regalosempresa.com\/tiendaonline\/wp-content\/uploads\/2017\/09\/logo-adl-wp.png","contentUrl":"https:\/\/adl-regalosempresa.com\/tiendaonline\/wp-content\/uploads\/2017\/09\/logo-adl-wp.png","width":407,"height":185,"caption":"ADL Comunicaci\u00f3n"},"image":{"@id":"https:\/\/adl-regalosempresa.com\/tiendaonline\/#\/schema\/logo\/image\/"}}]}},"_links":{"self":[{"href":"https:\/\/adl-regalosempresa.com\/tiendaonline\/wp-json\/wp\/v2\/product\/92427","targetHints":{"allow":["GET"]}}],"collection":[{"href":"https:\/\/adl-regalosempresa.com\/tiendaonline\/wp-json\/wp\/v2\/product"}],"about":[{"href":"https:\/\/adl-regalosempresa.com\/tiendaonline\/wp-json\/wp\/v2\/types\/product"}],"wp:featuredmedia":[{"embeddable":true,"href":"https:\/\/adl-regalosempresa.com\/tiendaonline\/wp-json\/wp\/v2\/media\/92429"}],"wp:attachment":[{"href":"https:\/\/adl-regalosempresa.com\/tiendaonline\/wp-json\/wp\/v2\/media?parent=92427"}],"wp:term":[{"taxonomy":"product_brand","embeddable":true,"href":"https:\/\/adl-regalosempresa.com\/tiendaonline\/wp-json\/wp\/v2\/product_brand?post=92427"},{"taxonomy":"product_cat","embeddable":true,"href":"https:\/\/adl-regalosempresa.com\/tiendaonline\/wp-json\/wp\/v2\/product_cat?post=92427"},{"taxonomy":"product_tag","embeddable":true,"href":"https:\/\/adl-regalosempresa.com\/tiendaonline\/wp-json\/wp\/v2\/product_tag?post=92427"}],"curies":[{"name":"wp","href":"https:\/\/api.w.org\/{rel}","templated":true}]}}