{"id":92347,"date":"2026-03-24T05:13:34","date_gmt":"2026-03-24T05:13:34","guid":{"rendered":"https:\/\/adl-regalosempresa.com\/tiendaonline\/articulos\/merchandising\/mochila-de-negocios-para-portatil-de-156-para-personalizar\/"},"modified":"2026-04-21T08:04:12","modified_gmt":"2026-04-21T08:04:12","slug":"mochila-de-negocios-para-portatil-de-156-para-personalizar-con-logo","status":"publish","type":"product","link":"https:\/\/adl-regalosempresa.com\/tiendaonline\/articulos\/merchandising\/mochila-de-negocios-para-portatil-de-156-para-personalizar-con-logo\/","title":{"rendered":"Mochila de negocios para port\u00e1til de 15,6&#8243; para personalizar con logo"},"content":{"rendered":"<p>Mochila para port\u00e1til con dise\u00f1o jaspeado en el panel frontal y color negro en la parte inferior y el panel posterior. Cuenta con un gran compartimento principal con cremallera y una funda acolchada para port\u00e1til de 15,6&#8243;, as\u00ed como con un compartimento frontal con cremallera para un acceso r\u00e1pido a los dispositivos m\u00f3viles. Incluye puerto USB con cable USB-A con 1 conector macho y 1 conector hembra. C\u00f3modas correas acolchadas para los hombros, asa de agarre y un bolsillo de malla para la botella de agua. Puede haber peque\u00f1as variaciones en el color del producto real debido a la naturaleza de los tintes, tejidos y estampados de la tela.<\/p>\n","protected":false},"excerpt":{"rendered":"<p><strong>Descuentos por cantidades<\/strong><br \/>&#8211; a partir de 100 unidades: 11,93 \u20ac\/ud<br \/>&#8211; a partir de 250 unidades: 11,58 \u20ac\/ud<br \/>&#8211; a partir de 1000 unidades: 11,34 \u20ac\/ud<\/p>\n<p>Para cantidades superiores a las aqu\u00ed indicadas, no dudes en ponerte en contacto con nuestro departamento comercial o <a href='https:\/\/adl-regalosempresa.com\/tiendaonline\/solicitud-presupuesto\/'>pedirnos presupuesto personalizado<\/a>, ajustaremos el presupuesto a tus necesidades.<\/p>\n","protected":false},"featured_media":92349,"template":"","meta":{"_kad_post_transparent":"","_kad_post_title":"","_kad_post_layout":"","_kad_post_sidebar_id":"","_kad_post_content_style":"","_kad_post_vertical_padding":"","_kad_post_feature":"","_kad_post_feature_position":"","_kad_post_header":false,"_kad_post_footer":false,"_kad_post_classname":""},"product_brand":[],"product_cat":[3526,4844],"product_tag":[],"class_list":{"0":"post-92347","1":"product","2":"type-product","3":"status-publish","4":"has-post-thumbnail","6":"product_cat-bolsas","7":"product_cat-mochilas-para-portatiles","8":"pa_alto-44-cm","9":"pa_ancho-14-cm","10":"pa_color-azul-jaspeado","11":"pa_color-gris-medio-jaspeado","12":"pa_color-rojo-oscuro-mezcla","13":"pa_color-simple-azul","14":"pa_color-simple-gris","15":"pa_largo-33-cm","16":"pa_marca-unbranded","17":"pa_material-300d-poliester-600d-poliester","18":"pa_peso-400-gr","20":"first","21":"instock","22":"taxable","23":"shipping-taxable","24":"purchasable","25":"product-type-variable","26":"entry","27":"content-bg","28":"loop-entry"},"yoast_head":"<!-- This site is optimized with the Yoast SEO plugin v26.3 - https:\/\/yoast.com\/wordpress\/plugins\/seo\/ -->\n<title>Merchandising Mochila de negocios para port\u00e1til de 15,6&quot; para personalizar con logo - ADL<\/title>\n<meta name=\"description\" content=\"Art\u00edculo de merchandising Mochila de negocios para port\u00e1til de 15,6&quot; 16L &quot;Hoss&quot;. Mochila para port\u00e1til con dise\u00f1o jaspeado en el panel frontal y color negro en la parte inferior y el panel posterior. Cuenta con un gran compartimento principal con cremallera y una funda acolchada para port\u00e1til de 15,6&quot;, as\u00ed como con un compartimento frontal con cremallera para un acceso r\u00e1pido a los dispositivos m\u00f3viles. Incluye puerto USB con cable USB-A con 1 conector macho y 1 conector hembra. C\u00f3modas correas acolchadas para los hombros, asa de agarre y un bolsillo de malla para la botella de agua. Puede haber peque\u00f1as variaciones en el color del producto real debido a la naturaleza de los tintes, tejidos y estampados de la tela.\" \/>\n<meta name=\"robots\" content=\"index, follow, max-snippet:-1, max-image-preview:large, max-video-preview:-1\" \/>\n<link rel=\"canonical\" href=\"https:\/\/adl-regalosempresa.com\/tiendaonline\/articulos\/merchandising\/mochila-de-negocios-para-portatil-de-156-para-personalizar-con-logo\/\" \/>\n<meta property=\"og:locale\" content=\"es_ES\" \/>\n<meta property=\"og:type\" content=\"article\" \/>\n<meta property=\"og:title\" content=\"Merchandising Mochila de negocios para port\u00e1til de 15,6&quot; para personalizar con logo - ADL\" \/>\n<meta property=\"og:description\" content=\"Art\u00edculo de merchandising Mochila de negocios para port\u00e1til de 15,6&quot; 16L &quot;Hoss&quot;. Mochila para port\u00e1til con dise\u00f1o jaspeado en el panel frontal y color negro en la parte inferior y el panel posterior. Cuenta con un gran compartimento principal con cremallera y una funda acolchada para port\u00e1til de 15,6&quot;, as\u00ed como con un compartimento frontal con cremallera para un acceso r\u00e1pido a los dispositivos m\u00f3viles. Incluye puerto USB con cable USB-A con 1 conector macho y 1 conector hembra. C\u00f3modas correas acolchadas para los hombros, asa de agarre y un bolsillo de malla para la botella de agua. Puede haber peque\u00f1as variaciones en el color del producto real debido a la naturaleza de los tintes, tejidos y estampados de la tela.\" \/>\n<meta property=\"og:url\" content=\"https:\/\/adl-regalosempresa.com\/tiendaonline\/articulos\/merchandising\/mochila-de-negocios-para-portatil-de-156-para-personalizar-con-logo\/\" \/>\n<meta property=\"og:site_name\" content=\"ADL Comunicaci\u00f3n\" \/>\n<meta property=\"article:modified_time\" content=\"2026-04-21T08:04:12+00:00\" \/>\n<meta property=\"og:image\" content=\"https:\/\/adl-regalosempresa.com\/tiendaonline\/wp-content\/uploads\/2022\/06\/12051102.jpg\" \/>\n\t<meta property=\"og:image:width\" content=\"1600\" \/>\n\t<meta property=\"og:image:height\" content=\"1600\" \/>\n\t<meta property=\"og:image:type\" content=\"image\/jpeg\" \/>\n<meta name=\"twitter:card\" content=\"summary_large_image\" \/>\n<meta name=\"twitter:title\" content=\"Merchandising Mochila de negocios para port\u00e1til de 15,6&quot; para personalizar con logo - ADL\" \/>\n<meta name=\"twitter:label1\" content=\"Tiempo de lectura\" \/>\n\t<meta name=\"twitter:data1\" content=\"1 minuto\" \/>\n<script type=\"application\/ld+json\" class=\"yoast-schema-graph\">{\"@context\":\"https:\/\/schema.org\",\"@graph\":[{\"@type\":\"WebPage\",\"@id\":\"https:\/\/adl-regalosempresa.com\/tiendaonline\/articulos\/merchandising\/mochila-de-negocios-para-portatil-de-156-para-personalizar-con-logo\/\",\"url\":\"https:\/\/adl-regalosempresa.com\/tiendaonline\/articulos\/merchandising\/mochila-de-negocios-para-portatil-de-156-para-personalizar-con-logo\/\",\"name\":\"Merchandising Mochila de negocios para port\u00e1til de 15,6\\\" para personalizar con logo - ADL\",\"isPartOf\":{\"@id\":\"https:\/\/adl-regalosempresa.com\/tiendaonline\/#website\"},\"primaryImageOfPage\":{\"@id\":\"https:\/\/adl-regalosempresa.com\/tiendaonline\/articulos\/merchandising\/mochila-de-negocios-para-portatil-de-156-para-personalizar-con-logo\/#primaryimage\"},\"image\":{\"@id\":\"https:\/\/adl-regalosempresa.com\/tiendaonline\/articulos\/merchandising\/mochila-de-negocios-para-portatil-de-156-para-personalizar-con-logo\/#primaryimage\"},\"thumbnailUrl\":\"https:\/\/adl-regalosempresa.com\/tiendaonline\/wp-content\/uploads\/2022\/06\/12051102.jpg\",\"datePublished\":\"2026-03-24T05:13:34+00:00\",\"dateModified\":\"2026-04-21T08:04:12+00:00\",\"description\":\"Art\u00edculo de merchandising Mochila de negocios para port\u00e1til de 15,6\\\" 16L \\\"Hoss\\\". Mochila para port\u00e1til con dise\u00f1o jaspeado en el panel frontal y color negro en la parte inferior y el panel posterior. Cuenta con un gran compartimento principal con cremallera y una funda acolchada para port\u00e1til de 15,6\\\", as\u00ed como con un compartimento frontal con cremallera para un acceso r\u00e1pido a los dispositivos m\u00f3viles. Incluye puerto USB con cable USB-A con 1 conector macho y 1 conector hembra. C\u00f3modas correas acolchadas para los hombros, asa de agarre y un bolsillo de malla para la botella de agua. Puede haber peque\u00f1as variaciones en el color del producto real debido a la naturaleza de los tintes, tejidos y estampados de la tela.\",\"breadcrumb\":{\"@id\":\"https:\/\/adl-regalosempresa.com\/tiendaonline\/articulos\/merchandising\/mochila-de-negocios-para-portatil-de-156-para-personalizar-con-logo\/#breadcrumb\"},\"inLanguage\":\"es\",\"potentialAction\":[{\"@type\":\"ReadAction\",\"target\":[\"https:\/\/adl-regalosempresa.com\/tiendaonline\/articulos\/merchandising\/mochila-de-negocios-para-portatil-de-156-para-personalizar-con-logo\/\"]}]},{\"@type\":\"ImageObject\",\"inLanguage\":\"es\",\"@id\":\"https:\/\/adl-regalosempresa.com\/tiendaonline\/articulos\/merchandising\/mochila-de-negocios-para-portatil-de-156-para-personalizar-con-logo\/#primaryimage\",\"url\":\"https:\/\/adl-regalosempresa.com\/tiendaonline\/wp-content\/uploads\/2022\/06\/12051102.jpg\",\"contentUrl\":\"https:\/\/adl-regalosempresa.com\/tiendaonline\/wp-content\/uploads\/2022\/06\/12051102.jpg\",\"width\":1600,\"height\":1600,\"caption\":\"Mochila de negocios para port\u00e1til de 15\"},{\"@type\":\"BreadcrumbList\",\"@id\":\"https:\/\/adl-regalosempresa.com\/tiendaonline\/articulos\/merchandising\/mochila-de-negocios-para-portatil-de-156-para-personalizar-con-logo\/#breadcrumb\",\"itemListElement\":[{\"@type\":\"ListItem\",\"position\":1,\"name\":\"Portada\",\"item\":\"https:\/\/adl-regalosempresa.com\/tiendaonline\/\"},{\"@type\":\"ListItem\",\"position\":2,\"name\":\"Tienda\",\"item\":\"https:\/\/adl-regalosempresa.com\/tiendaonline\/tienda\/\"},{\"@type\":\"ListItem\",\"position\":3,\"name\":\"Mochila de negocios para port\u00e1til de 15,6&#8243; para personalizar con logo\"}]},{\"@type\":\"WebSite\",\"@id\":\"https:\/\/adl-regalosempresa.com\/tiendaonline\/#website\",\"url\":\"https:\/\/adl-regalosempresa.com\/tiendaonline\/\",\"name\":\"ADL Comunicaci\u00f3n\",\"description\":\"Regalos de empresa\",\"publisher\":{\"@id\":\"https:\/\/adl-regalosempresa.com\/tiendaonline\/#organization\"},\"potentialAction\":[{\"@type\":\"SearchAction\",\"target\":{\"@type\":\"EntryPoint\",\"urlTemplate\":\"https:\/\/adl-regalosempresa.com\/tiendaonline\/?s={search_term_string}\"},\"query-input\":{\"@type\":\"PropertyValueSpecification\",\"valueRequired\":true,\"valueName\":\"search_term_string\"}}],\"inLanguage\":\"es\"},{\"@type\":\"Organization\",\"@id\":\"https:\/\/adl-regalosempresa.com\/tiendaonline\/#organization\",\"name\":\"ADL Comunicaci\u00f3n\",\"url\":\"https:\/\/adl-regalosempresa.com\/tiendaonline\/\",\"logo\":{\"@type\":\"ImageObject\",\"inLanguage\":\"es\",\"@id\":\"https:\/\/adl-regalosempresa.com\/tiendaonline\/#\/schema\/logo\/image\/\",\"url\":\"https:\/\/adl-regalosempresa.com\/tiendaonline\/wp-content\/uploads\/2017\/09\/logo-adl-wp.png\",\"contentUrl\":\"https:\/\/adl-regalosempresa.com\/tiendaonline\/wp-content\/uploads\/2017\/09\/logo-adl-wp.png\",\"width\":407,\"height\":185,\"caption\":\"ADL Comunicaci\u00f3n\"},\"image\":{\"@id\":\"https:\/\/adl-regalosempresa.com\/tiendaonline\/#\/schema\/logo\/image\/\"}}]}<\/script>\n<!-- \/ Yoast SEO plugin. -->","yoast_head_json":{"title":"Merchandising Mochila de negocios para port\u00e1til de 15,6\" para personalizar con logo - ADL","description":"Art\u00edculo de merchandising Mochila de negocios para port\u00e1til de 15,6\" 16L \"Hoss\". Mochila para port\u00e1til con dise\u00f1o jaspeado en el panel frontal y color negro en la parte inferior y el panel posterior. Cuenta con un gran compartimento principal con cremallera y una funda acolchada para port\u00e1til de 15,6\", as\u00ed como con un compartimento frontal con cremallera para un acceso r\u00e1pido a los dispositivos m\u00f3viles. Incluye puerto USB con cable USB-A con 1 conector macho y 1 conector hembra. C\u00f3modas correas acolchadas para los hombros, asa de agarre y un bolsillo de malla para la botella de agua. Puede haber peque\u00f1as variaciones en el color del producto real debido a la naturaleza de los tintes, tejidos y estampados de la tela.","robots":{"index":"index","follow":"follow","max-snippet":"max-snippet:-1","max-image-preview":"max-image-preview:large","max-video-preview":"max-video-preview:-1"},"canonical":"https:\/\/adl-regalosempresa.com\/tiendaonline\/articulos\/merchandising\/mochila-de-negocios-para-portatil-de-156-para-personalizar-con-logo\/","og_locale":"es_ES","og_type":"article","og_title":"Merchandising Mochila de negocios para port\u00e1til de 15,6\" para personalizar con logo - ADL","og_description":"Art\u00edculo de merchandising Mochila de negocios para port\u00e1til de 15,6\" 16L \"Hoss\". Mochila para port\u00e1til con dise\u00f1o jaspeado en el panel frontal y color negro en la parte inferior y el panel posterior. Cuenta con un gran compartimento principal con cremallera y una funda acolchada para port\u00e1til de 15,6\", as\u00ed como con un compartimento frontal con cremallera para un acceso r\u00e1pido a los dispositivos m\u00f3viles. Incluye puerto USB con cable USB-A con 1 conector macho y 1 conector hembra. C\u00f3modas correas acolchadas para los hombros, asa de agarre y un bolsillo de malla para la botella de agua. Puede haber peque\u00f1as variaciones en el color del producto real debido a la naturaleza de los tintes, tejidos y estampados de la tela.","og_url":"https:\/\/adl-regalosempresa.com\/tiendaonline\/articulos\/merchandising\/mochila-de-negocios-para-portatil-de-156-para-personalizar-con-logo\/","og_site_name":"ADL Comunicaci\u00f3n","article_modified_time":"2026-04-21T08:04:12+00:00","og_image":[{"width":1600,"height":1600,"url":"https:\/\/adl-regalosempresa.com\/tiendaonline\/wp-content\/uploads\/2022\/06\/12051102.jpg","type":"image\/jpeg"}],"twitter_card":"summary_large_image","twitter_title":"Merchandising Mochila de negocios para port\u00e1til de 15,6\" para personalizar con logo - ADL","twitter_misc":{"Tiempo de lectura":"1 minuto"},"schema":{"@context":"https:\/\/schema.org","@graph":[{"@type":"WebPage","@id":"https:\/\/adl-regalosempresa.com\/tiendaonline\/articulos\/merchandising\/mochila-de-negocios-para-portatil-de-156-para-personalizar-con-logo\/","url":"https:\/\/adl-regalosempresa.com\/tiendaonline\/articulos\/merchandising\/mochila-de-negocios-para-portatil-de-156-para-personalizar-con-logo\/","name":"Merchandising Mochila de negocios para port\u00e1til de 15,6\" para personalizar con logo - ADL","isPartOf":{"@id":"https:\/\/adl-regalosempresa.com\/tiendaonline\/#website"},"primaryImageOfPage":{"@id":"https:\/\/adl-regalosempresa.com\/tiendaonline\/articulos\/merchandising\/mochila-de-negocios-para-portatil-de-156-para-personalizar-con-logo\/#primaryimage"},"image":{"@id":"https:\/\/adl-regalosempresa.com\/tiendaonline\/articulos\/merchandising\/mochila-de-negocios-para-portatil-de-156-para-personalizar-con-logo\/#primaryimage"},"thumbnailUrl":"https:\/\/adl-regalosempresa.com\/tiendaonline\/wp-content\/uploads\/2022\/06\/12051102.jpg","datePublished":"2026-03-24T05:13:34+00:00","dateModified":"2026-04-21T08:04:12+00:00","description":"Art\u00edculo de merchandising Mochila de negocios para port\u00e1til de 15,6\" 16L \"Hoss\". Mochila para port\u00e1til con dise\u00f1o jaspeado en el panel frontal y color negro en la parte inferior y el panel posterior. Cuenta con un gran compartimento principal con cremallera y una funda acolchada para port\u00e1til de 15,6\", as\u00ed como con un compartimento frontal con cremallera para un acceso r\u00e1pido a los dispositivos m\u00f3viles. Incluye puerto USB con cable USB-A con 1 conector macho y 1 conector hembra. C\u00f3modas correas acolchadas para los hombros, asa de agarre y un bolsillo de malla para la botella de agua. Puede haber peque\u00f1as variaciones en el color del producto real debido a la naturaleza de los tintes, tejidos y estampados de la tela.","breadcrumb":{"@id":"https:\/\/adl-regalosempresa.com\/tiendaonline\/articulos\/merchandising\/mochila-de-negocios-para-portatil-de-156-para-personalizar-con-logo\/#breadcrumb"},"inLanguage":"es","potentialAction":[{"@type":"ReadAction","target":["https:\/\/adl-regalosempresa.com\/tiendaonline\/articulos\/merchandising\/mochila-de-negocios-para-portatil-de-156-para-personalizar-con-logo\/"]}]},{"@type":"ImageObject","inLanguage":"es","@id":"https:\/\/adl-regalosempresa.com\/tiendaonline\/articulos\/merchandising\/mochila-de-negocios-para-portatil-de-156-para-personalizar-con-logo\/#primaryimage","url":"https:\/\/adl-regalosempresa.com\/tiendaonline\/wp-content\/uploads\/2022\/06\/12051102.jpg","contentUrl":"https:\/\/adl-regalosempresa.com\/tiendaonline\/wp-content\/uploads\/2022\/06\/12051102.jpg","width":1600,"height":1600,"caption":"Mochila de negocios para port\u00e1til de 15"},{"@type":"BreadcrumbList","@id":"https:\/\/adl-regalosempresa.com\/tiendaonline\/articulos\/merchandising\/mochila-de-negocios-para-portatil-de-156-para-personalizar-con-logo\/#breadcrumb","itemListElement":[{"@type":"ListItem","position":1,"name":"Portada","item":"https:\/\/adl-regalosempresa.com\/tiendaonline\/"},{"@type":"ListItem","position":2,"name":"Tienda","item":"https:\/\/adl-regalosempresa.com\/tiendaonline\/tienda\/"},{"@type":"ListItem","position":3,"name":"Mochila de negocios para port\u00e1til de 15,6&#8243; para personalizar con logo"}]},{"@type":"WebSite","@id":"https:\/\/adl-regalosempresa.com\/tiendaonline\/#website","url":"https:\/\/adl-regalosempresa.com\/tiendaonline\/","name":"ADL Comunicaci\u00f3n","description":"Regalos de empresa","publisher":{"@id":"https:\/\/adl-regalosempresa.com\/tiendaonline\/#organization"},"potentialAction":[{"@type":"SearchAction","target":{"@type":"EntryPoint","urlTemplate":"https:\/\/adl-regalosempresa.com\/tiendaonline\/?s={search_term_string}"},"query-input":{"@type":"PropertyValueSpecification","valueRequired":true,"valueName":"search_term_string"}}],"inLanguage":"es"},{"@type":"Organization","@id":"https:\/\/adl-regalosempresa.com\/tiendaonline\/#organization","name":"ADL Comunicaci\u00f3n","url":"https:\/\/adl-regalosempresa.com\/tiendaonline\/","logo":{"@type":"ImageObject","inLanguage":"es","@id":"https:\/\/adl-regalosempresa.com\/tiendaonline\/#\/schema\/logo\/image\/","url":"https:\/\/adl-regalosempresa.com\/tiendaonline\/wp-content\/uploads\/2017\/09\/logo-adl-wp.png","contentUrl":"https:\/\/adl-regalosempresa.com\/tiendaonline\/wp-content\/uploads\/2017\/09\/logo-adl-wp.png","width":407,"height":185,"caption":"ADL Comunicaci\u00f3n"},"image":{"@id":"https:\/\/adl-regalosempresa.com\/tiendaonline\/#\/schema\/logo\/image\/"}}]}},"_links":{"self":[{"href":"https:\/\/adl-regalosempresa.com\/tiendaonline\/wp-json\/wp\/v2\/product\/92347","targetHints":{"allow":["GET"]}}],"collection":[{"href":"https:\/\/adl-regalosempresa.com\/tiendaonline\/wp-json\/wp\/v2\/product"}],"about":[{"href":"https:\/\/adl-regalosempresa.com\/tiendaonline\/wp-json\/wp\/v2\/types\/product"}],"wp:featuredmedia":[{"embeddable":true,"href":"https:\/\/adl-regalosempresa.com\/tiendaonline\/wp-json\/wp\/v2\/media\/92349"}],"wp:attachment":[{"href":"https:\/\/adl-regalosempresa.com\/tiendaonline\/wp-json\/wp\/v2\/media?parent=92347"}],"wp:term":[{"taxonomy":"product_brand","embeddable":true,"href":"https:\/\/adl-regalosempresa.com\/tiendaonline\/wp-json\/wp\/v2\/product_brand?post=92347"},{"taxonomy":"product_cat","embeddable":true,"href":"https:\/\/adl-regalosempresa.com\/tiendaonline\/wp-json\/wp\/v2\/product_cat?post=92347"},{"taxonomy":"product_tag","embeddable":true,"href":"https:\/\/adl-regalosempresa.com\/tiendaonline\/wp-json\/wp\/v2\/product_tag?post=92347"}],"curies":[{"name":"wp","href":"https:\/\/api.w.org\/{rel}","templated":true}]}}