{"id":92006,"date":"2026-03-24T05:13:34","date_gmt":"2026-03-24T05:13:34","guid":{"rendered":"https:\/\/adl-regalosempresa.com\/tiendaonline\/articulos\/merchandising\/mochila-para-portatil-de-15-para-personalizar-16\/"},"modified":"2026-04-14T08:14:11","modified_gmt":"2026-04-14T08:14:11","slug":"case-logic-mochila-para-portatil-de-15-para-personalizar-con-logo","status":"publish","type":"product","link":"https:\/\/adl-regalosempresa.com\/tiendaonline\/articulos\/merchandising\/case-logic-mochila-para-portatil-de-15-para-personalizar-con-logo\/","title":{"rendered":"Case Logic mochila para port\u00e1til de 15&#8243; para personalizar con logo"},"content":{"rendered":"<p>Mochila profesional para port\u00e1til, perfecta para aquellos que buscan un dise\u00f1o equilibrado entre comodidad y estilo. El espacioso compartimento principal incluye un espacio acolchado grueso para un port\u00e1til de hasta 15&#8243; y un bolsillo especial para una tablet de 10,5&#8243;. Hay un compartimento adicional para el almacenamiento de fuentes de alimentaci\u00f3n, as\u00ed como un bolsillo delantero de acceso r\u00e1pido para aparatos electr\u00f3nicos peque\u00f1os. Los dos bolsillos laterales permiten un f\u00e1cil acceso a las botellas de agua o a los art\u00edculos de viaje. La correa trasera para equipaje sujeta la bolsa de forma segura a la mayor\u00eda de las maletas con ruedas. El material jaspeado, los puntos de contacto de cobre y los detalles de corte crean un aspecto profesional y moderno.<\/p>\n","protected":false},"excerpt":{"rendered":"<p><strong>Descuentos por cantidades<\/strong><br \/>&#8211; a partir de 25 unidades: 63,92 \u20ac\/ud<br \/>&#8211; a partir de 50 unidades: 62,65 \u20ac\/ud<br \/>&#8211; a partir de 100 unidades: 62,02 \u20ac\/ud<\/p>\n<p>Para cantidades superiores a las aqu\u00ed indicadas, no dudes en ponerte en contacto con nuestro departamento comercial o <a href='https:\/\/adl-regalosempresa.com\/tiendaonline\/solicitud-presupuesto\/'>pedirnos presupuesto personalizado<\/a>, ajustaremos el presupuesto a tus necesidades.<\/p>\n","protected":false},"featured_media":92008,"template":"","meta":{"_kad_post_transparent":"","_kad_post_title":"","_kad_post_layout":"","_kad_post_sidebar_id":"","_kad_post_content_style":"","_kad_post_vertical_padding":"","_kad_post_feature":"","_kad_post_feature_position":"","_kad_post_header":false,"_kad_post_footer":false,"_kad_post_classname":""},"product_brand":[],"product_cat":[3526,4844],"product_tag":[],"class_list":{"0":"post-92006","1":"product","2":"type-product","3":"status-publish","4":"has-post-thumbnail","6":"product_cat-bolsas","7":"product_cat-mochilas-para-portatiles","8":"pa_alto-43-cm","9":"pa_ancho-23-cm","10":"pa_color-gris-mezcla","11":"pa_color-simple-gris","12":"pa_largo-28-cm","13":"pa_marca-case-logic","14":"pa_material-600d-lona-polycanvas","15":"pa_peso-510-gr","17":"first","18":"instock","19":"taxable","20":"shipping-taxable","21":"purchasable","22":"product-type-variable","23":"entry","24":"content-bg","25":"loop-entry"},"yoast_head":"<!-- This site is optimized with the Yoast SEO plugin v26.3 - https:\/\/yoast.com\/wordpress\/plugins\/seo\/ -->\n<title>Merchandising Case Logic mochila para port\u00e1til de 15&quot; para personalizar con logo - ADL<\/title>\n<meta name=\"description\" content=\"Art\u00edculo de merchandising Case Logic mochila para port\u00e1til de 15&quot; 23L &quot;Era&quot;. Mochila profesional para port\u00e1til, perfecta para aquellos que buscan un dise\u00f1o equilibrado entre comodidad y estilo. El espacioso compartimento principal incluye un espacio acolchado grueso para un port\u00e1til de hasta 15&quot; y un bolsillo especial para una tablet de 10,5&quot;. Hay un compartimento adicional para el almacenamiento de fuentes de alimentaci\u00f3n, as\u00ed como un bolsillo delantero de acceso r\u00e1pido para aparatos electr\u00f3nicos peque\u00f1os. Los dos bolsillos laterales permiten un f\u00e1cil acceso a las botellas de agua o a los art\u00edculos de viaje. La correa trasera para equipaje sujeta la bolsa de forma segura a la mayor\u00eda de las maletas con ruedas. El material jaspeado, los puntos de contacto de cobre y los detalles de corte crean un aspecto profesional y moderno.\" \/>\n<meta name=\"robots\" content=\"index, follow, max-snippet:-1, max-image-preview:large, max-video-preview:-1\" \/>\n<link rel=\"canonical\" href=\"https:\/\/adl-regalosempresa.com\/tiendaonline\/articulos\/merchandising\/case-logic-mochila-para-portatil-de-15-para-personalizar-con-logo\/\" \/>\n<meta property=\"og:locale\" content=\"es_ES\" \/>\n<meta property=\"og:type\" content=\"article\" \/>\n<meta property=\"og:title\" content=\"Merchandising Case Logic mochila para port\u00e1til de 15&quot; para personalizar con logo - ADL\" \/>\n<meta property=\"og:description\" content=\"Art\u00edculo de merchandising Case Logic mochila para port\u00e1til de 15&quot; 23L &quot;Era&quot;. Mochila profesional para port\u00e1til, perfecta para aquellos que buscan un dise\u00f1o equilibrado entre comodidad y estilo. El espacioso compartimento principal incluye un espacio acolchado grueso para un port\u00e1til de hasta 15&quot; y un bolsillo especial para una tablet de 10,5&quot;. Hay un compartimento adicional para el almacenamiento de fuentes de alimentaci\u00f3n, as\u00ed como un bolsillo delantero de acceso r\u00e1pido para aparatos electr\u00f3nicos peque\u00f1os. Los dos bolsillos laterales permiten un f\u00e1cil acceso a las botellas de agua o a los art\u00edculos de viaje. La correa trasera para equipaje sujeta la bolsa de forma segura a la mayor\u00eda de las maletas con ruedas. El material jaspeado, los puntos de contacto de cobre y los detalles de corte crean un aspecto profesional y moderno.\" \/>\n<meta property=\"og:url\" content=\"https:\/\/adl-regalosempresa.com\/tiendaonline\/articulos\/merchandising\/case-logic-mochila-para-portatil-de-15-para-personalizar-con-logo\/\" \/>\n<meta property=\"og:site_name\" content=\"ADL Comunicaci\u00f3n\" \/>\n<meta property=\"article:modified_time\" content=\"2026-04-14T08:14:11+00:00\" \/>\n<meta property=\"og:image\" content=\"https:\/\/adl-regalosempresa.com\/tiendaonline\/wp-content\/uploads\/2022\/06\/12045200.jpg\" \/>\n\t<meta property=\"og:image:width\" content=\"1600\" \/>\n\t<meta property=\"og:image:height\" content=\"1600\" \/>\n\t<meta property=\"og:image:type\" content=\"image\/jpeg\" \/>\n<meta name=\"twitter:card\" content=\"summary_large_image\" \/>\n<meta name=\"twitter:title\" content=\"Merchandising Case Logic mochila para port\u00e1til de 15&quot; para personalizar con logo - ADL\" \/>\n<meta name=\"twitter:label1\" content=\"Tiempo de lectura\" \/>\n\t<meta name=\"twitter:data1\" content=\"1 minuto\" \/>\n<script type=\"application\/ld+json\" class=\"yoast-schema-graph\">{\"@context\":\"https:\/\/schema.org\",\"@graph\":[{\"@type\":\"WebPage\",\"@id\":\"https:\/\/adl-regalosempresa.com\/tiendaonline\/articulos\/merchandising\/case-logic-mochila-para-portatil-de-15-para-personalizar-con-logo\/\",\"url\":\"https:\/\/adl-regalosempresa.com\/tiendaonline\/articulos\/merchandising\/case-logic-mochila-para-portatil-de-15-para-personalizar-con-logo\/\",\"name\":\"Merchandising Case Logic mochila para port\u00e1til de 15\\\" para personalizar con logo - ADL\",\"isPartOf\":{\"@id\":\"https:\/\/adl-regalosempresa.com\/tiendaonline\/#website\"},\"primaryImageOfPage\":{\"@id\":\"https:\/\/adl-regalosempresa.com\/tiendaonline\/articulos\/merchandising\/case-logic-mochila-para-portatil-de-15-para-personalizar-con-logo\/#primaryimage\"},\"image\":{\"@id\":\"https:\/\/adl-regalosempresa.com\/tiendaonline\/articulos\/merchandising\/case-logic-mochila-para-portatil-de-15-para-personalizar-con-logo\/#primaryimage\"},\"thumbnailUrl\":\"https:\/\/adl-regalosempresa.com\/tiendaonline\/wp-content\/uploads\/2022\/06\/12045200.jpg\",\"datePublished\":\"2026-03-24T05:13:34+00:00\",\"dateModified\":\"2026-04-14T08:14:11+00:00\",\"description\":\"Art\u00edculo de merchandising Case Logic mochila para port\u00e1til de 15\\\" 23L \\\"Era\\\". Mochila profesional para port\u00e1til, perfecta para aquellos que buscan un dise\u00f1o equilibrado entre comodidad y estilo. El espacioso compartimento principal incluye un espacio acolchado grueso para un port\u00e1til de hasta 15\\\" y un bolsillo especial para una tablet de 10,5\\\". Hay un compartimento adicional para el almacenamiento de fuentes de alimentaci\u00f3n, as\u00ed como un bolsillo delantero de acceso r\u00e1pido para aparatos electr\u00f3nicos peque\u00f1os. Los dos bolsillos laterales permiten un f\u00e1cil acceso a las botellas de agua o a los art\u00edculos de viaje. La correa trasera para equipaje sujeta la bolsa de forma segura a la mayor\u00eda de las maletas con ruedas. El material jaspeado, los puntos de contacto de cobre y los detalles de corte crean un aspecto profesional y moderno.\",\"breadcrumb\":{\"@id\":\"https:\/\/adl-regalosempresa.com\/tiendaonline\/articulos\/merchandising\/case-logic-mochila-para-portatil-de-15-para-personalizar-con-logo\/#breadcrumb\"},\"inLanguage\":\"es\",\"potentialAction\":[{\"@type\":\"ReadAction\",\"target\":[\"https:\/\/adl-regalosempresa.com\/tiendaonline\/articulos\/merchandising\/case-logic-mochila-para-portatil-de-15-para-personalizar-con-logo\/\"]}]},{\"@type\":\"ImageObject\",\"inLanguage\":\"es\",\"@id\":\"https:\/\/adl-regalosempresa.com\/tiendaonline\/articulos\/merchandising\/case-logic-mochila-para-portatil-de-15-para-personalizar-con-logo\/#primaryimage\",\"url\":\"https:\/\/adl-regalosempresa.com\/tiendaonline\/wp-content\/uploads\/2022\/06\/12045200.jpg\",\"contentUrl\":\"https:\/\/adl-regalosempresa.com\/tiendaonline\/wp-content\/uploads\/2022\/06\/12045200.jpg\",\"width\":1600,\"height\":1600,\"caption\":\"Case Logic mochila para port\u00e1til de 15\\\" 23L \\\"Era\\\"\"},{\"@type\":\"BreadcrumbList\",\"@id\":\"https:\/\/adl-regalosempresa.com\/tiendaonline\/articulos\/merchandising\/case-logic-mochila-para-portatil-de-15-para-personalizar-con-logo\/#breadcrumb\",\"itemListElement\":[{\"@type\":\"ListItem\",\"position\":1,\"name\":\"Portada\",\"item\":\"https:\/\/adl-regalosempresa.com\/tiendaonline\/\"},{\"@type\":\"ListItem\",\"position\":2,\"name\":\"Tienda\",\"item\":\"https:\/\/adl-regalosempresa.com\/tiendaonline\/tienda\/\"},{\"@type\":\"ListItem\",\"position\":3,\"name\":\"Case Logic mochila para port\u00e1til de 15&#8243; para personalizar con logo\"}]},{\"@type\":\"WebSite\",\"@id\":\"https:\/\/adl-regalosempresa.com\/tiendaonline\/#website\",\"url\":\"https:\/\/adl-regalosempresa.com\/tiendaonline\/\",\"name\":\"ADL Comunicaci\u00f3n\",\"description\":\"Regalos de empresa\",\"publisher\":{\"@id\":\"https:\/\/adl-regalosempresa.com\/tiendaonline\/#organization\"},\"potentialAction\":[{\"@type\":\"SearchAction\",\"target\":{\"@type\":\"EntryPoint\",\"urlTemplate\":\"https:\/\/adl-regalosempresa.com\/tiendaonline\/?s={search_term_string}\"},\"query-input\":{\"@type\":\"PropertyValueSpecification\",\"valueRequired\":true,\"valueName\":\"search_term_string\"}}],\"inLanguage\":\"es\"},{\"@type\":\"Organization\",\"@id\":\"https:\/\/adl-regalosempresa.com\/tiendaonline\/#organization\",\"name\":\"ADL Comunicaci\u00f3n\",\"url\":\"https:\/\/adl-regalosempresa.com\/tiendaonline\/\",\"logo\":{\"@type\":\"ImageObject\",\"inLanguage\":\"es\",\"@id\":\"https:\/\/adl-regalosempresa.com\/tiendaonline\/#\/schema\/logo\/image\/\",\"url\":\"https:\/\/adl-regalosempresa.com\/tiendaonline\/wp-content\/uploads\/2017\/09\/logo-adl-wp.png\",\"contentUrl\":\"https:\/\/adl-regalosempresa.com\/tiendaonline\/wp-content\/uploads\/2017\/09\/logo-adl-wp.png\",\"width\":407,\"height\":185,\"caption\":\"ADL Comunicaci\u00f3n\"},\"image\":{\"@id\":\"https:\/\/adl-regalosempresa.com\/tiendaonline\/#\/schema\/logo\/image\/\"}}]}<\/script>\n<!-- \/ Yoast SEO plugin. -->","yoast_head_json":{"title":"Merchandising Case Logic mochila para port\u00e1til de 15\" para personalizar con logo - ADL","description":"Art\u00edculo de merchandising Case Logic mochila para port\u00e1til de 15\" 23L \"Era\". Mochila profesional para port\u00e1til, perfecta para aquellos que buscan un dise\u00f1o equilibrado entre comodidad y estilo. El espacioso compartimento principal incluye un espacio acolchado grueso para un port\u00e1til de hasta 15\" y un bolsillo especial para una tablet de 10,5\". Hay un compartimento adicional para el almacenamiento de fuentes de alimentaci\u00f3n, as\u00ed como un bolsillo delantero de acceso r\u00e1pido para aparatos electr\u00f3nicos peque\u00f1os. Los dos bolsillos laterales permiten un f\u00e1cil acceso a las botellas de agua o a los art\u00edculos de viaje. La correa trasera para equipaje sujeta la bolsa de forma segura a la mayor\u00eda de las maletas con ruedas. El material jaspeado, los puntos de contacto de cobre y los detalles de corte crean un aspecto profesional y moderno.","robots":{"index":"index","follow":"follow","max-snippet":"max-snippet:-1","max-image-preview":"max-image-preview:large","max-video-preview":"max-video-preview:-1"},"canonical":"https:\/\/adl-regalosempresa.com\/tiendaonline\/articulos\/merchandising\/case-logic-mochila-para-portatil-de-15-para-personalizar-con-logo\/","og_locale":"es_ES","og_type":"article","og_title":"Merchandising Case Logic mochila para port\u00e1til de 15\" para personalizar con logo - ADL","og_description":"Art\u00edculo de merchandising Case Logic mochila para port\u00e1til de 15\" 23L \"Era\". Mochila profesional para port\u00e1til, perfecta para aquellos que buscan un dise\u00f1o equilibrado entre comodidad y estilo. El espacioso compartimento principal incluye un espacio acolchado grueso para un port\u00e1til de hasta 15\" y un bolsillo especial para una tablet de 10,5\". Hay un compartimento adicional para el almacenamiento de fuentes de alimentaci\u00f3n, as\u00ed como un bolsillo delantero de acceso r\u00e1pido para aparatos electr\u00f3nicos peque\u00f1os. Los dos bolsillos laterales permiten un f\u00e1cil acceso a las botellas de agua o a los art\u00edculos de viaje. La correa trasera para equipaje sujeta la bolsa de forma segura a la mayor\u00eda de las maletas con ruedas. El material jaspeado, los puntos de contacto de cobre y los detalles de corte crean un aspecto profesional y moderno.","og_url":"https:\/\/adl-regalosempresa.com\/tiendaonline\/articulos\/merchandising\/case-logic-mochila-para-portatil-de-15-para-personalizar-con-logo\/","og_site_name":"ADL Comunicaci\u00f3n","article_modified_time":"2026-04-14T08:14:11+00:00","og_image":[{"width":1600,"height":1600,"url":"https:\/\/adl-regalosempresa.com\/tiendaonline\/wp-content\/uploads\/2022\/06\/12045200.jpg","type":"image\/jpeg"}],"twitter_card":"summary_large_image","twitter_title":"Merchandising Case Logic mochila para port\u00e1til de 15\" para personalizar con logo - ADL","twitter_misc":{"Tiempo de lectura":"1 minuto"},"schema":{"@context":"https:\/\/schema.org","@graph":[{"@type":"WebPage","@id":"https:\/\/adl-regalosempresa.com\/tiendaonline\/articulos\/merchandising\/case-logic-mochila-para-portatil-de-15-para-personalizar-con-logo\/","url":"https:\/\/adl-regalosempresa.com\/tiendaonline\/articulos\/merchandising\/case-logic-mochila-para-portatil-de-15-para-personalizar-con-logo\/","name":"Merchandising Case Logic mochila para port\u00e1til de 15\" para personalizar con logo - ADL","isPartOf":{"@id":"https:\/\/adl-regalosempresa.com\/tiendaonline\/#website"},"primaryImageOfPage":{"@id":"https:\/\/adl-regalosempresa.com\/tiendaonline\/articulos\/merchandising\/case-logic-mochila-para-portatil-de-15-para-personalizar-con-logo\/#primaryimage"},"image":{"@id":"https:\/\/adl-regalosempresa.com\/tiendaonline\/articulos\/merchandising\/case-logic-mochila-para-portatil-de-15-para-personalizar-con-logo\/#primaryimage"},"thumbnailUrl":"https:\/\/adl-regalosempresa.com\/tiendaonline\/wp-content\/uploads\/2022\/06\/12045200.jpg","datePublished":"2026-03-24T05:13:34+00:00","dateModified":"2026-04-14T08:14:11+00:00","description":"Art\u00edculo de merchandising Case Logic mochila para port\u00e1til de 15\" 23L \"Era\". Mochila profesional para port\u00e1til, perfecta para aquellos que buscan un dise\u00f1o equilibrado entre comodidad y estilo. El espacioso compartimento principal incluye un espacio acolchado grueso para un port\u00e1til de hasta 15\" y un bolsillo especial para una tablet de 10,5\". Hay un compartimento adicional para el almacenamiento de fuentes de alimentaci\u00f3n, as\u00ed como un bolsillo delantero de acceso r\u00e1pido para aparatos electr\u00f3nicos peque\u00f1os. Los dos bolsillos laterales permiten un f\u00e1cil acceso a las botellas de agua o a los art\u00edculos de viaje. La correa trasera para equipaje sujeta la bolsa de forma segura a la mayor\u00eda de las maletas con ruedas. El material jaspeado, los puntos de contacto de cobre y los detalles de corte crean un aspecto profesional y moderno.","breadcrumb":{"@id":"https:\/\/adl-regalosempresa.com\/tiendaonline\/articulos\/merchandising\/case-logic-mochila-para-portatil-de-15-para-personalizar-con-logo\/#breadcrumb"},"inLanguage":"es","potentialAction":[{"@type":"ReadAction","target":["https:\/\/adl-regalosempresa.com\/tiendaonline\/articulos\/merchandising\/case-logic-mochila-para-portatil-de-15-para-personalizar-con-logo\/"]}]},{"@type":"ImageObject","inLanguage":"es","@id":"https:\/\/adl-regalosempresa.com\/tiendaonline\/articulos\/merchandising\/case-logic-mochila-para-portatil-de-15-para-personalizar-con-logo\/#primaryimage","url":"https:\/\/adl-regalosempresa.com\/tiendaonline\/wp-content\/uploads\/2022\/06\/12045200.jpg","contentUrl":"https:\/\/adl-regalosempresa.com\/tiendaonline\/wp-content\/uploads\/2022\/06\/12045200.jpg","width":1600,"height":1600,"caption":"Case Logic mochila para port\u00e1til de 15\" 23L \"Era\""},{"@type":"BreadcrumbList","@id":"https:\/\/adl-regalosempresa.com\/tiendaonline\/articulos\/merchandising\/case-logic-mochila-para-portatil-de-15-para-personalizar-con-logo\/#breadcrumb","itemListElement":[{"@type":"ListItem","position":1,"name":"Portada","item":"https:\/\/adl-regalosempresa.com\/tiendaonline\/"},{"@type":"ListItem","position":2,"name":"Tienda","item":"https:\/\/adl-regalosempresa.com\/tiendaonline\/tienda\/"},{"@type":"ListItem","position":3,"name":"Case Logic mochila para port\u00e1til de 15&#8243; para personalizar con logo"}]},{"@type":"WebSite","@id":"https:\/\/adl-regalosempresa.com\/tiendaonline\/#website","url":"https:\/\/adl-regalosempresa.com\/tiendaonline\/","name":"ADL Comunicaci\u00f3n","description":"Regalos de empresa","publisher":{"@id":"https:\/\/adl-regalosempresa.com\/tiendaonline\/#organization"},"potentialAction":[{"@type":"SearchAction","target":{"@type":"EntryPoint","urlTemplate":"https:\/\/adl-regalosempresa.com\/tiendaonline\/?s={search_term_string}"},"query-input":{"@type":"PropertyValueSpecification","valueRequired":true,"valueName":"search_term_string"}}],"inLanguage":"es"},{"@type":"Organization","@id":"https:\/\/adl-regalosempresa.com\/tiendaonline\/#organization","name":"ADL Comunicaci\u00f3n","url":"https:\/\/adl-regalosempresa.com\/tiendaonline\/","logo":{"@type":"ImageObject","inLanguage":"es","@id":"https:\/\/adl-regalosempresa.com\/tiendaonline\/#\/schema\/logo\/image\/","url":"https:\/\/adl-regalosempresa.com\/tiendaonline\/wp-content\/uploads\/2017\/09\/logo-adl-wp.png","contentUrl":"https:\/\/adl-regalosempresa.com\/tiendaonline\/wp-content\/uploads\/2017\/09\/logo-adl-wp.png","width":407,"height":185,"caption":"ADL Comunicaci\u00f3n"},"image":{"@id":"https:\/\/adl-regalosempresa.com\/tiendaonline\/#\/schema\/logo\/image\/"}}]}},"_links":{"self":[{"href":"https:\/\/adl-regalosempresa.com\/tiendaonline\/wp-json\/wp\/v2\/product\/92006","targetHints":{"allow":["GET"]}}],"collection":[{"href":"https:\/\/adl-regalosempresa.com\/tiendaonline\/wp-json\/wp\/v2\/product"}],"about":[{"href":"https:\/\/adl-regalosempresa.com\/tiendaonline\/wp-json\/wp\/v2\/types\/product"}],"wp:featuredmedia":[{"embeddable":true,"href":"https:\/\/adl-regalosempresa.com\/tiendaonline\/wp-json\/wp\/v2\/media\/92008"}],"wp:attachment":[{"href":"https:\/\/adl-regalosempresa.com\/tiendaonline\/wp-json\/wp\/v2\/media?parent=92006"}],"wp:term":[{"taxonomy":"product_brand","embeddable":true,"href":"https:\/\/adl-regalosempresa.com\/tiendaonline\/wp-json\/wp\/v2\/product_brand?post=92006"},{"taxonomy":"product_cat","embeddable":true,"href":"https:\/\/adl-regalosempresa.com\/tiendaonline\/wp-json\/wp\/v2\/product_cat?post=92006"},{"taxonomy":"product_tag","embeddable":true,"href":"https:\/\/adl-regalosempresa.com\/tiendaonline\/wp-json\/wp\/v2\/product_tag?post=92006"}],"curies":[{"name":"wp","href":"https:\/\/api.w.org\/{rel}","templated":true}]}}