{"id":91891,"date":"2026-04-25T04:02:01","date_gmt":"2026-04-25T04:02:01","guid":{"rendered":"https:\/\/adl-regalosempresa.com\/tiendaonline\/articulos\/merchandising\/bolsa-tote-de-algodon-180-g-m%c2%b2-para-personalizar\/"},"modified":"2026-04-26T08:12:12","modified_gmt":"2026-04-26T08:12:12","slug":"bolsa-tote-de-algodon-180-g-m%c2%b2-para-personalizar-con-logo","status":"publish","type":"product","link":"https:\/\/adl-regalosempresa.com\/tiendaonline\/articulos\/merchandising\/bolsa-tote-de-algodon-180-g-m%c2%b2-para-personalizar-con-logo\/","title":{"rendered":"Bolsa Tote de algod\u00f3n 180 g\/m\u00b2  para personalizar con logo"},"content":{"rendered":"<p>Bolsa de algod\u00f3n de 180 g\/m\u00b2, resistente y duradera, con un gran compartimento principal y m\u00e1xima visibilidad para cualquier logotipo. El robusto material de algod\u00f3n la hace adecuada para transportar art\u00edculos m\u00e1s pesados. Las asas tienen 30 cm de longitud, por lo que son lo suficientemente largas como para llevar la bolsa sobre un hombro. Resistencia hasta 5 kg de peso.<\/p>\n","protected":false},"excerpt":{"rendered":"<p><strong>Descuentos por cantidades<\/strong><br \/>&#8211; a partir de 250 unidades: 1,21 \u20ac\/ud<br \/>&#8211; a partir de 500 unidades: 1,21 \u20ac\/ud<br \/>&#8211; a partir de 1000 unidades: 1,19 \u20ac\/ud<\/p>\n<p>Para cantidades superiores a las aqu\u00ed indicadas, no dudes en ponerte en contacto con nuestro departamento comercial o <a href='https:\/\/adl-regalosempresa.com\/tiendaonline\/solicitud-presupuesto\/'>pedirnos presupuesto personalizado<\/a>, ajustaremos el presupuesto a tus necesidades.<\/p>\n","protected":false},"featured_media":91893,"template":"","meta":{"_kad_post_transparent":"","_kad_post_title":"","_kad_post_layout":"","_kad_post_sidebar_id":"","_kad_post_content_style":"","_kad_post_vertical_padding":"","_kad_post_feature":"","_kad_post_feature_position":"","_kad_post_header":false,"_kad_post_footer":false,"_kad_post_classname":""},"product_brand":[],"product_cat":[3526,4821],"product_tag":[],"class_list":{"0":"post-91891","1":"product","2":"type-product","3":"status-publish","4":"has-post-thumbnail","6":"product_cat-bolsas","7":"product_cat-bolsas-de-algodon","8":"pa_alto-42-cm","9":"pa_color-azul-marino","10":"pa_color-azul-real","11":"pa_color-blanco","12":"pa_color-gris","13":"pa_color-naranja","14":"pa_color-natural","15":"pa_color-negro-intenso","16":"pa_color-process-blue","17":"pa_color-rojo","18":"pa_color-verde-lima","19":"pa_color-simple-azul","20":"pa_color-simple-blanco","21":"pa_color-simple-gris","22":"pa_color-simple-naranja","23":"pa_color-simple-natural","24":"pa_color-simple-negro-intenso","25":"pa_color-simple-rojo","26":"pa_color-simple-verde","27":"pa_largo-38-cm","28":"pa_marca-unbranded","29":"pa_material-algodon-180-g-m2","30":"pa_peso-86-gr","32":"first","33":"instock","34":"taxable","35":"shipping-taxable","36":"purchasable","37":"product-type-variable","38":"entry","39":"content-bg","40":"loop-entry"},"yoast_head":"<!-- This site is optimized with the Yoast SEO plugin v26.3 - https:\/\/yoast.com\/wordpress\/plugins\/seo\/ -->\n<title>Merchandising Bolsa Tote de algod\u00f3n 180 g\/m\u00b2 para personalizar con logo - ADL<\/title>\n<meta name=\"description\" content=\"Art\u00edculo de merchandising Bolsa Tote de algod\u00f3n 180 g\/m\u00b2 &quot;Peru&quot;. Bolsa de algod\u00f3n de 180 g\/m\u00b2, resistente y duradera, con un gran compartimento principal y m\u00e1xima visibilidad para cualquier logotipo. El robusto material de algod\u00f3n la hace adecuada para transportar art\u00edculos m\u00e1s pesados. Las asas tienen 30 cm de longitud, por lo que son lo suficientemente largas como para llevar la bolsa sobre un hombro. Resistencia hasta 5 kg de peso.\" \/>\n<meta name=\"robots\" content=\"index, follow, max-snippet:-1, max-image-preview:large, max-video-preview:-1\" \/>\n<link rel=\"canonical\" href=\"https:\/\/adl-regalosempresa.com\/tiendaonline\/articulos\/merchandising\/bolsa-tote-de-algodon-180-g-m\u00b2-para-personalizar-con-logo\/\" \/>\n<meta property=\"og:locale\" content=\"es_ES\" \/>\n<meta property=\"og:type\" content=\"article\" \/>\n<meta property=\"og:title\" content=\"Merchandising Bolsa Tote de algod\u00f3n 180 g\/m\u00b2 para personalizar con logo - ADL\" \/>\n<meta property=\"og:description\" content=\"Art\u00edculo de merchandising Bolsa Tote de algod\u00f3n 180 g\/m\u00b2 &quot;Peru&quot;. Bolsa de algod\u00f3n de 180 g\/m\u00b2, resistente y duradera, con un gran compartimento principal y m\u00e1xima visibilidad para cualquier logotipo. El robusto material de algod\u00f3n la hace adecuada para transportar art\u00edculos m\u00e1s pesados. Las asas tienen 30 cm de longitud, por lo que son lo suficientemente largas como para llevar la bolsa sobre un hombro. Resistencia hasta 5 kg de peso.\" \/>\n<meta property=\"og:url\" content=\"https:\/\/adl-regalosempresa.com\/tiendaonline\/articulos\/merchandising\/bolsa-tote-de-algodon-180-g-m\u00b2-para-personalizar-con-logo\/\" \/>\n<meta property=\"og:site_name\" content=\"ADL Comunicaci\u00f3n\" \/>\n<meta property=\"article:modified_time\" content=\"2026-04-26T08:12:12+00:00\" \/>\n<meta property=\"og:image\" content=\"https:\/\/adl-regalosempresa.com\/tiendaonline\/wp-content\/uploads\/2022\/06\/12033200.jpg\" \/>\n\t<meta property=\"og:image:width\" content=\"1600\" \/>\n\t<meta property=\"og:image:height\" content=\"1600\" \/>\n\t<meta property=\"og:image:type\" content=\"image\/jpeg\" \/>\n<meta name=\"twitter:card\" content=\"summary_large_image\" \/>\n<meta name=\"twitter:title\" content=\"Merchandising Bolsa Tote de algod\u00f3n 180 g\/m\u00b2 para personalizar con logo - ADL\" \/>\n<script type=\"application\/ld+json\" class=\"yoast-schema-graph\">{\"@context\":\"https:\/\/schema.org\",\"@graph\":[{\"@type\":\"WebPage\",\"@id\":\"https:\/\/adl-regalosempresa.com\/tiendaonline\/articulos\/merchandising\/bolsa-tote-de-algodon-180-g-m%c2%b2-para-personalizar-con-logo\/\",\"url\":\"https:\/\/adl-regalosempresa.com\/tiendaonline\/articulos\/merchandising\/bolsa-tote-de-algodon-180-g-m%c2%b2-para-personalizar-con-logo\/\",\"name\":\"Merchandising Bolsa Tote de algod\u00f3n 180 g\/m\u00b2 para personalizar con logo - ADL\",\"isPartOf\":{\"@id\":\"https:\/\/adl-regalosempresa.com\/tiendaonline\/#website\"},\"primaryImageOfPage\":{\"@id\":\"https:\/\/adl-regalosempresa.com\/tiendaonline\/articulos\/merchandising\/bolsa-tote-de-algodon-180-g-m%c2%b2-para-personalizar-con-logo\/#primaryimage\"},\"image\":{\"@id\":\"https:\/\/adl-regalosempresa.com\/tiendaonline\/articulos\/merchandising\/bolsa-tote-de-algodon-180-g-m%c2%b2-para-personalizar-con-logo\/#primaryimage\"},\"thumbnailUrl\":\"https:\/\/adl-regalosempresa.com\/tiendaonline\/wp-content\/uploads\/2022\/06\/12033200.jpg\",\"datePublished\":\"2026-04-25T04:02:01+00:00\",\"dateModified\":\"2026-04-26T08:12:12+00:00\",\"description\":\"Art\u00edculo de merchandising Bolsa Tote de algod\u00f3n 180 g\/m\u00b2 \\\"Peru\\\". Bolsa de algod\u00f3n de 180 g\/m\u00b2, resistente y duradera, con un gran compartimento principal y m\u00e1xima visibilidad para cualquier logotipo. El robusto material de algod\u00f3n la hace adecuada para transportar art\u00edculos m\u00e1s pesados. Las asas tienen 30 cm de longitud, por lo que son lo suficientemente largas como para llevar la bolsa sobre un hombro. Resistencia hasta 5 kg de peso.\",\"breadcrumb\":{\"@id\":\"https:\/\/adl-regalosempresa.com\/tiendaonline\/articulos\/merchandising\/bolsa-tote-de-algodon-180-g-m%c2%b2-para-personalizar-con-logo\/#breadcrumb\"},\"inLanguage\":\"es\",\"potentialAction\":[{\"@type\":\"ReadAction\",\"target\":[\"https:\/\/adl-regalosempresa.com\/tiendaonline\/articulos\/merchandising\/bolsa-tote-de-algodon-180-g-m%c2%b2-para-personalizar-con-logo\/\"]}]},{\"@type\":\"ImageObject\",\"inLanguage\":\"es\",\"@id\":\"https:\/\/adl-regalosempresa.com\/tiendaonline\/articulos\/merchandising\/bolsa-tote-de-algodon-180-g-m%c2%b2-para-personalizar-con-logo\/#primaryimage\",\"url\":\"https:\/\/adl-regalosempresa.com\/tiendaonline\/wp-content\/uploads\/2022\/06\/12033200.jpg\",\"contentUrl\":\"https:\/\/adl-regalosempresa.com\/tiendaonline\/wp-content\/uploads\/2022\/06\/12033200.jpg\",\"width\":1600,\"height\":1600,\"caption\":\"Bolsa Tote de algod\u00f3n 180 g\/m\u00b2 \\\"Peru\\\"\"},{\"@type\":\"BreadcrumbList\",\"@id\":\"https:\/\/adl-regalosempresa.com\/tiendaonline\/articulos\/merchandising\/bolsa-tote-de-algodon-180-g-m%c2%b2-para-personalizar-con-logo\/#breadcrumb\",\"itemListElement\":[{\"@type\":\"ListItem\",\"position\":1,\"name\":\"Portada\",\"item\":\"https:\/\/adl-regalosempresa.com\/tiendaonline\/\"},{\"@type\":\"ListItem\",\"position\":2,\"name\":\"Tienda\",\"item\":\"https:\/\/adl-regalosempresa.com\/tiendaonline\/tienda\/\"},{\"@type\":\"ListItem\",\"position\":3,\"name\":\"Bolsa Tote de algod\u00f3n 180 g\/m\u00b2 para personalizar con logo\"}]},{\"@type\":\"WebSite\",\"@id\":\"https:\/\/adl-regalosempresa.com\/tiendaonline\/#website\",\"url\":\"https:\/\/adl-regalosempresa.com\/tiendaonline\/\",\"name\":\"ADL Comunicaci\u00f3n\",\"description\":\"Regalos de empresa\",\"publisher\":{\"@id\":\"https:\/\/adl-regalosempresa.com\/tiendaonline\/#organization\"},\"potentialAction\":[{\"@type\":\"SearchAction\",\"target\":{\"@type\":\"EntryPoint\",\"urlTemplate\":\"https:\/\/adl-regalosempresa.com\/tiendaonline\/?s={search_term_string}\"},\"query-input\":{\"@type\":\"PropertyValueSpecification\",\"valueRequired\":true,\"valueName\":\"search_term_string\"}}],\"inLanguage\":\"es\"},{\"@type\":\"Organization\",\"@id\":\"https:\/\/adl-regalosempresa.com\/tiendaonline\/#organization\",\"name\":\"ADL Comunicaci\u00f3n\",\"url\":\"https:\/\/adl-regalosempresa.com\/tiendaonline\/\",\"logo\":{\"@type\":\"ImageObject\",\"inLanguage\":\"es\",\"@id\":\"https:\/\/adl-regalosempresa.com\/tiendaonline\/#\/schema\/logo\/image\/\",\"url\":\"https:\/\/adl-regalosempresa.com\/tiendaonline\/wp-content\/uploads\/2017\/09\/logo-adl-wp.png\",\"contentUrl\":\"https:\/\/adl-regalosempresa.com\/tiendaonline\/wp-content\/uploads\/2017\/09\/logo-adl-wp.png\",\"width\":407,\"height\":185,\"caption\":\"ADL Comunicaci\u00f3n\"},\"image\":{\"@id\":\"https:\/\/adl-regalosempresa.com\/tiendaonline\/#\/schema\/logo\/image\/\"}}]}<\/script>\n<!-- \/ Yoast SEO plugin. -->","yoast_head_json":{"title":"Merchandising Bolsa Tote de algod\u00f3n 180 g\/m\u00b2 para personalizar con logo - ADL","description":"Art\u00edculo de merchandising Bolsa Tote de algod\u00f3n 180 g\/m\u00b2 \"Peru\". Bolsa de algod\u00f3n de 180 g\/m\u00b2, resistente y duradera, con un gran compartimento principal y m\u00e1xima visibilidad para cualquier logotipo. El robusto material de algod\u00f3n la hace adecuada para transportar art\u00edculos m\u00e1s pesados. Las asas tienen 30 cm de longitud, por lo que son lo suficientemente largas como para llevar la bolsa sobre un hombro. Resistencia hasta 5 kg de peso.","robots":{"index":"index","follow":"follow","max-snippet":"max-snippet:-1","max-image-preview":"max-image-preview:large","max-video-preview":"max-video-preview:-1"},"canonical":"https:\/\/adl-regalosempresa.com\/tiendaonline\/articulos\/merchandising\/bolsa-tote-de-algodon-180-g-m\u00b2-para-personalizar-con-logo\/","og_locale":"es_ES","og_type":"article","og_title":"Merchandising Bolsa Tote de algod\u00f3n 180 g\/m\u00b2 para personalizar con logo - ADL","og_description":"Art\u00edculo de merchandising Bolsa Tote de algod\u00f3n 180 g\/m\u00b2 \"Peru\". Bolsa de algod\u00f3n de 180 g\/m\u00b2, resistente y duradera, con un gran compartimento principal y m\u00e1xima visibilidad para cualquier logotipo. El robusto material de algod\u00f3n la hace adecuada para transportar art\u00edculos m\u00e1s pesados. Las asas tienen 30 cm de longitud, por lo que son lo suficientemente largas como para llevar la bolsa sobre un hombro. Resistencia hasta 5 kg de peso.","og_url":"https:\/\/adl-regalosempresa.com\/tiendaonline\/articulos\/merchandising\/bolsa-tote-de-algodon-180-g-m\u00b2-para-personalizar-con-logo\/","og_site_name":"ADL Comunicaci\u00f3n","article_modified_time":"2026-04-26T08:12:12+00:00","og_image":[{"width":1600,"height":1600,"url":"https:\/\/adl-regalosempresa.com\/tiendaonline\/wp-content\/uploads\/2022\/06\/12033200.jpg","type":"image\/jpeg"}],"twitter_card":"summary_large_image","twitter_title":"Merchandising Bolsa Tote de algod\u00f3n 180 g\/m\u00b2 para personalizar con logo - ADL","schema":{"@context":"https:\/\/schema.org","@graph":[{"@type":"WebPage","@id":"https:\/\/adl-regalosempresa.com\/tiendaonline\/articulos\/merchandising\/bolsa-tote-de-algodon-180-g-m%c2%b2-para-personalizar-con-logo\/","url":"https:\/\/adl-regalosempresa.com\/tiendaonline\/articulos\/merchandising\/bolsa-tote-de-algodon-180-g-m%c2%b2-para-personalizar-con-logo\/","name":"Merchandising Bolsa Tote de algod\u00f3n 180 g\/m\u00b2 para personalizar con logo - ADL","isPartOf":{"@id":"https:\/\/adl-regalosempresa.com\/tiendaonline\/#website"},"primaryImageOfPage":{"@id":"https:\/\/adl-regalosempresa.com\/tiendaonline\/articulos\/merchandising\/bolsa-tote-de-algodon-180-g-m%c2%b2-para-personalizar-con-logo\/#primaryimage"},"image":{"@id":"https:\/\/adl-regalosempresa.com\/tiendaonline\/articulos\/merchandising\/bolsa-tote-de-algodon-180-g-m%c2%b2-para-personalizar-con-logo\/#primaryimage"},"thumbnailUrl":"https:\/\/adl-regalosempresa.com\/tiendaonline\/wp-content\/uploads\/2022\/06\/12033200.jpg","datePublished":"2026-04-25T04:02:01+00:00","dateModified":"2026-04-26T08:12:12+00:00","description":"Art\u00edculo de merchandising Bolsa Tote de algod\u00f3n 180 g\/m\u00b2 \"Peru\". Bolsa de algod\u00f3n de 180 g\/m\u00b2, resistente y duradera, con un gran compartimento principal y m\u00e1xima visibilidad para cualquier logotipo. El robusto material de algod\u00f3n la hace adecuada para transportar art\u00edculos m\u00e1s pesados. Las asas tienen 30 cm de longitud, por lo que son lo suficientemente largas como para llevar la bolsa sobre un hombro. Resistencia hasta 5 kg de peso.","breadcrumb":{"@id":"https:\/\/adl-regalosempresa.com\/tiendaonline\/articulos\/merchandising\/bolsa-tote-de-algodon-180-g-m%c2%b2-para-personalizar-con-logo\/#breadcrumb"},"inLanguage":"es","potentialAction":[{"@type":"ReadAction","target":["https:\/\/adl-regalosempresa.com\/tiendaonline\/articulos\/merchandising\/bolsa-tote-de-algodon-180-g-m%c2%b2-para-personalizar-con-logo\/"]}]},{"@type":"ImageObject","inLanguage":"es","@id":"https:\/\/adl-regalosempresa.com\/tiendaonline\/articulos\/merchandising\/bolsa-tote-de-algodon-180-g-m%c2%b2-para-personalizar-con-logo\/#primaryimage","url":"https:\/\/adl-regalosempresa.com\/tiendaonline\/wp-content\/uploads\/2022\/06\/12033200.jpg","contentUrl":"https:\/\/adl-regalosempresa.com\/tiendaonline\/wp-content\/uploads\/2022\/06\/12033200.jpg","width":1600,"height":1600,"caption":"Bolsa Tote de algod\u00f3n 180 g\/m\u00b2 \"Peru\""},{"@type":"BreadcrumbList","@id":"https:\/\/adl-regalosempresa.com\/tiendaonline\/articulos\/merchandising\/bolsa-tote-de-algodon-180-g-m%c2%b2-para-personalizar-con-logo\/#breadcrumb","itemListElement":[{"@type":"ListItem","position":1,"name":"Portada","item":"https:\/\/adl-regalosempresa.com\/tiendaonline\/"},{"@type":"ListItem","position":2,"name":"Tienda","item":"https:\/\/adl-regalosempresa.com\/tiendaonline\/tienda\/"},{"@type":"ListItem","position":3,"name":"Bolsa Tote de algod\u00f3n 180 g\/m\u00b2 para personalizar con logo"}]},{"@type":"WebSite","@id":"https:\/\/adl-regalosempresa.com\/tiendaonline\/#website","url":"https:\/\/adl-regalosempresa.com\/tiendaonline\/","name":"ADL Comunicaci\u00f3n","description":"Regalos de empresa","publisher":{"@id":"https:\/\/adl-regalosempresa.com\/tiendaonline\/#organization"},"potentialAction":[{"@type":"SearchAction","target":{"@type":"EntryPoint","urlTemplate":"https:\/\/adl-regalosempresa.com\/tiendaonline\/?s={search_term_string}"},"query-input":{"@type":"PropertyValueSpecification","valueRequired":true,"valueName":"search_term_string"}}],"inLanguage":"es"},{"@type":"Organization","@id":"https:\/\/adl-regalosempresa.com\/tiendaonline\/#organization","name":"ADL Comunicaci\u00f3n","url":"https:\/\/adl-regalosempresa.com\/tiendaonline\/","logo":{"@type":"ImageObject","inLanguage":"es","@id":"https:\/\/adl-regalosempresa.com\/tiendaonline\/#\/schema\/logo\/image\/","url":"https:\/\/adl-regalosempresa.com\/tiendaonline\/wp-content\/uploads\/2017\/09\/logo-adl-wp.png","contentUrl":"https:\/\/adl-regalosempresa.com\/tiendaonline\/wp-content\/uploads\/2017\/09\/logo-adl-wp.png","width":407,"height":185,"caption":"ADL Comunicaci\u00f3n"},"image":{"@id":"https:\/\/adl-regalosempresa.com\/tiendaonline\/#\/schema\/logo\/image\/"}}]}},"_links":{"self":[{"href":"https:\/\/adl-regalosempresa.com\/tiendaonline\/wp-json\/wp\/v2\/product\/91891","targetHints":{"allow":["GET"]}}],"collection":[{"href":"https:\/\/adl-regalosempresa.com\/tiendaonline\/wp-json\/wp\/v2\/product"}],"about":[{"href":"https:\/\/adl-regalosempresa.com\/tiendaonline\/wp-json\/wp\/v2\/types\/product"}],"wp:featuredmedia":[{"embeddable":true,"href":"https:\/\/adl-regalosempresa.com\/tiendaonline\/wp-json\/wp\/v2\/media\/91893"}],"wp:attachment":[{"href":"https:\/\/adl-regalosempresa.com\/tiendaonline\/wp-json\/wp\/v2\/media?parent=91891"}],"wp:term":[{"taxonomy":"product_brand","embeddable":true,"href":"https:\/\/adl-regalosempresa.com\/tiendaonline\/wp-json\/wp\/v2\/product_brand?post=91891"},{"taxonomy":"product_cat","embeddable":true,"href":"https:\/\/adl-regalosempresa.com\/tiendaonline\/wp-json\/wp\/v2\/product_cat?post=91891"},{"taxonomy":"product_tag","embeddable":true,"href":"https:\/\/adl-regalosempresa.com\/tiendaonline\/wp-json\/wp\/v2\/product_tag?post=91891"}],"curies":[{"name":"wp","href":"https:\/\/api.w.org\/{rel}","templated":true}]}}