{"id":91051,"date":"2026-03-24T05:10:37","date_gmt":"2026-03-24T05:10:37","guid":{"rendered":"https:\/\/adl-regalosempresa.com\/tiendaonline\/articulos\/merchandising\/mochila-de-cuerdas-no-tejida-5l-para-personalizar\/"},"modified":"2026-04-09T08:14:05","modified_gmt":"2026-04-09T08:14:05","slug":"mochila-de-cuerdas-no-tejida-5l-para-personalizar-con-logo","status":"publish","type":"product","link":"https:\/\/adl-regalosempresa.com\/tiendaonline\/articulos\/merchandising\/mochila-de-cuerdas-no-tejida-5l-para-personalizar-con-logo\/","title":{"rendered":"Mochila de cuerdas no tejida 5L  para personalizar con logo"},"content":{"rendered":"<p>La mochila Evergreen es una gran opci\u00f3n cuando se busca una bolsa que funcione bien como regalo f\u00e1cil de manejar para promocionar cualquier marca o campa\u00f1a de marketing. Esta mochila ligera es econ\u00f3mica y tiene un dise\u00f1o con cord\u00f3n que permite llevarla f\u00e1cilmente al hombro o como mochila. La bolsa est\u00e1 hecha de pl\u00e1stico PP de 80 g\/m\u00b2, tiene un gran compartimento principal y deja suficiente espacio en el exterior para mostrar cualquier logotipo u otros mensajes.<\/p>\n","protected":false},"excerpt":{"rendered":"<p><strong>Descuentos por cantidades<\/strong><br \/>&#8211; a partir de 500 unidades: 0,54 \u20ac\/ud<br \/>&#8211; a partir de 1000 unidades: 0,53 \u20ac\/ud<br \/>&#8211; a partir de 2500 unidades: 0,51 \u20ac\/ud<\/p>\n<p>Para cantidades superiores a las aqu\u00ed indicadas, no dudes en ponerte en contacto con nuestro departamento comercial o <a href='https:\/\/adl-regalosempresa.com\/tiendaonline\/solicitud-presupuesto\/'>pedirnos presupuesto personalizado<\/a>, ajustaremos el presupuesto a tus necesidades.<\/p>\n","protected":false},"featured_media":91055,"template":"","meta":{"_kad_post_transparent":"","_kad_post_title":"","_kad_post_layout":"","_kad_post_sidebar_id":"","_kad_post_content_style":"","_kad_post_vertical_padding":"","_kad_post_feature":"","_kad_post_feature_position":"","_kad_post_header":false,"_kad_post_footer":false,"_kad_post_classname":""},"product_brand":[],"product_cat":[3526,4804],"product_tag":[],"class_list":{"0":"post-91051","1":"product","2":"type-product","3":"status-publish","4":"has-post-thumbnail","6":"product_cat-bolsas","7":"product_cat-bolsas-con-cuerdas","8":"pa_alto-42-cm","9":"pa_color-amarillo","10":"pa_color-azul-marino","11":"pa_color-azul-real","12":"pa_color-blanco","13":"pa_color-lavanda","14":"pa_color-lima","15":"pa_color-magenta","16":"pa_color-naranja","17":"pa_color-negro-intenso","18":"pa_color-rojo","19":"pa_color-simple-amarillo","20":"pa_color-simple-azul","21":"pa_color-simple-blanco","22":"pa_color-simple-naranja","23":"pa_color-simple-negro-intenso","24":"pa_color-simple-rojo","25":"pa_color-simple-verde","26":"pa_largo-34-cm","27":"pa_marca-unbranded","28":"pa_material-pp-plastico-no-tejido-80-g-m2","29":"pa_peso-35-gr","31":"first","32":"instock","33":"taxable","34":"shipping-taxable","35":"purchasable","36":"product-type-variable","37":"entry","38":"content-bg","39":"loop-entry"},"yoast_head":"<!-- This site is optimized with the Yoast SEO plugin v26.3 - https:\/\/yoast.com\/wordpress\/plugins\/seo\/ -->\n<title>Merchandising Mochila de cuerdas no tejida 5L para personalizar con logo - ADL<\/title>\n<meta name=\"description\" content=\"Art\u00edculo de merchandising Mochila de cuerdas no tejida 5L &quot;Evergreen&quot;. La mochila Evergreen es una gran opci\u00f3n cuando se busca una bolsa que funcione bien como regalo f\u00e1cil de manejar para promocionar cualquier marca o campa\u00f1a de marketing. Esta mochila ligera es econ\u00f3mica y tiene un dise\u00f1o con cord\u00f3n que permite llevarla f\u00e1cilmente al hombro o como mochila. La bolsa est\u00e1 hecha de pl\u00e1stico PP de 80 g\/m\u00b2, tiene un gran compartimento principal y deja suficiente espacio en el exterior para mostrar cualquier logotipo u otros mensajes.\" \/>\n<meta name=\"robots\" content=\"index, follow, max-snippet:-1, max-image-preview:large, max-video-preview:-1\" \/>\n<link rel=\"canonical\" href=\"https:\/\/adl-regalosempresa.com\/tiendaonline\/articulos\/merchandising\/mochila-de-cuerdas-no-tejida-5l-para-personalizar-con-logo\/\" \/>\n<meta property=\"og:locale\" content=\"es_ES\" \/>\n<meta property=\"og:type\" content=\"article\" \/>\n<meta property=\"og:title\" content=\"Merchandising Mochila de cuerdas no tejida 5L para personalizar con logo - ADL\" \/>\n<meta property=\"og:description\" content=\"Art\u00edculo de merchandising Mochila de cuerdas no tejida 5L &quot;Evergreen&quot;. La mochila Evergreen es una gran opci\u00f3n cuando se busca una bolsa que funcione bien como regalo f\u00e1cil de manejar para promocionar cualquier marca o campa\u00f1a de marketing. Esta mochila ligera es econ\u00f3mica y tiene un dise\u00f1o con cord\u00f3n que permite llevarla f\u00e1cilmente al hombro o como mochila. La bolsa est\u00e1 hecha de pl\u00e1stico PP de 80 g\/m\u00b2, tiene un gran compartimento principal y deja suficiente espacio en el exterior para mostrar cualquier logotipo u otros mensajes.\" \/>\n<meta property=\"og:url\" content=\"https:\/\/adl-regalosempresa.com\/tiendaonline\/articulos\/merchandising\/mochila-de-cuerdas-no-tejida-5l-para-personalizar-con-logo\/\" \/>\n<meta property=\"og:site_name\" content=\"ADL Comunicaci\u00f3n\" \/>\n<meta property=\"article:modified_time\" content=\"2026-04-09T08:14:05+00:00\" \/>\n<meta property=\"og:image\" content=\"https:\/\/adl-regalosempresa.com\/tiendaonline\/wp-content\/uploads\/2022\/06\/11961900.jpg\" \/>\n\t<meta property=\"og:image:width\" content=\"1600\" \/>\n\t<meta property=\"og:image:height\" content=\"1600\" \/>\n\t<meta property=\"og:image:type\" content=\"image\/jpeg\" \/>\n<meta name=\"twitter:card\" content=\"summary_large_image\" \/>\n<meta name=\"twitter:title\" content=\"Merchandising Mochila de cuerdas no tejida 5L para personalizar con logo - ADL\" \/>\n<script type=\"application\/ld+json\" class=\"yoast-schema-graph\">{\"@context\":\"https:\/\/schema.org\",\"@graph\":[{\"@type\":\"WebPage\",\"@id\":\"https:\/\/adl-regalosempresa.com\/tiendaonline\/articulos\/merchandising\/mochila-de-cuerdas-no-tejida-5l-para-personalizar-con-logo\/\",\"url\":\"https:\/\/adl-regalosempresa.com\/tiendaonline\/articulos\/merchandising\/mochila-de-cuerdas-no-tejida-5l-para-personalizar-con-logo\/\",\"name\":\"Merchandising Mochila de cuerdas no tejida 5L para personalizar con logo - ADL\",\"isPartOf\":{\"@id\":\"https:\/\/adl-regalosempresa.com\/tiendaonline\/#website\"},\"primaryImageOfPage\":{\"@id\":\"https:\/\/adl-regalosempresa.com\/tiendaonline\/articulos\/merchandising\/mochila-de-cuerdas-no-tejida-5l-para-personalizar-con-logo\/#primaryimage\"},\"image\":{\"@id\":\"https:\/\/adl-regalosempresa.com\/tiendaonline\/articulos\/merchandising\/mochila-de-cuerdas-no-tejida-5l-para-personalizar-con-logo\/#primaryimage\"},\"thumbnailUrl\":\"https:\/\/adl-regalosempresa.com\/tiendaonline\/wp-content\/uploads\/2022\/06\/11961900.jpg\",\"datePublished\":\"2026-03-24T05:10:37+00:00\",\"dateModified\":\"2026-04-09T08:14:05+00:00\",\"description\":\"Art\u00edculo de merchandising Mochila de cuerdas no tejida 5L \\\"Evergreen\\\". La mochila Evergreen es una gran opci\u00f3n cuando se busca una bolsa que funcione bien como regalo f\u00e1cil de manejar para promocionar cualquier marca o campa\u00f1a de marketing. Esta mochila ligera es econ\u00f3mica y tiene un dise\u00f1o con cord\u00f3n que permite llevarla f\u00e1cilmente al hombro o como mochila. La bolsa est\u00e1 hecha de pl\u00e1stico PP de 80 g\/m\u00b2, tiene un gran compartimento principal y deja suficiente espacio en el exterior para mostrar cualquier logotipo u otros mensajes.\",\"breadcrumb\":{\"@id\":\"https:\/\/adl-regalosempresa.com\/tiendaonline\/articulos\/merchandising\/mochila-de-cuerdas-no-tejida-5l-para-personalizar-con-logo\/#breadcrumb\"},\"inLanguage\":\"es\",\"potentialAction\":[{\"@type\":\"ReadAction\",\"target\":[\"https:\/\/adl-regalosempresa.com\/tiendaonline\/articulos\/merchandising\/mochila-de-cuerdas-no-tejida-5l-para-personalizar-con-logo\/\"]}]},{\"@type\":\"ImageObject\",\"inLanguage\":\"es\",\"@id\":\"https:\/\/adl-regalosempresa.com\/tiendaonline\/articulos\/merchandising\/mochila-de-cuerdas-no-tejida-5l-para-personalizar-con-logo\/#primaryimage\",\"url\":\"https:\/\/adl-regalosempresa.com\/tiendaonline\/wp-content\/uploads\/2022\/06\/11961900.jpg\",\"contentUrl\":\"https:\/\/adl-regalosempresa.com\/tiendaonline\/wp-content\/uploads\/2022\/06\/11961900.jpg\",\"width\":1600,\"height\":1600,\"caption\":\"Mochila de cuerdas no tejida 5L \\\"Evergreen\\\"\"},{\"@type\":\"BreadcrumbList\",\"@id\":\"https:\/\/adl-regalosempresa.com\/tiendaonline\/articulos\/merchandising\/mochila-de-cuerdas-no-tejida-5l-para-personalizar-con-logo\/#breadcrumb\",\"itemListElement\":[{\"@type\":\"ListItem\",\"position\":1,\"name\":\"Portada\",\"item\":\"https:\/\/adl-regalosempresa.com\/tiendaonline\/\"},{\"@type\":\"ListItem\",\"position\":2,\"name\":\"Tienda\",\"item\":\"https:\/\/adl-regalosempresa.com\/tiendaonline\/tienda\/\"},{\"@type\":\"ListItem\",\"position\":3,\"name\":\"Mochila de cuerdas no tejida 5L para personalizar con logo\"}]},{\"@type\":\"WebSite\",\"@id\":\"https:\/\/adl-regalosempresa.com\/tiendaonline\/#website\",\"url\":\"https:\/\/adl-regalosempresa.com\/tiendaonline\/\",\"name\":\"ADL Comunicaci\u00f3n\",\"description\":\"Regalos de empresa\",\"publisher\":{\"@id\":\"https:\/\/adl-regalosempresa.com\/tiendaonline\/#organization\"},\"potentialAction\":[{\"@type\":\"SearchAction\",\"target\":{\"@type\":\"EntryPoint\",\"urlTemplate\":\"https:\/\/adl-regalosempresa.com\/tiendaonline\/?s={search_term_string}\"},\"query-input\":{\"@type\":\"PropertyValueSpecification\",\"valueRequired\":true,\"valueName\":\"search_term_string\"}}],\"inLanguage\":\"es\"},{\"@type\":\"Organization\",\"@id\":\"https:\/\/adl-regalosempresa.com\/tiendaonline\/#organization\",\"name\":\"ADL Comunicaci\u00f3n\",\"url\":\"https:\/\/adl-regalosempresa.com\/tiendaonline\/\",\"logo\":{\"@type\":\"ImageObject\",\"inLanguage\":\"es\",\"@id\":\"https:\/\/adl-regalosempresa.com\/tiendaonline\/#\/schema\/logo\/image\/\",\"url\":\"https:\/\/adl-regalosempresa.com\/tiendaonline\/wp-content\/uploads\/2017\/09\/logo-adl-wp.png\",\"contentUrl\":\"https:\/\/adl-regalosempresa.com\/tiendaonline\/wp-content\/uploads\/2017\/09\/logo-adl-wp.png\",\"width\":407,\"height\":185,\"caption\":\"ADL Comunicaci\u00f3n\"},\"image\":{\"@id\":\"https:\/\/adl-regalosempresa.com\/tiendaonline\/#\/schema\/logo\/image\/\"}}]}<\/script>\n<!-- \/ Yoast SEO plugin. -->","yoast_head_json":{"title":"Merchandising Mochila de cuerdas no tejida 5L para personalizar con logo - ADL","description":"Art\u00edculo de merchandising Mochila de cuerdas no tejida 5L \"Evergreen\". La mochila Evergreen es una gran opci\u00f3n cuando se busca una bolsa que funcione bien como regalo f\u00e1cil de manejar para promocionar cualquier marca o campa\u00f1a de marketing. Esta mochila ligera es econ\u00f3mica y tiene un dise\u00f1o con cord\u00f3n que permite llevarla f\u00e1cilmente al hombro o como mochila. La bolsa est\u00e1 hecha de pl\u00e1stico PP de 80 g\/m\u00b2, tiene un gran compartimento principal y deja suficiente espacio en el exterior para mostrar cualquier logotipo u otros mensajes.","robots":{"index":"index","follow":"follow","max-snippet":"max-snippet:-1","max-image-preview":"max-image-preview:large","max-video-preview":"max-video-preview:-1"},"canonical":"https:\/\/adl-regalosempresa.com\/tiendaonline\/articulos\/merchandising\/mochila-de-cuerdas-no-tejida-5l-para-personalizar-con-logo\/","og_locale":"es_ES","og_type":"article","og_title":"Merchandising Mochila de cuerdas no tejida 5L para personalizar con logo - ADL","og_description":"Art\u00edculo de merchandising Mochila de cuerdas no tejida 5L \"Evergreen\". La mochila Evergreen es una gran opci\u00f3n cuando se busca una bolsa que funcione bien como regalo f\u00e1cil de manejar para promocionar cualquier marca o campa\u00f1a de marketing. Esta mochila ligera es econ\u00f3mica y tiene un dise\u00f1o con cord\u00f3n que permite llevarla f\u00e1cilmente al hombro o como mochila. La bolsa est\u00e1 hecha de pl\u00e1stico PP de 80 g\/m\u00b2, tiene un gran compartimento principal y deja suficiente espacio en el exterior para mostrar cualquier logotipo u otros mensajes.","og_url":"https:\/\/adl-regalosempresa.com\/tiendaonline\/articulos\/merchandising\/mochila-de-cuerdas-no-tejida-5l-para-personalizar-con-logo\/","og_site_name":"ADL Comunicaci\u00f3n","article_modified_time":"2026-04-09T08:14:05+00:00","og_image":[{"width":1600,"height":1600,"url":"https:\/\/adl-regalosempresa.com\/tiendaonline\/wp-content\/uploads\/2022\/06\/11961900.jpg","type":"image\/jpeg"}],"twitter_card":"summary_large_image","twitter_title":"Merchandising Mochila de cuerdas no tejida 5L para personalizar con logo - ADL","schema":{"@context":"https:\/\/schema.org","@graph":[{"@type":"WebPage","@id":"https:\/\/adl-regalosempresa.com\/tiendaonline\/articulos\/merchandising\/mochila-de-cuerdas-no-tejida-5l-para-personalizar-con-logo\/","url":"https:\/\/adl-regalosempresa.com\/tiendaonline\/articulos\/merchandising\/mochila-de-cuerdas-no-tejida-5l-para-personalizar-con-logo\/","name":"Merchandising Mochila de cuerdas no tejida 5L para personalizar con logo - ADL","isPartOf":{"@id":"https:\/\/adl-regalosempresa.com\/tiendaonline\/#website"},"primaryImageOfPage":{"@id":"https:\/\/adl-regalosempresa.com\/tiendaonline\/articulos\/merchandising\/mochila-de-cuerdas-no-tejida-5l-para-personalizar-con-logo\/#primaryimage"},"image":{"@id":"https:\/\/adl-regalosempresa.com\/tiendaonline\/articulos\/merchandising\/mochila-de-cuerdas-no-tejida-5l-para-personalizar-con-logo\/#primaryimage"},"thumbnailUrl":"https:\/\/adl-regalosempresa.com\/tiendaonline\/wp-content\/uploads\/2022\/06\/11961900.jpg","datePublished":"2026-03-24T05:10:37+00:00","dateModified":"2026-04-09T08:14:05+00:00","description":"Art\u00edculo de merchandising Mochila de cuerdas no tejida 5L \"Evergreen\". La mochila Evergreen es una gran opci\u00f3n cuando se busca una bolsa que funcione bien como regalo f\u00e1cil de manejar para promocionar cualquier marca o campa\u00f1a de marketing. Esta mochila ligera es econ\u00f3mica y tiene un dise\u00f1o con cord\u00f3n que permite llevarla f\u00e1cilmente al hombro o como mochila. La bolsa est\u00e1 hecha de pl\u00e1stico PP de 80 g\/m\u00b2, tiene un gran compartimento principal y deja suficiente espacio en el exterior para mostrar cualquier logotipo u otros mensajes.","breadcrumb":{"@id":"https:\/\/adl-regalosempresa.com\/tiendaonline\/articulos\/merchandising\/mochila-de-cuerdas-no-tejida-5l-para-personalizar-con-logo\/#breadcrumb"},"inLanguage":"es","potentialAction":[{"@type":"ReadAction","target":["https:\/\/adl-regalosempresa.com\/tiendaonline\/articulos\/merchandising\/mochila-de-cuerdas-no-tejida-5l-para-personalizar-con-logo\/"]}]},{"@type":"ImageObject","inLanguage":"es","@id":"https:\/\/adl-regalosempresa.com\/tiendaonline\/articulos\/merchandising\/mochila-de-cuerdas-no-tejida-5l-para-personalizar-con-logo\/#primaryimage","url":"https:\/\/adl-regalosempresa.com\/tiendaonline\/wp-content\/uploads\/2022\/06\/11961900.jpg","contentUrl":"https:\/\/adl-regalosempresa.com\/tiendaonline\/wp-content\/uploads\/2022\/06\/11961900.jpg","width":1600,"height":1600,"caption":"Mochila de cuerdas no tejida 5L \"Evergreen\""},{"@type":"BreadcrumbList","@id":"https:\/\/adl-regalosempresa.com\/tiendaonline\/articulos\/merchandising\/mochila-de-cuerdas-no-tejida-5l-para-personalizar-con-logo\/#breadcrumb","itemListElement":[{"@type":"ListItem","position":1,"name":"Portada","item":"https:\/\/adl-regalosempresa.com\/tiendaonline\/"},{"@type":"ListItem","position":2,"name":"Tienda","item":"https:\/\/adl-regalosempresa.com\/tiendaonline\/tienda\/"},{"@type":"ListItem","position":3,"name":"Mochila de cuerdas no tejida 5L para personalizar con logo"}]},{"@type":"WebSite","@id":"https:\/\/adl-regalosempresa.com\/tiendaonline\/#website","url":"https:\/\/adl-regalosempresa.com\/tiendaonline\/","name":"ADL Comunicaci\u00f3n","description":"Regalos de empresa","publisher":{"@id":"https:\/\/adl-regalosempresa.com\/tiendaonline\/#organization"},"potentialAction":[{"@type":"SearchAction","target":{"@type":"EntryPoint","urlTemplate":"https:\/\/adl-regalosempresa.com\/tiendaonline\/?s={search_term_string}"},"query-input":{"@type":"PropertyValueSpecification","valueRequired":true,"valueName":"search_term_string"}}],"inLanguage":"es"},{"@type":"Organization","@id":"https:\/\/adl-regalosempresa.com\/tiendaonline\/#organization","name":"ADL Comunicaci\u00f3n","url":"https:\/\/adl-regalosempresa.com\/tiendaonline\/","logo":{"@type":"ImageObject","inLanguage":"es","@id":"https:\/\/adl-regalosempresa.com\/tiendaonline\/#\/schema\/logo\/image\/","url":"https:\/\/adl-regalosempresa.com\/tiendaonline\/wp-content\/uploads\/2017\/09\/logo-adl-wp.png","contentUrl":"https:\/\/adl-regalosempresa.com\/tiendaonline\/wp-content\/uploads\/2017\/09\/logo-adl-wp.png","width":407,"height":185,"caption":"ADL Comunicaci\u00f3n"},"image":{"@id":"https:\/\/adl-regalosempresa.com\/tiendaonline\/#\/schema\/logo\/image\/"}}]}},"_links":{"self":[{"href":"https:\/\/adl-regalosempresa.com\/tiendaonline\/wp-json\/wp\/v2\/product\/91051","targetHints":{"allow":["GET"]}}],"collection":[{"href":"https:\/\/adl-regalosempresa.com\/tiendaonline\/wp-json\/wp\/v2\/product"}],"about":[{"href":"https:\/\/adl-regalosempresa.com\/tiendaonline\/wp-json\/wp\/v2\/types\/product"}],"wp:featuredmedia":[{"embeddable":true,"href":"https:\/\/adl-regalosempresa.com\/tiendaonline\/wp-json\/wp\/v2\/media\/91055"}],"wp:attachment":[{"href":"https:\/\/adl-regalosempresa.com\/tiendaonline\/wp-json\/wp\/v2\/media?parent=91051"}],"wp:term":[{"taxonomy":"product_brand","embeddable":true,"href":"https:\/\/adl-regalosempresa.com\/tiendaonline\/wp-json\/wp\/v2\/product_brand?post=91051"},{"taxonomy":"product_cat","embeddable":true,"href":"https:\/\/adl-regalosempresa.com\/tiendaonline\/wp-json\/wp\/v2\/product_cat?post=91051"},{"taxonomy":"product_tag","embeddable":true,"href":"https:\/\/adl-regalosempresa.com\/tiendaonline\/wp-json\/wp\/v2\/product_tag?post=91051"}],"curies":[{"name":"wp","href":"https:\/\/api.w.org\/{rel}","templated":true}]}}