{"id":90864,"date":"2026-03-28T05:03:11","date_gmt":"2026-03-28T05:03:11","guid":{"rendered":"https:\/\/adl-regalosempresa.com\/tiendaonline\/articulos\/merchandising\/bolsa-tote-grande-para-convenciones-no-tejida-para-personalizar\/"},"modified":"2026-04-18T08:00:15","modified_gmt":"2026-04-18T08:00:15","slug":"bolsa-tote-grande-para-convenciones-no-tejida-para-personalizar-con-logo","status":"publish","type":"product","link":"https:\/\/adl-regalosempresa.com\/tiendaonline\/articulos\/merchandising\/bolsa-tote-grande-para-convenciones-no-tejida-para-personalizar-con-logo\/","title":{"rendered":"Bolsa Tote grande para convenciones no tejida  para personalizar con logo"},"content":{"rendered":"<p>\u00bfNecesita una buena bolsa para cualquier feria o conferencia? La bolsa de tela no tejida grande Zeus es una opci\u00f3n perfecta. Su delgado dise\u00f1o la convierte en un modelo elegante y adecuado para llevar objetos ligeros como un cuaderno y un bol\u00edgrafo. Las asas tienen 29 cm de longitud, por lo que son f\u00e1ciles de llevar al hombro. Resistencia hasta 5 kg de peso.<\/p>\n","protected":false},"excerpt":{"rendered":"<p><strong>Descuentos por cantidades<\/strong><br \/>&#8211; a partir de 500 unidades: 0,39 \u20ac\/ud<br \/>&#8211; a partir de 1000 unidades: 0,39 \u20ac\/ud<br \/>&#8211; a partir de 2500 unidades: 0,39 \u20ac\/ud<\/p>\n<p>Para cantidades superiores a las aqu\u00ed indicadas, no dudes en ponerte en contacto con nuestro departamento comercial o <a href='https:\/\/adl-regalosempresa.com\/tiendaonline\/solicitud-presupuesto\/'>pedirnos presupuesto personalizado<\/a>, ajustaremos el presupuesto a tus necesidades.<\/p>\n","protected":false},"featured_media":90867,"template":"","meta":{"_kad_post_transparent":"","_kad_post_title":"","_kad_post_layout":"","_kad_post_sidebar_id":"","_kad_post_content_style":"","_kad_post_vertical_padding":"","_kad_post_feature":"","_kad_post_feature_position":"","_kad_post_header":false,"_kad_post_footer":false,"_kad_post_classname":""},"product_brand":[],"product_cat":[3526,4787],"product_tag":[],"class_list":{"0":"post-90864","1":"product","2":"type-product","3":"status-publish","4":"has-post-thumbnail","6":"product_cat-bolsas","7":"product_cat-bolsas-de-conferencia","8":"pa_alto-40-cm","9":"pa_color-amarillo","10":"pa_color-azul-marino","11":"pa_color-azul-real","12":"pa_color-blanco","13":"pa_color-gris","14":"pa_color-lavanda","15":"pa_color-lima","16":"pa_color-magenta","17":"pa_color-morado-oscuro","18":"pa_color-naranja","19":"pa_color-negro-intenso","20":"pa_color-process-blue","21":"pa_color-rojo","22":"pa_color-verde","23":"pa_color-simple-amarillo","24":"pa_color-simple-azul","25":"pa_color-simple-blanco","26":"pa_color-simple-gris","27":"pa_color-simple-naranja","28":"pa_color-simple-negro-intenso","29":"pa_color-simple-rojo","30":"pa_color-simple-verde","31":"pa_largo-38-cm","32":"pa_marca-unbranded","33":"pa_material-pp-plastico-no-tejido-80-g-m2","34":"pa_peso-34-gr","36":"first","37":"instock","38":"taxable","39":"shipping-taxable","40":"purchasable","41":"product-type-variable","42":"entry","43":"content-bg","44":"loop-entry"},"yoast_head":"<!-- This site is optimized with the Yoast SEO plugin v26.3 - https:\/\/yoast.com\/wordpress\/plugins\/seo\/ -->\n<title>Merchandising Bolsa Tote grande para convenciones no tejida para personalizar con logo - ADL<\/title>\n<meta name=\"description\" content=\"Art\u00edculo de merchandising Bolsa Tote grande para convenciones no tejida &quot;Large Zeus&quot;. \u00bfNecesita una buena bolsa para cualquier feria o conferencia? La bolsa de tela no tejida grande Zeus es una opci\u00f3n perfecta. Su delgado dise\u00f1o la convierte en un modelo elegante y adecuado para llevar objetos ligeros como un cuaderno y un bol\u00edgrafo. Las asas tienen 29 cm de longitud, por lo que son f\u00e1ciles de llevar al hombro. Resistencia hasta 5 kg de peso.\" \/>\n<meta name=\"robots\" content=\"index, follow, max-snippet:-1, max-image-preview:large, max-video-preview:-1\" \/>\n<link rel=\"canonical\" href=\"https:\/\/adl-regalosempresa.com\/tiendaonline\/articulos\/merchandising\/bolsa-tote-grande-para-convenciones-no-tejida-para-personalizar-con-logo\/\" \/>\n<meta property=\"og:locale\" content=\"es_ES\" \/>\n<meta property=\"og:type\" content=\"article\" \/>\n<meta property=\"og:title\" content=\"Merchandising Bolsa Tote grande para convenciones no tejida para personalizar con logo - ADL\" \/>\n<meta property=\"og:description\" content=\"Art\u00edculo de merchandising Bolsa Tote grande para convenciones no tejida &quot;Large Zeus&quot;. \u00bfNecesita una buena bolsa para cualquier feria o conferencia? La bolsa de tela no tejida grande Zeus es una opci\u00f3n perfecta. Su delgado dise\u00f1o la convierte en un modelo elegante y adecuado para llevar objetos ligeros como un cuaderno y un bol\u00edgrafo. Las asas tienen 29 cm de longitud, por lo que son f\u00e1ciles de llevar al hombro. Resistencia hasta 5 kg de peso.\" \/>\n<meta property=\"og:url\" content=\"https:\/\/adl-regalosempresa.com\/tiendaonline\/articulos\/merchandising\/bolsa-tote-grande-para-convenciones-no-tejida-para-personalizar-con-logo\/\" \/>\n<meta property=\"og:site_name\" content=\"ADL Comunicaci\u00f3n\" \/>\n<meta property=\"article:modified_time\" content=\"2026-04-18T08:00:15+00:00\" \/>\n<meta property=\"og:image\" content=\"https:\/\/adl-regalosempresa.com\/tiendaonline\/wp-content\/uploads\/2022\/06\/11941200.jpg\" \/>\n\t<meta property=\"og:image:width\" content=\"1600\" \/>\n\t<meta property=\"og:image:height\" content=\"1600\" \/>\n\t<meta property=\"og:image:type\" content=\"image\/jpeg\" \/>\n<meta name=\"twitter:card\" content=\"summary_large_image\" \/>\n<meta name=\"twitter:title\" content=\"Merchandising Bolsa Tote grande para convenciones no tejida para personalizar con logo - ADL\" \/>\n<script type=\"application\/ld+json\" class=\"yoast-schema-graph\">{\"@context\":\"https:\/\/schema.org\",\"@graph\":[{\"@type\":\"WebPage\",\"@id\":\"https:\/\/adl-regalosempresa.com\/tiendaonline\/articulos\/merchandising\/bolsa-tote-grande-para-convenciones-no-tejida-para-personalizar-con-logo\/\",\"url\":\"https:\/\/adl-regalosempresa.com\/tiendaonline\/articulos\/merchandising\/bolsa-tote-grande-para-convenciones-no-tejida-para-personalizar-con-logo\/\",\"name\":\"Merchandising Bolsa Tote grande para convenciones no tejida para personalizar con logo - ADL\",\"isPartOf\":{\"@id\":\"https:\/\/adl-regalosempresa.com\/tiendaonline\/#website\"},\"primaryImageOfPage\":{\"@id\":\"https:\/\/adl-regalosempresa.com\/tiendaonline\/articulos\/merchandising\/bolsa-tote-grande-para-convenciones-no-tejida-para-personalizar-con-logo\/#primaryimage\"},\"image\":{\"@id\":\"https:\/\/adl-regalosempresa.com\/tiendaonline\/articulos\/merchandising\/bolsa-tote-grande-para-convenciones-no-tejida-para-personalizar-con-logo\/#primaryimage\"},\"thumbnailUrl\":\"https:\/\/adl-regalosempresa.com\/tiendaonline\/wp-content\/uploads\/2022\/06\/11941200.jpg\",\"datePublished\":\"2026-03-28T05:03:11+00:00\",\"dateModified\":\"2026-04-18T08:00:15+00:00\",\"description\":\"Art\u00edculo de merchandising Bolsa Tote grande para convenciones no tejida \\\"Large Zeus\\\". \u00bfNecesita una buena bolsa para cualquier feria o conferencia? La bolsa de tela no tejida grande Zeus es una opci\u00f3n perfecta. Su delgado dise\u00f1o la convierte en un modelo elegante y adecuado para llevar objetos ligeros como un cuaderno y un bol\u00edgrafo. Las asas tienen 29 cm de longitud, por lo que son f\u00e1ciles de llevar al hombro. Resistencia hasta 5 kg de peso.\",\"breadcrumb\":{\"@id\":\"https:\/\/adl-regalosempresa.com\/tiendaonline\/articulos\/merchandising\/bolsa-tote-grande-para-convenciones-no-tejida-para-personalizar-con-logo\/#breadcrumb\"},\"inLanguage\":\"es\",\"potentialAction\":[{\"@type\":\"ReadAction\",\"target\":[\"https:\/\/adl-regalosempresa.com\/tiendaonline\/articulos\/merchandising\/bolsa-tote-grande-para-convenciones-no-tejida-para-personalizar-con-logo\/\"]}]},{\"@type\":\"ImageObject\",\"inLanguage\":\"es\",\"@id\":\"https:\/\/adl-regalosempresa.com\/tiendaonline\/articulos\/merchandising\/bolsa-tote-grande-para-convenciones-no-tejida-para-personalizar-con-logo\/#primaryimage\",\"url\":\"https:\/\/adl-regalosempresa.com\/tiendaonline\/wp-content\/uploads\/2022\/06\/11941200.jpg\",\"contentUrl\":\"https:\/\/adl-regalosempresa.com\/tiendaonline\/wp-content\/uploads\/2022\/06\/11941200.jpg\",\"width\":1600,\"height\":1600,\"caption\":\"Bolsa Tote grande para convenciones no tejida \\\"Large Zeus\\\"\"},{\"@type\":\"BreadcrumbList\",\"@id\":\"https:\/\/adl-regalosempresa.com\/tiendaonline\/articulos\/merchandising\/bolsa-tote-grande-para-convenciones-no-tejida-para-personalizar-con-logo\/#breadcrumb\",\"itemListElement\":[{\"@type\":\"ListItem\",\"position\":1,\"name\":\"Portada\",\"item\":\"https:\/\/adl-regalosempresa.com\/tiendaonline\/\"},{\"@type\":\"ListItem\",\"position\":2,\"name\":\"Tienda\",\"item\":\"https:\/\/adl-regalosempresa.com\/tiendaonline\/tienda\/\"},{\"@type\":\"ListItem\",\"position\":3,\"name\":\"Bolsa Tote grande para convenciones no tejida para personalizar con logo\"}]},{\"@type\":\"WebSite\",\"@id\":\"https:\/\/adl-regalosempresa.com\/tiendaonline\/#website\",\"url\":\"https:\/\/adl-regalosempresa.com\/tiendaonline\/\",\"name\":\"ADL Comunicaci\u00f3n\",\"description\":\"Regalos de empresa\",\"publisher\":{\"@id\":\"https:\/\/adl-regalosempresa.com\/tiendaonline\/#organization\"},\"potentialAction\":[{\"@type\":\"SearchAction\",\"target\":{\"@type\":\"EntryPoint\",\"urlTemplate\":\"https:\/\/adl-regalosempresa.com\/tiendaonline\/?s={search_term_string}\"},\"query-input\":{\"@type\":\"PropertyValueSpecification\",\"valueRequired\":true,\"valueName\":\"search_term_string\"}}],\"inLanguage\":\"es\"},{\"@type\":\"Organization\",\"@id\":\"https:\/\/adl-regalosempresa.com\/tiendaonline\/#organization\",\"name\":\"ADL Comunicaci\u00f3n\",\"url\":\"https:\/\/adl-regalosempresa.com\/tiendaonline\/\",\"logo\":{\"@type\":\"ImageObject\",\"inLanguage\":\"es\",\"@id\":\"https:\/\/adl-regalosempresa.com\/tiendaonline\/#\/schema\/logo\/image\/\",\"url\":\"https:\/\/adl-regalosempresa.com\/tiendaonline\/wp-content\/uploads\/2017\/09\/logo-adl-wp.png\",\"contentUrl\":\"https:\/\/adl-regalosempresa.com\/tiendaonline\/wp-content\/uploads\/2017\/09\/logo-adl-wp.png\",\"width\":407,\"height\":185,\"caption\":\"ADL Comunicaci\u00f3n\"},\"image\":{\"@id\":\"https:\/\/adl-regalosempresa.com\/tiendaonline\/#\/schema\/logo\/image\/\"}}]}<\/script>\n<!-- \/ Yoast SEO plugin. -->","yoast_head_json":{"title":"Merchandising Bolsa Tote grande para convenciones no tejida para personalizar con logo - ADL","description":"Art\u00edculo de merchandising Bolsa Tote grande para convenciones no tejida \"Large Zeus\". \u00bfNecesita una buena bolsa para cualquier feria o conferencia? La bolsa de tela no tejida grande Zeus es una opci\u00f3n perfecta. Su delgado dise\u00f1o la convierte en un modelo elegante y adecuado para llevar objetos ligeros como un cuaderno y un bol\u00edgrafo. Las asas tienen 29 cm de longitud, por lo que son f\u00e1ciles de llevar al hombro. Resistencia hasta 5 kg de peso.","robots":{"index":"index","follow":"follow","max-snippet":"max-snippet:-1","max-image-preview":"max-image-preview:large","max-video-preview":"max-video-preview:-1"},"canonical":"https:\/\/adl-regalosempresa.com\/tiendaonline\/articulos\/merchandising\/bolsa-tote-grande-para-convenciones-no-tejida-para-personalizar-con-logo\/","og_locale":"es_ES","og_type":"article","og_title":"Merchandising Bolsa Tote grande para convenciones no tejida para personalizar con logo - ADL","og_description":"Art\u00edculo de merchandising Bolsa Tote grande para convenciones no tejida \"Large Zeus\". \u00bfNecesita una buena bolsa para cualquier feria o conferencia? La bolsa de tela no tejida grande Zeus es una opci\u00f3n perfecta. Su delgado dise\u00f1o la convierte en un modelo elegante y adecuado para llevar objetos ligeros como un cuaderno y un bol\u00edgrafo. Las asas tienen 29 cm de longitud, por lo que son f\u00e1ciles de llevar al hombro. Resistencia hasta 5 kg de peso.","og_url":"https:\/\/adl-regalosempresa.com\/tiendaonline\/articulos\/merchandising\/bolsa-tote-grande-para-convenciones-no-tejida-para-personalizar-con-logo\/","og_site_name":"ADL Comunicaci\u00f3n","article_modified_time":"2026-04-18T08:00:15+00:00","og_image":[{"width":1600,"height":1600,"url":"https:\/\/adl-regalosempresa.com\/tiendaonline\/wp-content\/uploads\/2022\/06\/11941200.jpg","type":"image\/jpeg"}],"twitter_card":"summary_large_image","twitter_title":"Merchandising Bolsa Tote grande para convenciones no tejida para personalizar con logo - ADL","schema":{"@context":"https:\/\/schema.org","@graph":[{"@type":"WebPage","@id":"https:\/\/adl-regalosempresa.com\/tiendaonline\/articulos\/merchandising\/bolsa-tote-grande-para-convenciones-no-tejida-para-personalizar-con-logo\/","url":"https:\/\/adl-regalosempresa.com\/tiendaonline\/articulos\/merchandising\/bolsa-tote-grande-para-convenciones-no-tejida-para-personalizar-con-logo\/","name":"Merchandising Bolsa Tote grande para convenciones no tejida para personalizar con logo - ADL","isPartOf":{"@id":"https:\/\/adl-regalosempresa.com\/tiendaonline\/#website"},"primaryImageOfPage":{"@id":"https:\/\/adl-regalosempresa.com\/tiendaonline\/articulos\/merchandising\/bolsa-tote-grande-para-convenciones-no-tejida-para-personalizar-con-logo\/#primaryimage"},"image":{"@id":"https:\/\/adl-regalosempresa.com\/tiendaonline\/articulos\/merchandising\/bolsa-tote-grande-para-convenciones-no-tejida-para-personalizar-con-logo\/#primaryimage"},"thumbnailUrl":"https:\/\/adl-regalosempresa.com\/tiendaonline\/wp-content\/uploads\/2022\/06\/11941200.jpg","datePublished":"2026-03-28T05:03:11+00:00","dateModified":"2026-04-18T08:00:15+00:00","description":"Art\u00edculo de merchandising Bolsa Tote grande para convenciones no tejida \"Large Zeus\". \u00bfNecesita una buena bolsa para cualquier feria o conferencia? La bolsa de tela no tejida grande Zeus es una opci\u00f3n perfecta. Su delgado dise\u00f1o la convierte en un modelo elegante y adecuado para llevar objetos ligeros como un cuaderno y un bol\u00edgrafo. Las asas tienen 29 cm de longitud, por lo que son f\u00e1ciles de llevar al hombro. Resistencia hasta 5 kg de peso.","breadcrumb":{"@id":"https:\/\/adl-regalosempresa.com\/tiendaonline\/articulos\/merchandising\/bolsa-tote-grande-para-convenciones-no-tejida-para-personalizar-con-logo\/#breadcrumb"},"inLanguage":"es","potentialAction":[{"@type":"ReadAction","target":["https:\/\/adl-regalosempresa.com\/tiendaonline\/articulos\/merchandising\/bolsa-tote-grande-para-convenciones-no-tejida-para-personalizar-con-logo\/"]}]},{"@type":"ImageObject","inLanguage":"es","@id":"https:\/\/adl-regalosempresa.com\/tiendaonline\/articulos\/merchandising\/bolsa-tote-grande-para-convenciones-no-tejida-para-personalizar-con-logo\/#primaryimage","url":"https:\/\/adl-regalosempresa.com\/tiendaonline\/wp-content\/uploads\/2022\/06\/11941200.jpg","contentUrl":"https:\/\/adl-regalosempresa.com\/tiendaonline\/wp-content\/uploads\/2022\/06\/11941200.jpg","width":1600,"height":1600,"caption":"Bolsa Tote grande para convenciones no tejida \"Large Zeus\""},{"@type":"BreadcrumbList","@id":"https:\/\/adl-regalosempresa.com\/tiendaonline\/articulos\/merchandising\/bolsa-tote-grande-para-convenciones-no-tejida-para-personalizar-con-logo\/#breadcrumb","itemListElement":[{"@type":"ListItem","position":1,"name":"Portada","item":"https:\/\/adl-regalosempresa.com\/tiendaonline\/"},{"@type":"ListItem","position":2,"name":"Tienda","item":"https:\/\/adl-regalosempresa.com\/tiendaonline\/tienda\/"},{"@type":"ListItem","position":3,"name":"Bolsa Tote grande para convenciones no tejida para personalizar con logo"}]},{"@type":"WebSite","@id":"https:\/\/adl-regalosempresa.com\/tiendaonline\/#website","url":"https:\/\/adl-regalosempresa.com\/tiendaonline\/","name":"ADL Comunicaci\u00f3n","description":"Regalos de empresa","publisher":{"@id":"https:\/\/adl-regalosempresa.com\/tiendaonline\/#organization"},"potentialAction":[{"@type":"SearchAction","target":{"@type":"EntryPoint","urlTemplate":"https:\/\/adl-regalosempresa.com\/tiendaonline\/?s={search_term_string}"},"query-input":{"@type":"PropertyValueSpecification","valueRequired":true,"valueName":"search_term_string"}}],"inLanguage":"es"},{"@type":"Organization","@id":"https:\/\/adl-regalosempresa.com\/tiendaonline\/#organization","name":"ADL Comunicaci\u00f3n","url":"https:\/\/adl-regalosempresa.com\/tiendaonline\/","logo":{"@type":"ImageObject","inLanguage":"es","@id":"https:\/\/adl-regalosempresa.com\/tiendaonline\/#\/schema\/logo\/image\/","url":"https:\/\/adl-regalosempresa.com\/tiendaonline\/wp-content\/uploads\/2017\/09\/logo-adl-wp.png","contentUrl":"https:\/\/adl-regalosempresa.com\/tiendaonline\/wp-content\/uploads\/2017\/09\/logo-adl-wp.png","width":407,"height":185,"caption":"ADL Comunicaci\u00f3n"},"image":{"@id":"https:\/\/adl-regalosempresa.com\/tiendaonline\/#\/schema\/logo\/image\/"}}]}},"_links":{"self":[{"href":"https:\/\/adl-regalosempresa.com\/tiendaonline\/wp-json\/wp\/v2\/product\/90864","targetHints":{"allow":["GET"]}}],"collection":[{"href":"https:\/\/adl-regalosempresa.com\/tiendaonline\/wp-json\/wp\/v2\/product"}],"about":[{"href":"https:\/\/adl-regalosempresa.com\/tiendaonline\/wp-json\/wp\/v2\/types\/product"}],"wp:featuredmedia":[{"embeddable":true,"href":"https:\/\/adl-regalosempresa.com\/tiendaonline\/wp-json\/wp\/v2\/media\/90867"}],"wp:attachment":[{"href":"https:\/\/adl-regalosempresa.com\/tiendaonline\/wp-json\/wp\/v2\/media?parent=90864"}],"wp:term":[{"taxonomy":"product_brand","embeddable":true,"href":"https:\/\/adl-regalosempresa.com\/tiendaonline\/wp-json\/wp\/v2\/product_brand?post=90864"},{"taxonomy":"product_cat","embeddable":true,"href":"https:\/\/adl-regalosempresa.com\/tiendaonline\/wp-json\/wp\/v2\/product_cat?post=90864"},{"taxonomy":"product_tag","embeddable":true,"href":"https:\/\/adl-regalosempresa.com\/tiendaonline\/wp-json\/wp\/v2\/product_tag?post=90864"}],"curies":[{"name":"wp","href":"https:\/\/api.w.org\/{rel}","templated":true}]}}