{"id":90331,"date":"2026-04-05T04:01:56","date_gmt":"2026-04-05T04:01:56","guid":{"rendered":"https:\/\/adl-regalosempresa.com\/tiendaonline\/articulos\/merchandising\/delantal-con-dos-bolsillos-de-240g-m%c2%b2-para-personalizar\/"},"modified":"2026-04-09T08:10:16","modified_gmt":"2026-04-09T08:10:16","slug":"delantal-con-dos-bolsillos-de-240g-m%c2%b2-para-personalizar-con-logo","status":"publish","type":"product","link":"https:\/\/adl-regalosempresa.com\/tiendaonline\/articulos\/merchandising\/delantal-con-dos-bolsillos-de-240g-m%c2%b2-para-personalizar-con-logo\/","title":{"rendered":"Delantal con dos bolsillos de 240g\/m\u00b2  para personalizar con logo"},"content":{"rendered":"<p>Ya sea con o sin logotipo, proteger tu ropa mientras cocinas es f\u00e1cil con el delantal Viera. El delantal est\u00e1 fabricado en sarga de 240 g\/m\u00b2 (65% de poli\u00e9ster y 35% de algod\u00f3n), lo que hace que el delantal sea grueso y resistente, a la vez que suave y c\u00f3modo de llevar. Los dos bolsillos delanteros ofrecen una forma r\u00e1pida de guardar los utensilios de cocina, y su cinta de cuello de 1 metro de largo hace que este delantal sea de talla \u00fanica. Adem\u00e1s, el delantal Viera ofrece m\u00faltiples opciones para a\u00f1adir cualquier logotipo.<\/p>\n","protected":false},"excerpt":{"rendered":"<p><strong>Descuentos por cantidades<\/strong><br \/>&#8211; a partir de 100 unidades: 6,21 \u20ac\/ud<br \/>&#8211; a partir de 250 unidades: 6,21 \u20ac\/ud<br \/>&#8211; a partir de 1000 unidades: 6,09 \u20ac\/ud<\/p>\n<p>Para cantidades superiores a las aqu\u00ed indicadas, no dudes en ponerte en contacto con nuestro departamento comercial o <a href='https:\/\/adl-regalosempresa.com\/tiendaonline\/solicitud-presupuesto\/'>pedirnos presupuesto personalizado<\/a>, ajustaremos el presupuesto a tus necesidades.<\/p>\n","protected":false},"featured_media":90333,"template":"","meta":{"_kad_post_transparent":"","_kad_post_title":"","_kad_post_layout":"","_kad_post_sidebar_id":"","_kad_post_content_style":"","_kad_post_vertical_padding":"","_kad_post_feature":"","_kad_post_feature_position":"","_kad_post_header":false,"_kad_post_footer":false,"_kad_post_classname":""},"product_brand":[],"product_cat":[4682,3519],"product_tag":[],"class_list":{"0":"post-90331","1":"product","2":"type-product","3":"status-publish","4":"has-post-thumbnail","6":"product_cat-delantales","7":"product_cat-articulos-personalizados-hogar","8":"pa_ancho-70-cm","9":"pa_color-amarillo","10":"pa_color-azul-aqua","11":"pa_color-azul-marino","12":"pa_color-blanco","13":"pa_color-burdeos","14":"pa_color-caqui","15":"pa_color-gris","16":"pa_color-gris-oscuro","17":"pa_color-lima","18":"pa_color-magenta","19":"pa_color-marron","20":"pa_color-naranja","21":"pa_color-negro-intenso","22":"pa_color-rojo","23":"pa_color-verde-bosque","24":"pa_color-simple-azul","25":"pa_color-simple-blanco","26":"pa_color-simple-gris","27":"pa_color-simple-marron","28":"pa_color-simple-naranja","29":"pa_color-simple-natural","30":"pa_color-simple-negro-intenso","31":"pa_color-simple-rojo","32":"pa_color-simple-verde","33":"pa_largo-100-cm","34":"pa_marca-unbranded","35":"pa_material-poliester-algodon-240-g-m2","36":"pa_peso-225-gr","38":"first","39":"instock","40":"taxable","41":"shipping-taxable","42":"purchasable","43":"product-type-variable","44":"entry","45":"content-bg","46":"loop-entry"},"yoast_head":"<!-- This site is optimized with the Yoast SEO plugin v26.3 - https:\/\/yoast.com\/wordpress\/plugins\/seo\/ -->\n<title>Merchandising Delantal con dos bolsillos de 240g\/m\u00b2 para personalizar con logo - ADL<\/title>\n<meta name=\"description\" content=\"Art\u00edculo de merchandising Delantal con dos bolsillos de 240g\/m\u00b2 &quot;Viera&quot;. Ya sea con o sin logotipo, proteger tu ropa mientras cocinas es f\u00e1cil con el delantal Viera. El delantal est\u00e1 fabricado en sarga de 240 g\/m\u00b2 (65% de poli\u00e9ster y 35% de algod\u00f3n), lo que hace que el delantal sea grueso y resistente, a la vez que suave y c\u00f3modo de llevar. Los dos bolsillos delanteros ofrecen una forma r\u00e1pida de guardar los utensilios de cocina, y su cinta de cuello de 1 metro de largo hace que este delantal sea de talla \u00fanica. Adem\u00e1s, el delantal Viera ofrece m\u00faltiples opciones para a\u00f1adir cualquier logotipo.\" \/>\n<meta name=\"robots\" content=\"index, follow, max-snippet:-1, max-image-preview:large, max-video-preview:-1\" \/>\n<link rel=\"canonical\" href=\"https:\/\/adl-regalosempresa.com\/tiendaonline\/articulos\/merchandising\/delantal-con-dos-bolsillos-de-240g-m\u00b2-para-personalizar-con-logo\/\" \/>\n<meta property=\"og:locale\" content=\"es_ES\" \/>\n<meta property=\"og:type\" content=\"article\" \/>\n<meta property=\"og:title\" content=\"Merchandising Delantal con dos bolsillos de 240g\/m\u00b2 para personalizar con logo - ADL\" \/>\n<meta property=\"og:description\" content=\"Art\u00edculo de merchandising Delantal con dos bolsillos de 240g\/m\u00b2 &quot;Viera&quot;. Ya sea con o sin logotipo, proteger tu ropa mientras cocinas es f\u00e1cil con el delantal Viera. El delantal est\u00e1 fabricado en sarga de 240 g\/m\u00b2 (65% de poli\u00e9ster y 35% de algod\u00f3n), lo que hace que el delantal sea grueso y resistente, a la vez que suave y c\u00f3modo de llevar. Los dos bolsillos delanteros ofrecen una forma r\u00e1pida de guardar los utensilios de cocina, y su cinta de cuello de 1 metro de largo hace que este delantal sea de talla \u00fanica. Adem\u00e1s, el delantal Viera ofrece m\u00faltiples opciones para a\u00f1adir cualquier logotipo.\" \/>\n<meta property=\"og:url\" content=\"https:\/\/adl-regalosempresa.com\/tiendaonline\/articulos\/merchandising\/delantal-con-dos-bolsillos-de-240g-m\u00b2-para-personalizar-con-logo\/\" \/>\n<meta property=\"og:site_name\" content=\"ADL Comunicaci\u00f3n\" \/>\n<meta property=\"article:modified_time\" content=\"2026-04-09T08:10:16+00:00\" \/>\n<meta property=\"og:image\" content=\"https:\/\/adl-regalosempresa.com\/tiendaonline\/wp-content\/uploads\/2022\/06\/11205300.jpg\" \/>\n\t<meta property=\"og:image:width\" content=\"1600\" \/>\n\t<meta property=\"og:image:height\" content=\"1600\" \/>\n\t<meta property=\"og:image:type\" content=\"image\/jpeg\" \/>\n<meta name=\"twitter:card\" content=\"summary_large_image\" \/>\n<meta name=\"twitter:title\" content=\"Merchandising Delantal con dos bolsillos de 240g\/m\u00b2 para personalizar con logo - ADL\" \/>\n<meta name=\"twitter:label1\" content=\"Tiempo de lectura\" \/>\n\t<meta name=\"twitter:data1\" content=\"1 minuto\" \/>\n<script type=\"application\/ld+json\" class=\"yoast-schema-graph\">{\"@context\":\"https:\/\/schema.org\",\"@graph\":[{\"@type\":\"WebPage\",\"@id\":\"https:\/\/adl-regalosempresa.com\/tiendaonline\/articulos\/merchandising\/delantal-con-dos-bolsillos-de-240g-m%c2%b2-para-personalizar-con-logo\/\",\"url\":\"https:\/\/adl-regalosempresa.com\/tiendaonline\/articulos\/merchandising\/delantal-con-dos-bolsillos-de-240g-m%c2%b2-para-personalizar-con-logo\/\",\"name\":\"Merchandising Delantal con dos bolsillos de 240g\/m\u00b2 para personalizar con logo - ADL\",\"isPartOf\":{\"@id\":\"https:\/\/adl-regalosempresa.com\/tiendaonline\/#website\"},\"primaryImageOfPage\":{\"@id\":\"https:\/\/adl-regalosempresa.com\/tiendaonline\/articulos\/merchandising\/delantal-con-dos-bolsillos-de-240g-m%c2%b2-para-personalizar-con-logo\/#primaryimage\"},\"image\":{\"@id\":\"https:\/\/adl-regalosempresa.com\/tiendaonline\/articulos\/merchandising\/delantal-con-dos-bolsillos-de-240g-m%c2%b2-para-personalizar-con-logo\/#primaryimage\"},\"thumbnailUrl\":\"https:\/\/adl-regalosempresa.com\/tiendaonline\/wp-content\/uploads\/2022\/06\/11205300.jpg\",\"datePublished\":\"2026-04-05T04:01:56+00:00\",\"dateModified\":\"2026-04-09T08:10:16+00:00\",\"description\":\"Art\u00edculo de merchandising Delantal con dos bolsillos de 240g\/m\u00b2 \\\"Viera\\\". Ya sea con o sin logotipo, proteger tu ropa mientras cocinas es f\u00e1cil con el delantal Viera. El delantal est\u00e1 fabricado en sarga de 240 g\/m\u00b2 (65% de poli\u00e9ster y 35% de algod\u00f3n), lo que hace que el delantal sea grueso y resistente, a la vez que suave y c\u00f3modo de llevar. Los dos bolsillos delanteros ofrecen una forma r\u00e1pida de guardar los utensilios de cocina, y su cinta de cuello de 1 metro de largo hace que este delantal sea de talla \u00fanica. Adem\u00e1s, el delantal Viera ofrece m\u00faltiples opciones para a\u00f1adir cualquier logotipo.\",\"breadcrumb\":{\"@id\":\"https:\/\/adl-regalosempresa.com\/tiendaonline\/articulos\/merchandising\/delantal-con-dos-bolsillos-de-240g-m%c2%b2-para-personalizar-con-logo\/#breadcrumb\"},\"inLanguage\":\"es\",\"potentialAction\":[{\"@type\":\"ReadAction\",\"target\":[\"https:\/\/adl-regalosempresa.com\/tiendaonline\/articulos\/merchandising\/delantal-con-dos-bolsillos-de-240g-m%c2%b2-para-personalizar-con-logo\/\"]}]},{\"@type\":\"ImageObject\",\"inLanguage\":\"es\",\"@id\":\"https:\/\/adl-regalosempresa.com\/tiendaonline\/articulos\/merchandising\/delantal-con-dos-bolsillos-de-240g-m%c2%b2-para-personalizar-con-logo\/#primaryimage\",\"url\":\"https:\/\/adl-regalosempresa.com\/tiendaonline\/wp-content\/uploads\/2022\/06\/11205300.jpg\",\"contentUrl\":\"https:\/\/adl-regalosempresa.com\/tiendaonline\/wp-content\/uploads\/2022\/06\/11205300.jpg\",\"width\":1600,\"height\":1600,\"caption\":\"Delantal con dos bolsillos de 240g\/m\u00b2 \\\"Viera\\\"\"},{\"@type\":\"BreadcrumbList\",\"@id\":\"https:\/\/adl-regalosempresa.com\/tiendaonline\/articulos\/merchandising\/delantal-con-dos-bolsillos-de-240g-m%c2%b2-para-personalizar-con-logo\/#breadcrumb\",\"itemListElement\":[{\"@type\":\"ListItem\",\"position\":1,\"name\":\"Portada\",\"item\":\"https:\/\/adl-regalosempresa.com\/tiendaonline\/\"},{\"@type\":\"ListItem\",\"position\":2,\"name\":\"Tienda\",\"item\":\"https:\/\/adl-regalosempresa.com\/tiendaonline\/tienda\/\"},{\"@type\":\"ListItem\",\"position\":3,\"name\":\"Delantal con dos bolsillos de 240g\/m\u00b2 para personalizar con logo\"}]},{\"@type\":\"WebSite\",\"@id\":\"https:\/\/adl-regalosempresa.com\/tiendaonline\/#website\",\"url\":\"https:\/\/adl-regalosempresa.com\/tiendaonline\/\",\"name\":\"ADL Comunicaci\u00f3n\",\"description\":\"Regalos de empresa\",\"publisher\":{\"@id\":\"https:\/\/adl-regalosempresa.com\/tiendaonline\/#organization\"},\"potentialAction\":[{\"@type\":\"SearchAction\",\"target\":{\"@type\":\"EntryPoint\",\"urlTemplate\":\"https:\/\/adl-regalosempresa.com\/tiendaonline\/?s={search_term_string}\"},\"query-input\":{\"@type\":\"PropertyValueSpecification\",\"valueRequired\":true,\"valueName\":\"search_term_string\"}}],\"inLanguage\":\"es\"},{\"@type\":\"Organization\",\"@id\":\"https:\/\/adl-regalosempresa.com\/tiendaonline\/#organization\",\"name\":\"ADL Comunicaci\u00f3n\",\"url\":\"https:\/\/adl-regalosempresa.com\/tiendaonline\/\",\"logo\":{\"@type\":\"ImageObject\",\"inLanguage\":\"es\",\"@id\":\"https:\/\/adl-regalosempresa.com\/tiendaonline\/#\/schema\/logo\/image\/\",\"url\":\"https:\/\/adl-regalosempresa.com\/tiendaonline\/wp-content\/uploads\/2017\/09\/logo-adl-wp.png\",\"contentUrl\":\"https:\/\/adl-regalosempresa.com\/tiendaonline\/wp-content\/uploads\/2017\/09\/logo-adl-wp.png\",\"width\":407,\"height\":185,\"caption\":\"ADL Comunicaci\u00f3n\"},\"image\":{\"@id\":\"https:\/\/adl-regalosempresa.com\/tiendaonline\/#\/schema\/logo\/image\/\"}}]}<\/script>\n<!-- \/ Yoast SEO plugin. -->","yoast_head_json":{"title":"Merchandising Delantal con dos bolsillos de 240g\/m\u00b2 para personalizar con logo - ADL","description":"Art\u00edculo de merchandising Delantal con dos bolsillos de 240g\/m\u00b2 \"Viera\". Ya sea con o sin logotipo, proteger tu ropa mientras cocinas es f\u00e1cil con el delantal Viera. El delantal est\u00e1 fabricado en sarga de 240 g\/m\u00b2 (65% de poli\u00e9ster y 35% de algod\u00f3n), lo que hace que el delantal sea grueso y resistente, a la vez que suave y c\u00f3modo de llevar. Los dos bolsillos delanteros ofrecen una forma r\u00e1pida de guardar los utensilios de cocina, y su cinta de cuello de 1 metro de largo hace que este delantal sea de talla \u00fanica. Adem\u00e1s, el delantal Viera ofrece m\u00faltiples opciones para a\u00f1adir cualquier logotipo.","robots":{"index":"index","follow":"follow","max-snippet":"max-snippet:-1","max-image-preview":"max-image-preview:large","max-video-preview":"max-video-preview:-1"},"canonical":"https:\/\/adl-regalosempresa.com\/tiendaonline\/articulos\/merchandising\/delantal-con-dos-bolsillos-de-240g-m\u00b2-para-personalizar-con-logo\/","og_locale":"es_ES","og_type":"article","og_title":"Merchandising Delantal con dos bolsillos de 240g\/m\u00b2 para personalizar con logo - ADL","og_description":"Art\u00edculo de merchandising Delantal con dos bolsillos de 240g\/m\u00b2 \"Viera\". Ya sea con o sin logotipo, proteger tu ropa mientras cocinas es f\u00e1cil con el delantal Viera. El delantal est\u00e1 fabricado en sarga de 240 g\/m\u00b2 (65% de poli\u00e9ster y 35% de algod\u00f3n), lo que hace que el delantal sea grueso y resistente, a la vez que suave y c\u00f3modo de llevar. Los dos bolsillos delanteros ofrecen una forma r\u00e1pida de guardar los utensilios de cocina, y su cinta de cuello de 1 metro de largo hace que este delantal sea de talla \u00fanica. Adem\u00e1s, el delantal Viera ofrece m\u00faltiples opciones para a\u00f1adir cualquier logotipo.","og_url":"https:\/\/adl-regalosempresa.com\/tiendaonline\/articulos\/merchandising\/delantal-con-dos-bolsillos-de-240g-m\u00b2-para-personalizar-con-logo\/","og_site_name":"ADL Comunicaci\u00f3n","article_modified_time":"2026-04-09T08:10:16+00:00","og_image":[{"width":1600,"height":1600,"url":"https:\/\/adl-regalosempresa.com\/tiendaonline\/wp-content\/uploads\/2022\/06\/11205300.jpg","type":"image\/jpeg"}],"twitter_card":"summary_large_image","twitter_title":"Merchandising Delantal con dos bolsillos de 240g\/m\u00b2 para personalizar con logo - ADL","twitter_misc":{"Tiempo de lectura":"1 minuto"},"schema":{"@context":"https:\/\/schema.org","@graph":[{"@type":"WebPage","@id":"https:\/\/adl-regalosempresa.com\/tiendaonline\/articulos\/merchandising\/delantal-con-dos-bolsillos-de-240g-m%c2%b2-para-personalizar-con-logo\/","url":"https:\/\/adl-regalosempresa.com\/tiendaonline\/articulos\/merchandising\/delantal-con-dos-bolsillos-de-240g-m%c2%b2-para-personalizar-con-logo\/","name":"Merchandising Delantal con dos bolsillos de 240g\/m\u00b2 para personalizar con logo - ADL","isPartOf":{"@id":"https:\/\/adl-regalosempresa.com\/tiendaonline\/#website"},"primaryImageOfPage":{"@id":"https:\/\/adl-regalosempresa.com\/tiendaonline\/articulos\/merchandising\/delantal-con-dos-bolsillos-de-240g-m%c2%b2-para-personalizar-con-logo\/#primaryimage"},"image":{"@id":"https:\/\/adl-regalosempresa.com\/tiendaonline\/articulos\/merchandising\/delantal-con-dos-bolsillos-de-240g-m%c2%b2-para-personalizar-con-logo\/#primaryimage"},"thumbnailUrl":"https:\/\/adl-regalosempresa.com\/tiendaonline\/wp-content\/uploads\/2022\/06\/11205300.jpg","datePublished":"2026-04-05T04:01:56+00:00","dateModified":"2026-04-09T08:10:16+00:00","description":"Art\u00edculo de merchandising Delantal con dos bolsillos de 240g\/m\u00b2 \"Viera\". Ya sea con o sin logotipo, proteger tu ropa mientras cocinas es f\u00e1cil con el delantal Viera. El delantal est\u00e1 fabricado en sarga de 240 g\/m\u00b2 (65% de poli\u00e9ster y 35% de algod\u00f3n), lo que hace que el delantal sea grueso y resistente, a la vez que suave y c\u00f3modo de llevar. Los dos bolsillos delanteros ofrecen una forma r\u00e1pida de guardar los utensilios de cocina, y su cinta de cuello de 1 metro de largo hace que este delantal sea de talla \u00fanica. Adem\u00e1s, el delantal Viera ofrece m\u00faltiples opciones para a\u00f1adir cualquier logotipo.","breadcrumb":{"@id":"https:\/\/adl-regalosempresa.com\/tiendaonline\/articulos\/merchandising\/delantal-con-dos-bolsillos-de-240g-m%c2%b2-para-personalizar-con-logo\/#breadcrumb"},"inLanguage":"es","potentialAction":[{"@type":"ReadAction","target":["https:\/\/adl-regalosempresa.com\/tiendaonline\/articulos\/merchandising\/delantal-con-dos-bolsillos-de-240g-m%c2%b2-para-personalizar-con-logo\/"]}]},{"@type":"ImageObject","inLanguage":"es","@id":"https:\/\/adl-regalosempresa.com\/tiendaonline\/articulos\/merchandising\/delantal-con-dos-bolsillos-de-240g-m%c2%b2-para-personalizar-con-logo\/#primaryimage","url":"https:\/\/adl-regalosempresa.com\/tiendaonline\/wp-content\/uploads\/2022\/06\/11205300.jpg","contentUrl":"https:\/\/adl-regalosempresa.com\/tiendaonline\/wp-content\/uploads\/2022\/06\/11205300.jpg","width":1600,"height":1600,"caption":"Delantal con dos bolsillos de 240g\/m\u00b2 \"Viera\""},{"@type":"BreadcrumbList","@id":"https:\/\/adl-regalosempresa.com\/tiendaonline\/articulos\/merchandising\/delantal-con-dos-bolsillos-de-240g-m%c2%b2-para-personalizar-con-logo\/#breadcrumb","itemListElement":[{"@type":"ListItem","position":1,"name":"Portada","item":"https:\/\/adl-regalosempresa.com\/tiendaonline\/"},{"@type":"ListItem","position":2,"name":"Tienda","item":"https:\/\/adl-regalosempresa.com\/tiendaonline\/tienda\/"},{"@type":"ListItem","position":3,"name":"Delantal con dos bolsillos de 240g\/m\u00b2 para personalizar con logo"}]},{"@type":"WebSite","@id":"https:\/\/adl-regalosempresa.com\/tiendaonline\/#website","url":"https:\/\/adl-regalosempresa.com\/tiendaonline\/","name":"ADL Comunicaci\u00f3n","description":"Regalos de empresa","publisher":{"@id":"https:\/\/adl-regalosempresa.com\/tiendaonline\/#organization"},"potentialAction":[{"@type":"SearchAction","target":{"@type":"EntryPoint","urlTemplate":"https:\/\/adl-regalosempresa.com\/tiendaonline\/?s={search_term_string}"},"query-input":{"@type":"PropertyValueSpecification","valueRequired":true,"valueName":"search_term_string"}}],"inLanguage":"es"},{"@type":"Organization","@id":"https:\/\/adl-regalosempresa.com\/tiendaonline\/#organization","name":"ADL Comunicaci\u00f3n","url":"https:\/\/adl-regalosempresa.com\/tiendaonline\/","logo":{"@type":"ImageObject","inLanguage":"es","@id":"https:\/\/adl-regalosempresa.com\/tiendaonline\/#\/schema\/logo\/image\/","url":"https:\/\/adl-regalosempresa.com\/tiendaonline\/wp-content\/uploads\/2017\/09\/logo-adl-wp.png","contentUrl":"https:\/\/adl-regalosempresa.com\/tiendaonline\/wp-content\/uploads\/2017\/09\/logo-adl-wp.png","width":407,"height":185,"caption":"ADL Comunicaci\u00f3n"},"image":{"@id":"https:\/\/adl-regalosempresa.com\/tiendaonline\/#\/schema\/logo\/image\/"}}]}},"_links":{"self":[{"href":"https:\/\/adl-regalosempresa.com\/tiendaonline\/wp-json\/wp\/v2\/product\/90331","targetHints":{"allow":["GET"]}}],"collection":[{"href":"https:\/\/adl-regalosempresa.com\/tiendaonline\/wp-json\/wp\/v2\/product"}],"about":[{"href":"https:\/\/adl-regalosempresa.com\/tiendaonline\/wp-json\/wp\/v2\/types\/product"}],"wp:featuredmedia":[{"embeddable":true,"href":"https:\/\/adl-regalosempresa.com\/tiendaonline\/wp-json\/wp\/v2\/media\/90333"}],"wp:attachment":[{"href":"https:\/\/adl-regalosempresa.com\/tiendaonline\/wp-json\/wp\/v2\/media?parent=90331"}],"wp:term":[{"taxonomy":"product_brand","embeddable":true,"href":"https:\/\/adl-regalosempresa.com\/tiendaonline\/wp-json\/wp\/v2\/product_brand?post=90331"},{"taxonomy":"product_cat","embeddable":true,"href":"https:\/\/adl-regalosempresa.com\/tiendaonline\/wp-json\/wp\/v2\/product_cat?post=90331"},{"taxonomy":"product_tag","embeddable":true,"href":"https:\/\/adl-regalosempresa.com\/tiendaonline\/wp-json\/wp\/v2\/product_tag?post=90331"}],"curies":[{"name":"wp","href":"https:\/\/api.w.org\/{rel}","templated":true}]}}