{"id":90290,"date":"2026-03-24T05:09:02","date_gmt":"2026-03-24T05:09:02","guid":{"rendered":"https:\/\/adl-regalosempresa.com\/tiendaonline\/articulos\/merchandising\/gorro-para-personalizar-4\/"},"modified":"2026-05-01T07:56:12","modified_gmt":"2026-05-01T07:56:12","slug":"gorro-para-personalizar-con-logo-4","status":"publish","type":"product","link":"https:\/\/adl-regalosempresa.com\/tiendaonline\/articulos\/merchandising\/gorro-para-personalizar-con-logo-4\/","title":{"rendered":"Gorro  para personalizar con logo"},"content":{"rendered":"<p>El gorro Spire une estilo y comodidad. Fabricado con 100% acr\u00edlico en un cl\u00e1sico punto de canal\u00e9 2&#215;2, este gorro garantiza un ajuste ce\u00f1ido y una calidad duradera. Tiene un dise\u00f1o atemporal, caracterizado por el dibujo de l\u00edneas verticales en relieve. Disfruta tanto de la calidez como de la moda con el gorro Spire, el accesorio perfecto que ofrece elasticidad y flexibilidad para un ajuste c\u00f3modo y adaptable.<\/p>\n","protected":false},"excerpt":{"rendered":"<p><strong>Descuentos por cantidades<\/strong><br \/>&#8211; a partir de 100 unidades: 5,9 \u20ac\/ud<br \/>&#8211; a partir de 250 unidades: 5,9 \u20ac\/ud<br \/>&#8211; a partir de 1000 unidades: 5,78 \u20ac\/ud<\/p>\n<p>Para cantidades superiores a las aqu\u00ed indicadas, no dudes en ponerte en contacto con nuestro departamento comercial o <a href='https:\/\/adl-regalosempresa.com\/tiendaonline\/solicitud-presupuesto\/'>pedirnos presupuesto personalizado<\/a>, ajustaremos el presupuesto a tus necesidades.<\/p>\n","protected":false},"featured_media":90292,"template":"","meta":{"_kad_post_transparent":"","_kad_post_title":"","_kad_post_layout":"","_kad_post_sidebar_id":"","_kad_post_content_style":"","_kad_post_vertical_padding":"","_kad_post_feature":"","_kad_post_feature_position":"","_kad_post_header":false,"_kad_post_footer":false,"_kad_post_classname":""},"product_brand":[],"product_cat":[6229,3649],"product_tag":[],"class_list":{"0":"post-90290","1":"product","2":"type-product","3":"status-publish","4":"has-post-thumbnail","6":"product_cat-gorros","7":"product_cat-ropa","8":"pa_alto-23-cm","9":"pa_ancho-19-cm","10":"pa_color-azul-marino","11":"pa_color-gris-tormenta","12":"pa_color-negro-intenso","13":"pa_color-simple-azul","14":"pa_color-simple-gris","15":"pa_color-simple-negro-intenso","16":"pa_genero-unisex","17":"pa_marca-elevate","18":"pa_material-2x2-rib-knit-acrilico","19":"pa_peso-80-gr","21":"first","22":"instock","23":"taxable","24":"shipping-taxable","25":"purchasable","26":"product-type-variable","27":"entry","28":"content-bg","29":"loop-entry"},"yoast_head":"<!-- This site is optimized with the Yoast SEO plugin v26.3 - https:\/\/yoast.com\/wordpress\/plugins\/seo\/ -->\n<title>Merchandising Gorro para personalizar con logo - ADL<\/title>\n<meta name=\"description\" content=\"Art\u00edculo de merchandising Gorro &quot;Spire&quot;. El gorro Spire une estilo y comodidad. Fabricado con 100% acr\u00edlico en un cl\u00e1sico punto de canal\u00e9 2x2, este gorro garantiza un ajuste ce\u00f1ido y una calidad duradera. Tiene un dise\u00f1o atemporal, caracterizado por el dibujo de l\u00edneas verticales en relieve. Disfruta tanto de la calidez como de la moda con el gorro Spire, el accesorio perfecto que ofrece elasticidad y flexibilidad para un ajuste c\u00f3modo y adaptable.\" \/>\n<meta name=\"robots\" content=\"index, follow, max-snippet:-1, max-image-preview:large, max-video-preview:-1\" \/>\n<link rel=\"canonical\" href=\"https:\/\/adl-regalosempresa.com\/tiendaonline\/articulos\/merchandising\/gorro-para-personalizar-con-logo-4\/\" \/>\n<meta property=\"og:locale\" content=\"es_ES\" \/>\n<meta property=\"og:type\" content=\"article\" \/>\n<meta property=\"og:title\" content=\"Merchandising Gorro para personalizar con logo - ADL\" \/>\n<meta property=\"og:description\" content=\"Art\u00edculo de merchandising Gorro &quot;Spire&quot;. El gorro Spire une estilo y comodidad. Fabricado con 100% acr\u00edlico en un cl\u00e1sico punto de canal\u00e9 2x2, este gorro garantiza un ajuste ce\u00f1ido y una calidad duradera. Tiene un dise\u00f1o atemporal, caracterizado por el dibujo de l\u00edneas verticales en relieve. Disfruta tanto de la calidez como de la moda con el gorro Spire, el accesorio perfecto que ofrece elasticidad y flexibilidad para un ajuste c\u00f3modo y adaptable.\" \/>\n<meta property=\"og:url\" content=\"https:\/\/adl-regalosempresa.com\/tiendaonline\/articulos\/merchandising\/gorro-para-personalizar-con-logo-4\/\" \/>\n<meta property=\"og:site_name\" content=\"ADL Comunicaci\u00f3n\" \/>\n<meta property=\"article:modified_time\" content=\"2026-05-01T07:56:12+00:00\" \/>\n<meta property=\"og:image\" content=\"https:\/\/adl-regalosempresa.com\/tiendaonline\/wp-content\/uploads\/2022\/06\/11105703.jpg\" \/>\n\t<meta property=\"og:image:width\" content=\"1600\" \/>\n\t<meta property=\"og:image:height\" content=\"1600\" \/>\n\t<meta property=\"og:image:type\" content=\"image\/jpeg\" \/>\n<meta name=\"twitter:card\" content=\"summary_large_image\" \/>\n<meta name=\"twitter:title\" content=\"Merchandising Gorro para personalizar con logo - ADL\" \/>\n<script type=\"application\/ld+json\" class=\"yoast-schema-graph\">{\"@context\":\"https:\/\/schema.org\",\"@graph\":[{\"@type\":\"WebPage\",\"@id\":\"https:\/\/adl-regalosempresa.com\/tiendaonline\/articulos\/merchandising\/gorro-para-personalizar-con-logo-4\/\",\"url\":\"https:\/\/adl-regalosempresa.com\/tiendaonline\/articulos\/merchandising\/gorro-para-personalizar-con-logo-4\/\",\"name\":\"Merchandising Gorro para personalizar con logo - ADL\",\"isPartOf\":{\"@id\":\"https:\/\/adl-regalosempresa.com\/tiendaonline\/#website\"},\"primaryImageOfPage\":{\"@id\":\"https:\/\/adl-regalosempresa.com\/tiendaonline\/articulos\/merchandising\/gorro-para-personalizar-con-logo-4\/#primaryimage\"},\"image\":{\"@id\":\"https:\/\/adl-regalosempresa.com\/tiendaonline\/articulos\/merchandising\/gorro-para-personalizar-con-logo-4\/#primaryimage\"},\"thumbnailUrl\":\"https:\/\/adl-regalosempresa.com\/tiendaonline\/wp-content\/uploads\/2022\/06\/11105703.jpg\",\"datePublished\":\"2026-03-24T05:09:02+00:00\",\"dateModified\":\"2026-05-01T07:56:12+00:00\",\"description\":\"Art\u00edculo de merchandising Gorro \\\"Spire\\\". El gorro Spire une estilo y comodidad. Fabricado con 100% acr\u00edlico en un cl\u00e1sico punto de canal\u00e9 2x2, este gorro garantiza un ajuste ce\u00f1ido y una calidad duradera. Tiene un dise\u00f1o atemporal, caracterizado por el dibujo de l\u00edneas verticales en relieve. Disfruta tanto de la calidez como de la moda con el gorro Spire, el accesorio perfecto que ofrece elasticidad y flexibilidad para un ajuste c\u00f3modo y adaptable.\",\"breadcrumb\":{\"@id\":\"https:\/\/adl-regalosempresa.com\/tiendaonline\/articulos\/merchandising\/gorro-para-personalizar-con-logo-4\/#breadcrumb\"},\"inLanguage\":\"es\",\"potentialAction\":[{\"@type\":\"ReadAction\",\"target\":[\"https:\/\/adl-regalosempresa.com\/tiendaonline\/articulos\/merchandising\/gorro-para-personalizar-con-logo-4\/\"]}]},{\"@type\":\"ImageObject\",\"inLanguage\":\"es\",\"@id\":\"https:\/\/adl-regalosempresa.com\/tiendaonline\/articulos\/merchandising\/gorro-para-personalizar-con-logo-4\/#primaryimage\",\"url\":\"https:\/\/adl-regalosempresa.com\/tiendaonline\/wp-content\/uploads\/2022\/06\/11105703.jpg\",\"contentUrl\":\"https:\/\/adl-regalosempresa.com\/tiendaonline\/wp-content\/uploads\/2022\/06\/11105703.jpg\",\"width\":1600,\"height\":1600,\"caption\":\"Gorro \\\"Spire\\\"\"},{\"@type\":\"BreadcrumbList\",\"@id\":\"https:\/\/adl-regalosempresa.com\/tiendaonline\/articulos\/merchandising\/gorro-para-personalizar-con-logo-4\/#breadcrumb\",\"itemListElement\":[{\"@type\":\"ListItem\",\"position\":1,\"name\":\"Portada\",\"item\":\"https:\/\/adl-regalosempresa.com\/tiendaonline\/\"},{\"@type\":\"ListItem\",\"position\":2,\"name\":\"Tienda\",\"item\":\"https:\/\/adl-regalosempresa.com\/tiendaonline\/tienda\/\"},{\"@type\":\"ListItem\",\"position\":3,\"name\":\"Gorro para personalizar con logo\"}]},{\"@type\":\"WebSite\",\"@id\":\"https:\/\/adl-regalosempresa.com\/tiendaonline\/#website\",\"url\":\"https:\/\/adl-regalosempresa.com\/tiendaonline\/\",\"name\":\"ADL Comunicaci\u00f3n\",\"description\":\"Regalos de empresa\",\"publisher\":{\"@id\":\"https:\/\/adl-regalosempresa.com\/tiendaonline\/#organization\"},\"potentialAction\":[{\"@type\":\"SearchAction\",\"target\":{\"@type\":\"EntryPoint\",\"urlTemplate\":\"https:\/\/adl-regalosempresa.com\/tiendaonline\/?s={search_term_string}\"},\"query-input\":{\"@type\":\"PropertyValueSpecification\",\"valueRequired\":true,\"valueName\":\"search_term_string\"}}],\"inLanguage\":\"es\"},{\"@type\":\"Organization\",\"@id\":\"https:\/\/adl-regalosempresa.com\/tiendaonline\/#organization\",\"name\":\"ADL Comunicaci\u00f3n\",\"url\":\"https:\/\/adl-regalosempresa.com\/tiendaonline\/\",\"logo\":{\"@type\":\"ImageObject\",\"inLanguage\":\"es\",\"@id\":\"https:\/\/adl-regalosempresa.com\/tiendaonline\/#\/schema\/logo\/image\/\",\"url\":\"https:\/\/adl-regalosempresa.com\/tiendaonline\/wp-content\/uploads\/2017\/09\/logo-adl-wp.png\",\"contentUrl\":\"https:\/\/adl-regalosempresa.com\/tiendaonline\/wp-content\/uploads\/2017\/09\/logo-adl-wp.png\",\"width\":407,\"height\":185,\"caption\":\"ADL Comunicaci\u00f3n\"},\"image\":{\"@id\":\"https:\/\/adl-regalosempresa.com\/tiendaonline\/#\/schema\/logo\/image\/\"}}]}<\/script>\n<!-- \/ Yoast SEO plugin. -->","yoast_head_json":{"title":"Merchandising Gorro para personalizar con logo - ADL","description":"Art\u00edculo de merchandising Gorro \"Spire\". El gorro Spire une estilo y comodidad. Fabricado con 100% acr\u00edlico en un cl\u00e1sico punto de canal\u00e9 2x2, este gorro garantiza un ajuste ce\u00f1ido y una calidad duradera. Tiene un dise\u00f1o atemporal, caracterizado por el dibujo de l\u00edneas verticales en relieve. Disfruta tanto de la calidez como de la moda con el gorro Spire, el accesorio perfecto que ofrece elasticidad y flexibilidad para un ajuste c\u00f3modo y adaptable.","robots":{"index":"index","follow":"follow","max-snippet":"max-snippet:-1","max-image-preview":"max-image-preview:large","max-video-preview":"max-video-preview:-1"},"canonical":"https:\/\/adl-regalosempresa.com\/tiendaonline\/articulos\/merchandising\/gorro-para-personalizar-con-logo-4\/","og_locale":"es_ES","og_type":"article","og_title":"Merchandising Gorro para personalizar con logo - ADL","og_description":"Art\u00edculo de merchandising Gorro \"Spire\". El gorro Spire une estilo y comodidad. Fabricado con 100% acr\u00edlico en un cl\u00e1sico punto de canal\u00e9 2x2, este gorro garantiza un ajuste ce\u00f1ido y una calidad duradera. Tiene un dise\u00f1o atemporal, caracterizado por el dibujo de l\u00edneas verticales en relieve. Disfruta tanto de la calidez como de la moda con el gorro Spire, el accesorio perfecto que ofrece elasticidad y flexibilidad para un ajuste c\u00f3modo y adaptable.","og_url":"https:\/\/adl-regalosempresa.com\/tiendaonline\/articulos\/merchandising\/gorro-para-personalizar-con-logo-4\/","og_site_name":"ADL Comunicaci\u00f3n","article_modified_time":"2026-05-01T07:56:12+00:00","og_image":[{"width":1600,"height":1600,"url":"https:\/\/adl-regalosempresa.com\/tiendaonline\/wp-content\/uploads\/2022\/06\/11105703.jpg","type":"image\/jpeg"}],"twitter_card":"summary_large_image","twitter_title":"Merchandising Gorro para personalizar con logo - ADL","schema":{"@context":"https:\/\/schema.org","@graph":[{"@type":"WebPage","@id":"https:\/\/adl-regalosempresa.com\/tiendaonline\/articulos\/merchandising\/gorro-para-personalizar-con-logo-4\/","url":"https:\/\/adl-regalosempresa.com\/tiendaonline\/articulos\/merchandising\/gorro-para-personalizar-con-logo-4\/","name":"Merchandising Gorro para personalizar con logo - ADL","isPartOf":{"@id":"https:\/\/adl-regalosempresa.com\/tiendaonline\/#website"},"primaryImageOfPage":{"@id":"https:\/\/adl-regalosempresa.com\/tiendaonline\/articulos\/merchandising\/gorro-para-personalizar-con-logo-4\/#primaryimage"},"image":{"@id":"https:\/\/adl-regalosempresa.com\/tiendaonline\/articulos\/merchandising\/gorro-para-personalizar-con-logo-4\/#primaryimage"},"thumbnailUrl":"https:\/\/adl-regalosempresa.com\/tiendaonline\/wp-content\/uploads\/2022\/06\/11105703.jpg","datePublished":"2026-03-24T05:09:02+00:00","dateModified":"2026-05-01T07:56:12+00:00","description":"Art\u00edculo de merchandising Gorro \"Spire\". El gorro Spire une estilo y comodidad. Fabricado con 100% acr\u00edlico en un cl\u00e1sico punto de canal\u00e9 2x2, este gorro garantiza un ajuste ce\u00f1ido y una calidad duradera. Tiene un dise\u00f1o atemporal, caracterizado por el dibujo de l\u00edneas verticales en relieve. Disfruta tanto de la calidez como de la moda con el gorro Spire, el accesorio perfecto que ofrece elasticidad y flexibilidad para un ajuste c\u00f3modo y adaptable.","breadcrumb":{"@id":"https:\/\/adl-regalosempresa.com\/tiendaonline\/articulos\/merchandising\/gorro-para-personalizar-con-logo-4\/#breadcrumb"},"inLanguage":"es","potentialAction":[{"@type":"ReadAction","target":["https:\/\/adl-regalosempresa.com\/tiendaonline\/articulos\/merchandising\/gorro-para-personalizar-con-logo-4\/"]}]},{"@type":"ImageObject","inLanguage":"es","@id":"https:\/\/adl-regalosempresa.com\/tiendaonline\/articulos\/merchandising\/gorro-para-personalizar-con-logo-4\/#primaryimage","url":"https:\/\/adl-regalosempresa.com\/tiendaonline\/wp-content\/uploads\/2022\/06\/11105703.jpg","contentUrl":"https:\/\/adl-regalosempresa.com\/tiendaonline\/wp-content\/uploads\/2022\/06\/11105703.jpg","width":1600,"height":1600,"caption":"Gorro \"Spire\""},{"@type":"BreadcrumbList","@id":"https:\/\/adl-regalosempresa.com\/tiendaonline\/articulos\/merchandising\/gorro-para-personalizar-con-logo-4\/#breadcrumb","itemListElement":[{"@type":"ListItem","position":1,"name":"Portada","item":"https:\/\/adl-regalosempresa.com\/tiendaonline\/"},{"@type":"ListItem","position":2,"name":"Tienda","item":"https:\/\/adl-regalosempresa.com\/tiendaonline\/tienda\/"},{"@type":"ListItem","position":3,"name":"Gorro para personalizar con logo"}]},{"@type":"WebSite","@id":"https:\/\/adl-regalosempresa.com\/tiendaonline\/#website","url":"https:\/\/adl-regalosempresa.com\/tiendaonline\/","name":"ADL Comunicaci\u00f3n","description":"Regalos de empresa","publisher":{"@id":"https:\/\/adl-regalosempresa.com\/tiendaonline\/#organization"},"potentialAction":[{"@type":"SearchAction","target":{"@type":"EntryPoint","urlTemplate":"https:\/\/adl-regalosempresa.com\/tiendaonline\/?s={search_term_string}"},"query-input":{"@type":"PropertyValueSpecification","valueRequired":true,"valueName":"search_term_string"}}],"inLanguage":"es"},{"@type":"Organization","@id":"https:\/\/adl-regalosempresa.com\/tiendaonline\/#organization","name":"ADL Comunicaci\u00f3n","url":"https:\/\/adl-regalosempresa.com\/tiendaonline\/","logo":{"@type":"ImageObject","inLanguage":"es","@id":"https:\/\/adl-regalosempresa.com\/tiendaonline\/#\/schema\/logo\/image\/","url":"https:\/\/adl-regalosempresa.com\/tiendaonline\/wp-content\/uploads\/2017\/09\/logo-adl-wp.png","contentUrl":"https:\/\/adl-regalosempresa.com\/tiendaonline\/wp-content\/uploads\/2017\/09\/logo-adl-wp.png","width":407,"height":185,"caption":"ADL Comunicaci\u00f3n"},"image":{"@id":"https:\/\/adl-regalosempresa.com\/tiendaonline\/#\/schema\/logo\/image\/"}}]}},"_links":{"self":[{"href":"https:\/\/adl-regalosempresa.com\/tiendaonline\/wp-json\/wp\/v2\/product\/90290","targetHints":{"allow":["GET"]}}],"collection":[{"href":"https:\/\/adl-regalosempresa.com\/tiendaonline\/wp-json\/wp\/v2\/product"}],"about":[{"href":"https:\/\/adl-regalosempresa.com\/tiendaonline\/wp-json\/wp\/v2\/types\/product"}],"wp:featuredmedia":[{"embeddable":true,"href":"https:\/\/adl-regalosempresa.com\/tiendaonline\/wp-json\/wp\/v2\/media\/90292"}],"wp:attachment":[{"href":"https:\/\/adl-regalosempresa.com\/tiendaonline\/wp-json\/wp\/v2\/media?parent=90290"}],"wp:term":[{"taxonomy":"product_brand","embeddable":true,"href":"https:\/\/adl-regalosempresa.com\/tiendaonline\/wp-json\/wp\/v2\/product_brand?post=90290"},{"taxonomy":"product_cat","embeddable":true,"href":"https:\/\/adl-regalosempresa.com\/tiendaonline\/wp-json\/wp\/v2\/product_cat?post=90290"},{"taxonomy":"product_tag","embeddable":true,"href":"https:\/\/adl-regalosempresa.com\/tiendaonline\/wp-json\/wp\/v2\/product_tag?post=90290"}],"curies":[{"name":"wp","href":"https:\/\/api.w.org\/{rel}","templated":true}]}}