{"id":89921,"date":"2026-03-31T04:04:13","date_gmt":"2026-03-31T04:04:13","guid":{"rendered":"https:\/\/adl-regalosempresa.com\/tiendaonline\/articulos\/merchandising\/paraguas-automatico-con-mango-y-cana-de-madera-de-23-para-personalizar\/"},"modified":"2026-04-25T08:16:12","modified_gmt":"2026-04-25T08:16:12","slug":"paraguas-automatico-con-mango-y-cana-de-madera-de-23-para-personalizar-con-logo","status":"publish","type":"product","link":"https:\/\/adl-regalosempresa.com\/tiendaonline\/articulos\/merchandising\/paraguas-automatico-con-mango-y-cana-de-madera-de-23-para-personalizar-con-logo\/","title":{"rendered":"Paraguas autom\u00e1tico con mango y ca\u00f1a de madera de 23&#8243; para personalizar con logo"},"content":{"rendered":"<p>Si busca un paraguas con estilo, Kyle es la respuesta. El sistema autom\u00e1tico permite abrir el paraguas con un solo clic. Adem\u00e1s, el paraguas consta de varillas met\u00e1licas, un elegante m\u00e1stil y mango de madera. Kyle est\u00e1 disponible en diferentes colores y ofrece m\u00faltiples opciones de impresi\u00f3n.<\/p>\n","protected":false},"excerpt":{"rendered":"<p><strong>Descuentos por cantidades<\/strong><br \/>&#8211; a partir de 100 unidades: 5,95 \u20ac\/ud<br \/>&#8211; a partir de 250 unidades: 5,95 \u20ac\/ud<br \/>&#8211; a partir de 1000 unidades: 5,88 \u20ac\/ud<\/p>\n<p>Para cantidades superiores a las aqu\u00ed indicadas, no dudes en ponerte en contacto con nuestro departamento comercial o <a href='https:\/\/adl-regalosempresa.com\/tiendaonline\/solicitud-presupuesto\/'>pedirnos presupuesto personalizado<\/a>, ajustaremos el presupuesto a tus necesidades.<\/p>\n","protected":false},"featured_media":89923,"template":"","meta":{"_kad_post_transparent":"","_kad_post_title":"","_kad_post_layout":"","_kad_post_sidebar_id":"","_kad_post_content_style":"","_kad_post_vertical_padding":"","_kad_post_feature":"","_kad_post_feature_position":"","_kad_post_header":false,"_kad_post_footer":false,"_kad_post_classname":""},"product_brand":[],"product_cat":[3877,4607],"product_tag":[],"class_list":{"0":"post-89921","1":"product","2":"type-product","3":"status-publish","4":"has-post-thumbnail","6":"product_cat-paraguas","7":"product_cat-paraguas-estandar","8":"pa_alto-88-cm","9":"pa_color-azul-marino","10":"pa_color-azul-real","11":"pa_color-blanco","12":"pa_color-gris","13":"pa_color-marron","14":"pa_color-negro-intenso","15":"pa_color-rojo","16":"pa_color-verde","17":"pa_color-verde-bosque","18":"pa_color-simple-azul","19":"pa_color-simple-blanco","20":"pa_color-simple-gris","21":"pa_color-simple-negro-intenso","22":"pa_color-simple-verde","23":"pa_diametro-106-cm","24":"pa_marca-unbranded","25":"pa_material-poliester","26":"pa_peso-397-gr","28":"first","29":"instock","30":"taxable","31":"shipping-taxable","32":"purchasable","33":"product-type-variable","34":"entry","35":"content-bg","36":"loop-entry"},"yoast_head":"<!-- This site is optimized with the Yoast SEO plugin v26.3 - https:\/\/yoast.com\/wordpress\/plugins\/seo\/ -->\n<title>Merchandising Paraguas autom\u00e1tico con mango y ca\u00f1a de madera de 23&quot; para personalizar con logo - ADL<\/title>\n<meta name=\"description\" content=\"Art\u00edculo de merchandising Paraguas autom\u00e1tico con mango y ca\u00f1a de madera de 23&quot; &quot;Kyle&quot;. Si busca un paraguas con estilo, Kyle es la respuesta. El sistema autom\u00e1tico permite abrir el paraguas con un solo clic. Adem\u00e1s, el paraguas consta de varillas met\u00e1licas, un elegante m\u00e1stil y mango de madera. Kyle est\u00e1 disponible en diferentes colores y ofrece m\u00faltiples opciones de impresi\u00f3n.\" \/>\n<meta name=\"robots\" content=\"index, follow, max-snippet:-1, max-image-preview:large, max-video-preview:-1\" \/>\n<link rel=\"canonical\" href=\"https:\/\/adl-regalosempresa.com\/tiendaonline\/articulos\/merchandising\/paraguas-automatico-con-mango-y-cana-de-madera-de-23-para-personalizar-con-logo\/\" \/>\n<meta property=\"og:locale\" content=\"es_ES\" \/>\n<meta property=\"og:type\" content=\"article\" \/>\n<meta property=\"og:title\" content=\"Merchandising Paraguas autom\u00e1tico con mango y ca\u00f1a de madera de 23&quot; para personalizar con logo - ADL\" \/>\n<meta property=\"og:description\" content=\"Art\u00edculo de merchandising Paraguas autom\u00e1tico con mango y ca\u00f1a de madera de 23&quot; &quot;Kyle&quot;. Si busca un paraguas con estilo, Kyle es la respuesta. El sistema autom\u00e1tico permite abrir el paraguas con un solo clic. Adem\u00e1s, el paraguas consta de varillas met\u00e1licas, un elegante m\u00e1stil y mango de madera. Kyle est\u00e1 disponible en diferentes colores y ofrece m\u00faltiples opciones de impresi\u00f3n.\" \/>\n<meta property=\"og:url\" content=\"https:\/\/adl-regalosempresa.com\/tiendaonline\/articulos\/merchandising\/paraguas-automatico-con-mango-y-cana-de-madera-de-23-para-personalizar-con-logo\/\" \/>\n<meta property=\"og:site_name\" content=\"ADL Comunicaci\u00f3n\" \/>\n<meta property=\"article:modified_time\" content=\"2026-04-25T08:16:12+00:00\" \/>\n<meta property=\"og:image\" content=\"https:\/\/adl-regalosempresa.com\/tiendaonline\/wp-content\/uploads\/2022\/06\/10904802.jpg\" \/>\n\t<meta property=\"og:image:width\" content=\"1600\" \/>\n\t<meta property=\"og:image:height\" content=\"1600\" \/>\n\t<meta property=\"og:image:type\" content=\"image\/jpeg\" \/>\n<meta name=\"twitter:card\" content=\"summary_large_image\" \/>\n<meta name=\"twitter:title\" content=\"Merchandising Paraguas autom\u00e1tico con mango y ca\u00f1a de madera de 23&quot; para personalizar con logo - ADL\" \/>\n<script type=\"application\/ld+json\" class=\"yoast-schema-graph\">{\"@context\":\"https:\/\/schema.org\",\"@graph\":[{\"@type\":\"WebPage\",\"@id\":\"https:\/\/adl-regalosempresa.com\/tiendaonline\/articulos\/merchandising\/paraguas-automatico-con-mango-y-cana-de-madera-de-23-para-personalizar-con-logo\/\",\"url\":\"https:\/\/adl-regalosempresa.com\/tiendaonline\/articulos\/merchandising\/paraguas-automatico-con-mango-y-cana-de-madera-de-23-para-personalizar-con-logo\/\",\"name\":\"Merchandising Paraguas autom\u00e1tico con mango y ca\u00f1a de madera de 23\\\" para personalizar con logo - ADL\",\"isPartOf\":{\"@id\":\"https:\/\/adl-regalosempresa.com\/tiendaonline\/#website\"},\"primaryImageOfPage\":{\"@id\":\"https:\/\/adl-regalosempresa.com\/tiendaonline\/articulos\/merchandising\/paraguas-automatico-con-mango-y-cana-de-madera-de-23-para-personalizar-con-logo\/#primaryimage\"},\"image\":{\"@id\":\"https:\/\/adl-regalosempresa.com\/tiendaonline\/articulos\/merchandising\/paraguas-automatico-con-mango-y-cana-de-madera-de-23-para-personalizar-con-logo\/#primaryimage\"},\"thumbnailUrl\":\"https:\/\/adl-regalosempresa.com\/tiendaonline\/wp-content\/uploads\/2022\/06\/10904802.jpg\",\"datePublished\":\"2026-03-31T04:04:13+00:00\",\"dateModified\":\"2026-04-25T08:16:12+00:00\",\"description\":\"Art\u00edculo de merchandising Paraguas autom\u00e1tico con mango y ca\u00f1a de madera de 23\\\" \\\"Kyle\\\". Si busca un paraguas con estilo, Kyle es la respuesta. El sistema autom\u00e1tico permite abrir el paraguas con un solo clic. Adem\u00e1s, el paraguas consta de varillas met\u00e1licas, un elegante m\u00e1stil y mango de madera. Kyle est\u00e1 disponible en diferentes colores y ofrece m\u00faltiples opciones de impresi\u00f3n.\",\"breadcrumb\":{\"@id\":\"https:\/\/adl-regalosempresa.com\/tiendaonline\/articulos\/merchandising\/paraguas-automatico-con-mango-y-cana-de-madera-de-23-para-personalizar-con-logo\/#breadcrumb\"},\"inLanguage\":\"es\",\"potentialAction\":[{\"@type\":\"ReadAction\",\"target\":[\"https:\/\/adl-regalosempresa.com\/tiendaonline\/articulos\/merchandising\/paraguas-automatico-con-mango-y-cana-de-madera-de-23-para-personalizar-con-logo\/\"]}]},{\"@type\":\"ImageObject\",\"inLanguage\":\"es\",\"@id\":\"https:\/\/adl-regalosempresa.com\/tiendaonline\/articulos\/merchandising\/paraguas-automatico-con-mango-y-cana-de-madera-de-23-para-personalizar-con-logo\/#primaryimage\",\"url\":\"https:\/\/adl-regalosempresa.com\/tiendaonline\/wp-content\/uploads\/2022\/06\/10904802.jpg\",\"contentUrl\":\"https:\/\/adl-regalosempresa.com\/tiendaonline\/wp-content\/uploads\/2022\/06\/10904802.jpg\",\"width\":1600,\"height\":1600,\"caption\":\"Paraguas autom\u00e1tico con mango y ca\u00f1a de madera de 23\\\" \\\"Kyle\\\"\"},{\"@type\":\"BreadcrumbList\",\"@id\":\"https:\/\/adl-regalosempresa.com\/tiendaonline\/articulos\/merchandising\/paraguas-automatico-con-mango-y-cana-de-madera-de-23-para-personalizar-con-logo\/#breadcrumb\",\"itemListElement\":[{\"@type\":\"ListItem\",\"position\":1,\"name\":\"Portada\",\"item\":\"https:\/\/adl-regalosempresa.com\/tiendaonline\/\"},{\"@type\":\"ListItem\",\"position\":2,\"name\":\"Tienda\",\"item\":\"https:\/\/adl-regalosempresa.com\/tiendaonline\/tienda\/\"},{\"@type\":\"ListItem\",\"position\":3,\"name\":\"Paraguas autom\u00e1tico con mango y ca\u00f1a de madera de 23&#8243; para personalizar con logo\"}]},{\"@type\":\"WebSite\",\"@id\":\"https:\/\/adl-regalosempresa.com\/tiendaonline\/#website\",\"url\":\"https:\/\/adl-regalosempresa.com\/tiendaonline\/\",\"name\":\"ADL Comunicaci\u00f3n\",\"description\":\"Regalos de empresa\",\"publisher\":{\"@id\":\"https:\/\/adl-regalosempresa.com\/tiendaonline\/#organization\"},\"potentialAction\":[{\"@type\":\"SearchAction\",\"target\":{\"@type\":\"EntryPoint\",\"urlTemplate\":\"https:\/\/adl-regalosempresa.com\/tiendaonline\/?s={search_term_string}\"},\"query-input\":{\"@type\":\"PropertyValueSpecification\",\"valueRequired\":true,\"valueName\":\"search_term_string\"}}],\"inLanguage\":\"es\"},{\"@type\":\"Organization\",\"@id\":\"https:\/\/adl-regalosempresa.com\/tiendaonline\/#organization\",\"name\":\"ADL Comunicaci\u00f3n\",\"url\":\"https:\/\/adl-regalosempresa.com\/tiendaonline\/\",\"logo\":{\"@type\":\"ImageObject\",\"inLanguage\":\"es\",\"@id\":\"https:\/\/adl-regalosempresa.com\/tiendaonline\/#\/schema\/logo\/image\/\",\"url\":\"https:\/\/adl-regalosempresa.com\/tiendaonline\/wp-content\/uploads\/2017\/09\/logo-adl-wp.png\",\"contentUrl\":\"https:\/\/adl-regalosempresa.com\/tiendaonline\/wp-content\/uploads\/2017\/09\/logo-adl-wp.png\",\"width\":407,\"height\":185,\"caption\":\"ADL Comunicaci\u00f3n\"},\"image\":{\"@id\":\"https:\/\/adl-regalosempresa.com\/tiendaonline\/#\/schema\/logo\/image\/\"}}]}<\/script>\n<!-- \/ Yoast SEO plugin. -->","yoast_head_json":{"title":"Merchandising Paraguas autom\u00e1tico con mango y ca\u00f1a de madera de 23\" para personalizar con logo - ADL","description":"Art\u00edculo de merchandising Paraguas autom\u00e1tico con mango y ca\u00f1a de madera de 23\" \"Kyle\". Si busca un paraguas con estilo, Kyle es la respuesta. El sistema autom\u00e1tico permite abrir el paraguas con un solo clic. Adem\u00e1s, el paraguas consta de varillas met\u00e1licas, un elegante m\u00e1stil y mango de madera. Kyle est\u00e1 disponible en diferentes colores y ofrece m\u00faltiples opciones de impresi\u00f3n.","robots":{"index":"index","follow":"follow","max-snippet":"max-snippet:-1","max-image-preview":"max-image-preview:large","max-video-preview":"max-video-preview:-1"},"canonical":"https:\/\/adl-regalosempresa.com\/tiendaonline\/articulos\/merchandising\/paraguas-automatico-con-mango-y-cana-de-madera-de-23-para-personalizar-con-logo\/","og_locale":"es_ES","og_type":"article","og_title":"Merchandising Paraguas autom\u00e1tico con mango y ca\u00f1a de madera de 23\" para personalizar con logo - ADL","og_description":"Art\u00edculo de merchandising Paraguas autom\u00e1tico con mango y ca\u00f1a de madera de 23\" \"Kyle\". Si busca un paraguas con estilo, Kyle es la respuesta. El sistema autom\u00e1tico permite abrir el paraguas con un solo clic. Adem\u00e1s, el paraguas consta de varillas met\u00e1licas, un elegante m\u00e1stil y mango de madera. Kyle est\u00e1 disponible en diferentes colores y ofrece m\u00faltiples opciones de impresi\u00f3n.","og_url":"https:\/\/adl-regalosempresa.com\/tiendaonline\/articulos\/merchandising\/paraguas-automatico-con-mango-y-cana-de-madera-de-23-para-personalizar-con-logo\/","og_site_name":"ADL Comunicaci\u00f3n","article_modified_time":"2026-04-25T08:16:12+00:00","og_image":[{"width":1600,"height":1600,"url":"https:\/\/adl-regalosempresa.com\/tiendaonline\/wp-content\/uploads\/2022\/06\/10904802.jpg","type":"image\/jpeg"}],"twitter_card":"summary_large_image","twitter_title":"Merchandising Paraguas autom\u00e1tico con mango y ca\u00f1a de madera de 23\" para personalizar con logo - ADL","schema":{"@context":"https:\/\/schema.org","@graph":[{"@type":"WebPage","@id":"https:\/\/adl-regalosempresa.com\/tiendaonline\/articulos\/merchandising\/paraguas-automatico-con-mango-y-cana-de-madera-de-23-para-personalizar-con-logo\/","url":"https:\/\/adl-regalosempresa.com\/tiendaonline\/articulos\/merchandising\/paraguas-automatico-con-mango-y-cana-de-madera-de-23-para-personalizar-con-logo\/","name":"Merchandising Paraguas autom\u00e1tico con mango y ca\u00f1a de madera de 23\" para personalizar con logo - ADL","isPartOf":{"@id":"https:\/\/adl-regalosempresa.com\/tiendaonline\/#website"},"primaryImageOfPage":{"@id":"https:\/\/adl-regalosempresa.com\/tiendaonline\/articulos\/merchandising\/paraguas-automatico-con-mango-y-cana-de-madera-de-23-para-personalizar-con-logo\/#primaryimage"},"image":{"@id":"https:\/\/adl-regalosempresa.com\/tiendaonline\/articulos\/merchandising\/paraguas-automatico-con-mango-y-cana-de-madera-de-23-para-personalizar-con-logo\/#primaryimage"},"thumbnailUrl":"https:\/\/adl-regalosempresa.com\/tiendaonline\/wp-content\/uploads\/2022\/06\/10904802.jpg","datePublished":"2026-03-31T04:04:13+00:00","dateModified":"2026-04-25T08:16:12+00:00","description":"Art\u00edculo de merchandising Paraguas autom\u00e1tico con mango y ca\u00f1a de madera de 23\" \"Kyle\". Si busca un paraguas con estilo, Kyle es la respuesta. El sistema autom\u00e1tico permite abrir el paraguas con un solo clic. Adem\u00e1s, el paraguas consta de varillas met\u00e1licas, un elegante m\u00e1stil y mango de madera. Kyle est\u00e1 disponible en diferentes colores y ofrece m\u00faltiples opciones de impresi\u00f3n.","breadcrumb":{"@id":"https:\/\/adl-regalosempresa.com\/tiendaonline\/articulos\/merchandising\/paraguas-automatico-con-mango-y-cana-de-madera-de-23-para-personalizar-con-logo\/#breadcrumb"},"inLanguage":"es","potentialAction":[{"@type":"ReadAction","target":["https:\/\/adl-regalosempresa.com\/tiendaonline\/articulos\/merchandising\/paraguas-automatico-con-mango-y-cana-de-madera-de-23-para-personalizar-con-logo\/"]}]},{"@type":"ImageObject","inLanguage":"es","@id":"https:\/\/adl-regalosempresa.com\/tiendaonline\/articulos\/merchandising\/paraguas-automatico-con-mango-y-cana-de-madera-de-23-para-personalizar-con-logo\/#primaryimage","url":"https:\/\/adl-regalosempresa.com\/tiendaonline\/wp-content\/uploads\/2022\/06\/10904802.jpg","contentUrl":"https:\/\/adl-regalosempresa.com\/tiendaonline\/wp-content\/uploads\/2022\/06\/10904802.jpg","width":1600,"height":1600,"caption":"Paraguas autom\u00e1tico con mango y ca\u00f1a de madera de 23\" \"Kyle\""},{"@type":"BreadcrumbList","@id":"https:\/\/adl-regalosempresa.com\/tiendaonline\/articulos\/merchandising\/paraguas-automatico-con-mango-y-cana-de-madera-de-23-para-personalizar-con-logo\/#breadcrumb","itemListElement":[{"@type":"ListItem","position":1,"name":"Portada","item":"https:\/\/adl-regalosempresa.com\/tiendaonline\/"},{"@type":"ListItem","position":2,"name":"Tienda","item":"https:\/\/adl-regalosempresa.com\/tiendaonline\/tienda\/"},{"@type":"ListItem","position":3,"name":"Paraguas autom\u00e1tico con mango y ca\u00f1a de madera de 23&#8243; para personalizar con logo"}]},{"@type":"WebSite","@id":"https:\/\/adl-regalosempresa.com\/tiendaonline\/#website","url":"https:\/\/adl-regalosempresa.com\/tiendaonline\/","name":"ADL Comunicaci\u00f3n","description":"Regalos de empresa","publisher":{"@id":"https:\/\/adl-regalosempresa.com\/tiendaonline\/#organization"},"potentialAction":[{"@type":"SearchAction","target":{"@type":"EntryPoint","urlTemplate":"https:\/\/adl-regalosempresa.com\/tiendaonline\/?s={search_term_string}"},"query-input":{"@type":"PropertyValueSpecification","valueRequired":true,"valueName":"search_term_string"}}],"inLanguage":"es"},{"@type":"Organization","@id":"https:\/\/adl-regalosempresa.com\/tiendaonline\/#organization","name":"ADL Comunicaci\u00f3n","url":"https:\/\/adl-regalosempresa.com\/tiendaonline\/","logo":{"@type":"ImageObject","inLanguage":"es","@id":"https:\/\/adl-regalosempresa.com\/tiendaonline\/#\/schema\/logo\/image\/","url":"https:\/\/adl-regalosempresa.com\/tiendaonline\/wp-content\/uploads\/2017\/09\/logo-adl-wp.png","contentUrl":"https:\/\/adl-regalosempresa.com\/tiendaonline\/wp-content\/uploads\/2017\/09\/logo-adl-wp.png","width":407,"height":185,"caption":"ADL Comunicaci\u00f3n"},"image":{"@id":"https:\/\/adl-regalosempresa.com\/tiendaonline\/#\/schema\/logo\/image\/"}}]}},"_links":{"self":[{"href":"https:\/\/adl-regalosempresa.com\/tiendaonline\/wp-json\/wp\/v2\/product\/89921","targetHints":{"allow":["GET"]}}],"collection":[{"href":"https:\/\/adl-regalosempresa.com\/tiendaonline\/wp-json\/wp\/v2\/product"}],"about":[{"href":"https:\/\/adl-regalosempresa.com\/tiendaonline\/wp-json\/wp\/v2\/types\/product"}],"wp:featuredmedia":[{"embeddable":true,"href":"https:\/\/adl-regalosempresa.com\/tiendaonline\/wp-json\/wp\/v2\/media\/89923"}],"wp:attachment":[{"href":"https:\/\/adl-regalosempresa.com\/tiendaonline\/wp-json\/wp\/v2\/media?parent=89921"}],"wp:term":[{"taxonomy":"product_brand","embeddable":true,"href":"https:\/\/adl-regalosempresa.com\/tiendaonline\/wp-json\/wp\/v2\/product_brand?post=89921"},{"taxonomy":"product_cat","embeddable":true,"href":"https:\/\/adl-regalosempresa.com\/tiendaonline\/wp-json\/wp\/v2\/product_cat?post=89921"},{"taxonomy":"product_tag","embeddable":true,"href":"https:\/\/adl-regalosempresa.com\/tiendaonline\/wp-json\/wp\/v2\/product_tag?post=89921"}],"curies":[{"name":"wp","href":"https:\/\/api.w.org\/{rel}","templated":true}]}}