{"id":89523,"date":"2026-03-24T05:07:05","date_gmt":"2026-03-24T05:07:05","guid":{"rendered":"https:\/\/adl-regalosempresa.com\/tiendaonline\/articulos\/merchandising\/pluma-estilografica-de-acero-inoxidable-para-personalizar\/"},"modified":"2026-04-25T08:12:11","modified_gmt":"2026-04-25T08:12:11","slug":"parker-pluma-estilografica-de-acero-inoxidable-para-personalizar-con-logo","status":"publish","type":"product","link":"https:\/\/adl-regalosempresa.com\/tiendaonline\/articulos\/merchandising\/parker-pluma-estilografica-de-acero-inoxidable-para-personalizar-con-logo\/","title":{"rendered":"Parker pluma estilogr\u00e1fica de acero inoxidable  para personalizar con logo"},"content":{"rendered":"<p>La pluma estilogr\u00e1fica \u00abJotter\u00bb es una versi\u00f3n moderna del emblem\u00e1tico modelo original. Con plum\u00edn de acero inoxidable, cuerpo cromado, capuch\u00f3n de acero inoxidable pulido y clip de flecha. Se entrega en una preciosa caja de regalo \u00abParker\u00bb.<\/p>\n","protected":false},"excerpt":{"rendered":"<p><strong>Descuentos por cantidades<\/strong><br \/>&#8211; a partir de 100 unidades: 23,89 \u20ac\/ud<br \/>&#8211; a partir de 250 unidades: 23,41 \u20ac\/ud<br \/>&#8211; a partir de 500 unidades: 23,17 \u20ac\/ud<\/p>\n<p>Para cantidades superiores a las aqu\u00ed indicadas, no dudes en ponerte en contacto con nuestro departamento comercial o <a href='https:\/\/adl-regalosempresa.com\/tiendaonline\/solicitud-presupuesto\/'>pedirnos presupuesto personalizado<\/a>, ajustaremos el presupuesto a tus necesidades.<\/p>\n","protected":false},"featured_media":89525,"template":"","meta":{"_kad_post_transparent":"","_kad_post_title":"","_kad_post_layout":"","_kad_post_sidebar_id":"","_kad_post_content_style":"","_kad_post_vertical_padding":"","_kad_post_feature":"","_kad_post_feature_position":"","_kad_post_header":false,"_kad_post_footer":false,"_kad_post_classname":""},"product_brand":[],"product_cat":[4287,4407],"product_tag":[],"class_list":{"0":"post-89523","1":"product","2":"type-product","3":"status-publish","4":"has-post-thumbnail","6":"product_cat-boligrafos-y-escritura","7":"product_cat-estilograficas","8":"pa_color-gris-acero-inoxidable-cromado","9":"pa_color-gris-acero-inoxidable-dorado","10":"pa_color-simple-gris","11":"pa_diametro-1-cm","12":"pa_largo-121-cm","13":"pa_marca-parker","14":"pa_material-acero-inoxidable","15":"pa_peso-14-gr","17":"first","18":"instock","19":"taxable","20":"shipping-taxable","21":"purchasable","22":"product-type-variable","23":"entry","24":"content-bg","25":"loop-entry"},"yoast_head":"<!-- This site is optimized with the Yoast SEO plugin v26.3 - https:\/\/yoast.com\/wordpress\/plugins\/seo\/ -->\n<title>Merchandising Parker pluma estilogr\u00e1fica de acero inoxidable para personalizar con logo - ADL<\/title>\n<meta name=\"description\" content=\"Art\u00edculo de merchandising Parker pluma estilogr\u00e1fica de acero inoxidable &quot;Jotter&quot; (tinta azul). La pluma estilogr\u00e1fica &quot;Jotter&quot; es una versi\u00f3n moderna del emblem\u00e1tico modelo original. Con plum\u00edn de acero inoxidable, cuerpo cromado, capuch\u00f3n de acero inoxidable pulido y clip de flecha. Se entrega en una preciosa caja de regalo &quot;Parker&quot;.\" \/>\n<meta name=\"robots\" content=\"index, follow, max-snippet:-1, max-image-preview:large, max-video-preview:-1\" \/>\n<link rel=\"canonical\" href=\"https:\/\/adl-regalosempresa.com\/tiendaonline\/articulos\/merchandising\/parker-pluma-estilografica-de-acero-inoxidable-para-personalizar-con-logo\/\" \/>\n<meta property=\"og:locale\" content=\"es_ES\" \/>\n<meta property=\"og:type\" content=\"article\" \/>\n<meta property=\"og:title\" content=\"Merchandising Parker pluma estilogr\u00e1fica de acero inoxidable para personalizar con logo - ADL\" \/>\n<meta property=\"og:description\" content=\"Art\u00edculo de merchandising Parker pluma estilogr\u00e1fica de acero inoxidable &quot;Jotter&quot; (tinta azul). La pluma estilogr\u00e1fica &quot;Jotter&quot; es una versi\u00f3n moderna del emblem\u00e1tico modelo original. Con plum\u00edn de acero inoxidable, cuerpo cromado, capuch\u00f3n de acero inoxidable pulido y clip de flecha. Se entrega en una preciosa caja de regalo &quot;Parker&quot;.\" \/>\n<meta property=\"og:url\" content=\"https:\/\/adl-regalosempresa.com\/tiendaonline\/articulos\/merchandising\/parker-pluma-estilografica-de-acero-inoxidable-para-personalizar-con-logo\/\" \/>\n<meta property=\"og:site_name\" content=\"ADL Comunicaci\u00f3n\" \/>\n<meta property=\"article:modified_time\" content=\"2026-04-25T08:12:11+00:00\" \/>\n<meta property=\"og:image\" content=\"https:\/\/adl-regalosempresa.com\/tiendaonline\/wp-content\/uploads\/2022\/06\/10742000.jpg\" \/>\n\t<meta property=\"og:image:width\" content=\"1600\" \/>\n\t<meta property=\"og:image:height\" content=\"1600\" \/>\n\t<meta property=\"og:image:type\" content=\"image\/jpeg\" \/>\n<meta name=\"twitter:card\" content=\"summary_large_image\" \/>\n<meta name=\"twitter:title\" content=\"Merchandising Parker pluma estilogr\u00e1fica de acero inoxidable para personalizar con logo - ADL\" \/>\n<script type=\"application\/ld+json\" class=\"yoast-schema-graph\">{\"@context\":\"https:\/\/schema.org\",\"@graph\":[{\"@type\":\"WebPage\",\"@id\":\"https:\/\/adl-regalosempresa.com\/tiendaonline\/articulos\/merchandising\/parker-pluma-estilografica-de-acero-inoxidable-para-personalizar-con-logo\/\",\"url\":\"https:\/\/adl-regalosempresa.com\/tiendaonline\/articulos\/merchandising\/parker-pluma-estilografica-de-acero-inoxidable-para-personalizar-con-logo\/\",\"name\":\"Merchandising Parker pluma estilogr\u00e1fica de acero inoxidable para personalizar con logo - ADL\",\"isPartOf\":{\"@id\":\"https:\/\/adl-regalosempresa.com\/tiendaonline\/#website\"},\"primaryImageOfPage\":{\"@id\":\"https:\/\/adl-regalosempresa.com\/tiendaonline\/articulos\/merchandising\/parker-pluma-estilografica-de-acero-inoxidable-para-personalizar-con-logo\/#primaryimage\"},\"image\":{\"@id\":\"https:\/\/adl-regalosempresa.com\/tiendaonline\/articulos\/merchandising\/parker-pluma-estilografica-de-acero-inoxidable-para-personalizar-con-logo\/#primaryimage\"},\"thumbnailUrl\":\"https:\/\/adl-regalosempresa.com\/tiendaonline\/wp-content\/uploads\/2022\/06\/10742000.jpg\",\"datePublished\":\"2026-03-24T05:07:05+00:00\",\"dateModified\":\"2026-04-25T08:12:11+00:00\",\"description\":\"Art\u00edculo de merchandising Parker pluma estilogr\u00e1fica de acero inoxidable \\\"Jotter\\\" (tinta azul). La pluma estilogr\u00e1fica \\\"Jotter\\\" es una versi\u00f3n moderna del emblem\u00e1tico modelo original. Con plum\u00edn de acero inoxidable, cuerpo cromado, capuch\u00f3n de acero inoxidable pulido y clip de flecha. Se entrega en una preciosa caja de regalo \\\"Parker\\\".\",\"breadcrumb\":{\"@id\":\"https:\/\/adl-regalosempresa.com\/tiendaonline\/articulos\/merchandising\/parker-pluma-estilografica-de-acero-inoxidable-para-personalizar-con-logo\/#breadcrumb\"},\"inLanguage\":\"es\",\"potentialAction\":[{\"@type\":\"ReadAction\",\"target\":[\"https:\/\/adl-regalosempresa.com\/tiendaonline\/articulos\/merchandising\/parker-pluma-estilografica-de-acero-inoxidable-para-personalizar-con-logo\/\"]}]},{\"@type\":\"ImageObject\",\"inLanguage\":\"es\",\"@id\":\"https:\/\/adl-regalosempresa.com\/tiendaonline\/articulos\/merchandising\/parker-pluma-estilografica-de-acero-inoxidable-para-personalizar-con-logo\/#primaryimage\",\"url\":\"https:\/\/adl-regalosempresa.com\/tiendaonline\/wp-content\/uploads\/2022\/06\/10742000.jpg\",\"contentUrl\":\"https:\/\/adl-regalosempresa.com\/tiendaonline\/wp-content\/uploads\/2022\/06\/10742000.jpg\",\"width\":1600,\"height\":1600,\"caption\":\"Parker pluma estilogr\u00e1fica de acero inoxidable \\\"Jotter\\\" (tinta azul)\"},{\"@type\":\"BreadcrumbList\",\"@id\":\"https:\/\/adl-regalosempresa.com\/tiendaonline\/articulos\/merchandising\/parker-pluma-estilografica-de-acero-inoxidable-para-personalizar-con-logo\/#breadcrumb\",\"itemListElement\":[{\"@type\":\"ListItem\",\"position\":1,\"name\":\"Portada\",\"item\":\"https:\/\/adl-regalosempresa.com\/tiendaonline\/\"},{\"@type\":\"ListItem\",\"position\":2,\"name\":\"Tienda\",\"item\":\"https:\/\/adl-regalosempresa.com\/tiendaonline\/tienda\/\"},{\"@type\":\"ListItem\",\"position\":3,\"name\":\"Parker pluma estilogr\u00e1fica de acero inoxidable para personalizar con logo\"}]},{\"@type\":\"WebSite\",\"@id\":\"https:\/\/adl-regalosempresa.com\/tiendaonline\/#website\",\"url\":\"https:\/\/adl-regalosempresa.com\/tiendaonline\/\",\"name\":\"ADL Comunicaci\u00f3n\",\"description\":\"Regalos de empresa\",\"publisher\":{\"@id\":\"https:\/\/adl-regalosempresa.com\/tiendaonline\/#organization\"},\"potentialAction\":[{\"@type\":\"SearchAction\",\"target\":{\"@type\":\"EntryPoint\",\"urlTemplate\":\"https:\/\/adl-regalosempresa.com\/tiendaonline\/?s={search_term_string}\"},\"query-input\":{\"@type\":\"PropertyValueSpecification\",\"valueRequired\":true,\"valueName\":\"search_term_string\"}}],\"inLanguage\":\"es\"},{\"@type\":\"Organization\",\"@id\":\"https:\/\/adl-regalosempresa.com\/tiendaonline\/#organization\",\"name\":\"ADL Comunicaci\u00f3n\",\"url\":\"https:\/\/adl-regalosempresa.com\/tiendaonline\/\",\"logo\":{\"@type\":\"ImageObject\",\"inLanguage\":\"es\",\"@id\":\"https:\/\/adl-regalosempresa.com\/tiendaonline\/#\/schema\/logo\/image\/\",\"url\":\"https:\/\/adl-regalosempresa.com\/tiendaonline\/wp-content\/uploads\/2017\/09\/logo-adl-wp.png\",\"contentUrl\":\"https:\/\/adl-regalosempresa.com\/tiendaonline\/wp-content\/uploads\/2017\/09\/logo-adl-wp.png\",\"width\":407,\"height\":185,\"caption\":\"ADL Comunicaci\u00f3n\"},\"image\":{\"@id\":\"https:\/\/adl-regalosempresa.com\/tiendaonline\/#\/schema\/logo\/image\/\"}}]}<\/script>\n<!-- \/ Yoast SEO plugin. -->","yoast_head_json":{"title":"Merchandising Parker pluma estilogr\u00e1fica de acero inoxidable para personalizar con logo - ADL","description":"Art\u00edculo de merchandising Parker pluma estilogr\u00e1fica de acero inoxidable \"Jotter\" (tinta azul). La pluma estilogr\u00e1fica \"Jotter\" es una versi\u00f3n moderna del emblem\u00e1tico modelo original. Con plum\u00edn de acero inoxidable, cuerpo cromado, capuch\u00f3n de acero inoxidable pulido y clip de flecha. Se entrega en una preciosa caja de regalo \"Parker\".","robots":{"index":"index","follow":"follow","max-snippet":"max-snippet:-1","max-image-preview":"max-image-preview:large","max-video-preview":"max-video-preview:-1"},"canonical":"https:\/\/adl-regalosempresa.com\/tiendaonline\/articulos\/merchandising\/parker-pluma-estilografica-de-acero-inoxidable-para-personalizar-con-logo\/","og_locale":"es_ES","og_type":"article","og_title":"Merchandising Parker pluma estilogr\u00e1fica de acero inoxidable para personalizar con logo - ADL","og_description":"Art\u00edculo de merchandising Parker pluma estilogr\u00e1fica de acero inoxidable \"Jotter\" (tinta azul). La pluma estilogr\u00e1fica \"Jotter\" es una versi\u00f3n moderna del emblem\u00e1tico modelo original. Con plum\u00edn de acero inoxidable, cuerpo cromado, capuch\u00f3n de acero inoxidable pulido y clip de flecha. Se entrega en una preciosa caja de regalo \"Parker\".","og_url":"https:\/\/adl-regalosempresa.com\/tiendaonline\/articulos\/merchandising\/parker-pluma-estilografica-de-acero-inoxidable-para-personalizar-con-logo\/","og_site_name":"ADL Comunicaci\u00f3n","article_modified_time":"2026-04-25T08:12:11+00:00","og_image":[{"width":1600,"height":1600,"url":"https:\/\/adl-regalosempresa.com\/tiendaonline\/wp-content\/uploads\/2022\/06\/10742000.jpg","type":"image\/jpeg"}],"twitter_card":"summary_large_image","twitter_title":"Merchandising Parker pluma estilogr\u00e1fica de acero inoxidable para personalizar con logo - ADL","schema":{"@context":"https:\/\/schema.org","@graph":[{"@type":"WebPage","@id":"https:\/\/adl-regalosempresa.com\/tiendaonline\/articulos\/merchandising\/parker-pluma-estilografica-de-acero-inoxidable-para-personalizar-con-logo\/","url":"https:\/\/adl-regalosempresa.com\/tiendaonline\/articulos\/merchandising\/parker-pluma-estilografica-de-acero-inoxidable-para-personalizar-con-logo\/","name":"Merchandising Parker pluma estilogr\u00e1fica de acero inoxidable para personalizar con logo - ADL","isPartOf":{"@id":"https:\/\/adl-regalosempresa.com\/tiendaonline\/#website"},"primaryImageOfPage":{"@id":"https:\/\/adl-regalosempresa.com\/tiendaonline\/articulos\/merchandising\/parker-pluma-estilografica-de-acero-inoxidable-para-personalizar-con-logo\/#primaryimage"},"image":{"@id":"https:\/\/adl-regalosempresa.com\/tiendaonline\/articulos\/merchandising\/parker-pluma-estilografica-de-acero-inoxidable-para-personalizar-con-logo\/#primaryimage"},"thumbnailUrl":"https:\/\/adl-regalosempresa.com\/tiendaonline\/wp-content\/uploads\/2022\/06\/10742000.jpg","datePublished":"2026-03-24T05:07:05+00:00","dateModified":"2026-04-25T08:12:11+00:00","description":"Art\u00edculo de merchandising Parker pluma estilogr\u00e1fica de acero inoxidable \"Jotter\" (tinta azul). La pluma estilogr\u00e1fica \"Jotter\" es una versi\u00f3n moderna del emblem\u00e1tico modelo original. Con plum\u00edn de acero inoxidable, cuerpo cromado, capuch\u00f3n de acero inoxidable pulido y clip de flecha. Se entrega en una preciosa caja de regalo \"Parker\".","breadcrumb":{"@id":"https:\/\/adl-regalosempresa.com\/tiendaonline\/articulos\/merchandising\/parker-pluma-estilografica-de-acero-inoxidable-para-personalizar-con-logo\/#breadcrumb"},"inLanguage":"es","potentialAction":[{"@type":"ReadAction","target":["https:\/\/adl-regalosempresa.com\/tiendaonline\/articulos\/merchandising\/parker-pluma-estilografica-de-acero-inoxidable-para-personalizar-con-logo\/"]}]},{"@type":"ImageObject","inLanguage":"es","@id":"https:\/\/adl-regalosempresa.com\/tiendaonline\/articulos\/merchandising\/parker-pluma-estilografica-de-acero-inoxidable-para-personalizar-con-logo\/#primaryimage","url":"https:\/\/adl-regalosempresa.com\/tiendaonline\/wp-content\/uploads\/2022\/06\/10742000.jpg","contentUrl":"https:\/\/adl-regalosempresa.com\/tiendaonline\/wp-content\/uploads\/2022\/06\/10742000.jpg","width":1600,"height":1600,"caption":"Parker pluma estilogr\u00e1fica de acero inoxidable \"Jotter\" (tinta azul)"},{"@type":"BreadcrumbList","@id":"https:\/\/adl-regalosempresa.com\/tiendaonline\/articulos\/merchandising\/parker-pluma-estilografica-de-acero-inoxidable-para-personalizar-con-logo\/#breadcrumb","itemListElement":[{"@type":"ListItem","position":1,"name":"Portada","item":"https:\/\/adl-regalosempresa.com\/tiendaonline\/"},{"@type":"ListItem","position":2,"name":"Tienda","item":"https:\/\/adl-regalosempresa.com\/tiendaonline\/tienda\/"},{"@type":"ListItem","position":3,"name":"Parker pluma estilogr\u00e1fica de acero inoxidable para personalizar con logo"}]},{"@type":"WebSite","@id":"https:\/\/adl-regalosempresa.com\/tiendaonline\/#website","url":"https:\/\/adl-regalosempresa.com\/tiendaonline\/","name":"ADL Comunicaci\u00f3n","description":"Regalos de empresa","publisher":{"@id":"https:\/\/adl-regalosempresa.com\/tiendaonline\/#organization"},"potentialAction":[{"@type":"SearchAction","target":{"@type":"EntryPoint","urlTemplate":"https:\/\/adl-regalosempresa.com\/tiendaonline\/?s={search_term_string}"},"query-input":{"@type":"PropertyValueSpecification","valueRequired":true,"valueName":"search_term_string"}}],"inLanguage":"es"},{"@type":"Organization","@id":"https:\/\/adl-regalosempresa.com\/tiendaonline\/#organization","name":"ADL Comunicaci\u00f3n","url":"https:\/\/adl-regalosempresa.com\/tiendaonline\/","logo":{"@type":"ImageObject","inLanguage":"es","@id":"https:\/\/adl-regalosempresa.com\/tiendaonline\/#\/schema\/logo\/image\/","url":"https:\/\/adl-regalosempresa.com\/tiendaonline\/wp-content\/uploads\/2017\/09\/logo-adl-wp.png","contentUrl":"https:\/\/adl-regalosempresa.com\/tiendaonline\/wp-content\/uploads\/2017\/09\/logo-adl-wp.png","width":407,"height":185,"caption":"ADL Comunicaci\u00f3n"},"image":{"@id":"https:\/\/adl-regalosempresa.com\/tiendaonline\/#\/schema\/logo\/image\/"}}]}},"_links":{"self":[{"href":"https:\/\/adl-regalosempresa.com\/tiendaonline\/wp-json\/wp\/v2\/product\/89523","targetHints":{"allow":["GET"]}}],"collection":[{"href":"https:\/\/adl-regalosempresa.com\/tiendaonline\/wp-json\/wp\/v2\/product"}],"about":[{"href":"https:\/\/adl-regalosempresa.com\/tiendaonline\/wp-json\/wp\/v2\/types\/product"}],"wp:featuredmedia":[{"embeddable":true,"href":"https:\/\/adl-regalosempresa.com\/tiendaonline\/wp-json\/wp\/v2\/media\/89525"}],"wp:attachment":[{"href":"https:\/\/adl-regalosempresa.com\/tiendaonline\/wp-json\/wp\/v2\/media?parent=89523"}],"wp:term":[{"taxonomy":"product_brand","embeddable":true,"href":"https:\/\/adl-regalosempresa.com\/tiendaonline\/wp-json\/wp\/v2\/product_brand?post=89523"},{"taxonomy":"product_cat","embeddable":true,"href":"https:\/\/adl-regalosempresa.com\/tiendaonline\/wp-json\/wp\/v2\/product_cat?post=89523"},{"taxonomy":"product_tag","embeddable":true,"href":"https:\/\/adl-regalosempresa.com\/tiendaonline\/wp-json\/wp\/v2\/product_tag?post=89523"}],"curies":[{"name":"wp","href":"https:\/\/api.w.org\/{rel}","templated":true}]}}