{"id":89421,"date":"2026-03-24T05:07:05","date_gmt":"2026-03-24T05:07:05","guid":{"rendered":"https:\/\/adl-regalosempresa.com\/tiendaonline\/articulos\/merchandising\/boligrafo-de-corcho-y-paja-de-trigo-para-personalizar\/"},"modified":"2026-04-18T07:52:17","modified_gmt":"2026-04-18T07:52:17","slug":"boligrafo-de-corcho-y-paja-de-trigo-para-personalizar-con-logo","status":"publish","type":"product","link":"https:\/\/adl-regalosempresa.com\/tiendaonline\/articulos\/merchandising\/boligrafo-de-corcho-y-paja-de-trigo-para-personalizar-con-logo\/","title":{"rendered":"Bol\u00edgrafo de corcho y paja de trigo  para personalizar con logo"},"content":{"rendered":"<p>Bol\u00edgrafo ecol\u00f3gico con mecanismo de clic, cuerpo de corcho y detalles de paja de trigo en varios colores. La paja de trigo es el tallo que queda despu\u00e9s de cosechar los granos de trigo. Esto reduce la cantidad de pl\u00e1stico utilizado, por lo que proporciona una alternativa ecol\u00f3gica. El color del corcho puede variar.<\/p>\n","protected":false},"excerpt":{"rendered":"<p><strong>Descuentos por cantidades<\/strong><br \/>&#8211; a partir de 1000 unidades: 0,2 \u20ac\/ud<br \/>&#8211; a partir de 2500 unidades: 0,2 \u20ac\/ud<br \/>&#8211; a partir de 5000 unidades: 0,2 \u20ac\/ud<\/p>\n<p>Para cantidades superiores a las aqu\u00ed indicadas, no dudes en ponerte en contacto con nuestro departamento comercial o <a href='https:\/\/adl-regalosempresa.com\/tiendaonline\/solicitud-presupuesto\/'>pedirnos presupuesto personalizado<\/a>, ajustaremos el presupuesto a tus necesidades.<\/p>\n","protected":false},"featured_media":89426,"template":"","meta":{"_kad_post_transparent":"","_kad_post_title":"","_kad_post_layout":"","_kad_post_sidebar_id":"","_kad_post_content_style":"","_kad_post_vertical_padding":"","_kad_post_feature":"","_kad_post_feature_position":"","_kad_post_header":false,"_kad_post_footer":false,"_kad_post_classname":""},"product_brand":[],"product_cat":[4288,4287],"product_tag":[],"class_list":{"0":"post-89421","1":"product","2":"type-product","3":"status-publish","4":"has-post-thumbnail","6":"product_cat-boligrafos","7":"product_cat-boligrafos-y-escritura","8":"pa_color-natural-azul-claro","9":"pa_color-natural-crema","10":"pa_color-natural-negro-intenso","11":"pa_color-natural-verde-manzana","12":"pa_color-simple-amarillo","13":"pa_color-simple-azul","14":"pa_color-simple-natural","15":"pa_color-simple-negro-intenso","16":"pa_color-simple-verde","17":"pa_diametro-1-cm","18":"pa_largo-14-cm","19":"pa_marca-unbranded","20":"pa_material-corcho-paja-de-trigo-plastico","21":"pa_peso-6-gr","23":"first","24":"instock","25":"taxable","26":"shipping-taxable","27":"purchasable","28":"product-type-variable","29":"entry","30":"content-bg","31":"loop-entry"},"yoast_head":"<!-- This site is optimized with the Yoast SEO plugin v26.3 - https:\/\/yoast.com\/wordpress\/plugins\/seo\/ -->\n<title>Merchandising Bol\u00edgrafo de corcho y paja de trigo para personalizar con logo - ADL<\/title>\n<meta name=\"description\" content=\"Art\u00edculo de merchandising Bol\u00edgrafo de corcho y paja de trigo &quot;Midar&quot; (tinta negra). Bol\u00edgrafo ecol\u00f3gico con mecanismo de clic, cuerpo de corcho y detalles de paja de trigo en varios colores. La paja de trigo es el tallo que queda despu\u00e9s de cosechar los granos de trigo. Esto reduce la cantidad de pl\u00e1stico utilizado, por lo que proporciona una alternativa ecol\u00f3gica. El color del corcho puede variar.\" \/>\n<meta name=\"robots\" content=\"index, follow, max-snippet:-1, max-image-preview:large, max-video-preview:-1\" \/>\n<link rel=\"canonical\" href=\"https:\/\/adl-regalosempresa.com\/tiendaonline\/articulos\/merchandising\/boligrafo-de-corcho-y-paja-de-trigo-para-personalizar-con-logo\/\" \/>\n<meta property=\"og:locale\" content=\"es_ES\" \/>\n<meta property=\"og:type\" content=\"article\" \/>\n<meta property=\"og:title\" content=\"Merchandising Bol\u00edgrafo de corcho y paja de trigo para personalizar con logo - ADL\" \/>\n<meta property=\"og:description\" content=\"Art\u00edculo de merchandising Bol\u00edgrafo de corcho y paja de trigo &quot;Midar&quot; (tinta negra). Bol\u00edgrafo ecol\u00f3gico con mecanismo de clic, cuerpo de corcho y detalles de paja de trigo en varios colores. La paja de trigo es el tallo que queda despu\u00e9s de cosechar los granos de trigo. Esto reduce la cantidad de pl\u00e1stico utilizado, por lo que proporciona una alternativa ecol\u00f3gica. El color del corcho puede variar.\" \/>\n<meta property=\"og:url\" content=\"https:\/\/adl-regalosempresa.com\/tiendaonline\/articulos\/merchandising\/boligrafo-de-corcho-y-paja-de-trigo-para-personalizar-con-logo\/\" \/>\n<meta property=\"og:site_name\" content=\"ADL Comunicaci\u00f3n\" \/>\n<meta property=\"article:modified_time\" content=\"2026-04-18T07:52:17+00:00\" \/>\n<meta property=\"og:image\" content=\"https:\/\/adl-regalosempresa.com\/tiendaonline\/wp-content\/uploads\/2022\/06\/10738500.jpg\" \/>\n\t<meta property=\"og:image:width\" content=\"1600\" \/>\n\t<meta property=\"og:image:height\" content=\"1600\" \/>\n\t<meta property=\"og:image:type\" content=\"image\/jpeg\" \/>\n<meta name=\"twitter:card\" content=\"summary_large_image\" \/>\n<meta name=\"twitter:title\" content=\"Merchandising Bol\u00edgrafo de corcho y paja de trigo para personalizar con logo - ADL\" \/>\n<script type=\"application\/ld+json\" class=\"yoast-schema-graph\">{\"@context\":\"https:\/\/schema.org\",\"@graph\":[{\"@type\":\"WebPage\",\"@id\":\"https:\/\/adl-regalosempresa.com\/tiendaonline\/articulos\/merchandising\/boligrafo-de-corcho-y-paja-de-trigo-para-personalizar-con-logo\/\",\"url\":\"https:\/\/adl-regalosempresa.com\/tiendaonline\/articulos\/merchandising\/boligrafo-de-corcho-y-paja-de-trigo-para-personalizar-con-logo\/\",\"name\":\"Merchandising Bol\u00edgrafo de corcho y paja de trigo para personalizar con logo - ADL\",\"isPartOf\":{\"@id\":\"https:\/\/adl-regalosempresa.com\/tiendaonline\/#website\"},\"primaryImageOfPage\":{\"@id\":\"https:\/\/adl-regalosempresa.com\/tiendaonline\/articulos\/merchandising\/boligrafo-de-corcho-y-paja-de-trigo-para-personalizar-con-logo\/#primaryimage\"},\"image\":{\"@id\":\"https:\/\/adl-regalosempresa.com\/tiendaonline\/articulos\/merchandising\/boligrafo-de-corcho-y-paja-de-trigo-para-personalizar-con-logo\/#primaryimage\"},\"thumbnailUrl\":\"https:\/\/adl-regalosempresa.com\/tiendaonline\/wp-content\/uploads\/2022\/06\/10738500.jpg\",\"datePublished\":\"2026-03-24T05:07:05+00:00\",\"dateModified\":\"2026-04-18T07:52:17+00:00\",\"description\":\"Art\u00edculo de merchandising Bol\u00edgrafo de corcho y paja de trigo \\\"Midar\\\" (tinta negra). Bol\u00edgrafo ecol\u00f3gico con mecanismo de clic, cuerpo de corcho y detalles de paja de trigo en varios colores. La paja de trigo es el tallo que queda despu\u00e9s de cosechar los granos de trigo. Esto reduce la cantidad de pl\u00e1stico utilizado, por lo que proporciona una alternativa ecol\u00f3gica. El color del corcho puede variar.\",\"breadcrumb\":{\"@id\":\"https:\/\/adl-regalosempresa.com\/tiendaonline\/articulos\/merchandising\/boligrafo-de-corcho-y-paja-de-trigo-para-personalizar-con-logo\/#breadcrumb\"},\"inLanguage\":\"es\",\"potentialAction\":[{\"@type\":\"ReadAction\",\"target\":[\"https:\/\/adl-regalosempresa.com\/tiendaonline\/articulos\/merchandising\/boligrafo-de-corcho-y-paja-de-trigo-para-personalizar-con-logo\/\"]}]},{\"@type\":\"ImageObject\",\"inLanguage\":\"es\",\"@id\":\"https:\/\/adl-regalosempresa.com\/tiendaonline\/articulos\/merchandising\/boligrafo-de-corcho-y-paja-de-trigo-para-personalizar-con-logo\/#primaryimage\",\"url\":\"https:\/\/adl-regalosempresa.com\/tiendaonline\/wp-content\/uploads\/2022\/06\/10738500.jpg\",\"contentUrl\":\"https:\/\/adl-regalosempresa.com\/tiendaonline\/wp-content\/uploads\/2022\/06\/10738500.jpg\",\"width\":1600,\"height\":1600,\"caption\":\"Bol\u00edgrafo de corcho y paja de trigo \\\"Midar\\\" (tinta negra)\"},{\"@type\":\"BreadcrumbList\",\"@id\":\"https:\/\/adl-regalosempresa.com\/tiendaonline\/articulos\/merchandising\/boligrafo-de-corcho-y-paja-de-trigo-para-personalizar-con-logo\/#breadcrumb\",\"itemListElement\":[{\"@type\":\"ListItem\",\"position\":1,\"name\":\"Portada\",\"item\":\"https:\/\/adl-regalosempresa.com\/tiendaonline\/\"},{\"@type\":\"ListItem\",\"position\":2,\"name\":\"Tienda\",\"item\":\"https:\/\/adl-regalosempresa.com\/tiendaonline\/tienda\/\"},{\"@type\":\"ListItem\",\"position\":3,\"name\":\"Bol\u00edgrafo de corcho y paja de trigo para personalizar con logo\"}]},{\"@type\":\"WebSite\",\"@id\":\"https:\/\/adl-regalosempresa.com\/tiendaonline\/#website\",\"url\":\"https:\/\/adl-regalosempresa.com\/tiendaonline\/\",\"name\":\"ADL Comunicaci\u00f3n\",\"description\":\"Regalos de empresa\",\"publisher\":{\"@id\":\"https:\/\/adl-regalosempresa.com\/tiendaonline\/#organization\"},\"potentialAction\":[{\"@type\":\"SearchAction\",\"target\":{\"@type\":\"EntryPoint\",\"urlTemplate\":\"https:\/\/adl-regalosempresa.com\/tiendaonline\/?s={search_term_string}\"},\"query-input\":{\"@type\":\"PropertyValueSpecification\",\"valueRequired\":true,\"valueName\":\"search_term_string\"}}],\"inLanguage\":\"es\"},{\"@type\":\"Organization\",\"@id\":\"https:\/\/adl-regalosempresa.com\/tiendaonline\/#organization\",\"name\":\"ADL Comunicaci\u00f3n\",\"url\":\"https:\/\/adl-regalosempresa.com\/tiendaonline\/\",\"logo\":{\"@type\":\"ImageObject\",\"inLanguage\":\"es\",\"@id\":\"https:\/\/adl-regalosempresa.com\/tiendaonline\/#\/schema\/logo\/image\/\",\"url\":\"https:\/\/adl-regalosempresa.com\/tiendaonline\/wp-content\/uploads\/2017\/09\/logo-adl-wp.png\",\"contentUrl\":\"https:\/\/adl-regalosempresa.com\/tiendaonline\/wp-content\/uploads\/2017\/09\/logo-adl-wp.png\",\"width\":407,\"height\":185,\"caption\":\"ADL Comunicaci\u00f3n\"},\"image\":{\"@id\":\"https:\/\/adl-regalosempresa.com\/tiendaonline\/#\/schema\/logo\/image\/\"}}]}<\/script>\n<!-- \/ Yoast SEO plugin. -->","yoast_head_json":{"title":"Merchandising Bol\u00edgrafo de corcho y paja de trigo para personalizar con logo - ADL","description":"Art\u00edculo de merchandising Bol\u00edgrafo de corcho y paja de trigo \"Midar\" (tinta negra). Bol\u00edgrafo ecol\u00f3gico con mecanismo de clic, cuerpo de corcho y detalles de paja de trigo en varios colores. La paja de trigo es el tallo que queda despu\u00e9s de cosechar los granos de trigo. Esto reduce la cantidad de pl\u00e1stico utilizado, por lo que proporciona una alternativa ecol\u00f3gica. El color del corcho puede variar.","robots":{"index":"index","follow":"follow","max-snippet":"max-snippet:-1","max-image-preview":"max-image-preview:large","max-video-preview":"max-video-preview:-1"},"canonical":"https:\/\/adl-regalosempresa.com\/tiendaonline\/articulos\/merchandising\/boligrafo-de-corcho-y-paja-de-trigo-para-personalizar-con-logo\/","og_locale":"es_ES","og_type":"article","og_title":"Merchandising Bol\u00edgrafo de corcho y paja de trigo para personalizar con logo - ADL","og_description":"Art\u00edculo de merchandising Bol\u00edgrafo de corcho y paja de trigo \"Midar\" (tinta negra). Bol\u00edgrafo ecol\u00f3gico con mecanismo de clic, cuerpo de corcho y detalles de paja de trigo en varios colores. La paja de trigo es el tallo que queda despu\u00e9s de cosechar los granos de trigo. Esto reduce la cantidad de pl\u00e1stico utilizado, por lo que proporciona una alternativa ecol\u00f3gica. El color del corcho puede variar.","og_url":"https:\/\/adl-regalosempresa.com\/tiendaonline\/articulos\/merchandising\/boligrafo-de-corcho-y-paja-de-trigo-para-personalizar-con-logo\/","og_site_name":"ADL Comunicaci\u00f3n","article_modified_time":"2026-04-18T07:52:17+00:00","og_image":[{"width":1600,"height":1600,"url":"https:\/\/adl-regalosempresa.com\/tiendaonline\/wp-content\/uploads\/2022\/06\/10738500.jpg","type":"image\/jpeg"}],"twitter_card":"summary_large_image","twitter_title":"Merchandising Bol\u00edgrafo de corcho y paja de trigo para personalizar con logo - ADL","schema":{"@context":"https:\/\/schema.org","@graph":[{"@type":"WebPage","@id":"https:\/\/adl-regalosempresa.com\/tiendaonline\/articulos\/merchandising\/boligrafo-de-corcho-y-paja-de-trigo-para-personalizar-con-logo\/","url":"https:\/\/adl-regalosempresa.com\/tiendaonline\/articulos\/merchandising\/boligrafo-de-corcho-y-paja-de-trigo-para-personalizar-con-logo\/","name":"Merchandising Bol\u00edgrafo de corcho y paja de trigo para personalizar con logo - ADL","isPartOf":{"@id":"https:\/\/adl-regalosempresa.com\/tiendaonline\/#website"},"primaryImageOfPage":{"@id":"https:\/\/adl-regalosempresa.com\/tiendaonline\/articulos\/merchandising\/boligrafo-de-corcho-y-paja-de-trigo-para-personalizar-con-logo\/#primaryimage"},"image":{"@id":"https:\/\/adl-regalosempresa.com\/tiendaonline\/articulos\/merchandising\/boligrafo-de-corcho-y-paja-de-trigo-para-personalizar-con-logo\/#primaryimage"},"thumbnailUrl":"https:\/\/adl-regalosempresa.com\/tiendaonline\/wp-content\/uploads\/2022\/06\/10738500.jpg","datePublished":"2026-03-24T05:07:05+00:00","dateModified":"2026-04-18T07:52:17+00:00","description":"Art\u00edculo de merchandising Bol\u00edgrafo de corcho y paja de trigo \"Midar\" (tinta negra). Bol\u00edgrafo ecol\u00f3gico con mecanismo de clic, cuerpo de corcho y detalles de paja de trigo en varios colores. La paja de trigo es el tallo que queda despu\u00e9s de cosechar los granos de trigo. Esto reduce la cantidad de pl\u00e1stico utilizado, por lo que proporciona una alternativa ecol\u00f3gica. El color del corcho puede variar.","breadcrumb":{"@id":"https:\/\/adl-regalosempresa.com\/tiendaonline\/articulos\/merchandising\/boligrafo-de-corcho-y-paja-de-trigo-para-personalizar-con-logo\/#breadcrumb"},"inLanguage":"es","potentialAction":[{"@type":"ReadAction","target":["https:\/\/adl-regalosempresa.com\/tiendaonline\/articulos\/merchandising\/boligrafo-de-corcho-y-paja-de-trigo-para-personalizar-con-logo\/"]}]},{"@type":"ImageObject","inLanguage":"es","@id":"https:\/\/adl-regalosempresa.com\/tiendaonline\/articulos\/merchandising\/boligrafo-de-corcho-y-paja-de-trigo-para-personalizar-con-logo\/#primaryimage","url":"https:\/\/adl-regalosempresa.com\/tiendaonline\/wp-content\/uploads\/2022\/06\/10738500.jpg","contentUrl":"https:\/\/adl-regalosempresa.com\/tiendaonline\/wp-content\/uploads\/2022\/06\/10738500.jpg","width":1600,"height":1600,"caption":"Bol\u00edgrafo de corcho y paja de trigo \"Midar\" (tinta negra)"},{"@type":"BreadcrumbList","@id":"https:\/\/adl-regalosempresa.com\/tiendaonline\/articulos\/merchandising\/boligrafo-de-corcho-y-paja-de-trigo-para-personalizar-con-logo\/#breadcrumb","itemListElement":[{"@type":"ListItem","position":1,"name":"Portada","item":"https:\/\/adl-regalosempresa.com\/tiendaonline\/"},{"@type":"ListItem","position":2,"name":"Tienda","item":"https:\/\/adl-regalosempresa.com\/tiendaonline\/tienda\/"},{"@type":"ListItem","position":3,"name":"Bol\u00edgrafo de corcho y paja de trigo para personalizar con logo"}]},{"@type":"WebSite","@id":"https:\/\/adl-regalosempresa.com\/tiendaonline\/#website","url":"https:\/\/adl-regalosempresa.com\/tiendaonline\/","name":"ADL Comunicaci\u00f3n","description":"Regalos de empresa","publisher":{"@id":"https:\/\/adl-regalosempresa.com\/tiendaonline\/#organization"},"potentialAction":[{"@type":"SearchAction","target":{"@type":"EntryPoint","urlTemplate":"https:\/\/adl-regalosempresa.com\/tiendaonline\/?s={search_term_string}"},"query-input":{"@type":"PropertyValueSpecification","valueRequired":true,"valueName":"search_term_string"}}],"inLanguage":"es"},{"@type":"Organization","@id":"https:\/\/adl-regalosempresa.com\/tiendaonline\/#organization","name":"ADL Comunicaci\u00f3n","url":"https:\/\/adl-regalosempresa.com\/tiendaonline\/","logo":{"@type":"ImageObject","inLanguage":"es","@id":"https:\/\/adl-regalosempresa.com\/tiendaonline\/#\/schema\/logo\/image\/","url":"https:\/\/adl-regalosempresa.com\/tiendaonline\/wp-content\/uploads\/2017\/09\/logo-adl-wp.png","contentUrl":"https:\/\/adl-regalosempresa.com\/tiendaonline\/wp-content\/uploads\/2017\/09\/logo-adl-wp.png","width":407,"height":185,"caption":"ADL Comunicaci\u00f3n"},"image":{"@id":"https:\/\/adl-regalosempresa.com\/tiendaonline\/#\/schema\/logo\/image\/"}}]}},"_links":{"self":[{"href":"https:\/\/adl-regalosempresa.com\/tiendaonline\/wp-json\/wp\/v2\/product\/89421","targetHints":{"allow":["GET"]}}],"collection":[{"href":"https:\/\/adl-regalosempresa.com\/tiendaonline\/wp-json\/wp\/v2\/product"}],"about":[{"href":"https:\/\/adl-regalosempresa.com\/tiendaonline\/wp-json\/wp\/v2\/types\/product"}],"wp:featuredmedia":[{"embeddable":true,"href":"https:\/\/adl-regalosempresa.com\/tiendaonline\/wp-json\/wp\/v2\/media\/89426"}],"wp:attachment":[{"href":"https:\/\/adl-regalosempresa.com\/tiendaonline\/wp-json\/wp\/v2\/media?parent=89421"}],"wp:term":[{"taxonomy":"product_brand","embeddable":true,"href":"https:\/\/adl-regalosempresa.com\/tiendaonline\/wp-json\/wp\/v2\/product_brand?post=89421"},{"taxonomy":"product_cat","embeddable":true,"href":"https:\/\/adl-regalosempresa.com\/tiendaonline\/wp-json\/wp\/v2\/product_cat?post=89421"},{"taxonomy":"product_tag","embeddable":true,"href":"https:\/\/adl-regalosempresa.com\/tiendaonline\/wp-json\/wp\/v2\/product_tag?post=89421"}],"curies":[{"name":"wp","href":"https:\/\/api.w.org\/{rel}","templated":true}]}}