{"id":88623,"date":"2026-05-02T04:06:25","date_gmt":"2026-05-02T04:06:25","guid":{"rendered":"https:\/\/adl-regalosempresa.com\/tiendaonline\/articulos\/merchandising\/pluma-estilografica-para-personalizar-5\/"},"modified":"2026-05-09T08:02:19","modified_gmt":"2026-05-09T08:02:19","slug":"parker-pluma-estilografica-para-personalizar-con-logo-2","status":"publish","type":"product","link":"https:\/\/adl-regalosempresa.com\/tiendaonline\/articulos\/merchandising\/parker-pluma-estilografica-para-personalizar-con-logo-2\/","title":{"rendered":"Parker pluma estilogr\u00e1fica  para personalizar con logo"},"content":{"rendered":"<p>Altamente profesional y fiable. Un compa\u00f1ero ideal con un potencial ilimitado, Parker IM es a la vez elegante, pulido y consolidado. Con una punta duradera de acero inoxidable y acabados que se hacen eco del legado de Parker, cada detalle se refina para ofrecer una experiencia de escritura siempre fiable. Caja de regalo Parker incluida. Se entrega con un cartucho. Dise\u00f1o exclusivo.<\/p>\n","protected":false},"excerpt":{"rendered":"<p><strong>Descuentos por cantidades<\/strong><br \/>&#8211; a partir de 100 unidades: 59,72 \u20ac\/ud<br \/>&#8211; a partir de 250 unidades: 58,53 \u20ac\/ud<br \/>&#8211; a partir de 500 unidades: 57,95 \u20ac\/ud<\/p>\n<p>Para cantidades superiores a las aqu\u00ed indicadas, no dudes en ponerte en contacto con nuestro departamento comercial o <a href='https:\/\/adl-regalosempresa.com\/tiendaonline\/solicitud-presupuesto\/'>pedirnos presupuesto personalizado<\/a>, ajustaremos el presupuesto a tus necesidades.<\/p>\n","protected":false},"featured_media":88625,"template":"","meta":{"_kad_post_transparent":"","_kad_post_title":"","_kad_post_layout":"","_kad_post_sidebar_id":"","_kad_post_content_style":"","_kad_post_vertical_padding":"","_kad_post_feature":"","_kad_post_feature_position":"","_kad_post_header":false,"_kad_post_footer":false,"_kad_post_classname":""},"product_brand":[],"product_cat":[4287,4407],"product_tag":[],"class_list":{"0":"post-88623","1":"product","2":"type-product","3":"status-publish","4":"has-post-thumbnail","6":"product_cat-boligrafos-y-escritura","7":"product_cat-estilograficas","8":"pa_alto-138-cm","9":"pa_color-blanco","10":"pa_color-metal","11":"pa_color-negro-intenso-cromado","12":"pa_color-negro-intenso-dorado","13":"pa_color-simple-amarillo","14":"pa_color-simple-gris","15":"pa_color-simple-negro-intenso","16":"pa_diametro-13-cm","17":"pa_marca-parker","18":"pa_material-laton","19":"pa_peso-24-gr","21":"first","22":"instock","23":"taxable","24":"shipping-taxable","25":"purchasable","26":"product-type-variable","27":"entry","28":"content-bg","29":"loop-entry"},"yoast_head":"<!-- This site is optimized with the Yoast SEO plugin v26.3 - https:\/\/yoast.com\/wordpress\/plugins\/seo\/ -->\n<title>Merchandising Parker pluma estilogr\u00e1fica para personalizar con logo - ADL<\/title>\n<meta name=\"description\" content=\"Art\u00edculo de merchandising Parker pluma estilogr\u00e1fica &quot;IM&quot; (tinta azul). Altamente profesional y fiable. Un compa\u00f1ero ideal con un potencial ilimitado, Parker IM es a la vez elegante, pulido y consolidado. Con una punta duradera de acero inoxidable y acabados que se hacen eco del legado de Parker, cada detalle se refina para ofrecer una experiencia de escritura siempre fiable. Caja de regalo Parker incluida. Se entrega con un cartucho. Dise\u00f1o exclusivo.\" \/>\n<meta name=\"robots\" content=\"index, follow, max-snippet:-1, max-image-preview:large, max-video-preview:-1\" \/>\n<link rel=\"canonical\" href=\"https:\/\/adl-regalosempresa.com\/tiendaonline\/articulos\/merchandising\/parker-pluma-estilografica-para-personalizar-con-logo-2\/\" \/>\n<meta property=\"og:locale\" content=\"es_ES\" \/>\n<meta property=\"og:type\" content=\"article\" \/>\n<meta property=\"og:title\" content=\"Merchandising Parker pluma estilogr\u00e1fica para personalizar con logo - ADL\" \/>\n<meta property=\"og:description\" content=\"Art\u00edculo de merchandising Parker pluma estilogr\u00e1fica &quot;IM&quot; (tinta azul). Altamente profesional y fiable. Un compa\u00f1ero ideal con un potencial ilimitado, Parker IM es a la vez elegante, pulido y consolidado. Con una punta duradera de acero inoxidable y acabados que se hacen eco del legado de Parker, cada detalle se refina para ofrecer una experiencia de escritura siempre fiable. Caja de regalo Parker incluida. Se entrega con un cartucho. Dise\u00f1o exclusivo.\" \/>\n<meta property=\"og:url\" content=\"https:\/\/adl-regalosempresa.com\/tiendaonline\/articulos\/merchandising\/parker-pluma-estilografica-para-personalizar-con-logo-2\/\" \/>\n<meta property=\"og:site_name\" content=\"ADL Comunicaci\u00f3n\" \/>\n<meta property=\"article:modified_time\" content=\"2026-05-09T08:02:19+00:00\" \/>\n<meta property=\"og:image\" content=\"https:\/\/adl-regalosempresa.com\/tiendaonline\/wp-content\/uploads\/2022\/06\/10702200.jpg\" \/>\n\t<meta property=\"og:image:width\" content=\"1600\" \/>\n\t<meta property=\"og:image:height\" content=\"1600\" \/>\n\t<meta property=\"og:image:type\" content=\"image\/jpeg\" \/>\n<meta name=\"twitter:card\" content=\"summary_large_image\" \/>\n<meta name=\"twitter:title\" content=\"Merchandising Parker pluma estilogr\u00e1fica para personalizar con logo - ADL\" \/>\n<script type=\"application\/ld+json\" class=\"yoast-schema-graph\">{\"@context\":\"https:\/\/schema.org\",\"@graph\":[{\"@type\":\"WebPage\",\"@id\":\"https:\/\/adl-regalosempresa.com\/tiendaonline\/articulos\/merchandising\/parker-pluma-estilografica-para-personalizar-con-logo-2\/\",\"url\":\"https:\/\/adl-regalosempresa.com\/tiendaonline\/articulos\/merchandising\/parker-pluma-estilografica-para-personalizar-con-logo-2\/\",\"name\":\"Merchandising Parker pluma estilogr\u00e1fica para personalizar con logo - ADL\",\"isPartOf\":{\"@id\":\"https:\/\/adl-regalosempresa.com\/tiendaonline\/#website\"},\"primaryImageOfPage\":{\"@id\":\"https:\/\/adl-regalosempresa.com\/tiendaonline\/articulos\/merchandising\/parker-pluma-estilografica-para-personalizar-con-logo-2\/#primaryimage\"},\"image\":{\"@id\":\"https:\/\/adl-regalosempresa.com\/tiendaonline\/articulos\/merchandising\/parker-pluma-estilografica-para-personalizar-con-logo-2\/#primaryimage\"},\"thumbnailUrl\":\"https:\/\/adl-regalosempresa.com\/tiendaonline\/wp-content\/uploads\/2022\/06\/10702200.jpg\",\"datePublished\":\"2026-05-02T04:06:25+00:00\",\"dateModified\":\"2026-05-09T08:02:19+00:00\",\"description\":\"Art\u00edculo de merchandising Parker pluma estilogr\u00e1fica \\\"IM\\\" (tinta azul). Altamente profesional y fiable. Un compa\u00f1ero ideal con un potencial ilimitado, Parker IM es a la vez elegante, pulido y consolidado. Con una punta duradera de acero inoxidable y acabados que se hacen eco del legado de Parker, cada detalle se refina para ofrecer una experiencia de escritura siempre fiable. Caja de regalo Parker incluida. Se entrega con un cartucho. Dise\u00f1o exclusivo.\",\"breadcrumb\":{\"@id\":\"https:\/\/adl-regalosempresa.com\/tiendaonline\/articulos\/merchandising\/parker-pluma-estilografica-para-personalizar-con-logo-2\/#breadcrumb\"},\"inLanguage\":\"es\",\"potentialAction\":[{\"@type\":\"ReadAction\",\"target\":[\"https:\/\/adl-regalosempresa.com\/tiendaonline\/articulos\/merchandising\/parker-pluma-estilografica-para-personalizar-con-logo-2\/\"]}]},{\"@type\":\"ImageObject\",\"inLanguage\":\"es\",\"@id\":\"https:\/\/adl-regalosempresa.com\/tiendaonline\/articulos\/merchandising\/parker-pluma-estilografica-para-personalizar-con-logo-2\/#primaryimage\",\"url\":\"https:\/\/adl-regalosempresa.com\/tiendaonline\/wp-content\/uploads\/2022\/06\/10702200.jpg\",\"contentUrl\":\"https:\/\/adl-regalosempresa.com\/tiendaonline\/wp-content\/uploads\/2022\/06\/10702200.jpg\",\"width\":1600,\"height\":1600,\"caption\":\"Parker pluma estilogr\u00e1fica \\\"IM\\\" (tinta azul)\"},{\"@type\":\"BreadcrumbList\",\"@id\":\"https:\/\/adl-regalosempresa.com\/tiendaonline\/articulos\/merchandising\/parker-pluma-estilografica-para-personalizar-con-logo-2\/#breadcrumb\",\"itemListElement\":[{\"@type\":\"ListItem\",\"position\":1,\"name\":\"Portada\",\"item\":\"https:\/\/adl-regalosempresa.com\/tiendaonline\/\"},{\"@type\":\"ListItem\",\"position\":2,\"name\":\"Tienda\",\"item\":\"https:\/\/adl-regalosempresa.com\/tiendaonline\/tienda\/\"},{\"@type\":\"ListItem\",\"position\":3,\"name\":\"Parker pluma estilogr\u00e1fica para personalizar con logo\"}]},{\"@type\":\"WebSite\",\"@id\":\"https:\/\/adl-regalosempresa.com\/tiendaonline\/#website\",\"url\":\"https:\/\/adl-regalosempresa.com\/tiendaonline\/\",\"name\":\"ADL Comunicaci\u00f3n\",\"description\":\"Regalos de empresa\",\"publisher\":{\"@id\":\"https:\/\/adl-regalosempresa.com\/tiendaonline\/#organization\"},\"potentialAction\":[{\"@type\":\"SearchAction\",\"target\":{\"@type\":\"EntryPoint\",\"urlTemplate\":\"https:\/\/adl-regalosempresa.com\/tiendaonline\/?s={search_term_string}\"},\"query-input\":{\"@type\":\"PropertyValueSpecification\",\"valueRequired\":true,\"valueName\":\"search_term_string\"}}],\"inLanguage\":\"es\"},{\"@type\":\"Organization\",\"@id\":\"https:\/\/adl-regalosempresa.com\/tiendaonline\/#organization\",\"name\":\"ADL Comunicaci\u00f3n\",\"url\":\"https:\/\/adl-regalosempresa.com\/tiendaonline\/\",\"logo\":{\"@type\":\"ImageObject\",\"inLanguage\":\"es\",\"@id\":\"https:\/\/adl-regalosempresa.com\/tiendaonline\/#\/schema\/logo\/image\/\",\"url\":\"https:\/\/adl-regalosempresa.com\/tiendaonline\/wp-content\/uploads\/2017\/09\/logo-adl-wp.png\",\"contentUrl\":\"https:\/\/adl-regalosempresa.com\/tiendaonline\/wp-content\/uploads\/2017\/09\/logo-adl-wp.png\",\"width\":407,\"height\":185,\"caption\":\"ADL Comunicaci\u00f3n\"},\"image\":{\"@id\":\"https:\/\/adl-regalosempresa.com\/tiendaonline\/#\/schema\/logo\/image\/\"}}]}<\/script>\n<!-- \/ Yoast SEO plugin. -->","yoast_head_json":{"title":"Merchandising Parker pluma estilogr\u00e1fica para personalizar con logo - ADL","description":"Art\u00edculo de merchandising Parker pluma estilogr\u00e1fica \"IM\" (tinta azul). Altamente profesional y fiable. Un compa\u00f1ero ideal con un potencial ilimitado, Parker IM es a la vez elegante, pulido y consolidado. Con una punta duradera de acero inoxidable y acabados que se hacen eco del legado de Parker, cada detalle se refina para ofrecer una experiencia de escritura siempre fiable. Caja de regalo Parker incluida. Se entrega con un cartucho. Dise\u00f1o exclusivo.","robots":{"index":"index","follow":"follow","max-snippet":"max-snippet:-1","max-image-preview":"max-image-preview:large","max-video-preview":"max-video-preview:-1"},"canonical":"https:\/\/adl-regalosempresa.com\/tiendaonline\/articulos\/merchandising\/parker-pluma-estilografica-para-personalizar-con-logo-2\/","og_locale":"es_ES","og_type":"article","og_title":"Merchandising Parker pluma estilogr\u00e1fica para personalizar con logo - ADL","og_description":"Art\u00edculo de merchandising Parker pluma estilogr\u00e1fica \"IM\" (tinta azul). Altamente profesional y fiable. Un compa\u00f1ero ideal con un potencial ilimitado, Parker IM es a la vez elegante, pulido y consolidado. Con una punta duradera de acero inoxidable y acabados que se hacen eco del legado de Parker, cada detalle se refina para ofrecer una experiencia de escritura siempre fiable. Caja de regalo Parker incluida. Se entrega con un cartucho. Dise\u00f1o exclusivo.","og_url":"https:\/\/adl-regalosempresa.com\/tiendaonline\/articulos\/merchandising\/parker-pluma-estilografica-para-personalizar-con-logo-2\/","og_site_name":"ADL Comunicaci\u00f3n","article_modified_time":"2026-05-09T08:02:19+00:00","og_image":[{"width":1600,"height":1600,"url":"https:\/\/adl-regalosempresa.com\/tiendaonline\/wp-content\/uploads\/2022\/06\/10702200.jpg","type":"image\/jpeg"}],"twitter_card":"summary_large_image","twitter_title":"Merchandising Parker pluma estilogr\u00e1fica para personalizar con logo - ADL","schema":{"@context":"https:\/\/schema.org","@graph":[{"@type":"WebPage","@id":"https:\/\/adl-regalosempresa.com\/tiendaonline\/articulos\/merchandising\/parker-pluma-estilografica-para-personalizar-con-logo-2\/","url":"https:\/\/adl-regalosempresa.com\/tiendaonline\/articulos\/merchandising\/parker-pluma-estilografica-para-personalizar-con-logo-2\/","name":"Merchandising Parker pluma estilogr\u00e1fica para personalizar con logo - ADL","isPartOf":{"@id":"https:\/\/adl-regalosempresa.com\/tiendaonline\/#website"},"primaryImageOfPage":{"@id":"https:\/\/adl-regalosempresa.com\/tiendaonline\/articulos\/merchandising\/parker-pluma-estilografica-para-personalizar-con-logo-2\/#primaryimage"},"image":{"@id":"https:\/\/adl-regalosempresa.com\/tiendaonline\/articulos\/merchandising\/parker-pluma-estilografica-para-personalizar-con-logo-2\/#primaryimage"},"thumbnailUrl":"https:\/\/adl-regalosempresa.com\/tiendaonline\/wp-content\/uploads\/2022\/06\/10702200.jpg","datePublished":"2026-05-02T04:06:25+00:00","dateModified":"2026-05-09T08:02:19+00:00","description":"Art\u00edculo de merchandising Parker pluma estilogr\u00e1fica \"IM\" (tinta azul). Altamente profesional y fiable. Un compa\u00f1ero ideal con un potencial ilimitado, Parker IM es a la vez elegante, pulido y consolidado. Con una punta duradera de acero inoxidable y acabados que se hacen eco del legado de Parker, cada detalle se refina para ofrecer una experiencia de escritura siempre fiable. Caja de regalo Parker incluida. Se entrega con un cartucho. Dise\u00f1o exclusivo.","breadcrumb":{"@id":"https:\/\/adl-regalosempresa.com\/tiendaonline\/articulos\/merchandising\/parker-pluma-estilografica-para-personalizar-con-logo-2\/#breadcrumb"},"inLanguage":"es","potentialAction":[{"@type":"ReadAction","target":["https:\/\/adl-regalosempresa.com\/tiendaonline\/articulos\/merchandising\/parker-pluma-estilografica-para-personalizar-con-logo-2\/"]}]},{"@type":"ImageObject","inLanguage":"es","@id":"https:\/\/adl-regalosempresa.com\/tiendaonline\/articulos\/merchandising\/parker-pluma-estilografica-para-personalizar-con-logo-2\/#primaryimage","url":"https:\/\/adl-regalosempresa.com\/tiendaonline\/wp-content\/uploads\/2022\/06\/10702200.jpg","contentUrl":"https:\/\/adl-regalosempresa.com\/tiendaonline\/wp-content\/uploads\/2022\/06\/10702200.jpg","width":1600,"height":1600,"caption":"Parker pluma estilogr\u00e1fica \"IM\" (tinta azul)"},{"@type":"BreadcrumbList","@id":"https:\/\/adl-regalosempresa.com\/tiendaonline\/articulos\/merchandising\/parker-pluma-estilografica-para-personalizar-con-logo-2\/#breadcrumb","itemListElement":[{"@type":"ListItem","position":1,"name":"Portada","item":"https:\/\/adl-regalosempresa.com\/tiendaonline\/"},{"@type":"ListItem","position":2,"name":"Tienda","item":"https:\/\/adl-regalosempresa.com\/tiendaonline\/tienda\/"},{"@type":"ListItem","position":3,"name":"Parker pluma estilogr\u00e1fica para personalizar con logo"}]},{"@type":"WebSite","@id":"https:\/\/adl-regalosempresa.com\/tiendaonline\/#website","url":"https:\/\/adl-regalosempresa.com\/tiendaonline\/","name":"ADL Comunicaci\u00f3n","description":"Regalos de empresa","publisher":{"@id":"https:\/\/adl-regalosempresa.com\/tiendaonline\/#organization"},"potentialAction":[{"@type":"SearchAction","target":{"@type":"EntryPoint","urlTemplate":"https:\/\/adl-regalosempresa.com\/tiendaonline\/?s={search_term_string}"},"query-input":{"@type":"PropertyValueSpecification","valueRequired":true,"valueName":"search_term_string"}}],"inLanguage":"es"},{"@type":"Organization","@id":"https:\/\/adl-regalosempresa.com\/tiendaonline\/#organization","name":"ADL Comunicaci\u00f3n","url":"https:\/\/adl-regalosempresa.com\/tiendaonline\/","logo":{"@type":"ImageObject","inLanguage":"es","@id":"https:\/\/adl-regalosempresa.com\/tiendaonline\/#\/schema\/logo\/image\/","url":"https:\/\/adl-regalosempresa.com\/tiendaonline\/wp-content\/uploads\/2017\/09\/logo-adl-wp.png","contentUrl":"https:\/\/adl-regalosempresa.com\/tiendaonline\/wp-content\/uploads\/2017\/09\/logo-adl-wp.png","width":407,"height":185,"caption":"ADL Comunicaci\u00f3n"},"image":{"@id":"https:\/\/adl-regalosempresa.com\/tiendaonline\/#\/schema\/logo\/image\/"}}]}},"_links":{"self":[{"href":"https:\/\/adl-regalosempresa.com\/tiendaonline\/wp-json\/wp\/v2\/product\/88623","targetHints":{"allow":["GET"]}}],"collection":[{"href":"https:\/\/adl-regalosempresa.com\/tiendaonline\/wp-json\/wp\/v2\/product"}],"about":[{"href":"https:\/\/adl-regalosempresa.com\/tiendaonline\/wp-json\/wp\/v2\/types\/product"}],"wp:featuredmedia":[{"embeddable":true,"href":"https:\/\/adl-regalosempresa.com\/tiendaonline\/wp-json\/wp\/v2\/media\/88625"}],"wp:attachment":[{"href":"https:\/\/adl-regalosempresa.com\/tiendaonline\/wp-json\/wp\/v2\/media?parent=88623"}],"wp:term":[{"taxonomy":"product_brand","embeddable":true,"href":"https:\/\/adl-regalosempresa.com\/tiendaonline\/wp-json\/wp\/v2\/product_brand?post=88623"},{"taxonomy":"product_cat","embeddable":true,"href":"https:\/\/adl-regalosempresa.com\/tiendaonline\/wp-json\/wp\/v2\/product_cat?post=88623"},{"taxonomy":"product_tag","embeddable":true,"href":"https:\/\/adl-regalosempresa.com\/tiendaonline\/wp-json\/wp\/v2\/product_tag?post=88623"}],"curies":[{"name":"wp","href":"https:\/\/api.w.org\/{rel}","templated":true}]}}