{"id":88485,"date":"2026-04-17T04:00:59","date_gmt":"2026-04-17T04:00:59","guid":{"rendered":"https:\/\/adl-regalosempresa.com\/tiendaonline\/articulos\/merchandising\/libreta-a5-de-tapa-dura-para-personalizar-3\/"},"modified":"2026-04-19T08:28:07","modified_gmt":"2026-04-19T08:28:07","slug":"libreta-a5-de-tapa-dura-para-personalizar-con-logo-3","status":"publish","type":"product","link":"https:\/\/adl-regalosempresa.com\/tiendaonline\/articulos\/merchandising\/libreta-a5-de-tapa-dura-para-personalizar-con-logo-3\/","title":{"rendered":"Libreta A5 de tapa dura  para personalizar con logo"},"content":{"rendered":"<p>El cuaderno Spectrum no s\u00f3lo es un elemento esencial para la oficina, sino tambi\u00e9n una gran oportunidad para promocionar tu marca. El cuaderno de cart\u00f3n tiene una cubierta de tacto suave y 96 hojas rayadas de 60 g\/m\u00b2, ideales para anotar ideas r\u00e1pidas o notas largas. El tama\u00f1o A5 es pr\u00e1ctico, ya que cabe f\u00e1cilmente en un bolso medio.<\/p>\n","protected":false},"excerpt":{"rendered":"<p><strong>Descuentos por cantidades<\/strong><br \/>&#8211; a partir de 100 unidades: 1,58 \u20ac\/ud<br \/>&#8211; a partir de 250 unidades: 1,58 \u20ac\/ud<br \/>&#8211; a partir de 1000 unidades: 1,56 \u20ac\/ud<\/p>\n<p>Para cantidades superiores a las aqu\u00ed indicadas, no dudes en ponerte en contacto con nuestro departamento comercial o <a href='https:\/\/adl-regalosempresa.com\/tiendaonline\/solicitud-presupuesto\/'>pedirnos presupuesto personalizado<\/a>, ajustaremos el presupuesto a tus necesidades.<\/p>\n","protected":false},"featured_media":88487,"template":"","meta":{"_kad_post_transparent":"","_kad_post_title":"","_kad_post_layout":"","_kad_post_sidebar_id":"","_kad_post_content_style":"","_kad_post_vertical_padding":"","_kad_post_feature":"","_kad_post_feature_position":"","_kad_post_header":false,"_kad_post_footer":false,"_kad_post_classname":""},"product_brand":[],"product_cat":[7689,7688],"product_tag":[],"class_list":{"0":"post-88485","1":"product","2":"type-product","3":"status-publish","4":"has-post-thumbnail","6":"product_cat-libretas-de-tapas-duras-libretas-y-papeleria","7":"product_cat-libretas-y-papeleria","8":"pa_alto-12-cm","9":"pa_ancho-14-cm","10":"pa_color-amarillo","11":"pa_color-avena","12":"pa_color-azul-claro","13":"pa_color-azul-marino","14":"pa_color-azul-real","15":"pa_color-blanco","16":"pa_color-gris","17":"pa_color-lila","18":"pa_color-magenta","19":"pa_color-naranja","20":"pa_color-negro-intenso","21":"pa_color-rojo","22":"pa_color-verde-jaspeado","23":"pa_color-verde-lima","24":"pa_color-simple-amarillo","25":"pa_color-simple-azul","26":"pa_color-simple-blanco","27":"pa_color-simple-gris","28":"pa_color-simple-naranja","29":"pa_color-simple-natural","30":"pa_color-simple-negro-intenso","31":"pa_color-simple-purpura","32":"pa_color-simple-rojo","33":"pa_color-simple-rosa","34":"pa_color-simple-verde","35":"pa_largo-211-cm","36":"pa_marca-unbranded","37":"pa_material-papel-certificado-fsc-plastico-de-poliuretano","38":"pa_peso-242-gr","40":"first","41":"instock","42":"taxable","43":"shipping-taxable","44":"purchasable","45":"product-type-variable","46":"entry","47":"content-bg","48":"loop-entry"},"yoast_head":"<!-- This site is optimized with the Yoast SEO plugin v26.3 - https:\/\/yoast.com\/wordpress\/plugins\/seo\/ -->\n<title>Merchandising Libreta A5 de tapa dura para personalizar con logo - ADL<\/title>\n<meta name=\"description\" content=\"Art\u00edculo de merchandising Libreta A5 de tapa dura &quot;Spectrum&quot;. El cuaderno Spectrum no s\u00f3lo es un elemento esencial para la oficina, sino tambi\u00e9n una gran oportunidad para promocionar tu marca. El cuaderno de cart\u00f3n tiene una cubierta de tacto suave y 96 hojas rayadas de 60 g\/m\u00b2, ideales para anotar ideas r\u00e1pidas o notas largas. El tama\u00f1o A5 es pr\u00e1ctico, ya que cabe f\u00e1cilmente en un bolso medio.\" \/>\n<meta name=\"robots\" content=\"index, follow, max-snippet:-1, max-image-preview:large, max-video-preview:-1\" \/>\n<link rel=\"canonical\" href=\"https:\/\/adl-regalosempresa.com\/tiendaonline\/articulos\/merchandising\/libreta-a5-de-tapa-dura-para-personalizar-con-logo-3\/\" \/>\n<meta property=\"og:locale\" content=\"es_ES\" \/>\n<meta property=\"og:type\" content=\"article\" \/>\n<meta property=\"og:title\" content=\"Merchandising Libreta A5 de tapa dura para personalizar con logo - ADL\" \/>\n<meta property=\"og:description\" content=\"Art\u00edculo de merchandising Libreta A5 de tapa dura &quot;Spectrum&quot;. El cuaderno Spectrum no s\u00f3lo es un elemento esencial para la oficina, sino tambi\u00e9n una gran oportunidad para promocionar tu marca. El cuaderno de cart\u00f3n tiene una cubierta de tacto suave y 96 hojas rayadas de 60 g\/m\u00b2, ideales para anotar ideas r\u00e1pidas o notas largas. El tama\u00f1o A5 es pr\u00e1ctico, ya que cabe f\u00e1cilmente en un bolso medio.\" \/>\n<meta property=\"og:url\" content=\"https:\/\/adl-regalosempresa.com\/tiendaonline\/articulos\/merchandising\/libreta-a5-de-tapa-dura-para-personalizar-con-logo-3\/\" \/>\n<meta property=\"og:site_name\" content=\"ADL Comunicaci\u00f3n\" \/>\n<meta property=\"article:modified_time\" content=\"2026-04-19T08:28:07+00:00\" \/>\n<meta property=\"og:image\" content=\"https:\/\/adl-regalosempresa.com\/tiendaonline\/wp-content\/uploads\/2022\/06\/10690400.jpg\" \/>\n\t<meta property=\"og:image:width\" content=\"1600\" \/>\n\t<meta property=\"og:image:height\" content=\"1600\" \/>\n\t<meta property=\"og:image:type\" content=\"image\/jpeg\" \/>\n<meta name=\"twitter:card\" content=\"summary_large_image\" \/>\n<meta name=\"twitter:title\" content=\"Merchandising Libreta A5 de tapa dura para personalizar con logo - ADL\" \/>\n<script type=\"application\/ld+json\" class=\"yoast-schema-graph\">{\"@context\":\"https:\/\/schema.org\",\"@graph\":[{\"@type\":\"WebPage\",\"@id\":\"https:\/\/adl-regalosempresa.com\/tiendaonline\/articulos\/merchandising\/libreta-a5-de-tapa-dura-para-personalizar-con-logo-3\/\",\"url\":\"https:\/\/adl-regalosempresa.com\/tiendaonline\/articulos\/merchandising\/libreta-a5-de-tapa-dura-para-personalizar-con-logo-3\/\",\"name\":\"Merchandising Libreta A5 de tapa dura para personalizar con logo - ADL\",\"isPartOf\":{\"@id\":\"https:\/\/adl-regalosempresa.com\/tiendaonline\/#website\"},\"primaryImageOfPage\":{\"@id\":\"https:\/\/adl-regalosempresa.com\/tiendaonline\/articulos\/merchandising\/libreta-a5-de-tapa-dura-para-personalizar-con-logo-3\/#primaryimage\"},\"image\":{\"@id\":\"https:\/\/adl-regalosempresa.com\/tiendaonline\/articulos\/merchandising\/libreta-a5-de-tapa-dura-para-personalizar-con-logo-3\/#primaryimage\"},\"thumbnailUrl\":\"https:\/\/adl-regalosempresa.com\/tiendaonline\/wp-content\/uploads\/2022\/06\/10690400.jpg\",\"datePublished\":\"2026-04-17T04:00:59+00:00\",\"dateModified\":\"2026-04-19T08:28:07+00:00\",\"description\":\"Art\u00edculo de merchandising Libreta A5 de tapa dura \\\"Spectrum\\\". El cuaderno Spectrum no s\u00f3lo es un elemento esencial para la oficina, sino tambi\u00e9n una gran oportunidad para promocionar tu marca. El cuaderno de cart\u00f3n tiene una cubierta de tacto suave y 96 hojas rayadas de 60 g\/m\u00b2, ideales para anotar ideas r\u00e1pidas o notas largas. El tama\u00f1o A5 es pr\u00e1ctico, ya que cabe f\u00e1cilmente en un bolso medio.\",\"breadcrumb\":{\"@id\":\"https:\/\/adl-regalosempresa.com\/tiendaonline\/articulos\/merchandising\/libreta-a5-de-tapa-dura-para-personalizar-con-logo-3\/#breadcrumb\"},\"inLanguage\":\"es\",\"potentialAction\":[{\"@type\":\"ReadAction\",\"target\":[\"https:\/\/adl-regalosempresa.com\/tiendaonline\/articulos\/merchandising\/libreta-a5-de-tapa-dura-para-personalizar-con-logo-3\/\"]}]},{\"@type\":\"ImageObject\",\"inLanguage\":\"es\",\"@id\":\"https:\/\/adl-regalosempresa.com\/tiendaonline\/articulos\/merchandising\/libreta-a5-de-tapa-dura-para-personalizar-con-logo-3\/#primaryimage\",\"url\":\"https:\/\/adl-regalosempresa.com\/tiendaonline\/wp-content\/uploads\/2022\/06\/10690400.jpg\",\"contentUrl\":\"https:\/\/adl-regalosempresa.com\/tiendaonline\/wp-content\/uploads\/2022\/06\/10690400.jpg\",\"width\":1600,\"height\":1600,\"caption\":\"Libreta A5 de tapa dura \\\"Spectrum\\\"\"},{\"@type\":\"BreadcrumbList\",\"@id\":\"https:\/\/adl-regalosempresa.com\/tiendaonline\/articulos\/merchandising\/libreta-a5-de-tapa-dura-para-personalizar-con-logo-3\/#breadcrumb\",\"itemListElement\":[{\"@type\":\"ListItem\",\"position\":1,\"name\":\"Portada\",\"item\":\"https:\/\/adl-regalosempresa.com\/tiendaonline\/\"},{\"@type\":\"ListItem\",\"position\":2,\"name\":\"Tienda\",\"item\":\"https:\/\/adl-regalosempresa.com\/tiendaonline\/tienda\/\"},{\"@type\":\"ListItem\",\"position\":3,\"name\":\"Libreta A5 de tapa dura para personalizar con logo\"}]},{\"@type\":\"WebSite\",\"@id\":\"https:\/\/adl-regalosempresa.com\/tiendaonline\/#website\",\"url\":\"https:\/\/adl-regalosempresa.com\/tiendaonline\/\",\"name\":\"ADL Comunicaci\u00f3n\",\"description\":\"Regalos de empresa\",\"publisher\":{\"@id\":\"https:\/\/adl-regalosempresa.com\/tiendaonline\/#organization\"},\"potentialAction\":[{\"@type\":\"SearchAction\",\"target\":{\"@type\":\"EntryPoint\",\"urlTemplate\":\"https:\/\/adl-regalosempresa.com\/tiendaonline\/?s={search_term_string}\"},\"query-input\":{\"@type\":\"PropertyValueSpecification\",\"valueRequired\":true,\"valueName\":\"search_term_string\"}}],\"inLanguage\":\"es\"},{\"@type\":\"Organization\",\"@id\":\"https:\/\/adl-regalosempresa.com\/tiendaonline\/#organization\",\"name\":\"ADL Comunicaci\u00f3n\",\"url\":\"https:\/\/adl-regalosempresa.com\/tiendaonline\/\",\"logo\":{\"@type\":\"ImageObject\",\"inLanguage\":\"es\",\"@id\":\"https:\/\/adl-regalosempresa.com\/tiendaonline\/#\/schema\/logo\/image\/\",\"url\":\"https:\/\/adl-regalosempresa.com\/tiendaonline\/wp-content\/uploads\/2017\/09\/logo-adl-wp.png\",\"contentUrl\":\"https:\/\/adl-regalosempresa.com\/tiendaonline\/wp-content\/uploads\/2017\/09\/logo-adl-wp.png\",\"width\":407,\"height\":185,\"caption\":\"ADL Comunicaci\u00f3n\"},\"image\":{\"@id\":\"https:\/\/adl-regalosempresa.com\/tiendaonline\/#\/schema\/logo\/image\/\"}}]}<\/script>\n<!-- \/ Yoast SEO plugin. -->","yoast_head_json":{"title":"Merchandising Libreta A5 de tapa dura para personalizar con logo - ADL","description":"Art\u00edculo de merchandising Libreta A5 de tapa dura \"Spectrum\". El cuaderno Spectrum no s\u00f3lo es un elemento esencial para la oficina, sino tambi\u00e9n una gran oportunidad para promocionar tu marca. El cuaderno de cart\u00f3n tiene una cubierta de tacto suave y 96 hojas rayadas de 60 g\/m\u00b2, ideales para anotar ideas r\u00e1pidas o notas largas. El tama\u00f1o A5 es pr\u00e1ctico, ya que cabe f\u00e1cilmente en un bolso medio.","robots":{"index":"index","follow":"follow","max-snippet":"max-snippet:-1","max-image-preview":"max-image-preview:large","max-video-preview":"max-video-preview:-1"},"canonical":"https:\/\/adl-regalosempresa.com\/tiendaonline\/articulos\/merchandising\/libreta-a5-de-tapa-dura-para-personalizar-con-logo-3\/","og_locale":"es_ES","og_type":"article","og_title":"Merchandising Libreta A5 de tapa dura para personalizar con logo - ADL","og_description":"Art\u00edculo de merchandising Libreta A5 de tapa dura \"Spectrum\". El cuaderno Spectrum no s\u00f3lo es un elemento esencial para la oficina, sino tambi\u00e9n una gran oportunidad para promocionar tu marca. El cuaderno de cart\u00f3n tiene una cubierta de tacto suave y 96 hojas rayadas de 60 g\/m\u00b2, ideales para anotar ideas r\u00e1pidas o notas largas. El tama\u00f1o A5 es pr\u00e1ctico, ya que cabe f\u00e1cilmente en un bolso medio.","og_url":"https:\/\/adl-regalosempresa.com\/tiendaonline\/articulos\/merchandising\/libreta-a5-de-tapa-dura-para-personalizar-con-logo-3\/","og_site_name":"ADL Comunicaci\u00f3n","article_modified_time":"2026-04-19T08:28:07+00:00","og_image":[{"width":1600,"height":1600,"url":"https:\/\/adl-regalosempresa.com\/tiendaonline\/wp-content\/uploads\/2022\/06\/10690400.jpg","type":"image\/jpeg"}],"twitter_card":"summary_large_image","twitter_title":"Merchandising Libreta A5 de tapa dura para personalizar con logo - ADL","schema":{"@context":"https:\/\/schema.org","@graph":[{"@type":"WebPage","@id":"https:\/\/adl-regalosempresa.com\/tiendaonline\/articulos\/merchandising\/libreta-a5-de-tapa-dura-para-personalizar-con-logo-3\/","url":"https:\/\/adl-regalosempresa.com\/tiendaonline\/articulos\/merchandising\/libreta-a5-de-tapa-dura-para-personalizar-con-logo-3\/","name":"Merchandising Libreta A5 de tapa dura para personalizar con logo - ADL","isPartOf":{"@id":"https:\/\/adl-regalosempresa.com\/tiendaonline\/#website"},"primaryImageOfPage":{"@id":"https:\/\/adl-regalosempresa.com\/tiendaonline\/articulos\/merchandising\/libreta-a5-de-tapa-dura-para-personalizar-con-logo-3\/#primaryimage"},"image":{"@id":"https:\/\/adl-regalosempresa.com\/tiendaonline\/articulos\/merchandising\/libreta-a5-de-tapa-dura-para-personalizar-con-logo-3\/#primaryimage"},"thumbnailUrl":"https:\/\/adl-regalosempresa.com\/tiendaonline\/wp-content\/uploads\/2022\/06\/10690400.jpg","datePublished":"2026-04-17T04:00:59+00:00","dateModified":"2026-04-19T08:28:07+00:00","description":"Art\u00edculo de merchandising Libreta A5 de tapa dura \"Spectrum\". El cuaderno Spectrum no s\u00f3lo es un elemento esencial para la oficina, sino tambi\u00e9n una gran oportunidad para promocionar tu marca. El cuaderno de cart\u00f3n tiene una cubierta de tacto suave y 96 hojas rayadas de 60 g\/m\u00b2, ideales para anotar ideas r\u00e1pidas o notas largas. El tama\u00f1o A5 es pr\u00e1ctico, ya que cabe f\u00e1cilmente en un bolso medio.","breadcrumb":{"@id":"https:\/\/adl-regalosempresa.com\/tiendaonline\/articulos\/merchandising\/libreta-a5-de-tapa-dura-para-personalizar-con-logo-3\/#breadcrumb"},"inLanguage":"es","potentialAction":[{"@type":"ReadAction","target":["https:\/\/adl-regalosempresa.com\/tiendaonline\/articulos\/merchandising\/libreta-a5-de-tapa-dura-para-personalizar-con-logo-3\/"]}]},{"@type":"ImageObject","inLanguage":"es","@id":"https:\/\/adl-regalosempresa.com\/tiendaonline\/articulos\/merchandising\/libreta-a5-de-tapa-dura-para-personalizar-con-logo-3\/#primaryimage","url":"https:\/\/adl-regalosempresa.com\/tiendaonline\/wp-content\/uploads\/2022\/06\/10690400.jpg","contentUrl":"https:\/\/adl-regalosempresa.com\/tiendaonline\/wp-content\/uploads\/2022\/06\/10690400.jpg","width":1600,"height":1600,"caption":"Libreta A5 de tapa dura \"Spectrum\""},{"@type":"BreadcrumbList","@id":"https:\/\/adl-regalosempresa.com\/tiendaonline\/articulos\/merchandising\/libreta-a5-de-tapa-dura-para-personalizar-con-logo-3\/#breadcrumb","itemListElement":[{"@type":"ListItem","position":1,"name":"Portada","item":"https:\/\/adl-regalosempresa.com\/tiendaonline\/"},{"@type":"ListItem","position":2,"name":"Tienda","item":"https:\/\/adl-regalosempresa.com\/tiendaonline\/tienda\/"},{"@type":"ListItem","position":3,"name":"Libreta A5 de tapa dura para personalizar con logo"}]},{"@type":"WebSite","@id":"https:\/\/adl-regalosempresa.com\/tiendaonline\/#website","url":"https:\/\/adl-regalosempresa.com\/tiendaonline\/","name":"ADL Comunicaci\u00f3n","description":"Regalos de empresa","publisher":{"@id":"https:\/\/adl-regalosempresa.com\/tiendaonline\/#organization"},"potentialAction":[{"@type":"SearchAction","target":{"@type":"EntryPoint","urlTemplate":"https:\/\/adl-regalosempresa.com\/tiendaonline\/?s={search_term_string}"},"query-input":{"@type":"PropertyValueSpecification","valueRequired":true,"valueName":"search_term_string"}}],"inLanguage":"es"},{"@type":"Organization","@id":"https:\/\/adl-regalosempresa.com\/tiendaonline\/#organization","name":"ADL Comunicaci\u00f3n","url":"https:\/\/adl-regalosempresa.com\/tiendaonline\/","logo":{"@type":"ImageObject","inLanguage":"es","@id":"https:\/\/adl-regalosempresa.com\/tiendaonline\/#\/schema\/logo\/image\/","url":"https:\/\/adl-regalosempresa.com\/tiendaonline\/wp-content\/uploads\/2017\/09\/logo-adl-wp.png","contentUrl":"https:\/\/adl-regalosempresa.com\/tiendaonline\/wp-content\/uploads\/2017\/09\/logo-adl-wp.png","width":407,"height":185,"caption":"ADL Comunicaci\u00f3n"},"image":{"@id":"https:\/\/adl-regalosempresa.com\/tiendaonline\/#\/schema\/logo\/image\/"}}]}},"_links":{"self":[{"href":"https:\/\/adl-regalosempresa.com\/tiendaonline\/wp-json\/wp\/v2\/product\/88485","targetHints":{"allow":["GET"]}}],"collection":[{"href":"https:\/\/adl-regalosempresa.com\/tiendaonline\/wp-json\/wp\/v2\/product"}],"about":[{"href":"https:\/\/adl-regalosempresa.com\/tiendaonline\/wp-json\/wp\/v2\/types\/product"}],"wp:featuredmedia":[{"embeddable":true,"href":"https:\/\/adl-regalosempresa.com\/tiendaonline\/wp-json\/wp\/v2\/media\/88487"}],"wp:attachment":[{"href":"https:\/\/adl-regalosempresa.com\/tiendaonline\/wp-json\/wp\/v2\/media?parent=88485"}],"wp:term":[{"taxonomy":"product_brand","embeddable":true,"href":"https:\/\/adl-regalosempresa.com\/tiendaonline\/wp-json\/wp\/v2\/product_brand?post=88485"},{"taxonomy":"product_cat","embeddable":true,"href":"https:\/\/adl-regalosempresa.com\/tiendaonline\/wp-json\/wp\/v2\/product_cat?post=88485"},{"taxonomy":"product_tag","embeddable":true,"href":"https:\/\/adl-regalosempresa.com\/tiendaonline\/wp-json\/wp\/v2\/product_tag?post=88485"}],"curies":[{"name":"wp","href":"https:\/\/api.w.org\/{rel}","templated":true}]}}