{"id":88093,"date":"2026-03-24T05:04:21","date_gmt":"2026-03-24T05:04:21","guid":{"rendered":"https:\/\/adl-regalosempresa.com\/tiendaonline\/articulos\/merchandising\/pluma-estilografica-para-personalizar\/"},"modified":"2026-04-30T07:52:13","modified_gmt":"2026-04-30T07:52:13","slug":"waterman-pluma-estilografica-para-personalizar-con-logo","status":"publish","type":"product","link":"https:\/\/adl-regalosempresa.com\/tiendaonline\/articulos\/merchandising\/waterman-pluma-estilografica-para-personalizar-con-logo\/","title":{"rendered":"Waterman pluma estilogr\u00e1fica  para personalizar con logo"},"content":{"rendered":"<p>La colecci\u00f3n \u00abExpert\u00bb es el c\u00f3mplice atrevido perfecto para el esp\u00edritu de expresi\u00f3n personal. En esta colecci\u00f3n, nuevos colores tanto cl\u00e1sicos como atrevidos se unen a un dise\u00f1o ic\u00f3nico para crear el estilo de negocio sofisticado definitivo con un giro altamente personalizado. Incluye estuche de regalo de Waterman. Dise\u00f1o exclusivo.<\/p>\n","protected":false},"excerpt":{"rendered":"<p><strong>Descuentos por cantidades<\/strong><br \/>&#8211; a partir de 25 unidades: 193,31 \u20ac\/ud<br \/>&#8211; a partir de 50 unidades: 189,45 \u20ac\/ud<br \/>&#8211; a partir de 100 unidades: 187,56 \u20ac\/ud<\/p>\n<p>Para cantidades superiores a las aqu\u00ed indicadas, no dudes en ponerte en contacto con nuestro departamento comercial o <a href='https:\/\/adl-regalosempresa.com\/tiendaonline\/solicitud-presupuesto\/'>pedirnos presupuesto personalizado<\/a>, ajustaremos el presupuesto a tus necesidades.<\/p>\n","protected":false},"featured_media":88095,"template":"","meta":{"_kad_post_transparent":"","_kad_post_title":"","_kad_post_layout":"","_kad_post_sidebar_id":"","_kad_post_content_style":"","_kad_post_vertical_padding":"","_kad_post_feature":"","_kad_post_feature_position":"","_kad_post_header":false,"_kad_post_footer":false,"_kad_post_classname":""},"product_brand":[],"product_cat":[4287,4407],"product_tag":[],"class_list":{"0":"post-88093","1":"product","2":"type-product","3":"status-publish","4":"has-post-thumbnail","6":"product_cat-boligrafos-y-escritura","7":"product_cat-estilograficas","8":"pa_color-negro-intenso-cromado","9":"pa_color-simple-gris","10":"pa_color-simple-negro-intenso","11":"pa_diametro-13-cm","12":"pa_largo-175-cm","13":"pa_marca-waterman","14":"pa_material-laton","15":"pa_peso-30-gr","17":"first","18":"outofstock","19":"taxable","20":"shipping-taxable","21":"product-type-variable","22":"entry","23":"content-bg","24":"loop-entry"},"yoast_head":"<!-- This site is optimized with the Yoast SEO plugin v26.3 - https:\/\/yoast.com\/wordpress\/plugins\/seo\/ -->\n<title>Merchandising Waterman pluma estilogr\u00e1fica para personalizar con logo - ADL<\/title>\n<meta name=\"description\" content=\"Art\u00edculo de merchandising Waterman pluma estilogr\u00e1fica &quot;Expert&quot; (tinta azul). La colecci\u00f3n &quot;Expert&quot; es el c\u00f3mplice atrevido perfecto para el esp\u00edritu de expresi\u00f3n personal. En esta colecci\u00f3n, nuevos colores tanto cl\u00e1sicos como atrevidos se unen a un dise\u00f1o ic\u00f3nico para crear el estilo de negocio sofisticado definitivo con un giro altamente personalizado. Incluye estuche de regalo de Waterman. Dise\u00f1o exclusivo.\" \/>\n<meta name=\"robots\" content=\"index, follow, max-snippet:-1, max-image-preview:large, max-video-preview:-1\" \/>\n<link rel=\"canonical\" href=\"https:\/\/adl-regalosempresa.com\/tiendaonline\/articulos\/merchandising\/waterman-pluma-estilografica-para-personalizar-con-logo\/\" \/>\n<meta property=\"og:locale\" content=\"es_ES\" \/>\n<meta property=\"og:type\" content=\"article\" \/>\n<meta property=\"og:title\" content=\"Merchandising Waterman pluma estilogr\u00e1fica para personalizar con logo - ADL\" \/>\n<meta property=\"og:description\" content=\"Art\u00edculo de merchandising Waterman pluma estilogr\u00e1fica &quot;Expert&quot; (tinta azul). La colecci\u00f3n &quot;Expert&quot; es el c\u00f3mplice atrevido perfecto para el esp\u00edritu de expresi\u00f3n personal. En esta colecci\u00f3n, nuevos colores tanto cl\u00e1sicos como atrevidos se unen a un dise\u00f1o ic\u00f3nico para crear el estilo de negocio sofisticado definitivo con un giro altamente personalizado. Incluye estuche de regalo de Waterman. Dise\u00f1o exclusivo.\" \/>\n<meta property=\"og:url\" content=\"https:\/\/adl-regalosempresa.com\/tiendaonline\/articulos\/merchandising\/waterman-pluma-estilografica-para-personalizar-con-logo\/\" \/>\n<meta property=\"og:site_name\" content=\"ADL Comunicaci\u00f3n\" \/>\n<meta property=\"article:modified_time\" content=\"2026-04-30T07:52:13+00:00\" \/>\n<meta property=\"og:image\" content=\"https:\/\/adl-regalosempresa.com\/tiendaonline\/wp-content\/uploads\/2022\/06\/10650700.jpg\" \/>\n\t<meta property=\"og:image:width\" content=\"1600\" \/>\n\t<meta property=\"og:image:height\" content=\"1600\" \/>\n\t<meta property=\"og:image:type\" content=\"image\/jpeg\" \/>\n<meta name=\"twitter:card\" content=\"summary_large_image\" \/>\n<meta name=\"twitter:title\" content=\"Merchandising Waterman pluma estilogr\u00e1fica para personalizar con logo - ADL\" \/>\n<script type=\"application\/ld+json\" class=\"yoast-schema-graph\">{\"@context\":\"https:\/\/schema.org\",\"@graph\":[{\"@type\":\"WebPage\",\"@id\":\"https:\/\/adl-regalosempresa.com\/tiendaonline\/articulos\/merchandising\/waterman-pluma-estilografica-para-personalizar-con-logo\/\",\"url\":\"https:\/\/adl-regalosempresa.com\/tiendaonline\/articulos\/merchandising\/waterman-pluma-estilografica-para-personalizar-con-logo\/\",\"name\":\"Merchandising Waterman pluma estilogr\u00e1fica para personalizar con logo - ADL\",\"isPartOf\":{\"@id\":\"https:\/\/adl-regalosempresa.com\/tiendaonline\/#website\"},\"primaryImageOfPage\":{\"@id\":\"https:\/\/adl-regalosempresa.com\/tiendaonline\/articulos\/merchandising\/waterman-pluma-estilografica-para-personalizar-con-logo\/#primaryimage\"},\"image\":{\"@id\":\"https:\/\/adl-regalosempresa.com\/tiendaonline\/articulos\/merchandising\/waterman-pluma-estilografica-para-personalizar-con-logo\/#primaryimage\"},\"thumbnailUrl\":\"https:\/\/adl-regalosempresa.com\/tiendaonline\/wp-content\/uploads\/2022\/06\/10650700.jpg\",\"datePublished\":\"2026-03-24T05:04:21+00:00\",\"dateModified\":\"2026-04-30T07:52:13+00:00\",\"description\":\"Art\u00edculo de merchandising Waterman pluma estilogr\u00e1fica \\\"Expert\\\" (tinta azul). La colecci\u00f3n \\\"Expert\\\" es el c\u00f3mplice atrevido perfecto para el esp\u00edritu de expresi\u00f3n personal. En esta colecci\u00f3n, nuevos colores tanto cl\u00e1sicos como atrevidos se unen a un dise\u00f1o ic\u00f3nico para crear el estilo de negocio sofisticado definitivo con un giro altamente personalizado. Incluye estuche de regalo de Waterman. Dise\u00f1o exclusivo.\",\"breadcrumb\":{\"@id\":\"https:\/\/adl-regalosempresa.com\/tiendaonline\/articulos\/merchandising\/waterman-pluma-estilografica-para-personalizar-con-logo\/#breadcrumb\"},\"inLanguage\":\"es\",\"potentialAction\":[{\"@type\":\"ReadAction\",\"target\":[\"https:\/\/adl-regalosempresa.com\/tiendaonline\/articulos\/merchandising\/waterman-pluma-estilografica-para-personalizar-con-logo\/\"]}]},{\"@type\":\"ImageObject\",\"inLanguage\":\"es\",\"@id\":\"https:\/\/adl-regalosempresa.com\/tiendaonline\/articulos\/merchandising\/waterman-pluma-estilografica-para-personalizar-con-logo\/#primaryimage\",\"url\":\"https:\/\/adl-regalosempresa.com\/tiendaonline\/wp-content\/uploads\/2022\/06\/10650700.jpg\",\"contentUrl\":\"https:\/\/adl-regalosempresa.com\/tiendaonline\/wp-content\/uploads\/2022\/06\/10650700.jpg\",\"width\":1600,\"height\":1600,\"caption\":\"Waterman pluma estilogr\u00e1fica \\\"Expert\\\" (tinta azul)\"},{\"@type\":\"BreadcrumbList\",\"@id\":\"https:\/\/adl-regalosempresa.com\/tiendaonline\/articulos\/merchandising\/waterman-pluma-estilografica-para-personalizar-con-logo\/#breadcrumb\",\"itemListElement\":[{\"@type\":\"ListItem\",\"position\":1,\"name\":\"Portada\",\"item\":\"https:\/\/adl-regalosempresa.com\/tiendaonline\/\"},{\"@type\":\"ListItem\",\"position\":2,\"name\":\"Tienda\",\"item\":\"https:\/\/adl-regalosempresa.com\/tiendaonline\/tienda\/\"},{\"@type\":\"ListItem\",\"position\":3,\"name\":\"Waterman pluma estilogr\u00e1fica para personalizar con logo\"}]},{\"@type\":\"WebSite\",\"@id\":\"https:\/\/adl-regalosempresa.com\/tiendaonline\/#website\",\"url\":\"https:\/\/adl-regalosempresa.com\/tiendaonline\/\",\"name\":\"ADL Comunicaci\u00f3n\",\"description\":\"Regalos de empresa\",\"publisher\":{\"@id\":\"https:\/\/adl-regalosempresa.com\/tiendaonline\/#organization\"},\"potentialAction\":[{\"@type\":\"SearchAction\",\"target\":{\"@type\":\"EntryPoint\",\"urlTemplate\":\"https:\/\/adl-regalosempresa.com\/tiendaonline\/?s={search_term_string}\"},\"query-input\":{\"@type\":\"PropertyValueSpecification\",\"valueRequired\":true,\"valueName\":\"search_term_string\"}}],\"inLanguage\":\"es\"},{\"@type\":\"Organization\",\"@id\":\"https:\/\/adl-regalosempresa.com\/tiendaonline\/#organization\",\"name\":\"ADL Comunicaci\u00f3n\",\"url\":\"https:\/\/adl-regalosempresa.com\/tiendaonline\/\",\"logo\":{\"@type\":\"ImageObject\",\"inLanguage\":\"es\",\"@id\":\"https:\/\/adl-regalosempresa.com\/tiendaonline\/#\/schema\/logo\/image\/\",\"url\":\"https:\/\/adl-regalosempresa.com\/tiendaonline\/wp-content\/uploads\/2017\/09\/logo-adl-wp.png\",\"contentUrl\":\"https:\/\/adl-regalosempresa.com\/tiendaonline\/wp-content\/uploads\/2017\/09\/logo-adl-wp.png\",\"width\":407,\"height\":185,\"caption\":\"ADL Comunicaci\u00f3n\"},\"image\":{\"@id\":\"https:\/\/adl-regalosempresa.com\/tiendaonline\/#\/schema\/logo\/image\/\"}}]}<\/script>\n<!-- \/ Yoast SEO plugin. -->","yoast_head_json":{"title":"Merchandising Waterman pluma estilogr\u00e1fica para personalizar con logo - ADL","description":"Art\u00edculo de merchandising Waterman pluma estilogr\u00e1fica \"Expert\" (tinta azul). La colecci\u00f3n \"Expert\" es el c\u00f3mplice atrevido perfecto para el esp\u00edritu de expresi\u00f3n personal. En esta colecci\u00f3n, nuevos colores tanto cl\u00e1sicos como atrevidos se unen a un dise\u00f1o ic\u00f3nico para crear el estilo de negocio sofisticado definitivo con un giro altamente personalizado. Incluye estuche de regalo de Waterman. Dise\u00f1o exclusivo.","robots":{"index":"index","follow":"follow","max-snippet":"max-snippet:-1","max-image-preview":"max-image-preview:large","max-video-preview":"max-video-preview:-1"},"canonical":"https:\/\/adl-regalosempresa.com\/tiendaonline\/articulos\/merchandising\/waterman-pluma-estilografica-para-personalizar-con-logo\/","og_locale":"es_ES","og_type":"article","og_title":"Merchandising Waterman pluma estilogr\u00e1fica para personalizar con logo - ADL","og_description":"Art\u00edculo de merchandising Waterman pluma estilogr\u00e1fica \"Expert\" (tinta azul). La colecci\u00f3n \"Expert\" es el c\u00f3mplice atrevido perfecto para el esp\u00edritu de expresi\u00f3n personal. En esta colecci\u00f3n, nuevos colores tanto cl\u00e1sicos como atrevidos se unen a un dise\u00f1o ic\u00f3nico para crear el estilo de negocio sofisticado definitivo con un giro altamente personalizado. Incluye estuche de regalo de Waterman. Dise\u00f1o exclusivo.","og_url":"https:\/\/adl-regalosempresa.com\/tiendaonline\/articulos\/merchandising\/waterman-pluma-estilografica-para-personalizar-con-logo\/","og_site_name":"ADL Comunicaci\u00f3n","article_modified_time":"2026-04-30T07:52:13+00:00","og_image":[{"width":1600,"height":1600,"url":"https:\/\/adl-regalosempresa.com\/tiendaonline\/wp-content\/uploads\/2022\/06\/10650700.jpg","type":"image\/jpeg"}],"twitter_card":"summary_large_image","twitter_title":"Merchandising Waterman pluma estilogr\u00e1fica para personalizar con logo - ADL","schema":{"@context":"https:\/\/schema.org","@graph":[{"@type":"WebPage","@id":"https:\/\/adl-regalosempresa.com\/tiendaonline\/articulos\/merchandising\/waterman-pluma-estilografica-para-personalizar-con-logo\/","url":"https:\/\/adl-regalosempresa.com\/tiendaonline\/articulos\/merchandising\/waterman-pluma-estilografica-para-personalizar-con-logo\/","name":"Merchandising Waterman pluma estilogr\u00e1fica para personalizar con logo - ADL","isPartOf":{"@id":"https:\/\/adl-regalosempresa.com\/tiendaonline\/#website"},"primaryImageOfPage":{"@id":"https:\/\/adl-regalosempresa.com\/tiendaonline\/articulos\/merchandising\/waterman-pluma-estilografica-para-personalizar-con-logo\/#primaryimage"},"image":{"@id":"https:\/\/adl-regalosempresa.com\/tiendaonline\/articulos\/merchandising\/waterman-pluma-estilografica-para-personalizar-con-logo\/#primaryimage"},"thumbnailUrl":"https:\/\/adl-regalosempresa.com\/tiendaonline\/wp-content\/uploads\/2022\/06\/10650700.jpg","datePublished":"2026-03-24T05:04:21+00:00","dateModified":"2026-04-30T07:52:13+00:00","description":"Art\u00edculo de merchandising Waterman pluma estilogr\u00e1fica \"Expert\" (tinta azul). La colecci\u00f3n \"Expert\" es el c\u00f3mplice atrevido perfecto para el esp\u00edritu de expresi\u00f3n personal. En esta colecci\u00f3n, nuevos colores tanto cl\u00e1sicos como atrevidos se unen a un dise\u00f1o ic\u00f3nico para crear el estilo de negocio sofisticado definitivo con un giro altamente personalizado. Incluye estuche de regalo de Waterman. Dise\u00f1o exclusivo.","breadcrumb":{"@id":"https:\/\/adl-regalosempresa.com\/tiendaonline\/articulos\/merchandising\/waterman-pluma-estilografica-para-personalizar-con-logo\/#breadcrumb"},"inLanguage":"es","potentialAction":[{"@type":"ReadAction","target":["https:\/\/adl-regalosempresa.com\/tiendaonline\/articulos\/merchandising\/waterman-pluma-estilografica-para-personalizar-con-logo\/"]}]},{"@type":"ImageObject","inLanguage":"es","@id":"https:\/\/adl-regalosempresa.com\/tiendaonline\/articulos\/merchandising\/waterman-pluma-estilografica-para-personalizar-con-logo\/#primaryimage","url":"https:\/\/adl-regalosempresa.com\/tiendaonline\/wp-content\/uploads\/2022\/06\/10650700.jpg","contentUrl":"https:\/\/adl-regalosempresa.com\/tiendaonline\/wp-content\/uploads\/2022\/06\/10650700.jpg","width":1600,"height":1600,"caption":"Waterman pluma estilogr\u00e1fica \"Expert\" (tinta azul)"},{"@type":"BreadcrumbList","@id":"https:\/\/adl-regalosempresa.com\/tiendaonline\/articulos\/merchandising\/waterman-pluma-estilografica-para-personalizar-con-logo\/#breadcrumb","itemListElement":[{"@type":"ListItem","position":1,"name":"Portada","item":"https:\/\/adl-regalosempresa.com\/tiendaonline\/"},{"@type":"ListItem","position":2,"name":"Tienda","item":"https:\/\/adl-regalosempresa.com\/tiendaonline\/tienda\/"},{"@type":"ListItem","position":3,"name":"Waterman pluma estilogr\u00e1fica para personalizar con logo"}]},{"@type":"WebSite","@id":"https:\/\/adl-regalosempresa.com\/tiendaonline\/#website","url":"https:\/\/adl-regalosempresa.com\/tiendaonline\/","name":"ADL Comunicaci\u00f3n","description":"Regalos de empresa","publisher":{"@id":"https:\/\/adl-regalosempresa.com\/tiendaonline\/#organization"},"potentialAction":[{"@type":"SearchAction","target":{"@type":"EntryPoint","urlTemplate":"https:\/\/adl-regalosempresa.com\/tiendaonline\/?s={search_term_string}"},"query-input":{"@type":"PropertyValueSpecification","valueRequired":true,"valueName":"search_term_string"}}],"inLanguage":"es"},{"@type":"Organization","@id":"https:\/\/adl-regalosempresa.com\/tiendaonline\/#organization","name":"ADL Comunicaci\u00f3n","url":"https:\/\/adl-regalosempresa.com\/tiendaonline\/","logo":{"@type":"ImageObject","inLanguage":"es","@id":"https:\/\/adl-regalosempresa.com\/tiendaonline\/#\/schema\/logo\/image\/","url":"https:\/\/adl-regalosempresa.com\/tiendaonline\/wp-content\/uploads\/2017\/09\/logo-adl-wp.png","contentUrl":"https:\/\/adl-regalosempresa.com\/tiendaonline\/wp-content\/uploads\/2017\/09\/logo-adl-wp.png","width":407,"height":185,"caption":"ADL Comunicaci\u00f3n"},"image":{"@id":"https:\/\/adl-regalosempresa.com\/tiendaonline\/#\/schema\/logo\/image\/"}}]}},"_links":{"self":[{"href":"https:\/\/adl-regalosempresa.com\/tiendaonline\/wp-json\/wp\/v2\/product\/88093","targetHints":{"allow":["GET"]}}],"collection":[{"href":"https:\/\/adl-regalosempresa.com\/tiendaonline\/wp-json\/wp\/v2\/product"}],"about":[{"href":"https:\/\/adl-regalosempresa.com\/tiendaonline\/wp-json\/wp\/v2\/types\/product"}],"wp:featuredmedia":[{"embeddable":true,"href":"https:\/\/adl-regalosempresa.com\/tiendaonline\/wp-json\/wp\/v2\/media\/88095"}],"wp:attachment":[{"href":"https:\/\/adl-regalosempresa.com\/tiendaonline\/wp-json\/wp\/v2\/media?parent=88093"}],"wp:term":[{"taxonomy":"product_brand","embeddable":true,"href":"https:\/\/adl-regalosempresa.com\/tiendaonline\/wp-json\/wp\/v2\/product_brand?post=88093"},{"taxonomy":"product_cat","embeddable":true,"href":"https:\/\/adl-regalosempresa.com\/tiendaonline\/wp-json\/wp\/v2\/product_cat?post=88093"},{"taxonomy":"product_tag","embeddable":true,"href":"https:\/\/adl-regalosempresa.com\/tiendaonline\/wp-json\/wp\/v2\/product_tag?post=88093"}],"curies":[{"name":"wp","href":"https:\/\/api.w.org\/{rel}","templated":true}]}}