{"id":86714,"date":"2026-03-28T05:00:54","date_gmt":"2026-03-28T05:00:54","guid":{"rendered":"https:\/\/adl-regalosempresa.com\/tiendaonline\/articulos\/merchandising\/bidon-de-740-ml-de-acero-inoxidable-para-personalizar\/"},"modified":"2026-04-05T07:54:07","modified_gmt":"2026-04-05T07:54:07","slug":"bidon-de-740-ml-de-acero-inoxidable-para-personalizar-con-logo","status":"publish","type":"product","link":"https:\/\/adl-regalosempresa.com\/tiendaonline\/articulos\/merchandising\/bidon-de-740-ml-de-acero-inoxidable-para-personalizar-con-logo\/","title":{"rendered":"Bid\u00f3n de 740 ml de acero inoxidable  para personalizar con logo"},"content":{"rendered":"<p>El bid\u00f3n deportivo de acero inoxidable Perth de 740 ml no s\u00f3lo es un regalo para la vista en cualquier escritorio, sino que tambi\u00e9n es ideal para utilizarla durante un paseo por el bosque. El tap\u00f3n de rosca y la tapa de acero inoxidable con una c\u00f3moda asa de manipulaci\u00f3n de silicona hacen que el bid\u00f3n sea f\u00e1cil de transportar. Adem\u00e1s, el tap\u00f3n nunca se pierde. La combinaci\u00f3n de colores blanco y plateado le da un aspecto elegante.<\/p>\n","protected":false},"excerpt":{"rendered":"<p><strong>Descuentos por cantidades<\/strong><br \/>&#8211; a partir de 100 unidades: 8,81 \u20ac\/ud<br \/>&#8211; a partir de 250 unidades: 8,55 \u20ac\/ud<br \/>&#8211; a partir de 1000 unidades: 8,38 \u20ac\/ud<\/p>\n<p>Para cantidades superiores a las aqu\u00ed indicadas, no dudes en ponerte en contacto con nuestro departamento comercial o <a href='https:\/\/adl-regalosempresa.com\/tiendaonline\/solicitud-presupuesto\/'>pedirnos presupuesto personalizado<\/a>, ajustaremos el presupuesto a tus necesidades.<\/p>\n","protected":false},"featured_media":86716,"template":"","meta":{"_kad_post_transparent":"","_kad_post_title":"","_kad_post_layout":"","_kad_post_sidebar_id":"","_kad_post_content_style":"","_kad_post_vertical_padding":"","_kad_post_feature":"","_kad_post_feature_position":"","_kad_post_header":false,"_kad_post_footer":false,"_kad_post_classname":""},"product_brand":[],"product_cat":[3372,3373],"product_tag":[],"class_list":{"0":"post-86714","1":"product","2":"type-product","3":"status-publish","4":"has-post-thumbnail","6":"product_cat-articulos-para-bebidas","7":"product_cat-botellas-de-agua","8":"pa_alto-245-cm","9":"pa_color-azul","10":"pa_color-blanco","11":"pa_color-gris","12":"pa_color-negro-intenso","13":"pa_color-simple-azul","14":"pa_color-simple-blanco","15":"pa_color-simple-gris","16":"pa_color-simple-negro-intenso","17":"pa_diametro-7-cm","18":"pa_marca-unbranded","19":"pa_material-acero-inoxidable","20":"pa_peso-163-gr","22":"first","23":"instock","24":"taxable","25":"shipping-taxable","26":"purchasable","27":"product-type-variable","28":"entry","29":"content-bg","30":"loop-entry"},"yoast_head":"<!-- This site is optimized with the Yoast SEO plugin v26.3 - https:\/\/yoast.com\/wordpress\/plugins\/seo\/ -->\n<title>Merchandising Bid\u00f3n de 740 ml de acero inoxidable para personalizar con logo - ADL<\/title>\n<meta name=\"description\" content=\"Art\u00edculo de merchandising Bid\u00f3n de 740 ml de acero inoxidable &quot;Perth&quot;. El bid\u00f3n deportivo de acero inoxidable Perth de 740 ml no s\u00f3lo es un regalo para la vista en cualquier escritorio, sino que tambi\u00e9n es ideal para utilizarla durante un paseo por el bosque. El tap\u00f3n de rosca y la tapa de acero inoxidable con una c\u00f3moda asa de manipulaci\u00f3n de silicona hacen que el bid\u00f3n sea f\u00e1cil de transportar. Adem\u00e1s, el tap\u00f3n nunca se pierde. La combinaci\u00f3n de colores blanco y plateado le da un aspecto elegante.\" \/>\n<meta name=\"robots\" content=\"index, follow, max-snippet:-1, max-image-preview:large, max-video-preview:-1\" \/>\n<link rel=\"canonical\" href=\"https:\/\/adl-regalosempresa.com\/tiendaonline\/articulos\/merchandising\/bidon-de-740-ml-de-acero-inoxidable-para-personalizar-con-logo\/\" \/>\n<meta property=\"og:locale\" content=\"es_ES\" \/>\n<meta property=\"og:type\" content=\"article\" \/>\n<meta property=\"og:title\" content=\"Merchandising Bid\u00f3n de 740 ml de acero inoxidable para personalizar con logo - ADL\" \/>\n<meta property=\"og:description\" content=\"Art\u00edculo de merchandising Bid\u00f3n de 740 ml de acero inoxidable &quot;Perth&quot;. El bid\u00f3n deportivo de acero inoxidable Perth de 740 ml no s\u00f3lo es un regalo para la vista en cualquier escritorio, sino que tambi\u00e9n es ideal para utilizarla durante un paseo por el bosque. El tap\u00f3n de rosca y la tapa de acero inoxidable con una c\u00f3moda asa de manipulaci\u00f3n de silicona hacen que el bid\u00f3n sea f\u00e1cil de transportar. Adem\u00e1s, el tap\u00f3n nunca se pierde. La combinaci\u00f3n de colores blanco y plateado le da un aspecto elegante.\" \/>\n<meta property=\"og:url\" content=\"https:\/\/adl-regalosempresa.com\/tiendaonline\/articulos\/merchandising\/bidon-de-740-ml-de-acero-inoxidable-para-personalizar-con-logo\/\" \/>\n<meta property=\"og:site_name\" content=\"ADL Comunicaci\u00f3n\" \/>\n<meta property=\"article:modified_time\" content=\"2026-04-05T07:54:07+00:00\" \/>\n<meta property=\"og:image\" content=\"https:\/\/adl-regalosempresa.com\/tiendaonline\/wp-content\/uploads\/2022\/06\/10059700.jpg\" \/>\n\t<meta property=\"og:image:width\" content=\"1600\" \/>\n\t<meta property=\"og:image:height\" content=\"1600\" \/>\n\t<meta property=\"og:image:type\" content=\"image\/jpeg\" \/>\n<meta name=\"twitter:card\" content=\"summary_large_image\" \/>\n<meta name=\"twitter:title\" content=\"Merchandising Bid\u00f3n de 740 ml de acero inoxidable para personalizar con logo - ADL\" \/>\n<script type=\"application\/ld+json\" class=\"yoast-schema-graph\">{\"@context\":\"https:\/\/schema.org\",\"@graph\":[{\"@type\":\"WebPage\",\"@id\":\"https:\/\/adl-regalosempresa.com\/tiendaonline\/articulos\/merchandising\/bidon-de-740-ml-de-acero-inoxidable-para-personalizar-con-logo\/\",\"url\":\"https:\/\/adl-regalosempresa.com\/tiendaonline\/articulos\/merchandising\/bidon-de-740-ml-de-acero-inoxidable-para-personalizar-con-logo\/\",\"name\":\"Merchandising Bid\u00f3n de 740 ml de acero inoxidable para personalizar con logo - ADL\",\"isPartOf\":{\"@id\":\"https:\/\/adl-regalosempresa.com\/tiendaonline\/#website\"},\"primaryImageOfPage\":{\"@id\":\"https:\/\/adl-regalosempresa.com\/tiendaonline\/articulos\/merchandising\/bidon-de-740-ml-de-acero-inoxidable-para-personalizar-con-logo\/#primaryimage\"},\"image\":{\"@id\":\"https:\/\/adl-regalosempresa.com\/tiendaonline\/articulos\/merchandising\/bidon-de-740-ml-de-acero-inoxidable-para-personalizar-con-logo\/#primaryimage\"},\"thumbnailUrl\":\"https:\/\/adl-regalosempresa.com\/tiendaonline\/wp-content\/uploads\/2022\/06\/10059700.jpg\",\"datePublished\":\"2026-03-28T05:00:54+00:00\",\"dateModified\":\"2026-04-05T07:54:07+00:00\",\"description\":\"Art\u00edculo de merchandising Bid\u00f3n de 740 ml de acero inoxidable \\\"Perth\\\". El bid\u00f3n deportivo de acero inoxidable Perth de 740 ml no s\u00f3lo es un regalo para la vista en cualquier escritorio, sino que tambi\u00e9n es ideal para utilizarla durante un paseo por el bosque. El tap\u00f3n de rosca y la tapa de acero inoxidable con una c\u00f3moda asa de manipulaci\u00f3n de silicona hacen que el bid\u00f3n sea f\u00e1cil de transportar. Adem\u00e1s, el tap\u00f3n nunca se pierde. La combinaci\u00f3n de colores blanco y plateado le da un aspecto elegante.\",\"breadcrumb\":{\"@id\":\"https:\/\/adl-regalosempresa.com\/tiendaonline\/articulos\/merchandising\/bidon-de-740-ml-de-acero-inoxidable-para-personalizar-con-logo\/#breadcrumb\"},\"inLanguage\":\"es\",\"potentialAction\":[{\"@type\":\"ReadAction\",\"target\":[\"https:\/\/adl-regalosempresa.com\/tiendaonline\/articulos\/merchandising\/bidon-de-740-ml-de-acero-inoxidable-para-personalizar-con-logo\/\"]}]},{\"@type\":\"ImageObject\",\"inLanguage\":\"es\",\"@id\":\"https:\/\/adl-regalosempresa.com\/tiendaonline\/articulos\/merchandising\/bidon-de-740-ml-de-acero-inoxidable-para-personalizar-con-logo\/#primaryimage\",\"url\":\"https:\/\/adl-regalosempresa.com\/tiendaonline\/wp-content\/uploads\/2022\/06\/10059700.jpg\",\"contentUrl\":\"https:\/\/adl-regalosempresa.com\/tiendaonline\/wp-content\/uploads\/2022\/06\/10059700.jpg\",\"width\":1600,\"height\":1600,\"caption\":\"Bid\u00f3n de 740 ml de acero inoxidable \\\"Perth\\\"\"},{\"@type\":\"BreadcrumbList\",\"@id\":\"https:\/\/adl-regalosempresa.com\/tiendaonline\/articulos\/merchandising\/bidon-de-740-ml-de-acero-inoxidable-para-personalizar-con-logo\/#breadcrumb\",\"itemListElement\":[{\"@type\":\"ListItem\",\"position\":1,\"name\":\"Portada\",\"item\":\"https:\/\/adl-regalosempresa.com\/tiendaonline\/\"},{\"@type\":\"ListItem\",\"position\":2,\"name\":\"Tienda\",\"item\":\"https:\/\/adl-regalosempresa.com\/tiendaonline\/tienda\/\"},{\"@type\":\"ListItem\",\"position\":3,\"name\":\"Bid\u00f3n de 740 ml de acero inoxidable para personalizar con logo\"}]},{\"@type\":\"WebSite\",\"@id\":\"https:\/\/adl-regalosempresa.com\/tiendaonline\/#website\",\"url\":\"https:\/\/adl-regalosempresa.com\/tiendaonline\/\",\"name\":\"ADL Comunicaci\u00f3n\",\"description\":\"Regalos de empresa\",\"publisher\":{\"@id\":\"https:\/\/adl-regalosempresa.com\/tiendaonline\/#organization\"},\"potentialAction\":[{\"@type\":\"SearchAction\",\"target\":{\"@type\":\"EntryPoint\",\"urlTemplate\":\"https:\/\/adl-regalosempresa.com\/tiendaonline\/?s={search_term_string}\"},\"query-input\":{\"@type\":\"PropertyValueSpecification\",\"valueRequired\":true,\"valueName\":\"search_term_string\"}}],\"inLanguage\":\"es\"},{\"@type\":\"Organization\",\"@id\":\"https:\/\/adl-regalosempresa.com\/tiendaonline\/#organization\",\"name\":\"ADL Comunicaci\u00f3n\",\"url\":\"https:\/\/adl-regalosempresa.com\/tiendaonline\/\",\"logo\":{\"@type\":\"ImageObject\",\"inLanguage\":\"es\",\"@id\":\"https:\/\/adl-regalosempresa.com\/tiendaonline\/#\/schema\/logo\/image\/\",\"url\":\"https:\/\/adl-regalosempresa.com\/tiendaonline\/wp-content\/uploads\/2017\/09\/logo-adl-wp.png\",\"contentUrl\":\"https:\/\/adl-regalosempresa.com\/tiendaonline\/wp-content\/uploads\/2017\/09\/logo-adl-wp.png\",\"width\":407,\"height\":185,\"caption\":\"ADL Comunicaci\u00f3n\"},\"image\":{\"@id\":\"https:\/\/adl-regalosempresa.com\/tiendaonline\/#\/schema\/logo\/image\/\"}}]}<\/script>\n<!-- \/ Yoast SEO plugin. -->","yoast_head_json":{"title":"Merchandising Bid\u00f3n de 740 ml de acero inoxidable para personalizar con logo - ADL","description":"Art\u00edculo de merchandising Bid\u00f3n de 740 ml de acero inoxidable \"Perth\". El bid\u00f3n deportivo de acero inoxidable Perth de 740 ml no s\u00f3lo es un regalo para la vista en cualquier escritorio, sino que tambi\u00e9n es ideal para utilizarla durante un paseo por el bosque. El tap\u00f3n de rosca y la tapa de acero inoxidable con una c\u00f3moda asa de manipulaci\u00f3n de silicona hacen que el bid\u00f3n sea f\u00e1cil de transportar. Adem\u00e1s, el tap\u00f3n nunca se pierde. La combinaci\u00f3n de colores blanco y plateado le da un aspecto elegante.","robots":{"index":"index","follow":"follow","max-snippet":"max-snippet:-1","max-image-preview":"max-image-preview:large","max-video-preview":"max-video-preview:-1"},"canonical":"https:\/\/adl-regalosempresa.com\/tiendaonline\/articulos\/merchandising\/bidon-de-740-ml-de-acero-inoxidable-para-personalizar-con-logo\/","og_locale":"es_ES","og_type":"article","og_title":"Merchandising Bid\u00f3n de 740 ml de acero inoxidable para personalizar con logo - ADL","og_description":"Art\u00edculo de merchandising Bid\u00f3n de 740 ml de acero inoxidable \"Perth\". El bid\u00f3n deportivo de acero inoxidable Perth de 740 ml no s\u00f3lo es un regalo para la vista en cualquier escritorio, sino que tambi\u00e9n es ideal para utilizarla durante un paseo por el bosque. El tap\u00f3n de rosca y la tapa de acero inoxidable con una c\u00f3moda asa de manipulaci\u00f3n de silicona hacen que el bid\u00f3n sea f\u00e1cil de transportar. Adem\u00e1s, el tap\u00f3n nunca se pierde. La combinaci\u00f3n de colores blanco y plateado le da un aspecto elegante.","og_url":"https:\/\/adl-regalosempresa.com\/tiendaonline\/articulos\/merchandising\/bidon-de-740-ml-de-acero-inoxidable-para-personalizar-con-logo\/","og_site_name":"ADL Comunicaci\u00f3n","article_modified_time":"2026-04-05T07:54:07+00:00","og_image":[{"width":1600,"height":1600,"url":"https:\/\/adl-regalosempresa.com\/tiendaonline\/wp-content\/uploads\/2022\/06\/10059700.jpg","type":"image\/jpeg"}],"twitter_card":"summary_large_image","twitter_title":"Merchandising Bid\u00f3n de 740 ml de acero inoxidable para personalizar con logo - ADL","schema":{"@context":"https:\/\/schema.org","@graph":[{"@type":"WebPage","@id":"https:\/\/adl-regalosempresa.com\/tiendaonline\/articulos\/merchandising\/bidon-de-740-ml-de-acero-inoxidable-para-personalizar-con-logo\/","url":"https:\/\/adl-regalosempresa.com\/tiendaonline\/articulos\/merchandising\/bidon-de-740-ml-de-acero-inoxidable-para-personalizar-con-logo\/","name":"Merchandising Bid\u00f3n de 740 ml de acero inoxidable para personalizar con logo - ADL","isPartOf":{"@id":"https:\/\/adl-regalosempresa.com\/tiendaonline\/#website"},"primaryImageOfPage":{"@id":"https:\/\/adl-regalosempresa.com\/tiendaonline\/articulos\/merchandising\/bidon-de-740-ml-de-acero-inoxidable-para-personalizar-con-logo\/#primaryimage"},"image":{"@id":"https:\/\/adl-regalosempresa.com\/tiendaonline\/articulos\/merchandising\/bidon-de-740-ml-de-acero-inoxidable-para-personalizar-con-logo\/#primaryimage"},"thumbnailUrl":"https:\/\/adl-regalosempresa.com\/tiendaonline\/wp-content\/uploads\/2022\/06\/10059700.jpg","datePublished":"2026-03-28T05:00:54+00:00","dateModified":"2026-04-05T07:54:07+00:00","description":"Art\u00edculo de merchandising Bid\u00f3n de 740 ml de acero inoxidable \"Perth\". El bid\u00f3n deportivo de acero inoxidable Perth de 740 ml no s\u00f3lo es un regalo para la vista en cualquier escritorio, sino que tambi\u00e9n es ideal para utilizarla durante un paseo por el bosque. El tap\u00f3n de rosca y la tapa de acero inoxidable con una c\u00f3moda asa de manipulaci\u00f3n de silicona hacen que el bid\u00f3n sea f\u00e1cil de transportar. Adem\u00e1s, el tap\u00f3n nunca se pierde. La combinaci\u00f3n de colores blanco y plateado le da un aspecto elegante.","breadcrumb":{"@id":"https:\/\/adl-regalosempresa.com\/tiendaonline\/articulos\/merchandising\/bidon-de-740-ml-de-acero-inoxidable-para-personalizar-con-logo\/#breadcrumb"},"inLanguage":"es","potentialAction":[{"@type":"ReadAction","target":["https:\/\/adl-regalosempresa.com\/tiendaonline\/articulos\/merchandising\/bidon-de-740-ml-de-acero-inoxidable-para-personalizar-con-logo\/"]}]},{"@type":"ImageObject","inLanguage":"es","@id":"https:\/\/adl-regalosempresa.com\/tiendaonline\/articulos\/merchandising\/bidon-de-740-ml-de-acero-inoxidable-para-personalizar-con-logo\/#primaryimage","url":"https:\/\/adl-regalosempresa.com\/tiendaonline\/wp-content\/uploads\/2022\/06\/10059700.jpg","contentUrl":"https:\/\/adl-regalosempresa.com\/tiendaonline\/wp-content\/uploads\/2022\/06\/10059700.jpg","width":1600,"height":1600,"caption":"Bid\u00f3n de 740 ml de acero inoxidable \"Perth\""},{"@type":"BreadcrumbList","@id":"https:\/\/adl-regalosempresa.com\/tiendaonline\/articulos\/merchandising\/bidon-de-740-ml-de-acero-inoxidable-para-personalizar-con-logo\/#breadcrumb","itemListElement":[{"@type":"ListItem","position":1,"name":"Portada","item":"https:\/\/adl-regalosempresa.com\/tiendaonline\/"},{"@type":"ListItem","position":2,"name":"Tienda","item":"https:\/\/adl-regalosempresa.com\/tiendaonline\/tienda\/"},{"@type":"ListItem","position":3,"name":"Bid\u00f3n de 740 ml de acero inoxidable para personalizar con logo"}]},{"@type":"WebSite","@id":"https:\/\/adl-regalosempresa.com\/tiendaonline\/#website","url":"https:\/\/adl-regalosempresa.com\/tiendaonline\/","name":"ADL Comunicaci\u00f3n","description":"Regalos de empresa","publisher":{"@id":"https:\/\/adl-regalosempresa.com\/tiendaonline\/#organization"},"potentialAction":[{"@type":"SearchAction","target":{"@type":"EntryPoint","urlTemplate":"https:\/\/adl-regalosempresa.com\/tiendaonline\/?s={search_term_string}"},"query-input":{"@type":"PropertyValueSpecification","valueRequired":true,"valueName":"search_term_string"}}],"inLanguage":"es"},{"@type":"Organization","@id":"https:\/\/adl-regalosempresa.com\/tiendaonline\/#organization","name":"ADL Comunicaci\u00f3n","url":"https:\/\/adl-regalosempresa.com\/tiendaonline\/","logo":{"@type":"ImageObject","inLanguage":"es","@id":"https:\/\/adl-regalosempresa.com\/tiendaonline\/#\/schema\/logo\/image\/","url":"https:\/\/adl-regalosempresa.com\/tiendaonline\/wp-content\/uploads\/2017\/09\/logo-adl-wp.png","contentUrl":"https:\/\/adl-regalosempresa.com\/tiendaonline\/wp-content\/uploads\/2017\/09\/logo-adl-wp.png","width":407,"height":185,"caption":"ADL Comunicaci\u00f3n"},"image":{"@id":"https:\/\/adl-regalosempresa.com\/tiendaonline\/#\/schema\/logo\/image\/"}}]}},"_links":{"self":[{"href":"https:\/\/adl-regalosempresa.com\/tiendaonline\/wp-json\/wp\/v2\/product\/86714","targetHints":{"allow":["GET"]}}],"collection":[{"href":"https:\/\/adl-regalosempresa.com\/tiendaonline\/wp-json\/wp\/v2\/product"}],"about":[{"href":"https:\/\/adl-regalosempresa.com\/tiendaonline\/wp-json\/wp\/v2\/types\/product"}],"wp:featuredmedia":[{"embeddable":true,"href":"https:\/\/adl-regalosempresa.com\/tiendaonline\/wp-json\/wp\/v2\/media\/86716"}],"wp:attachment":[{"href":"https:\/\/adl-regalosempresa.com\/tiendaonline\/wp-json\/wp\/v2\/media?parent=86714"}],"wp:term":[{"taxonomy":"product_brand","embeddable":true,"href":"https:\/\/adl-regalosempresa.com\/tiendaonline\/wp-json\/wp\/v2\/product_brand?post=86714"},{"taxonomy":"product_cat","embeddable":true,"href":"https:\/\/adl-regalosempresa.com\/tiendaonline\/wp-json\/wp\/v2\/product_cat?post=86714"},{"taxonomy":"product_tag","embeddable":true,"href":"https:\/\/adl-regalosempresa.com\/tiendaonline\/wp-json\/wp\/v2\/product_tag?post=86714"}],"curies":[{"name":"wp","href":"https:\/\/api.w.org\/{rel}","templated":true}]}}