{"id":86514,"date":"2026-05-14T04:01:13","date_gmt":"2026-05-14T04:01:13","guid":{"rendered":"https:\/\/adl-regalosempresa.com\/tiendaonline\/articulos\/merchandising\/botella-con-aislamiento-de-cobre-al-vacio-de-510-ml-para-personalizar\/"},"modified":"2026-05-15T08:14:10","modified_gmt":"2026-05-15T08:14:10","slug":"botella-con-aislamiento-de-cobre-al-vacio-de-510-ml-odin-para-personalizar-con-logo","status":"publish","type":"product","link":"https:\/\/adl-regalosempresa.com\/tiendaonline\/articulos\/merchandising\/botella-con-aislamiento-de-cobre-al-vacio-de-510-ml-odin-para-personalizar-con-logo\/","title":{"rendered":"Botella con aislamiento de cobre al vac\u00edo de 510 ml Odin para personalizar con logo"},"content":{"rendered":"<p>Botella duradera de construcci\u00f3n al vac\u00edo de acero inoxidable de doble pared con aislamiento de cobre para que tus bebidas se mantengan fr\u00edas durante 48 horas y al menos 12 horas con las bebidas calientes. Esta construcci\u00f3n tambi\u00e9n evita la condensaci\u00f3n en el exterior de la botella. Moderna y duradera pintura en polvo. Tapa antivertido de rosca de acero inoxidable. Capacidad en volumen 510\u00a0ml. Se presenta en un estuche de regalo de Avenue.<\/p>\n","protected":false},"excerpt":{"rendered":"<p><strong>Descuentos por cantidades<\/strong><br \/>&#8211; a partir de 50 unidades: 13,21 \u20ac\/ud<br \/>&#8211; a partir de 100 unidades: 13,21 \u20ac\/ud<br \/>&#8211; a partir de 500 unidades: 12,95 \u20ac\/ud<\/p>\n<p>Para cantidades superiores a las aqu\u00ed indicadas, no dudes en ponerte en contacto con nuestro departamento comercial o <a href='https:\/\/adl-regalosempresa.com\/tiendaonline\/solicitud-presupuesto\/'>pedirnos presupuesto personalizado<\/a>, ajustaremos el presupuesto a tus necesidades.<\/p>\n","protected":false},"featured_media":86516,"template":"","meta":{"_kad_post_transparent":"","_kad_post_title":"","_kad_post_layout":"","_kad_post_sidebar_id":"","_kad_post_content_style":"","_kad_post_vertical_padding":"","_kad_post_feature":"","_kad_post_feature_position":"","_kad_post_header":false,"_kad_post_footer":false,"_kad_post_classname":""},"product_brand":[],"product_cat":[3904,3372],"product_tag":[],"class_list":{"0":"post-86514","1":"product","2":"type-product","3":"status-publish","4":"has-post-thumbnail","6":"product_cat-botellas-isotermicas","7":"product_cat-articulos-para-bebidas","8":"pa_alto-251-cm","9":"pa_color-azul","10":"pa_color-blanco","11":"pa_color-gris","12":"pa_color-negro-intenso","13":"pa_color-plateado","14":"pa_color-rojo","15":"pa_color-verde-menta","16":"pa_color-simple-azul","17":"pa_color-simple-blanco","18":"pa_color-simple-gris","19":"pa_color-simple-negro-intenso","20":"pa_color-simple-rojo","21":"pa_color-simple-verde","22":"pa_diametro-67-cm","23":"pa_marca-unbranded","24":"pa_material-acero-inoxidable","25":"pa_peso-271-gr","27":"first","28":"instock","29":"taxable","30":"shipping-taxable","31":"purchasable","32":"product-type-variable","33":"entry","34":"content-bg","35":"loop-entry"},"yoast_head":"<!-- This site is optimized with the Yoast SEO plugin v26.3 - https:\/\/yoast.com\/wordpress\/plugins\/seo\/ -->\n<title>Merchandising Botella con aislamiento de cobre al vac\u00edo de 510 ml Odin para personalizar con logo - ADL<\/title>\n<meta name=\"description\" content=\"Art\u00edculo de merchandising Botella con aislamiento de cobre al vac\u00edo de 510 ml Odin. Botella duradera de construcci\u00f3n al vac\u00edo de acero inoxidable de doble pared con aislamiento de cobre para que tus bebidas se mantengan fr\u00edas durante 48 horas y al menos 12 horas con las bebidas calientes. Esta construcci\u00f3n tambi\u00e9n evita la condensaci\u00f3n en el exterior de la botella. Moderna y duradera pintura en polvo. Tapa antivertido de rosca de acero inoxidable. Capacidad en volumen 510\u00a0ml. Se presenta en un estuche de regalo de Avenue.\" \/>\n<meta name=\"robots\" content=\"index, follow, max-snippet:-1, max-image-preview:large, max-video-preview:-1\" \/>\n<link rel=\"canonical\" href=\"https:\/\/adl-regalosempresa.com\/tiendaonline\/articulos\/merchandising\/botella-con-aislamiento-de-cobre-al-vacio-de-510-ml-odin-para-personalizar-con-logo\/\" \/>\n<meta property=\"og:locale\" content=\"es_ES\" \/>\n<meta property=\"og:type\" content=\"article\" \/>\n<meta property=\"og:title\" content=\"Merchandising Botella con aislamiento de cobre al vac\u00edo de 510 ml Odin para personalizar con logo - ADL\" \/>\n<meta property=\"og:description\" content=\"Art\u00edculo de merchandising Botella con aislamiento de cobre al vac\u00edo de 510 ml Odin. Botella duradera de construcci\u00f3n al vac\u00edo de acero inoxidable de doble pared con aislamiento de cobre para que tus bebidas se mantengan fr\u00edas durante 48 horas y al menos 12 horas con las bebidas calientes. Esta construcci\u00f3n tambi\u00e9n evita la condensaci\u00f3n en el exterior de la botella. Moderna y duradera pintura en polvo. Tapa antivertido de rosca de acero inoxidable. Capacidad en volumen 510\u00a0ml. Se presenta en un estuche de regalo de Avenue.\" \/>\n<meta property=\"og:url\" content=\"https:\/\/adl-regalosempresa.com\/tiendaonline\/articulos\/merchandising\/botella-con-aislamiento-de-cobre-al-vacio-de-510-ml-odin-para-personalizar-con-logo\/\" \/>\n<meta property=\"og:site_name\" content=\"ADL Comunicaci\u00f3n\" \/>\n<meta property=\"article:modified_time\" content=\"2026-05-15T08:14:10+00:00\" \/>\n<meta property=\"og:image\" content=\"https:\/\/adl-regalosempresa.com\/tiendaonline\/wp-content\/uploads\/2022\/06\/10054900.jpg\" \/>\n\t<meta property=\"og:image:width\" content=\"1600\" \/>\n\t<meta property=\"og:image:height\" content=\"1600\" \/>\n\t<meta property=\"og:image:type\" content=\"image\/jpeg\" \/>\n<meta name=\"twitter:card\" content=\"summary_large_image\" \/>\n<meta name=\"twitter:title\" content=\"Merchandising Botella con aislamiento de cobre al vac\u00edo de 510 ml Odin para personalizar con logo - ADL\" \/>\n<script type=\"application\/ld+json\" class=\"yoast-schema-graph\">{\"@context\":\"https:\/\/schema.org\",\"@graph\":[{\"@type\":\"WebPage\",\"@id\":\"https:\/\/adl-regalosempresa.com\/tiendaonline\/articulos\/merchandising\/botella-con-aislamiento-de-cobre-al-vacio-de-510-ml-odin-para-personalizar-con-logo\/\",\"url\":\"https:\/\/adl-regalosempresa.com\/tiendaonline\/articulos\/merchandising\/botella-con-aislamiento-de-cobre-al-vacio-de-510-ml-odin-para-personalizar-con-logo\/\",\"name\":\"Merchandising Botella con aislamiento de cobre al vac\u00edo de 510 ml Odin para personalizar con logo - ADL\",\"isPartOf\":{\"@id\":\"https:\/\/adl-regalosempresa.com\/tiendaonline\/#website\"},\"primaryImageOfPage\":{\"@id\":\"https:\/\/adl-regalosempresa.com\/tiendaonline\/articulos\/merchandising\/botella-con-aislamiento-de-cobre-al-vacio-de-510-ml-odin-para-personalizar-con-logo\/#primaryimage\"},\"image\":{\"@id\":\"https:\/\/adl-regalosempresa.com\/tiendaonline\/articulos\/merchandising\/botella-con-aislamiento-de-cobre-al-vacio-de-510-ml-odin-para-personalizar-con-logo\/#primaryimage\"},\"thumbnailUrl\":\"https:\/\/adl-regalosempresa.com\/tiendaonline\/wp-content\/uploads\/2022\/06\/10054900.jpg\",\"datePublished\":\"2026-05-14T04:01:13+00:00\",\"dateModified\":\"2026-05-15T08:14:10+00:00\",\"description\":\"Art\u00edculo de merchandising Botella con aislamiento de cobre al vac\u00edo de 510 ml Odin. Botella duradera de construcci\u00f3n al vac\u00edo de acero inoxidable de doble pared con aislamiento de cobre para que tus bebidas se mantengan fr\u00edas durante 48 horas y al menos 12 horas con las bebidas calientes. Esta construcci\u00f3n tambi\u00e9n evita la condensaci\u00f3n en el exterior de la botella. Moderna y duradera pintura en polvo. Tapa antivertido de rosca de acero inoxidable. Capacidad en volumen 510\u00a0ml. Se presenta en un estuche de regalo de Avenue.\",\"breadcrumb\":{\"@id\":\"https:\/\/adl-regalosempresa.com\/tiendaonline\/articulos\/merchandising\/botella-con-aislamiento-de-cobre-al-vacio-de-510-ml-odin-para-personalizar-con-logo\/#breadcrumb\"},\"inLanguage\":\"es\",\"potentialAction\":[{\"@type\":\"ReadAction\",\"target\":[\"https:\/\/adl-regalosempresa.com\/tiendaonline\/articulos\/merchandising\/botella-con-aislamiento-de-cobre-al-vacio-de-510-ml-odin-para-personalizar-con-logo\/\"]}]},{\"@type\":\"ImageObject\",\"inLanguage\":\"es\",\"@id\":\"https:\/\/adl-regalosempresa.com\/tiendaonline\/articulos\/merchandising\/botella-con-aislamiento-de-cobre-al-vacio-de-510-ml-odin-para-personalizar-con-logo\/#primaryimage\",\"url\":\"https:\/\/adl-regalosempresa.com\/tiendaonline\/wp-content\/uploads\/2022\/06\/10054900.jpg\",\"contentUrl\":\"https:\/\/adl-regalosempresa.com\/tiendaonline\/wp-content\/uploads\/2022\/06\/10054900.jpg\",\"width\":1600,\"height\":1600,\"caption\":\"Botella con aislamiento de cobre al vac\u00edo de 510 ml Odin\"},{\"@type\":\"BreadcrumbList\",\"@id\":\"https:\/\/adl-regalosempresa.com\/tiendaonline\/articulos\/merchandising\/botella-con-aislamiento-de-cobre-al-vacio-de-510-ml-odin-para-personalizar-con-logo\/#breadcrumb\",\"itemListElement\":[{\"@type\":\"ListItem\",\"position\":1,\"name\":\"Portada\",\"item\":\"https:\/\/adl-regalosempresa.com\/tiendaonline\/\"},{\"@type\":\"ListItem\",\"position\":2,\"name\":\"Tienda\",\"item\":\"https:\/\/adl-regalosempresa.com\/tiendaonline\/tienda\/\"},{\"@type\":\"ListItem\",\"position\":3,\"name\":\"Botella con aislamiento de cobre al vac\u00edo de 510 ml Odin para personalizar con logo\"}]},{\"@type\":\"WebSite\",\"@id\":\"https:\/\/adl-regalosempresa.com\/tiendaonline\/#website\",\"url\":\"https:\/\/adl-regalosempresa.com\/tiendaonline\/\",\"name\":\"ADL Comunicaci\u00f3n\",\"description\":\"Regalos de empresa\",\"publisher\":{\"@id\":\"https:\/\/adl-regalosempresa.com\/tiendaonline\/#organization\"},\"potentialAction\":[{\"@type\":\"SearchAction\",\"target\":{\"@type\":\"EntryPoint\",\"urlTemplate\":\"https:\/\/adl-regalosempresa.com\/tiendaonline\/?s={search_term_string}\"},\"query-input\":{\"@type\":\"PropertyValueSpecification\",\"valueRequired\":true,\"valueName\":\"search_term_string\"}}],\"inLanguage\":\"es\"},{\"@type\":\"Organization\",\"@id\":\"https:\/\/adl-regalosempresa.com\/tiendaonline\/#organization\",\"name\":\"ADL Comunicaci\u00f3n\",\"url\":\"https:\/\/adl-regalosempresa.com\/tiendaonline\/\",\"logo\":{\"@type\":\"ImageObject\",\"inLanguage\":\"es\",\"@id\":\"https:\/\/adl-regalosempresa.com\/tiendaonline\/#\/schema\/logo\/image\/\",\"url\":\"https:\/\/adl-regalosempresa.com\/tiendaonline\/wp-content\/uploads\/2017\/09\/logo-adl-wp.png\",\"contentUrl\":\"https:\/\/adl-regalosempresa.com\/tiendaonline\/wp-content\/uploads\/2017\/09\/logo-adl-wp.png\",\"width\":407,\"height\":185,\"caption\":\"ADL Comunicaci\u00f3n\"},\"image\":{\"@id\":\"https:\/\/adl-regalosempresa.com\/tiendaonline\/#\/schema\/logo\/image\/\"}}]}<\/script>\n<!-- \/ Yoast SEO plugin. -->","yoast_head_json":{"title":"Merchandising Botella con aislamiento de cobre al vac\u00edo de 510 ml Odin para personalizar con logo - ADL","description":"Art\u00edculo de merchandising Botella con aislamiento de cobre al vac\u00edo de 510 ml Odin. Botella duradera de construcci\u00f3n al vac\u00edo de acero inoxidable de doble pared con aislamiento de cobre para que tus bebidas se mantengan fr\u00edas durante 48 horas y al menos 12 horas con las bebidas calientes. Esta construcci\u00f3n tambi\u00e9n evita la condensaci\u00f3n en el exterior de la botella. Moderna y duradera pintura en polvo. Tapa antivertido de rosca de acero inoxidable. Capacidad en volumen 510\u00a0ml. Se presenta en un estuche de regalo de Avenue.","robots":{"index":"index","follow":"follow","max-snippet":"max-snippet:-1","max-image-preview":"max-image-preview:large","max-video-preview":"max-video-preview:-1"},"canonical":"https:\/\/adl-regalosempresa.com\/tiendaonline\/articulos\/merchandising\/botella-con-aislamiento-de-cobre-al-vacio-de-510-ml-odin-para-personalizar-con-logo\/","og_locale":"es_ES","og_type":"article","og_title":"Merchandising Botella con aislamiento de cobre al vac\u00edo de 510 ml Odin para personalizar con logo - ADL","og_description":"Art\u00edculo de merchandising Botella con aislamiento de cobre al vac\u00edo de 510 ml Odin. Botella duradera de construcci\u00f3n al vac\u00edo de acero inoxidable de doble pared con aislamiento de cobre para que tus bebidas se mantengan fr\u00edas durante 48 horas y al menos 12 horas con las bebidas calientes. Esta construcci\u00f3n tambi\u00e9n evita la condensaci\u00f3n en el exterior de la botella. Moderna y duradera pintura en polvo. Tapa antivertido de rosca de acero inoxidable. Capacidad en volumen 510\u00a0ml. Se presenta en un estuche de regalo de Avenue.","og_url":"https:\/\/adl-regalosempresa.com\/tiendaonline\/articulos\/merchandising\/botella-con-aislamiento-de-cobre-al-vacio-de-510-ml-odin-para-personalizar-con-logo\/","og_site_name":"ADL Comunicaci\u00f3n","article_modified_time":"2026-05-15T08:14:10+00:00","og_image":[{"width":1600,"height":1600,"url":"https:\/\/adl-regalosempresa.com\/tiendaonline\/wp-content\/uploads\/2022\/06\/10054900.jpg","type":"image\/jpeg"}],"twitter_card":"summary_large_image","twitter_title":"Merchandising Botella con aislamiento de cobre al vac\u00edo de 510 ml Odin para personalizar con logo - ADL","schema":{"@context":"https:\/\/schema.org","@graph":[{"@type":"WebPage","@id":"https:\/\/adl-regalosempresa.com\/tiendaonline\/articulos\/merchandising\/botella-con-aislamiento-de-cobre-al-vacio-de-510-ml-odin-para-personalizar-con-logo\/","url":"https:\/\/adl-regalosempresa.com\/tiendaonline\/articulos\/merchandising\/botella-con-aislamiento-de-cobre-al-vacio-de-510-ml-odin-para-personalizar-con-logo\/","name":"Merchandising Botella con aislamiento de cobre al vac\u00edo de 510 ml Odin para personalizar con logo - ADL","isPartOf":{"@id":"https:\/\/adl-regalosempresa.com\/tiendaonline\/#website"},"primaryImageOfPage":{"@id":"https:\/\/adl-regalosempresa.com\/tiendaonline\/articulos\/merchandising\/botella-con-aislamiento-de-cobre-al-vacio-de-510-ml-odin-para-personalizar-con-logo\/#primaryimage"},"image":{"@id":"https:\/\/adl-regalosempresa.com\/tiendaonline\/articulos\/merchandising\/botella-con-aislamiento-de-cobre-al-vacio-de-510-ml-odin-para-personalizar-con-logo\/#primaryimage"},"thumbnailUrl":"https:\/\/adl-regalosempresa.com\/tiendaonline\/wp-content\/uploads\/2022\/06\/10054900.jpg","datePublished":"2026-05-14T04:01:13+00:00","dateModified":"2026-05-15T08:14:10+00:00","description":"Art\u00edculo de merchandising Botella con aislamiento de cobre al vac\u00edo de 510 ml Odin. Botella duradera de construcci\u00f3n al vac\u00edo de acero inoxidable de doble pared con aislamiento de cobre para que tus bebidas se mantengan fr\u00edas durante 48 horas y al menos 12 horas con las bebidas calientes. Esta construcci\u00f3n tambi\u00e9n evita la condensaci\u00f3n en el exterior de la botella. Moderna y duradera pintura en polvo. Tapa antivertido de rosca de acero inoxidable. Capacidad en volumen 510\u00a0ml. Se presenta en un estuche de regalo de Avenue.","breadcrumb":{"@id":"https:\/\/adl-regalosempresa.com\/tiendaonline\/articulos\/merchandising\/botella-con-aislamiento-de-cobre-al-vacio-de-510-ml-odin-para-personalizar-con-logo\/#breadcrumb"},"inLanguage":"es","potentialAction":[{"@type":"ReadAction","target":["https:\/\/adl-regalosempresa.com\/tiendaonline\/articulos\/merchandising\/botella-con-aislamiento-de-cobre-al-vacio-de-510-ml-odin-para-personalizar-con-logo\/"]}]},{"@type":"ImageObject","inLanguage":"es","@id":"https:\/\/adl-regalosempresa.com\/tiendaonline\/articulos\/merchandising\/botella-con-aislamiento-de-cobre-al-vacio-de-510-ml-odin-para-personalizar-con-logo\/#primaryimage","url":"https:\/\/adl-regalosempresa.com\/tiendaonline\/wp-content\/uploads\/2022\/06\/10054900.jpg","contentUrl":"https:\/\/adl-regalosempresa.com\/tiendaonline\/wp-content\/uploads\/2022\/06\/10054900.jpg","width":1600,"height":1600,"caption":"Botella con aislamiento de cobre al vac\u00edo de 510 ml Odin"},{"@type":"BreadcrumbList","@id":"https:\/\/adl-regalosempresa.com\/tiendaonline\/articulos\/merchandising\/botella-con-aislamiento-de-cobre-al-vacio-de-510-ml-odin-para-personalizar-con-logo\/#breadcrumb","itemListElement":[{"@type":"ListItem","position":1,"name":"Portada","item":"https:\/\/adl-regalosempresa.com\/tiendaonline\/"},{"@type":"ListItem","position":2,"name":"Tienda","item":"https:\/\/adl-regalosempresa.com\/tiendaonline\/tienda\/"},{"@type":"ListItem","position":3,"name":"Botella con aislamiento de cobre al vac\u00edo de 510 ml Odin para personalizar con logo"}]},{"@type":"WebSite","@id":"https:\/\/adl-regalosempresa.com\/tiendaonline\/#website","url":"https:\/\/adl-regalosempresa.com\/tiendaonline\/","name":"ADL Comunicaci\u00f3n","description":"Regalos de empresa","publisher":{"@id":"https:\/\/adl-regalosempresa.com\/tiendaonline\/#organization"},"potentialAction":[{"@type":"SearchAction","target":{"@type":"EntryPoint","urlTemplate":"https:\/\/adl-regalosempresa.com\/tiendaonline\/?s={search_term_string}"},"query-input":{"@type":"PropertyValueSpecification","valueRequired":true,"valueName":"search_term_string"}}],"inLanguage":"es"},{"@type":"Organization","@id":"https:\/\/adl-regalosempresa.com\/tiendaonline\/#organization","name":"ADL Comunicaci\u00f3n","url":"https:\/\/adl-regalosempresa.com\/tiendaonline\/","logo":{"@type":"ImageObject","inLanguage":"es","@id":"https:\/\/adl-regalosempresa.com\/tiendaonline\/#\/schema\/logo\/image\/","url":"https:\/\/adl-regalosempresa.com\/tiendaonline\/wp-content\/uploads\/2017\/09\/logo-adl-wp.png","contentUrl":"https:\/\/adl-regalosempresa.com\/tiendaonline\/wp-content\/uploads\/2017\/09\/logo-adl-wp.png","width":407,"height":185,"caption":"ADL Comunicaci\u00f3n"},"image":{"@id":"https:\/\/adl-regalosempresa.com\/tiendaonline\/#\/schema\/logo\/image\/"}}]}},"_links":{"self":[{"href":"https:\/\/adl-regalosempresa.com\/tiendaonline\/wp-json\/wp\/v2\/product\/86514","targetHints":{"allow":["GET"]}}],"collection":[{"href":"https:\/\/adl-regalosempresa.com\/tiendaonline\/wp-json\/wp\/v2\/product"}],"about":[{"href":"https:\/\/adl-regalosempresa.com\/tiendaonline\/wp-json\/wp\/v2\/types\/product"}],"wp:featuredmedia":[{"embeddable":true,"href":"https:\/\/adl-regalosempresa.com\/tiendaonline\/wp-json\/wp\/v2\/media\/86516"}],"wp:attachment":[{"href":"https:\/\/adl-regalosempresa.com\/tiendaonline\/wp-json\/wp\/v2\/media?parent=86514"}],"wp:term":[{"taxonomy":"product_brand","embeddable":true,"href":"https:\/\/adl-regalosempresa.com\/tiendaonline\/wp-json\/wp\/v2\/product_brand?post=86514"},{"taxonomy":"product_cat","embeddable":true,"href":"https:\/\/adl-regalosempresa.com\/tiendaonline\/wp-json\/wp\/v2\/product_cat?post=86514"},{"taxonomy":"product_tag","embeddable":true,"href":"https:\/\/adl-regalosempresa.com\/tiendaonline\/wp-json\/wp\/v2\/product_tag?post=86514"}],"curies":[{"name":"wp","href":"https:\/\/api.w.org\/{rel}","templated":true}]}}