{"id":86195,"date":"2026-03-24T05:01:09","date_gmt":"2026-03-24T05:01:09","guid":{"rendered":"https:\/\/adl-regalosempresa.com\/tiendaonline\/articulos\/merchandising\/taza-de-ceramica-de-400-ml-con-base-de-madera-para-personalizar\/"},"modified":"2026-04-16T07:44:16","modified_gmt":"2026-04-16T07:44:16","slug":"taza-de-ceramica-de-400-ml-con-base-de-madera-para-personalizar-con-logo","status":"publish","type":"product","link":"https:\/\/adl-regalosempresa.com\/tiendaonline\/articulos\/merchandising\/taza-de-ceramica-de-400-ml-con-base-de-madera-para-personalizar-con-logo\/","title":{"rendered":"Taza de cer\u00e1mica de 400 ml con base de madera  para personalizar con logo"},"content":{"rendered":"<p>La acogedora taza de cer\u00e1mica Heart de 400 ml con acabado mate y posavasos de madera es un acompa\u00f1ante de moda para una bebida caliente en los fr\u00edos d\u00edas de invierno. El dise\u00f1o redondo destaca en todas partes, al igual que el toque de color en el interior. El material cer\u00e1mico es resistente al calor y el posavasos tambi\u00e9n puede utilizarse como tapa. La taza Hearth (incluida la impresi\u00f3n) es apta para el lavavajillas seg\u00fan la norma EN12875-1 durante al menos 125 lavados.<\/p>\n","protected":false},"excerpt":{"rendered":"<p><strong>Descuentos por cantidades<\/strong><br \/>&#8211; a partir de 50 unidades: 10,22 \u20ac\/ud<br \/>&#8211; a partir de 100 unidades: 10,22 \u20ac\/ud<br \/>&#8211; a partir de 500 unidades: 10,03 \u20ac\/ud<\/p>\n<p>Para cantidades superiores a las aqu\u00ed indicadas, no dudes en ponerte en contacto con nuestro departamento comercial o <a href='https:\/\/adl-regalosempresa.com\/tiendaonline\/solicitud-presupuesto\/'>pedirnos presupuesto personalizado<\/a>, ajustaremos el presupuesto a tus necesidades.<\/p>\n","protected":false},"featured_media":86197,"template":"","meta":{"_kad_post_transparent":"","_kad_post_title":"","_kad_post_layout":"","_kad_post_sidebar_id":"","_kad_post_content_style":"","_kad_post_vertical_padding":"","_kad_post_feature":"","_kad_post_feature_position":"","_kad_post_header":false,"_kad_post_footer":false,"_kad_post_classname":""},"product_brand":[],"product_cat":[3846,3372],"product_tag":[],"class_list":{"0":"post-86195","1":"product","2":"type-product","3":"status-publish","4":"has-post-thumbnail","6":"product_cat-tazas-estandar","7":"product_cat-articulos-para-bebidas","8":"pa_alto-104-cm","9":"pa_color-negro-intenso-azul","10":"pa_color-negro-intenso-blanco","11":"pa_color-negro-intenso-lima","12":"pa_color-negro-intenso-rojo","13":"pa_color-simple-azul","14":"pa_color-simple-blanco","15":"pa_color-simple-negro-intenso","16":"pa_color-simple-rojo","17":"pa_diametro-75-cm","18":"pa_marca-unbranded","19":"pa_material-ceramica","20":"pa_peso-480-gr","22":"first","23":"instock","24":"taxable","25":"shipping-taxable","26":"purchasable","27":"product-type-variable","28":"entry","29":"content-bg","30":"loop-entry"},"yoast_head":"<!-- This site is optimized with the Yoast SEO plugin v26.3 - https:\/\/yoast.com\/wordpress\/plugins\/seo\/ -->\n<title>Merchandising Taza de cer\u00e1mica de 400 ml con base de madera para personalizar con logo - ADL<\/title>\n<meta name=\"description\" content=\"Art\u00edculo de merchandising Taza de cer\u00e1mica de 400 ml con base de madera &quot;Hearth&quot;. La acogedora taza de cer\u00e1mica Heart de 400 ml con acabado mate y posavasos de madera es un acompa\u00f1ante de moda para una bebida caliente en los fr\u00edos d\u00edas de invierno. El dise\u00f1o redondo destaca en todas partes, al igual que el toque de color en el interior. El material cer\u00e1mico es resistente al calor y el posavasos tambi\u00e9n puede utilizarse como tapa. La taza Hearth (incluida la impresi\u00f3n) es apta para el lavavajillas seg\u00fan la norma EN12875-1 durante al menos 125 lavados.\" \/>\n<meta name=\"robots\" content=\"index, follow, max-snippet:-1, max-image-preview:large, max-video-preview:-1\" \/>\n<link rel=\"canonical\" href=\"https:\/\/adl-regalosempresa.com\/tiendaonline\/articulos\/merchandising\/taza-de-ceramica-de-400-ml-con-base-de-madera-para-personalizar-con-logo\/\" \/>\n<meta property=\"og:locale\" content=\"es_ES\" \/>\n<meta property=\"og:type\" content=\"article\" \/>\n<meta property=\"og:title\" content=\"Merchandising Taza de cer\u00e1mica de 400 ml con base de madera para personalizar con logo - ADL\" \/>\n<meta property=\"og:description\" content=\"Art\u00edculo de merchandising Taza de cer\u00e1mica de 400 ml con base de madera &quot;Hearth&quot;. La acogedora taza de cer\u00e1mica Heart de 400 ml con acabado mate y posavasos de madera es un acompa\u00f1ante de moda para una bebida caliente en los fr\u00edos d\u00edas de invierno. El dise\u00f1o redondo destaca en todas partes, al igual que el toque de color en el interior. El material cer\u00e1mico es resistente al calor y el posavasos tambi\u00e9n puede utilizarse como tapa. La taza Hearth (incluida la impresi\u00f3n) es apta para el lavavajillas seg\u00fan la norma EN12875-1 durante al menos 125 lavados.\" \/>\n<meta property=\"og:url\" content=\"https:\/\/adl-regalosempresa.com\/tiendaonline\/articulos\/merchandising\/taza-de-ceramica-de-400-ml-con-base-de-madera-para-personalizar-con-logo\/\" \/>\n<meta property=\"og:site_name\" content=\"ADL Comunicaci\u00f3n\" \/>\n<meta property=\"article:modified_time\" content=\"2026-04-16T07:44:16+00:00\" \/>\n<meta property=\"og:image\" content=\"https:\/\/adl-regalosempresa.com\/tiendaonline\/wp-content\/uploads\/2022\/06\/10046600.jpg\" \/>\n\t<meta property=\"og:image:width\" content=\"1600\" \/>\n\t<meta property=\"og:image:height\" content=\"1600\" \/>\n\t<meta property=\"og:image:type\" content=\"image\/jpeg\" \/>\n<meta name=\"twitter:card\" content=\"summary_large_image\" \/>\n<meta name=\"twitter:title\" content=\"Merchandising Taza de cer\u00e1mica de 400 ml con base de madera para personalizar con logo - ADL\" \/>\n<script type=\"application\/ld+json\" class=\"yoast-schema-graph\">{\"@context\":\"https:\/\/schema.org\",\"@graph\":[{\"@type\":\"WebPage\",\"@id\":\"https:\/\/adl-regalosempresa.com\/tiendaonline\/articulos\/merchandising\/taza-de-ceramica-de-400-ml-con-base-de-madera-para-personalizar-con-logo\/\",\"url\":\"https:\/\/adl-regalosempresa.com\/tiendaonline\/articulos\/merchandising\/taza-de-ceramica-de-400-ml-con-base-de-madera-para-personalizar-con-logo\/\",\"name\":\"Merchandising Taza de cer\u00e1mica de 400 ml con base de madera para personalizar con logo - ADL\",\"isPartOf\":{\"@id\":\"https:\/\/adl-regalosempresa.com\/tiendaonline\/#website\"},\"primaryImageOfPage\":{\"@id\":\"https:\/\/adl-regalosempresa.com\/tiendaonline\/articulos\/merchandising\/taza-de-ceramica-de-400-ml-con-base-de-madera-para-personalizar-con-logo\/#primaryimage\"},\"image\":{\"@id\":\"https:\/\/adl-regalosempresa.com\/tiendaonline\/articulos\/merchandising\/taza-de-ceramica-de-400-ml-con-base-de-madera-para-personalizar-con-logo\/#primaryimage\"},\"thumbnailUrl\":\"https:\/\/adl-regalosempresa.com\/tiendaonline\/wp-content\/uploads\/2022\/06\/10046600.jpg\",\"datePublished\":\"2026-03-24T05:01:09+00:00\",\"dateModified\":\"2026-04-16T07:44:16+00:00\",\"description\":\"Art\u00edculo de merchandising Taza de cer\u00e1mica de 400 ml con base de madera \\\"Hearth\\\". La acogedora taza de cer\u00e1mica Heart de 400 ml con acabado mate y posavasos de madera es un acompa\u00f1ante de moda para una bebida caliente en los fr\u00edos d\u00edas de invierno. El dise\u00f1o redondo destaca en todas partes, al igual que el toque de color en el interior. El material cer\u00e1mico es resistente al calor y el posavasos tambi\u00e9n puede utilizarse como tapa. La taza Hearth (incluida la impresi\u00f3n) es apta para el lavavajillas seg\u00fan la norma EN12875-1 durante al menos 125 lavados.\",\"breadcrumb\":{\"@id\":\"https:\/\/adl-regalosempresa.com\/tiendaonline\/articulos\/merchandising\/taza-de-ceramica-de-400-ml-con-base-de-madera-para-personalizar-con-logo\/#breadcrumb\"},\"inLanguage\":\"es\",\"potentialAction\":[{\"@type\":\"ReadAction\",\"target\":[\"https:\/\/adl-regalosempresa.com\/tiendaonline\/articulos\/merchandising\/taza-de-ceramica-de-400-ml-con-base-de-madera-para-personalizar-con-logo\/\"]}]},{\"@type\":\"ImageObject\",\"inLanguage\":\"es\",\"@id\":\"https:\/\/adl-regalosempresa.com\/tiendaonline\/articulos\/merchandising\/taza-de-ceramica-de-400-ml-con-base-de-madera-para-personalizar-con-logo\/#primaryimage\",\"url\":\"https:\/\/adl-regalosempresa.com\/tiendaonline\/wp-content\/uploads\/2022\/06\/10046600.jpg\",\"contentUrl\":\"https:\/\/adl-regalosempresa.com\/tiendaonline\/wp-content\/uploads\/2022\/06\/10046600.jpg\",\"width\":1600,\"height\":1600,\"caption\":\"Taza de cer\u00e1mica de 400 ml con base de madera \\\"Hearth\\\"\"},{\"@type\":\"BreadcrumbList\",\"@id\":\"https:\/\/adl-regalosempresa.com\/tiendaonline\/articulos\/merchandising\/taza-de-ceramica-de-400-ml-con-base-de-madera-para-personalizar-con-logo\/#breadcrumb\",\"itemListElement\":[{\"@type\":\"ListItem\",\"position\":1,\"name\":\"Portada\",\"item\":\"https:\/\/adl-regalosempresa.com\/tiendaonline\/\"},{\"@type\":\"ListItem\",\"position\":2,\"name\":\"Tienda\",\"item\":\"https:\/\/adl-regalosempresa.com\/tiendaonline\/tienda\/\"},{\"@type\":\"ListItem\",\"position\":3,\"name\":\"Taza de cer\u00e1mica de 400 ml con base de madera para personalizar con logo\"}]},{\"@type\":\"WebSite\",\"@id\":\"https:\/\/adl-regalosempresa.com\/tiendaonline\/#website\",\"url\":\"https:\/\/adl-regalosempresa.com\/tiendaonline\/\",\"name\":\"ADL Comunicaci\u00f3n\",\"description\":\"Regalos de empresa\",\"publisher\":{\"@id\":\"https:\/\/adl-regalosempresa.com\/tiendaonline\/#organization\"},\"potentialAction\":[{\"@type\":\"SearchAction\",\"target\":{\"@type\":\"EntryPoint\",\"urlTemplate\":\"https:\/\/adl-regalosempresa.com\/tiendaonline\/?s={search_term_string}\"},\"query-input\":{\"@type\":\"PropertyValueSpecification\",\"valueRequired\":true,\"valueName\":\"search_term_string\"}}],\"inLanguage\":\"es\"},{\"@type\":\"Organization\",\"@id\":\"https:\/\/adl-regalosempresa.com\/tiendaonline\/#organization\",\"name\":\"ADL Comunicaci\u00f3n\",\"url\":\"https:\/\/adl-regalosempresa.com\/tiendaonline\/\",\"logo\":{\"@type\":\"ImageObject\",\"inLanguage\":\"es\",\"@id\":\"https:\/\/adl-regalosempresa.com\/tiendaonline\/#\/schema\/logo\/image\/\",\"url\":\"https:\/\/adl-regalosempresa.com\/tiendaonline\/wp-content\/uploads\/2017\/09\/logo-adl-wp.png\",\"contentUrl\":\"https:\/\/adl-regalosempresa.com\/tiendaonline\/wp-content\/uploads\/2017\/09\/logo-adl-wp.png\",\"width\":407,\"height\":185,\"caption\":\"ADL Comunicaci\u00f3n\"},\"image\":{\"@id\":\"https:\/\/adl-regalosempresa.com\/tiendaonline\/#\/schema\/logo\/image\/\"}}]}<\/script>\n<!-- \/ Yoast SEO plugin. -->","yoast_head_json":{"title":"Merchandising Taza de cer\u00e1mica de 400 ml con base de madera para personalizar con logo - ADL","description":"Art\u00edculo de merchandising Taza de cer\u00e1mica de 400 ml con base de madera \"Hearth\". La acogedora taza de cer\u00e1mica Heart de 400 ml con acabado mate y posavasos de madera es un acompa\u00f1ante de moda para una bebida caliente en los fr\u00edos d\u00edas de invierno. El dise\u00f1o redondo destaca en todas partes, al igual que el toque de color en el interior. El material cer\u00e1mico es resistente al calor y el posavasos tambi\u00e9n puede utilizarse como tapa. La taza Hearth (incluida la impresi\u00f3n) es apta para el lavavajillas seg\u00fan la norma EN12875-1 durante al menos 125 lavados.","robots":{"index":"index","follow":"follow","max-snippet":"max-snippet:-1","max-image-preview":"max-image-preview:large","max-video-preview":"max-video-preview:-1"},"canonical":"https:\/\/adl-regalosempresa.com\/tiendaonline\/articulos\/merchandising\/taza-de-ceramica-de-400-ml-con-base-de-madera-para-personalizar-con-logo\/","og_locale":"es_ES","og_type":"article","og_title":"Merchandising Taza de cer\u00e1mica de 400 ml con base de madera para personalizar con logo - ADL","og_description":"Art\u00edculo de merchandising Taza de cer\u00e1mica de 400 ml con base de madera \"Hearth\". La acogedora taza de cer\u00e1mica Heart de 400 ml con acabado mate y posavasos de madera es un acompa\u00f1ante de moda para una bebida caliente en los fr\u00edos d\u00edas de invierno. El dise\u00f1o redondo destaca en todas partes, al igual que el toque de color en el interior. El material cer\u00e1mico es resistente al calor y el posavasos tambi\u00e9n puede utilizarse como tapa. La taza Hearth (incluida la impresi\u00f3n) es apta para el lavavajillas seg\u00fan la norma EN12875-1 durante al menos 125 lavados.","og_url":"https:\/\/adl-regalosempresa.com\/tiendaonline\/articulos\/merchandising\/taza-de-ceramica-de-400-ml-con-base-de-madera-para-personalizar-con-logo\/","og_site_name":"ADL Comunicaci\u00f3n","article_modified_time":"2026-04-16T07:44:16+00:00","og_image":[{"width":1600,"height":1600,"url":"https:\/\/adl-regalosempresa.com\/tiendaonline\/wp-content\/uploads\/2022\/06\/10046600.jpg","type":"image\/jpeg"}],"twitter_card":"summary_large_image","twitter_title":"Merchandising Taza de cer\u00e1mica de 400 ml con base de madera para personalizar con logo - ADL","schema":{"@context":"https:\/\/schema.org","@graph":[{"@type":"WebPage","@id":"https:\/\/adl-regalosempresa.com\/tiendaonline\/articulos\/merchandising\/taza-de-ceramica-de-400-ml-con-base-de-madera-para-personalizar-con-logo\/","url":"https:\/\/adl-regalosempresa.com\/tiendaonline\/articulos\/merchandising\/taza-de-ceramica-de-400-ml-con-base-de-madera-para-personalizar-con-logo\/","name":"Merchandising Taza de cer\u00e1mica de 400 ml con base de madera para personalizar con logo - ADL","isPartOf":{"@id":"https:\/\/adl-regalosempresa.com\/tiendaonline\/#website"},"primaryImageOfPage":{"@id":"https:\/\/adl-regalosempresa.com\/tiendaonline\/articulos\/merchandising\/taza-de-ceramica-de-400-ml-con-base-de-madera-para-personalizar-con-logo\/#primaryimage"},"image":{"@id":"https:\/\/adl-regalosempresa.com\/tiendaonline\/articulos\/merchandising\/taza-de-ceramica-de-400-ml-con-base-de-madera-para-personalizar-con-logo\/#primaryimage"},"thumbnailUrl":"https:\/\/adl-regalosempresa.com\/tiendaonline\/wp-content\/uploads\/2022\/06\/10046600.jpg","datePublished":"2026-03-24T05:01:09+00:00","dateModified":"2026-04-16T07:44:16+00:00","description":"Art\u00edculo de merchandising Taza de cer\u00e1mica de 400 ml con base de madera \"Hearth\". La acogedora taza de cer\u00e1mica Heart de 400 ml con acabado mate y posavasos de madera es un acompa\u00f1ante de moda para una bebida caliente en los fr\u00edos d\u00edas de invierno. El dise\u00f1o redondo destaca en todas partes, al igual que el toque de color en el interior. El material cer\u00e1mico es resistente al calor y el posavasos tambi\u00e9n puede utilizarse como tapa. La taza Hearth (incluida la impresi\u00f3n) es apta para el lavavajillas seg\u00fan la norma EN12875-1 durante al menos 125 lavados.","breadcrumb":{"@id":"https:\/\/adl-regalosempresa.com\/tiendaonline\/articulos\/merchandising\/taza-de-ceramica-de-400-ml-con-base-de-madera-para-personalizar-con-logo\/#breadcrumb"},"inLanguage":"es","potentialAction":[{"@type":"ReadAction","target":["https:\/\/adl-regalosempresa.com\/tiendaonline\/articulos\/merchandising\/taza-de-ceramica-de-400-ml-con-base-de-madera-para-personalizar-con-logo\/"]}]},{"@type":"ImageObject","inLanguage":"es","@id":"https:\/\/adl-regalosempresa.com\/tiendaonline\/articulos\/merchandising\/taza-de-ceramica-de-400-ml-con-base-de-madera-para-personalizar-con-logo\/#primaryimage","url":"https:\/\/adl-regalosempresa.com\/tiendaonline\/wp-content\/uploads\/2022\/06\/10046600.jpg","contentUrl":"https:\/\/adl-regalosempresa.com\/tiendaonline\/wp-content\/uploads\/2022\/06\/10046600.jpg","width":1600,"height":1600,"caption":"Taza de cer\u00e1mica de 400 ml con base de madera \"Hearth\""},{"@type":"BreadcrumbList","@id":"https:\/\/adl-regalosempresa.com\/tiendaonline\/articulos\/merchandising\/taza-de-ceramica-de-400-ml-con-base-de-madera-para-personalizar-con-logo\/#breadcrumb","itemListElement":[{"@type":"ListItem","position":1,"name":"Portada","item":"https:\/\/adl-regalosempresa.com\/tiendaonline\/"},{"@type":"ListItem","position":2,"name":"Tienda","item":"https:\/\/adl-regalosempresa.com\/tiendaonline\/tienda\/"},{"@type":"ListItem","position":3,"name":"Taza de cer\u00e1mica de 400 ml con base de madera para personalizar con logo"}]},{"@type":"WebSite","@id":"https:\/\/adl-regalosempresa.com\/tiendaonline\/#website","url":"https:\/\/adl-regalosempresa.com\/tiendaonline\/","name":"ADL Comunicaci\u00f3n","description":"Regalos de empresa","publisher":{"@id":"https:\/\/adl-regalosempresa.com\/tiendaonline\/#organization"},"potentialAction":[{"@type":"SearchAction","target":{"@type":"EntryPoint","urlTemplate":"https:\/\/adl-regalosempresa.com\/tiendaonline\/?s={search_term_string}"},"query-input":{"@type":"PropertyValueSpecification","valueRequired":true,"valueName":"search_term_string"}}],"inLanguage":"es"},{"@type":"Organization","@id":"https:\/\/adl-regalosempresa.com\/tiendaonline\/#organization","name":"ADL Comunicaci\u00f3n","url":"https:\/\/adl-regalosempresa.com\/tiendaonline\/","logo":{"@type":"ImageObject","inLanguage":"es","@id":"https:\/\/adl-regalosempresa.com\/tiendaonline\/#\/schema\/logo\/image\/","url":"https:\/\/adl-regalosempresa.com\/tiendaonline\/wp-content\/uploads\/2017\/09\/logo-adl-wp.png","contentUrl":"https:\/\/adl-regalosempresa.com\/tiendaonline\/wp-content\/uploads\/2017\/09\/logo-adl-wp.png","width":407,"height":185,"caption":"ADL Comunicaci\u00f3n"},"image":{"@id":"https:\/\/adl-regalosempresa.com\/tiendaonline\/#\/schema\/logo\/image\/"}}]}},"_links":{"self":[{"href":"https:\/\/adl-regalosempresa.com\/tiendaonline\/wp-json\/wp\/v2\/product\/86195","targetHints":{"allow":["GET"]}}],"collection":[{"href":"https:\/\/adl-regalosempresa.com\/tiendaonline\/wp-json\/wp\/v2\/product"}],"about":[{"href":"https:\/\/adl-regalosempresa.com\/tiendaonline\/wp-json\/wp\/v2\/types\/product"}],"wp:featuredmedia":[{"embeddable":true,"href":"https:\/\/adl-regalosempresa.com\/tiendaonline\/wp-json\/wp\/v2\/media\/86197"}],"wp:attachment":[{"href":"https:\/\/adl-regalosempresa.com\/tiendaonline\/wp-json\/wp\/v2\/media?parent=86195"}],"wp:term":[{"taxonomy":"product_brand","embeddable":true,"href":"https:\/\/adl-regalosempresa.com\/tiendaonline\/wp-json\/wp\/v2\/product_brand?post=86195"},{"taxonomy":"product_cat","embeddable":true,"href":"https:\/\/adl-regalosempresa.com\/tiendaonline\/wp-json\/wp\/v2\/product_cat?post=86195"},{"taxonomy":"product_tag","embeddable":true,"href":"https:\/\/adl-regalosempresa.com\/tiendaonline\/wp-json\/wp\/v2\/product_tag?post=86195"}],"curies":[{"name":"wp","href":"https:\/\/api.w.org\/{rel}","templated":true}]}}