{"id":85896,"date":"2026-03-28T05:00:21","date_gmt":"2026-03-28T05:00:21","guid":{"rendered":"https:\/\/adl-regalosempresa.com\/tiendaonline\/articulos\/merchandising\/taza-isotermica-de-400-ml-para-personalizar\/"},"modified":"2026-04-18T07:44:05","modified_gmt":"2026-04-18T07:44:05","slug":"taza-isotermica-de-400-ml-para-personalizar-con-logo","status":"publish","type":"product","link":"https:\/\/adl-regalosempresa.com\/tiendaonline\/articulos\/merchandising\/taza-isotermica-de-400-ml-para-personalizar-con-logo\/","title":{"rendered":"Taza isot\u00e9rmica de 400 ml  para personalizar con logo"},"content":{"rendered":"<p>Sanibel es la taza perfecta para tomar bebidas sobre la marcha. La taza tiene una pared de doble aislamiento, que mantiene las bebidas calientes durante mucho tiempo. La tapa deslizante giratoria facilita el consumo de hasta 400 ml. Adem\u00e1s, el asa con soporte ergon\u00f3mico para el pulgar garantiza un buen agarre. La taza Sanibel est\u00e1 compuesta por acero inoxidable y pl\u00e1stico negro, lo que la hace muy fuerte, resistente a la corrosi\u00f3n y f\u00e1cil de limpiar.<\/p>\n","protected":false},"excerpt":{"rendered":"<p><strong>Descuentos por cantidades<\/strong><br \/>&#8211; a partir de 100 unidades: 4,42 \u20ac\/ud<br \/>&#8211; a partir de 250 unidades: 4,3 \u20ac\/ud<br \/>&#8211; a partir de 1000 unidades: 4,22 \u20ac\/ud<\/p>\n<p>Para cantidades superiores a las aqu\u00ed indicadas, no dudes en ponerte en contacto con nuestro departamento comercial o <a href='https:\/\/adl-regalosempresa.com\/tiendaonline\/solicitud-presupuesto\/'>pedirnos presupuesto personalizado<\/a>, ajustaremos el presupuesto a tus necesidades.<\/p>\n","protected":false},"featured_media":85898,"template":"","meta":{"_kad_post_transparent":"","_kad_post_title":"","_kad_post_layout":"","_kad_post_sidebar_id":"","_kad_post_content_style":"","_kad_post_vertical_padding":"","_kad_post_feature":"","_kad_post_feature_position":"","_kad_post_header":false,"_kad_post_footer":false,"_kad_post_classname":""},"product_brand":[],"product_cat":[3795,3372],"product_tag":[],"class_list":{"0":"post-85896","1":"product","2":"type-product","3":"status-publish","4":"has-post-thumbnail","6":"product_cat-vasos-tazas-isotermicas","7":"product_cat-articulos-para-bebidas","8":"pa_alto-18-cm","9":"pa_ancho-12-cm","10":"pa_color-plateado-azul","11":"pa_color-plateado-gris","12":"pa_color-plateado-naranja","13":"pa_color-plateado-negro-intenso","14":"pa_color-plateado-rojo","15":"pa_color-plateado-verde-lima","16":"pa_color-simple-azul","17":"pa_color-simple-gris","18":"pa_color-simple-negro-intenso","19":"pa_color-simple-rojo","20":"pa_diametro-8-cm","21":"pa_marca-unbranded","22":"pa_material-acero-inoxidable-plastico","23":"pa_peso-234-gr","25":"first","26":"instock","27":"taxable","28":"shipping-taxable","29":"purchasable","30":"product-type-variable","31":"entry","32":"content-bg","33":"loop-entry"},"yoast_head":"<!-- This site is optimized with the Yoast SEO plugin v26.3 - https:\/\/yoast.com\/wordpress\/plugins\/seo\/ -->\n<title>Merchandising Taza isot\u00e9rmica de 400 ml para personalizar con logo - ADL<\/title>\n<meta name=\"description\" content=\"Art\u00edculo de merchandising Taza isot\u00e9rmica de 400 ml &quot;Sanibel&quot;. Sanibel es la taza perfecta para tomar bebidas sobre la marcha. La taza tiene una pared de doble aislamiento, que mantiene las bebidas calientes durante mucho tiempo. La tapa deslizante giratoria facilita el consumo de hasta 400 ml. Adem\u00e1s, el asa con soporte ergon\u00f3mico para el pulgar garantiza un buen agarre. La taza Sanibel est\u00e1 compuesta por acero inoxidable y pl\u00e1stico negro, lo que la hace muy fuerte, resistente a la corrosi\u00f3n y f\u00e1cil de limpiar.\" \/>\n<meta name=\"robots\" content=\"index, follow, max-snippet:-1, max-image-preview:large, max-video-preview:-1\" \/>\n<link rel=\"canonical\" href=\"https:\/\/adl-regalosempresa.com\/tiendaonline\/articulos\/merchandising\/taza-isotermica-de-400-ml-para-personalizar-con-logo\/\" \/>\n<meta property=\"og:locale\" content=\"es_ES\" \/>\n<meta property=\"og:type\" content=\"article\" \/>\n<meta property=\"og:title\" content=\"Merchandising Taza isot\u00e9rmica de 400 ml para personalizar con logo - ADL\" \/>\n<meta property=\"og:description\" content=\"Art\u00edculo de merchandising Taza isot\u00e9rmica de 400 ml &quot;Sanibel&quot;. Sanibel es la taza perfecta para tomar bebidas sobre la marcha. La taza tiene una pared de doble aislamiento, que mantiene las bebidas calientes durante mucho tiempo. La tapa deslizante giratoria facilita el consumo de hasta 400 ml. Adem\u00e1s, el asa con soporte ergon\u00f3mico para el pulgar garantiza un buen agarre. La taza Sanibel est\u00e1 compuesta por acero inoxidable y pl\u00e1stico negro, lo que la hace muy fuerte, resistente a la corrosi\u00f3n y f\u00e1cil de limpiar.\" \/>\n<meta property=\"og:url\" content=\"https:\/\/adl-regalosempresa.com\/tiendaonline\/articulos\/merchandising\/taza-isotermica-de-400-ml-para-personalizar-con-logo\/\" \/>\n<meta property=\"og:site_name\" content=\"ADL Comunicaci\u00f3n\" \/>\n<meta property=\"article:modified_time\" content=\"2026-04-18T07:44:05+00:00\" \/>\n<meta property=\"og:image\" content=\"https:\/\/adl-regalosempresa.com\/tiendaonline\/wp-content\/uploads\/2022\/06\/10029600.jpg\" \/>\n\t<meta property=\"og:image:width\" content=\"1600\" \/>\n\t<meta property=\"og:image:height\" content=\"1600\" \/>\n\t<meta property=\"og:image:type\" content=\"image\/jpeg\" \/>\n<meta name=\"twitter:card\" content=\"summary_large_image\" \/>\n<meta name=\"twitter:title\" content=\"Merchandising Taza isot\u00e9rmica de 400 ml para personalizar con logo - ADL\" \/>\n<script type=\"application\/ld+json\" class=\"yoast-schema-graph\">{\"@context\":\"https:\/\/schema.org\",\"@graph\":[{\"@type\":\"WebPage\",\"@id\":\"https:\/\/adl-regalosempresa.com\/tiendaonline\/articulos\/merchandising\/taza-isotermica-de-400-ml-para-personalizar-con-logo\/\",\"url\":\"https:\/\/adl-regalosempresa.com\/tiendaonline\/articulos\/merchandising\/taza-isotermica-de-400-ml-para-personalizar-con-logo\/\",\"name\":\"Merchandising Taza isot\u00e9rmica de 400 ml para personalizar con logo - ADL\",\"isPartOf\":{\"@id\":\"https:\/\/adl-regalosempresa.com\/tiendaonline\/#website\"},\"primaryImageOfPage\":{\"@id\":\"https:\/\/adl-regalosempresa.com\/tiendaonline\/articulos\/merchandising\/taza-isotermica-de-400-ml-para-personalizar-con-logo\/#primaryimage\"},\"image\":{\"@id\":\"https:\/\/adl-regalosempresa.com\/tiendaonline\/articulos\/merchandising\/taza-isotermica-de-400-ml-para-personalizar-con-logo\/#primaryimage\"},\"thumbnailUrl\":\"https:\/\/adl-regalosempresa.com\/tiendaonline\/wp-content\/uploads\/2022\/06\/10029600.jpg\",\"datePublished\":\"2026-03-28T05:00:21+00:00\",\"dateModified\":\"2026-04-18T07:44:05+00:00\",\"description\":\"Art\u00edculo de merchandising Taza isot\u00e9rmica de 400 ml \\\"Sanibel\\\". Sanibel es la taza perfecta para tomar bebidas sobre la marcha. La taza tiene una pared de doble aislamiento, que mantiene las bebidas calientes durante mucho tiempo. La tapa deslizante giratoria facilita el consumo de hasta 400 ml. Adem\u00e1s, el asa con soporte ergon\u00f3mico para el pulgar garantiza un buen agarre. La taza Sanibel est\u00e1 compuesta por acero inoxidable y pl\u00e1stico negro, lo que la hace muy fuerte, resistente a la corrosi\u00f3n y f\u00e1cil de limpiar.\",\"breadcrumb\":{\"@id\":\"https:\/\/adl-regalosempresa.com\/tiendaonline\/articulos\/merchandising\/taza-isotermica-de-400-ml-para-personalizar-con-logo\/#breadcrumb\"},\"inLanguage\":\"es\",\"potentialAction\":[{\"@type\":\"ReadAction\",\"target\":[\"https:\/\/adl-regalosempresa.com\/tiendaonline\/articulos\/merchandising\/taza-isotermica-de-400-ml-para-personalizar-con-logo\/\"]}]},{\"@type\":\"ImageObject\",\"inLanguage\":\"es\",\"@id\":\"https:\/\/adl-regalosempresa.com\/tiendaonline\/articulos\/merchandising\/taza-isotermica-de-400-ml-para-personalizar-con-logo\/#primaryimage\",\"url\":\"https:\/\/adl-regalosempresa.com\/tiendaonline\/wp-content\/uploads\/2022\/06\/10029600.jpg\",\"contentUrl\":\"https:\/\/adl-regalosempresa.com\/tiendaonline\/wp-content\/uploads\/2022\/06\/10029600.jpg\",\"width\":1600,\"height\":1600,\"caption\":\"Taza isot\u00e9rmica de 400 ml \\\"Sanibel\\\"\"},{\"@type\":\"BreadcrumbList\",\"@id\":\"https:\/\/adl-regalosempresa.com\/tiendaonline\/articulos\/merchandising\/taza-isotermica-de-400-ml-para-personalizar-con-logo\/#breadcrumb\",\"itemListElement\":[{\"@type\":\"ListItem\",\"position\":1,\"name\":\"Portada\",\"item\":\"https:\/\/adl-regalosempresa.com\/tiendaonline\/\"},{\"@type\":\"ListItem\",\"position\":2,\"name\":\"Tienda\",\"item\":\"https:\/\/adl-regalosempresa.com\/tiendaonline\/tienda\/\"},{\"@type\":\"ListItem\",\"position\":3,\"name\":\"Taza isot\u00e9rmica de 400 ml para personalizar con logo\"}]},{\"@type\":\"WebSite\",\"@id\":\"https:\/\/adl-regalosempresa.com\/tiendaonline\/#website\",\"url\":\"https:\/\/adl-regalosempresa.com\/tiendaonline\/\",\"name\":\"ADL Comunicaci\u00f3n\",\"description\":\"Regalos de empresa\",\"publisher\":{\"@id\":\"https:\/\/adl-regalosempresa.com\/tiendaonline\/#organization\"},\"potentialAction\":[{\"@type\":\"SearchAction\",\"target\":{\"@type\":\"EntryPoint\",\"urlTemplate\":\"https:\/\/adl-regalosempresa.com\/tiendaonline\/?s={search_term_string}\"},\"query-input\":{\"@type\":\"PropertyValueSpecification\",\"valueRequired\":true,\"valueName\":\"search_term_string\"}}],\"inLanguage\":\"es\"},{\"@type\":\"Organization\",\"@id\":\"https:\/\/adl-regalosempresa.com\/tiendaonline\/#organization\",\"name\":\"ADL Comunicaci\u00f3n\",\"url\":\"https:\/\/adl-regalosempresa.com\/tiendaonline\/\",\"logo\":{\"@type\":\"ImageObject\",\"inLanguage\":\"es\",\"@id\":\"https:\/\/adl-regalosempresa.com\/tiendaonline\/#\/schema\/logo\/image\/\",\"url\":\"https:\/\/adl-regalosempresa.com\/tiendaonline\/wp-content\/uploads\/2017\/09\/logo-adl-wp.png\",\"contentUrl\":\"https:\/\/adl-regalosempresa.com\/tiendaonline\/wp-content\/uploads\/2017\/09\/logo-adl-wp.png\",\"width\":407,\"height\":185,\"caption\":\"ADL Comunicaci\u00f3n\"},\"image\":{\"@id\":\"https:\/\/adl-regalosempresa.com\/tiendaonline\/#\/schema\/logo\/image\/\"}}]}<\/script>\n<!-- \/ Yoast SEO plugin. -->","yoast_head_json":{"title":"Merchandising Taza isot\u00e9rmica de 400 ml para personalizar con logo - ADL","description":"Art\u00edculo de merchandising Taza isot\u00e9rmica de 400 ml \"Sanibel\". Sanibel es la taza perfecta para tomar bebidas sobre la marcha. La taza tiene una pared de doble aislamiento, que mantiene las bebidas calientes durante mucho tiempo. La tapa deslizante giratoria facilita el consumo de hasta 400 ml. Adem\u00e1s, el asa con soporte ergon\u00f3mico para el pulgar garantiza un buen agarre. La taza Sanibel est\u00e1 compuesta por acero inoxidable y pl\u00e1stico negro, lo que la hace muy fuerte, resistente a la corrosi\u00f3n y f\u00e1cil de limpiar.","robots":{"index":"index","follow":"follow","max-snippet":"max-snippet:-1","max-image-preview":"max-image-preview:large","max-video-preview":"max-video-preview:-1"},"canonical":"https:\/\/adl-regalosempresa.com\/tiendaonline\/articulos\/merchandising\/taza-isotermica-de-400-ml-para-personalizar-con-logo\/","og_locale":"es_ES","og_type":"article","og_title":"Merchandising Taza isot\u00e9rmica de 400 ml para personalizar con logo - ADL","og_description":"Art\u00edculo de merchandising Taza isot\u00e9rmica de 400 ml \"Sanibel\". Sanibel es la taza perfecta para tomar bebidas sobre la marcha. La taza tiene una pared de doble aislamiento, que mantiene las bebidas calientes durante mucho tiempo. La tapa deslizante giratoria facilita el consumo de hasta 400 ml. Adem\u00e1s, el asa con soporte ergon\u00f3mico para el pulgar garantiza un buen agarre. La taza Sanibel est\u00e1 compuesta por acero inoxidable y pl\u00e1stico negro, lo que la hace muy fuerte, resistente a la corrosi\u00f3n y f\u00e1cil de limpiar.","og_url":"https:\/\/adl-regalosempresa.com\/tiendaonline\/articulos\/merchandising\/taza-isotermica-de-400-ml-para-personalizar-con-logo\/","og_site_name":"ADL Comunicaci\u00f3n","article_modified_time":"2026-04-18T07:44:05+00:00","og_image":[{"width":1600,"height":1600,"url":"https:\/\/adl-regalosempresa.com\/tiendaonline\/wp-content\/uploads\/2022\/06\/10029600.jpg","type":"image\/jpeg"}],"twitter_card":"summary_large_image","twitter_title":"Merchandising Taza isot\u00e9rmica de 400 ml para personalizar con logo - ADL","schema":{"@context":"https:\/\/schema.org","@graph":[{"@type":"WebPage","@id":"https:\/\/adl-regalosempresa.com\/tiendaonline\/articulos\/merchandising\/taza-isotermica-de-400-ml-para-personalizar-con-logo\/","url":"https:\/\/adl-regalosempresa.com\/tiendaonline\/articulos\/merchandising\/taza-isotermica-de-400-ml-para-personalizar-con-logo\/","name":"Merchandising Taza isot\u00e9rmica de 400 ml para personalizar con logo - ADL","isPartOf":{"@id":"https:\/\/adl-regalosempresa.com\/tiendaonline\/#website"},"primaryImageOfPage":{"@id":"https:\/\/adl-regalosempresa.com\/tiendaonline\/articulos\/merchandising\/taza-isotermica-de-400-ml-para-personalizar-con-logo\/#primaryimage"},"image":{"@id":"https:\/\/adl-regalosempresa.com\/tiendaonline\/articulos\/merchandising\/taza-isotermica-de-400-ml-para-personalizar-con-logo\/#primaryimage"},"thumbnailUrl":"https:\/\/adl-regalosempresa.com\/tiendaonline\/wp-content\/uploads\/2022\/06\/10029600.jpg","datePublished":"2026-03-28T05:00:21+00:00","dateModified":"2026-04-18T07:44:05+00:00","description":"Art\u00edculo de merchandising Taza isot\u00e9rmica de 400 ml \"Sanibel\". Sanibel es la taza perfecta para tomar bebidas sobre la marcha. La taza tiene una pared de doble aislamiento, que mantiene las bebidas calientes durante mucho tiempo. La tapa deslizante giratoria facilita el consumo de hasta 400 ml. Adem\u00e1s, el asa con soporte ergon\u00f3mico para el pulgar garantiza un buen agarre. La taza Sanibel est\u00e1 compuesta por acero inoxidable y pl\u00e1stico negro, lo que la hace muy fuerte, resistente a la corrosi\u00f3n y f\u00e1cil de limpiar.","breadcrumb":{"@id":"https:\/\/adl-regalosempresa.com\/tiendaonline\/articulos\/merchandising\/taza-isotermica-de-400-ml-para-personalizar-con-logo\/#breadcrumb"},"inLanguage":"es","potentialAction":[{"@type":"ReadAction","target":["https:\/\/adl-regalosempresa.com\/tiendaonline\/articulos\/merchandising\/taza-isotermica-de-400-ml-para-personalizar-con-logo\/"]}]},{"@type":"ImageObject","inLanguage":"es","@id":"https:\/\/adl-regalosempresa.com\/tiendaonline\/articulos\/merchandising\/taza-isotermica-de-400-ml-para-personalizar-con-logo\/#primaryimage","url":"https:\/\/adl-regalosempresa.com\/tiendaonline\/wp-content\/uploads\/2022\/06\/10029600.jpg","contentUrl":"https:\/\/adl-regalosempresa.com\/tiendaonline\/wp-content\/uploads\/2022\/06\/10029600.jpg","width":1600,"height":1600,"caption":"Taza isot\u00e9rmica de 400 ml \"Sanibel\""},{"@type":"BreadcrumbList","@id":"https:\/\/adl-regalosempresa.com\/tiendaonline\/articulos\/merchandising\/taza-isotermica-de-400-ml-para-personalizar-con-logo\/#breadcrumb","itemListElement":[{"@type":"ListItem","position":1,"name":"Portada","item":"https:\/\/adl-regalosempresa.com\/tiendaonline\/"},{"@type":"ListItem","position":2,"name":"Tienda","item":"https:\/\/adl-regalosempresa.com\/tiendaonline\/tienda\/"},{"@type":"ListItem","position":3,"name":"Taza isot\u00e9rmica de 400 ml para personalizar con logo"}]},{"@type":"WebSite","@id":"https:\/\/adl-regalosempresa.com\/tiendaonline\/#website","url":"https:\/\/adl-regalosempresa.com\/tiendaonline\/","name":"ADL Comunicaci\u00f3n","description":"Regalos de empresa","publisher":{"@id":"https:\/\/adl-regalosempresa.com\/tiendaonline\/#organization"},"potentialAction":[{"@type":"SearchAction","target":{"@type":"EntryPoint","urlTemplate":"https:\/\/adl-regalosempresa.com\/tiendaonline\/?s={search_term_string}"},"query-input":{"@type":"PropertyValueSpecification","valueRequired":true,"valueName":"search_term_string"}}],"inLanguage":"es"},{"@type":"Organization","@id":"https:\/\/adl-regalosempresa.com\/tiendaonline\/#organization","name":"ADL Comunicaci\u00f3n","url":"https:\/\/adl-regalosempresa.com\/tiendaonline\/","logo":{"@type":"ImageObject","inLanguage":"es","@id":"https:\/\/adl-regalosempresa.com\/tiendaonline\/#\/schema\/logo\/image\/","url":"https:\/\/adl-regalosempresa.com\/tiendaonline\/wp-content\/uploads\/2017\/09\/logo-adl-wp.png","contentUrl":"https:\/\/adl-regalosempresa.com\/tiendaonline\/wp-content\/uploads\/2017\/09\/logo-adl-wp.png","width":407,"height":185,"caption":"ADL Comunicaci\u00f3n"},"image":{"@id":"https:\/\/adl-regalosempresa.com\/tiendaonline\/#\/schema\/logo\/image\/"}}]}},"_links":{"self":[{"href":"https:\/\/adl-regalosempresa.com\/tiendaonline\/wp-json\/wp\/v2\/product\/85896","targetHints":{"allow":["GET"]}}],"collection":[{"href":"https:\/\/adl-regalosempresa.com\/tiendaonline\/wp-json\/wp\/v2\/product"}],"about":[{"href":"https:\/\/adl-regalosempresa.com\/tiendaonline\/wp-json\/wp\/v2\/types\/product"}],"wp:featuredmedia":[{"embeddable":true,"href":"https:\/\/adl-regalosempresa.com\/tiendaonline\/wp-json\/wp\/v2\/media\/85898"}],"wp:attachment":[{"href":"https:\/\/adl-regalosempresa.com\/tiendaonline\/wp-json\/wp\/v2\/media?parent=85896"}],"wp:term":[{"taxonomy":"product_brand","embeddable":true,"href":"https:\/\/adl-regalosempresa.com\/tiendaonline\/wp-json\/wp\/v2\/product_brand?post=85896"},{"taxonomy":"product_cat","embeddable":true,"href":"https:\/\/adl-regalosempresa.com\/tiendaonline\/wp-json\/wp\/v2\/product_cat?post=85896"},{"taxonomy":"product_tag","embeddable":true,"href":"https:\/\/adl-regalosempresa.com\/tiendaonline\/wp-json\/wp\/v2\/product_tag?post=85896"}],"curies":[{"name":"wp","href":"https:\/\/api.w.org\/{rel}","templated":true}]}}