{"id":85515,"date":"2026-04-11T04:10:36","date_gmt":"2026-04-11T04:10:36","guid":{"rendered":"https:\/\/adl-regalosempresa.com\/tiendaonline\/articulos\/merchandising\/sudadera-con-capucha-y-cremallera-de-hombre-para-personalizar\/"},"modified":"2026-04-14T08:58:12","modified_gmt":"2026-04-14T08:58:12","slug":"sudadera-con-capucha-y-cremallera-unisex-para-personalizar-con-logo","status":"publish","type":"product","link":"https:\/\/adl-regalosempresa.com\/tiendaonline\/articulos\/merchandising\/sudadera-con-capucha-y-cremallera-unisex-para-personalizar-con-logo\/","title":{"rendered":"Sudadera con capucha y cremallera unisex  para personalizar con logo"},"content":{"rendered":"<p>Sudadera con capucha y cremallera unisex Arora: una combinaci\u00f3n perfecta de estilo y comodidad. Confeccionada con atenci\u00f3n al detalle, esta sudadera con capucha combina a la perfecci\u00f3n la comodidad con un estilo contempor\u00e1neo. Con paneles laterales, pu\u00f1os y dobladillo inferior de punto liso, esta sudadera con capucha se ajusta a la perfecci\u00f3n y resulta muy c\u00f3moda. La capucha est\u00e1 forrada con un forro de punto jersey que aporta mayor comodidad. Ojales en color plata antigua con el logo grabado y ribete en espiga de color contrastado. Confeccionada con una mezcla premium de poli\u00e9ster 300 g\/m\u00b2 y punto de algod\u00f3n, esta sudadera con capucha ofrece el equilibrio perfecto entre estilo y confort.<\/p>\n","protected":false},"excerpt":{"rendered":"<p><strong>Descuentos por cantidades<\/strong><br \/>&#8211; a partir de 25 unidades: 41,38 \u20ac\/ud<br \/>&#8211; a partir de 50 unidades: 41,38 \u20ac\/ud<br \/>&#8211; a partir de 100 unidades: 40,56 \u20ac\/ud<\/p>\n<p>Para cantidades superiores a las aqu\u00ed indicadas, no dudes en ponerte en contacto con nuestro departamento comercial o <a href='https:\/\/adl-regalosempresa.com\/tiendaonline\/solicitud-presupuesto\/'>pedirnos presupuesto personalizado<\/a>, ajustaremos el presupuesto a tus necesidades.<\/p>\n","protected":false},"featured_media":85517,"template":"","meta":{"_kad_post_transparent":"","_kad_post_title":"","_kad_post_layout":"","_kad_post_sidebar_id":"","_kad_post_content_style":"","_kad_post_vertical_padding":"","_kad_post_feature":"","_kad_post_feature_position":"","_kad_post_header":false,"_kad_post_footer":false,"_kad_post_classname":""},"product_brand":[],"product_cat":[3649,6407],"product_tag":[],"class_list":{"0":"post-85515","1":"product","2":"type-product","3":"status-publish","4":"has-post-thumbnail","6":"product_cat-ropa","7":"product_cat-sudaderas-con-capucha","8":"pa_color-antracita","9":"pa_color-arenisca","10":"pa_color-azul","11":"pa_color-azul-hale","12":"pa_color-azul-marino","13":"pa_color-blanco","14":"pa_color-forest-green2","15":"pa_color-hale-blue","16":"pa_color-mezcla-de-grises","17":"pa_color-naranja","18":"pa_color-negro-intenso","19":"pa_color-rojo","20":"pa_color-verde-bosque","21":"pa_color-simple-azul","22":"pa_color-simple-gris","23":"pa_color-simple-natural","24":"pa_color-simple-negro-intenso","25":"pa_color-simple-rojo","26":"pa_color-simple-verde","27":"pa_genero-hombre","28":"pa_marca-elevate","29":"pa_material-punto-poliester-algodon-bci-300-g-m2","30":"pa_peso-740-gr","31":"pa_talla-2xl","32":"pa_talla-xxs","33":"pa_talla-xs","34":"pa_talla-s","35":"pa_talla-m","36":"pa_talla-l","37":"pa_talla-xl","38":"pa_talla-xxl","39":"pa_talla-3xl","41":"first","42":"instock","43":"taxable","44":"shipping-taxable","45":"purchasable","46":"product-type-variable","47":"entry","48":"content-bg","49":"loop-entry"},"yoast_head":"<!-- This site is optimized with the Yoast SEO plugin v26.3 - https:\/\/yoast.com\/wordpress\/plugins\/seo\/ -->\n<title>Merchandising Sudadera con capucha y cremallera unisex para personalizar con logo - ADL<\/title>\n<meta name=\"description\" content=\"Art\u00edculo de merchandising Sudadera con capucha y cremallera unisex &quot;Arora&quot;. Sudadera con capucha y cremallera unisex Arora: una combinaci\u00f3n perfecta de estilo y comodidad. Confeccionada con atenci\u00f3n al detalle, esta sudadera con capucha combina a la perfecci\u00f3n la comodidad con un estilo contempor\u00e1neo. Con paneles laterales, pu\u00f1os y dobladillo inferior de punto liso, esta sudadera con capucha se ajusta a la perfecci\u00f3n y resulta muy c\u00f3moda. La capucha est\u00e1 forrada con un forro de punto jersey que aporta mayor comodidad. Ojales en color plata antigua con el logo grabado y ribete en espiga de color contrastado. Confeccionada con una mezcla premium de poli\u00e9ster 300 g\/m\u00b2 y punto de algod\u00f3n, esta sudadera con capucha ofrece el equilibrio perfecto entre estilo y confort.\" \/>\n<meta name=\"robots\" content=\"index, follow, max-snippet:-1, max-image-preview:large, max-video-preview:-1\" \/>\n<link rel=\"canonical\" href=\"https:\/\/adl-regalosempresa.com\/tiendaonline\/articulos\/merchandising\/sudadera-con-capucha-y-cremallera-unisex-para-personalizar-con-logo\/\" \/>\n<meta property=\"og:locale\" content=\"es_ES\" \/>\n<meta property=\"og:type\" content=\"article\" \/>\n<meta property=\"og:title\" content=\"Merchandising Sudadera con capucha y cremallera unisex para personalizar con logo - ADL\" \/>\n<meta property=\"og:description\" content=\"Art\u00edculo de merchandising Sudadera con capucha y cremallera unisex &quot;Arora&quot;. Sudadera con capucha y cremallera unisex Arora: una combinaci\u00f3n perfecta de estilo y comodidad. Confeccionada con atenci\u00f3n al detalle, esta sudadera con capucha combina a la perfecci\u00f3n la comodidad con un estilo contempor\u00e1neo. Con paneles laterales, pu\u00f1os y dobladillo inferior de punto liso, esta sudadera con capucha se ajusta a la perfecci\u00f3n y resulta muy c\u00f3moda. La capucha est\u00e1 forrada con un forro de punto jersey que aporta mayor comodidad. Ojales en color plata antigua con el logo grabado y ribete en espiga de color contrastado. Confeccionada con una mezcla premium de poli\u00e9ster 300 g\/m\u00b2 y punto de algod\u00f3n, esta sudadera con capucha ofrece el equilibrio perfecto entre estilo y confort.\" \/>\n<meta property=\"og:url\" content=\"https:\/\/adl-regalosempresa.com\/tiendaonline\/articulos\/merchandising\/sudadera-con-capucha-y-cremallera-unisex-para-personalizar-con-logo\/\" \/>\n<meta property=\"og:site_name\" content=\"ADL Comunicaci\u00f3n\" \/>\n<meta property=\"article:modified_time\" content=\"2026-04-14T08:58:12+00:00\" \/>\n<meta property=\"og:image\" content=\"https:\/\/adl-regalosempresa.com\/tiendaonline\/wp-content\/uploads\/2022\/06\/3821101.jpg\" \/>\n\t<meta property=\"og:image:width\" content=\"1600\" \/>\n\t<meta property=\"og:image:height\" content=\"1600\" \/>\n\t<meta property=\"og:image:type\" content=\"image\/jpeg\" \/>\n<meta name=\"twitter:card\" content=\"summary_large_image\" \/>\n<meta name=\"twitter:title\" content=\"Merchandising Sudadera con capucha y cremallera unisex para personalizar con logo - ADL\" \/>\n<meta name=\"twitter:label1\" content=\"Tiempo de lectura\" \/>\n\t<meta name=\"twitter:data1\" content=\"1 minuto\" \/>\n<script type=\"application\/ld+json\" class=\"yoast-schema-graph\">{\"@context\":\"https:\/\/schema.org\",\"@graph\":[{\"@type\":\"WebPage\",\"@id\":\"https:\/\/adl-regalosempresa.com\/tiendaonline\/articulos\/merchandising\/sudadera-con-capucha-y-cremallera-unisex-para-personalizar-con-logo\/\",\"url\":\"https:\/\/adl-regalosempresa.com\/tiendaonline\/articulos\/merchandising\/sudadera-con-capucha-y-cremallera-unisex-para-personalizar-con-logo\/\",\"name\":\"Merchandising Sudadera con capucha y cremallera unisex para personalizar con logo - ADL\",\"isPartOf\":{\"@id\":\"https:\/\/adl-regalosempresa.com\/tiendaonline\/#website\"},\"primaryImageOfPage\":{\"@id\":\"https:\/\/adl-regalosempresa.com\/tiendaonline\/articulos\/merchandising\/sudadera-con-capucha-y-cremallera-unisex-para-personalizar-con-logo\/#primaryimage\"},\"image\":{\"@id\":\"https:\/\/adl-regalosempresa.com\/tiendaonline\/articulos\/merchandising\/sudadera-con-capucha-y-cremallera-unisex-para-personalizar-con-logo\/#primaryimage\"},\"thumbnailUrl\":\"https:\/\/adl-regalosempresa.com\/tiendaonline\/wp-content\/uploads\/2022\/06\/3821101.jpg\",\"datePublished\":\"2026-04-11T04:10:36+00:00\",\"dateModified\":\"2026-04-14T08:58:12+00:00\",\"description\":\"Art\u00edculo de merchandising Sudadera con capucha y cremallera unisex \\\"Arora\\\". Sudadera con capucha y cremallera unisex Arora: una combinaci\u00f3n perfecta de estilo y comodidad. Confeccionada con atenci\u00f3n al detalle, esta sudadera con capucha combina a la perfecci\u00f3n la comodidad con un estilo contempor\u00e1neo. Con paneles laterales, pu\u00f1os y dobladillo inferior de punto liso, esta sudadera con capucha se ajusta a la perfecci\u00f3n y resulta muy c\u00f3moda. La capucha est\u00e1 forrada con un forro de punto jersey que aporta mayor comodidad. Ojales en color plata antigua con el logo grabado y ribete en espiga de color contrastado. Confeccionada con una mezcla premium de poli\u00e9ster 300 g\/m\u00b2 y punto de algod\u00f3n, esta sudadera con capucha ofrece el equilibrio perfecto entre estilo y confort.\",\"breadcrumb\":{\"@id\":\"https:\/\/adl-regalosempresa.com\/tiendaonline\/articulos\/merchandising\/sudadera-con-capucha-y-cremallera-unisex-para-personalizar-con-logo\/#breadcrumb\"},\"inLanguage\":\"es\",\"potentialAction\":[{\"@type\":\"ReadAction\",\"target\":[\"https:\/\/adl-regalosempresa.com\/tiendaonline\/articulos\/merchandising\/sudadera-con-capucha-y-cremallera-unisex-para-personalizar-con-logo\/\"]}]},{\"@type\":\"ImageObject\",\"inLanguage\":\"es\",\"@id\":\"https:\/\/adl-regalosempresa.com\/tiendaonline\/articulos\/merchandising\/sudadera-con-capucha-y-cremallera-unisex-para-personalizar-con-logo\/#primaryimage\",\"url\":\"https:\/\/adl-regalosempresa.com\/tiendaonline\/wp-content\/uploads\/2022\/06\/3821101.jpg\",\"contentUrl\":\"https:\/\/adl-regalosempresa.com\/tiendaonline\/wp-content\/uploads\/2022\/06\/3821101.jpg\",\"width\":1600,\"height\":1600,\"caption\":\"Sudadera con capucha y cremallera para hombre \\\"Arora\\\"\"},{\"@type\":\"BreadcrumbList\",\"@id\":\"https:\/\/adl-regalosempresa.com\/tiendaonline\/articulos\/merchandising\/sudadera-con-capucha-y-cremallera-unisex-para-personalizar-con-logo\/#breadcrumb\",\"itemListElement\":[{\"@type\":\"ListItem\",\"position\":1,\"name\":\"Portada\",\"item\":\"https:\/\/adl-regalosempresa.com\/tiendaonline\/\"},{\"@type\":\"ListItem\",\"position\":2,\"name\":\"Tienda\",\"item\":\"https:\/\/adl-regalosempresa.com\/tiendaonline\/tienda\/\"},{\"@type\":\"ListItem\",\"position\":3,\"name\":\"Sudadera con capucha y cremallera unisex para personalizar con logo\"}]},{\"@type\":\"WebSite\",\"@id\":\"https:\/\/adl-regalosempresa.com\/tiendaonline\/#website\",\"url\":\"https:\/\/adl-regalosempresa.com\/tiendaonline\/\",\"name\":\"ADL Comunicaci\u00f3n\",\"description\":\"Regalos de empresa\",\"publisher\":{\"@id\":\"https:\/\/adl-regalosempresa.com\/tiendaonline\/#organization\"},\"potentialAction\":[{\"@type\":\"SearchAction\",\"target\":{\"@type\":\"EntryPoint\",\"urlTemplate\":\"https:\/\/adl-regalosempresa.com\/tiendaonline\/?s={search_term_string}\"},\"query-input\":{\"@type\":\"PropertyValueSpecification\",\"valueRequired\":true,\"valueName\":\"search_term_string\"}}],\"inLanguage\":\"es\"},{\"@type\":\"Organization\",\"@id\":\"https:\/\/adl-regalosempresa.com\/tiendaonline\/#organization\",\"name\":\"ADL Comunicaci\u00f3n\",\"url\":\"https:\/\/adl-regalosempresa.com\/tiendaonline\/\",\"logo\":{\"@type\":\"ImageObject\",\"inLanguage\":\"es\",\"@id\":\"https:\/\/adl-regalosempresa.com\/tiendaonline\/#\/schema\/logo\/image\/\",\"url\":\"https:\/\/adl-regalosempresa.com\/tiendaonline\/wp-content\/uploads\/2017\/09\/logo-adl-wp.png\",\"contentUrl\":\"https:\/\/adl-regalosempresa.com\/tiendaonline\/wp-content\/uploads\/2017\/09\/logo-adl-wp.png\",\"width\":407,\"height\":185,\"caption\":\"ADL Comunicaci\u00f3n\"},\"image\":{\"@id\":\"https:\/\/adl-regalosempresa.com\/tiendaonline\/#\/schema\/logo\/image\/\"}}]}<\/script>\n<!-- \/ Yoast SEO plugin. -->","yoast_head_json":{"title":"Merchandising Sudadera con capucha y cremallera unisex para personalizar con logo - ADL","description":"Art\u00edculo de merchandising Sudadera con capucha y cremallera unisex \"Arora\". Sudadera con capucha y cremallera unisex Arora: una combinaci\u00f3n perfecta de estilo y comodidad. Confeccionada con atenci\u00f3n al detalle, esta sudadera con capucha combina a la perfecci\u00f3n la comodidad con un estilo contempor\u00e1neo. Con paneles laterales, pu\u00f1os y dobladillo inferior de punto liso, esta sudadera con capucha se ajusta a la perfecci\u00f3n y resulta muy c\u00f3moda. La capucha est\u00e1 forrada con un forro de punto jersey que aporta mayor comodidad. Ojales en color plata antigua con el logo grabado y ribete en espiga de color contrastado. Confeccionada con una mezcla premium de poli\u00e9ster 300 g\/m\u00b2 y punto de algod\u00f3n, esta sudadera con capucha ofrece el equilibrio perfecto entre estilo y confort.","robots":{"index":"index","follow":"follow","max-snippet":"max-snippet:-1","max-image-preview":"max-image-preview:large","max-video-preview":"max-video-preview:-1"},"canonical":"https:\/\/adl-regalosempresa.com\/tiendaonline\/articulos\/merchandising\/sudadera-con-capucha-y-cremallera-unisex-para-personalizar-con-logo\/","og_locale":"es_ES","og_type":"article","og_title":"Merchandising Sudadera con capucha y cremallera unisex para personalizar con logo - ADL","og_description":"Art\u00edculo de merchandising Sudadera con capucha y cremallera unisex \"Arora\". Sudadera con capucha y cremallera unisex Arora: una combinaci\u00f3n perfecta de estilo y comodidad. Confeccionada con atenci\u00f3n al detalle, esta sudadera con capucha combina a la perfecci\u00f3n la comodidad con un estilo contempor\u00e1neo. Con paneles laterales, pu\u00f1os y dobladillo inferior de punto liso, esta sudadera con capucha se ajusta a la perfecci\u00f3n y resulta muy c\u00f3moda. La capucha est\u00e1 forrada con un forro de punto jersey que aporta mayor comodidad. Ojales en color plata antigua con el logo grabado y ribete en espiga de color contrastado. Confeccionada con una mezcla premium de poli\u00e9ster 300 g\/m\u00b2 y punto de algod\u00f3n, esta sudadera con capucha ofrece el equilibrio perfecto entre estilo y confort.","og_url":"https:\/\/adl-regalosempresa.com\/tiendaonline\/articulos\/merchandising\/sudadera-con-capucha-y-cremallera-unisex-para-personalizar-con-logo\/","og_site_name":"ADL Comunicaci\u00f3n","article_modified_time":"2026-04-14T08:58:12+00:00","og_image":[{"width":1600,"height":1600,"url":"https:\/\/adl-regalosempresa.com\/tiendaonline\/wp-content\/uploads\/2022\/06\/3821101.jpg","type":"image\/jpeg"}],"twitter_card":"summary_large_image","twitter_title":"Merchandising Sudadera con capucha y cremallera unisex para personalizar con logo - ADL","twitter_misc":{"Tiempo de lectura":"1 minuto"},"schema":{"@context":"https:\/\/schema.org","@graph":[{"@type":"WebPage","@id":"https:\/\/adl-regalosempresa.com\/tiendaonline\/articulos\/merchandising\/sudadera-con-capucha-y-cremallera-unisex-para-personalizar-con-logo\/","url":"https:\/\/adl-regalosempresa.com\/tiendaonline\/articulos\/merchandising\/sudadera-con-capucha-y-cremallera-unisex-para-personalizar-con-logo\/","name":"Merchandising Sudadera con capucha y cremallera unisex para personalizar con logo - ADL","isPartOf":{"@id":"https:\/\/adl-regalosempresa.com\/tiendaonline\/#website"},"primaryImageOfPage":{"@id":"https:\/\/adl-regalosempresa.com\/tiendaonline\/articulos\/merchandising\/sudadera-con-capucha-y-cremallera-unisex-para-personalizar-con-logo\/#primaryimage"},"image":{"@id":"https:\/\/adl-regalosempresa.com\/tiendaonline\/articulos\/merchandising\/sudadera-con-capucha-y-cremallera-unisex-para-personalizar-con-logo\/#primaryimage"},"thumbnailUrl":"https:\/\/adl-regalosempresa.com\/tiendaonline\/wp-content\/uploads\/2022\/06\/3821101.jpg","datePublished":"2026-04-11T04:10:36+00:00","dateModified":"2026-04-14T08:58:12+00:00","description":"Art\u00edculo de merchandising Sudadera con capucha y cremallera unisex \"Arora\". Sudadera con capucha y cremallera unisex Arora: una combinaci\u00f3n perfecta de estilo y comodidad. Confeccionada con atenci\u00f3n al detalle, esta sudadera con capucha combina a la perfecci\u00f3n la comodidad con un estilo contempor\u00e1neo. Con paneles laterales, pu\u00f1os y dobladillo inferior de punto liso, esta sudadera con capucha se ajusta a la perfecci\u00f3n y resulta muy c\u00f3moda. La capucha est\u00e1 forrada con un forro de punto jersey que aporta mayor comodidad. Ojales en color plata antigua con el logo grabado y ribete en espiga de color contrastado. Confeccionada con una mezcla premium de poli\u00e9ster 300 g\/m\u00b2 y punto de algod\u00f3n, esta sudadera con capucha ofrece el equilibrio perfecto entre estilo y confort.","breadcrumb":{"@id":"https:\/\/adl-regalosempresa.com\/tiendaonline\/articulos\/merchandising\/sudadera-con-capucha-y-cremallera-unisex-para-personalizar-con-logo\/#breadcrumb"},"inLanguage":"es","potentialAction":[{"@type":"ReadAction","target":["https:\/\/adl-regalosempresa.com\/tiendaonline\/articulos\/merchandising\/sudadera-con-capucha-y-cremallera-unisex-para-personalizar-con-logo\/"]}]},{"@type":"ImageObject","inLanguage":"es","@id":"https:\/\/adl-regalosempresa.com\/tiendaonline\/articulos\/merchandising\/sudadera-con-capucha-y-cremallera-unisex-para-personalizar-con-logo\/#primaryimage","url":"https:\/\/adl-regalosempresa.com\/tiendaonline\/wp-content\/uploads\/2022\/06\/3821101.jpg","contentUrl":"https:\/\/adl-regalosempresa.com\/tiendaonline\/wp-content\/uploads\/2022\/06\/3821101.jpg","width":1600,"height":1600,"caption":"Sudadera con capucha y cremallera para hombre \"Arora\""},{"@type":"BreadcrumbList","@id":"https:\/\/adl-regalosempresa.com\/tiendaonline\/articulos\/merchandising\/sudadera-con-capucha-y-cremallera-unisex-para-personalizar-con-logo\/#breadcrumb","itemListElement":[{"@type":"ListItem","position":1,"name":"Portada","item":"https:\/\/adl-regalosempresa.com\/tiendaonline\/"},{"@type":"ListItem","position":2,"name":"Tienda","item":"https:\/\/adl-regalosempresa.com\/tiendaonline\/tienda\/"},{"@type":"ListItem","position":3,"name":"Sudadera con capucha y cremallera unisex para personalizar con logo"}]},{"@type":"WebSite","@id":"https:\/\/adl-regalosempresa.com\/tiendaonline\/#website","url":"https:\/\/adl-regalosempresa.com\/tiendaonline\/","name":"ADL Comunicaci\u00f3n","description":"Regalos de empresa","publisher":{"@id":"https:\/\/adl-regalosempresa.com\/tiendaonline\/#organization"},"potentialAction":[{"@type":"SearchAction","target":{"@type":"EntryPoint","urlTemplate":"https:\/\/adl-regalosempresa.com\/tiendaonline\/?s={search_term_string}"},"query-input":{"@type":"PropertyValueSpecification","valueRequired":true,"valueName":"search_term_string"}}],"inLanguage":"es"},{"@type":"Organization","@id":"https:\/\/adl-regalosempresa.com\/tiendaonline\/#organization","name":"ADL Comunicaci\u00f3n","url":"https:\/\/adl-regalosempresa.com\/tiendaonline\/","logo":{"@type":"ImageObject","inLanguage":"es","@id":"https:\/\/adl-regalosempresa.com\/tiendaonline\/#\/schema\/logo\/image\/","url":"https:\/\/adl-regalosempresa.com\/tiendaonline\/wp-content\/uploads\/2017\/09\/logo-adl-wp.png","contentUrl":"https:\/\/adl-regalosempresa.com\/tiendaonline\/wp-content\/uploads\/2017\/09\/logo-adl-wp.png","width":407,"height":185,"caption":"ADL Comunicaci\u00f3n"},"image":{"@id":"https:\/\/adl-regalosempresa.com\/tiendaonline\/#\/schema\/logo\/image\/"}}]}},"_links":{"self":[{"href":"https:\/\/adl-regalosempresa.com\/tiendaonline\/wp-json\/wp\/v2\/product\/85515","targetHints":{"allow":["GET"]}}],"collection":[{"href":"https:\/\/adl-regalosempresa.com\/tiendaonline\/wp-json\/wp\/v2\/product"}],"about":[{"href":"https:\/\/adl-regalosempresa.com\/tiendaonline\/wp-json\/wp\/v2\/types\/product"}],"wp:featuredmedia":[{"embeddable":true,"href":"https:\/\/adl-regalosempresa.com\/tiendaonline\/wp-json\/wp\/v2\/media\/85517"}],"wp:attachment":[{"href":"https:\/\/adl-regalosempresa.com\/tiendaonline\/wp-json\/wp\/v2\/media?parent=85515"}],"wp:term":[{"taxonomy":"product_brand","embeddable":true,"href":"https:\/\/adl-regalosempresa.com\/tiendaonline\/wp-json\/wp\/v2\/product_brand?post=85515"},{"taxonomy":"product_cat","embeddable":true,"href":"https:\/\/adl-regalosempresa.com\/tiendaonline\/wp-json\/wp\/v2\/product_cat?post=85515"},{"taxonomy":"product_tag","embeddable":true,"href":"https:\/\/adl-regalosempresa.com\/tiendaonline\/wp-json\/wp\/v2\/product_tag?post=85515"}],"curies":[{"name":"wp","href":"https:\/\/api.w.org\/{rel}","templated":true}]}}