{"id":148690,"date":"2026-05-10T04:40:35","date_gmt":"2026-05-10T04:40:35","guid":{"rendered":"https:\/\/adl-regalosempresa.com\/tiendaonline\/articulos\/merchandising\/libreta-a5-de-tapa-blanda-con-100-hojas-de-papel-reciclado-para-personalizar-con-logo-3\/"},"modified":"2026-05-10T08:20:08","modified_gmt":"2026-05-10T08:20:08","slug":"libreta-a5-de-tapa-blanda-con-100-hojas-de-papel-reciclado-para-personalizar-con-logo-3","status":"publish","type":"product","link":"https:\/\/adl-regalosempresa.com\/tiendaonline\/articulos\/merchandising\/libreta-a5-de-tapa-blanda-con-100-hojas-de-papel-reciclado-para-personalizar-con-logo-3\/","title":{"rendered":"Libreta A5 de tapa blanda con 100 hojas de papel reciclado  para personalizar con logo"},"content":{"rendered":"<p>La libreta \u00abNovella Austen\u00bb A5 de tapa blanda est\u00e1 pensada para llamar la atenci\u00f3n. La cubierta blanda reciclada lleva un acabado de impresi\u00f3n en seda de alta calidad que hace que los colores sean llamativos y las ilustraciones excepcionalmente n\u00edtidas, por lo que es perfecta para logos atrevidos y dise\u00f1os a todo color que destaquen. En su interior, tiene 100 hojas recicladas de 80\u00a0g\/m2 totalmente personalizables y ofrece total libertad para adaptar dise\u00f1os, gr\u00e1ficos o mensajes a cualquier proyecto o promoci\u00f3n.<\/p>\n","protected":false},"excerpt":{"rendered":"<p><strong>Descuentos por cantidades<\/strong><br \/>&#8211; a partir de 100 unidades: 3,86 \u20ac\/ud<br \/>&#8211; a partir de 250 unidades: 3,57 \u20ac\/ud<br \/>&#8211; a partir de 500 unidades: 3,43 \u20ac\/ud<\/p>\n<p>Para cantidades superiores a las aqu\u00ed indicadas, no dudes en ponerte en contacto con nuestro departamento comercial o <a href='https:\/\/adl-regalosempresa.com\/tiendaonline\/solicitud-presupuesto\/'>pedirnos presupuesto personalizado<\/a>, ajustaremos el presupuesto a tus necesidades.<\/p>\n","protected":false},"featured_media":148692,"template":"","meta":{"_kad_post_transparent":"","_kad_post_title":"","_kad_post_layout":"","_kad_post_sidebar_id":"","_kad_post_content_style":"","_kad_post_vertical_padding":"","_kad_post_feature":"","_kad_post_feature_position":"","_kad_post_header":false,"_kad_post_footer":false,"_kad_post_classname":""},"product_brand":[],"product_cat":[7690,7688],"product_tag":[],"class_list":{"0":"post-148690","1":"product","2":"type-product","3":"status-publish","4":"has-post-thumbnail","6":"product_cat-libretas-de-tapas-blandas-libretas-y-papeleria","7":"product_cat-libretas-y-papeleria","8":"pa_alto-1-cm","9":"pa_ancho-146-cm","10":"pa_color-blanco","11":"pa_color-simple-blanco","12":"pa_largo-21-cm","13":"pa_marca-unbranded","14":"pa_material-carton-reciclado-papel-reciclado","15":"pa_peso-2758-gr","17":"first","18":"instock","19":"taxable","20":"shipping-taxable","21":"purchasable","22":"product-type-variable","23":"entry","24":"content-bg","25":"loop-entry"},"yoast_head":"<!-- This site is optimized with the Yoast SEO plugin v26.3 - https:\/\/yoast.com\/wordpress\/plugins\/seo\/ -->\n<title>Merchandising Libreta A5 de tapa blanda con 100 hojas de papel reciclado para personalizar con logo - ADL<\/title>\n<meta name=\"description\" content=\"Art\u00edculo de merchandising Libreta A5 de tapa blanda con 100 hojas de papel reciclado &quot;Novella Austen&quot;. La libreta &quot;Novella Austen&quot; A5 de tapa blanda est\u00e1 pensada para llamar la atenci\u00f3n. La cubierta blanda reciclada lleva un acabado de impresi\u00f3n en seda de alta calidad que hace que los colores sean llamativos y las ilustraciones excepcionalmente n\u00edtidas, por lo que es perfecta para logos atrevidos y dise\u00f1os a todo color que destaquen. En su interior, tiene 100 hojas recicladas de 80\u00a0g\/m2 totalmente personalizables y ofrece total libertad para adaptar dise\u00f1os, gr\u00e1ficos o mensajes a cualquier proyecto o promoci\u00f3n.\" \/>\n<meta name=\"robots\" content=\"index, follow, max-snippet:-1, max-image-preview:large, max-video-preview:-1\" \/>\n<link rel=\"canonical\" href=\"https:\/\/adl-regalosempresa.com\/tiendaonline\/articulos\/merchandising\/libreta-a5-de-tapa-blanda-con-100-hojas-de-papel-reciclado-para-personalizar-con-logo-3\/\" \/>\n<meta property=\"og:locale\" content=\"es_ES\" \/>\n<meta property=\"og:type\" content=\"article\" \/>\n<meta property=\"og:title\" content=\"Merchandising Libreta A5 de tapa blanda con 100 hojas de papel reciclado para personalizar con logo - ADL\" \/>\n<meta property=\"og:description\" content=\"Art\u00edculo de merchandising Libreta A5 de tapa blanda con 100 hojas de papel reciclado &quot;Novella Austen&quot;. La libreta &quot;Novella Austen&quot; A5 de tapa blanda est\u00e1 pensada para llamar la atenci\u00f3n. La cubierta blanda reciclada lleva un acabado de impresi\u00f3n en seda de alta calidad que hace que los colores sean llamativos y las ilustraciones excepcionalmente n\u00edtidas, por lo que es perfecta para logos atrevidos y dise\u00f1os a todo color que destaquen. En su interior, tiene 100 hojas recicladas de 80\u00a0g\/m2 totalmente personalizables y ofrece total libertad para adaptar dise\u00f1os, gr\u00e1ficos o mensajes a cualquier proyecto o promoci\u00f3n.\" \/>\n<meta property=\"og:url\" content=\"https:\/\/adl-regalosempresa.com\/tiendaonline\/articulos\/merchandising\/libreta-a5-de-tapa-blanda-con-100-hojas-de-papel-reciclado-para-personalizar-con-logo-3\/\" \/>\n<meta property=\"og:site_name\" content=\"ADL Comunicaci\u00f3n\" \/>\n<meta property=\"article:modified_time\" content=\"2026-05-10T08:20:08+00:00\" \/>\n<meta property=\"og:image\" content=\"https:\/\/adl-regalosempresa.com\/tiendaonline\/wp-content\/uploads\/2026\/05\/21078901.jpg\" \/>\n\t<meta property=\"og:image:width\" content=\"1600\" \/>\n\t<meta property=\"og:image:height\" content=\"1600\" \/>\n\t<meta property=\"og:image:type\" content=\"image\/jpeg\" \/>\n<meta name=\"twitter:card\" content=\"summary_large_image\" \/>\n<meta name=\"twitter:title\" content=\"Merchandising Libreta A5 de tapa blanda con 100 hojas de papel reciclado para personalizar con logo - ADL\" \/>\n<script type=\"application\/ld+json\" class=\"yoast-schema-graph\">{\"@context\":\"https:\/\/schema.org\",\"@graph\":[{\"@type\":\"WebPage\",\"@id\":\"https:\/\/adl-regalosempresa.com\/tiendaonline\/articulos\/merchandising\/libreta-a5-de-tapa-blanda-con-100-hojas-de-papel-reciclado-para-personalizar-con-logo-3\/\",\"url\":\"https:\/\/adl-regalosempresa.com\/tiendaonline\/articulos\/merchandising\/libreta-a5-de-tapa-blanda-con-100-hojas-de-papel-reciclado-para-personalizar-con-logo-3\/\",\"name\":\"Merchandising Libreta A5 de tapa blanda con 100 hojas de papel reciclado para personalizar con logo - ADL\",\"isPartOf\":{\"@id\":\"https:\/\/adl-regalosempresa.com\/tiendaonline\/#website\"},\"primaryImageOfPage\":{\"@id\":\"https:\/\/adl-regalosempresa.com\/tiendaonline\/articulos\/merchandising\/libreta-a5-de-tapa-blanda-con-100-hojas-de-papel-reciclado-para-personalizar-con-logo-3\/#primaryimage\"},\"image\":{\"@id\":\"https:\/\/adl-regalosempresa.com\/tiendaonline\/articulos\/merchandising\/libreta-a5-de-tapa-blanda-con-100-hojas-de-papel-reciclado-para-personalizar-con-logo-3\/#primaryimage\"},\"thumbnailUrl\":\"https:\/\/adl-regalosempresa.com\/tiendaonline\/wp-content\/uploads\/2026\/05\/21078901.jpg\",\"datePublished\":\"2026-05-10T04:40:35+00:00\",\"dateModified\":\"2026-05-10T08:20:08+00:00\",\"description\":\"Art\u00edculo de merchandising Libreta A5 de tapa blanda con 100 hojas de papel reciclado \\\"Novella Austen\\\". La libreta \\\"Novella Austen\\\" A5 de tapa blanda est\u00e1 pensada para llamar la atenci\u00f3n. La cubierta blanda reciclada lleva un acabado de impresi\u00f3n en seda de alta calidad que hace que los colores sean llamativos y las ilustraciones excepcionalmente n\u00edtidas, por lo que es perfecta para logos atrevidos y dise\u00f1os a todo color que destaquen. En su interior, tiene 100 hojas recicladas de 80\u00a0g\/m2 totalmente personalizables y ofrece total libertad para adaptar dise\u00f1os, gr\u00e1ficos o mensajes a cualquier proyecto o promoci\u00f3n.\",\"breadcrumb\":{\"@id\":\"https:\/\/adl-regalosempresa.com\/tiendaonline\/articulos\/merchandising\/libreta-a5-de-tapa-blanda-con-100-hojas-de-papel-reciclado-para-personalizar-con-logo-3\/#breadcrumb\"},\"inLanguage\":\"es\",\"potentialAction\":[{\"@type\":\"ReadAction\",\"target\":[\"https:\/\/adl-regalosempresa.com\/tiendaonline\/articulos\/merchandising\/libreta-a5-de-tapa-blanda-con-100-hojas-de-papel-reciclado-para-personalizar-con-logo-3\/\"]}]},{\"@type\":\"ImageObject\",\"inLanguage\":\"es\",\"@id\":\"https:\/\/adl-regalosempresa.com\/tiendaonline\/articulos\/merchandising\/libreta-a5-de-tapa-blanda-con-100-hojas-de-papel-reciclado-para-personalizar-con-logo-3\/#primaryimage\",\"url\":\"https:\/\/adl-regalosempresa.com\/tiendaonline\/wp-content\/uploads\/2026\/05\/21078901.jpg\",\"contentUrl\":\"https:\/\/adl-regalosempresa.com\/tiendaonline\/wp-content\/uploads\/2026\/05\/21078901.jpg\",\"width\":1600,\"height\":1600,\"caption\":\"Libreta A5 de tapa blanda con 100 hojas de papel reciclado \\\"Novella Austen\\\"\"},{\"@type\":\"BreadcrumbList\",\"@id\":\"https:\/\/adl-regalosempresa.com\/tiendaonline\/articulos\/merchandising\/libreta-a5-de-tapa-blanda-con-100-hojas-de-papel-reciclado-para-personalizar-con-logo-3\/#breadcrumb\",\"itemListElement\":[{\"@type\":\"ListItem\",\"position\":1,\"name\":\"Portada\",\"item\":\"https:\/\/adl-regalosempresa.com\/tiendaonline\/\"},{\"@type\":\"ListItem\",\"position\":2,\"name\":\"Tienda\",\"item\":\"https:\/\/adl-regalosempresa.com\/tiendaonline\/tienda\/\"},{\"@type\":\"ListItem\",\"position\":3,\"name\":\"Libreta A5 de tapa blanda con 100 hojas de papel reciclado para personalizar con logo\"}]},{\"@type\":\"WebSite\",\"@id\":\"https:\/\/adl-regalosempresa.com\/tiendaonline\/#website\",\"url\":\"https:\/\/adl-regalosempresa.com\/tiendaonline\/\",\"name\":\"ADL Comunicaci\u00f3n\",\"description\":\"Regalos de empresa\",\"publisher\":{\"@id\":\"https:\/\/adl-regalosempresa.com\/tiendaonline\/#organization\"},\"potentialAction\":[{\"@type\":\"SearchAction\",\"target\":{\"@type\":\"EntryPoint\",\"urlTemplate\":\"https:\/\/adl-regalosempresa.com\/tiendaonline\/?s={search_term_string}\"},\"query-input\":{\"@type\":\"PropertyValueSpecification\",\"valueRequired\":true,\"valueName\":\"search_term_string\"}}],\"inLanguage\":\"es\"},{\"@type\":\"Organization\",\"@id\":\"https:\/\/adl-regalosempresa.com\/tiendaonline\/#organization\",\"name\":\"ADL Comunicaci\u00f3n\",\"url\":\"https:\/\/adl-regalosempresa.com\/tiendaonline\/\",\"logo\":{\"@type\":\"ImageObject\",\"inLanguage\":\"es\",\"@id\":\"https:\/\/adl-regalosempresa.com\/tiendaonline\/#\/schema\/logo\/image\/\",\"url\":\"https:\/\/adl-regalosempresa.com\/tiendaonline\/wp-content\/uploads\/2017\/09\/logo-adl-wp.png\",\"contentUrl\":\"https:\/\/adl-regalosempresa.com\/tiendaonline\/wp-content\/uploads\/2017\/09\/logo-adl-wp.png\",\"width\":407,\"height\":185,\"caption\":\"ADL Comunicaci\u00f3n\"},\"image\":{\"@id\":\"https:\/\/adl-regalosempresa.com\/tiendaonline\/#\/schema\/logo\/image\/\"}}]}<\/script>\n<!-- \/ Yoast SEO plugin. -->","yoast_head_json":{"title":"Merchandising Libreta A5 de tapa blanda con 100 hojas de papel reciclado para personalizar con logo - ADL","description":"Art\u00edculo de merchandising Libreta A5 de tapa blanda con 100 hojas de papel reciclado \"Novella Austen\". La libreta \"Novella Austen\" A5 de tapa blanda est\u00e1 pensada para llamar la atenci\u00f3n. La cubierta blanda reciclada lleva un acabado de impresi\u00f3n en seda de alta calidad que hace que los colores sean llamativos y las ilustraciones excepcionalmente n\u00edtidas, por lo que es perfecta para logos atrevidos y dise\u00f1os a todo color que destaquen. En su interior, tiene 100 hojas recicladas de 80\u00a0g\/m2 totalmente personalizables y ofrece total libertad para adaptar dise\u00f1os, gr\u00e1ficos o mensajes a cualquier proyecto o promoci\u00f3n.","robots":{"index":"index","follow":"follow","max-snippet":"max-snippet:-1","max-image-preview":"max-image-preview:large","max-video-preview":"max-video-preview:-1"},"canonical":"https:\/\/adl-regalosempresa.com\/tiendaonline\/articulos\/merchandising\/libreta-a5-de-tapa-blanda-con-100-hojas-de-papel-reciclado-para-personalizar-con-logo-3\/","og_locale":"es_ES","og_type":"article","og_title":"Merchandising Libreta A5 de tapa blanda con 100 hojas de papel reciclado para personalizar con logo - ADL","og_description":"Art\u00edculo de merchandising Libreta A5 de tapa blanda con 100 hojas de papel reciclado \"Novella Austen\". La libreta \"Novella Austen\" A5 de tapa blanda est\u00e1 pensada para llamar la atenci\u00f3n. La cubierta blanda reciclada lleva un acabado de impresi\u00f3n en seda de alta calidad que hace que los colores sean llamativos y las ilustraciones excepcionalmente n\u00edtidas, por lo que es perfecta para logos atrevidos y dise\u00f1os a todo color que destaquen. En su interior, tiene 100 hojas recicladas de 80\u00a0g\/m2 totalmente personalizables y ofrece total libertad para adaptar dise\u00f1os, gr\u00e1ficos o mensajes a cualquier proyecto o promoci\u00f3n.","og_url":"https:\/\/adl-regalosempresa.com\/tiendaonline\/articulos\/merchandising\/libreta-a5-de-tapa-blanda-con-100-hojas-de-papel-reciclado-para-personalizar-con-logo-3\/","og_site_name":"ADL Comunicaci\u00f3n","article_modified_time":"2026-05-10T08:20:08+00:00","og_image":[{"width":1600,"height":1600,"url":"https:\/\/adl-regalosempresa.com\/tiendaonline\/wp-content\/uploads\/2026\/05\/21078901.jpg","type":"image\/jpeg"}],"twitter_card":"summary_large_image","twitter_title":"Merchandising Libreta A5 de tapa blanda con 100 hojas de papel reciclado para personalizar con logo - ADL","schema":{"@context":"https:\/\/schema.org","@graph":[{"@type":"WebPage","@id":"https:\/\/adl-regalosempresa.com\/tiendaonline\/articulos\/merchandising\/libreta-a5-de-tapa-blanda-con-100-hojas-de-papel-reciclado-para-personalizar-con-logo-3\/","url":"https:\/\/adl-regalosempresa.com\/tiendaonline\/articulos\/merchandising\/libreta-a5-de-tapa-blanda-con-100-hojas-de-papel-reciclado-para-personalizar-con-logo-3\/","name":"Merchandising Libreta A5 de tapa blanda con 100 hojas de papel reciclado para personalizar con logo - ADL","isPartOf":{"@id":"https:\/\/adl-regalosempresa.com\/tiendaonline\/#website"},"primaryImageOfPage":{"@id":"https:\/\/adl-regalosempresa.com\/tiendaonline\/articulos\/merchandising\/libreta-a5-de-tapa-blanda-con-100-hojas-de-papel-reciclado-para-personalizar-con-logo-3\/#primaryimage"},"image":{"@id":"https:\/\/adl-regalosempresa.com\/tiendaonline\/articulos\/merchandising\/libreta-a5-de-tapa-blanda-con-100-hojas-de-papel-reciclado-para-personalizar-con-logo-3\/#primaryimage"},"thumbnailUrl":"https:\/\/adl-regalosempresa.com\/tiendaonline\/wp-content\/uploads\/2026\/05\/21078901.jpg","datePublished":"2026-05-10T04:40:35+00:00","dateModified":"2026-05-10T08:20:08+00:00","description":"Art\u00edculo de merchandising Libreta A5 de tapa blanda con 100 hojas de papel reciclado \"Novella Austen\". La libreta \"Novella Austen\" A5 de tapa blanda est\u00e1 pensada para llamar la atenci\u00f3n. La cubierta blanda reciclada lleva un acabado de impresi\u00f3n en seda de alta calidad que hace que los colores sean llamativos y las ilustraciones excepcionalmente n\u00edtidas, por lo que es perfecta para logos atrevidos y dise\u00f1os a todo color que destaquen. En su interior, tiene 100 hojas recicladas de 80\u00a0g\/m2 totalmente personalizables y ofrece total libertad para adaptar dise\u00f1os, gr\u00e1ficos o mensajes a cualquier proyecto o promoci\u00f3n.","breadcrumb":{"@id":"https:\/\/adl-regalosempresa.com\/tiendaonline\/articulos\/merchandising\/libreta-a5-de-tapa-blanda-con-100-hojas-de-papel-reciclado-para-personalizar-con-logo-3\/#breadcrumb"},"inLanguage":"es","potentialAction":[{"@type":"ReadAction","target":["https:\/\/adl-regalosempresa.com\/tiendaonline\/articulos\/merchandising\/libreta-a5-de-tapa-blanda-con-100-hojas-de-papel-reciclado-para-personalizar-con-logo-3\/"]}]},{"@type":"ImageObject","inLanguage":"es","@id":"https:\/\/adl-regalosempresa.com\/tiendaonline\/articulos\/merchandising\/libreta-a5-de-tapa-blanda-con-100-hojas-de-papel-reciclado-para-personalizar-con-logo-3\/#primaryimage","url":"https:\/\/adl-regalosempresa.com\/tiendaonline\/wp-content\/uploads\/2026\/05\/21078901.jpg","contentUrl":"https:\/\/adl-regalosempresa.com\/tiendaonline\/wp-content\/uploads\/2026\/05\/21078901.jpg","width":1600,"height":1600,"caption":"Libreta A5 de tapa blanda con 100 hojas de papel reciclado \"Novella Austen\""},{"@type":"BreadcrumbList","@id":"https:\/\/adl-regalosempresa.com\/tiendaonline\/articulos\/merchandising\/libreta-a5-de-tapa-blanda-con-100-hojas-de-papel-reciclado-para-personalizar-con-logo-3\/#breadcrumb","itemListElement":[{"@type":"ListItem","position":1,"name":"Portada","item":"https:\/\/adl-regalosempresa.com\/tiendaonline\/"},{"@type":"ListItem","position":2,"name":"Tienda","item":"https:\/\/adl-regalosempresa.com\/tiendaonline\/tienda\/"},{"@type":"ListItem","position":3,"name":"Libreta A5 de tapa blanda con 100 hojas de papel reciclado para personalizar con logo"}]},{"@type":"WebSite","@id":"https:\/\/adl-regalosempresa.com\/tiendaonline\/#website","url":"https:\/\/adl-regalosempresa.com\/tiendaonline\/","name":"ADL Comunicaci\u00f3n","description":"Regalos de empresa","publisher":{"@id":"https:\/\/adl-regalosempresa.com\/tiendaonline\/#organization"},"potentialAction":[{"@type":"SearchAction","target":{"@type":"EntryPoint","urlTemplate":"https:\/\/adl-regalosempresa.com\/tiendaonline\/?s={search_term_string}"},"query-input":{"@type":"PropertyValueSpecification","valueRequired":true,"valueName":"search_term_string"}}],"inLanguage":"es"},{"@type":"Organization","@id":"https:\/\/adl-regalosempresa.com\/tiendaonline\/#organization","name":"ADL Comunicaci\u00f3n","url":"https:\/\/adl-regalosempresa.com\/tiendaonline\/","logo":{"@type":"ImageObject","inLanguage":"es","@id":"https:\/\/adl-regalosempresa.com\/tiendaonline\/#\/schema\/logo\/image\/","url":"https:\/\/adl-regalosempresa.com\/tiendaonline\/wp-content\/uploads\/2017\/09\/logo-adl-wp.png","contentUrl":"https:\/\/adl-regalosempresa.com\/tiendaonline\/wp-content\/uploads\/2017\/09\/logo-adl-wp.png","width":407,"height":185,"caption":"ADL Comunicaci\u00f3n"},"image":{"@id":"https:\/\/adl-regalosempresa.com\/tiendaonline\/#\/schema\/logo\/image\/"}}]}},"_links":{"self":[{"href":"https:\/\/adl-regalosempresa.com\/tiendaonline\/wp-json\/wp\/v2\/product\/148690","targetHints":{"allow":["GET"]}}],"collection":[{"href":"https:\/\/adl-regalosempresa.com\/tiendaonline\/wp-json\/wp\/v2\/product"}],"about":[{"href":"https:\/\/adl-regalosempresa.com\/tiendaonline\/wp-json\/wp\/v2\/types\/product"}],"wp:featuredmedia":[{"embeddable":true,"href":"https:\/\/adl-regalosempresa.com\/tiendaonline\/wp-json\/wp\/v2\/media\/148692"}],"wp:attachment":[{"href":"https:\/\/adl-regalosempresa.com\/tiendaonline\/wp-json\/wp\/v2\/media?parent=148690"}],"wp:term":[{"taxonomy":"product_brand","embeddable":true,"href":"https:\/\/adl-regalosempresa.com\/tiendaonline\/wp-json\/wp\/v2\/product_brand?post=148690"},{"taxonomy":"product_cat","embeddable":true,"href":"https:\/\/adl-regalosempresa.com\/tiendaonline\/wp-json\/wp\/v2\/product_cat?post=148690"},{"taxonomy":"product_tag","embeddable":true,"href":"https:\/\/adl-regalosempresa.com\/tiendaonline\/wp-json\/wp\/v2\/product_tag?post=148690"}],"curies":[{"name":"wp","href":"https:\/\/api.w.org\/{rel}","templated":true}]}}