{"id":148590,"date":"2026-04-15T04:51:45","date_gmt":"2026-04-15T04:51:45","guid":{"rendered":"https:\/\/adl-regalosempresa.com\/tiendaonline\/articulos\/merchandising\/bolsa-para-botellas-reciclada-con-certificado-grs-para-personalizar-con-logo\/"},"modified":"2026-04-19T06:47:05","modified_gmt":"2026-04-19T06:47:05","slug":"bolsa-para-botellas-reciclada-con-certificado-grs-para-personalizar-con-logo","status":"publish","type":"product","link":"https:\/\/adl-regalosempresa.com\/tiendaonline\/articulos\/merchandising\/bolsa-para-botellas-reciclada-con-certificado-grs-para-personalizar-con-logo\/","title":{"rendered":"Bolsa para botellas reciclada con certificado GRS  para personalizar con logo"},"content":{"rendered":"<p>Fabricada en poli\u00e9ster reciclado con certificado GRS repelente al agua, la bolsa para botellas \u00abByron\u00bb se sujeta de forma segura a tu cantimplora o vaso favorito para que tengas lo esencial a mano mientras mantienes la hidrataci\u00f3n. Con un fuerte cierre de velcro y una cinta el\u00e1stica con agarres antideslizantes, se sujeta con firmeza a tu recipiente. El compartimento principal con cremallera permite guardar de forma segura los objetos de valor, incluidos la mayor\u00eda de los smartphones, mientras que el bolsillo frontal ofrece un acceso r\u00e1pido a objetos m\u00e1s peque\u00f1os, como tarjetas bancarias, el DNI o las llaves. Ideal para el gimnasio o las aventuras al aire libre, la bolsa \u00abByron\u00bb libera tus bolsillos y facilita la organizaci\u00f3n. Tiene materiales m\u00e1s sostenibles.<\/p>\n","protected":false},"excerpt":{"rendered":"<p>Fabricada en poli\u00e9ster reciclado con certificado GRS repelente al agua, la bolsa para botellas \u00abByron\u00bb se sujeta de forma segura a tu cantimplora o vaso favorito para que tengas lo esencial a mano mientras mantienes la hidrataci\u00f3n. Con un fuerte cierre de velcro y una cinta el\u00e1stica con agarres antideslizantes, se sujeta con firmeza a&#8230;<\/p>\n","protected":false},"featured_media":148592,"template":"","meta":{"_kad_post_transparent":"","_kad_post_title":"","_kad_post_layout":"","_kad_post_sidebar_id":"","_kad_post_content_style":"","_kad_post_vertical_padding":"","_kad_post_feature":"","_kad_post_feature_position":"","_kad_post_header":false,"_kad_post_footer":false,"_kad_post_classname":""},"product_brand":[],"product_cat":[4151,3526],"product_tag":[],"class_list":{"0":"post-148590","1":"product","2":"type-product","3":"status-publish","4":"has-post-thumbnail","6":"product_cat-accesorios-de-viaje","7":"product_cat-bolsas","8":"pa_alto-18-cm","9":"pa_ancho-2-cm","10":"pa_color-avena","11":"pa_color-azul-hale","12":"pa_color-azul-marino","13":"pa_color-gris","14":"pa_color-ladrillo","15":"pa_color-negro-intenso","16":"pa_color-simple-azul","17":"pa_color-simple-gris","18":"pa_color-simple-naranja","19":"pa_color-simple-natural","20":"pa_color-simple-negro-intenso","21":"pa_largo-10-cm","22":"pa_marca-unbranded","23":"pa_material-poliester-reciclado-con-certificado-grs","24":"pa_peso-44-gr","26":"first","27":"instock","28":"taxable","29":"shipping-taxable","30":"purchasable","31":"product-type-variable","32":"entry","33":"content-bg","34":"loop-entry"},"yoast_head":"<!-- This site is optimized with the Yoast SEO plugin v26.3 - https:\/\/yoast.com\/wordpress\/plugins\/seo\/ -->\n<title>Merchandising Bolsa para botellas reciclada con certificado GRS para personalizar con logo - ADL<\/title>\n<meta name=\"description\" content=\"Art\u00edculo de merchandising Bolsa para botellas reciclada con certificado GRS &quot;Byron&quot;. Fabricada en poli\u00e9ster reciclado con certificado GRS repelente al agua, la bolsa para botellas &quot;Byron&quot; se sujeta de forma segura a tu cantimplora o vaso favorito para que tengas lo esencial a mano mientras mantienes la hidrataci\u00f3n. Con un fuerte cierre de velcro y una cinta el\u00e1stica con agarres antideslizantes, se sujeta con firmeza a tu recipiente. El compartimento principal con cremallera permite guardar de forma segura los objetos de valor, incluidos la mayor\u00eda de los smartphones, mientras que el bolsillo frontal ofrece un acceso r\u00e1pido a objetos m\u00e1s peque\u00f1os, como tarjetas bancarias, el DNI o las llaves. Ideal para el gimnasio o las aventuras al aire libre, la bolsa &quot;Byron&quot; libera tus bolsillos y facilita la organizaci\u00f3n. Tiene materiales m\u00e1s sostenibles.\" \/>\n<meta name=\"robots\" content=\"index, follow, max-snippet:-1, max-image-preview:large, max-video-preview:-1\" \/>\n<link rel=\"canonical\" href=\"https:\/\/adl-regalosempresa.com\/tiendaonline\/articulos\/merchandising\/bolsa-para-botellas-reciclada-con-certificado-grs-para-personalizar-con-logo\/\" \/>\n<meta property=\"og:locale\" content=\"es_ES\" \/>\n<meta property=\"og:type\" content=\"article\" \/>\n<meta property=\"og:title\" content=\"Merchandising Bolsa para botellas reciclada con certificado GRS para personalizar con logo - ADL\" \/>\n<meta property=\"og:description\" content=\"Art\u00edculo de merchandising Bolsa para botellas reciclada con certificado GRS &quot;Byron&quot;. Fabricada en poli\u00e9ster reciclado con certificado GRS repelente al agua, la bolsa para botellas &quot;Byron&quot; se sujeta de forma segura a tu cantimplora o vaso favorito para que tengas lo esencial a mano mientras mantienes la hidrataci\u00f3n. Con un fuerte cierre de velcro y una cinta el\u00e1stica con agarres antideslizantes, se sujeta con firmeza a tu recipiente. El compartimento principal con cremallera permite guardar de forma segura los objetos de valor, incluidos la mayor\u00eda de los smartphones, mientras que el bolsillo frontal ofrece un acceso r\u00e1pido a objetos m\u00e1s peque\u00f1os, como tarjetas bancarias, el DNI o las llaves. Ideal para el gimnasio o las aventuras al aire libre, la bolsa &quot;Byron&quot; libera tus bolsillos y facilita la organizaci\u00f3n. Tiene materiales m\u00e1s sostenibles.\" \/>\n<meta property=\"og:url\" content=\"https:\/\/adl-regalosempresa.com\/tiendaonline\/articulos\/merchandising\/bolsa-para-botellas-reciclada-con-certificado-grs-para-personalizar-con-logo\/\" \/>\n<meta property=\"og:site_name\" content=\"ADL Comunicaci\u00f3n\" \/>\n<meta property=\"article:modified_time\" content=\"2026-04-19T06:47:05+00:00\" \/>\n<meta property=\"og:image\" content=\"https:\/\/adl-regalosempresa.com\/tiendaonline\/wp-content\/uploads\/2026\/04\/13013507.jpg\" \/>\n\t<meta property=\"og:image:width\" content=\"1600\" \/>\n\t<meta property=\"og:image:height\" content=\"1600\" \/>\n\t<meta property=\"og:image:type\" content=\"image\/jpeg\" \/>\n<meta name=\"twitter:card\" content=\"summary_large_image\" \/>\n<meta name=\"twitter:title\" content=\"Merchandising Bolsa para botellas reciclada con certificado GRS para personalizar con logo - ADL\" \/>\n<meta name=\"twitter:label1\" content=\"Tiempo de lectura\" \/>\n\t<meta name=\"twitter:data1\" content=\"1 minuto\" \/>\n<script type=\"application\/ld+json\" class=\"yoast-schema-graph\">{\"@context\":\"https:\/\/schema.org\",\"@graph\":[{\"@type\":\"WebPage\",\"@id\":\"https:\/\/adl-regalosempresa.com\/tiendaonline\/articulos\/merchandising\/bolsa-para-botellas-reciclada-con-certificado-grs-para-personalizar-con-logo\/\",\"url\":\"https:\/\/adl-regalosempresa.com\/tiendaonline\/articulos\/merchandising\/bolsa-para-botellas-reciclada-con-certificado-grs-para-personalizar-con-logo\/\",\"name\":\"Merchandising Bolsa para botellas reciclada con certificado GRS para personalizar con logo - ADL\",\"isPartOf\":{\"@id\":\"https:\/\/adl-regalosempresa.com\/tiendaonline\/#website\"},\"primaryImageOfPage\":{\"@id\":\"https:\/\/adl-regalosempresa.com\/tiendaonline\/articulos\/merchandising\/bolsa-para-botellas-reciclada-con-certificado-grs-para-personalizar-con-logo\/#primaryimage\"},\"image\":{\"@id\":\"https:\/\/adl-regalosempresa.com\/tiendaonline\/articulos\/merchandising\/bolsa-para-botellas-reciclada-con-certificado-grs-para-personalizar-con-logo\/#primaryimage\"},\"thumbnailUrl\":\"https:\/\/adl-regalosempresa.com\/tiendaonline\/wp-content\/uploads\/2026\/04\/13013507.jpg\",\"datePublished\":\"2026-04-15T04:51:45+00:00\",\"dateModified\":\"2026-04-19T06:47:05+00:00\",\"description\":\"Art\u00edculo de merchandising Bolsa para botellas reciclada con certificado GRS \\\"Byron\\\". Fabricada en poli\u00e9ster reciclado con certificado GRS repelente al agua, la bolsa para botellas \\\"Byron\\\" se sujeta de forma segura a tu cantimplora o vaso favorito para que tengas lo esencial a mano mientras mantienes la hidrataci\u00f3n. Con un fuerte cierre de velcro y una cinta el\u00e1stica con agarres antideslizantes, se sujeta con firmeza a tu recipiente. El compartimento principal con cremallera permite guardar de forma segura los objetos de valor, incluidos la mayor\u00eda de los smartphones, mientras que el bolsillo frontal ofrece un acceso r\u00e1pido a objetos m\u00e1s peque\u00f1os, como tarjetas bancarias, el DNI o las llaves. Ideal para el gimnasio o las aventuras al aire libre, la bolsa \\\"Byron\\\" libera tus bolsillos y facilita la organizaci\u00f3n. Tiene materiales m\u00e1s sostenibles.\",\"breadcrumb\":{\"@id\":\"https:\/\/adl-regalosempresa.com\/tiendaonline\/articulos\/merchandising\/bolsa-para-botellas-reciclada-con-certificado-grs-para-personalizar-con-logo\/#breadcrumb\"},\"inLanguage\":\"es\",\"potentialAction\":[{\"@type\":\"ReadAction\",\"target\":[\"https:\/\/adl-regalosempresa.com\/tiendaonline\/articulos\/merchandising\/bolsa-para-botellas-reciclada-con-certificado-grs-para-personalizar-con-logo\/\"]}]},{\"@type\":\"ImageObject\",\"inLanguage\":\"es\",\"@id\":\"https:\/\/adl-regalosempresa.com\/tiendaonline\/articulos\/merchandising\/bolsa-para-botellas-reciclada-con-certificado-grs-para-personalizar-con-logo\/#primaryimage\",\"url\":\"https:\/\/adl-regalosempresa.com\/tiendaonline\/wp-content\/uploads\/2026\/04\/13013507.jpg\",\"contentUrl\":\"https:\/\/adl-regalosempresa.com\/tiendaonline\/wp-content\/uploads\/2026\/04\/13013507.jpg\",\"width\":1600,\"height\":1600,\"caption\":\"Bolsa para botellas reciclada con certificado GRS \\\"Byron\\\"\"},{\"@type\":\"BreadcrumbList\",\"@id\":\"https:\/\/adl-regalosempresa.com\/tiendaonline\/articulos\/merchandising\/bolsa-para-botellas-reciclada-con-certificado-grs-para-personalizar-con-logo\/#breadcrumb\",\"itemListElement\":[{\"@type\":\"ListItem\",\"position\":1,\"name\":\"Portada\",\"item\":\"https:\/\/adl-regalosempresa.com\/tiendaonline\/\"},{\"@type\":\"ListItem\",\"position\":2,\"name\":\"Tienda\",\"item\":\"https:\/\/adl-regalosempresa.com\/tiendaonline\/tienda\/\"},{\"@type\":\"ListItem\",\"position\":3,\"name\":\"Bolsa para botellas reciclada con certificado GRS para personalizar con logo\"}]},{\"@type\":\"WebSite\",\"@id\":\"https:\/\/adl-regalosempresa.com\/tiendaonline\/#website\",\"url\":\"https:\/\/adl-regalosempresa.com\/tiendaonline\/\",\"name\":\"ADL Comunicaci\u00f3n\",\"description\":\"Regalos de empresa\",\"publisher\":{\"@id\":\"https:\/\/adl-regalosempresa.com\/tiendaonline\/#organization\"},\"potentialAction\":[{\"@type\":\"SearchAction\",\"target\":{\"@type\":\"EntryPoint\",\"urlTemplate\":\"https:\/\/adl-regalosempresa.com\/tiendaonline\/?s={search_term_string}\"},\"query-input\":{\"@type\":\"PropertyValueSpecification\",\"valueRequired\":true,\"valueName\":\"search_term_string\"}}],\"inLanguage\":\"es\"},{\"@type\":\"Organization\",\"@id\":\"https:\/\/adl-regalosempresa.com\/tiendaonline\/#organization\",\"name\":\"ADL Comunicaci\u00f3n\",\"url\":\"https:\/\/adl-regalosempresa.com\/tiendaonline\/\",\"logo\":{\"@type\":\"ImageObject\",\"inLanguage\":\"es\",\"@id\":\"https:\/\/adl-regalosempresa.com\/tiendaonline\/#\/schema\/logo\/image\/\",\"url\":\"https:\/\/adl-regalosempresa.com\/tiendaonline\/wp-content\/uploads\/2017\/09\/logo-adl-wp.png\",\"contentUrl\":\"https:\/\/adl-regalosempresa.com\/tiendaonline\/wp-content\/uploads\/2017\/09\/logo-adl-wp.png\",\"width\":407,\"height\":185,\"caption\":\"ADL Comunicaci\u00f3n\"},\"image\":{\"@id\":\"https:\/\/adl-regalosempresa.com\/tiendaonline\/#\/schema\/logo\/image\/\"}}]}<\/script>\n<!-- \/ Yoast SEO plugin. -->","yoast_head_json":{"title":"Merchandising Bolsa para botellas reciclada con certificado GRS para personalizar con logo - ADL","description":"Art\u00edculo de merchandising Bolsa para botellas reciclada con certificado GRS \"Byron\". Fabricada en poli\u00e9ster reciclado con certificado GRS repelente al agua, la bolsa para botellas \"Byron\" se sujeta de forma segura a tu cantimplora o vaso favorito para que tengas lo esencial a mano mientras mantienes la hidrataci\u00f3n. Con un fuerte cierre de velcro y una cinta el\u00e1stica con agarres antideslizantes, se sujeta con firmeza a tu recipiente. El compartimento principal con cremallera permite guardar de forma segura los objetos de valor, incluidos la mayor\u00eda de los smartphones, mientras que el bolsillo frontal ofrece un acceso r\u00e1pido a objetos m\u00e1s peque\u00f1os, como tarjetas bancarias, el DNI o las llaves. Ideal para el gimnasio o las aventuras al aire libre, la bolsa \"Byron\" libera tus bolsillos y facilita la organizaci\u00f3n. Tiene materiales m\u00e1s sostenibles.","robots":{"index":"index","follow":"follow","max-snippet":"max-snippet:-1","max-image-preview":"max-image-preview:large","max-video-preview":"max-video-preview:-1"},"canonical":"https:\/\/adl-regalosempresa.com\/tiendaonline\/articulos\/merchandising\/bolsa-para-botellas-reciclada-con-certificado-grs-para-personalizar-con-logo\/","og_locale":"es_ES","og_type":"article","og_title":"Merchandising Bolsa para botellas reciclada con certificado GRS para personalizar con logo - ADL","og_description":"Art\u00edculo de merchandising Bolsa para botellas reciclada con certificado GRS \"Byron\". Fabricada en poli\u00e9ster reciclado con certificado GRS repelente al agua, la bolsa para botellas \"Byron\" se sujeta de forma segura a tu cantimplora o vaso favorito para que tengas lo esencial a mano mientras mantienes la hidrataci\u00f3n. Con un fuerte cierre de velcro y una cinta el\u00e1stica con agarres antideslizantes, se sujeta con firmeza a tu recipiente. El compartimento principal con cremallera permite guardar de forma segura los objetos de valor, incluidos la mayor\u00eda de los smartphones, mientras que el bolsillo frontal ofrece un acceso r\u00e1pido a objetos m\u00e1s peque\u00f1os, como tarjetas bancarias, el DNI o las llaves. Ideal para el gimnasio o las aventuras al aire libre, la bolsa \"Byron\" libera tus bolsillos y facilita la organizaci\u00f3n. Tiene materiales m\u00e1s sostenibles.","og_url":"https:\/\/adl-regalosempresa.com\/tiendaonline\/articulos\/merchandising\/bolsa-para-botellas-reciclada-con-certificado-grs-para-personalizar-con-logo\/","og_site_name":"ADL Comunicaci\u00f3n","article_modified_time":"2026-04-19T06:47:05+00:00","og_image":[{"width":1600,"height":1600,"url":"https:\/\/adl-regalosempresa.com\/tiendaonline\/wp-content\/uploads\/2026\/04\/13013507.jpg","type":"image\/jpeg"}],"twitter_card":"summary_large_image","twitter_title":"Merchandising Bolsa para botellas reciclada con certificado GRS para personalizar con logo - ADL","twitter_misc":{"Tiempo de lectura":"1 minuto"},"schema":{"@context":"https:\/\/schema.org","@graph":[{"@type":"WebPage","@id":"https:\/\/adl-regalosempresa.com\/tiendaonline\/articulos\/merchandising\/bolsa-para-botellas-reciclada-con-certificado-grs-para-personalizar-con-logo\/","url":"https:\/\/adl-regalosempresa.com\/tiendaonline\/articulos\/merchandising\/bolsa-para-botellas-reciclada-con-certificado-grs-para-personalizar-con-logo\/","name":"Merchandising Bolsa para botellas reciclada con certificado GRS para personalizar con logo - ADL","isPartOf":{"@id":"https:\/\/adl-regalosempresa.com\/tiendaonline\/#website"},"primaryImageOfPage":{"@id":"https:\/\/adl-regalosempresa.com\/tiendaonline\/articulos\/merchandising\/bolsa-para-botellas-reciclada-con-certificado-grs-para-personalizar-con-logo\/#primaryimage"},"image":{"@id":"https:\/\/adl-regalosempresa.com\/tiendaonline\/articulos\/merchandising\/bolsa-para-botellas-reciclada-con-certificado-grs-para-personalizar-con-logo\/#primaryimage"},"thumbnailUrl":"https:\/\/adl-regalosempresa.com\/tiendaonline\/wp-content\/uploads\/2026\/04\/13013507.jpg","datePublished":"2026-04-15T04:51:45+00:00","dateModified":"2026-04-19T06:47:05+00:00","description":"Art\u00edculo de merchandising Bolsa para botellas reciclada con certificado GRS \"Byron\". Fabricada en poli\u00e9ster reciclado con certificado GRS repelente al agua, la bolsa para botellas \"Byron\" se sujeta de forma segura a tu cantimplora o vaso favorito para que tengas lo esencial a mano mientras mantienes la hidrataci\u00f3n. Con un fuerte cierre de velcro y una cinta el\u00e1stica con agarres antideslizantes, se sujeta con firmeza a tu recipiente. El compartimento principal con cremallera permite guardar de forma segura los objetos de valor, incluidos la mayor\u00eda de los smartphones, mientras que el bolsillo frontal ofrece un acceso r\u00e1pido a objetos m\u00e1s peque\u00f1os, como tarjetas bancarias, el DNI o las llaves. Ideal para el gimnasio o las aventuras al aire libre, la bolsa \"Byron\" libera tus bolsillos y facilita la organizaci\u00f3n. Tiene materiales m\u00e1s sostenibles.","breadcrumb":{"@id":"https:\/\/adl-regalosempresa.com\/tiendaonline\/articulos\/merchandising\/bolsa-para-botellas-reciclada-con-certificado-grs-para-personalizar-con-logo\/#breadcrumb"},"inLanguage":"es","potentialAction":[{"@type":"ReadAction","target":["https:\/\/adl-regalosempresa.com\/tiendaonline\/articulos\/merchandising\/bolsa-para-botellas-reciclada-con-certificado-grs-para-personalizar-con-logo\/"]}]},{"@type":"ImageObject","inLanguage":"es","@id":"https:\/\/adl-regalosempresa.com\/tiendaonline\/articulos\/merchandising\/bolsa-para-botellas-reciclada-con-certificado-grs-para-personalizar-con-logo\/#primaryimage","url":"https:\/\/adl-regalosempresa.com\/tiendaonline\/wp-content\/uploads\/2026\/04\/13013507.jpg","contentUrl":"https:\/\/adl-regalosempresa.com\/tiendaonline\/wp-content\/uploads\/2026\/04\/13013507.jpg","width":1600,"height":1600,"caption":"Bolsa para botellas reciclada con certificado GRS \"Byron\""},{"@type":"BreadcrumbList","@id":"https:\/\/adl-regalosempresa.com\/tiendaonline\/articulos\/merchandising\/bolsa-para-botellas-reciclada-con-certificado-grs-para-personalizar-con-logo\/#breadcrumb","itemListElement":[{"@type":"ListItem","position":1,"name":"Portada","item":"https:\/\/adl-regalosempresa.com\/tiendaonline\/"},{"@type":"ListItem","position":2,"name":"Tienda","item":"https:\/\/adl-regalosempresa.com\/tiendaonline\/tienda\/"},{"@type":"ListItem","position":3,"name":"Bolsa para botellas reciclada con certificado GRS para personalizar con logo"}]},{"@type":"WebSite","@id":"https:\/\/adl-regalosempresa.com\/tiendaonline\/#website","url":"https:\/\/adl-regalosempresa.com\/tiendaonline\/","name":"ADL Comunicaci\u00f3n","description":"Regalos de empresa","publisher":{"@id":"https:\/\/adl-regalosempresa.com\/tiendaonline\/#organization"},"potentialAction":[{"@type":"SearchAction","target":{"@type":"EntryPoint","urlTemplate":"https:\/\/adl-regalosempresa.com\/tiendaonline\/?s={search_term_string}"},"query-input":{"@type":"PropertyValueSpecification","valueRequired":true,"valueName":"search_term_string"}}],"inLanguage":"es"},{"@type":"Organization","@id":"https:\/\/adl-regalosempresa.com\/tiendaonline\/#organization","name":"ADL Comunicaci\u00f3n","url":"https:\/\/adl-regalosempresa.com\/tiendaonline\/","logo":{"@type":"ImageObject","inLanguage":"es","@id":"https:\/\/adl-regalosempresa.com\/tiendaonline\/#\/schema\/logo\/image\/","url":"https:\/\/adl-regalosempresa.com\/tiendaonline\/wp-content\/uploads\/2017\/09\/logo-adl-wp.png","contentUrl":"https:\/\/adl-regalosempresa.com\/tiendaonline\/wp-content\/uploads\/2017\/09\/logo-adl-wp.png","width":407,"height":185,"caption":"ADL Comunicaci\u00f3n"},"image":{"@id":"https:\/\/adl-regalosempresa.com\/tiendaonline\/#\/schema\/logo\/image\/"}}]}},"_links":{"self":[{"href":"https:\/\/adl-regalosempresa.com\/tiendaonline\/wp-json\/wp\/v2\/product\/148590","targetHints":{"allow":["GET"]}}],"collection":[{"href":"https:\/\/adl-regalosempresa.com\/tiendaonline\/wp-json\/wp\/v2\/product"}],"about":[{"href":"https:\/\/adl-regalosempresa.com\/tiendaonline\/wp-json\/wp\/v2\/types\/product"}],"wp:featuredmedia":[{"embeddable":true,"href":"https:\/\/adl-regalosempresa.com\/tiendaonline\/wp-json\/wp\/v2\/media\/148592"}],"wp:attachment":[{"href":"https:\/\/adl-regalosempresa.com\/tiendaonline\/wp-json\/wp\/v2\/media?parent=148590"}],"wp:term":[{"taxonomy":"product_brand","embeddable":true,"href":"https:\/\/adl-regalosempresa.com\/tiendaonline\/wp-json\/wp\/v2\/product_brand?post=148590"},{"taxonomy":"product_cat","embeddable":true,"href":"https:\/\/adl-regalosempresa.com\/tiendaonline\/wp-json\/wp\/v2\/product_cat?post=148590"},{"taxonomy":"product_tag","embeddable":true,"href":"https:\/\/adl-regalosempresa.com\/tiendaonline\/wp-json\/wp\/v2\/product_tag?post=148590"}],"curies":[{"name":"wp","href":"https:\/\/api.w.org\/{rel}","templated":true}]}}