{"id":148452,"date":"2026-04-15T06:13:24","date_gmt":"2026-04-15T06:13:24","guid":{"rendered":"https:\/\/adl-regalosempresa.com\/tiendaonline\/articulos\/merchandising\/reposamunecas-para-teclado-de-sublimacion-para-personalizar-con-logo\/"},"modified":"2026-04-15T06:14:07","modified_gmt":"2026-04-15T06:14:07","slug":"reposamunecas-para-teclado-de-sublimacion-para-personalizar-con-logo","status":"publish","type":"product","link":"https:\/\/adl-regalosempresa.com\/tiendaonline\/articulos\/merchandising\/reposamunecas-para-teclado-de-sublimacion-para-personalizar-con-logo\/","title":{"rendered":"Reposamu\u00f1ecas para teclado de sublimaci\u00f3n  para personalizar con logo"},"content":{"rendered":"<p>El reposamu\u00f1ecas para teclado \u00abMina\u00bb de sublimaci\u00f3n, fabricado en microfibra de PET reciclado, es un pr\u00e1ctico accesorio de escritorio ideal para oficinas o escuelas. Su superficie lisa y su tejido suave proporcionan un c\u00f3modo uso diario. Flexible, ligera y f\u00e1cil de guardar, la suave superficie acolchada favorece una posici\u00f3n m\u00e1s natural de la mu\u00f1eca junto con un soporte para ayudar a reducir la tensi\u00f3n durante las largas horas de trabajo. Fabricada en Europa.<\/p>\n","protected":false},"excerpt":{"rendered":"<p><strong>Descuentos por cantidades<\/strong><br \/>&#8211; a partir de 100 unidades: 7,36 \u20ac\/ud<br \/>&#8211; a partir de 250 unidades: 7,06 \u20ac\/ud<br \/>&#8211; a partir de 500 unidades: 6,89 \u20ac\/ud<\/p>\n<p>Para cantidades superiores a las aqu\u00ed indicadas, no dudes en ponerte en contacto con nuestro departamento comercial o <a href='https:\/\/adl-regalosempresa.com\/tiendaonline\/solicitud-presupuesto\/'>pedirnos presupuesto personalizado<\/a>, ajustaremos el presupuesto a tus necesidades.<\/p>\n","protected":false},"featured_media":148454,"template":"","meta":{"_kad_post_transparent":"","_kad_post_title":"","_kad_post_layout":"","_kad_post_sidebar_id":"","_kad_post_content_style":"","_kad_post_vertical_padding":"","_kad_post_feature":"","_kad_post_feature_position":"","_kad_post_header":false,"_kad_post_footer":false,"_kad_post_classname":""},"product_brand":[],"product_cat":[5080,486],"product_tag":[],"class_list":{"0":"post-148452","1":"product","2":"type-product","3":"status-publish","4":"has-post-thumbnail","6":"product_cat-accesorios-de-ordenador","7":"product_cat-tecnologia","8":"pa_alto-9-cm","9":"pa_color-blanco","10":"pa_color-simple-blanco","11":"pa_largo-46-cm","12":"pa_marca-unbranded","13":"pa_material-90-poliester-reciclado-10-poliamida","14":"pa_peso-533-gr","16":"first","17":"instock","18":"taxable","19":"shipping-taxable","20":"purchasable","21":"product-type-variable","22":"entry","23":"content-bg","24":"loop-entry"},"yoast_head":"<!-- This site is optimized with the Yoast SEO plugin v26.3 - https:\/\/yoast.com\/wordpress\/plugins\/seo\/ -->\n<title>Merchandising Reposamu\u00f1ecas para teclado de sublimaci\u00f3n para personalizar con logo - ADL<\/title>\n<meta name=\"description\" content=\"Art\u00edculo de merchandising Reposamu\u00f1ecas para teclado de sublimaci\u00f3n &quot;Mina&quot;. El reposamu\u00f1ecas para teclado &quot;Mina&quot; de sublimaci\u00f3n, fabricado en microfibra de PET reciclado, es un pr\u00e1ctico accesorio de escritorio ideal para oficinas o escuelas. Su superficie lisa y su tejido suave proporcionan un c\u00f3modo uso diario. Flexible, ligera y f\u00e1cil de guardar, la suave superficie acolchada favorece una posici\u00f3n m\u00e1s natural de la mu\u00f1eca junto con un soporte para ayudar a reducir la tensi\u00f3n durante las largas horas de trabajo. Fabricada en Europa.\" \/>\n<meta name=\"robots\" content=\"index, follow, max-snippet:-1, max-image-preview:large, max-video-preview:-1\" \/>\n<link rel=\"canonical\" href=\"https:\/\/adl-regalosempresa.com\/tiendaonline\/articulos\/merchandising\/reposamunecas-para-teclado-de-sublimacion-para-personalizar-con-logo\/\" \/>\n<meta property=\"og:locale\" content=\"es_ES\" \/>\n<meta property=\"og:type\" content=\"article\" \/>\n<meta property=\"og:title\" content=\"Merchandising Reposamu\u00f1ecas para teclado de sublimaci\u00f3n para personalizar con logo - ADL\" \/>\n<meta property=\"og:description\" content=\"Art\u00edculo de merchandising Reposamu\u00f1ecas para teclado de sublimaci\u00f3n &quot;Mina&quot;. El reposamu\u00f1ecas para teclado &quot;Mina&quot; de sublimaci\u00f3n, fabricado en microfibra de PET reciclado, es un pr\u00e1ctico accesorio de escritorio ideal para oficinas o escuelas. Su superficie lisa y su tejido suave proporcionan un c\u00f3modo uso diario. Flexible, ligera y f\u00e1cil de guardar, la suave superficie acolchada favorece una posici\u00f3n m\u00e1s natural de la mu\u00f1eca junto con un soporte para ayudar a reducir la tensi\u00f3n durante las largas horas de trabajo. Fabricada en Europa.\" \/>\n<meta property=\"og:url\" content=\"https:\/\/adl-regalosempresa.com\/tiendaonline\/articulos\/merchandising\/reposamunecas-para-teclado-de-sublimacion-para-personalizar-con-logo\/\" \/>\n<meta property=\"og:site_name\" content=\"ADL Comunicaci\u00f3n\" \/>\n<meta property=\"article:modified_time\" content=\"2026-04-15T06:14:07+00:00\" \/>\n<meta property=\"og:image\" content=\"https:\/\/adl-regalosempresa.com\/tiendaonline\/wp-content\/uploads\/2026\/04\/1PL10801.jpg\" \/>\n\t<meta property=\"og:image:width\" content=\"1600\" \/>\n\t<meta property=\"og:image:height\" content=\"1600\" \/>\n\t<meta property=\"og:image:type\" content=\"image\/jpeg\" \/>\n<meta name=\"twitter:card\" content=\"summary_large_image\" \/>\n<meta name=\"twitter:title\" content=\"Merchandising Reposamu\u00f1ecas para teclado de sublimaci\u00f3n para personalizar con logo - ADL\" \/>\n<script type=\"application\/ld+json\" class=\"yoast-schema-graph\">{\"@context\":\"https:\/\/schema.org\",\"@graph\":[{\"@type\":\"WebPage\",\"@id\":\"https:\/\/adl-regalosempresa.com\/tiendaonline\/articulos\/merchandising\/reposamunecas-para-teclado-de-sublimacion-para-personalizar-con-logo\/\",\"url\":\"https:\/\/adl-regalosempresa.com\/tiendaonline\/articulos\/merchandising\/reposamunecas-para-teclado-de-sublimacion-para-personalizar-con-logo\/\",\"name\":\"Merchandising Reposamu\u00f1ecas para teclado de sublimaci\u00f3n para personalizar con logo - ADL\",\"isPartOf\":{\"@id\":\"https:\/\/adl-regalosempresa.com\/tiendaonline\/#website\"},\"primaryImageOfPage\":{\"@id\":\"https:\/\/adl-regalosempresa.com\/tiendaonline\/articulos\/merchandising\/reposamunecas-para-teclado-de-sublimacion-para-personalizar-con-logo\/#primaryimage\"},\"image\":{\"@id\":\"https:\/\/adl-regalosempresa.com\/tiendaonline\/articulos\/merchandising\/reposamunecas-para-teclado-de-sublimacion-para-personalizar-con-logo\/#primaryimage\"},\"thumbnailUrl\":\"https:\/\/adl-regalosempresa.com\/tiendaonline\/wp-content\/uploads\/2026\/04\/1PL10801.jpg\",\"datePublished\":\"2026-04-15T06:13:24+00:00\",\"dateModified\":\"2026-04-15T06:14:07+00:00\",\"description\":\"Art\u00edculo de merchandising Reposamu\u00f1ecas para teclado de sublimaci\u00f3n \\\"Mina\\\". El reposamu\u00f1ecas para teclado \\\"Mina\\\" de sublimaci\u00f3n, fabricado en microfibra de PET reciclado, es un pr\u00e1ctico accesorio de escritorio ideal para oficinas o escuelas. Su superficie lisa y su tejido suave proporcionan un c\u00f3modo uso diario. Flexible, ligera y f\u00e1cil de guardar, la suave superficie acolchada favorece una posici\u00f3n m\u00e1s natural de la mu\u00f1eca junto con un soporte para ayudar a reducir la tensi\u00f3n durante las largas horas de trabajo. Fabricada en Europa.\",\"breadcrumb\":{\"@id\":\"https:\/\/adl-regalosempresa.com\/tiendaonline\/articulos\/merchandising\/reposamunecas-para-teclado-de-sublimacion-para-personalizar-con-logo\/#breadcrumb\"},\"inLanguage\":\"es\",\"potentialAction\":[{\"@type\":\"ReadAction\",\"target\":[\"https:\/\/adl-regalosempresa.com\/tiendaonline\/articulos\/merchandising\/reposamunecas-para-teclado-de-sublimacion-para-personalizar-con-logo\/\"]}]},{\"@type\":\"ImageObject\",\"inLanguage\":\"es\",\"@id\":\"https:\/\/adl-regalosempresa.com\/tiendaonline\/articulos\/merchandising\/reposamunecas-para-teclado-de-sublimacion-para-personalizar-con-logo\/#primaryimage\",\"url\":\"https:\/\/adl-regalosempresa.com\/tiendaonline\/wp-content\/uploads\/2026\/04\/1PL10801.jpg\",\"contentUrl\":\"https:\/\/adl-regalosempresa.com\/tiendaonline\/wp-content\/uploads\/2026\/04\/1PL10801.jpg\",\"width\":1600,\"height\":1600,\"caption\":\"Reposamu\u00f1ecas para teclado de sublimaci\u00f3n \\\"Mina\\\"\"},{\"@type\":\"BreadcrumbList\",\"@id\":\"https:\/\/adl-regalosempresa.com\/tiendaonline\/articulos\/merchandising\/reposamunecas-para-teclado-de-sublimacion-para-personalizar-con-logo\/#breadcrumb\",\"itemListElement\":[{\"@type\":\"ListItem\",\"position\":1,\"name\":\"Portada\",\"item\":\"https:\/\/adl-regalosempresa.com\/tiendaonline\/\"},{\"@type\":\"ListItem\",\"position\":2,\"name\":\"Tienda\",\"item\":\"https:\/\/adl-regalosempresa.com\/tiendaonline\/tienda\/\"},{\"@type\":\"ListItem\",\"position\":3,\"name\":\"Reposamu\u00f1ecas para teclado de sublimaci\u00f3n para personalizar con logo\"}]},{\"@type\":\"WebSite\",\"@id\":\"https:\/\/adl-regalosempresa.com\/tiendaonline\/#website\",\"url\":\"https:\/\/adl-regalosempresa.com\/tiendaonline\/\",\"name\":\"ADL Comunicaci\u00f3n\",\"description\":\"Regalos de empresa\",\"publisher\":{\"@id\":\"https:\/\/adl-regalosempresa.com\/tiendaonline\/#organization\"},\"potentialAction\":[{\"@type\":\"SearchAction\",\"target\":{\"@type\":\"EntryPoint\",\"urlTemplate\":\"https:\/\/adl-regalosempresa.com\/tiendaonline\/?s={search_term_string}\"},\"query-input\":{\"@type\":\"PropertyValueSpecification\",\"valueRequired\":true,\"valueName\":\"search_term_string\"}}],\"inLanguage\":\"es\"},{\"@type\":\"Organization\",\"@id\":\"https:\/\/adl-regalosempresa.com\/tiendaonline\/#organization\",\"name\":\"ADL Comunicaci\u00f3n\",\"url\":\"https:\/\/adl-regalosempresa.com\/tiendaonline\/\",\"logo\":{\"@type\":\"ImageObject\",\"inLanguage\":\"es\",\"@id\":\"https:\/\/adl-regalosempresa.com\/tiendaonline\/#\/schema\/logo\/image\/\",\"url\":\"https:\/\/adl-regalosempresa.com\/tiendaonline\/wp-content\/uploads\/2017\/09\/logo-adl-wp.png\",\"contentUrl\":\"https:\/\/adl-regalosempresa.com\/tiendaonline\/wp-content\/uploads\/2017\/09\/logo-adl-wp.png\",\"width\":407,\"height\":185,\"caption\":\"ADL Comunicaci\u00f3n\"},\"image\":{\"@id\":\"https:\/\/adl-regalosempresa.com\/tiendaonline\/#\/schema\/logo\/image\/\"}}]}<\/script>\n<!-- \/ Yoast SEO plugin. -->","yoast_head_json":{"title":"Merchandising Reposamu\u00f1ecas para teclado de sublimaci\u00f3n para personalizar con logo - ADL","description":"Art\u00edculo de merchandising Reposamu\u00f1ecas para teclado de sublimaci\u00f3n \"Mina\". El reposamu\u00f1ecas para teclado \"Mina\" de sublimaci\u00f3n, fabricado en microfibra de PET reciclado, es un pr\u00e1ctico accesorio de escritorio ideal para oficinas o escuelas. Su superficie lisa y su tejido suave proporcionan un c\u00f3modo uso diario. Flexible, ligera y f\u00e1cil de guardar, la suave superficie acolchada favorece una posici\u00f3n m\u00e1s natural de la mu\u00f1eca junto con un soporte para ayudar a reducir la tensi\u00f3n durante las largas horas de trabajo. Fabricada en Europa.","robots":{"index":"index","follow":"follow","max-snippet":"max-snippet:-1","max-image-preview":"max-image-preview:large","max-video-preview":"max-video-preview:-1"},"canonical":"https:\/\/adl-regalosempresa.com\/tiendaonline\/articulos\/merchandising\/reposamunecas-para-teclado-de-sublimacion-para-personalizar-con-logo\/","og_locale":"es_ES","og_type":"article","og_title":"Merchandising Reposamu\u00f1ecas para teclado de sublimaci\u00f3n para personalizar con logo - ADL","og_description":"Art\u00edculo de merchandising Reposamu\u00f1ecas para teclado de sublimaci\u00f3n \"Mina\". El reposamu\u00f1ecas para teclado \"Mina\" de sublimaci\u00f3n, fabricado en microfibra de PET reciclado, es un pr\u00e1ctico accesorio de escritorio ideal para oficinas o escuelas. Su superficie lisa y su tejido suave proporcionan un c\u00f3modo uso diario. Flexible, ligera y f\u00e1cil de guardar, la suave superficie acolchada favorece una posici\u00f3n m\u00e1s natural de la mu\u00f1eca junto con un soporte para ayudar a reducir la tensi\u00f3n durante las largas horas de trabajo. Fabricada en Europa.","og_url":"https:\/\/adl-regalosempresa.com\/tiendaonline\/articulos\/merchandising\/reposamunecas-para-teclado-de-sublimacion-para-personalizar-con-logo\/","og_site_name":"ADL Comunicaci\u00f3n","article_modified_time":"2026-04-15T06:14:07+00:00","og_image":[{"width":1600,"height":1600,"url":"https:\/\/adl-regalosempresa.com\/tiendaonline\/wp-content\/uploads\/2026\/04\/1PL10801.jpg","type":"image\/jpeg"}],"twitter_card":"summary_large_image","twitter_title":"Merchandising Reposamu\u00f1ecas para teclado de sublimaci\u00f3n para personalizar con logo - ADL","schema":{"@context":"https:\/\/schema.org","@graph":[{"@type":"WebPage","@id":"https:\/\/adl-regalosempresa.com\/tiendaonline\/articulos\/merchandising\/reposamunecas-para-teclado-de-sublimacion-para-personalizar-con-logo\/","url":"https:\/\/adl-regalosempresa.com\/tiendaonline\/articulos\/merchandising\/reposamunecas-para-teclado-de-sublimacion-para-personalizar-con-logo\/","name":"Merchandising Reposamu\u00f1ecas para teclado de sublimaci\u00f3n para personalizar con logo - ADL","isPartOf":{"@id":"https:\/\/adl-regalosempresa.com\/tiendaonline\/#website"},"primaryImageOfPage":{"@id":"https:\/\/adl-regalosempresa.com\/tiendaonline\/articulos\/merchandising\/reposamunecas-para-teclado-de-sublimacion-para-personalizar-con-logo\/#primaryimage"},"image":{"@id":"https:\/\/adl-regalosempresa.com\/tiendaonline\/articulos\/merchandising\/reposamunecas-para-teclado-de-sublimacion-para-personalizar-con-logo\/#primaryimage"},"thumbnailUrl":"https:\/\/adl-regalosempresa.com\/tiendaonline\/wp-content\/uploads\/2026\/04\/1PL10801.jpg","datePublished":"2026-04-15T06:13:24+00:00","dateModified":"2026-04-15T06:14:07+00:00","description":"Art\u00edculo de merchandising Reposamu\u00f1ecas para teclado de sublimaci\u00f3n \"Mina\". El reposamu\u00f1ecas para teclado \"Mina\" de sublimaci\u00f3n, fabricado en microfibra de PET reciclado, es un pr\u00e1ctico accesorio de escritorio ideal para oficinas o escuelas. Su superficie lisa y su tejido suave proporcionan un c\u00f3modo uso diario. Flexible, ligera y f\u00e1cil de guardar, la suave superficie acolchada favorece una posici\u00f3n m\u00e1s natural de la mu\u00f1eca junto con un soporte para ayudar a reducir la tensi\u00f3n durante las largas horas de trabajo. Fabricada en Europa.","breadcrumb":{"@id":"https:\/\/adl-regalosempresa.com\/tiendaonline\/articulos\/merchandising\/reposamunecas-para-teclado-de-sublimacion-para-personalizar-con-logo\/#breadcrumb"},"inLanguage":"es","potentialAction":[{"@type":"ReadAction","target":["https:\/\/adl-regalosempresa.com\/tiendaonline\/articulos\/merchandising\/reposamunecas-para-teclado-de-sublimacion-para-personalizar-con-logo\/"]}]},{"@type":"ImageObject","inLanguage":"es","@id":"https:\/\/adl-regalosempresa.com\/tiendaonline\/articulos\/merchandising\/reposamunecas-para-teclado-de-sublimacion-para-personalizar-con-logo\/#primaryimage","url":"https:\/\/adl-regalosempresa.com\/tiendaonline\/wp-content\/uploads\/2026\/04\/1PL10801.jpg","contentUrl":"https:\/\/adl-regalosempresa.com\/tiendaonline\/wp-content\/uploads\/2026\/04\/1PL10801.jpg","width":1600,"height":1600,"caption":"Reposamu\u00f1ecas para teclado de sublimaci\u00f3n \"Mina\""},{"@type":"BreadcrumbList","@id":"https:\/\/adl-regalosempresa.com\/tiendaonline\/articulos\/merchandising\/reposamunecas-para-teclado-de-sublimacion-para-personalizar-con-logo\/#breadcrumb","itemListElement":[{"@type":"ListItem","position":1,"name":"Portada","item":"https:\/\/adl-regalosempresa.com\/tiendaonline\/"},{"@type":"ListItem","position":2,"name":"Tienda","item":"https:\/\/adl-regalosempresa.com\/tiendaonline\/tienda\/"},{"@type":"ListItem","position":3,"name":"Reposamu\u00f1ecas para teclado de sublimaci\u00f3n para personalizar con logo"}]},{"@type":"WebSite","@id":"https:\/\/adl-regalosempresa.com\/tiendaonline\/#website","url":"https:\/\/adl-regalosempresa.com\/tiendaonline\/","name":"ADL Comunicaci\u00f3n","description":"Regalos de empresa","publisher":{"@id":"https:\/\/adl-regalosempresa.com\/tiendaonline\/#organization"},"potentialAction":[{"@type":"SearchAction","target":{"@type":"EntryPoint","urlTemplate":"https:\/\/adl-regalosempresa.com\/tiendaonline\/?s={search_term_string}"},"query-input":{"@type":"PropertyValueSpecification","valueRequired":true,"valueName":"search_term_string"}}],"inLanguage":"es"},{"@type":"Organization","@id":"https:\/\/adl-regalosempresa.com\/tiendaonline\/#organization","name":"ADL Comunicaci\u00f3n","url":"https:\/\/adl-regalosempresa.com\/tiendaonline\/","logo":{"@type":"ImageObject","inLanguage":"es","@id":"https:\/\/adl-regalosempresa.com\/tiendaonline\/#\/schema\/logo\/image\/","url":"https:\/\/adl-regalosempresa.com\/tiendaonline\/wp-content\/uploads\/2017\/09\/logo-adl-wp.png","contentUrl":"https:\/\/adl-regalosempresa.com\/tiendaonline\/wp-content\/uploads\/2017\/09\/logo-adl-wp.png","width":407,"height":185,"caption":"ADL Comunicaci\u00f3n"},"image":{"@id":"https:\/\/adl-regalosempresa.com\/tiendaonline\/#\/schema\/logo\/image\/"}}]}},"_links":{"self":[{"href":"https:\/\/adl-regalosempresa.com\/tiendaonline\/wp-json\/wp\/v2\/product\/148452","targetHints":{"allow":["GET"]}}],"collection":[{"href":"https:\/\/adl-regalosempresa.com\/tiendaonline\/wp-json\/wp\/v2\/product"}],"about":[{"href":"https:\/\/adl-regalosempresa.com\/tiendaonline\/wp-json\/wp\/v2\/types\/product"}],"wp:featuredmedia":[{"embeddable":true,"href":"https:\/\/adl-regalosempresa.com\/tiendaonline\/wp-json\/wp\/v2\/media\/148454"}],"wp:attachment":[{"href":"https:\/\/adl-regalosempresa.com\/tiendaonline\/wp-json\/wp\/v2\/media?parent=148452"}],"wp:term":[{"taxonomy":"product_brand","embeddable":true,"href":"https:\/\/adl-regalosempresa.com\/tiendaonline\/wp-json\/wp\/v2\/product_brand?post=148452"},{"taxonomy":"product_cat","embeddable":true,"href":"https:\/\/adl-regalosempresa.com\/tiendaonline\/wp-json\/wp\/v2\/product_cat?post=148452"},{"taxonomy":"product_tag","embeddable":true,"href":"https:\/\/adl-regalosempresa.com\/tiendaonline\/wp-json\/wp\/v2\/product_tag?post=148452"}],"curies":[{"name":"wp","href":"https:\/\/api.w.org\/{rel}","templated":true}]}}