{"id":148443,"date":"2026-04-19T06:17:29","date_gmt":"2026-04-19T06:17:29","guid":{"rendered":"https:\/\/adl-regalosempresa.com\/tiendaonline\/articulos\/merchandising\/paraguas-urbano-para-personalizar-con-logo-3\/"},"modified":"2026-04-19T06:18:07","modified_gmt":"2026-04-19T06:18:07","slug":"paraguas-urbano-para-personalizar-con-logo-3","status":"publish","type":"product","link":"https:\/\/adl-regalosempresa.com\/tiendaonline\/articulos\/merchandising\/paraguas-urbano-para-personalizar-con-logo-3\/","title":{"rendered":"Paraguas urbano  para personalizar con logo"},"content":{"rendered":"<p>Enfr\u00e9ntate a los elementos con el paraguas urbano \u00abDeluge Golf\u00bb, dise\u00f1ado para combinar estilo y protecci\u00f3n. Su mecanismo de apertura autom\u00e1tica proporciona una protecci\u00f3n instant\u00e1nea, mientras que el duradero armaz\u00f3n de fibra de vidrio, el eje met\u00e1lico y las puntas reforzadas ofrecen una resistencia excepcional. El mango recto de EVA garantiza un agarre c\u00f3modo y seguro en todas las condiciones. Fabricado en poli\u00e9ster reciclado 100\u00a0%, este paraguas de generosas dimensiones mide 130 cm de di\u00e1metro y 99 cm de altura, por lo que ofrece una excelente protecci\u00f3n con un dise\u00f1o m\u00e1s sostenible.<\/p>\n","protected":false},"excerpt":{"rendered":"<p><strong>Descuentos por cantidades<\/strong><br \/>&#8211; a partir de 50 unidades: 48,67 \u20ac\/ud<br \/>&#8211; a partir de 100 unidades: 44,25 \u20ac\/ud<br \/>&#8211; a partir de 250 unidades: 40,22 \u20ac\/ud<\/p>\n<p>Para cantidades superiores a las aqu\u00ed indicadas, no dudes en ponerte en contacto con nuestro departamento comercial o <a href='https:\/\/adl-regalosempresa.com\/tiendaonline\/solicitud-presupuesto\/'>pedirnos presupuesto personalizado<\/a>, ajustaremos el presupuesto a tus necesidades.<\/p>\n","protected":false},"featured_media":148445,"template":"","meta":{"_kad_post_transparent":"","_kad_post_title":"","_kad_post_layout":"","_kad_post_sidebar_id":"","_kad_post_content_style":"","_kad_post_vertical_padding":"","_kad_post_feature":"","_kad_post_feature_position":"","_kad_post_header":false,"_kad_post_footer":false,"_kad_post_classname":""},"product_brand":[],"product_cat":[3877,4610],"product_tag":[],"class_list":{"0":"post-148443","1":"product","2":"type-product","3":"status-publish","4":"has-post-thumbnail","6":"product_cat-paraguas","7":"product_cat-paraguas-de-golf","8":"pa_color-negro-intenso","9":"pa_color-simple-negro-intenso","10":"pa_diametro-130-cm","11":"pa_largo-99-cm","12":"pa_marca-citizen-green","13":"pa_material-poliester-pet-reciclado","14":"pa_peso-650-gr","16":"first","17":"instock","18":"taxable","19":"shipping-taxable","20":"purchasable","21":"product-type-variable","22":"entry","23":"content-bg","24":"loop-entry"},"yoast_head":"<!-- This site is optimized with the Yoast SEO plugin v26.3 - https:\/\/yoast.com\/wordpress\/plugins\/seo\/ -->\n<title>Merchandising Paraguas urbano para personalizar con logo - ADL<\/title>\n<meta name=\"description\" content=\"Art\u00edculo de merchandising Paraguas urbano &quot;Citizen Green Deluge Golf&quot;. Enfr\u00e9ntate a los elementos con el paraguas urbano &quot;Deluge Golf&quot;, dise\u00f1ado para combinar estilo y protecci\u00f3n. Su mecanismo de apertura autom\u00e1tica proporciona una protecci\u00f3n instant\u00e1nea, mientras que el duradero armaz\u00f3n de fibra de vidrio, el eje met\u00e1lico y las puntas reforzadas ofrecen una resistencia excepcional. El mango recto de EVA garantiza un agarre c\u00f3modo y seguro en todas las condiciones. Fabricado en poli\u00e9ster reciclado 100\u00a0%, este paraguas de generosas dimensiones mide 130 cm de di\u00e1metro y 99 cm de altura, por lo que ofrece una excelente protecci\u00f3n con un dise\u00f1o m\u00e1s sostenible.\" \/>\n<meta name=\"robots\" content=\"index, follow, max-snippet:-1, max-image-preview:large, max-video-preview:-1\" \/>\n<link rel=\"canonical\" href=\"https:\/\/adl-regalosempresa.com\/tiendaonline\/articulos\/merchandising\/paraguas-urbano-para-personalizar-con-logo-3\/\" \/>\n<meta property=\"og:locale\" content=\"es_ES\" \/>\n<meta property=\"og:type\" content=\"article\" \/>\n<meta property=\"og:title\" content=\"Merchandising Paraguas urbano para personalizar con logo - ADL\" \/>\n<meta property=\"og:description\" content=\"Art\u00edculo de merchandising Paraguas urbano &quot;Citizen Green Deluge Golf&quot;. Enfr\u00e9ntate a los elementos con el paraguas urbano &quot;Deluge Golf&quot;, dise\u00f1ado para combinar estilo y protecci\u00f3n. Su mecanismo de apertura autom\u00e1tica proporciona una protecci\u00f3n instant\u00e1nea, mientras que el duradero armaz\u00f3n de fibra de vidrio, el eje met\u00e1lico y las puntas reforzadas ofrecen una resistencia excepcional. El mango recto de EVA garantiza un agarre c\u00f3modo y seguro en todas las condiciones. Fabricado en poli\u00e9ster reciclado 100\u00a0%, este paraguas de generosas dimensiones mide 130 cm de di\u00e1metro y 99 cm de altura, por lo que ofrece una excelente protecci\u00f3n con un dise\u00f1o m\u00e1s sostenible.\" \/>\n<meta property=\"og:url\" content=\"https:\/\/adl-regalosempresa.com\/tiendaonline\/articulos\/merchandising\/paraguas-urbano-para-personalizar-con-logo-3\/\" \/>\n<meta property=\"og:site_name\" content=\"ADL Comunicaci\u00f3n\" \/>\n<meta property=\"article:modified_time\" content=\"2026-04-19T06:18:07+00:00\" \/>\n<meta property=\"og:image\" content=\"https:\/\/adl-regalosempresa.com\/tiendaonline\/wp-content\/uploads\/2026\/04\/1PZ03890.jpg\" \/>\n\t<meta property=\"og:image:width\" content=\"1600\" \/>\n\t<meta property=\"og:image:height\" content=\"1600\" \/>\n\t<meta property=\"og:image:type\" content=\"image\/jpeg\" \/>\n<meta name=\"twitter:card\" content=\"summary_large_image\" \/>\n<meta name=\"twitter:title\" content=\"Merchandising Paraguas urbano para personalizar con logo - ADL\" \/>\n<meta name=\"twitter:label1\" content=\"Tiempo de lectura\" \/>\n\t<meta name=\"twitter:data1\" content=\"1 minuto\" \/>\n<script type=\"application\/ld+json\" class=\"yoast-schema-graph\">{\"@context\":\"https:\/\/schema.org\",\"@graph\":[{\"@type\":\"WebPage\",\"@id\":\"https:\/\/adl-regalosempresa.com\/tiendaonline\/articulos\/merchandising\/paraguas-urbano-para-personalizar-con-logo-3\/\",\"url\":\"https:\/\/adl-regalosempresa.com\/tiendaonline\/articulos\/merchandising\/paraguas-urbano-para-personalizar-con-logo-3\/\",\"name\":\"Merchandising Paraguas urbano para personalizar con logo - ADL\",\"isPartOf\":{\"@id\":\"https:\/\/adl-regalosempresa.com\/tiendaonline\/#website\"},\"primaryImageOfPage\":{\"@id\":\"https:\/\/adl-regalosempresa.com\/tiendaonline\/articulos\/merchandising\/paraguas-urbano-para-personalizar-con-logo-3\/#primaryimage\"},\"image\":{\"@id\":\"https:\/\/adl-regalosempresa.com\/tiendaonline\/articulos\/merchandising\/paraguas-urbano-para-personalizar-con-logo-3\/#primaryimage\"},\"thumbnailUrl\":\"https:\/\/adl-regalosempresa.com\/tiendaonline\/wp-content\/uploads\/2026\/04\/1PZ03890.jpg\",\"datePublished\":\"2026-04-19T06:17:29+00:00\",\"dateModified\":\"2026-04-19T06:18:07+00:00\",\"description\":\"Art\u00edculo de merchandising Paraguas urbano \\\"Citizen Green Deluge Golf\\\". Enfr\u00e9ntate a los elementos con el paraguas urbano \\\"Deluge Golf\\\", dise\u00f1ado para combinar estilo y protecci\u00f3n. Su mecanismo de apertura autom\u00e1tica proporciona una protecci\u00f3n instant\u00e1nea, mientras que el duradero armaz\u00f3n de fibra de vidrio, el eje met\u00e1lico y las puntas reforzadas ofrecen una resistencia excepcional. El mango recto de EVA garantiza un agarre c\u00f3modo y seguro en todas las condiciones. Fabricado en poli\u00e9ster reciclado 100\u00a0%, este paraguas de generosas dimensiones mide 130 cm de di\u00e1metro y 99 cm de altura, por lo que ofrece una excelente protecci\u00f3n con un dise\u00f1o m\u00e1s sostenible.\",\"breadcrumb\":{\"@id\":\"https:\/\/adl-regalosempresa.com\/tiendaonline\/articulos\/merchandising\/paraguas-urbano-para-personalizar-con-logo-3\/#breadcrumb\"},\"inLanguage\":\"es\",\"potentialAction\":[{\"@type\":\"ReadAction\",\"target\":[\"https:\/\/adl-regalosempresa.com\/tiendaonline\/articulos\/merchandising\/paraguas-urbano-para-personalizar-con-logo-3\/\"]}]},{\"@type\":\"ImageObject\",\"inLanguage\":\"es\",\"@id\":\"https:\/\/adl-regalosempresa.com\/tiendaonline\/articulos\/merchandising\/paraguas-urbano-para-personalizar-con-logo-3\/#primaryimage\",\"url\":\"https:\/\/adl-regalosempresa.com\/tiendaonline\/wp-content\/uploads\/2026\/04\/1PZ03890.jpg\",\"contentUrl\":\"https:\/\/adl-regalosempresa.com\/tiendaonline\/wp-content\/uploads\/2026\/04\/1PZ03890.jpg\",\"width\":1600,\"height\":1600,\"caption\":\"Paraguas urbano \\\"Citizen Green Deluge Golf\\\"\"},{\"@type\":\"BreadcrumbList\",\"@id\":\"https:\/\/adl-regalosempresa.com\/tiendaonline\/articulos\/merchandising\/paraguas-urbano-para-personalizar-con-logo-3\/#breadcrumb\",\"itemListElement\":[{\"@type\":\"ListItem\",\"position\":1,\"name\":\"Portada\",\"item\":\"https:\/\/adl-regalosempresa.com\/tiendaonline\/\"},{\"@type\":\"ListItem\",\"position\":2,\"name\":\"Tienda\",\"item\":\"https:\/\/adl-regalosempresa.com\/tiendaonline\/tienda\/\"},{\"@type\":\"ListItem\",\"position\":3,\"name\":\"Paraguas urbano para personalizar con logo\"}]},{\"@type\":\"WebSite\",\"@id\":\"https:\/\/adl-regalosempresa.com\/tiendaonline\/#website\",\"url\":\"https:\/\/adl-regalosempresa.com\/tiendaonline\/\",\"name\":\"ADL Comunicaci\u00f3n\",\"description\":\"Regalos de empresa\",\"publisher\":{\"@id\":\"https:\/\/adl-regalosempresa.com\/tiendaonline\/#organization\"},\"potentialAction\":[{\"@type\":\"SearchAction\",\"target\":{\"@type\":\"EntryPoint\",\"urlTemplate\":\"https:\/\/adl-regalosempresa.com\/tiendaonline\/?s={search_term_string}\"},\"query-input\":{\"@type\":\"PropertyValueSpecification\",\"valueRequired\":true,\"valueName\":\"search_term_string\"}}],\"inLanguage\":\"es\"},{\"@type\":\"Organization\",\"@id\":\"https:\/\/adl-regalosempresa.com\/tiendaonline\/#organization\",\"name\":\"ADL Comunicaci\u00f3n\",\"url\":\"https:\/\/adl-regalosempresa.com\/tiendaonline\/\",\"logo\":{\"@type\":\"ImageObject\",\"inLanguage\":\"es\",\"@id\":\"https:\/\/adl-regalosempresa.com\/tiendaonline\/#\/schema\/logo\/image\/\",\"url\":\"https:\/\/adl-regalosempresa.com\/tiendaonline\/wp-content\/uploads\/2017\/09\/logo-adl-wp.png\",\"contentUrl\":\"https:\/\/adl-regalosempresa.com\/tiendaonline\/wp-content\/uploads\/2017\/09\/logo-adl-wp.png\",\"width\":407,\"height\":185,\"caption\":\"ADL Comunicaci\u00f3n\"},\"image\":{\"@id\":\"https:\/\/adl-regalosempresa.com\/tiendaonline\/#\/schema\/logo\/image\/\"}}]}<\/script>\n<!-- \/ Yoast SEO plugin. -->","yoast_head_json":{"title":"Merchandising Paraguas urbano para personalizar con logo - ADL","description":"Art\u00edculo de merchandising Paraguas urbano \"Citizen Green Deluge Golf\". Enfr\u00e9ntate a los elementos con el paraguas urbano \"Deluge Golf\", dise\u00f1ado para combinar estilo y protecci\u00f3n. Su mecanismo de apertura autom\u00e1tica proporciona una protecci\u00f3n instant\u00e1nea, mientras que el duradero armaz\u00f3n de fibra de vidrio, el eje met\u00e1lico y las puntas reforzadas ofrecen una resistencia excepcional. El mango recto de EVA garantiza un agarre c\u00f3modo y seguro en todas las condiciones. Fabricado en poli\u00e9ster reciclado 100\u00a0%, este paraguas de generosas dimensiones mide 130 cm de di\u00e1metro y 99 cm de altura, por lo que ofrece una excelente protecci\u00f3n con un dise\u00f1o m\u00e1s sostenible.","robots":{"index":"index","follow":"follow","max-snippet":"max-snippet:-1","max-image-preview":"max-image-preview:large","max-video-preview":"max-video-preview:-1"},"canonical":"https:\/\/adl-regalosempresa.com\/tiendaonline\/articulos\/merchandising\/paraguas-urbano-para-personalizar-con-logo-3\/","og_locale":"es_ES","og_type":"article","og_title":"Merchandising Paraguas urbano para personalizar con logo - ADL","og_description":"Art\u00edculo de merchandising Paraguas urbano \"Citizen Green Deluge Golf\". Enfr\u00e9ntate a los elementos con el paraguas urbano \"Deluge Golf\", dise\u00f1ado para combinar estilo y protecci\u00f3n. Su mecanismo de apertura autom\u00e1tica proporciona una protecci\u00f3n instant\u00e1nea, mientras que el duradero armaz\u00f3n de fibra de vidrio, el eje met\u00e1lico y las puntas reforzadas ofrecen una resistencia excepcional. El mango recto de EVA garantiza un agarre c\u00f3modo y seguro en todas las condiciones. Fabricado en poli\u00e9ster reciclado 100\u00a0%, este paraguas de generosas dimensiones mide 130 cm de di\u00e1metro y 99 cm de altura, por lo que ofrece una excelente protecci\u00f3n con un dise\u00f1o m\u00e1s sostenible.","og_url":"https:\/\/adl-regalosempresa.com\/tiendaonline\/articulos\/merchandising\/paraguas-urbano-para-personalizar-con-logo-3\/","og_site_name":"ADL Comunicaci\u00f3n","article_modified_time":"2026-04-19T06:18:07+00:00","og_image":[{"width":1600,"height":1600,"url":"https:\/\/adl-regalosempresa.com\/tiendaonline\/wp-content\/uploads\/2026\/04\/1PZ03890.jpg","type":"image\/jpeg"}],"twitter_card":"summary_large_image","twitter_title":"Merchandising Paraguas urbano para personalizar con logo - ADL","twitter_misc":{"Tiempo de lectura":"1 minuto"},"schema":{"@context":"https:\/\/schema.org","@graph":[{"@type":"WebPage","@id":"https:\/\/adl-regalosempresa.com\/tiendaonline\/articulos\/merchandising\/paraguas-urbano-para-personalizar-con-logo-3\/","url":"https:\/\/adl-regalosempresa.com\/tiendaonline\/articulos\/merchandising\/paraguas-urbano-para-personalizar-con-logo-3\/","name":"Merchandising Paraguas urbano para personalizar con logo - ADL","isPartOf":{"@id":"https:\/\/adl-regalosempresa.com\/tiendaonline\/#website"},"primaryImageOfPage":{"@id":"https:\/\/adl-regalosempresa.com\/tiendaonline\/articulos\/merchandising\/paraguas-urbano-para-personalizar-con-logo-3\/#primaryimage"},"image":{"@id":"https:\/\/adl-regalosempresa.com\/tiendaonline\/articulos\/merchandising\/paraguas-urbano-para-personalizar-con-logo-3\/#primaryimage"},"thumbnailUrl":"https:\/\/adl-regalosempresa.com\/tiendaonline\/wp-content\/uploads\/2026\/04\/1PZ03890.jpg","datePublished":"2026-04-19T06:17:29+00:00","dateModified":"2026-04-19T06:18:07+00:00","description":"Art\u00edculo de merchandising Paraguas urbano \"Citizen Green Deluge Golf\". Enfr\u00e9ntate a los elementos con el paraguas urbano \"Deluge Golf\", dise\u00f1ado para combinar estilo y protecci\u00f3n. Su mecanismo de apertura autom\u00e1tica proporciona una protecci\u00f3n instant\u00e1nea, mientras que el duradero armaz\u00f3n de fibra de vidrio, el eje met\u00e1lico y las puntas reforzadas ofrecen una resistencia excepcional. El mango recto de EVA garantiza un agarre c\u00f3modo y seguro en todas las condiciones. Fabricado en poli\u00e9ster reciclado 100\u00a0%, este paraguas de generosas dimensiones mide 130 cm de di\u00e1metro y 99 cm de altura, por lo que ofrece una excelente protecci\u00f3n con un dise\u00f1o m\u00e1s sostenible.","breadcrumb":{"@id":"https:\/\/adl-regalosempresa.com\/tiendaonline\/articulos\/merchandising\/paraguas-urbano-para-personalizar-con-logo-3\/#breadcrumb"},"inLanguage":"es","potentialAction":[{"@type":"ReadAction","target":["https:\/\/adl-regalosempresa.com\/tiendaonline\/articulos\/merchandising\/paraguas-urbano-para-personalizar-con-logo-3\/"]}]},{"@type":"ImageObject","inLanguage":"es","@id":"https:\/\/adl-regalosempresa.com\/tiendaonline\/articulos\/merchandising\/paraguas-urbano-para-personalizar-con-logo-3\/#primaryimage","url":"https:\/\/adl-regalosempresa.com\/tiendaonline\/wp-content\/uploads\/2026\/04\/1PZ03890.jpg","contentUrl":"https:\/\/adl-regalosempresa.com\/tiendaonline\/wp-content\/uploads\/2026\/04\/1PZ03890.jpg","width":1600,"height":1600,"caption":"Paraguas urbano \"Citizen Green Deluge Golf\""},{"@type":"BreadcrumbList","@id":"https:\/\/adl-regalosempresa.com\/tiendaonline\/articulos\/merchandising\/paraguas-urbano-para-personalizar-con-logo-3\/#breadcrumb","itemListElement":[{"@type":"ListItem","position":1,"name":"Portada","item":"https:\/\/adl-regalosempresa.com\/tiendaonline\/"},{"@type":"ListItem","position":2,"name":"Tienda","item":"https:\/\/adl-regalosempresa.com\/tiendaonline\/tienda\/"},{"@type":"ListItem","position":3,"name":"Paraguas urbano para personalizar con logo"}]},{"@type":"WebSite","@id":"https:\/\/adl-regalosempresa.com\/tiendaonline\/#website","url":"https:\/\/adl-regalosempresa.com\/tiendaonline\/","name":"ADL Comunicaci\u00f3n","description":"Regalos de empresa","publisher":{"@id":"https:\/\/adl-regalosempresa.com\/tiendaonline\/#organization"},"potentialAction":[{"@type":"SearchAction","target":{"@type":"EntryPoint","urlTemplate":"https:\/\/adl-regalosempresa.com\/tiendaonline\/?s={search_term_string}"},"query-input":{"@type":"PropertyValueSpecification","valueRequired":true,"valueName":"search_term_string"}}],"inLanguage":"es"},{"@type":"Organization","@id":"https:\/\/adl-regalosempresa.com\/tiendaonline\/#organization","name":"ADL Comunicaci\u00f3n","url":"https:\/\/adl-regalosempresa.com\/tiendaonline\/","logo":{"@type":"ImageObject","inLanguage":"es","@id":"https:\/\/adl-regalosempresa.com\/tiendaonline\/#\/schema\/logo\/image\/","url":"https:\/\/adl-regalosempresa.com\/tiendaonline\/wp-content\/uploads\/2017\/09\/logo-adl-wp.png","contentUrl":"https:\/\/adl-regalosempresa.com\/tiendaonline\/wp-content\/uploads\/2017\/09\/logo-adl-wp.png","width":407,"height":185,"caption":"ADL Comunicaci\u00f3n"},"image":{"@id":"https:\/\/adl-regalosempresa.com\/tiendaonline\/#\/schema\/logo\/image\/"}}]}},"_links":{"self":[{"href":"https:\/\/adl-regalosempresa.com\/tiendaonline\/wp-json\/wp\/v2\/product\/148443","targetHints":{"allow":["GET"]}}],"collection":[{"href":"https:\/\/adl-regalosempresa.com\/tiendaonline\/wp-json\/wp\/v2\/product"}],"about":[{"href":"https:\/\/adl-regalosempresa.com\/tiendaonline\/wp-json\/wp\/v2\/types\/product"}],"wp:featuredmedia":[{"embeddable":true,"href":"https:\/\/adl-regalosempresa.com\/tiendaonline\/wp-json\/wp\/v2\/media\/148445"}],"wp:attachment":[{"href":"https:\/\/adl-regalosempresa.com\/tiendaonline\/wp-json\/wp\/v2\/media?parent=148443"}],"wp:term":[{"taxonomy":"product_brand","embeddable":true,"href":"https:\/\/adl-regalosempresa.com\/tiendaonline\/wp-json\/wp\/v2\/product_brand?post=148443"},{"taxonomy":"product_cat","embeddable":true,"href":"https:\/\/adl-regalosempresa.com\/tiendaonline\/wp-json\/wp\/v2\/product_cat?post=148443"},{"taxonomy":"product_tag","embeddable":true,"href":"https:\/\/adl-regalosempresa.com\/tiendaonline\/wp-json\/wp\/v2\/product_tag?post=148443"}],"curies":[{"name":"wp","href":"https:\/\/api.w.org\/{rel}","templated":true}]}}