{"id":148436,"date":"2026-04-19T06:16:59","date_gmt":"2026-04-19T06:16:59","guid":{"rendered":"https:\/\/adl-regalosempresa.com\/tiendaonline\/articulos\/merchandising\/paraguas-urbano-para-personalizar-con-logo-2\/"},"modified":"2026-04-21T08:20:22","modified_gmt":"2026-04-21T08:20:22","slug":"paraguas-urbano-para-personalizar-con-logo-2","status":"publish","type":"product","link":"https:\/\/adl-regalosempresa.com\/tiendaonline\/articulos\/merchandising\/paraguas-urbano-para-personalizar-con-logo-2\/","title":{"rendered":"Paraguas urbano  para personalizar con logo"},"content":{"rendered":"<p>El paraguas urbano \u00abElegant Golf\u00bb combina sofisticaci\u00f3n con practicidad para el d\u00eda a d\u00eda. Con un mecanismo de apertura autom\u00e1tica, se despliega al instante para protegerte de los elementos con un estilo sencillo. Su robusto armaz\u00f3n de fibra de vidrio, complementado con un robusto eje y puntas de metal, garantiza una gran durabilidad, mientras que el cl\u00e1sico mango de ca\u00f1a de madera a\u00f1ade un refinado toque final. Fabricado en Europa con poli\u00e9ster reciclado 100\u00a0%, el paraguas mide 110 cm de di\u00e1metro y 96 cm de altura, por lo que ofrece una protecci\u00f3n generosa con un estilo elegante y de primera calidad.<\/p>\n","protected":false},"excerpt":{"rendered":"<p><strong>Descuentos por cantidades<\/strong><br \/>&#8211; a partir de 50 unidades: 38,39 \u20ac\/ud<br \/>&#8211; a partir de 100 unidades: 34,9 \u20ac\/ud<br \/>&#8211; a partir de 250 unidades: 31,72 \u20ac\/ud<\/p>\n<p>Para cantidades superiores a las aqu\u00ed indicadas, no dudes en ponerte en contacto con nuestro departamento comercial o <a href='https:\/\/adl-regalosempresa.com\/tiendaonline\/solicitud-presupuesto\/'>pedirnos presupuesto personalizado<\/a>, ajustaremos el presupuesto a tus necesidades.<\/p>\n","protected":false},"featured_media":148438,"template":"","meta":{"_kad_post_transparent":"","_kad_post_title":"","_kad_post_layout":"","_kad_post_sidebar_id":"","_kad_post_content_style":"","_kad_post_vertical_padding":"","_kad_post_feature":"","_kad_post_feature_position":"","_kad_post_header":false,"_kad_post_footer":false,"_kad_post_classname":""},"product_brand":[],"product_cat":[3877,4610],"product_tag":[],"class_list":{"0":"post-148436","1":"product","2":"type-product","3":"status-publish","4":"has-post-thumbnail","6":"product_cat-paraguas","7":"product_cat-paraguas-de-golf","8":"pa_color-azul-marino","9":"pa_color-gris","10":"pa_color-negro-intenso","11":"pa_color-simple-azul","12":"pa_color-simple-gris","13":"pa_color-simple-negro-intenso","14":"pa_diametro-110-cm","15":"pa_largo-98-cm","16":"pa_marca-citizen-green","17":"pa_material-poliester-pet-reciclado","18":"pa_peso-4716-gr","20":"first","21":"instock","22":"taxable","23":"shipping-taxable","24":"purchasable","25":"product-type-variable","26":"entry","27":"content-bg","28":"loop-entry"},"yoast_head":"<!-- This site is optimized with the Yoast SEO plugin v26.3 - https:\/\/yoast.com\/wordpress\/plugins\/seo\/ -->\n<title>Merchandising Paraguas urbano para personalizar con logo - ADL<\/title>\n<meta name=\"description\" content=\"Art\u00edculo de merchandising Paraguas urbano &quot;Citizen Green Elegant Golf&quot;. El paraguas urbano &quot;Elegant Golf&quot; combina sofisticaci\u00f3n con practicidad para el d\u00eda a d\u00eda. Con un mecanismo de apertura autom\u00e1tica, se despliega al instante para protegerte de los elementos con un estilo sencillo. Su robusto armaz\u00f3n de fibra de vidrio, complementado con un robusto eje y puntas de metal, garantiza una gran durabilidad, mientras que el cl\u00e1sico mango de ca\u00f1a de madera a\u00f1ade un refinado toque final. Fabricado en Europa con poli\u00e9ster reciclado 100\u00a0%, el paraguas mide 110 cm de di\u00e1metro y 96 cm de altura, por lo que ofrece una protecci\u00f3n generosa con un estilo elegante y de primera calidad.\" \/>\n<meta name=\"robots\" content=\"index, follow, max-snippet:-1, max-image-preview:large, max-video-preview:-1\" \/>\n<link rel=\"canonical\" href=\"https:\/\/adl-regalosempresa.com\/tiendaonline\/articulos\/merchandising\/paraguas-urbano-para-personalizar-con-logo-2\/\" \/>\n<meta property=\"og:locale\" content=\"es_ES\" \/>\n<meta property=\"og:type\" content=\"article\" \/>\n<meta property=\"og:title\" content=\"Merchandising Paraguas urbano para personalizar con logo - ADL\" \/>\n<meta property=\"og:description\" content=\"Art\u00edculo de merchandising Paraguas urbano &quot;Citizen Green Elegant Golf&quot;. El paraguas urbano &quot;Elegant Golf&quot; combina sofisticaci\u00f3n con practicidad para el d\u00eda a d\u00eda. Con un mecanismo de apertura autom\u00e1tica, se despliega al instante para protegerte de los elementos con un estilo sencillo. Su robusto armaz\u00f3n de fibra de vidrio, complementado con un robusto eje y puntas de metal, garantiza una gran durabilidad, mientras que el cl\u00e1sico mango de ca\u00f1a de madera a\u00f1ade un refinado toque final. Fabricado en Europa con poli\u00e9ster reciclado 100\u00a0%, el paraguas mide 110 cm de di\u00e1metro y 96 cm de altura, por lo que ofrece una protecci\u00f3n generosa con un estilo elegante y de primera calidad.\" \/>\n<meta property=\"og:url\" content=\"https:\/\/adl-regalosempresa.com\/tiendaonline\/articulos\/merchandising\/paraguas-urbano-para-personalizar-con-logo-2\/\" \/>\n<meta property=\"og:site_name\" content=\"ADL Comunicaci\u00f3n\" \/>\n<meta property=\"article:modified_time\" content=\"2026-04-21T08:20:22+00:00\" \/>\n<meta property=\"og:image\" content=\"https:\/\/adl-regalosempresa.com\/tiendaonline\/wp-content\/uploads\/2026\/04\/1PZ03755.jpg\" \/>\n\t<meta property=\"og:image:width\" content=\"1600\" \/>\n\t<meta property=\"og:image:height\" content=\"1600\" \/>\n\t<meta property=\"og:image:type\" content=\"image\/jpeg\" \/>\n<meta name=\"twitter:card\" content=\"summary_large_image\" \/>\n<meta name=\"twitter:title\" content=\"Merchandising Paraguas urbano para personalizar con logo - ADL\" \/>\n<meta name=\"twitter:label1\" content=\"Tiempo de lectura\" \/>\n\t<meta name=\"twitter:data1\" content=\"1 minuto\" \/>\n<script type=\"application\/ld+json\" class=\"yoast-schema-graph\">{\"@context\":\"https:\/\/schema.org\",\"@graph\":[{\"@type\":\"WebPage\",\"@id\":\"https:\/\/adl-regalosempresa.com\/tiendaonline\/articulos\/merchandising\/paraguas-urbano-para-personalizar-con-logo-2\/\",\"url\":\"https:\/\/adl-regalosempresa.com\/tiendaonline\/articulos\/merchandising\/paraguas-urbano-para-personalizar-con-logo-2\/\",\"name\":\"Merchandising Paraguas urbano para personalizar con logo - ADL\",\"isPartOf\":{\"@id\":\"https:\/\/adl-regalosempresa.com\/tiendaonline\/#website\"},\"primaryImageOfPage\":{\"@id\":\"https:\/\/adl-regalosempresa.com\/tiendaonline\/articulos\/merchandising\/paraguas-urbano-para-personalizar-con-logo-2\/#primaryimage\"},\"image\":{\"@id\":\"https:\/\/adl-regalosempresa.com\/tiendaonline\/articulos\/merchandising\/paraguas-urbano-para-personalizar-con-logo-2\/#primaryimage\"},\"thumbnailUrl\":\"https:\/\/adl-regalosempresa.com\/tiendaonline\/wp-content\/uploads\/2026\/04\/1PZ03755.jpg\",\"datePublished\":\"2026-04-19T06:16:59+00:00\",\"dateModified\":\"2026-04-21T08:20:22+00:00\",\"description\":\"Art\u00edculo de merchandising Paraguas urbano \\\"Citizen Green Elegant Golf\\\". El paraguas urbano \\\"Elegant Golf\\\" combina sofisticaci\u00f3n con practicidad para el d\u00eda a d\u00eda. Con un mecanismo de apertura autom\u00e1tica, se despliega al instante para protegerte de los elementos con un estilo sencillo. Su robusto armaz\u00f3n de fibra de vidrio, complementado con un robusto eje y puntas de metal, garantiza una gran durabilidad, mientras que el cl\u00e1sico mango de ca\u00f1a de madera a\u00f1ade un refinado toque final. Fabricado en Europa con poli\u00e9ster reciclado 100\u00a0%, el paraguas mide 110 cm de di\u00e1metro y 96 cm de altura, por lo que ofrece una protecci\u00f3n generosa con un estilo elegante y de primera calidad.\",\"breadcrumb\":{\"@id\":\"https:\/\/adl-regalosempresa.com\/tiendaonline\/articulos\/merchandising\/paraguas-urbano-para-personalizar-con-logo-2\/#breadcrumb\"},\"inLanguage\":\"es\",\"potentialAction\":[{\"@type\":\"ReadAction\",\"target\":[\"https:\/\/adl-regalosempresa.com\/tiendaonline\/articulos\/merchandising\/paraguas-urbano-para-personalizar-con-logo-2\/\"]}]},{\"@type\":\"ImageObject\",\"inLanguage\":\"es\",\"@id\":\"https:\/\/adl-regalosempresa.com\/tiendaonline\/articulos\/merchandising\/paraguas-urbano-para-personalizar-con-logo-2\/#primaryimage\",\"url\":\"https:\/\/adl-regalosempresa.com\/tiendaonline\/wp-content\/uploads\/2026\/04\/1PZ03755.jpg\",\"contentUrl\":\"https:\/\/adl-regalosempresa.com\/tiendaonline\/wp-content\/uploads\/2026\/04\/1PZ03755.jpg\",\"width\":1600,\"height\":1600,\"caption\":\"Paraguas urbano \\\"Citizen Green Elegant Golf\\\"\"},{\"@type\":\"BreadcrumbList\",\"@id\":\"https:\/\/adl-regalosempresa.com\/tiendaonline\/articulos\/merchandising\/paraguas-urbano-para-personalizar-con-logo-2\/#breadcrumb\",\"itemListElement\":[{\"@type\":\"ListItem\",\"position\":1,\"name\":\"Portada\",\"item\":\"https:\/\/adl-regalosempresa.com\/tiendaonline\/\"},{\"@type\":\"ListItem\",\"position\":2,\"name\":\"Tienda\",\"item\":\"https:\/\/adl-regalosempresa.com\/tiendaonline\/tienda\/\"},{\"@type\":\"ListItem\",\"position\":3,\"name\":\"Paraguas urbano para personalizar con logo\"}]},{\"@type\":\"WebSite\",\"@id\":\"https:\/\/adl-regalosempresa.com\/tiendaonline\/#website\",\"url\":\"https:\/\/adl-regalosempresa.com\/tiendaonline\/\",\"name\":\"ADL Comunicaci\u00f3n\",\"description\":\"Regalos de empresa\",\"publisher\":{\"@id\":\"https:\/\/adl-regalosempresa.com\/tiendaonline\/#organization\"},\"potentialAction\":[{\"@type\":\"SearchAction\",\"target\":{\"@type\":\"EntryPoint\",\"urlTemplate\":\"https:\/\/adl-regalosempresa.com\/tiendaonline\/?s={search_term_string}\"},\"query-input\":{\"@type\":\"PropertyValueSpecification\",\"valueRequired\":true,\"valueName\":\"search_term_string\"}}],\"inLanguage\":\"es\"},{\"@type\":\"Organization\",\"@id\":\"https:\/\/adl-regalosempresa.com\/tiendaonline\/#organization\",\"name\":\"ADL Comunicaci\u00f3n\",\"url\":\"https:\/\/adl-regalosempresa.com\/tiendaonline\/\",\"logo\":{\"@type\":\"ImageObject\",\"inLanguage\":\"es\",\"@id\":\"https:\/\/adl-regalosempresa.com\/tiendaonline\/#\/schema\/logo\/image\/\",\"url\":\"https:\/\/adl-regalosempresa.com\/tiendaonline\/wp-content\/uploads\/2017\/09\/logo-adl-wp.png\",\"contentUrl\":\"https:\/\/adl-regalosempresa.com\/tiendaonline\/wp-content\/uploads\/2017\/09\/logo-adl-wp.png\",\"width\":407,\"height\":185,\"caption\":\"ADL Comunicaci\u00f3n\"},\"image\":{\"@id\":\"https:\/\/adl-regalosempresa.com\/tiendaonline\/#\/schema\/logo\/image\/\"}}]}<\/script>\n<!-- \/ Yoast SEO plugin. -->","yoast_head_json":{"title":"Merchandising Paraguas urbano para personalizar con logo - ADL","description":"Art\u00edculo de merchandising Paraguas urbano \"Citizen Green Elegant Golf\". El paraguas urbano \"Elegant Golf\" combina sofisticaci\u00f3n con practicidad para el d\u00eda a d\u00eda. Con un mecanismo de apertura autom\u00e1tica, se despliega al instante para protegerte de los elementos con un estilo sencillo. Su robusto armaz\u00f3n de fibra de vidrio, complementado con un robusto eje y puntas de metal, garantiza una gran durabilidad, mientras que el cl\u00e1sico mango de ca\u00f1a de madera a\u00f1ade un refinado toque final. Fabricado en Europa con poli\u00e9ster reciclado 100\u00a0%, el paraguas mide 110 cm de di\u00e1metro y 96 cm de altura, por lo que ofrece una protecci\u00f3n generosa con un estilo elegante y de primera calidad.","robots":{"index":"index","follow":"follow","max-snippet":"max-snippet:-1","max-image-preview":"max-image-preview:large","max-video-preview":"max-video-preview:-1"},"canonical":"https:\/\/adl-regalosempresa.com\/tiendaonline\/articulos\/merchandising\/paraguas-urbano-para-personalizar-con-logo-2\/","og_locale":"es_ES","og_type":"article","og_title":"Merchandising Paraguas urbano para personalizar con logo - ADL","og_description":"Art\u00edculo de merchandising Paraguas urbano \"Citizen Green Elegant Golf\". El paraguas urbano \"Elegant Golf\" combina sofisticaci\u00f3n con practicidad para el d\u00eda a d\u00eda. Con un mecanismo de apertura autom\u00e1tica, se despliega al instante para protegerte de los elementos con un estilo sencillo. Su robusto armaz\u00f3n de fibra de vidrio, complementado con un robusto eje y puntas de metal, garantiza una gran durabilidad, mientras que el cl\u00e1sico mango de ca\u00f1a de madera a\u00f1ade un refinado toque final. Fabricado en Europa con poli\u00e9ster reciclado 100\u00a0%, el paraguas mide 110 cm de di\u00e1metro y 96 cm de altura, por lo que ofrece una protecci\u00f3n generosa con un estilo elegante y de primera calidad.","og_url":"https:\/\/adl-regalosempresa.com\/tiendaonline\/articulos\/merchandising\/paraguas-urbano-para-personalizar-con-logo-2\/","og_site_name":"ADL Comunicaci\u00f3n","article_modified_time":"2026-04-21T08:20:22+00:00","og_image":[{"width":1600,"height":1600,"url":"https:\/\/adl-regalosempresa.com\/tiendaonline\/wp-content\/uploads\/2026\/04\/1PZ03755.jpg","type":"image\/jpeg"}],"twitter_card":"summary_large_image","twitter_title":"Merchandising Paraguas urbano para personalizar con logo - ADL","twitter_misc":{"Tiempo de lectura":"1 minuto"},"schema":{"@context":"https:\/\/schema.org","@graph":[{"@type":"WebPage","@id":"https:\/\/adl-regalosempresa.com\/tiendaonline\/articulos\/merchandising\/paraguas-urbano-para-personalizar-con-logo-2\/","url":"https:\/\/adl-regalosempresa.com\/tiendaonline\/articulos\/merchandising\/paraguas-urbano-para-personalizar-con-logo-2\/","name":"Merchandising Paraguas urbano para personalizar con logo - ADL","isPartOf":{"@id":"https:\/\/adl-regalosempresa.com\/tiendaonline\/#website"},"primaryImageOfPage":{"@id":"https:\/\/adl-regalosempresa.com\/tiendaonline\/articulos\/merchandising\/paraguas-urbano-para-personalizar-con-logo-2\/#primaryimage"},"image":{"@id":"https:\/\/adl-regalosempresa.com\/tiendaonline\/articulos\/merchandising\/paraguas-urbano-para-personalizar-con-logo-2\/#primaryimage"},"thumbnailUrl":"https:\/\/adl-regalosempresa.com\/tiendaonline\/wp-content\/uploads\/2026\/04\/1PZ03755.jpg","datePublished":"2026-04-19T06:16:59+00:00","dateModified":"2026-04-21T08:20:22+00:00","description":"Art\u00edculo de merchandising Paraguas urbano \"Citizen Green Elegant Golf\". El paraguas urbano \"Elegant Golf\" combina sofisticaci\u00f3n con practicidad para el d\u00eda a d\u00eda. Con un mecanismo de apertura autom\u00e1tica, se despliega al instante para protegerte de los elementos con un estilo sencillo. Su robusto armaz\u00f3n de fibra de vidrio, complementado con un robusto eje y puntas de metal, garantiza una gran durabilidad, mientras que el cl\u00e1sico mango de ca\u00f1a de madera a\u00f1ade un refinado toque final. Fabricado en Europa con poli\u00e9ster reciclado 100\u00a0%, el paraguas mide 110 cm de di\u00e1metro y 96 cm de altura, por lo que ofrece una protecci\u00f3n generosa con un estilo elegante y de primera calidad.","breadcrumb":{"@id":"https:\/\/adl-regalosempresa.com\/tiendaonline\/articulos\/merchandising\/paraguas-urbano-para-personalizar-con-logo-2\/#breadcrumb"},"inLanguage":"es","potentialAction":[{"@type":"ReadAction","target":["https:\/\/adl-regalosempresa.com\/tiendaonline\/articulos\/merchandising\/paraguas-urbano-para-personalizar-con-logo-2\/"]}]},{"@type":"ImageObject","inLanguage":"es","@id":"https:\/\/adl-regalosempresa.com\/tiendaonline\/articulos\/merchandising\/paraguas-urbano-para-personalizar-con-logo-2\/#primaryimage","url":"https:\/\/adl-regalosempresa.com\/tiendaonline\/wp-content\/uploads\/2026\/04\/1PZ03755.jpg","contentUrl":"https:\/\/adl-regalosempresa.com\/tiendaonline\/wp-content\/uploads\/2026\/04\/1PZ03755.jpg","width":1600,"height":1600,"caption":"Paraguas urbano \"Citizen Green Elegant Golf\""},{"@type":"BreadcrumbList","@id":"https:\/\/adl-regalosempresa.com\/tiendaonline\/articulos\/merchandising\/paraguas-urbano-para-personalizar-con-logo-2\/#breadcrumb","itemListElement":[{"@type":"ListItem","position":1,"name":"Portada","item":"https:\/\/adl-regalosempresa.com\/tiendaonline\/"},{"@type":"ListItem","position":2,"name":"Tienda","item":"https:\/\/adl-regalosempresa.com\/tiendaonline\/tienda\/"},{"@type":"ListItem","position":3,"name":"Paraguas urbano para personalizar con logo"}]},{"@type":"WebSite","@id":"https:\/\/adl-regalosempresa.com\/tiendaonline\/#website","url":"https:\/\/adl-regalosempresa.com\/tiendaonline\/","name":"ADL Comunicaci\u00f3n","description":"Regalos de empresa","publisher":{"@id":"https:\/\/adl-regalosempresa.com\/tiendaonline\/#organization"},"potentialAction":[{"@type":"SearchAction","target":{"@type":"EntryPoint","urlTemplate":"https:\/\/adl-regalosempresa.com\/tiendaonline\/?s={search_term_string}"},"query-input":{"@type":"PropertyValueSpecification","valueRequired":true,"valueName":"search_term_string"}}],"inLanguage":"es"},{"@type":"Organization","@id":"https:\/\/adl-regalosempresa.com\/tiendaonline\/#organization","name":"ADL Comunicaci\u00f3n","url":"https:\/\/adl-regalosempresa.com\/tiendaonline\/","logo":{"@type":"ImageObject","inLanguage":"es","@id":"https:\/\/adl-regalosempresa.com\/tiendaonline\/#\/schema\/logo\/image\/","url":"https:\/\/adl-regalosempresa.com\/tiendaonline\/wp-content\/uploads\/2017\/09\/logo-adl-wp.png","contentUrl":"https:\/\/adl-regalosempresa.com\/tiendaonline\/wp-content\/uploads\/2017\/09\/logo-adl-wp.png","width":407,"height":185,"caption":"ADL Comunicaci\u00f3n"},"image":{"@id":"https:\/\/adl-regalosempresa.com\/tiendaonline\/#\/schema\/logo\/image\/"}}]}},"_links":{"self":[{"href":"https:\/\/adl-regalosempresa.com\/tiendaonline\/wp-json\/wp\/v2\/product\/148436","targetHints":{"allow":["GET"]}}],"collection":[{"href":"https:\/\/adl-regalosempresa.com\/tiendaonline\/wp-json\/wp\/v2\/product"}],"about":[{"href":"https:\/\/adl-regalosempresa.com\/tiendaonline\/wp-json\/wp\/v2\/types\/product"}],"wp:featuredmedia":[{"embeddable":true,"href":"https:\/\/adl-regalosempresa.com\/tiendaonline\/wp-json\/wp\/v2\/media\/148438"}],"wp:attachment":[{"href":"https:\/\/adl-regalosempresa.com\/tiendaonline\/wp-json\/wp\/v2\/media?parent=148436"}],"wp:term":[{"taxonomy":"product_brand","embeddable":true,"href":"https:\/\/adl-regalosempresa.com\/tiendaonline\/wp-json\/wp\/v2\/product_brand?post=148436"},{"taxonomy":"product_cat","embeddable":true,"href":"https:\/\/adl-regalosempresa.com\/tiendaonline\/wp-json\/wp\/v2\/product_cat?post=148436"},{"taxonomy":"product_tag","embeddable":true,"href":"https:\/\/adl-regalosempresa.com\/tiendaonline\/wp-json\/wp\/v2\/product_tag?post=148436"}],"curies":[{"name":"wp","href":"https:\/\/api.w.org\/{rel}","templated":true}]}}