{"id":148347,"date":"2026-04-15T04:54:07","date_gmt":"2026-04-15T04:54:07","guid":{"rendered":"https:\/\/adl-regalosempresa.com\/tiendaonline\/articulos\/merchandising\/vaso-de-350-ml-con-tapa-de-360-para-personalizar-con-logo-3\/"},"modified":"2026-04-18T08:36:08","modified_gmt":"2026-04-18T08:36:08","slug":"vaso-de-350-ml-con-tapa-de-360-para-personalizar-con-logo-3","status":"publish","type":"product","link":"https:\/\/adl-regalosempresa.com\/tiendaonline\/articulos\/merchandising\/vaso-de-350-ml-con-tapa-de-360-para-personalizar-con-logo-3\/","title":{"rendered":"Vaso de 350\u00a0ml con tapa de 360\u00b0  para personalizar con logo"},"content":{"rendered":"<p>El vaso Cirrus de 350 ml contiene un 50% de pl\u00e1stico recuperado para evitar que llegue al oc\u00e9ano (Prevented Ocean Plastic): cada vaso recicla y reutiliza 10 vasos de pl\u00e1stico desechables recogidos en Asia. El vaso con la exclusiva tapa con clip de 360\u00b0 es un sofisticado y elegante recipiente de una sola pared que incorpora rebordes aislantes para un manejo seguro y c\u00f3modo. La innovadora tapa permite beber desde cualquier lado del vaso y mejora cualquier experiencia de consumo al ofrecer un aroma m\u00e1s intenso de la bebida. Tanto la tapa como el recipiente est\u00e1n fabricados con pl\u00e1sticos totalmente reciclables. Disfruta de tus bebidas calientes favoritas con comodidad y estilo.<\/p>\n","protected":false},"excerpt":{"rendered":"<p><strong>Descuentos por cantidades<\/strong><br \/>&#8211; a partir de 100 unidades: 2,62 \u20ac\/ud<br \/>&#8211; a partir de 250 unidades: 2,43 \u20ac\/ud<br \/>&#8211; a partir de 500 unidades: 2,35 \u20ac\/ud<\/p>\n<p>Para cantidades superiores a las aqu\u00ed indicadas, no dudes en ponerte en contacto con nuestro departamento comercial o <a href='https:\/\/adl-regalosempresa.com\/tiendaonline\/solicitud-presupuesto\/'>pedirnos presupuesto personalizado<\/a>, ajustaremos el presupuesto a tus necesidades.<\/p>\n","protected":false},"featured_media":148349,"template":"","meta":{"_kad_post_transparent":"","_kad_post_title":"","_kad_post_layout":"","_kad_post_sidebar_id":"","_kad_post_content_style":"","_kad_post_vertical_padding":"","_kad_post_feature":"","_kad_post_feature_position":"","_kad_post_header":false,"_kad_post_footer":false,"_kad_post_classname":""},"product_brand":[],"product_cat":[3936,3372],"product_tag":[],"class_list":{"0":"post-148347","1":"product","2":"type-product","3":"status-publish","4":"has-post-thumbnail","6":"product_cat-vasos-tazas-de-viaje","7":"product_cat-articulos-para-bebidas","8":"pa_alto-13-cm","9":"pa_ancho-86-cm","10":"pa_color-arenisca","11":"pa_color-azul","12":"pa_color-blanco","13":"pa_color-negro-intenso","14":"pa_color-simple-azul","15":"pa_color-simple-blanco","16":"pa_color-simple-natural","17":"pa_color-simple-negro-intenso","18":"pa_marca-unbranded","19":"pa_material-50-plastico-reciclado-50-plastico-pp","20":"pa_peso-583-gr","22":"first","23":"instock","24":"taxable","25":"shipping-taxable","26":"purchasable","27":"product-type-variable","28":"entry","29":"content-bg","30":"loop-entry"},"yoast_head":"<!-- This site is optimized with the Yoast SEO plugin v26.3 - https:\/\/yoast.com\/wordpress\/plugins\/seo\/ -->\n<title>Merchandising Vaso de 350\u00a0ml con tapa de 360\u00b0 para personalizar con logo - ADL<\/title>\n<meta name=\"description\" content=\"Art\u00edculo de merchandising Vaso de 350\u00a0ml con tapa de 360\u00b0 &quot;Cirrus POP&quot;. El vaso Cirrus de 350 ml contiene un 50% de pl\u00e1stico recuperado para evitar que llegue al oc\u00e9ano (Prevented Ocean Plastic): cada vaso recicla y reutiliza 10 vasos de pl\u00e1stico desechables recogidos en Asia. El vaso con la exclusiva tapa con clip de 360\u00b0 es un sofisticado y elegante recipiente de una sola pared que incorpora rebordes aislantes para un manejo seguro y c\u00f3modo. La innovadora tapa permite beber desde cualquier lado del vaso y mejora cualquier experiencia de consumo al ofrecer un aroma m\u00e1s intenso de la bebida. Tanto la tapa como el recipiente est\u00e1n fabricados con pl\u00e1sticos totalmente reciclables. Disfruta de tus bebidas calientes favoritas con comodidad y estilo.\" \/>\n<meta name=\"robots\" content=\"index, follow, max-snippet:-1, max-image-preview:large, max-video-preview:-1\" \/>\n<link rel=\"canonical\" href=\"https:\/\/adl-regalosempresa.com\/tiendaonline\/articulos\/merchandising\/vaso-de-350-ml-con-tapa-de-360-para-personalizar-con-logo-3\/\" \/>\n<meta property=\"og:locale\" content=\"es_ES\" \/>\n<meta property=\"og:type\" content=\"article\" \/>\n<meta property=\"og:title\" content=\"Merchandising Vaso de 350\u00a0ml con tapa de 360\u00b0 para personalizar con logo - ADL\" \/>\n<meta property=\"og:description\" content=\"Art\u00edculo de merchandising Vaso de 350\u00a0ml con tapa de 360\u00b0 &quot;Cirrus POP&quot;. El vaso Cirrus de 350 ml contiene un 50% de pl\u00e1stico recuperado para evitar que llegue al oc\u00e9ano (Prevented Ocean Plastic): cada vaso recicla y reutiliza 10 vasos de pl\u00e1stico desechables recogidos en Asia. El vaso con la exclusiva tapa con clip de 360\u00b0 es un sofisticado y elegante recipiente de una sola pared que incorpora rebordes aislantes para un manejo seguro y c\u00f3modo. La innovadora tapa permite beber desde cualquier lado del vaso y mejora cualquier experiencia de consumo al ofrecer un aroma m\u00e1s intenso de la bebida. Tanto la tapa como el recipiente est\u00e1n fabricados con pl\u00e1sticos totalmente reciclables. Disfruta de tus bebidas calientes favoritas con comodidad y estilo.\" \/>\n<meta property=\"og:url\" content=\"https:\/\/adl-regalosempresa.com\/tiendaonline\/articulos\/merchandising\/vaso-de-350-ml-con-tapa-de-360-para-personalizar-con-logo-3\/\" \/>\n<meta property=\"og:site_name\" content=\"ADL Comunicaci\u00f3n\" \/>\n<meta property=\"article:modified_time\" content=\"2026-04-18T08:36:08+00:00\" \/>\n<meta property=\"og:image\" content=\"https:\/\/adl-regalosempresa.com\/tiendaonline\/wp-content\/uploads\/2026\/04\/22052001.jpg\" \/>\n\t<meta property=\"og:image:width\" content=\"1600\" \/>\n\t<meta property=\"og:image:height\" content=\"1600\" \/>\n\t<meta property=\"og:image:type\" content=\"image\/jpeg\" \/>\n<meta name=\"twitter:card\" content=\"summary_large_image\" \/>\n<meta name=\"twitter:title\" content=\"Merchandising Vaso de 350\u00a0ml con tapa de 360\u00b0 para personalizar con logo - ADL\" \/>\n<meta name=\"twitter:label1\" content=\"Tiempo de lectura\" \/>\n\t<meta name=\"twitter:data1\" content=\"1 minuto\" \/>\n<script type=\"application\/ld+json\" class=\"yoast-schema-graph\">{\"@context\":\"https:\/\/schema.org\",\"@graph\":[{\"@type\":\"WebPage\",\"@id\":\"https:\/\/adl-regalosempresa.com\/tiendaonline\/articulos\/merchandising\/vaso-de-350-ml-con-tapa-de-360-para-personalizar-con-logo-3\/\",\"url\":\"https:\/\/adl-regalosempresa.com\/tiendaonline\/articulos\/merchandising\/vaso-de-350-ml-con-tapa-de-360-para-personalizar-con-logo-3\/\",\"name\":\"Merchandising Vaso de 350\u00a0ml con tapa de 360\u00b0 para personalizar con logo - ADL\",\"isPartOf\":{\"@id\":\"https:\/\/adl-regalosempresa.com\/tiendaonline\/#website\"},\"primaryImageOfPage\":{\"@id\":\"https:\/\/adl-regalosempresa.com\/tiendaonline\/articulos\/merchandising\/vaso-de-350-ml-con-tapa-de-360-para-personalizar-con-logo-3\/#primaryimage\"},\"image\":{\"@id\":\"https:\/\/adl-regalosempresa.com\/tiendaonline\/articulos\/merchandising\/vaso-de-350-ml-con-tapa-de-360-para-personalizar-con-logo-3\/#primaryimage\"},\"thumbnailUrl\":\"https:\/\/adl-regalosempresa.com\/tiendaonline\/wp-content\/uploads\/2026\/04\/22052001.jpg\",\"datePublished\":\"2026-04-15T04:54:07+00:00\",\"dateModified\":\"2026-04-18T08:36:08+00:00\",\"description\":\"Art\u00edculo de merchandising Vaso de 350\u00a0ml con tapa de 360\u00b0 \\\"Cirrus POP\\\". El vaso Cirrus de 350 ml contiene un 50% de pl\u00e1stico recuperado para evitar que llegue al oc\u00e9ano (Prevented Ocean Plastic): cada vaso recicla y reutiliza 10 vasos de pl\u00e1stico desechables recogidos en Asia. El vaso con la exclusiva tapa con clip de 360\u00b0 es un sofisticado y elegante recipiente de una sola pared que incorpora rebordes aislantes para un manejo seguro y c\u00f3modo. La innovadora tapa permite beber desde cualquier lado del vaso y mejora cualquier experiencia de consumo al ofrecer un aroma m\u00e1s intenso de la bebida. Tanto la tapa como el recipiente est\u00e1n fabricados con pl\u00e1sticos totalmente reciclables. Disfruta de tus bebidas calientes favoritas con comodidad y estilo.\",\"breadcrumb\":{\"@id\":\"https:\/\/adl-regalosempresa.com\/tiendaonline\/articulos\/merchandising\/vaso-de-350-ml-con-tapa-de-360-para-personalizar-con-logo-3\/#breadcrumb\"},\"inLanguage\":\"es\",\"potentialAction\":[{\"@type\":\"ReadAction\",\"target\":[\"https:\/\/adl-regalosempresa.com\/tiendaonline\/articulos\/merchandising\/vaso-de-350-ml-con-tapa-de-360-para-personalizar-con-logo-3\/\"]}]},{\"@type\":\"ImageObject\",\"inLanguage\":\"es\",\"@id\":\"https:\/\/adl-regalosempresa.com\/tiendaonline\/articulos\/merchandising\/vaso-de-350-ml-con-tapa-de-360-para-personalizar-con-logo-3\/#primaryimage\",\"url\":\"https:\/\/adl-regalosempresa.com\/tiendaonline\/wp-content\/uploads\/2026\/04\/22052001.jpg\",\"contentUrl\":\"https:\/\/adl-regalosempresa.com\/tiendaonline\/wp-content\/uploads\/2026\/04\/22052001.jpg\",\"width\":1600,\"height\":1600,\"caption\":\"Vaso de 350\u00a0ml con tapa de 360\u00b0 \\\"Cirrus POP\\\"\"},{\"@type\":\"BreadcrumbList\",\"@id\":\"https:\/\/adl-regalosempresa.com\/tiendaonline\/articulos\/merchandising\/vaso-de-350-ml-con-tapa-de-360-para-personalizar-con-logo-3\/#breadcrumb\",\"itemListElement\":[{\"@type\":\"ListItem\",\"position\":1,\"name\":\"Portada\",\"item\":\"https:\/\/adl-regalosempresa.com\/tiendaonline\/\"},{\"@type\":\"ListItem\",\"position\":2,\"name\":\"Tienda\",\"item\":\"https:\/\/adl-regalosempresa.com\/tiendaonline\/tienda\/\"},{\"@type\":\"ListItem\",\"position\":3,\"name\":\"Vaso de 350\u00a0ml con tapa de 360\u00b0 para personalizar con logo\"}]},{\"@type\":\"WebSite\",\"@id\":\"https:\/\/adl-regalosempresa.com\/tiendaonline\/#website\",\"url\":\"https:\/\/adl-regalosempresa.com\/tiendaonline\/\",\"name\":\"ADL Comunicaci\u00f3n\",\"description\":\"Regalos de empresa\",\"publisher\":{\"@id\":\"https:\/\/adl-regalosempresa.com\/tiendaonline\/#organization\"},\"potentialAction\":[{\"@type\":\"SearchAction\",\"target\":{\"@type\":\"EntryPoint\",\"urlTemplate\":\"https:\/\/adl-regalosempresa.com\/tiendaonline\/?s={search_term_string}\"},\"query-input\":{\"@type\":\"PropertyValueSpecification\",\"valueRequired\":true,\"valueName\":\"search_term_string\"}}],\"inLanguage\":\"es\"},{\"@type\":\"Organization\",\"@id\":\"https:\/\/adl-regalosempresa.com\/tiendaonline\/#organization\",\"name\":\"ADL Comunicaci\u00f3n\",\"url\":\"https:\/\/adl-regalosempresa.com\/tiendaonline\/\",\"logo\":{\"@type\":\"ImageObject\",\"inLanguage\":\"es\",\"@id\":\"https:\/\/adl-regalosempresa.com\/tiendaonline\/#\/schema\/logo\/image\/\",\"url\":\"https:\/\/adl-regalosempresa.com\/tiendaonline\/wp-content\/uploads\/2017\/09\/logo-adl-wp.png\",\"contentUrl\":\"https:\/\/adl-regalosempresa.com\/tiendaonline\/wp-content\/uploads\/2017\/09\/logo-adl-wp.png\",\"width\":407,\"height\":185,\"caption\":\"ADL Comunicaci\u00f3n\"},\"image\":{\"@id\":\"https:\/\/adl-regalosempresa.com\/tiendaonline\/#\/schema\/logo\/image\/\"}}]}<\/script>\n<!-- \/ Yoast SEO plugin. -->","yoast_head_json":{"title":"Merchandising Vaso de 350\u00a0ml con tapa de 360\u00b0 para personalizar con logo - ADL","description":"Art\u00edculo de merchandising Vaso de 350\u00a0ml con tapa de 360\u00b0 \"Cirrus POP\". El vaso Cirrus de 350 ml contiene un 50% de pl\u00e1stico recuperado para evitar que llegue al oc\u00e9ano (Prevented Ocean Plastic): cada vaso recicla y reutiliza 10 vasos de pl\u00e1stico desechables recogidos en Asia. El vaso con la exclusiva tapa con clip de 360\u00b0 es un sofisticado y elegante recipiente de una sola pared que incorpora rebordes aislantes para un manejo seguro y c\u00f3modo. La innovadora tapa permite beber desde cualquier lado del vaso y mejora cualquier experiencia de consumo al ofrecer un aroma m\u00e1s intenso de la bebida. Tanto la tapa como el recipiente est\u00e1n fabricados con pl\u00e1sticos totalmente reciclables. Disfruta de tus bebidas calientes favoritas con comodidad y estilo.","robots":{"index":"index","follow":"follow","max-snippet":"max-snippet:-1","max-image-preview":"max-image-preview:large","max-video-preview":"max-video-preview:-1"},"canonical":"https:\/\/adl-regalosempresa.com\/tiendaonline\/articulos\/merchandising\/vaso-de-350-ml-con-tapa-de-360-para-personalizar-con-logo-3\/","og_locale":"es_ES","og_type":"article","og_title":"Merchandising Vaso de 350\u00a0ml con tapa de 360\u00b0 para personalizar con logo - ADL","og_description":"Art\u00edculo de merchandising Vaso de 350\u00a0ml con tapa de 360\u00b0 \"Cirrus POP\". El vaso Cirrus de 350 ml contiene un 50% de pl\u00e1stico recuperado para evitar que llegue al oc\u00e9ano (Prevented Ocean Plastic): cada vaso recicla y reutiliza 10 vasos de pl\u00e1stico desechables recogidos en Asia. El vaso con la exclusiva tapa con clip de 360\u00b0 es un sofisticado y elegante recipiente de una sola pared que incorpora rebordes aislantes para un manejo seguro y c\u00f3modo. La innovadora tapa permite beber desde cualquier lado del vaso y mejora cualquier experiencia de consumo al ofrecer un aroma m\u00e1s intenso de la bebida. Tanto la tapa como el recipiente est\u00e1n fabricados con pl\u00e1sticos totalmente reciclables. Disfruta de tus bebidas calientes favoritas con comodidad y estilo.","og_url":"https:\/\/adl-regalosempresa.com\/tiendaonline\/articulos\/merchandising\/vaso-de-350-ml-con-tapa-de-360-para-personalizar-con-logo-3\/","og_site_name":"ADL Comunicaci\u00f3n","article_modified_time":"2026-04-18T08:36:08+00:00","og_image":[{"width":1600,"height":1600,"url":"https:\/\/adl-regalosempresa.com\/tiendaonline\/wp-content\/uploads\/2026\/04\/22052001.jpg","type":"image\/jpeg"}],"twitter_card":"summary_large_image","twitter_title":"Merchandising Vaso de 350\u00a0ml con tapa de 360\u00b0 para personalizar con logo - ADL","twitter_misc":{"Tiempo de lectura":"1 minuto"},"schema":{"@context":"https:\/\/schema.org","@graph":[{"@type":"WebPage","@id":"https:\/\/adl-regalosempresa.com\/tiendaonline\/articulos\/merchandising\/vaso-de-350-ml-con-tapa-de-360-para-personalizar-con-logo-3\/","url":"https:\/\/adl-regalosempresa.com\/tiendaonline\/articulos\/merchandising\/vaso-de-350-ml-con-tapa-de-360-para-personalizar-con-logo-3\/","name":"Merchandising Vaso de 350\u00a0ml con tapa de 360\u00b0 para personalizar con logo - ADL","isPartOf":{"@id":"https:\/\/adl-regalosempresa.com\/tiendaonline\/#website"},"primaryImageOfPage":{"@id":"https:\/\/adl-regalosempresa.com\/tiendaonline\/articulos\/merchandising\/vaso-de-350-ml-con-tapa-de-360-para-personalizar-con-logo-3\/#primaryimage"},"image":{"@id":"https:\/\/adl-regalosempresa.com\/tiendaonline\/articulos\/merchandising\/vaso-de-350-ml-con-tapa-de-360-para-personalizar-con-logo-3\/#primaryimage"},"thumbnailUrl":"https:\/\/adl-regalosempresa.com\/tiendaonline\/wp-content\/uploads\/2026\/04\/22052001.jpg","datePublished":"2026-04-15T04:54:07+00:00","dateModified":"2026-04-18T08:36:08+00:00","description":"Art\u00edculo de merchandising Vaso de 350\u00a0ml con tapa de 360\u00b0 \"Cirrus POP\". El vaso Cirrus de 350 ml contiene un 50% de pl\u00e1stico recuperado para evitar que llegue al oc\u00e9ano (Prevented Ocean Plastic): cada vaso recicla y reutiliza 10 vasos de pl\u00e1stico desechables recogidos en Asia. El vaso con la exclusiva tapa con clip de 360\u00b0 es un sofisticado y elegante recipiente de una sola pared que incorpora rebordes aislantes para un manejo seguro y c\u00f3modo. La innovadora tapa permite beber desde cualquier lado del vaso y mejora cualquier experiencia de consumo al ofrecer un aroma m\u00e1s intenso de la bebida. Tanto la tapa como el recipiente est\u00e1n fabricados con pl\u00e1sticos totalmente reciclables. Disfruta de tus bebidas calientes favoritas con comodidad y estilo.","breadcrumb":{"@id":"https:\/\/adl-regalosempresa.com\/tiendaonline\/articulos\/merchandising\/vaso-de-350-ml-con-tapa-de-360-para-personalizar-con-logo-3\/#breadcrumb"},"inLanguage":"es","potentialAction":[{"@type":"ReadAction","target":["https:\/\/adl-regalosempresa.com\/tiendaonline\/articulos\/merchandising\/vaso-de-350-ml-con-tapa-de-360-para-personalizar-con-logo-3\/"]}]},{"@type":"ImageObject","inLanguage":"es","@id":"https:\/\/adl-regalosempresa.com\/tiendaonline\/articulos\/merchandising\/vaso-de-350-ml-con-tapa-de-360-para-personalizar-con-logo-3\/#primaryimage","url":"https:\/\/adl-regalosempresa.com\/tiendaonline\/wp-content\/uploads\/2026\/04\/22052001.jpg","contentUrl":"https:\/\/adl-regalosempresa.com\/tiendaonline\/wp-content\/uploads\/2026\/04\/22052001.jpg","width":1600,"height":1600,"caption":"Vaso de 350\u00a0ml con tapa de 360\u00b0 \"Cirrus POP\""},{"@type":"BreadcrumbList","@id":"https:\/\/adl-regalosempresa.com\/tiendaonline\/articulos\/merchandising\/vaso-de-350-ml-con-tapa-de-360-para-personalizar-con-logo-3\/#breadcrumb","itemListElement":[{"@type":"ListItem","position":1,"name":"Portada","item":"https:\/\/adl-regalosempresa.com\/tiendaonline\/"},{"@type":"ListItem","position":2,"name":"Tienda","item":"https:\/\/adl-regalosempresa.com\/tiendaonline\/tienda\/"},{"@type":"ListItem","position":3,"name":"Vaso de 350\u00a0ml con tapa de 360\u00b0 para personalizar con logo"}]},{"@type":"WebSite","@id":"https:\/\/adl-regalosempresa.com\/tiendaonline\/#website","url":"https:\/\/adl-regalosempresa.com\/tiendaonline\/","name":"ADL Comunicaci\u00f3n","description":"Regalos de empresa","publisher":{"@id":"https:\/\/adl-regalosempresa.com\/tiendaonline\/#organization"},"potentialAction":[{"@type":"SearchAction","target":{"@type":"EntryPoint","urlTemplate":"https:\/\/adl-regalosempresa.com\/tiendaonline\/?s={search_term_string}"},"query-input":{"@type":"PropertyValueSpecification","valueRequired":true,"valueName":"search_term_string"}}],"inLanguage":"es"},{"@type":"Organization","@id":"https:\/\/adl-regalosempresa.com\/tiendaonline\/#organization","name":"ADL Comunicaci\u00f3n","url":"https:\/\/adl-regalosempresa.com\/tiendaonline\/","logo":{"@type":"ImageObject","inLanguage":"es","@id":"https:\/\/adl-regalosempresa.com\/tiendaonline\/#\/schema\/logo\/image\/","url":"https:\/\/adl-regalosempresa.com\/tiendaonline\/wp-content\/uploads\/2017\/09\/logo-adl-wp.png","contentUrl":"https:\/\/adl-regalosempresa.com\/tiendaonline\/wp-content\/uploads\/2017\/09\/logo-adl-wp.png","width":407,"height":185,"caption":"ADL Comunicaci\u00f3n"},"image":{"@id":"https:\/\/adl-regalosempresa.com\/tiendaonline\/#\/schema\/logo\/image\/"}}]}},"_links":{"self":[{"href":"https:\/\/adl-regalosempresa.com\/tiendaonline\/wp-json\/wp\/v2\/product\/148347","targetHints":{"allow":["GET"]}}],"collection":[{"href":"https:\/\/adl-regalosempresa.com\/tiendaonline\/wp-json\/wp\/v2\/product"}],"about":[{"href":"https:\/\/adl-regalosempresa.com\/tiendaonline\/wp-json\/wp\/v2\/types\/product"}],"wp:featuredmedia":[{"embeddable":true,"href":"https:\/\/adl-regalosempresa.com\/tiendaonline\/wp-json\/wp\/v2\/media\/148349"}],"wp:attachment":[{"href":"https:\/\/adl-regalosempresa.com\/tiendaonline\/wp-json\/wp\/v2\/media?parent=148347"}],"wp:term":[{"taxonomy":"product_brand","embeddable":true,"href":"https:\/\/adl-regalosempresa.com\/tiendaonline\/wp-json\/wp\/v2\/product_brand?post=148347"},{"taxonomy":"product_cat","embeddable":true,"href":"https:\/\/adl-regalosempresa.com\/tiendaonline\/wp-json\/wp\/v2\/product_cat?post=148347"},{"taxonomy":"product_tag","embeddable":true,"href":"https:\/\/adl-regalosempresa.com\/tiendaonline\/wp-json\/wp\/v2\/product_tag?post=148347"}],"curies":[{"name":"wp","href":"https:\/\/api.w.org\/{rel}","templated":true}]}}