{"id":147396,"date":"2026-04-16T04:42:10","date_gmt":"2026-04-16T04:42:10","guid":{"rendered":"https:\/\/adl-regalosempresa.com\/tiendaonline\/articulos\/merchandising\/bolsa-tote-pequena-de-3-l-reciclada-con-certificado-grs-para-personalizar-con-logo\/"},"modified":"2026-04-21T08:12:22","modified_gmt":"2026-04-21T08:12:22","slug":"bolsa-tote-pequena-de-3-l-reciclada-con-certificado-grs-para-personalizar-con-logo","status":"publish","type":"product","link":"https:\/\/adl-regalosempresa.com\/tiendaonline\/articulos\/merchandising\/bolsa-tote-pequena-de-3-l-reciclada-con-certificado-grs-para-personalizar-con-logo\/","title":{"rendered":"Bolsa Tote peque\u00f1a de 3\u00a0L reciclada con certificado GRS  para personalizar con logo"},"content":{"rendered":"<p>Fabricada con tejido no tejido RPET con certificado GRS, duradero y resistente a los desgarros, la peque\u00f1a bolsa Tote \u00abEcoSeal\u00bb reciclada presenta una construcci\u00f3n termosellada por ultrasonidos para un acabado resistente y sin costuras. Est\u00e1 dise\u00f1ada con un compartimento principal abierto, base plegable y asas cortas con una longitud desplegable de 12 cm, ofrece una soluci\u00f3n pr\u00e1ctica y reutilizable para ferias, eventos y obsequios promocionales. Capacidad: 3 litros. Resistencia para hasta 3 kg de peso.<\/p>\n","protected":false},"excerpt":{"rendered":"<p><strong>Descuentos por cantidades<\/strong><br \/>&#8211; a partir de 250 unidades: 0,17 \u20ac\/ud<br \/>&#8211; a partir de 500 unidades: 0,17 \u20ac\/ud<br \/>&#8211; a partir de 1000 unidades: 0,17 \u20ac\/ud<\/p>\n<p>Para cantidades superiores a las aqu\u00ed indicadas, no dudes en ponerte en contacto con nuestro departamento comercial o <a href='https:\/\/adl-regalosempresa.com\/tiendaonline\/solicitud-presupuesto\/'>pedirnos presupuesto personalizado<\/a>, ajustaremos el presupuesto a tus necesidades.<\/p>\n","protected":false},"featured_media":147398,"template":"","meta":{"_kad_post_transparent":"","_kad_post_title":"","_kad_post_layout":"","_kad_post_sidebar_id":"","_kad_post_content_style":"","_kad_post_vertical_padding":"","_kad_post_feature":"","_kad_post_feature_position":"","_kad_post_header":false,"_kad_post_footer":false,"_kad_post_classname":""},"product_brand":[],"product_cat":[3526,4785],"product_tag":[],"class_list":{"0":"post-147396","1":"product","2":"type-product","3":"status-publish","4":"has-post-thumbnail","6":"product_cat-bolsas","7":"product_cat-bolsas-de-compras","8":"pa_alto-30-cm","9":"pa_ancho-6-cm","10":"pa_color-azul-marino","11":"pa_color-azul-real","12":"pa_color-blanco","13":"pa_color-negro-intenso","14":"pa_color-rojo","15":"pa_color-verde-bosque","16":"pa_color-simple-azul","17":"pa_color-simple-blanco","18":"pa_color-simple-negro-intenso","19":"pa_color-simple-rojo","20":"pa_color-simple-verde","21":"pa_largo-26-cm","22":"pa_marca-unbranded","23":"pa_material-poliester-reciclado-con-certificado-grs","24":"pa_peso-17-gr","26":"first","27":"instock","28":"taxable","29":"shipping-taxable","30":"purchasable","31":"product-type-variable","32":"entry","33":"content-bg","34":"loop-entry"},"yoast_head":"<!-- This site is optimized with the Yoast SEO plugin v26.3 - https:\/\/yoast.com\/wordpress\/plugins\/seo\/ -->\n<title>Merchandising Bolsa Tote peque\u00f1a de 3\u00a0L reciclada con certificado GRS para personalizar con logo - ADL<\/title>\n<meta name=\"description\" content=\"Art\u00edculo de merchandising Bolsa Tote peque\u00f1a de 3\u00a0L reciclada con certificado GRS &quot;EcoSeal&quot;. Fabricada con tejido no tejido RPET con certificado GRS, duradero y resistente a los desgarros, la peque\u00f1a bolsa Tote &quot;EcoSeal&quot; reciclada presenta una construcci\u00f3n termosellada por ultrasonidos para un acabado resistente y sin costuras. Est\u00e1 dise\u00f1ada con un compartimento principal abierto, base plegable y asas cortas con una longitud desplegable de 12 cm, ofrece una soluci\u00f3n pr\u00e1ctica y reutilizable para ferias, eventos y obsequios promocionales. Capacidad: 3 litros. Resistencia para hasta 3 kg de peso.\" \/>\n<meta name=\"robots\" content=\"index, follow, max-snippet:-1, max-image-preview:large, max-video-preview:-1\" \/>\n<link rel=\"canonical\" href=\"https:\/\/adl-regalosempresa.com\/tiendaonline\/articulos\/merchandising\/bolsa-tote-pequena-de-3-l-reciclada-con-certificado-grs-para-personalizar-con-logo\/\" \/>\n<meta property=\"og:locale\" content=\"es_ES\" \/>\n<meta property=\"og:type\" content=\"article\" \/>\n<meta property=\"og:title\" content=\"Merchandising Bolsa Tote peque\u00f1a de 3\u00a0L reciclada con certificado GRS para personalizar con logo - ADL\" \/>\n<meta property=\"og:description\" content=\"Art\u00edculo de merchandising Bolsa Tote peque\u00f1a de 3\u00a0L reciclada con certificado GRS &quot;EcoSeal&quot;. Fabricada con tejido no tejido RPET con certificado GRS, duradero y resistente a los desgarros, la peque\u00f1a bolsa Tote &quot;EcoSeal&quot; reciclada presenta una construcci\u00f3n termosellada por ultrasonidos para un acabado resistente y sin costuras. Est\u00e1 dise\u00f1ada con un compartimento principal abierto, base plegable y asas cortas con una longitud desplegable de 12 cm, ofrece una soluci\u00f3n pr\u00e1ctica y reutilizable para ferias, eventos y obsequios promocionales. Capacidad: 3 litros. Resistencia para hasta 3 kg de peso.\" \/>\n<meta property=\"og:url\" content=\"https:\/\/adl-regalosempresa.com\/tiendaonline\/articulos\/merchandising\/bolsa-tote-pequena-de-3-l-reciclada-con-certificado-grs-para-personalizar-con-logo\/\" \/>\n<meta property=\"og:site_name\" content=\"ADL Comunicaci\u00f3n\" \/>\n<meta property=\"article:modified_time\" content=\"2026-04-21T08:12:22+00:00\" \/>\n<meta property=\"og:image\" content=\"https:\/\/adl-regalosempresa.com\/tiendaonline\/wp-content\/uploads\/2026\/04\/13013601.jpg\" \/>\n\t<meta property=\"og:image:width\" content=\"1600\" \/>\n\t<meta property=\"og:image:height\" content=\"1600\" \/>\n\t<meta property=\"og:image:type\" content=\"image\/jpeg\" \/>\n<meta name=\"twitter:card\" content=\"summary_large_image\" \/>\n<meta name=\"twitter:title\" content=\"Merchandising Bolsa Tote peque\u00f1a de 3\u00a0L reciclada con certificado GRS para personalizar con logo - ADL\" \/>\n<script type=\"application\/ld+json\" class=\"yoast-schema-graph\">{\"@context\":\"https:\/\/schema.org\",\"@graph\":[{\"@type\":\"WebPage\",\"@id\":\"https:\/\/adl-regalosempresa.com\/tiendaonline\/articulos\/merchandising\/bolsa-tote-pequena-de-3-l-reciclada-con-certificado-grs-para-personalizar-con-logo\/\",\"url\":\"https:\/\/adl-regalosempresa.com\/tiendaonline\/articulos\/merchandising\/bolsa-tote-pequena-de-3-l-reciclada-con-certificado-grs-para-personalizar-con-logo\/\",\"name\":\"Merchandising Bolsa Tote peque\u00f1a de 3\u00a0L reciclada con certificado GRS para personalizar con logo - ADL\",\"isPartOf\":{\"@id\":\"https:\/\/adl-regalosempresa.com\/tiendaonline\/#website\"},\"primaryImageOfPage\":{\"@id\":\"https:\/\/adl-regalosempresa.com\/tiendaonline\/articulos\/merchandising\/bolsa-tote-pequena-de-3-l-reciclada-con-certificado-grs-para-personalizar-con-logo\/#primaryimage\"},\"image\":{\"@id\":\"https:\/\/adl-regalosempresa.com\/tiendaonline\/articulos\/merchandising\/bolsa-tote-pequena-de-3-l-reciclada-con-certificado-grs-para-personalizar-con-logo\/#primaryimage\"},\"thumbnailUrl\":\"https:\/\/adl-regalosempresa.com\/tiendaonline\/wp-content\/uploads\/2026\/04\/13013601.jpg\",\"datePublished\":\"2026-04-16T04:42:10+00:00\",\"dateModified\":\"2026-04-21T08:12:22+00:00\",\"description\":\"Art\u00edculo de merchandising Bolsa Tote peque\u00f1a de 3\u00a0L reciclada con certificado GRS \\\"EcoSeal\\\". Fabricada con tejido no tejido RPET con certificado GRS, duradero y resistente a los desgarros, la peque\u00f1a bolsa Tote \\\"EcoSeal\\\" reciclada presenta una construcci\u00f3n termosellada por ultrasonidos para un acabado resistente y sin costuras. Est\u00e1 dise\u00f1ada con un compartimento principal abierto, base plegable y asas cortas con una longitud desplegable de 12 cm, ofrece una soluci\u00f3n pr\u00e1ctica y reutilizable para ferias, eventos y obsequios promocionales. Capacidad: 3 litros. Resistencia para hasta 3 kg de peso.\",\"breadcrumb\":{\"@id\":\"https:\/\/adl-regalosempresa.com\/tiendaonline\/articulos\/merchandising\/bolsa-tote-pequena-de-3-l-reciclada-con-certificado-grs-para-personalizar-con-logo\/#breadcrumb\"},\"inLanguage\":\"es\",\"potentialAction\":[{\"@type\":\"ReadAction\",\"target\":[\"https:\/\/adl-regalosempresa.com\/tiendaonline\/articulos\/merchandising\/bolsa-tote-pequena-de-3-l-reciclada-con-certificado-grs-para-personalizar-con-logo\/\"]}]},{\"@type\":\"ImageObject\",\"inLanguage\":\"es\",\"@id\":\"https:\/\/adl-regalosempresa.com\/tiendaonline\/articulos\/merchandising\/bolsa-tote-pequena-de-3-l-reciclada-con-certificado-grs-para-personalizar-con-logo\/#primaryimage\",\"url\":\"https:\/\/adl-regalosempresa.com\/tiendaonline\/wp-content\/uploads\/2026\/04\/13013601.jpg\",\"contentUrl\":\"https:\/\/adl-regalosempresa.com\/tiendaonline\/wp-content\/uploads\/2026\/04\/13013601.jpg\",\"width\":1600,\"height\":1600,\"caption\":\"Bolsa Tote peque\u00f1a de 3\u00a0L reciclada con certificado GRS \\\"EcoSeal\\\"\"},{\"@type\":\"BreadcrumbList\",\"@id\":\"https:\/\/adl-regalosempresa.com\/tiendaonline\/articulos\/merchandising\/bolsa-tote-pequena-de-3-l-reciclada-con-certificado-grs-para-personalizar-con-logo\/#breadcrumb\",\"itemListElement\":[{\"@type\":\"ListItem\",\"position\":1,\"name\":\"Portada\",\"item\":\"https:\/\/adl-regalosempresa.com\/tiendaonline\/\"},{\"@type\":\"ListItem\",\"position\":2,\"name\":\"Tienda\",\"item\":\"https:\/\/adl-regalosempresa.com\/tiendaonline\/tienda\/\"},{\"@type\":\"ListItem\",\"position\":3,\"name\":\"Bolsa Tote peque\u00f1a de 3\u00a0L reciclada con certificado GRS para personalizar con logo\"}]},{\"@type\":\"WebSite\",\"@id\":\"https:\/\/adl-regalosempresa.com\/tiendaonline\/#website\",\"url\":\"https:\/\/adl-regalosempresa.com\/tiendaonline\/\",\"name\":\"ADL Comunicaci\u00f3n\",\"description\":\"Regalos de empresa\",\"publisher\":{\"@id\":\"https:\/\/adl-regalosempresa.com\/tiendaonline\/#organization\"},\"potentialAction\":[{\"@type\":\"SearchAction\",\"target\":{\"@type\":\"EntryPoint\",\"urlTemplate\":\"https:\/\/adl-regalosempresa.com\/tiendaonline\/?s={search_term_string}\"},\"query-input\":{\"@type\":\"PropertyValueSpecification\",\"valueRequired\":true,\"valueName\":\"search_term_string\"}}],\"inLanguage\":\"es\"},{\"@type\":\"Organization\",\"@id\":\"https:\/\/adl-regalosempresa.com\/tiendaonline\/#organization\",\"name\":\"ADL Comunicaci\u00f3n\",\"url\":\"https:\/\/adl-regalosempresa.com\/tiendaonline\/\",\"logo\":{\"@type\":\"ImageObject\",\"inLanguage\":\"es\",\"@id\":\"https:\/\/adl-regalosempresa.com\/tiendaonline\/#\/schema\/logo\/image\/\",\"url\":\"https:\/\/adl-regalosempresa.com\/tiendaonline\/wp-content\/uploads\/2017\/09\/logo-adl-wp.png\",\"contentUrl\":\"https:\/\/adl-regalosempresa.com\/tiendaonline\/wp-content\/uploads\/2017\/09\/logo-adl-wp.png\",\"width\":407,\"height\":185,\"caption\":\"ADL Comunicaci\u00f3n\"},\"image\":{\"@id\":\"https:\/\/adl-regalosempresa.com\/tiendaonline\/#\/schema\/logo\/image\/\"}}]}<\/script>\n<!-- \/ Yoast SEO plugin. -->","yoast_head_json":{"title":"Merchandising Bolsa Tote peque\u00f1a de 3\u00a0L reciclada con certificado GRS para personalizar con logo - ADL","description":"Art\u00edculo de merchandising Bolsa Tote peque\u00f1a de 3\u00a0L reciclada con certificado GRS \"EcoSeal\". Fabricada con tejido no tejido RPET con certificado GRS, duradero y resistente a los desgarros, la peque\u00f1a bolsa Tote \"EcoSeal\" reciclada presenta una construcci\u00f3n termosellada por ultrasonidos para un acabado resistente y sin costuras. Est\u00e1 dise\u00f1ada con un compartimento principal abierto, base plegable y asas cortas con una longitud desplegable de 12 cm, ofrece una soluci\u00f3n pr\u00e1ctica y reutilizable para ferias, eventos y obsequios promocionales. Capacidad: 3 litros. Resistencia para hasta 3 kg de peso.","robots":{"index":"index","follow":"follow","max-snippet":"max-snippet:-1","max-image-preview":"max-image-preview:large","max-video-preview":"max-video-preview:-1"},"canonical":"https:\/\/adl-regalosempresa.com\/tiendaonline\/articulos\/merchandising\/bolsa-tote-pequena-de-3-l-reciclada-con-certificado-grs-para-personalizar-con-logo\/","og_locale":"es_ES","og_type":"article","og_title":"Merchandising Bolsa Tote peque\u00f1a de 3\u00a0L reciclada con certificado GRS para personalizar con logo - ADL","og_description":"Art\u00edculo de merchandising Bolsa Tote peque\u00f1a de 3\u00a0L reciclada con certificado GRS \"EcoSeal\". Fabricada con tejido no tejido RPET con certificado GRS, duradero y resistente a los desgarros, la peque\u00f1a bolsa Tote \"EcoSeal\" reciclada presenta una construcci\u00f3n termosellada por ultrasonidos para un acabado resistente y sin costuras. Est\u00e1 dise\u00f1ada con un compartimento principal abierto, base plegable y asas cortas con una longitud desplegable de 12 cm, ofrece una soluci\u00f3n pr\u00e1ctica y reutilizable para ferias, eventos y obsequios promocionales. Capacidad: 3 litros. Resistencia para hasta 3 kg de peso.","og_url":"https:\/\/adl-regalosempresa.com\/tiendaonline\/articulos\/merchandising\/bolsa-tote-pequena-de-3-l-reciclada-con-certificado-grs-para-personalizar-con-logo\/","og_site_name":"ADL Comunicaci\u00f3n","article_modified_time":"2026-04-21T08:12:22+00:00","og_image":[{"width":1600,"height":1600,"url":"https:\/\/adl-regalosempresa.com\/tiendaonline\/wp-content\/uploads\/2026\/04\/13013601.jpg","type":"image\/jpeg"}],"twitter_card":"summary_large_image","twitter_title":"Merchandising Bolsa Tote peque\u00f1a de 3\u00a0L reciclada con certificado GRS para personalizar con logo - ADL","schema":{"@context":"https:\/\/schema.org","@graph":[{"@type":"WebPage","@id":"https:\/\/adl-regalosempresa.com\/tiendaonline\/articulos\/merchandising\/bolsa-tote-pequena-de-3-l-reciclada-con-certificado-grs-para-personalizar-con-logo\/","url":"https:\/\/adl-regalosempresa.com\/tiendaonline\/articulos\/merchandising\/bolsa-tote-pequena-de-3-l-reciclada-con-certificado-grs-para-personalizar-con-logo\/","name":"Merchandising Bolsa Tote peque\u00f1a de 3\u00a0L reciclada con certificado GRS para personalizar con logo - ADL","isPartOf":{"@id":"https:\/\/adl-regalosempresa.com\/tiendaonline\/#website"},"primaryImageOfPage":{"@id":"https:\/\/adl-regalosempresa.com\/tiendaonline\/articulos\/merchandising\/bolsa-tote-pequena-de-3-l-reciclada-con-certificado-grs-para-personalizar-con-logo\/#primaryimage"},"image":{"@id":"https:\/\/adl-regalosempresa.com\/tiendaonline\/articulos\/merchandising\/bolsa-tote-pequena-de-3-l-reciclada-con-certificado-grs-para-personalizar-con-logo\/#primaryimage"},"thumbnailUrl":"https:\/\/adl-regalosempresa.com\/tiendaonline\/wp-content\/uploads\/2026\/04\/13013601.jpg","datePublished":"2026-04-16T04:42:10+00:00","dateModified":"2026-04-21T08:12:22+00:00","description":"Art\u00edculo de merchandising Bolsa Tote peque\u00f1a de 3\u00a0L reciclada con certificado GRS \"EcoSeal\". Fabricada con tejido no tejido RPET con certificado GRS, duradero y resistente a los desgarros, la peque\u00f1a bolsa Tote \"EcoSeal\" reciclada presenta una construcci\u00f3n termosellada por ultrasonidos para un acabado resistente y sin costuras. Est\u00e1 dise\u00f1ada con un compartimento principal abierto, base plegable y asas cortas con una longitud desplegable de 12 cm, ofrece una soluci\u00f3n pr\u00e1ctica y reutilizable para ferias, eventos y obsequios promocionales. Capacidad: 3 litros. Resistencia para hasta 3 kg de peso.","breadcrumb":{"@id":"https:\/\/adl-regalosempresa.com\/tiendaonline\/articulos\/merchandising\/bolsa-tote-pequena-de-3-l-reciclada-con-certificado-grs-para-personalizar-con-logo\/#breadcrumb"},"inLanguage":"es","potentialAction":[{"@type":"ReadAction","target":["https:\/\/adl-regalosempresa.com\/tiendaonline\/articulos\/merchandising\/bolsa-tote-pequena-de-3-l-reciclada-con-certificado-grs-para-personalizar-con-logo\/"]}]},{"@type":"ImageObject","inLanguage":"es","@id":"https:\/\/adl-regalosempresa.com\/tiendaonline\/articulos\/merchandising\/bolsa-tote-pequena-de-3-l-reciclada-con-certificado-grs-para-personalizar-con-logo\/#primaryimage","url":"https:\/\/adl-regalosempresa.com\/tiendaonline\/wp-content\/uploads\/2026\/04\/13013601.jpg","contentUrl":"https:\/\/adl-regalosempresa.com\/tiendaonline\/wp-content\/uploads\/2026\/04\/13013601.jpg","width":1600,"height":1600,"caption":"Bolsa Tote peque\u00f1a de 3\u00a0L reciclada con certificado GRS \"EcoSeal\""},{"@type":"BreadcrumbList","@id":"https:\/\/adl-regalosempresa.com\/tiendaonline\/articulos\/merchandising\/bolsa-tote-pequena-de-3-l-reciclada-con-certificado-grs-para-personalizar-con-logo\/#breadcrumb","itemListElement":[{"@type":"ListItem","position":1,"name":"Portada","item":"https:\/\/adl-regalosempresa.com\/tiendaonline\/"},{"@type":"ListItem","position":2,"name":"Tienda","item":"https:\/\/adl-regalosempresa.com\/tiendaonline\/tienda\/"},{"@type":"ListItem","position":3,"name":"Bolsa Tote peque\u00f1a de 3\u00a0L reciclada con certificado GRS para personalizar con logo"}]},{"@type":"WebSite","@id":"https:\/\/adl-regalosempresa.com\/tiendaonline\/#website","url":"https:\/\/adl-regalosempresa.com\/tiendaonline\/","name":"ADL Comunicaci\u00f3n","description":"Regalos de empresa","publisher":{"@id":"https:\/\/adl-regalosempresa.com\/tiendaonline\/#organization"},"potentialAction":[{"@type":"SearchAction","target":{"@type":"EntryPoint","urlTemplate":"https:\/\/adl-regalosempresa.com\/tiendaonline\/?s={search_term_string}"},"query-input":{"@type":"PropertyValueSpecification","valueRequired":true,"valueName":"search_term_string"}}],"inLanguage":"es"},{"@type":"Organization","@id":"https:\/\/adl-regalosempresa.com\/tiendaonline\/#organization","name":"ADL Comunicaci\u00f3n","url":"https:\/\/adl-regalosempresa.com\/tiendaonline\/","logo":{"@type":"ImageObject","inLanguage":"es","@id":"https:\/\/adl-regalosempresa.com\/tiendaonline\/#\/schema\/logo\/image\/","url":"https:\/\/adl-regalosempresa.com\/tiendaonline\/wp-content\/uploads\/2017\/09\/logo-adl-wp.png","contentUrl":"https:\/\/adl-regalosempresa.com\/tiendaonline\/wp-content\/uploads\/2017\/09\/logo-adl-wp.png","width":407,"height":185,"caption":"ADL Comunicaci\u00f3n"},"image":{"@id":"https:\/\/adl-regalosempresa.com\/tiendaonline\/#\/schema\/logo\/image\/"}}]}},"_links":{"self":[{"href":"https:\/\/adl-regalosempresa.com\/tiendaonline\/wp-json\/wp\/v2\/product\/147396","targetHints":{"allow":["GET"]}}],"collection":[{"href":"https:\/\/adl-regalosempresa.com\/tiendaonline\/wp-json\/wp\/v2\/product"}],"about":[{"href":"https:\/\/adl-regalosempresa.com\/tiendaonline\/wp-json\/wp\/v2\/types\/product"}],"wp:featuredmedia":[{"embeddable":true,"href":"https:\/\/adl-regalosempresa.com\/tiendaonline\/wp-json\/wp\/v2\/media\/147398"}],"wp:attachment":[{"href":"https:\/\/adl-regalosempresa.com\/tiendaonline\/wp-json\/wp\/v2\/media?parent=147396"}],"wp:term":[{"taxonomy":"product_brand","embeddable":true,"href":"https:\/\/adl-regalosempresa.com\/tiendaonline\/wp-json\/wp\/v2\/product_brand?post=147396"},{"taxonomy":"product_cat","embeddable":true,"href":"https:\/\/adl-regalosempresa.com\/tiendaonline\/wp-json\/wp\/v2\/product_cat?post=147396"},{"taxonomy":"product_tag","embeddable":true,"href":"https:\/\/adl-regalosempresa.com\/tiendaonline\/wp-json\/wp\/v2\/product_tag?post=147396"}],"curies":[{"name":"wp","href":"https:\/\/api.w.org\/{rel}","templated":true}]}}