{"id":146856,"date":"2026-04-17T04:42:38","date_gmt":"2026-04-17T04:42:38","guid":{"rendered":"https:\/\/adl-regalosempresa.com\/tiendaonline\/articulos\/merchandising\/libreta-de-tapa-dura-brillante-a5-con-100-hojas-para-personalizar-con-logo\/"},"modified":"2026-04-17T04:44:15","modified_gmt":"2026-04-17T04:44:15","slug":"libreta-de-tapa-dura-brillante-a5-con-100-hojas-para-personalizar-con-logo","status":"publish","type":"product","link":"https:\/\/adl-regalosempresa.com\/tiendaonline\/articulos\/merchandising\/libreta-de-tapa-dura-brillante-a5-con-100-hojas-para-personalizar-con-logo\/","title":{"rendered":"Libreta de tapa dura brillante A5 con 100 hojas  para personalizar con logo"},"content":{"rendered":"<p>La libreta de tapa dura brillante \u00abNovella Bront\u00eb\u00bb A5 es elegante y resistente, con 100 hojas de papel de 80\u00a0g\/m\u00b2, perfecta para apuntar notas, esquemas o ideas. La tapa dura laminada puede imprimirse a todo color por completo (anverso, reverso y lomo), lo que proporciona un aspecto elegante y profesional a la vez que protege las p\u00e1ginas. En el interior puedes personalizar completamente las p\u00e1ginas, lo que te da total libertad para adaptar los dise\u00f1os, gr\u00e1ficos o mensajes a cualquier proyecto o promoci\u00f3n. Fabricado en el Reino Unido.<\/p>\n","protected":false},"excerpt":{"rendered":"<p><strong>Descuentos por cantidades<\/strong><br \/>&#8211; a partir de 250 unidades: 6,38 \u20ac\/ud<br \/>&#8211; a partir de 500 unidades: 6,12 \u20ac\/ud<br \/>&#8211; a partir de 1000 unidades: 5,88 \u20ac\/ud<\/p>\n<p>Para cantidades superiores a las aqu\u00ed indicadas, no dudes en ponerte en contacto con nuestro departamento comercial o <a href='https:\/\/adl-regalosempresa.com\/tiendaonline\/solicitud-presupuesto\/'>pedirnos presupuesto personalizado<\/a>, ajustaremos el presupuesto a tus necesidades.<\/p>\n","protected":false},"featured_media":146858,"template":"","meta":{"_kad_post_transparent":"","_kad_post_title":"","_kad_post_layout":"","_kad_post_sidebar_id":"","_kad_post_content_style":"","_kad_post_vertical_padding":"","_kad_post_feature":"","_kad_post_feature_position":"","_kad_post_header":false,"_kad_post_footer":false,"_kad_post_classname":""},"product_brand":[],"product_cat":[7689,7688],"product_tag":[],"class_list":{"0":"post-146856","1":"product","2":"type-product","3":"status-publish","4":"has-post-thumbnail","6":"product_cat-libretas-de-tapas-duras-libretas-y-papeleria","7":"product_cat-libretas-y-papeleria","8":"pa_alto-16-cm","9":"pa_ancho-14-cm","10":"pa_color-blanco","11":"pa_color-simple-blanco","12":"pa_largo-21-cm","13":"pa_marca-unbranded","14":"pa_material-papel-carton-certificado-fsc","15":"pa_peso-3842-gr","17":"first","18":"instock","19":"taxable","20":"shipping-taxable","21":"purchasable","22":"product-type-variable","23":"entry","24":"content-bg","25":"loop-entry"},"yoast_head":"<!-- This site is optimized with the Yoast SEO plugin v26.3 - https:\/\/yoast.com\/wordpress\/plugins\/seo\/ -->\n<title>Merchandising Libreta de tapa dura brillante A5 con 100 hojas para personalizar con logo - ADL<\/title>\n<meta name=\"description\" content=\"Art\u00edculo de merchandising Libreta de tapa dura brillante A5 con 100 hojas &quot;Novella Bront\u00eb&quot;. La libreta de tapa dura brillante &quot;Novella Bront\u00eb&quot; A5 es elegante y resistente, con 100 hojas de papel de 80\u00a0g\/m\u00b2, perfecta para apuntar notas, esquemas o ideas. La tapa dura laminada puede imprimirse a todo color por completo (anverso, reverso y lomo), lo que proporciona un aspecto elegante y profesional a la vez que protege las p\u00e1ginas. En el interior puedes personalizar completamente las p\u00e1ginas, lo que te da total libertad para adaptar los dise\u00f1os, gr\u00e1ficos o mensajes a cualquier proyecto o promoci\u00f3n. Fabricado en el Reino Unido.\" \/>\n<meta name=\"robots\" content=\"index, follow, max-snippet:-1, max-image-preview:large, max-video-preview:-1\" \/>\n<link rel=\"canonical\" href=\"https:\/\/adl-regalosempresa.com\/tiendaonline\/articulos\/merchandising\/libreta-de-tapa-dura-brillante-a5-con-100-hojas-para-personalizar-con-logo\/\" \/>\n<meta property=\"og:locale\" content=\"es_ES\" \/>\n<meta property=\"og:type\" content=\"article\" \/>\n<meta property=\"og:title\" content=\"Merchandising Libreta de tapa dura brillante A5 con 100 hojas para personalizar con logo - ADL\" \/>\n<meta property=\"og:description\" content=\"Art\u00edculo de merchandising Libreta de tapa dura brillante A5 con 100 hojas &quot;Novella Bront\u00eb&quot;. La libreta de tapa dura brillante &quot;Novella Bront\u00eb&quot; A5 es elegante y resistente, con 100 hojas de papel de 80\u00a0g\/m\u00b2, perfecta para apuntar notas, esquemas o ideas. La tapa dura laminada puede imprimirse a todo color por completo (anverso, reverso y lomo), lo que proporciona un aspecto elegante y profesional a la vez que protege las p\u00e1ginas. En el interior puedes personalizar completamente las p\u00e1ginas, lo que te da total libertad para adaptar los dise\u00f1os, gr\u00e1ficos o mensajes a cualquier proyecto o promoci\u00f3n. Fabricado en el Reino Unido.\" \/>\n<meta property=\"og:url\" content=\"https:\/\/adl-regalosempresa.com\/tiendaonline\/articulos\/merchandising\/libreta-de-tapa-dura-brillante-a5-con-100-hojas-para-personalizar-con-logo\/\" \/>\n<meta property=\"og:site_name\" content=\"ADL Comunicaci\u00f3n\" \/>\n<meta property=\"article:modified_time\" content=\"2026-04-17T04:44:15+00:00\" \/>\n<meta property=\"og:image\" content=\"https:\/\/adl-regalosempresa.com\/tiendaonline\/wp-content\/uploads\/2026\/04\/21026801.jpg\" \/>\n\t<meta property=\"og:image:width\" content=\"1600\" \/>\n\t<meta property=\"og:image:height\" content=\"1600\" \/>\n\t<meta property=\"og:image:type\" content=\"image\/jpeg\" \/>\n<meta name=\"twitter:card\" content=\"summary_large_image\" \/>\n<meta name=\"twitter:title\" content=\"Merchandising Libreta de tapa dura brillante A5 con 100 hojas para personalizar con logo - ADL\" \/>\n<script type=\"application\/ld+json\" class=\"yoast-schema-graph\">{\"@context\":\"https:\/\/schema.org\",\"@graph\":[{\"@type\":\"WebPage\",\"@id\":\"https:\/\/adl-regalosempresa.com\/tiendaonline\/articulos\/merchandising\/libreta-de-tapa-dura-brillante-a5-con-100-hojas-para-personalizar-con-logo\/\",\"url\":\"https:\/\/adl-regalosempresa.com\/tiendaonline\/articulos\/merchandising\/libreta-de-tapa-dura-brillante-a5-con-100-hojas-para-personalizar-con-logo\/\",\"name\":\"Merchandising Libreta de tapa dura brillante A5 con 100 hojas para personalizar con logo - ADL\",\"isPartOf\":{\"@id\":\"https:\/\/adl-regalosempresa.com\/tiendaonline\/#website\"},\"primaryImageOfPage\":{\"@id\":\"https:\/\/adl-regalosempresa.com\/tiendaonline\/articulos\/merchandising\/libreta-de-tapa-dura-brillante-a5-con-100-hojas-para-personalizar-con-logo\/#primaryimage\"},\"image\":{\"@id\":\"https:\/\/adl-regalosempresa.com\/tiendaonline\/articulos\/merchandising\/libreta-de-tapa-dura-brillante-a5-con-100-hojas-para-personalizar-con-logo\/#primaryimage\"},\"thumbnailUrl\":\"https:\/\/adl-regalosempresa.com\/tiendaonline\/wp-content\/uploads\/2026\/04\/21026801.jpg\",\"datePublished\":\"2026-04-17T04:42:38+00:00\",\"dateModified\":\"2026-04-17T04:44:15+00:00\",\"description\":\"Art\u00edculo de merchandising Libreta de tapa dura brillante A5 con 100 hojas \\\"Novella Bront\u00eb\\\". La libreta de tapa dura brillante \\\"Novella Bront\u00eb\\\" A5 es elegante y resistente, con 100 hojas de papel de 80\u00a0g\/m\u00b2, perfecta para apuntar notas, esquemas o ideas. La tapa dura laminada puede imprimirse a todo color por completo (anverso, reverso y lomo), lo que proporciona un aspecto elegante y profesional a la vez que protege las p\u00e1ginas. En el interior puedes personalizar completamente las p\u00e1ginas, lo que te da total libertad para adaptar los dise\u00f1os, gr\u00e1ficos o mensajes a cualquier proyecto o promoci\u00f3n. Fabricado en el Reino Unido.\",\"breadcrumb\":{\"@id\":\"https:\/\/adl-regalosempresa.com\/tiendaonline\/articulos\/merchandising\/libreta-de-tapa-dura-brillante-a5-con-100-hojas-para-personalizar-con-logo\/#breadcrumb\"},\"inLanguage\":\"es\",\"potentialAction\":[{\"@type\":\"ReadAction\",\"target\":[\"https:\/\/adl-regalosempresa.com\/tiendaonline\/articulos\/merchandising\/libreta-de-tapa-dura-brillante-a5-con-100-hojas-para-personalizar-con-logo\/\"]}]},{\"@type\":\"ImageObject\",\"inLanguage\":\"es\",\"@id\":\"https:\/\/adl-regalosempresa.com\/tiendaonline\/articulos\/merchandising\/libreta-de-tapa-dura-brillante-a5-con-100-hojas-para-personalizar-con-logo\/#primaryimage\",\"url\":\"https:\/\/adl-regalosempresa.com\/tiendaonline\/wp-content\/uploads\/2026\/04\/21026801.jpg\",\"contentUrl\":\"https:\/\/adl-regalosempresa.com\/tiendaonline\/wp-content\/uploads\/2026\/04\/21026801.jpg\",\"width\":1600,\"height\":1600,\"caption\":\"Libreta de tapa dura brillante A5 con 100 hojas \\\"Novella Bront\u00eb\\\"\"},{\"@type\":\"BreadcrumbList\",\"@id\":\"https:\/\/adl-regalosempresa.com\/tiendaonline\/articulos\/merchandising\/libreta-de-tapa-dura-brillante-a5-con-100-hojas-para-personalizar-con-logo\/#breadcrumb\",\"itemListElement\":[{\"@type\":\"ListItem\",\"position\":1,\"name\":\"Portada\",\"item\":\"https:\/\/adl-regalosempresa.com\/tiendaonline\/\"},{\"@type\":\"ListItem\",\"position\":2,\"name\":\"Tienda\",\"item\":\"https:\/\/adl-regalosempresa.com\/tiendaonline\/tienda\/\"},{\"@type\":\"ListItem\",\"position\":3,\"name\":\"Libreta de tapa dura brillante A5 con 100 hojas para personalizar con logo\"}]},{\"@type\":\"WebSite\",\"@id\":\"https:\/\/adl-regalosempresa.com\/tiendaonline\/#website\",\"url\":\"https:\/\/adl-regalosempresa.com\/tiendaonline\/\",\"name\":\"ADL Comunicaci\u00f3n\",\"description\":\"Regalos de empresa\",\"publisher\":{\"@id\":\"https:\/\/adl-regalosempresa.com\/tiendaonline\/#organization\"},\"potentialAction\":[{\"@type\":\"SearchAction\",\"target\":{\"@type\":\"EntryPoint\",\"urlTemplate\":\"https:\/\/adl-regalosempresa.com\/tiendaonline\/?s={search_term_string}\"},\"query-input\":{\"@type\":\"PropertyValueSpecification\",\"valueRequired\":true,\"valueName\":\"search_term_string\"}}],\"inLanguage\":\"es\"},{\"@type\":\"Organization\",\"@id\":\"https:\/\/adl-regalosempresa.com\/tiendaonline\/#organization\",\"name\":\"ADL Comunicaci\u00f3n\",\"url\":\"https:\/\/adl-regalosempresa.com\/tiendaonline\/\",\"logo\":{\"@type\":\"ImageObject\",\"inLanguage\":\"es\",\"@id\":\"https:\/\/adl-regalosempresa.com\/tiendaonline\/#\/schema\/logo\/image\/\",\"url\":\"https:\/\/adl-regalosempresa.com\/tiendaonline\/wp-content\/uploads\/2017\/09\/logo-adl-wp.png\",\"contentUrl\":\"https:\/\/adl-regalosempresa.com\/tiendaonline\/wp-content\/uploads\/2017\/09\/logo-adl-wp.png\",\"width\":407,\"height\":185,\"caption\":\"ADL Comunicaci\u00f3n\"},\"image\":{\"@id\":\"https:\/\/adl-regalosempresa.com\/tiendaonline\/#\/schema\/logo\/image\/\"}}]}<\/script>\n<!-- \/ Yoast SEO plugin. -->","yoast_head_json":{"title":"Merchandising Libreta de tapa dura brillante A5 con 100 hojas para personalizar con logo - ADL","description":"Art\u00edculo de merchandising Libreta de tapa dura brillante A5 con 100 hojas \"Novella Bront\u00eb\". La libreta de tapa dura brillante \"Novella Bront\u00eb\" A5 es elegante y resistente, con 100 hojas de papel de 80\u00a0g\/m\u00b2, perfecta para apuntar notas, esquemas o ideas. La tapa dura laminada puede imprimirse a todo color por completo (anverso, reverso y lomo), lo que proporciona un aspecto elegante y profesional a la vez que protege las p\u00e1ginas. En el interior puedes personalizar completamente las p\u00e1ginas, lo que te da total libertad para adaptar los dise\u00f1os, gr\u00e1ficos o mensajes a cualquier proyecto o promoci\u00f3n. Fabricado en el Reino Unido.","robots":{"index":"index","follow":"follow","max-snippet":"max-snippet:-1","max-image-preview":"max-image-preview:large","max-video-preview":"max-video-preview:-1"},"canonical":"https:\/\/adl-regalosempresa.com\/tiendaonline\/articulos\/merchandising\/libreta-de-tapa-dura-brillante-a5-con-100-hojas-para-personalizar-con-logo\/","og_locale":"es_ES","og_type":"article","og_title":"Merchandising Libreta de tapa dura brillante A5 con 100 hojas para personalizar con logo - ADL","og_description":"Art\u00edculo de merchandising Libreta de tapa dura brillante A5 con 100 hojas \"Novella Bront\u00eb\". La libreta de tapa dura brillante \"Novella Bront\u00eb\" A5 es elegante y resistente, con 100 hojas de papel de 80\u00a0g\/m\u00b2, perfecta para apuntar notas, esquemas o ideas. La tapa dura laminada puede imprimirse a todo color por completo (anverso, reverso y lomo), lo que proporciona un aspecto elegante y profesional a la vez que protege las p\u00e1ginas. En el interior puedes personalizar completamente las p\u00e1ginas, lo que te da total libertad para adaptar los dise\u00f1os, gr\u00e1ficos o mensajes a cualquier proyecto o promoci\u00f3n. Fabricado en el Reino Unido.","og_url":"https:\/\/adl-regalosempresa.com\/tiendaonline\/articulos\/merchandising\/libreta-de-tapa-dura-brillante-a5-con-100-hojas-para-personalizar-con-logo\/","og_site_name":"ADL Comunicaci\u00f3n","article_modified_time":"2026-04-17T04:44:15+00:00","og_image":[{"width":1600,"height":1600,"url":"https:\/\/adl-regalosempresa.com\/tiendaonline\/wp-content\/uploads\/2026\/04\/21026801.jpg","type":"image\/jpeg"}],"twitter_card":"summary_large_image","twitter_title":"Merchandising Libreta de tapa dura brillante A5 con 100 hojas para personalizar con logo - ADL","schema":{"@context":"https:\/\/schema.org","@graph":[{"@type":"WebPage","@id":"https:\/\/adl-regalosempresa.com\/tiendaonline\/articulos\/merchandising\/libreta-de-tapa-dura-brillante-a5-con-100-hojas-para-personalizar-con-logo\/","url":"https:\/\/adl-regalosempresa.com\/tiendaonline\/articulos\/merchandising\/libreta-de-tapa-dura-brillante-a5-con-100-hojas-para-personalizar-con-logo\/","name":"Merchandising Libreta de tapa dura brillante A5 con 100 hojas para personalizar con logo - ADL","isPartOf":{"@id":"https:\/\/adl-regalosempresa.com\/tiendaonline\/#website"},"primaryImageOfPage":{"@id":"https:\/\/adl-regalosempresa.com\/tiendaonline\/articulos\/merchandising\/libreta-de-tapa-dura-brillante-a5-con-100-hojas-para-personalizar-con-logo\/#primaryimage"},"image":{"@id":"https:\/\/adl-regalosempresa.com\/tiendaonline\/articulos\/merchandising\/libreta-de-tapa-dura-brillante-a5-con-100-hojas-para-personalizar-con-logo\/#primaryimage"},"thumbnailUrl":"https:\/\/adl-regalosempresa.com\/tiendaonline\/wp-content\/uploads\/2026\/04\/21026801.jpg","datePublished":"2026-04-17T04:42:38+00:00","dateModified":"2026-04-17T04:44:15+00:00","description":"Art\u00edculo de merchandising Libreta de tapa dura brillante A5 con 100 hojas \"Novella Bront\u00eb\". La libreta de tapa dura brillante \"Novella Bront\u00eb\" A5 es elegante y resistente, con 100 hojas de papel de 80\u00a0g\/m\u00b2, perfecta para apuntar notas, esquemas o ideas. La tapa dura laminada puede imprimirse a todo color por completo (anverso, reverso y lomo), lo que proporciona un aspecto elegante y profesional a la vez que protege las p\u00e1ginas. En el interior puedes personalizar completamente las p\u00e1ginas, lo que te da total libertad para adaptar los dise\u00f1os, gr\u00e1ficos o mensajes a cualquier proyecto o promoci\u00f3n. Fabricado en el Reino Unido.","breadcrumb":{"@id":"https:\/\/adl-regalosempresa.com\/tiendaonline\/articulos\/merchandising\/libreta-de-tapa-dura-brillante-a5-con-100-hojas-para-personalizar-con-logo\/#breadcrumb"},"inLanguage":"es","potentialAction":[{"@type":"ReadAction","target":["https:\/\/adl-regalosempresa.com\/tiendaonline\/articulos\/merchandising\/libreta-de-tapa-dura-brillante-a5-con-100-hojas-para-personalizar-con-logo\/"]}]},{"@type":"ImageObject","inLanguage":"es","@id":"https:\/\/adl-regalosempresa.com\/tiendaonline\/articulos\/merchandising\/libreta-de-tapa-dura-brillante-a5-con-100-hojas-para-personalizar-con-logo\/#primaryimage","url":"https:\/\/adl-regalosempresa.com\/tiendaonline\/wp-content\/uploads\/2026\/04\/21026801.jpg","contentUrl":"https:\/\/adl-regalosempresa.com\/tiendaonline\/wp-content\/uploads\/2026\/04\/21026801.jpg","width":1600,"height":1600,"caption":"Libreta de tapa dura brillante A5 con 100 hojas \"Novella Bront\u00eb\""},{"@type":"BreadcrumbList","@id":"https:\/\/adl-regalosempresa.com\/tiendaonline\/articulos\/merchandising\/libreta-de-tapa-dura-brillante-a5-con-100-hojas-para-personalizar-con-logo\/#breadcrumb","itemListElement":[{"@type":"ListItem","position":1,"name":"Portada","item":"https:\/\/adl-regalosempresa.com\/tiendaonline\/"},{"@type":"ListItem","position":2,"name":"Tienda","item":"https:\/\/adl-regalosempresa.com\/tiendaonline\/tienda\/"},{"@type":"ListItem","position":3,"name":"Libreta de tapa dura brillante A5 con 100 hojas para personalizar con logo"}]},{"@type":"WebSite","@id":"https:\/\/adl-regalosempresa.com\/tiendaonline\/#website","url":"https:\/\/adl-regalosempresa.com\/tiendaonline\/","name":"ADL Comunicaci\u00f3n","description":"Regalos de empresa","publisher":{"@id":"https:\/\/adl-regalosempresa.com\/tiendaonline\/#organization"},"potentialAction":[{"@type":"SearchAction","target":{"@type":"EntryPoint","urlTemplate":"https:\/\/adl-regalosempresa.com\/tiendaonline\/?s={search_term_string}"},"query-input":{"@type":"PropertyValueSpecification","valueRequired":true,"valueName":"search_term_string"}}],"inLanguage":"es"},{"@type":"Organization","@id":"https:\/\/adl-regalosempresa.com\/tiendaonline\/#organization","name":"ADL Comunicaci\u00f3n","url":"https:\/\/adl-regalosempresa.com\/tiendaonline\/","logo":{"@type":"ImageObject","inLanguage":"es","@id":"https:\/\/adl-regalosempresa.com\/tiendaonline\/#\/schema\/logo\/image\/","url":"https:\/\/adl-regalosempresa.com\/tiendaonline\/wp-content\/uploads\/2017\/09\/logo-adl-wp.png","contentUrl":"https:\/\/adl-regalosempresa.com\/tiendaonline\/wp-content\/uploads\/2017\/09\/logo-adl-wp.png","width":407,"height":185,"caption":"ADL Comunicaci\u00f3n"},"image":{"@id":"https:\/\/adl-regalosempresa.com\/tiendaonline\/#\/schema\/logo\/image\/"}}]}},"_links":{"self":[{"href":"https:\/\/adl-regalosempresa.com\/tiendaonline\/wp-json\/wp\/v2\/product\/146856","targetHints":{"allow":["GET"]}}],"collection":[{"href":"https:\/\/adl-regalosempresa.com\/tiendaonline\/wp-json\/wp\/v2\/product"}],"about":[{"href":"https:\/\/adl-regalosempresa.com\/tiendaonline\/wp-json\/wp\/v2\/types\/product"}],"wp:featuredmedia":[{"embeddable":true,"href":"https:\/\/adl-regalosempresa.com\/tiendaonline\/wp-json\/wp\/v2\/media\/146858"}],"wp:attachment":[{"href":"https:\/\/adl-regalosempresa.com\/tiendaonline\/wp-json\/wp\/v2\/media?parent=146856"}],"wp:term":[{"taxonomy":"product_brand","embeddable":true,"href":"https:\/\/adl-regalosempresa.com\/tiendaonline\/wp-json\/wp\/v2\/product_brand?post=146856"},{"taxonomy":"product_cat","embeddable":true,"href":"https:\/\/adl-regalosempresa.com\/tiendaonline\/wp-json\/wp\/v2\/product_cat?post=146856"},{"taxonomy":"product_tag","embeddable":true,"href":"https:\/\/adl-regalosempresa.com\/tiendaonline\/wp-json\/wp\/v2\/product_tag?post=146856"}],"curies":[{"name":"wp","href":"https:\/\/api.w.org\/{rel}","templated":true}]}}