{"id":146597,"date":"2026-04-01T04:37:41","date_gmt":"2026-04-01T04:37:41","guid":{"rendered":"https:\/\/adl-regalosempresa.com\/tiendaonline\/articulos\/merchandising\/vaso-de-viaje-de-470-ml-para-personalizar-con-logo-2\/"},"modified":"2026-04-04T07:38:09","modified_gmt":"2026-04-04T07:38:09","slug":"vaso-de-viaje-de-470-ml-para-personalizar-con-logo-2","status":"publish","type":"product","link":"https:\/\/adl-regalosempresa.com\/tiendaonline\/articulos\/merchandising\/vaso-de-viaje-de-470-ml-para-personalizar-con-logo-2\/","title":{"rendered":"Vaso de viaje de 470\u00a0ml  para personalizar con logo"},"content":{"rendered":"<p>El vaso Transit Fliptop de 470 ml, de acero inoxidable reciclado de doble pared con aislamiento al vac\u00edo, est\u00e1 fabricado con una tecnolog\u00eda que lo hace un 33 % m\u00e1s ligero que el acero inoxidable est\u00e1ndar. El aislamiento de acero hilado ultraligero mantiene las bebidas calientes durante 4 horas o fr\u00edas durante 6 horas. El vaso es herm\u00e9tico y tiene una silicona a juego en la leng\u00fceta de la tapa y la base, lo que hace que abrirlo, cerrarlo y apoyarlo sea m\u00e1s silencioso. Apto para el lavavajillas y compatible con la mayor\u00eda de los portavasos de los coches.<\/p>\n","protected":false},"excerpt":{"rendered":"<p><strong>Descuentos por cantidades<\/strong><br \/>&#8211; a partir de 50 unidades: 37,38 \u20ac\/ud<br \/>&#8211; a partir de 100 unidades: 37,38 \u20ac\/ud<br \/>&#8211; a partir de 250 unidades: 37,38 \u20ac\/ud<\/p>\n<p>Para cantidades superiores a las aqu\u00ed indicadas, no dudes en ponerte en contacto con nuestro departamento comercial o <a href='https:\/\/adl-regalosempresa.com\/tiendaonline\/solicitud-presupuesto\/'>pedirnos presupuesto personalizado<\/a>, ajustaremos el presupuesto a tus necesidades.<\/p>\n","protected":false},"featured_media":146599,"template":"","meta":{"_kad_post_transparent":"","_kad_post_title":"","_kad_post_layout":"","_kad_post_sidebar_id":"","_kad_post_content_style":"","_kad_post_vertical_padding":"","_kad_post_feature":"","_kad_post_feature_position":"","_kad_post_header":false,"_kad_post_footer":false,"_kad_post_classname":""},"product_brand":[],"product_cat":[3795,3372],"product_tag":[],"class_list":{"0":"post-146597","1":"product","2":"type-product","3":"status-publish","4":"has-post-thumbnail","6":"product_cat-vasos-tazas-isotermicas","7":"product_cat-articulos-para-bebidas","8":"pa_alto-202-cm","9":"pa_ancho-69-cm","10":"pa_color-crema","11":"pa_color-gris","12":"pa_color-negro-intenso","13":"pa_color-simple-amarillo","14":"pa_color-simple-gris","15":"pa_color-simple-negro-intenso","16":"pa_largo-69-cm","17":"pa_marca-stanley","18":"pa_material-acero-inoxidable-reciclado","19":"pa_peso-250-gr","21":"first","22":"instock","23":"taxable","24":"shipping-taxable","25":"purchasable","26":"product-type-variable","27":"entry","28":"content-bg","29":"loop-entry"},"yoast_head":"<!-- This site is optimized with the Yoast SEO plugin v26.3 - https:\/\/yoast.com\/wordpress\/plugins\/seo\/ -->\n<title>Merchandising Vaso de viaje de 470\u00a0ml para personalizar con logo - ADL<\/title>\n<meta name=\"description\" content=\"Art\u00edculo de merchandising Vaso de viaje de 470\u00a0ml &quot;Stanley Transit Fliptop&quot;. El vaso Transit Fliptop de 470 ml, de acero inoxidable reciclado de doble pared con aislamiento al vac\u00edo, est\u00e1 fabricado con una tecnolog\u00eda que lo hace un 33 % m\u00e1s ligero que el acero inoxidable est\u00e1ndar. El aislamiento de acero hilado ultraligero mantiene las bebidas calientes durante 4 horas o fr\u00edas durante 6 horas. El vaso es herm\u00e9tico y tiene una silicona a juego en la leng\u00fceta de la tapa y la base, lo que hace que abrirlo, cerrarlo y apoyarlo sea m\u00e1s silencioso. Apto para el lavavajillas y compatible con la mayor\u00eda de los portavasos de los coches.\" \/>\n<meta name=\"robots\" content=\"index, follow, max-snippet:-1, max-image-preview:large, max-video-preview:-1\" \/>\n<link rel=\"canonical\" href=\"https:\/\/adl-regalosempresa.com\/tiendaonline\/articulos\/merchandising\/vaso-de-viaje-de-470-ml-para-personalizar-con-logo-2\/\" \/>\n<meta property=\"og:locale\" content=\"es_ES\" \/>\n<meta property=\"og:type\" content=\"article\" \/>\n<meta property=\"og:title\" content=\"Merchandising Vaso de viaje de 470\u00a0ml para personalizar con logo - ADL\" \/>\n<meta property=\"og:description\" content=\"Art\u00edculo de merchandising Vaso de viaje de 470\u00a0ml &quot;Stanley Transit Fliptop&quot;. El vaso Transit Fliptop de 470 ml, de acero inoxidable reciclado de doble pared con aislamiento al vac\u00edo, est\u00e1 fabricado con una tecnolog\u00eda que lo hace un 33 % m\u00e1s ligero que el acero inoxidable est\u00e1ndar. El aislamiento de acero hilado ultraligero mantiene las bebidas calientes durante 4 horas o fr\u00edas durante 6 horas. El vaso es herm\u00e9tico y tiene una silicona a juego en la leng\u00fceta de la tapa y la base, lo que hace que abrirlo, cerrarlo y apoyarlo sea m\u00e1s silencioso. Apto para el lavavajillas y compatible con la mayor\u00eda de los portavasos de los coches.\" \/>\n<meta property=\"og:url\" content=\"https:\/\/adl-regalosempresa.com\/tiendaonline\/articulos\/merchandising\/vaso-de-viaje-de-470-ml-para-personalizar-con-logo-2\/\" \/>\n<meta property=\"og:site_name\" content=\"ADL Comunicaci\u00f3n\" \/>\n<meta property=\"article:modified_time\" content=\"2026-04-04T07:38:09+00:00\" \/>\n<meta property=\"og:image\" content=\"https:\/\/adl-regalosempresa.com\/tiendaonline\/wp-content\/uploads\/2026\/03\/10094410.jpg\" \/>\n\t<meta property=\"og:image:width\" content=\"1600\" \/>\n\t<meta property=\"og:image:height\" content=\"1600\" \/>\n\t<meta property=\"og:image:type\" content=\"image\/jpeg\" \/>\n<meta name=\"twitter:card\" content=\"summary_large_image\" \/>\n<meta name=\"twitter:title\" content=\"Merchandising Vaso de viaje de 470\u00a0ml para personalizar con logo - ADL\" \/>\n<meta name=\"twitter:label1\" content=\"Tiempo de lectura\" \/>\n\t<meta name=\"twitter:data1\" content=\"1 minuto\" \/>\n<script type=\"application\/ld+json\" class=\"yoast-schema-graph\">{\"@context\":\"https:\/\/schema.org\",\"@graph\":[{\"@type\":\"WebPage\",\"@id\":\"https:\/\/adl-regalosempresa.com\/tiendaonline\/articulos\/merchandising\/vaso-de-viaje-de-470-ml-para-personalizar-con-logo-2\/\",\"url\":\"https:\/\/adl-regalosempresa.com\/tiendaonline\/articulos\/merchandising\/vaso-de-viaje-de-470-ml-para-personalizar-con-logo-2\/\",\"name\":\"Merchandising Vaso de viaje de 470\u00a0ml para personalizar con logo - ADL\",\"isPartOf\":{\"@id\":\"https:\/\/adl-regalosempresa.com\/tiendaonline\/#website\"},\"primaryImageOfPage\":{\"@id\":\"https:\/\/adl-regalosempresa.com\/tiendaonline\/articulos\/merchandising\/vaso-de-viaje-de-470-ml-para-personalizar-con-logo-2\/#primaryimage\"},\"image\":{\"@id\":\"https:\/\/adl-regalosempresa.com\/tiendaonline\/articulos\/merchandising\/vaso-de-viaje-de-470-ml-para-personalizar-con-logo-2\/#primaryimage\"},\"thumbnailUrl\":\"https:\/\/adl-regalosempresa.com\/tiendaonline\/wp-content\/uploads\/2026\/03\/10094410.jpg\",\"datePublished\":\"2026-04-01T04:37:41+00:00\",\"dateModified\":\"2026-04-04T07:38:09+00:00\",\"description\":\"Art\u00edculo de merchandising Vaso de viaje de 470\u00a0ml \\\"Stanley Transit Fliptop\\\". El vaso Transit Fliptop de 470 ml, de acero inoxidable reciclado de doble pared con aislamiento al vac\u00edo, est\u00e1 fabricado con una tecnolog\u00eda que lo hace un 33 % m\u00e1s ligero que el acero inoxidable est\u00e1ndar. El aislamiento de acero hilado ultraligero mantiene las bebidas calientes durante 4 horas o fr\u00edas durante 6 horas. El vaso es herm\u00e9tico y tiene una silicona a juego en la leng\u00fceta de la tapa y la base, lo que hace que abrirlo, cerrarlo y apoyarlo sea m\u00e1s silencioso. Apto para el lavavajillas y compatible con la mayor\u00eda de los portavasos de los coches.\",\"breadcrumb\":{\"@id\":\"https:\/\/adl-regalosempresa.com\/tiendaonline\/articulos\/merchandising\/vaso-de-viaje-de-470-ml-para-personalizar-con-logo-2\/#breadcrumb\"},\"inLanguage\":\"es\",\"potentialAction\":[{\"@type\":\"ReadAction\",\"target\":[\"https:\/\/adl-regalosempresa.com\/tiendaonline\/articulos\/merchandising\/vaso-de-viaje-de-470-ml-para-personalizar-con-logo-2\/\"]}]},{\"@type\":\"ImageObject\",\"inLanguage\":\"es\",\"@id\":\"https:\/\/adl-regalosempresa.com\/tiendaonline\/articulos\/merchandising\/vaso-de-viaje-de-470-ml-para-personalizar-con-logo-2\/#primaryimage\",\"url\":\"https:\/\/adl-regalosempresa.com\/tiendaonline\/wp-content\/uploads\/2026\/03\/10094410.jpg\",\"contentUrl\":\"https:\/\/adl-regalosempresa.com\/tiendaonline\/wp-content\/uploads\/2026\/03\/10094410.jpg\",\"width\":1600,\"height\":1600,\"caption\":\"Vaso de viaje de 470\u00a0ml \\\"Stanley Transit Fliptop\\\"\"},{\"@type\":\"BreadcrumbList\",\"@id\":\"https:\/\/adl-regalosempresa.com\/tiendaonline\/articulos\/merchandising\/vaso-de-viaje-de-470-ml-para-personalizar-con-logo-2\/#breadcrumb\",\"itemListElement\":[{\"@type\":\"ListItem\",\"position\":1,\"name\":\"Portada\",\"item\":\"https:\/\/adl-regalosempresa.com\/tiendaonline\/\"},{\"@type\":\"ListItem\",\"position\":2,\"name\":\"Tienda\",\"item\":\"https:\/\/adl-regalosempresa.com\/tiendaonline\/tienda\/\"},{\"@type\":\"ListItem\",\"position\":3,\"name\":\"Vaso de viaje de 470\u00a0ml para personalizar con logo\"}]},{\"@type\":\"WebSite\",\"@id\":\"https:\/\/adl-regalosempresa.com\/tiendaonline\/#website\",\"url\":\"https:\/\/adl-regalosempresa.com\/tiendaonline\/\",\"name\":\"ADL Comunicaci\u00f3n\",\"description\":\"Regalos de empresa\",\"publisher\":{\"@id\":\"https:\/\/adl-regalosempresa.com\/tiendaonline\/#organization\"},\"potentialAction\":[{\"@type\":\"SearchAction\",\"target\":{\"@type\":\"EntryPoint\",\"urlTemplate\":\"https:\/\/adl-regalosempresa.com\/tiendaonline\/?s={search_term_string}\"},\"query-input\":{\"@type\":\"PropertyValueSpecification\",\"valueRequired\":true,\"valueName\":\"search_term_string\"}}],\"inLanguage\":\"es\"},{\"@type\":\"Organization\",\"@id\":\"https:\/\/adl-regalosempresa.com\/tiendaonline\/#organization\",\"name\":\"ADL Comunicaci\u00f3n\",\"url\":\"https:\/\/adl-regalosempresa.com\/tiendaonline\/\",\"logo\":{\"@type\":\"ImageObject\",\"inLanguage\":\"es\",\"@id\":\"https:\/\/adl-regalosempresa.com\/tiendaonline\/#\/schema\/logo\/image\/\",\"url\":\"https:\/\/adl-regalosempresa.com\/tiendaonline\/wp-content\/uploads\/2017\/09\/logo-adl-wp.png\",\"contentUrl\":\"https:\/\/adl-regalosempresa.com\/tiendaonline\/wp-content\/uploads\/2017\/09\/logo-adl-wp.png\",\"width\":407,\"height\":185,\"caption\":\"ADL Comunicaci\u00f3n\"},\"image\":{\"@id\":\"https:\/\/adl-regalosempresa.com\/tiendaonline\/#\/schema\/logo\/image\/\"}}]}<\/script>\n<!-- \/ Yoast SEO plugin. -->","yoast_head_json":{"title":"Merchandising Vaso de viaje de 470\u00a0ml para personalizar con logo - ADL","description":"Art\u00edculo de merchandising Vaso de viaje de 470\u00a0ml \"Stanley Transit Fliptop\". El vaso Transit Fliptop de 470 ml, de acero inoxidable reciclado de doble pared con aislamiento al vac\u00edo, est\u00e1 fabricado con una tecnolog\u00eda que lo hace un 33 % m\u00e1s ligero que el acero inoxidable est\u00e1ndar. El aislamiento de acero hilado ultraligero mantiene las bebidas calientes durante 4 horas o fr\u00edas durante 6 horas. El vaso es herm\u00e9tico y tiene una silicona a juego en la leng\u00fceta de la tapa y la base, lo que hace que abrirlo, cerrarlo y apoyarlo sea m\u00e1s silencioso. Apto para el lavavajillas y compatible con la mayor\u00eda de los portavasos de los coches.","robots":{"index":"index","follow":"follow","max-snippet":"max-snippet:-1","max-image-preview":"max-image-preview:large","max-video-preview":"max-video-preview:-1"},"canonical":"https:\/\/adl-regalosempresa.com\/tiendaonline\/articulos\/merchandising\/vaso-de-viaje-de-470-ml-para-personalizar-con-logo-2\/","og_locale":"es_ES","og_type":"article","og_title":"Merchandising Vaso de viaje de 470\u00a0ml para personalizar con logo - ADL","og_description":"Art\u00edculo de merchandising Vaso de viaje de 470\u00a0ml \"Stanley Transit Fliptop\". El vaso Transit Fliptop de 470 ml, de acero inoxidable reciclado de doble pared con aislamiento al vac\u00edo, est\u00e1 fabricado con una tecnolog\u00eda que lo hace un 33 % m\u00e1s ligero que el acero inoxidable est\u00e1ndar. El aislamiento de acero hilado ultraligero mantiene las bebidas calientes durante 4 horas o fr\u00edas durante 6 horas. El vaso es herm\u00e9tico y tiene una silicona a juego en la leng\u00fceta de la tapa y la base, lo que hace que abrirlo, cerrarlo y apoyarlo sea m\u00e1s silencioso. Apto para el lavavajillas y compatible con la mayor\u00eda de los portavasos de los coches.","og_url":"https:\/\/adl-regalosempresa.com\/tiendaonline\/articulos\/merchandising\/vaso-de-viaje-de-470-ml-para-personalizar-con-logo-2\/","og_site_name":"ADL Comunicaci\u00f3n","article_modified_time":"2026-04-04T07:38:09+00:00","og_image":[{"width":1600,"height":1600,"url":"https:\/\/adl-regalosempresa.com\/tiendaonline\/wp-content\/uploads\/2026\/03\/10094410.jpg","type":"image\/jpeg"}],"twitter_card":"summary_large_image","twitter_title":"Merchandising Vaso de viaje de 470\u00a0ml para personalizar con logo - ADL","twitter_misc":{"Tiempo de lectura":"1 minuto"},"schema":{"@context":"https:\/\/schema.org","@graph":[{"@type":"WebPage","@id":"https:\/\/adl-regalosempresa.com\/tiendaonline\/articulos\/merchandising\/vaso-de-viaje-de-470-ml-para-personalizar-con-logo-2\/","url":"https:\/\/adl-regalosempresa.com\/tiendaonline\/articulos\/merchandising\/vaso-de-viaje-de-470-ml-para-personalizar-con-logo-2\/","name":"Merchandising Vaso de viaje de 470\u00a0ml para personalizar con logo - ADL","isPartOf":{"@id":"https:\/\/adl-regalosempresa.com\/tiendaonline\/#website"},"primaryImageOfPage":{"@id":"https:\/\/adl-regalosempresa.com\/tiendaonline\/articulos\/merchandising\/vaso-de-viaje-de-470-ml-para-personalizar-con-logo-2\/#primaryimage"},"image":{"@id":"https:\/\/adl-regalosempresa.com\/tiendaonline\/articulos\/merchandising\/vaso-de-viaje-de-470-ml-para-personalizar-con-logo-2\/#primaryimage"},"thumbnailUrl":"https:\/\/adl-regalosempresa.com\/tiendaonline\/wp-content\/uploads\/2026\/03\/10094410.jpg","datePublished":"2026-04-01T04:37:41+00:00","dateModified":"2026-04-04T07:38:09+00:00","description":"Art\u00edculo de merchandising Vaso de viaje de 470\u00a0ml \"Stanley Transit Fliptop\". El vaso Transit Fliptop de 470 ml, de acero inoxidable reciclado de doble pared con aislamiento al vac\u00edo, est\u00e1 fabricado con una tecnolog\u00eda que lo hace un 33 % m\u00e1s ligero que el acero inoxidable est\u00e1ndar. El aislamiento de acero hilado ultraligero mantiene las bebidas calientes durante 4 horas o fr\u00edas durante 6 horas. El vaso es herm\u00e9tico y tiene una silicona a juego en la leng\u00fceta de la tapa y la base, lo que hace que abrirlo, cerrarlo y apoyarlo sea m\u00e1s silencioso. Apto para el lavavajillas y compatible con la mayor\u00eda de los portavasos de los coches.","breadcrumb":{"@id":"https:\/\/adl-regalosempresa.com\/tiendaonline\/articulos\/merchandising\/vaso-de-viaje-de-470-ml-para-personalizar-con-logo-2\/#breadcrumb"},"inLanguage":"es","potentialAction":[{"@type":"ReadAction","target":["https:\/\/adl-regalosempresa.com\/tiendaonline\/articulos\/merchandising\/vaso-de-viaje-de-470-ml-para-personalizar-con-logo-2\/"]}]},{"@type":"ImageObject","inLanguage":"es","@id":"https:\/\/adl-regalosempresa.com\/tiendaonline\/articulos\/merchandising\/vaso-de-viaje-de-470-ml-para-personalizar-con-logo-2\/#primaryimage","url":"https:\/\/adl-regalosempresa.com\/tiendaonline\/wp-content\/uploads\/2026\/03\/10094410.jpg","contentUrl":"https:\/\/adl-regalosempresa.com\/tiendaonline\/wp-content\/uploads\/2026\/03\/10094410.jpg","width":1600,"height":1600,"caption":"Vaso de viaje de 470\u00a0ml \"Stanley Transit Fliptop\""},{"@type":"BreadcrumbList","@id":"https:\/\/adl-regalosempresa.com\/tiendaonline\/articulos\/merchandising\/vaso-de-viaje-de-470-ml-para-personalizar-con-logo-2\/#breadcrumb","itemListElement":[{"@type":"ListItem","position":1,"name":"Portada","item":"https:\/\/adl-regalosempresa.com\/tiendaonline\/"},{"@type":"ListItem","position":2,"name":"Tienda","item":"https:\/\/adl-regalosempresa.com\/tiendaonline\/tienda\/"},{"@type":"ListItem","position":3,"name":"Vaso de viaje de 470\u00a0ml para personalizar con logo"}]},{"@type":"WebSite","@id":"https:\/\/adl-regalosempresa.com\/tiendaonline\/#website","url":"https:\/\/adl-regalosempresa.com\/tiendaonline\/","name":"ADL Comunicaci\u00f3n","description":"Regalos de empresa","publisher":{"@id":"https:\/\/adl-regalosempresa.com\/tiendaonline\/#organization"},"potentialAction":[{"@type":"SearchAction","target":{"@type":"EntryPoint","urlTemplate":"https:\/\/adl-regalosempresa.com\/tiendaonline\/?s={search_term_string}"},"query-input":{"@type":"PropertyValueSpecification","valueRequired":true,"valueName":"search_term_string"}}],"inLanguage":"es"},{"@type":"Organization","@id":"https:\/\/adl-regalosempresa.com\/tiendaonline\/#organization","name":"ADL Comunicaci\u00f3n","url":"https:\/\/adl-regalosempresa.com\/tiendaonline\/","logo":{"@type":"ImageObject","inLanguage":"es","@id":"https:\/\/adl-regalosempresa.com\/tiendaonline\/#\/schema\/logo\/image\/","url":"https:\/\/adl-regalosempresa.com\/tiendaonline\/wp-content\/uploads\/2017\/09\/logo-adl-wp.png","contentUrl":"https:\/\/adl-regalosempresa.com\/tiendaonline\/wp-content\/uploads\/2017\/09\/logo-adl-wp.png","width":407,"height":185,"caption":"ADL Comunicaci\u00f3n"},"image":{"@id":"https:\/\/adl-regalosempresa.com\/tiendaonline\/#\/schema\/logo\/image\/"}}]}},"_links":{"self":[{"href":"https:\/\/adl-regalosempresa.com\/tiendaonline\/wp-json\/wp\/v2\/product\/146597","targetHints":{"allow":["GET"]}}],"collection":[{"href":"https:\/\/adl-regalosempresa.com\/tiendaonline\/wp-json\/wp\/v2\/product"}],"about":[{"href":"https:\/\/adl-regalosempresa.com\/tiendaonline\/wp-json\/wp\/v2\/types\/product"}],"wp:featuredmedia":[{"embeddable":true,"href":"https:\/\/adl-regalosempresa.com\/tiendaonline\/wp-json\/wp\/v2\/media\/146599"}],"wp:attachment":[{"href":"https:\/\/adl-regalosempresa.com\/tiendaonline\/wp-json\/wp\/v2\/media?parent=146597"}],"wp:term":[{"taxonomy":"product_brand","embeddable":true,"href":"https:\/\/adl-regalosempresa.com\/tiendaonline\/wp-json\/wp\/v2\/product_brand?post=146597"},{"taxonomy":"product_cat","embeddable":true,"href":"https:\/\/adl-regalosempresa.com\/tiendaonline\/wp-json\/wp\/v2\/product_cat?post=146597"},{"taxonomy":"product_tag","embeddable":true,"href":"https:\/\/adl-regalosempresa.com\/tiendaonline\/wp-json\/wp\/v2\/product_tag?post=146597"}],"curies":[{"name":"wp","href":"https:\/\/api.w.org\/{rel}","templated":true}]}}