{"id":146523,"date":"2026-04-15T04:54:07","date_gmt":"2026-04-15T04:54:07","guid":{"rendered":"https:\/\/adl-regalosempresa.com\/tiendaonline\/articulos\/merchandising\/vaso-de-250-ml-para-personalizar-con-logo\/"},"modified":"2026-04-15T04:56:05","modified_gmt":"2026-04-15T04:56:05","slug":"vaso-de-250-ml-para-personalizar-con-logo","status":"publish","type":"product","link":"https:\/\/adl-regalosempresa.com\/tiendaonline\/articulos\/merchandising\/vaso-de-250-ml-para-personalizar-con-logo\/","title":{"rendered":"Vaso de 250\u00a0ml  para personalizar con logo"},"content":{"rendered":"<p>El vaso \u00abAmericano\u00ae Espresso POP\u00bb contiene un 50\u00a0% de pl\u00e1stico reciclado Prevented Ocean Plastic. Gracias a una innovaci\u00f3n mundial en materia de reciclaje, los vasos de PP de un solo uso ahora pueden recogerse y reciclarse mec\u00e1nicamente para fabricar nuevos productos aptos para alimentos, \u00a1como este! De hecho, este vaso transforma 18 vasos de pl\u00e1stico de un solo uso en un recipiente que puede utilizarse una y otra vez, \u00a1y luego reciclarse de nuevo! Vaso con aislamiento de doble capa y tapa de rosca compacto. Se adapta a la mayor\u00eda de las cafeteras. Capacidad de 250 ml. Sin BPA. Cumple con la norma EN12875-1; apto para lavavajillas y microondas. Fabricado en el Reino Unido.<\/p>\n","protected":false},"excerpt":{"rendered":"<p><strong>Descuentos por cantidades<\/strong><br \/>&#8211; a partir de 100 unidades: 5,03 \u20ac\/ud<br \/>&#8211; a partir de 250 unidades: 4,66 \u20ac\/ud<br \/>&#8211; a partir de 500 unidades: 4,47 \u20ac\/ud<\/p>\n<p>Para cantidades superiores a las aqu\u00ed indicadas, no dudes en ponerte en contacto con nuestro departamento comercial o <a href='https:\/\/adl-regalosempresa.com\/tiendaonline\/solicitud-presupuesto\/'>pedirnos presupuesto personalizado<\/a>, ajustaremos el presupuesto a tus necesidades.<\/p>\n","protected":false},"featured_media":146525,"template":"","meta":{"_kad_post_transparent":"","_kad_post_title":"","_kad_post_layout":"","_kad_post_sidebar_id":"","_kad_post_content_style":"","_kad_post_vertical_padding":"","_kad_post_feature":"","_kad_post_feature_position":"","_kad_post_header":false,"_kad_post_footer":false,"_kad_post_classname":""},"product_brand":[],"product_cat":[3795,3372],"product_tag":[],"class_list":{"0":"post-146523","1":"product","2":"type-product","3":"status-publish","4":"has-post-thumbnail","6":"product_cat-vasos-tazas-isotermicas","7":"product_cat-articulos-para-bebidas","8":"pa_alto-118-cm","9":"pa_color-arenisca","10":"pa_color-azul","11":"pa_color-blanco","12":"pa_color-negro-intenso","13":"pa_color-verde-jaspeado","14":"pa_color-simple-azul","15":"pa_color-simple-blanco","16":"pa_color-simple-natural","17":"pa_color-simple-negro-intenso","18":"pa_color-simple-verde","19":"pa_diametro-945-cm","20":"pa_marca-unbranded","21":"pa_material-14-plastico-pp-36-polipropileno-reciclado-50-polipropileno-reciclado-pop","22":"pa_peso-1001-gr","24":"first","25":"instock","26":"taxable","27":"shipping-taxable","28":"purchasable","29":"product-type-variable","30":"entry","31":"content-bg","32":"loop-entry"},"yoast_head":"<!-- This site is optimized with the Yoast SEO plugin v26.3 - https:\/\/yoast.com\/wordpress\/plugins\/seo\/ -->\n<title>Merchandising Vaso de 250\u00a0ml para personalizar con logo - ADL<\/title>\n<meta name=\"description\" content=\"Art\u00edculo de merchandising Vaso de 250\u00a0ml &quot;Americano\u00ae Espresso POP&quot;. El vaso &quot;Americano\u00ae Espresso POP&quot; contiene un 50\u00a0% de pl\u00e1stico reciclado Prevented Ocean Plastic. Gracias a una innovaci\u00f3n mundial en materia de reciclaje, los vasos de PP de un solo uso ahora pueden recogerse y reciclarse mec\u00e1nicamente para fabricar nuevos productos aptos para alimentos, \u00a1como este! De hecho, este vaso transforma 18 vasos de pl\u00e1stico de un solo uso en un recipiente que puede utilizarse una y otra vez, \u00a1y luego reciclarse de nuevo! Vaso con aislamiento de doble capa y tapa de rosca compacto. Se adapta a la mayor\u00eda de las cafeteras. Capacidad de 250 ml. Sin BPA. Cumple con la norma EN12875-1; apto para lavavajillas y microondas. Fabricado en el Reino Unido.\" \/>\n<meta name=\"robots\" content=\"index, follow, max-snippet:-1, max-image-preview:large, max-video-preview:-1\" \/>\n<link rel=\"canonical\" href=\"https:\/\/adl-regalosempresa.com\/tiendaonline\/articulos\/merchandising\/vaso-de-250-ml-para-personalizar-con-logo\/\" \/>\n<meta property=\"og:locale\" content=\"es_ES\" \/>\n<meta property=\"og:type\" content=\"article\" \/>\n<meta property=\"og:title\" content=\"Merchandising Vaso de 250\u00a0ml para personalizar con logo - ADL\" \/>\n<meta property=\"og:description\" content=\"Art\u00edculo de merchandising Vaso de 250\u00a0ml &quot;Americano\u00ae Espresso POP&quot;. El vaso &quot;Americano\u00ae Espresso POP&quot; contiene un 50\u00a0% de pl\u00e1stico reciclado Prevented Ocean Plastic. Gracias a una innovaci\u00f3n mundial en materia de reciclaje, los vasos de PP de un solo uso ahora pueden recogerse y reciclarse mec\u00e1nicamente para fabricar nuevos productos aptos para alimentos, \u00a1como este! De hecho, este vaso transforma 18 vasos de pl\u00e1stico de un solo uso en un recipiente que puede utilizarse una y otra vez, \u00a1y luego reciclarse de nuevo! Vaso con aislamiento de doble capa y tapa de rosca compacto. Se adapta a la mayor\u00eda de las cafeteras. Capacidad de 250 ml. Sin BPA. Cumple con la norma EN12875-1; apto para lavavajillas y microondas. Fabricado en el Reino Unido.\" \/>\n<meta property=\"og:url\" content=\"https:\/\/adl-regalosempresa.com\/tiendaonline\/articulos\/merchandising\/vaso-de-250-ml-para-personalizar-con-logo\/\" \/>\n<meta property=\"og:site_name\" content=\"ADL Comunicaci\u00f3n\" \/>\n<meta property=\"article:modified_time\" content=\"2026-04-15T04:56:05+00:00\" \/>\n<meta property=\"og:image\" content=\"https:\/\/adl-regalosempresa.com\/tiendaonline\/wp-content\/uploads\/2026\/03\/21078101.jpg\" \/>\n\t<meta property=\"og:image:width\" content=\"1600\" \/>\n\t<meta property=\"og:image:height\" content=\"1600\" \/>\n\t<meta property=\"og:image:type\" content=\"image\/jpeg\" \/>\n<meta name=\"twitter:card\" content=\"summary_large_image\" \/>\n<meta name=\"twitter:title\" content=\"Merchandising Vaso de 250\u00a0ml para personalizar con logo - ADL\" \/>\n<meta name=\"twitter:label1\" content=\"Tiempo de lectura\" \/>\n\t<meta name=\"twitter:data1\" content=\"1 minuto\" \/>\n<script type=\"application\/ld+json\" class=\"yoast-schema-graph\">{\"@context\":\"https:\/\/schema.org\",\"@graph\":[{\"@type\":\"WebPage\",\"@id\":\"https:\/\/adl-regalosempresa.com\/tiendaonline\/articulos\/merchandising\/vaso-de-250-ml-para-personalizar-con-logo\/\",\"url\":\"https:\/\/adl-regalosempresa.com\/tiendaonline\/articulos\/merchandising\/vaso-de-250-ml-para-personalizar-con-logo\/\",\"name\":\"Merchandising Vaso de 250\u00a0ml para personalizar con logo - ADL\",\"isPartOf\":{\"@id\":\"https:\/\/adl-regalosempresa.com\/tiendaonline\/#website\"},\"primaryImageOfPage\":{\"@id\":\"https:\/\/adl-regalosempresa.com\/tiendaonline\/articulos\/merchandising\/vaso-de-250-ml-para-personalizar-con-logo\/#primaryimage\"},\"image\":{\"@id\":\"https:\/\/adl-regalosempresa.com\/tiendaonline\/articulos\/merchandising\/vaso-de-250-ml-para-personalizar-con-logo\/#primaryimage\"},\"thumbnailUrl\":\"https:\/\/adl-regalosempresa.com\/tiendaonline\/wp-content\/uploads\/2026\/03\/21078101.jpg\",\"datePublished\":\"2026-04-15T04:54:07+00:00\",\"dateModified\":\"2026-04-15T04:56:05+00:00\",\"description\":\"Art\u00edculo de merchandising Vaso de 250\u00a0ml \\\"Americano\u00ae Espresso POP\\\". El vaso \\\"Americano\u00ae Espresso POP\\\" contiene un 50\u00a0% de pl\u00e1stico reciclado Prevented Ocean Plastic. Gracias a una innovaci\u00f3n mundial en materia de reciclaje, los vasos de PP de un solo uso ahora pueden recogerse y reciclarse mec\u00e1nicamente para fabricar nuevos productos aptos para alimentos, \u00a1como este! De hecho, este vaso transforma 18 vasos de pl\u00e1stico de un solo uso en un recipiente que puede utilizarse una y otra vez, \u00a1y luego reciclarse de nuevo! Vaso con aislamiento de doble capa y tapa de rosca compacto. Se adapta a la mayor\u00eda de las cafeteras. Capacidad de 250 ml. Sin BPA. Cumple con la norma EN12875-1; apto para lavavajillas y microondas. Fabricado en el Reino Unido.\",\"breadcrumb\":{\"@id\":\"https:\/\/adl-regalosempresa.com\/tiendaonline\/articulos\/merchandising\/vaso-de-250-ml-para-personalizar-con-logo\/#breadcrumb\"},\"inLanguage\":\"es\",\"potentialAction\":[{\"@type\":\"ReadAction\",\"target\":[\"https:\/\/adl-regalosempresa.com\/tiendaonline\/articulos\/merchandising\/vaso-de-250-ml-para-personalizar-con-logo\/\"]}]},{\"@type\":\"ImageObject\",\"inLanguage\":\"es\",\"@id\":\"https:\/\/adl-regalosempresa.com\/tiendaonline\/articulos\/merchandising\/vaso-de-250-ml-para-personalizar-con-logo\/#primaryimage\",\"url\":\"https:\/\/adl-regalosempresa.com\/tiendaonline\/wp-content\/uploads\/2026\/03\/21078101.jpg\",\"contentUrl\":\"https:\/\/adl-regalosempresa.com\/tiendaonline\/wp-content\/uploads\/2026\/03\/21078101.jpg\",\"width\":1600,\"height\":1600,\"caption\":\"Vaso de 250\u00a0ml \\\"Americano\u00ae Espresso POP\\\"\"},{\"@type\":\"BreadcrumbList\",\"@id\":\"https:\/\/adl-regalosempresa.com\/tiendaonline\/articulos\/merchandising\/vaso-de-250-ml-para-personalizar-con-logo\/#breadcrumb\",\"itemListElement\":[{\"@type\":\"ListItem\",\"position\":1,\"name\":\"Portada\",\"item\":\"https:\/\/adl-regalosempresa.com\/tiendaonline\/\"},{\"@type\":\"ListItem\",\"position\":2,\"name\":\"Tienda\",\"item\":\"https:\/\/adl-regalosempresa.com\/tiendaonline\/tienda\/\"},{\"@type\":\"ListItem\",\"position\":3,\"name\":\"Vaso de 250\u00a0ml para personalizar con logo\"}]},{\"@type\":\"WebSite\",\"@id\":\"https:\/\/adl-regalosempresa.com\/tiendaonline\/#website\",\"url\":\"https:\/\/adl-regalosempresa.com\/tiendaonline\/\",\"name\":\"ADL Comunicaci\u00f3n\",\"description\":\"Regalos de empresa\",\"publisher\":{\"@id\":\"https:\/\/adl-regalosempresa.com\/tiendaonline\/#organization\"},\"potentialAction\":[{\"@type\":\"SearchAction\",\"target\":{\"@type\":\"EntryPoint\",\"urlTemplate\":\"https:\/\/adl-regalosempresa.com\/tiendaonline\/?s={search_term_string}\"},\"query-input\":{\"@type\":\"PropertyValueSpecification\",\"valueRequired\":true,\"valueName\":\"search_term_string\"}}],\"inLanguage\":\"es\"},{\"@type\":\"Organization\",\"@id\":\"https:\/\/adl-regalosempresa.com\/tiendaonline\/#organization\",\"name\":\"ADL Comunicaci\u00f3n\",\"url\":\"https:\/\/adl-regalosempresa.com\/tiendaonline\/\",\"logo\":{\"@type\":\"ImageObject\",\"inLanguage\":\"es\",\"@id\":\"https:\/\/adl-regalosempresa.com\/tiendaonline\/#\/schema\/logo\/image\/\",\"url\":\"https:\/\/adl-regalosempresa.com\/tiendaonline\/wp-content\/uploads\/2017\/09\/logo-adl-wp.png\",\"contentUrl\":\"https:\/\/adl-regalosempresa.com\/tiendaonline\/wp-content\/uploads\/2017\/09\/logo-adl-wp.png\",\"width\":407,\"height\":185,\"caption\":\"ADL Comunicaci\u00f3n\"},\"image\":{\"@id\":\"https:\/\/adl-regalosempresa.com\/tiendaonline\/#\/schema\/logo\/image\/\"}}]}<\/script>\n<!-- \/ Yoast SEO plugin. -->","yoast_head_json":{"title":"Merchandising Vaso de 250\u00a0ml para personalizar con logo - ADL","description":"Art\u00edculo de merchandising Vaso de 250\u00a0ml \"Americano\u00ae Espresso POP\". El vaso \"Americano\u00ae Espresso POP\" contiene un 50\u00a0% de pl\u00e1stico reciclado Prevented Ocean Plastic. Gracias a una innovaci\u00f3n mundial en materia de reciclaje, los vasos de PP de un solo uso ahora pueden recogerse y reciclarse mec\u00e1nicamente para fabricar nuevos productos aptos para alimentos, \u00a1como este! De hecho, este vaso transforma 18 vasos de pl\u00e1stico de un solo uso en un recipiente que puede utilizarse una y otra vez, \u00a1y luego reciclarse de nuevo! Vaso con aislamiento de doble capa y tapa de rosca compacto. Se adapta a la mayor\u00eda de las cafeteras. Capacidad de 250 ml. Sin BPA. Cumple con la norma EN12875-1; apto para lavavajillas y microondas. Fabricado en el Reino Unido.","robots":{"index":"index","follow":"follow","max-snippet":"max-snippet:-1","max-image-preview":"max-image-preview:large","max-video-preview":"max-video-preview:-1"},"canonical":"https:\/\/adl-regalosempresa.com\/tiendaonline\/articulos\/merchandising\/vaso-de-250-ml-para-personalizar-con-logo\/","og_locale":"es_ES","og_type":"article","og_title":"Merchandising Vaso de 250\u00a0ml para personalizar con logo - ADL","og_description":"Art\u00edculo de merchandising Vaso de 250\u00a0ml \"Americano\u00ae Espresso POP\". El vaso \"Americano\u00ae Espresso POP\" contiene un 50\u00a0% de pl\u00e1stico reciclado Prevented Ocean Plastic. Gracias a una innovaci\u00f3n mundial en materia de reciclaje, los vasos de PP de un solo uso ahora pueden recogerse y reciclarse mec\u00e1nicamente para fabricar nuevos productos aptos para alimentos, \u00a1como este! De hecho, este vaso transforma 18 vasos de pl\u00e1stico de un solo uso en un recipiente que puede utilizarse una y otra vez, \u00a1y luego reciclarse de nuevo! Vaso con aislamiento de doble capa y tapa de rosca compacto. Se adapta a la mayor\u00eda de las cafeteras. Capacidad de 250 ml. Sin BPA. Cumple con la norma EN12875-1; apto para lavavajillas y microondas. Fabricado en el Reino Unido.","og_url":"https:\/\/adl-regalosempresa.com\/tiendaonline\/articulos\/merchandising\/vaso-de-250-ml-para-personalizar-con-logo\/","og_site_name":"ADL Comunicaci\u00f3n","article_modified_time":"2026-04-15T04:56:05+00:00","og_image":[{"width":1600,"height":1600,"url":"https:\/\/adl-regalosempresa.com\/tiendaonline\/wp-content\/uploads\/2026\/03\/21078101.jpg","type":"image\/jpeg"}],"twitter_card":"summary_large_image","twitter_title":"Merchandising Vaso de 250\u00a0ml para personalizar con logo - ADL","twitter_misc":{"Tiempo de lectura":"1 minuto"},"schema":{"@context":"https:\/\/schema.org","@graph":[{"@type":"WebPage","@id":"https:\/\/adl-regalosempresa.com\/tiendaonline\/articulos\/merchandising\/vaso-de-250-ml-para-personalizar-con-logo\/","url":"https:\/\/adl-regalosempresa.com\/tiendaonline\/articulos\/merchandising\/vaso-de-250-ml-para-personalizar-con-logo\/","name":"Merchandising Vaso de 250\u00a0ml para personalizar con logo - ADL","isPartOf":{"@id":"https:\/\/adl-regalosempresa.com\/tiendaonline\/#website"},"primaryImageOfPage":{"@id":"https:\/\/adl-regalosempresa.com\/tiendaonline\/articulos\/merchandising\/vaso-de-250-ml-para-personalizar-con-logo\/#primaryimage"},"image":{"@id":"https:\/\/adl-regalosempresa.com\/tiendaonline\/articulos\/merchandising\/vaso-de-250-ml-para-personalizar-con-logo\/#primaryimage"},"thumbnailUrl":"https:\/\/adl-regalosempresa.com\/tiendaonline\/wp-content\/uploads\/2026\/03\/21078101.jpg","datePublished":"2026-04-15T04:54:07+00:00","dateModified":"2026-04-15T04:56:05+00:00","description":"Art\u00edculo de merchandising Vaso de 250\u00a0ml \"Americano\u00ae Espresso POP\". El vaso \"Americano\u00ae Espresso POP\" contiene un 50\u00a0% de pl\u00e1stico reciclado Prevented Ocean Plastic. Gracias a una innovaci\u00f3n mundial en materia de reciclaje, los vasos de PP de un solo uso ahora pueden recogerse y reciclarse mec\u00e1nicamente para fabricar nuevos productos aptos para alimentos, \u00a1como este! De hecho, este vaso transforma 18 vasos de pl\u00e1stico de un solo uso en un recipiente que puede utilizarse una y otra vez, \u00a1y luego reciclarse de nuevo! Vaso con aislamiento de doble capa y tapa de rosca compacto. Se adapta a la mayor\u00eda de las cafeteras. Capacidad de 250 ml. Sin BPA. Cumple con la norma EN12875-1; apto para lavavajillas y microondas. Fabricado en el Reino Unido.","breadcrumb":{"@id":"https:\/\/adl-regalosempresa.com\/tiendaonline\/articulos\/merchandising\/vaso-de-250-ml-para-personalizar-con-logo\/#breadcrumb"},"inLanguage":"es","potentialAction":[{"@type":"ReadAction","target":["https:\/\/adl-regalosempresa.com\/tiendaonline\/articulos\/merchandising\/vaso-de-250-ml-para-personalizar-con-logo\/"]}]},{"@type":"ImageObject","inLanguage":"es","@id":"https:\/\/adl-regalosempresa.com\/tiendaonline\/articulos\/merchandising\/vaso-de-250-ml-para-personalizar-con-logo\/#primaryimage","url":"https:\/\/adl-regalosempresa.com\/tiendaonline\/wp-content\/uploads\/2026\/03\/21078101.jpg","contentUrl":"https:\/\/adl-regalosempresa.com\/tiendaonline\/wp-content\/uploads\/2026\/03\/21078101.jpg","width":1600,"height":1600,"caption":"Vaso de 250\u00a0ml \"Americano\u00ae Espresso POP\""},{"@type":"BreadcrumbList","@id":"https:\/\/adl-regalosempresa.com\/tiendaonline\/articulos\/merchandising\/vaso-de-250-ml-para-personalizar-con-logo\/#breadcrumb","itemListElement":[{"@type":"ListItem","position":1,"name":"Portada","item":"https:\/\/adl-regalosempresa.com\/tiendaonline\/"},{"@type":"ListItem","position":2,"name":"Tienda","item":"https:\/\/adl-regalosempresa.com\/tiendaonline\/tienda\/"},{"@type":"ListItem","position":3,"name":"Vaso de 250\u00a0ml para personalizar con logo"}]},{"@type":"WebSite","@id":"https:\/\/adl-regalosempresa.com\/tiendaonline\/#website","url":"https:\/\/adl-regalosempresa.com\/tiendaonline\/","name":"ADL Comunicaci\u00f3n","description":"Regalos de empresa","publisher":{"@id":"https:\/\/adl-regalosempresa.com\/tiendaonline\/#organization"},"potentialAction":[{"@type":"SearchAction","target":{"@type":"EntryPoint","urlTemplate":"https:\/\/adl-regalosempresa.com\/tiendaonline\/?s={search_term_string}"},"query-input":{"@type":"PropertyValueSpecification","valueRequired":true,"valueName":"search_term_string"}}],"inLanguage":"es"},{"@type":"Organization","@id":"https:\/\/adl-regalosempresa.com\/tiendaonline\/#organization","name":"ADL Comunicaci\u00f3n","url":"https:\/\/adl-regalosempresa.com\/tiendaonline\/","logo":{"@type":"ImageObject","inLanguage":"es","@id":"https:\/\/adl-regalosempresa.com\/tiendaonline\/#\/schema\/logo\/image\/","url":"https:\/\/adl-regalosempresa.com\/tiendaonline\/wp-content\/uploads\/2017\/09\/logo-adl-wp.png","contentUrl":"https:\/\/adl-regalosempresa.com\/tiendaonline\/wp-content\/uploads\/2017\/09\/logo-adl-wp.png","width":407,"height":185,"caption":"ADL Comunicaci\u00f3n"},"image":{"@id":"https:\/\/adl-regalosempresa.com\/tiendaonline\/#\/schema\/logo\/image\/"}}]}},"_links":{"self":[{"href":"https:\/\/adl-regalosempresa.com\/tiendaonline\/wp-json\/wp\/v2\/product\/146523","targetHints":{"allow":["GET"]}}],"collection":[{"href":"https:\/\/adl-regalosempresa.com\/tiendaonline\/wp-json\/wp\/v2\/product"}],"about":[{"href":"https:\/\/adl-regalosempresa.com\/tiendaonline\/wp-json\/wp\/v2\/types\/product"}],"wp:featuredmedia":[{"embeddable":true,"href":"https:\/\/adl-regalosempresa.com\/tiendaonline\/wp-json\/wp\/v2\/media\/146525"}],"wp:attachment":[{"href":"https:\/\/adl-regalosempresa.com\/tiendaonline\/wp-json\/wp\/v2\/media?parent=146523"}],"wp:term":[{"taxonomy":"product_brand","embeddable":true,"href":"https:\/\/adl-regalosempresa.com\/tiendaonline\/wp-json\/wp\/v2\/product_brand?post=146523"},{"taxonomy":"product_cat","embeddable":true,"href":"https:\/\/adl-regalosempresa.com\/tiendaonline\/wp-json\/wp\/v2\/product_cat?post=146523"},{"taxonomy":"product_tag","embeddable":true,"href":"https:\/\/adl-regalosempresa.com\/tiendaonline\/wp-json\/wp\/v2\/product_tag?post=146523"}],"curies":[{"name":"wp","href":"https:\/\/api.w.org\/{rel}","templated":true}]}}