{"id":146430,"date":"2026-04-18T06:08:46","date_gmt":"2026-04-18T06:08:46","guid":{"rendered":"https:\/\/adl-regalosempresa.com\/tiendaonline\/articulos\/merchandising\/etiqueta-para-equipaje-de-piel-reciclada-para-personalizar-con-logo\/"},"modified":"2026-04-18T06:10:06","modified_gmt":"2026-04-18T06:10:06","slug":"etiqueta-para-equipaje-de-piel-reciclada-para-personalizar-con-logo","status":"publish","type":"product","link":"https:\/\/adl-regalosempresa.com\/tiendaonline\/articulos\/merchandising\/etiqueta-para-equipaje-de-piel-reciclada-para-personalizar-con-logo\/","title":{"rendered":"Etiqueta para equipaje de piel reciclada  para personalizar con logo"},"content":{"rendered":"<p>La etiqueta para equipaje \u00abMilou\u00bb es un accesorio esencial para los viajeros con estilo. Acabada con una resistente correa de cuero (1,5 \u00d7 11\u00a0cm), incluye una tarjeta est\u00e1ndar para el nombre, la direcci\u00f3n y los datos de contacto, adem\u00e1s de un detalle de cristal para un sutil brillo. Las costuras tono sobre tono en tres lados a\u00f1aden un refinado toque final. Fabricada en Francia con piel de vacuno reciclada, mide 6,5 \u00d7 11 cm y combina practicidad con una elecci\u00f3n de material de menor impacto.<\/p>\n","protected":false},"excerpt":{"rendered":"<p><strong>Descuentos por cantidades<\/strong><br \/>&#8211; a partir de 250 unidades: 9,71 \u20ac\/ud<br \/>&#8211; a partir de 500 unidades: 8,45 \u20ac\/ud<br \/>&#8211; a partir de 1000 unidades: 7,67 \u20ac\/ud<\/p>\n<p>Para cantidades superiores a las aqu\u00ed indicadas, no dudes en ponerte en contacto con nuestro departamento comercial o <a href='https:\/\/adl-regalosempresa.com\/tiendaonline\/solicitud-presupuesto\/'>pedirnos presupuesto personalizado<\/a>, ajustaremos el presupuesto a tus necesidades.<\/p>\n","protected":false},"featured_media":146469,"template":"","meta":{"_kad_post_transparent":"","_kad_post_title":"","_kad_post_layout":"","_kad_post_sidebar_id":"","_kad_post_content_style":"","_kad_post_vertical_padding":"","_kad_post_feature":"","_kad_post_feature_position":"","_kad_post_header":false,"_kad_post_footer":false,"_kad_post_classname":""},"product_brand":[],"product_cat":[4151,3526],"product_tag":[],"class_list":{"0":"post-146430","1":"product","2":"type-product","3":"status-publish","4":"has-post-thumbnail","6":"product_cat-accesorios-de-viaje","7":"product_cat-bolsas","8":"pa_alto-65-cm","9":"pa_color-azul-marino","10":"pa_color-beige","11":"pa_color-marron","12":"pa_color-negro-intenso","13":"pa_color-rojo","14":"pa_color-simple-azul","15":"pa_color-simple-blanco","16":"pa_color-simple-marron","17":"pa_color-simple-negro-intenso","18":"pa_color-simple-rojo","19":"pa_largo-11-cm","20":"pa_marca-citizen-green","21":"pa_material-cuero-reciclado","22":"pa_peso-1933-gr","24":"first","25":"instock","26":"taxable","27":"shipping-taxable","28":"purchasable","29":"product-type-variable","30":"entry","31":"content-bg","32":"loop-entry"},"yoast_head":"<!-- This site is optimized with the Yoast SEO plugin v26.3 - https:\/\/yoast.com\/wordpress\/plugins\/seo\/ -->\n<title>Merchandising Etiqueta para equipaje de piel reciclada para personalizar con logo - ADL<\/title>\n<meta name=\"description\" content=\"Art\u00edculo de merchandising Etiqueta para equipaje de piel reciclada &quot;Citizen Green Milou&quot;. La etiqueta para equipaje &quot;Milou&quot; es un accesorio esencial para los viajeros con estilo. Acabada con una resistente correa de cuero (1,5 \u00d7 11\u00a0cm), incluye una tarjeta est\u00e1ndar para el nombre, la direcci\u00f3n y los datos de contacto, adem\u00e1s de un detalle de cristal para un sutil brillo. Las costuras tono sobre tono en tres lados a\u00f1aden un refinado toque final. Fabricada en Francia con piel de vacuno reciclada, mide 6,5 \u00d7 11 cm y combina practicidad con una elecci\u00f3n de material de menor impacto.\" \/>\n<meta name=\"robots\" content=\"index, follow, max-snippet:-1, max-image-preview:large, max-video-preview:-1\" \/>\n<link rel=\"canonical\" href=\"https:\/\/adl-regalosempresa.com\/tiendaonline\/articulos\/merchandising\/etiqueta-para-equipaje-de-piel-reciclada-para-personalizar-con-logo\/\" \/>\n<meta property=\"og:locale\" content=\"es_ES\" \/>\n<meta property=\"og:type\" content=\"article\" \/>\n<meta property=\"og:title\" content=\"Merchandising Etiqueta para equipaje de piel reciclada para personalizar con logo - ADL\" \/>\n<meta property=\"og:description\" content=\"Art\u00edculo de merchandising Etiqueta para equipaje de piel reciclada &quot;Citizen Green Milou&quot;. La etiqueta para equipaje &quot;Milou&quot; es un accesorio esencial para los viajeros con estilo. Acabada con una resistente correa de cuero (1,5 \u00d7 11\u00a0cm), incluye una tarjeta est\u00e1ndar para el nombre, la direcci\u00f3n y los datos de contacto, adem\u00e1s de un detalle de cristal para un sutil brillo. Las costuras tono sobre tono en tres lados a\u00f1aden un refinado toque final. Fabricada en Francia con piel de vacuno reciclada, mide 6,5 \u00d7 11 cm y combina practicidad con una elecci\u00f3n de material de menor impacto.\" \/>\n<meta property=\"og:url\" content=\"https:\/\/adl-regalosempresa.com\/tiendaonline\/articulos\/merchandising\/etiqueta-para-equipaje-de-piel-reciclada-para-personalizar-con-logo\/\" \/>\n<meta property=\"og:site_name\" content=\"ADL Comunicaci\u00f3n\" \/>\n<meta property=\"article:modified_time\" content=\"2026-04-18T06:10:06+00:00\" \/>\n<meta property=\"og:image\" content=\"https:\/\/adl-regalosempresa.com\/tiendaonline\/wp-content\/uploads\/2026\/02\/1PZ03102.jpg\" \/>\n\t<meta property=\"og:image:width\" content=\"1600\" \/>\n\t<meta property=\"og:image:height\" content=\"1600\" \/>\n\t<meta property=\"og:image:type\" content=\"image\/jpeg\" \/>\n<meta name=\"twitter:card\" content=\"summary_large_image\" \/>\n<meta name=\"twitter:title\" content=\"Merchandising Etiqueta para equipaje de piel reciclada para personalizar con logo - ADL\" \/>\n<script type=\"application\/ld+json\" class=\"yoast-schema-graph\">{\"@context\":\"https:\/\/schema.org\",\"@graph\":[{\"@type\":\"WebPage\",\"@id\":\"https:\/\/adl-regalosempresa.com\/tiendaonline\/articulos\/merchandising\/etiqueta-para-equipaje-de-piel-reciclada-para-personalizar-con-logo\/\",\"url\":\"https:\/\/adl-regalosempresa.com\/tiendaonline\/articulos\/merchandising\/etiqueta-para-equipaje-de-piel-reciclada-para-personalizar-con-logo\/\",\"name\":\"Merchandising Etiqueta para equipaje de piel reciclada para personalizar con logo - ADL\",\"isPartOf\":{\"@id\":\"https:\/\/adl-regalosempresa.com\/tiendaonline\/#website\"},\"primaryImageOfPage\":{\"@id\":\"https:\/\/adl-regalosempresa.com\/tiendaonline\/articulos\/merchandising\/etiqueta-para-equipaje-de-piel-reciclada-para-personalizar-con-logo\/#primaryimage\"},\"image\":{\"@id\":\"https:\/\/adl-regalosempresa.com\/tiendaonline\/articulos\/merchandising\/etiqueta-para-equipaje-de-piel-reciclada-para-personalizar-con-logo\/#primaryimage\"},\"thumbnailUrl\":\"https:\/\/adl-regalosempresa.com\/tiendaonline\/wp-content\/uploads\/2026\/02\/1PZ03102.jpg\",\"datePublished\":\"2026-04-18T06:08:46+00:00\",\"dateModified\":\"2026-04-18T06:10:06+00:00\",\"description\":\"Art\u00edculo de merchandising Etiqueta para equipaje de piel reciclada \\\"Citizen Green Milou\\\". La etiqueta para equipaje \\\"Milou\\\" es un accesorio esencial para los viajeros con estilo. Acabada con una resistente correa de cuero (1,5 \u00d7 11\u00a0cm), incluye una tarjeta est\u00e1ndar para el nombre, la direcci\u00f3n y los datos de contacto, adem\u00e1s de un detalle de cristal para un sutil brillo. Las costuras tono sobre tono en tres lados a\u00f1aden un refinado toque final. Fabricada en Francia con piel de vacuno reciclada, mide 6,5 \u00d7 11 cm y combina practicidad con una elecci\u00f3n de material de menor impacto.\",\"breadcrumb\":{\"@id\":\"https:\/\/adl-regalosempresa.com\/tiendaonline\/articulos\/merchandising\/etiqueta-para-equipaje-de-piel-reciclada-para-personalizar-con-logo\/#breadcrumb\"},\"inLanguage\":\"es\",\"potentialAction\":[{\"@type\":\"ReadAction\",\"target\":[\"https:\/\/adl-regalosempresa.com\/tiendaonline\/articulos\/merchandising\/etiqueta-para-equipaje-de-piel-reciclada-para-personalizar-con-logo\/\"]}]},{\"@type\":\"ImageObject\",\"inLanguage\":\"es\",\"@id\":\"https:\/\/adl-regalosempresa.com\/tiendaonline\/articulos\/merchandising\/etiqueta-para-equipaje-de-piel-reciclada-para-personalizar-con-logo\/#primaryimage\",\"url\":\"https:\/\/adl-regalosempresa.com\/tiendaonline\/wp-content\/uploads\/2026\/02\/1PZ03102.jpg\",\"contentUrl\":\"https:\/\/adl-regalosempresa.com\/tiendaonline\/wp-content\/uploads\/2026\/02\/1PZ03102.jpg\",\"width\":1600,\"height\":1600,\"caption\":\"Etiqueta para equipaje de piel reciclada \\\"Citizen Green Milou\\\"\"},{\"@type\":\"BreadcrumbList\",\"@id\":\"https:\/\/adl-regalosempresa.com\/tiendaonline\/articulos\/merchandising\/etiqueta-para-equipaje-de-piel-reciclada-para-personalizar-con-logo\/#breadcrumb\",\"itemListElement\":[{\"@type\":\"ListItem\",\"position\":1,\"name\":\"Portada\",\"item\":\"https:\/\/adl-regalosempresa.com\/tiendaonline\/\"},{\"@type\":\"ListItem\",\"position\":2,\"name\":\"Tienda\",\"item\":\"https:\/\/adl-regalosempresa.com\/tiendaonline\/tienda\/\"},{\"@type\":\"ListItem\",\"position\":3,\"name\":\"Etiqueta para equipaje de piel reciclada para personalizar con logo\"}]},{\"@type\":\"WebSite\",\"@id\":\"https:\/\/adl-regalosempresa.com\/tiendaonline\/#website\",\"url\":\"https:\/\/adl-regalosempresa.com\/tiendaonline\/\",\"name\":\"ADL Comunicaci\u00f3n\",\"description\":\"Regalos de empresa\",\"publisher\":{\"@id\":\"https:\/\/adl-regalosempresa.com\/tiendaonline\/#organization\"},\"potentialAction\":[{\"@type\":\"SearchAction\",\"target\":{\"@type\":\"EntryPoint\",\"urlTemplate\":\"https:\/\/adl-regalosempresa.com\/tiendaonline\/?s={search_term_string}\"},\"query-input\":{\"@type\":\"PropertyValueSpecification\",\"valueRequired\":true,\"valueName\":\"search_term_string\"}}],\"inLanguage\":\"es\"},{\"@type\":\"Organization\",\"@id\":\"https:\/\/adl-regalosempresa.com\/tiendaonline\/#organization\",\"name\":\"ADL Comunicaci\u00f3n\",\"url\":\"https:\/\/adl-regalosempresa.com\/tiendaonline\/\",\"logo\":{\"@type\":\"ImageObject\",\"inLanguage\":\"es\",\"@id\":\"https:\/\/adl-regalosempresa.com\/tiendaonline\/#\/schema\/logo\/image\/\",\"url\":\"https:\/\/adl-regalosempresa.com\/tiendaonline\/wp-content\/uploads\/2017\/09\/logo-adl-wp.png\",\"contentUrl\":\"https:\/\/adl-regalosempresa.com\/tiendaonline\/wp-content\/uploads\/2017\/09\/logo-adl-wp.png\",\"width\":407,\"height\":185,\"caption\":\"ADL Comunicaci\u00f3n\"},\"image\":{\"@id\":\"https:\/\/adl-regalosempresa.com\/tiendaonline\/#\/schema\/logo\/image\/\"}}]}<\/script>\n<!-- \/ Yoast SEO plugin. -->","yoast_head_json":{"title":"Merchandising Etiqueta para equipaje de piel reciclada para personalizar con logo - ADL","description":"Art\u00edculo de merchandising Etiqueta para equipaje de piel reciclada \"Citizen Green Milou\". La etiqueta para equipaje \"Milou\" es un accesorio esencial para los viajeros con estilo. Acabada con una resistente correa de cuero (1,5 \u00d7 11\u00a0cm), incluye una tarjeta est\u00e1ndar para el nombre, la direcci\u00f3n y los datos de contacto, adem\u00e1s de un detalle de cristal para un sutil brillo. Las costuras tono sobre tono en tres lados a\u00f1aden un refinado toque final. Fabricada en Francia con piel de vacuno reciclada, mide 6,5 \u00d7 11 cm y combina practicidad con una elecci\u00f3n de material de menor impacto.","robots":{"index":"index","follow":"follow","max-snippet":"max-snippet:-1","max-image-preview":"max-image-preview:large","max-video-preview":"max-video-preview:-1"},"canonical":"https:\/\/adl-regalosempresa.com\/tiendaonline\/articulos\/merchandising\/etiqueta-para-equipaje-de-piel-reciclada-para-personalizar-con-logo\/","og_locale":"es_ES","og_type":"article","og_title":"Merchandising Etiqueta para equipaje de piel reciclada para personalizar con logo - ADL","og_description":"Art\u00edculo de merchandising Etiqueta para equipaje de piel reciclada \"Citizen Green Milou\". La etiqueta para equipaje \"Milou\" es un accesorio esencial para los viajeros con estilo. Acabada con una resistente correa de cuero (1,5 \u00d7 11\u00a0cm), incluye una tarjeta est\u00e1ndar para el nombre, la direcci\u00f3n y los datos de contacto, adem\u00e1s de un detalle de cristal para un sutil brillo. Las costuras tono sobre tono en tres lados a\u00f1aden un refinado toque final. Fabricada en Francia con piel de vacuno reciclada, mide 6,5 \u00d7 11 cm y combina practicidad con una elecci\u00f3n de material de menor impacto.","og_url":"https:\/\/adl-regalosempresa.com\/tiendaonline\/articulos\/merchandising\/etiqueta-para-equipaje-de-piel-reciclada-para-personalizar-con-logo\/","og_site_name":"ADL Comunicaci\u00f3n","article_modified_time":"2026-04-18T06:10:06+00:00","og_image":[{"width":1600,"height":1600,"url":"https:\/\/adl-regalosempresa.com\/tiendaonline\/wp-content\/uploads\/2026\/02\/1PZ03102.jpg","type":"image\/jpeg"}],"twitter_card":"summary_large_image","twitter_title":"Merchandising Etiqueta para equipaje de piel reciclada para personalizar con logo - ADL","schema":{"@context":"https:\/\/schema.org","@graph":[{"@type":"WebPage","@id":"https:\/\/adl-regalosempresa.com\/tiendaonline\/articulos\/merchandising\/etiqueta-para-equipaje-de-piel-reciclada-para-personalizar-con-logo\/","url":"https:\/\/adl-regalosempresa.com\/tiendaonline\/articulos\/merchandising\/etiqueta-para-equipaje-de-piel-reciclada-para-personalizar-con-logo\/","name":"Merchandising Etiqueta para equipaje de piel reciclada para personalizar con logo - ADL","isPartOf":{"@id":"https:\/\/adl-regalosempresa.com\/tiendaonline\/#website"},"primaryImageOfPage":{"@id":"https:\/\/adl-regalosempresa.com\/tiendaonline\/articulos\/merchandising\/etiqueta-para-equipaje-de-piel-reciclada-para-personalizar-con-logo\/#primaryimage"},"image":{"@id":"https:\/\/adl-regalosempresa.com\/tiendaonline\/articulos\/merchandising\/etiqueta-para-equipaje-de-piel-reciclada-para-personalizar-con-logo\/#primaryimage"},"thumbnailUrl":"https:\/\/adl-regalosempresa.com\/tiendaonline\/wp-content\/uploads\/2026\/02\/1PZ03102.jpg","datePublished":"2026-04-18T06:08:46+00:00","dateModified":"2026-04-18T06:10:06+00:00","description":"Art\u00edculo de merchandising Etiqueta para equipaje de piel reciclada \"Citizen Green Milou\". La etiqueta para equipaje \"Milou\" es un accesorio esencial para los viajeros con estilo. Acabada con una resistente correa de cuero (1,5 \u00d7 11\u00a0cm), incluye una tarjeta est\u00e1ndar para el nombre, la direcci\u00f3n y los datos de contacto, adem\u00e1s de un detalle de cristal para un sutil brillo. Las costuras tono sobre tono en tres lados a\u00f1aden un refinado toque final. Fabricada en Francia con piel de vacuno reciclada, mide 6,5 \u00d7 11 cm y combina practicidad con una elecci\u00f3n de material de menor impacto.","breadcrumb":{"@id":"https:\/\/adl-regalosempresa.com\/tiendaonline\/articulos\/merchandising\/etiqueta-para-equipaje-de-piel-reciclada-para-personalizar-con-logo\/#breadcrumb"},"inLanguage":"es","potentialAction":[{"@type":"ReadAction","target":["https:\/\/adl-regalosempresa.com\/tiendaonline\/articulos\/merchandising\/etiqueta-para-equipaje-de-piel-reciclada-para-personalizar-con-logo\/"]}]},{"@type":"ImageObject","inLanguage":"es","@id":"https:\/\/adl-regalosempresa.com\/tiendaonline\/articulos\/merchandising\/etiqueta-para-equipaje-de-piel-reciclada-para-personalizar-con-logo\/#primaryimage","url":"https:\/\/adl-regalosempresa.com\/tiendaonline\/wp-content\/uploads\/2026\/02\/1PZ03102.jpg","contentUrl":"https:\/\/adl-regalosempresa.com\/tiendaonline\/wp-content\/uploads\/2026\/02\/1PZ03102.jpg","width":1600,"height":1600,"caption":"Etiqueta para equipaje de piel reciclada \"Citizen Green Milou\""},{"@type":"BreadcrumbList","@id":"https:\/\/adl-regalosempresa.com\/tiendaonline\/articulos\/merchandising\/etiqueta-para-equipaje-de-piel-reciclada-para-personalizar-con-logo\/#breadcrumb","itemListElement":[{"@type":"ListItem","position":1,"name":"Portada","item":"https:\/\/adl-regalosempresa.com\/tiendaonline\/"},{"@type":"ListItem","position":2,"name":"Tienda","item":"https:\/\/adl-regalosempresa.com\/tiendaonline\/tienda\/"},{"@type":"ListItem","position":3,"name":"Etiqueta para equipaje de piel reciclada para personalizar con logo"}]},{"@type":"WebSite","@id":"https:\/\/adl-regalosempresa.com\/tiendaonline\/#website","url":"https:\/\/adl-regalosempresa.com\/tiendaonline\/","name":"ADL Comunicaci\u00f3n","description":"Regalos de empresa","publisher":{"@id":"https:\/\/adl-regalosempresa.com\/tiendaonline\/#organization"},"potentialAction":[{"@type":"SearchAction","target":{"@type":"EntryPoint","urlTemplate":"https:\/\/adl-regalosempresa.com\/tiendaonline\/?s={search_term_string}"},"query-input":{"@type":"PropertyValueSpecification","valueRequired":true,"valueName":"search_term_string"}}],"inLanguage":"es"},{"@type":"Organization","@id":"https:\/\/adl-regalosempresa.com\/tiendaonline\/#organization","name":"ADL Comunicaci\u00f3n","url":"https:\/\/adl-regalosempresa.com\/tiendaonline\/","logo":{"@type":"ImageObject","inLanguage":"es","@id":"https:\/\/adl-regalosempresa.com\/tiendaonline\/#\/schema\/logo\/image\/","url":"https:\/\/adl-regalosempresa.com\/tiendaonline\/wp-content\/uploads\/2017\/09\/logo-adl-wp.png","contentUrl":"https:\/\/adl-regalosempresa.com\/tiendaonline\/wp-content\/uploads\/2017\/09\/logo-adl-wp.png","width":407,"height":185,"caption":"ADL Comunicaci\u00f3n"},"image":{"@id":"https:\/\/adl-regalosempresa.com\/tiendaonline\/#\/schema\/logo\/image\/"}}]}},"_links":{"self":[{"href":"https:\/\/adl-regalosempresa.com\/tiendaonline\/wp-json\/wp\/v2\/product\/146430","targetHints":{"allow":["GET"]}}],"collection":[{"href":"https:\/\/adl-regalosempresa.com\/tiendaonline\/wp-json\/wp\/v2\/product"}],"about":[{"href":"https:\/\/adl-regalosempresa.com\/tiendaonline\/wp-json\/wp\/v2\/types\/product"}],"wp:featuredmedia":[{"embeddable":true,"href":"https:\/\/adl-regalosempresa.com\/tiendaonline\/wp-json\/wp\/v2\/media\/146469"}],"wp:attachment":[{"href":"https:\/\/adl-regalosempresa.com\/tiendaonline\/wp-json\/wp\/v2\/media?parent=146430"}],"wp:term":[{"taxonomy":"product_brand","embeddable":true,"href":"https:\/\/adl-regalosempresa.com\/tiendaonline\/wp-json\/wp\/v2\/product_brand?post=146430"},{"taxonomy":"product_cat","embeddable":true,"href":"https:\/\/adl-regalosempresa.com\/tiendaonline\/wp-json\/wp\/v2\/product_cat?post=146430"},{"taxonomy":"product_tag","embeddable":true,"href":"https:\/\/adl-regalosempresa.com\/tiendaonline\/wp-json\/wp\/v2\/product_tag?post=146430"}],"curies":[{"name":"wp","href":"https:\/\/api.w.org\/{rel}","templated":true}]}}