{"id":146393,"date":"2026-04-03T06:12:32","date_gmt":"2026-04-03T06:12:32","guid":{"rendered":"https:\/\/adl-regalosempresa.com\/tiendaonline\/articulos\/merchandising\/bolsa-de-viaje-para-personalizar-con-logo-6\/"},"modified":"2026-04-03T06:14:06","modified_gmt":"2026-04-03T06:14:06","slug":"bolsa-de-viaje-para-personalizar-con-logo-6","status":"publish","type":"product","link":"https:\/\/adl-regalosempresa.com\/tiendaonline\/articulos\/merchandising\/bolsa-de-viaje-para-personalizar-con-logo-6\/","title":{"rendered":"Bolsa de viaje  para personalizar con logo"},"content":{"rendered":"<p>La bolsa de viaje \u00abEscape\u00bb est\u00e1 hecha para el aventurero moderno. Un cierre de cremallera seguro mantiene tus pertenencias a salvo, mientras que el bolsillo frontal con cremallera ofrece un acceso r\u00e1pido a los objetos de uso diario. Con una correa para el hombro ajustable y extra\u00edble y dos asas de transporte de PP negro, se adapta a la forma de transporte que prefieras, y la funda para trolley de PP negro facilita los desplazamientos. Acabada con un elegante forro interior negro, est\u00e1 fabricada en Europa con un 100\u00a0% de RPET (240\u00a0g\/m\u00b2), por lo que combina la practicidad con una elecci\u00f3n de material de menor impacto. Dimensiones: 47 \u00d7 28 \u00d7 20 cm.<\/p>\n","protected":false},"excerpt":{"rendered":"<p><strong>Descuentos por cantidades<\/strong><br \/>&#8211; a partir de 50 unidades: 46,24 \u20ac\/ud<br \/>&#8211; a partir de 100 unidades: 42,02 \u20ac\/ud<br \/>&#8211; a partir de 250 unidades: 38,2 \u20ac\/ud<\/p>\n<p>Para cantidades superiores a las aqu\u00ed indicadas, no dudes en ponerte en contacto con nuestro departamento comercial o <a href='https:\/\/adl-regalosempresa.com\/tiendaonline\/solicitud-presupuesto\/'>pedirnos presupuesto personalizado<\/a>, ajustaremos el presupuesto a tus necesidades.<\/p>\n","protected":false},"featured_media":146395,"template":"","meta":{"_kad_post_transparent":"","_kad_post_title":"","_kad_post_layout":"","_kad_post_sidebar_id":"","_kad_post_content_style":"","_kad_post_vertical_padding":"","_kad_post_feature":"","_kad_post_feature_position":"","_kad_post_header":false,"_kad_post_footer":false,"_kad_post_classname":""},"product_brand":[],"product_cat":[3526,4827],"product_tag":[],"class_list":{"0":"post-146393","1":"product","2":"type-product","3":"status-publish","4":"has-post-thumbnail","6":"product_cat-bolsas","7":"product_cat-bolsas-de-viaje","8":"pa_alto-20-cm","9":"pa_ancho-28-cm","10":"pa_color-azul","11":"pa_color-burdeos","12":"pa_color-gris","13":"pa_color-simple-azul","14":"pa_color-simple-gris","15":"pa_color-simple-rojo","16":"pa_largo-47-cm","17":"pa_marca-citizen-green","18":"pa_material-poliester-reciclado","19":"pa_peso-369-gr","21":"first","22":"instock","23":"taxable","24":"shipping-taxable","25":"purchasable","26":"product-type-variable","27":"entry","28":"content-bg","29":"loop-entry"},"yoast_head":"<!-- This site is optimized with the Yoast SEO plugin v26.3 - https:\/\/yoast.com\/wordpress\/plugins\/seo\/ -->\n<title>Merchandising Bolsa de viaje para personalizar con logo - ADL<\/title>\n<meta name=\"description\" content=\"Art\u00edculo de merchandising Bolsa de viaje &quot;Citizen Green Escape&quot;. La bolsa de viaje &quot;Escape&quot; est\u00e1 hecha para el aventurero moderno. Un cierre de cremallera seguro mantiene tus pertenencias a salvo, mientras que el bolsillo frontal con cremallera ofrece un acceso r\u00e1pido a los objetos de uso diario. Con una correa para el hombro ajustable y extra\u00edble y dos asas de transporte de PP negro, se adapta a la forma de transporte que prefieras, y la funda para trolley de PP negro facilita los desplazamientos. Acabada con un elegante forro interior negro, est\u00e1 fabricada en Europa con un 100\u00a0% de RPET (240\u00a0g\/m\u00b2), por lo que combina la practicidad con una elecci\u00f3n de material de menor impacto. Dimensiones: 47 \u00d7 28 \u00d7 20 cm.\" \/>\n<meta name=\"robots\" content=\"index, follow, max-snippet:-1, max-image-preview:large, max-video-preview:-1\" \/>\n<link rel=\"canonical\" href=\"https:\/\/adl-regalosempresa.com\/tiendaonline\/articulos\/merchandising\/bolsa-de-viaje-para-personalizar-con-logo-6\/\" \/>\n<meta property=\"og:locale\" content=\"es_ES\" \/>\n<meta property=\"og:type\" content=\"article\" \/>\n<meta property=\"og:title\" content=\"Merchandising Bolsa de viaje para personalizar con logo - ADL\" \/>\n<meta property=\"og:description\" content=\"Art\u00edculo de merchandising Bolsa de viaje &quot;Citizen Green Escape&quot;. La bolsa de viaje &quot;Escape&quot; est\u00e1 hecha para el aventurero moderno. Un cierre de cremallera seguro mantiene tus pertenencias a salvo, mientras que el bolsillo frontal con cremallera ofrece un acceso r\u00e1pido a los objetos de uso diario. Con una correa para el hombro ajustable y extra\u00edble y dos asas de transporte de PP negro, se adapta a la forma de transporte que prefieras, y la funda para trolley de PP negro facilita los desplazamientos. Acabada con un elegante forro interior negro, est\u00e1 fabricada en Europa con un 100\u00a0% de RPET (240\u00a0g\/m\u00b2), por lo que combina la practicidad con una elecci\u00f3n de material de menor impacto. Dimensiones: 47 \u00d7 28 \u00d7 20 cm.\" \/>\n<meta property=\"og:url\" content=\"https:\/\/adl-regalosempresa.com\/tiendaonline\/articulos\/merchandising\/bolsa-de-viaje-para-personalizar-con-logo-6\/\" \/>\n<meta property=\"og:site_name\" content=\"ADL Comunicaci\u00f3n\" \/>\n<meta property=\"article:modified_time\" content=\"2026-04-03T06:14:06+00:00\" \/>\n<meta property=\"og:image\" content=\"https:\/\/adl-regalosempresa.com\/tiendaonline\/wp-content\/uploads\/2026\/02\/1PZ02522.jpg\" \/>\n\t<meta property=\"og:image:width\" content=\"1600\" \/>\n\t<meta property=\"og:image:height\" content=\"1600\" \/>\n\t<meta property=\"og:image:type\" content=\"image\/jpeg\" \/>\n<meta name=\"twitter:card\" content=\"summary_large_image\" \/>\n<meta name=\"twitter:title\" content=\"Merchandising Bolsa de viaje para personalizar con logo - ADL\" \/>\n<meta name=\"twitter:label1\" content=\"Tiempo de lectura\" \/>\n\t<meta name=\"twitter:data1\" content=\"1 minuto\" \/>\n<script type=\"application\/ld+json\" class=\"yoast-schema-graph\">{\"@context\":\"https:\/\/schema.org\",\"@graph\":[{\"@type\":\"WebPage\",\"@id\":\"https:\/\/adl-regalosempresa.com\/tiendaonline\/articulos\/merchandising\/bolsa-de-viaje-para-personalizar-con-logo-6\/\",\"url\":\"https:\/\/adl-regalosempresa.com\/tiendaonline\/articulos\/merchandising\/bolsa-de-viaje-para-personalizar-con-logo-6\/\",\"name\":\"Merchandising Bolsa de viaje para personalizar con logo - ADL\",\"isPartOf\":{\"@id\":\"https:\/\/adl-regalosempresa.com\/tiendaonline\/#website\"},\"primaryImageOfPage\":{\"@id\":\"https:\/\/adl-regalosempresa.com\/tiendaonline\/articulos\/merchandising\/bolsa-de-viaje-para-personalizar-con-logo-6\/#primaryimage\"},\"image\":{\"@id\":\"https:\/\/adl-regalosempresa.com\/tiendaonline\/articulos\/merchandising\/bolsa-de-viaje-para-personalizar-con-logo-6\/#primaryimage\"},\"thumbnailUrl\":\"https:\/\/adl-regalosempresa.com\/tiendaonline\/wp-content\/uploads\/2026\/02\/1PZ02522.jpg\",\"datePublished\":\"2026-04-03T06:12:32+00:00\",\"dateModified\":\"2026-04-03T06:14:06+00:00\",\"description\":\"Art\u00edculo de merchandising Bolsa de viaje \\\"Citizen Green Escape\\\". La bolsa de viaje \\\"Escape\\\" est\u00e1 hecha para el aventurero moderno. Un cierre de cremallera seguro mantiene tus pertenencias a salvo, mientras que el bolsillo frontal con cremallera ofrece un acceso r\u00e1pido a los objetos de uso diario. Con una correa para el hombro ajustable y extra\u00edble y dos asas de transporte de PP negro, se adapta a la forma de transporte que prefieras, y la funda para trolley de PP negro facilita los desplazamientos. Acabada con un elegante forro interior negro, est\u00e1 fabricada en Europa con un 100\u00a0% de RPET (240\u00a0g\/m\u00b2), por lo que combina la practicidad con una elecci\u00f3n de material de menor impacto. Dimensiones: 47 \u00d7 28 \u00d7 20 cm.\",\"breadcrumb\":{\"@id\":\"https:\/\/adl-regalosempresa.com\/tiendaonline\/articulos\/merchandising\/bolsa-de-viaje-para-personalizar-con-logo-6\/#breadcrumb\"},\"inLanguage\":\"es\",\"potentialAction\":[{\"@type\":\"ReadAction\",\"target\":[\"https:\/\/adl-regalosempresa.com\/tiendaonline\/articulos\/merchandising\/bolsa-de-viaje-para-personalizar-con-logo-6\/\"]}]},{\"@type\":\"ImageObject\",\"inLanguage\":\"es\",\"@id\":\"https:\/\/adl-regalosempresa.com\/tiendaonline\/articulos\/merchandising\/bolsa-de-viaje-para-personalizar-con-logo-6\/#primaryimage\",\"url\":\"https:\/\/adl-regalosempresa.com\/tiendaonline\/wp-content\/uploads\/2026\/02\/1PZ02522.jpg\",\"contentUrl\":\"https:\/\/adl-regalosempresa.com\/tiendaonline\/wp-content\/uploads\/2026\/02\/1PZ02522.jpg\",\"width\":1600,\"height\":1600,\"caption\":\"Bolsa de viaje \\\"Citizen Green Escape\\\"\"},{\"@type\":\"BreadcrumbList\",\"@id\":\"https:\/\/adl-regalosempresa.com\/tiendaonline\/articulos\/merchandising\/bolsa-de-viaje-para-personalizar-con-logo-6\/#breadcrumb\",\"itemListElement\":[{\"@type\":\"ListItem\",\"position\":1,\"name\":\"Portada\",\"item\":\"https:\/\/adl-regalosempresa.com\/tiendaonline\/\"},{\"@type\":\"ListItem\",\"position\":2,\"name\":\"Tienda\",\"item\":\"https:\/\/adl-regalosempresa.com\/tiendaonline\/tienda\/\"},{\"@type\":\"ListItem\",\"position\":3,\"name\":\"Bolsa de viaje para personalizar con logo\"}]},{\"@type\":\"WebSite\",\"@id\":\"https:\/\/adl-regalosempresa.com\/tiendaonline\/#website\",\"url\":\"https:\/\/adl-regalosempresa.com\/tiendaonline\/\",\"name\":\"ADL Comunicaci\u00f3n\",\"description\":\"Regalos de empresa\",\"publisher\":{\"@id\":\"https:\/\/adl-regalosempresa.com\/tiendaonline\/#organization\"},\"potentialAction\":[{\"@type\":\"SearchAction\",\"target\":{\"@type\":\"EntryPoint\",\"urlTemplate\":\"https:\/\/adl-regalosempresa.com\/tiendaonline\/?s={search_term_string}\"},\"query-input\":{\"@type\":\"PropertyValueSpecification\",\"valueRequired\":true,\"valueName\":\"search_term_string\"}}],\"inLanguage\":\"es\"},{\"@type\":\"Organization\",\"@id\":\"https:\/\/adl-regalosempresa.com\/tiendaonline\/#organization\",\"name\":\"ADL Comunicaci\u00f3n\",\"url\":\"https:\/\/adl-regalosempresa.com\/tiendaonline\/\",\"logo\":{\"@type\":\"ImageObject\",\"inLanguage\":\"es\",\"@id\":\"https:\/\/adl-regalosempresa.com\/tiendaonline\/#\/schema\/logo\/image\/\",\"url\":\"https:\/\/adl-regalosempresa.com\/tiendaonline\/wp-content\/uploads\/2017\/09\/logo-adl-wp.png\",\"contentUrl\":\"https:\/\/adl-regalosempresa.com\/tiendaonline\/wp-content\/uploads\/2017\/09\/logo-adl-wp.png\",\"width\":407,\"height\":185,\"caption\":\"ADL Comunicaci\u00f3n\"},\"image\":{\"@id\":\"https:\/\/adl-regalosempresa.com\/tiendaonline\/#\/schema\/logo\/image\/\"}}]}<\/script>\n<!-- \/ Yoast SEO plugin. -->","yoast_head_json":{"title":"Merchandising Bolsa de viaje para personalizar con logo - ADL","description":"Art\u00edculo de merchandising Bolsa de viaje \"Citizen Green Escape\". La bolsa de viaje \"Escape\" est\u00e1 hecha para el aventurero moderno. Un cierre de cremallera seguro mantiene tus pertenencias a salvo, mientras que el bolsillo frontal con cremallera ofrece un acceso r\u00e1pido a los objetos de uso diario. Con una correa para el hombro ajustable y extra\u00edble y dos asas de transporte de PP negro, se adapta a la forma de transporte que prefieras, y la funda para trolley de PP negro facilita los desplazamientos. Acabada con un elegante forro interior negro, est\u00e1 fabricada en Europa con un 100\u00a0% de RPET (240\u00a0g\/m\u00b2), por lo que combina la practicidad con una elecci\u00f3n de material de menor impacto. Dimensiones: 47 \u00d7 28 \u00d7 20 cm.","robots":{"index":"index","follow":"follow","max-snippet":"max-snippet:-1","max-image-preview":"max-image-preview:large","max-video-preview":"max-video-preview:-1"},"canonical":"https:\/\/adl-regalosempresa.com\/tiendaonline\/articulos\/merchandising\/bolsa-de-viaje-para-personalizar-con-logo-6\/","og_locale":"es_ES","og_type":"article","og_title":"Merchandising Bolsa de viaje para personalizar con logo - ADL","og_description":"Art\u00edculo de merchandising Bolsa de viaje \"Citizen Green Escape\". La bolsa de viaje \"Escape\" est\u00e1 hecha para el aventurero moderno. Un cierre de cremallera seguro mantiene tus pertenencias a salvo, mientras que el bolsillo frontal con cremallera ofrece un acceso r\u00e1pido a los objetos de uso diario. Con una correa para el hombro ajustable y extra\u00edble y dos asas de transporte de PP negro, se adapta a la forma de transporte que prefieras, y la funda para trolley de PP negro facilita los desplazamientos. Acabada con un elegante forro interior negro, est\u00e1 fabricada en Europa con un 100\u00a0% de RPET (240\u00a0g\/m\u00b2), por lo que combina la practicidad con una elecci\u00f3n de material de menor impacto. Dimensiones: 47 \u00d7 28 \u00d7 20 cm.","og_url":"https:\/\/adl-regalosempresa.com\/tiendaonline\/articulos\/merchandising\/bolsa-de-viaje-para-personalizar-con-logo-6\/","og_site_name":"ADL Comunicaci\u00f3n","article_modified_time":"2026-04-03T06:14:06+00:00","og_image":[{"width":1600,"height":1600,"url":"https:\/\/adl-regalosempresa.com\/tiendaonline\/wp-content\/uploads\/2026\/02\/1PZ02522.jpg","type":"image\/jpeg"}],"twitter_card":"summary_large_image","twitter_title":"Merchandising Bolsa de viaje para personalizar con logo - ADL","twitter_misc":{"Tiempo de lectura":"1 minuto"},"schema":{"@context":"https:\/\/schema.org","@graph":[{"@type":"WebPage","@id":"https:\/\/adl-regalosempresa.com\/tiendaonline\/articulos\/merchandising\/bolsa-de-viaje-para-personalizar-con-logo-6\/","url":"https:\/\/adl-regalosempresa.com\/tiendaonline\/articulos\/merchandising\/bolsa-de-viaje-para-personalizar-con-logo-6\/","name":"Merchandising Bolsa de viaje para personalizar con logo - ADL","isPartOf":{"@id":"https:\/\/adl-regalosempresa.com\/tiendaonline\/#website"},"primaryImageOfPage":{"@id":"https:\/\/adl-regalosempresa.com\/tiendaonline\/articulos\/merchandising\/bolsa-de-viaje-para-personalizar-con-logo-6\/#primaryimage"},"image":{"@id":"https:\/\/adl-regalosempresa.com\/tiendaonline\/articulos\/merchandising\/bolsa-de-viaje-para-personalizar-con-logo-6\/#primaryimage"},"thumbnailUrl":"https:\/\/adl-regalosempresa.com\/tiendaonline\/wp-content\/uploads\/2026\/02\/1PZ02522.jpg","datePublished":"2026-04-03T06:12:32+00:00","dateModified":"2026-04-03T06:14:06+00:00","description":"Art\u00edculo de merchandising Bolsa de viaje \"Citizen Green Escape\". La bolsa de viaje \"Escape\" est\u00e1 hecha para el aventurero moderno. Un cierre de cremallera seguro mantiene tus pertenencias a salvo, mientras que el bolsillo frontal con cremallera ofrece un acceso r\u00e1pido a los objetos de uso diario. Con una correa para el hombro ajustable y extra\u00edble y dos asas de transporte de PP negro, se adapta a la forma de transporte que prefieras, y la funda para trolley de PP negro facilita los desplazamientos. Acabada con un elegante forro interior negro, est\u00e1 fabricada en Europa con un 100\u00a0% de RPET (240\u00a0g\/m\u00b2), por lo que combina la practicidad con una elecci\u00f3n de material de menor impacto. Dimensiones: 47 \u00d7 28 \u00d7 20 cm.","breadcrumb":{"@id":"https:\/\/adl-regalosempresa.com\/tiendaonline\/articulos\/merchandising\/bolsa-de-viaje-para-personalizar-con-logo-6\/#breadcrumb"},"inLanguage":"es","potentialAction":[{"@type":"ReadAction","target":["https:\/\/adl-regalosempresa.com\/tiendaonline\/articulos\/merchandising\/bolsa-de-viaje-para-personalizar-con-logo-6\/"]}]},{"@type":"ImageObject","inLanguage":"es","@id":"https:\/\/adl-regalosempresa.com\/tiendaonline\/articulos\/merchandising\/bolsa-de-viaje-para-personalizar-con-logo-6\/#primaryimage","url":"https:\/\/adl-regalosempresa.com\/tiendaonline\/wp-content\/uploads\/2026\/02\/1PZ02522.jpg","contentUrl":"https:\/\/adl-regalosempresa.com\/tiendaonline\/wp-content\/uploads\/2026\/02\/1PZ02522.jpg","width":1600,"height":1600,"caption":"Bolsa de viaje \"Citizen Green Escape\""},{"@type":"BreadcrumbList","@id":"https:\/\/adl-regalosempresa.com\/tiendaonline\/articulos\/merchandising\/bolsa-de-viaje-para-personalizar-con-logo-6\/#breadcrumb","itemListElement":[{"@type":"ListItem","position":1,"name":"Portada","item":"https:\/\/adl-regalosempresa.com\/tiendaonline\/"},{"@type":"ListItem","position":2,"name":"Tienda","item":"https:\/\/adl-regalosempresa.com\/tiendaonline\/tienda\/"},{"@type":"ListItem","position":3,"name":"Bolsa de viaje para personalizar con logo"}]},{"@type":"WebSite","@id":"https:\/\/adl-regalosempresa.com\/tiendaonline\/#website","url":"https:\/\/adl-regalosempresa.com\/tiendaonline\/","name":"ADL Comunicaci\u00f3n","description":"Regalos de empresa","publisher":{"@id":"https:\/\/adl-regalosempresa.com\/tiendaonline\/#organization"},"potentialAction":[{"@type":"SearchAction","target":{"@type":"EntryPoint","urlTemplate":"https:\/\/adl-regalosempresa.com\/tiendaonline\/?s={search_term_string}"},"query-input":{"@type":"PropertyValueSpecification","valueRequired":true,"valueName":"search_term_string"}}],"inLanguage":"es"},{"@type":"Organization","@id":"https:\/\/adl-regalosempresa.com\/tiendaonline\/#organization","name":"ADL Comunicaci\u00f3n","url":"https:\/\/adl-regalosempresa.com\/tiendaonline\/","logo":{"@type":"ImageObject","inLanguage":"es","@id":"https:\/\/adl-regalosempresa.com\/tiendaonline\/#\/schema\/logo\/image\/","url":"https:\/\/adl-regalosempresa.com\/tiendaonline\/wp-content\/uploads\/2017\/09\/logo-adl-wp.png","contentUrl":"https:\/\/adl-regalosempresa.com\/tiendaonline\/wp-content\/uploads\/2017\/09\/logo-adl-wp.png","width":407,"height":185,"caption":"ADL Comunicaci\u00f3n"},"image":{"@id":"https:\/\/adl-regalosempresa.com\/tiendaonline\/#\/schema\/logo\/image\/"}}]}},"_links":{"self":[{"href":"https:\/\/adl-regalosempresa.com\/tiendaonline\/wp-json\/wp\/v2\/product\/146393","targetHints":{"allow":["GET"]}}],"collection":[{"href":"https:\/\/adl-regalosempresa.com\/tiendaonline\/wp-json\/wp\/v2\/product"}],"about":[{"href":"https:\/\/adl-regalosempresa.com\/tiendaonline\/wp-json\/wp\/v2\/types\/product"}],"wp:featuredmedia":[{"embeddable":true,"href":"https:\/\/adl-regalosempresa.com\/tiendaonline\/wp-json\/wp\/v2\/media\/146395"}],"wp:attachment":[{"href":"https:\/\/adl-regalosempresa.com\/tiendaonline\/wp-json\/wp\/v2\/media?parent=146393"}],"wp:term":[{"taxonomy":"product_brand","embeddable":true,"href":"https:\/\/adl-regalosempresa.com\/tiendaonline\/wp-json\/wp\/v2\/product_brand?post=146393"},{"taxonomy":"product_cat","embeddable":true,"href":"https:\/\/adl-regalosempresa.com\/tiendaonline\/wp-json\/wp\/v2\/product_cat?post=146393"},{"taxonomy":"product_tag","embeddable":true,"href":"https:\/\/adl-regalosempresa.com\/tiendaonline\/wp-json\/wp\/v2\/product_tag?post=146393"}],"curies":[{"name":"wp","href":"https:\/\/api.w.org\/{rel}","templated":true}]}}