{"id":146366,"date":"2026-04-04T06:08:45","date_gmt":"2026-04-04T06:08:45","guid":{"rendered":"https:\/\/adl-regalosempresa.com\/tiendaonline\/articulos\/merchandising\/bolsa-de-viaje-y-funda-de-algodon-organico-para-personalizar-con-logo\/"},"modified":"2026-04-04T06:10:05","modified_gmt":"2026-04-04T06:10:05","slug":"bolsa-de-viaje-y-funda-de-algodon-organico-para-personalizar-con-logo","status":"publish","type":"product","link":"https:\/\/adl-regalosempresa.com\/tiendaonline\/articulos\/merchandising\/bolsa-de-viaje-y-funda-de-algodon-organico-para-personalizar-con-logo\/","title":{"rendered":"Bolsa de viaje y funda de algod\u00f3n org\u00e1nico  para personalizar con logo"},"content":{"rendered":"<p>El set \u00abCombio\u00bb, compuesto por una bolsa de viaje y una funda a juego, es un compa\u00f1ero ideal para escapadas de fin de semana y estancias cortas. La bolsa de viaje cuenta con un cierre de cremallera seguro y un pr\u00e1ctico bolsillo interior (20 \u00d7 15\u00a0cm) que ofrece espacio de sobra para los objetos esenciales. Las largas asas de transporte (64 \u00d7 4\u00a0cm) proporcionan un c\u00f3modo uso diario. La funda es perfecta para mantener organizados los objetos m\u00e1s peque\u00f1os gracias a un cierre de cremallera, un bolsillo delantero sujeto con un bot\u00f3n a presi\u00f3n y una pr\u00e1ctica asa de lazo para facilitar su transporte. Fabricado en algod\u00f3n org\u00e1nico 100\u00a0% (360\u00a0g\/m\u00b2), este resistente set combina estilo y practicidad. Dimensiones de la bolsa: 41 \u00d7 48 \u00d7 23\u00a0cm. Dimensiones de la funda: 19 \u00d7 24 \u00d7 6 cm.<\/p>\n","protected":false},"excerpt":{"rendered":"<p><strong>Descuentos por cantidades<\/strong><br \/>&#8211; a partir de 25 unidades: 24,77 \u20ac\/ud<br \/>&#8211; a partir de 50 unidades: 22,53 \u20ac\/ud<br \/>&#8211; a partir de 100 unidades: 20,47 \u20ac\/ud<\/p>\n<p>Para cantidades superiores a las aqu\u00ed indicadas, no dudes en ponerte en contacto con nuestro departamento comercial o <a href='https:\/\/adl-regalosempresa.com\/tiendaonline\/solicitud-presupuesto\/'>pedirnos presupuesto personalizado<\/a>, ajustaremos el presupuesto a tus necesidades.<\/p>\n","protected":false},"featured_media":146368,"template":"","meta":{"_kad_post_transparent":"","_kad_post_title":"","_kad_post_layout":"","_kad_post_sidebar_id":"","_kad_post_content_style":"","_kad_post_vertical_padding":"","_kad_post_feature":"","_kad_post_feature_position":"","_kad_post_header":false,"_kad_post_footer":false,"_kad_post_classname":""},"product_brand":[],"product_cat":[3526,4827],"product_tag":[],"class_list":{"0":"post-146366","1":"product","2":"type-product","3":"status-publish","4":"has-post-thumbnail","6":"product_cat-bolsas","7":"product_cat-bolsas-de-viaje","8":"pa_alto-23-cm","9":"pa_ancho-48-cm","10":"pa_color-natural","11":"pa_color-negro-intenso","12":"pa_color-simple-natural","13":"pa_color-simple-negro-intenso","14":"pa_largo-41-cm","15":"pa_marca-citizen-green","16":"pa_material-algodon-organico","17":"pa_peso-466-gr","19":"first","20":"instock","21":"taxable","22":"shipping-taxable","23":"purchasable","24":"product-type-variable","25":"entry","26":"content-bg","27":"loop-entry"},"yoast_head":"<!-- This site is optimized with the Yoast SEO plugin v26.3 - https:\/\/yoast.com\/wordpress\/plugins\/seo\/ -->\n<title>Merchandising Bolsa de viaje y funda de algod\u00f3n org\u00e1nico para personalizar con logo - ADL<\/title>\n<meta name=\"description\" content=\"Art\u00edculo de merchandising Bolsa de viaje y funda de algod\u00f3n org\u00e1nico &quot;Citizen Green Combio&quot;. El set &quot;Combio&quot;, compuesto por una bolsa de viaje y una funda a juego, es un compa\u00f1ero ideal para escapadas de fin de semana y estancias cortas. La bolsa de viaje cuenta con un cierre de cremallera seguro y un pr\u00e1ctico bolsillo interior (20 \u00d7 15\u00a0cm) que ofrece espacio de sobra para los objetos esenciales. Las largas asas de transporte (64 \u00d7 4\u00a0cm) proporcionan un c\u00f3modo uso diario. La funda es perfecta para mantener organizados los objetos m\u00e1s peque\u00f1os gracias a un cierre de cremallera, un bolsillo delantero sujeto con un bot\u00f3n a presi\u00f3n y una pr\u00e1ctica asa de lazo para facilitar su transporte. Fabricado en algod\u00f3n org\u00e1nico 100\u00a0% (360\u00a0g\/m\u00b2), este resistente set combina estilo y practicidad. Dimensiones de la bolsa: 41 \u00d7 48 \u00d7 23\u00a0cm. Dimensiones de la funda: 19 \u00d7 24 \u00d7 6 cm.\" \/>\n<meta name=\"robots\" content=\"index, follow, max-snippet:-1, max-image-preview:large, max-video-preview:-1\" \/>\n<link rel=\"canonical\" href=\"https:\/\/adl-regalosempresa.com\/tiendaonline\/articulos\/merchandising\/bolsa-de-viaje-y-funda-de-algodon-organico-para-personalizar-con-logo\/\" \/>\n<meta property=\"og:locale\" content=\"es_ES\" \/>\n<meta property=\"og:type\" content=\"article\" \/>\n<meta property=\"og:title\" content=\"Merchandising Bolsa de viaje y funda de algod\u00f3n org\u00e1nico para personalizar con logo - ADL\" \/>\n<meta property=\"og:description\" content=\"Art\u00edculo de merchandising Bolsa de viaje y funda de algod\u00f3n org\u00e1nico &quot;Citizen Green Combio&quot;. El set &quot;Combio&quot;, compuesto por una bolsa de viaje y una funda a juego, es un compa\u00f1ero ideal para escapadas de fin de semana y estancias cortas. La bolsa de viaje cuenta con un cierre de cremallera seguro y un pr\u00e1ctico bolsillo interior (20 \u00d7 15\u00a0cm) que ofrece espacio de sobra para los objetos esenciales. Las largas asas de transporte (64 \u00d7 4\u00a0cm) proporcionan un c\u00f3modo uso diario. La funda es perfecta para mantener organizados los objetos m\u00e1s peque\u00f1os gracias a un cierre de cremallera, un bolsillo delantero sujeto con un bot\u00f3n a presi\u00f3n y una pr\u00e1ctica asa de lazo para facilitar su transporte. Fabricado en algod\u00f3n org\u00e1nico 100\u00a0% (360\u00a0g\/m\u00b2), este resistente set combina estilo y practicidad. Dimensiones de la bolsa: 41 \u00d7 48 \u00d7 23\u00a0cm. Dimensiones de la funda: 19 \u00d7 24 \u00d7 6 cm.\" \/>\n<meta property=\"og:url\" content=\"https:\/\/adl-regalosempresa.com\/tiendaonline\/articulos\/merchandising\/bolsa-de-viaje-y-funda-de-algodon-organico-para-personalizar-con-logo\/\" \/>\n<meta property=\"og:site_name\" content=\"ADL Comunicaci\u00f3n\" \/>\n<meta property=\"article:modified_time\" content=\"2026-04-04T06:10:05+00:00\" \/>\n<meta property=\"og:image\" content=\"https:\/\/adl-regalosempresa.com\/tiendaonline\/wp-content\/uploads\/2026\/02\/1PZ01806.jpg\" \/>\n\t<meta property=\"og:image:width\" content=\"1600\" \/>\n\t<meta property=\"og:image:height\" content=\"1600\" \/>\n\t<meta property=\"og:image:type\" content=\"image\/jpeg\" \/>\n<meta name=\"twitter:card\" content=\"summary_large_image\" \/>\n<meta name=\"twitter:title\" content=\"Merchandising Bolsa de viaje y funda de algod\u00f3n org\u00e1nico para personalizar con logo - ADL\" \/>\n<meta name=\"twitter:label1\" content=\"Tiempo de lectura\" \/>\n\t<meta name=\"twitter:data1\" content=\"1 minuto\" \/>\n<script type=\"application\/ld+json\" class=\"yoast-schema-graph\">{\"@context\":\"https:\/\/schema.org\",\"@graph\":[{\"@type\":\"WebPage\",\"@id\":\"https:\/\/adl-regalosempresa.com\/tiendaonline\/articulos\/merchandising\/bolsa-de-viaje-y-funda-de-algodon-organico-para-personalizar-con-logo\/\",\"url\":\"https:\/\/adl-regalosempresa.com\/tiendaonline\/articulos\/merchandising\/bolsa-de-viaje-y-funda-de-algodon-organico-para-personalizar-con-logo\/\",\"name\":\"Merchandising Bolsa de viaje y funda de algod\u00f3n org\u00e1nico para personalizar con logo - ADL\",\"isPartOf\":{\"@id\":\"https:\/\/adl-regalosempresa.com\/tiendaonline\/#website\"},\"primaryImageOfPage\":{\"@id\":\"https:\/\/adl-regalosempresa.com\/tiendaonline\/articulos\/merchandising\/bolsa-de-viaje-y-funda-de-algodon-organico-para-personalizar-con-logo\/#primaryimage\"},\"image\":{\"@id\":\"https:\/\/adl-regalosempresa.com\/tiendaonline\/articulos\/merchandising\/bolsa-de-viaje-y-funda-de-algodon-organico-para-personalizar-con-logo\/#primaryimage\"},\"thumbnailUrl\":\"https:\/\/adl-regalosempresa.com\/tiendaonline\/wp-content\/uploads\/2026\/02\/1PZ01806.jpg\",\"datePublished\":\"2026-04-04T06:08:45+00:00\",\"dateModified\":\"2026-04-04T06:10:05+00:00\",\"description\":\"Art\u00edculo de merchandising Bolsa de viaje y funda de algod\u00f3n org\u00e1nico \\\"Citizen Green Combio\\\". El set \\\"Combio\\\", compuesto por una bolsa de viaje y una funda a juego, es un compa\u00f1ero ideal para escapadas de fin de semana y estancias cortas. La bolsa de viaje cuenta con un cierre de cremallera seguro y un pr\u00e1ctico bolsillo interior (20 \u00d7 15\u00a0cm) que ofrece espacio de sobra para los objetos esenciales. Las largas asas de transporte (64 \u00d7 4\u00a0cm) proporcionan un c\u00f3modo uso diario. La funda es perfecta para mantener organizados los objetos m\u00e1s peque\u00f1os gracias a un cierre de cremallera, un bolsillo delantero sujeto con un bot\u00f3n a presi\u00f3n y una pr\u00e1ctica asa de lazo para facilitar su transporte. Fabricado en algod\u00f3n org\u00e1nico 100\u00a0% (360\u00a0g\/m\u00b2), este resistente set combina estilo y practicidad. Dimensiones de la bolsa: 41 \u00d7 48 \u00d7 23\u00a0cm. Dimensiones de la funda: 19 \u00d7 24 \u00d7 6 cm.\",\"breadcrumb\":{\"@id\":\"https:\/\/adl-regalosempresa.com\/tiendaonline\/articulos\/merchandising\/bolsa-de-viaje-y-funda-de-algodon-organico-para-personalizar-con-logo\/#breadcrumb\"},\"inLanguage\":\"es\",\"potentialAction\":[{\"@type\":\"ReadAction\",\"target\":[\"https:\/\/adl-regalosempresa.com\/tiendaonline\/articulos\/merchandising\/bolsa-de-viaje-y-funda-de-algodon-organico-para-personalizar-con-logo\/\"]}]},{\"@type\":\"ImageObject\",\"inLanguage\":\"es\",\"@id\":\"https:\/\/adl-regalosempresa.com\/tiendaonline\/articulos\/merchandising\/bolsa-de-viaje-y-funda-de-algodon-organico-para-personalizar-con-logo\/#primaryimage\",\"url\":\"https:\/\/adl-regalosempresa.com\/tiendaonline\/wp-content\/uploads\/2026\/02\/1PZ01806.jpg\",\"contentUrl\":\"https:\/\/adl-regalosempresa.com\/tiendaonline\/wp-content\/uploads\/2026\/02\/1PZ01806.jpg\",\"width\":1600,\"height\":1600,\"caption\":\"Bolsa de viaje y funda de algod\u00f3n org\u00e1nico \\\"Citizen Green Combio\\\"\"},{\"@type\":\"BreadcrumbList\",\"@id\":\"https:\/\/adl-regalosempresa.com\/tiendaonline\/articulos\/merchandising\/bolsa-de-viaje-y-funda-de-algodon-organico-para-personalizar-con-logo\/#breadcrumb\",\"itemListElement\":[{\"@type\":\"ListItem\",\"position\":1,\"name\":\"Portada\",\"item\":\"https:\/\/adl-regalosempresa.com\/tiendaonline\/\"},{\"@type\":\"ListItem\",\"position\":2,\"name\":\"Tienda\",\"item\":\"https:\/\/adl-regalosempresa.com\/tiendaonline\/tienda\/\"},{\"@type\":\"ListItem\",\"position\":3,\"name\":\"Bolsa de viaje y funda de algod\u00f3n org\u00e1nico para personalizar con logo\"}]},{\"@type\":\"WebSite\",\"@id\":\"https:\/\/adl-regalosempresa.com\/tiendaonline\/#website\",\"url\":\"https:\/\/adl-regalosempresa.com\/tiendaonline\/\",\"name\":\"ADL Comunicaci\u00f3n\",\"description\":\"Regalos de empresa\",\"publisher\":{\"@id\":\"https:\/\/adl-regalosempresa.com\/tiendaonline\/#organization\"},\"potentialAction\":[{\"@type\":\"SearchAction\",\"target\":{\"@type\":\"EntryPoint\",\"urlTemplate\":\"https:\/\/adl-regalosempresa.com\/tiendaonline\/?s={search_term_string}\"},\"query-input\":{\"@type\":\"PropertyValueSpecification\",\"valueRequired\":true,\"valueName\":\"search_term_string\"}}],\"inLanguage\":\"es\"},{\"@type\":\"Organization\",\"@id\":\"https:\/\/adl-regalosempresa.com\/tiendaonline\/#organization\",\"name\":\"ADL Comunicaci\u00f3n\",\"url\":\"https:\/\/adl-regalosempresa.com\/tiendaonline\/\",\"logo\":{\"@type\":\"ImageObject\",\"inLanguage\":\"es\",\"@id\":\"https:\/\/adl-regalosempresa.com\/tiendaonline\/#\/schema\/logo\/image\/\",\"url\":\"https:\/\/adl-regalosempresa.com\/tiendaonline\/wp-content\/uploads\/2017\/09\/logo-adl-wp.png\",\"contentUrl\":\"https:\/\/adl-regalosempresa.com\/tiendaonline\/wp-content\/uploads\/2017\/09\/logo-adl-wp.png\",\"width\":407,\"height\":185,\"caption\":\"ADL Comunicaci\u00f3n\"},\"image\":{\"@id\":\"https:\/\/adl-regalosempresa.com\/tiendaonline\/#\/schema\/logo\/image\/\"}}]}<\/script>\n<!-- \/ Yoast SEO plugin. -->","yoast_head_json":{"title":"Merchandising Bolsa de viaje y funda de algod\u00f3n org\u00e1nico para personalizar con logo - ADL","description":"Art\u00edculo de merchandising Bolsa de viaje y funda de algod\u00f3n org\u00e1nico \"Citizen Green Combio\". El set \"Combio\", compuesto por una bolsa de viaje y una funda a juego, es un compa\u00f1ero ideal para escapadas de fin de semana y estancias cortas. La bolsa de viaje cuenta con un cierre de cremallera seguro y un pr\u00e1ctico bolsillo interior (20 \u00d7 15\u00a0cm) que ofrece espacio de sobra para los objetos esenciales. Las largas asas de transporte (64 \u00d7 4\u00a0cm) proporcionan un c\u00f3modo uso diario. La funda es perfecta para mantener organizados los objetos m\u00e1s peque\u00f1os gracias a un cierre de cremallera, un bolsillo delantero sujeto con un bot\u00f3n a presi\u00f3n y una pr\u00e1ctica asa de lazo para facilitar su transporte. Fabricado en algod\u00f3n org\u00e1nico 100\u00a0% (360\u00a0g\/m\u00b2), este resistente set combina estilo y practicidad. Dimensiones de la bolsa: 41 \u00d7 48 \u00d7 23\u00a0cm. Dimensiones de la funda: 19 \u00d7 24 \u00d7 6 cm.","robots":{"index":"index","follow":"follow","max-snippet":"max-snippet:-1","max-image-preview":"max-image-preview:large","max-video-preview":"max-video-preview:-1"},"canonical":"https:\/\/adl-regalosempresa.com\/tiendaonline\/articulos\/merchandising\/bolsa-de-viaje-y-funda-de-algodon-organico-para-personalizar-con-logo\/","og_locale":"es_ES","og_type":"article","og_title":"Merchandising Bolsa de viaje y funda de algod\u00f3n org\u00e1nico para personalizar con logo - ADL","og_description":"Art\u00edculo de merchandising Bolsa de viaje y funda de algod\u00f3n org\u00e1nico \"Citizen Green Combio\". El set \"Combio\", compuesto por una bolsa de viaje y una funda a juego, es un compa\u00f1ero ideal para escapadas de fin de semana y estancias cortas. La bolsa de viaje cuenta con un cierre de cremallera seguro y un pr\u00e1ctico bolsillo interior (20 \u00d7 15\u00a0cm) que ofrece espacio de sobra para los objetos esenciales. Las largas asas de transporte (64 \u00d7 4\u00a0cm) proporcionan un c\u00f3modo uso diario. La funda es perfecta para mantener organizados los objetos m\u00e1s peque\u00f1os gracias a un cierre de cremallera, un bolsillo delantero sujeto con un bot\u00f3n a presi\u00f3n y una pr\u00e1ctica asa de lazo para facilitar su transporte. Fabricado en algod\u00f3n org\u00e1nico 100\u00a0% (360\u00a0g\/m\u00b2), este resistente set combina estilo y practicidad. Dimensiones de la bolsa: 41 \u00d7 48 \u00d7 23\u00a0cm. Dimensiones de la funda: 19 \u00d7 24 \u00d7 6 cm.","og_url":"https:\/\/adl-regalosempresa.com\/tiendaonline\/articulos\/merchandising\/bolsa-de-viaje-y-funda-de-algodon-organico-para-personalizar-con-logo\/","og_site_name":"ADL Comunicaci\u00f3n","article_modified_time":"2026-04-04T06:10:05+00:00","og_image":[{"width":1600,"height":1600,"url":"https:\/\/adl-regalosempresa.com\/tiendaonline\/wp-content\/uploads\/2026\/02\/1PZ01806.jpg","type":"image\/jpeg"}],"twitter_card":"summary_large_image","twitter_title":"Merchandising Bolsa de viaje y funda de algod\u00f3n org\u00e1nico para personalizar con logo - ADL","twitter_misc":{"Tiempo de lectura":"1 minuto"},"schema":{"@context":"https:\/\/schema.org","@graph":[{"@type":"WebPage","@id":"https:\/\/adl-regalosempresa.com\/tiendaonline\/articulos\/merchandising\/bolsa-de-viaje-y-funda-de-algodon-organico-para-personalizar-con-logo\/","url":"https:\/\/adl-regalosempresa.com\/tiendaonline\/articulos\/merchandising\/bolsa-de-viaje-y-funda-de-algodon-organico-para-personalizar-con-logo\/","name":"Merchandising Bolsa de viaje y funda de algod\u00f3n org\u00e1nico para personalizar con logo - ADL","isPartOf":{"@id":"https:\/\/adl-regalosempresa.com\/tiendaonline\/#website"},"primaryImageOfPage":{"@id":"https:\/\/adl-regalosempresa.com\/tiendaonline\/articulos\/merchandising\/bolsa-de-viaje-y-funda-de-algodon-organico-para-personalizar-con-logo\/#primaryimage"},"image":{"@id":"https:\/\/adl-regalosempresa.com\/tiendaonline\/articulos\/merchandising\/bolsa-de-viaje-y-funda-de-algodon-organico-para-personalizar-con-logo\/#primaryimage"},"thumbnailUrl":"https:\/\/adl-regalosempresa.com\/tiendaonline\/wp-content\/uploads\/2026\/02\/1PZ01806.jpg","datePublished":"2026-04-04T06:08:45+00:00","dateModified":"2026-04-04T06:10:05+00:00","description":"Art\u00edculo de merchandising Bolsa de viaje y funda de algod\u00f3n org\u00e1nico \"Citizen Green Combio\". El set \"Combio\", compuesto por una bolsa de viaje y una funda a juego, es un compa\u00f1ero ideal para escapadas de fin de semana y estancias cortas. La bolsa de viaje cuenta con un cierre de cremallera seguro y un pr\u00e1ctico bolsillo interior (20 \u00d7 15\u00a0cm) que ofrece espacio de sobra para los objetos esenciales. Las largas asas de transporte (64 \u00d7 4\u00a0cm) proporcionan un c\u00f3modo uso diario. La funda es perfecta para mantener organizados los objetos m\u00e1s peque\u00f1os gracias a un cierre de cremallera, un bolsillo delantero sujeto con un bot\u00f3n a presi\u00f3n y una pr\u00e1ctica asa de lazo para facilitar su transporte. Fabricado en algod\u00f3n org\u00e1nico 100\u00a0% (360\u00a0g\/m\u00b2), este resistente set combina estilo y practicidad. Dimensiones de la bolsa: 41 \u00d7 48 \u00d7 23\u00a0cm. Dimensiones de la funda: 19 \u00d7 24 \u00d7 6 cm.","breadcrumb":{"@id":"https:\/\/adl-regalosempresa.com\/tiendaonline\/articulos\/merchandising\/bolsa-de-viaje-y-funda-de-algodon-organico-para-personalizar-con-logo\/#breadcrumb"},"inLanguage":"es","potentialAction":[{"@type":"ReadAction","target":["https:\/\/adl-regalosempresa.com\/tiendaonline\/articulos\/merchandising\/bolsa-de-viaje-y-funda-de-algodon-organico-para-personalizar-con-logo\/"]}]},{"@type":"ImageObject","inLanguage":"es","@id":"https:\/\/adl-regalosempresa.com\/tiendaonline\/articulos\/merchandising\/bolsa-de-viaje-y-funda-de-algodon-organico-para-personalizar-con-logo\/#primaryimage","url":"https:\/\/adl-regalosempresa.com\/tiendaonline\/wp-content\/uploads\/2026\/02\/1PZ01806.jpg","contentUrl":"https:\/\/adl-regalosempresa.com\/tiendaonline\/wp-content\/uploads\/2026\/02\/1PZ01806.jpg","width":1600,"height":1600,"caption":"Bolsa de viaje y funda de algod\u00f3n org\u00e1nico \"Citizen Green Combio\""},{"@type":"BreadcrumbList","@id":"https:\/\/adl-regalosempresa.com\/tiendaonline\/articulos\/merchandising\/bolsa-de-viaje-y-funda-de-algodon-organico-para-personalizar-con-logo\/#breadcrumb","itemListElement":[{"@type":"ListItem","position":1,"name":"Portada","item":"https:\/\/adl-regalosempresa.com\/tiendaonline\/"},{"@type":"ListItem","position":2,"name":"Tienda","item":"https:\/\/adl-regalosempresa.com\/tiendaonline\/tienda\/"},{"@type":"ListItem","position":3,"name":"Bolsa de viaje y funda de algod\u00f3n org\u00e1nico para personalizar con logo"}]},{"@type":"WebSite","@id":"https:\/\/adl-regalosempresa.com\/tiendaonline\/#website","url":"https:\/\/adl-regalosempresa.com\/tiendaonline\/","name":"ADL Comunicaci\u00f3n","description":"Regalos de empresa","publisher":{"@id":"https:\/\/adl-regalosempresa.com\/tiendaonline\/#organization"},"potentialAction":[{"@type":"SearchAction","target":{"@type":"EntryPoint","urlTemplate":"https:\/\/adl-regalosempresa.com\/tiendaonline\/?s={search_term_string}"},"query-input":{"@type":"PropertyValueSpecification","valueRequired":true,"valueName":"search_term_string"}}],"inLanguage":"es"},{"@type":"Organization","@id":"https:\/\/adl-regalosempresa.com\/tiendaonline\/#organization","name":"ADL Comunicaci\u00f3n","url":"https:\/\/adl-regalosempresa.com\/tiendaonline\/","logo":{"@type":"ImageObject","inLanguage":"es","@id":"https:\/\/adl-regalosempresa.com\/tiendaonline\/#\/schema\/logo\/image\/","url":"https:\/\/adl-regalosempresa.com\/tiendaonline\/wp-content\/uploads\/2017\/09\/logo-adl-wp.png","contentUrl":"https:\/\/adl-regalosempresa.com\/tiendaonline\/wp-content\/uploads\/2017\/09\/logo-adl-wp.png","width":407,"height":185,"caption":"ADL Comunicaci\u00f3n"},"image":{"@id":"https:\/\/adl-regalosempresa.com\/tiendaonline\/#\/schema\/logo\/image\/"}}]}},"_links":{"self":[{"href":"https:\/\/adl-regalosempresa.com\/tiendaonline\/wp-json\/wp\/v2\/product\/146366","targetHints":{"allow":["GET"]}}],"collection":[{"href":"https:\/\/adl-regalosempresa.com\/tiendaonline\/wp-json\/wp\/v2\/product"}],"about":[{"href":"https:\/\/adl-regalosempresa.com\/tiendaonline\/wp-json\/wp\/v2\/types\/product"}],"wp:featuredmedia":[{"embeddable":true,"href":"https:\/\/adl-regalosempresa.com\/tiendaonline\/wp-json\/wp\/v2\/media\/146368"}],"wp:attachment":[{"href":"https:\/\/adl-regalosempresa.com\/tiendaonline\/wp-json\/wp\/v2\/media?parent=146366"}],"wp:term":[{"taxonomy":"product_brand","embeddable":true,"href":"https:\/\/adl-regalosempresa.com\/tiendaonline\/wp-json\/wp\/v2\/product_brand?post=146366"},{"taxonomy":"product_cat","embeddable":true,"href":"https:\/\/adl-regalosempresa.com\/tiendaonline\/wp-json\/wp\/v2\/product_cat?post=146366"},{"taxonomy":"product_tag","embeddable":true,"href":"https:\/\/adl-regalosempresa.com\/tiendaonline\/wp-json\/wp\/v2\/product_tag?post=146366"}],"curies":[{"name":"wp","href":"https:\/\/api.w.org\/{rel}","templated":true}]}}