{"id":146347,"date":"2026-04-03T06:12:03","date_gmt":"2026-04-03T06:12:03","guid":{"rendered":"https:\/\/adl-regalosempresa.com\/tiendaonline\/articulos\/merchandising\/bolsa-de-viaje-para-personalizar-con-logo-5\/"},"modified":"2026-04-03T08:16:17","modified_gmt":"2026-04-03T08:16:17","slug":"bolsa-de-viaje-para-personalizar-con-logo-5","status":"publish","type":"product","link":"https:\/\/adl-regalosempresa.com\/tiendaonline\/articulos\/merchandising\/bolsa-de-viaje-para-personalizar-con-logo-5\/","title":{"rendered":"Bolsa de viaje  para personalizar con logo"},"content":{"rendered":"<p>Viaja con facilidad con la bolsa de viaje \u00abNatura\u00bb, que combina estilo y practicidad. Su cierre de cremallera mantiene tus pertenencias seguras, mientras que un bolsillo interior ayuda a mantener la organizaci\u00f3n. Con una correa para el hombro ajustable y dos asas, ofrece m\u00faltiples opciones de transporte para tu comodidad. Fabricada en lona de algod\u00f3n con un 50\u00a0% de material reciclado, este bolso a\u00fana durabilidad y elegancia. Con unas dimensiones de 55 \u00d7 40 \u00d7 20\u00a0cm, la bolsa \u00abNatura\u00bb es perfecta para escapadas, ya sea un viaje de fin de semana o uno m\u00e1s largo.<\/p>\n","protected":false},"excerpt":{"rendered":"<p><strong>Descuentos por cantidades<\/strong><br \/>&#8211; a partir de 250 unidades: 12,67 \u20ac\/ud<br \/>&#8211; a partir de 500 unidades: 12,41 \u20ac\/ud<br \/>&#8211; a partir de 1000 unidades: 12,19 \u20ac\/ud<\/p>\n<p>Para cantidades superiores a las aqu\u00ed indicadas, no dudes en ponerte en contacto con nuestro departamento comercial o <a href='https:\/\/adl-regalosempresa.com\/tiendaonline\/solicitud-presupuesto\/'>pedirnos presupuesto personalizado<\/a>, ajustaremos el presupuesto a tus necesidades.<\/p>\n","protected":false},"featured_media":146349,"template":"","meta":{"_kad_post_transparent":"","_kad_post_title":"","_kad_post_layout":"","_kad_post_sidebar_id":"","_kad_post_content_style":"","_kad_post_vertical_padding":"","_kad_post_feature":"","_kad_post_feature_position":"","_kad_post_header":false,"_kad_post_footer":false,"_kad_post_classname":""},"product_brand":[],"product_cat":[3526,4827],"product_tag":[],"class_list":{"0":"post-146347","1":"product","2":"type-product","3":"status-publish","4":"has-post-thumbnail","6":"product_cat-bolsas","7":"product_cat-bolsas-de-viaje","8":"pa_alto-20-cm","9":"pa_ancho-40-cm","10":"pa_color-azul","11":"pa_color-marron","12":"pa_color-simple-azul","13":"pa_color-simple-marron","14":"pa_largo-55-cm","15":"pa_marca-citizen-green","16":"pa_material-algodon-reciclado-algodon","17":"pa_peso-468-gr","19":"first","20":"instock","21":"taxable","22":"shipping-taxable","23":"purchasable","24":"product-type-variable","25":"entry","26":"content-bg","27":"loop-entry"},"yoast_head":"<!-- This site is optimized with the Yoast SEO plugin v26.3 - https:\/\/yoast.com\/wordpress\/plugins\/seo\/ -->\n<title>Merchandising Bolsa de viaje para personalizar con logo - ADL<\/title>\n<meta name=\"description\" content=\"Art\u00edculo de merchandising Bolsa de viaje &quot;Citizen Green Natura&quot;. Viaja con facilidad con la bolsa de viaje &quot;Natura&quot;, que combina estilo y practicidad. Su cierre de cremallera mantiene tus pertenencias seguras, mientras que un bolsillo interior ayuda a mantener la organizaci\u00f3n. Con una correa para el hombro ajustable y dos asas, ofrece m\u00faltiples opciones de transporte para tu comodidad. Fabricada en lona de algod\u00f3n con un 50\u00a0% de material reciclado, este bolso a\u00fana durabilidad y elegancia. Con unas dimensiones de 55 \u00d7 40 \u00d7 20\u00a0cm, la bolsa &quot;Natura&quot; es perfecta para escapadas, ya sea un viaje de fin de semana o uno m\u00e1s largo.\" \/>\n<meta name=\"robots\" content=\"index, follow, max-snippet:-1, max-image-preview:large, max-video-preview:-1\" \/>\n<link rel=\"canonical\" href=\"https:\/\/adl-regalosempresa.com\/tiendaonline\/articulos\/merchandising\/bolsa-de-viaje-para-personalizar-con-logo-5\/\" \/>\n<meta property=\"og:locale\" content=\"es_ES\" \/>\n<meta property=\"og:type\" content=\"article\" \/>\n<meta property=\"og:title\" content=\"Merchandising Bolsa de viaje para personalizar con logo - ADL\" \/>\n<meta property=\"og:description\" content=\"Art\u00edculo de merchandising Bolsa de viaje &quot;Citizen Green Natura&quot;. Viaja con facilidad con la bolsa de viaje &quot;Natura&quot;, que combina estilo y practicidad. Su cierre de cremallera mantiene tus pertenencias seguras, mientras que un bolsillo interior ayuda a mantener la organizaci\u00f3n. Con una correa para el hombro ajustable y dos asas, ofrece m\u00faltiples opciones de transporte para tu comodidad. Fabricada en lona de algod\u00f3n con un 50\u00a0% de material reciclado, este bolso a\u00fana durabilidad y elegancia. Con unas dimensiones de 55 \u00d7 40 \u00d7 20\u00a0cm, la bolsa &quot;Natura&quot; es perfecta para escapadas, ya sea un viaje de fin de semana o uno m\u00e1s largo.\" \/>\n<meta property=\"og:url\" content=\"https:\/\/adl-regalosempresa.com\/tiendaonline\/articulos\/merchandising\/bolsa-de-viaje-para-personalizar-con-logo-5\/\" \/>\n<meta property=\"og:site_name\" content=\"ADL Comunicaci\u00f3n\" \/>\n<meta property=\"article:modified_time\" content=\"2026-04-03T08:16:17+00:00\" \/>\n<meta property=\"og:image\" content=\"https:\/\/adl-regalosempresa.com\/tiendaonline\/wp-content\/uploads\/2026\/02\/1PZ01552-1024x1024.jpg\" \/>\n\t<meta property=\"og:image:width\" content=\"1024\" \/>\n\t<meta property=\"og:image:height\" content=\"1024\" \/>\n\t<meta property=\"og:image:type\" content=\"image\/jpeg\" \/>\n<meta name=\"twitter:card\" content=\"summary_large_image\" \/>\n<meta name=\"twitter:title\" content=\"Merchandising Bolsa de viaje para personalizar con logo - ADL\" \/>\n<script type=\"application\/ld+json\" class=\"yoast-schema-graph\">{\"@context\":\"https:\/\/schema.org\",\"@graph\":[{\"@type\":\"WebPage\",\"@id\":\"https:\/\/adl-regalosempresa.com\/tiendaonline\/articulos\/merchandising\/bolsa-de-viaje-para-personalizar-con-logo-5\/\",\"url\":\"https:\/\/adl-regalosempresa.com\/tiendaonline\/articulos\/merchandising\/bolsa-de-viaje-para-personalizar-con-logo-5\/\",\"name\":\"Merchandising Bolsa de viaje para personalizar con logo - ADL\",\"isPartOf\":{\"@id\":\"https:\/\/adl-regalosempresa.com\/tiendaonline\/#website\"},\"primaryImageOfPage\":{\"@id\":\"https:\/\/adl-regalosempresa.com\/tiendaonline\/articulos\/merchandising\/bolsa-de-viaje-para-personalizar-con-logo-5\/#primaryimage\"},\"image\":{\"@id\":\"https:\/\/adl-regalosempresa.com\/tiendaonline\/articulos\/merchandising\/bolsa-de-viaje-para-personalizar-con-logo-5\/#primaryimage\"},\"thumbnailUrl\":\"https:\/\/adl-regalosempresa.com\/tiendaonline\/wp-content\/uploads\/2026\/02\/1PZ01552.jpg\",\"datePublished\":\"2026-04-03T06:12:03+00:00\",\"dateModified\":\"2026-04-03T08:16:17+00:00\",\"description\":\"Art\u00edculo de merchandising Bolsa de viaje \\\"Citizen Green Natura\\\". Viaja con facilidad con la bolsa de viaje \\\"Natura\\\", que combina estilo y practicidad. Su cierre de cremallera mantiene tus pertenencias seguras, mientras que un bolsillo interior ayuda a mantener la organizaci\u00f3n. Con una correa para el hombro ajustable y dos asas, ofrece m\u00faltiples opciones de transporte para tu comodidad. Fabricada en lona de algod\u00f3n con un 50\u00a0% de material reciclado, este bolso a\u00fana durabilidad y elegancia. Con unas dimensiones de 55 \u00d7 40 \u00d7 20\u00a0cm, la bolsa \\\"Natura\\\" es perfecta para escapadas, ya sea un viaje de fin de semana o uno m\u00e1s largo.\",\"breadcrumb\":{\"@id\":\"https:\/\/adl-regalosempresa.com\/tiendaonline\/articulos\/merchandising\/bolsa-de-viaje-para-personalizar-con-logo-5\/#breadcrumb\"},\"inLanguage\":\"es\",\"potentialAction\":[{\"@type\":\"ReadAction\",\"target\":[\"https:\/\/adl-regalosempresa.com\/tiendaonline\/articulos\/merchandising\/bolsa-de-viaje-para-personalizar-con-logo-5\/\"]}]},{\"@type\":\"ImageObject\",\"inLanguage\":\"es\",\"@id\":\"https:\/\/adl-regalosempresa.com\/tiendaonline\/articulos\/merchandising\/bolsa-de-viaje-para-personalizar-con-logo-5\/#primaryimage\",\"url\":\"https:\/\/adl-regalosempresa.com\/tiendaonline\/wp-content\/uploads\/2026\/02\/1PZ01552.jpg\",\"contentUrl\":\"https:\/\/adl-regalosempresa.com\/tiendaonline\/wp-content\/uploads\/2026\/02\/1PZ01552.jpg\",\"width\":1600,\"height\":1600,\"caption\":\"Bolsa de viaje \\\"Citizen Green Natura\\\"\"},{\"@type\":\"BreadcrumbList\",\"@id\":\"https:\/\/adl-regalosempresa.com\/tiendaonline\/articulos\/merchandising\/bolsa-de-viaje-para-personalizar-con-logo-5\/#breadcrumb\",\"itemListElement\":[{\"@type\":\"ListItem\",\"position\":1,\"name\":\"Portada\",\"item\":\"https:\/\/adl-regalosempresa.com\/tiendaonline\/\"},{\"@type\":\"ListItem\",\"position\":2,\"name\":\"Tienda\",\"item\":\"https:\/\/adl-regalosempresa.com\/tiendaonline\/tienda\/\"},{\"@type\":\"ListItem\",\"position\":3,\"name\":\"Bolsa de viaje para personalizar con logo\"}]},{\"@type\":\"WebSite\",\"@id\":\"https:\/\/adl-regalosempresa.com\/tiendaonline\/#website\",\"url\":\"https:\/\/adl-regalosempresa.com\/tiendaonline\/\",\"name\":\"ADL Comunicaci\u00f3n\",\"description\":\"Regalos de empresa\",\"publisher\":{\"@id\":\"https:\/\/adl-regalosempresa.com\/tiendaonline\/#organization\"},\"potentialAction\":[{\"@type\":\"SearchAction\",\"target\":{\"@type\":\"EntryPoint\",\"urlTemplate\":\"https:\/\/adl-regalosempresa.com\/tiendaonline\/?s={search_term_string}\"},\"query-input\":{\"@type\":\"PropertyValueSpecification\",\"valueRequired\":true,\"valueName\":\"search_term_string\"}}],\"inLanguage\":\"es\"},{\"@type\":\"Organization\",\"@id\":\"https:\/\/adl-regalosempresa.com\/tiendaonline\/#organization\",\"name\":\"ADL Comunicaci\u00f3n\",\"url\":\"https:\/\/adl-regalosempresa.com\/tiendaonline\/\",\"logo\":{\"@type\":\"ImageObject\",\"inLanguage\":\"es\",\"@id\":\"https:\/\/adl-regalosempresa.com\/tiendaonline\/#\/schema\/logo\/image\/\",\"url\":\"https:\/\/adl-regalosempresa.com\/tiendaonline\/wp-content\/uploads\/2017\/09\/logo-adl-wp.png\",\"contentUrl\":\"https:\/\/adl-regalosempresa.com\/tiendaonline\/wp-content\/uploads\/2017\/09\/logo-adl-wp.png\",\"width\":407,\"height\":185,\"caption\":\"ADL Comunicaci\u00f3n\"},\"image\":{\"@id\":\"https:\/\/adl-regalosempresa.com\/tiendaonline\/#\/schema\/logo\/image\/\"}}]}<\/script>\n<!-- \/ Yoast SEO plugin. -->","yoast_head_json":{"title":"Merchandising Bolsa de viaje para personalizar con logo - ADL","description":"Art\u00edculo de merchandising Bolsa de viaje \"Citizen Green Natura\". Viaja con facilidad con la bolsa de viaje \"Natura\", que combina estilo y practicidad. Su cierre de cremallera mantiene tus pertenencias seguras, mientras que un bolsillo interior ayuda a mantener la organizaci\u00f3n. Con una correa para el hombro ajustable y dos asas, ofrece m\u00faltiples opciones de transporte para tu comodidad. Fabricada en lona de algod\u00f3n con un 50\u00a0% de material reciclado, este bolso a\u00fana durabilidad y elegancia. Con unas dimensiones de 55 \u00d7 40 \u00d7 20\u00a0cm, la bolsa \"Natura\" es perfecta para escapadas, ya sea un viaje de fin de semana o uno m\u00e1s largo.","robots":{"index":"index","follow":"follow","max-snippet":"max-snippet:-1","max-image-preview":"max-image-preview:large","max-video-preview":"max-video-preview:-1"},"canonical":"https:\/\/adl-regalosempresa.com\/tiendaonline\/articulos\/merchandising\/bolsa-de-viaje-para-personalizar-con-logo-5\/","og_locale":"es_ES","og_type":"article","og_title":"Merchandising Bolsa de viaje para personalizar con logo - ADL","og_description":"Art\u00edculo de merchandising Bolsa de viaje \"Citizen Green Natura\". Viaja con facilidad con la bolsa de viaje \"Natura\", que combina estilo y practicidad. Su cierre de cremallera mantiene tus pertenencias seguras, mientras que un bolsillo interior ayuda a mantener la organizaci\u00f3n. Con una correa para el hombro ajustable y dos asas, ofrece m\u00faltiples opciones de transporte para tu comodidad. Fabricada en lona de algod\u00f3n con un 50\u00a0% de material reciclado, este bolso a\u00fana durabilidad y elegancia. Con unas dimensiones de 55 \u00d7 40 \u00d7 20\u00a0cm, la bolsa \"Natura\" es perfecta para escapadas, ya sea un viaje de fin de semana o uno m\u00e1s largo.","og_url":"https:\/\/adl-regalosempresa.com\/tiendaonline\/articulos\/merchandising\/bolsa-de-viaje-para-personalizar-con-logo-5\/","og_site_name":"ADL Comunicaci\u00f3n","article_modified_time":"2026-04-03T08:16:17+00:00","og_image":[{"width":1024,"height":1024,"url":"https:\/\/adl-regalosempresa.com\/tiendaonline\/wp-content\/uploads\/2026\/02\/1PZ01552-1024x1024.jpg","type":"image\/jpeg"}],"twitter_card":"summary_large_image","twitter_title":"Merchandising Bolsa de viaje para personalizar con logo - ADL","schema":{"@context":"https:\/\/schema.org","@graph":[{"@type":"WebPage","@id":"https:\/\/adl-regalosempresa.com\/tiendaonline\/articulos\/merchandising\/bolsa-de-viaje-para-personalizar-con-logo-5\/","url":"https:\/\/adl-regalosempresa.com\/tiendaonline\/articulos\/merchandising\/bolsa-de-viaje-para-personalizar-con-logo-5\/","name":"Merchandising Bolsa de viaje para personalizar con logo - ADL","isPartOf":{"@id":"https:\/\/adl-regalosempresa.com\/tiendaonline\/#website"},"primaryImageOfPage":{"@id":"https:\/\/adl-regalosempresa.com\/tiendaonline\/articulos\/merchandising\/bolsa-de-viaje-para-personalizar-con-logo-5\/#primaryimage"},"image":{"@id":"https:\/\/adl-regalosempresa.com\/tiendaonline\/articulos\/merchandising\/bolsa-de-viaje-para-personalizar-con-logo-5\/#primaryimage"},"thumbnailUrl":"https:\/\/adl-regalosempresa.com\/tiendaonline\/wp-content\/uploads\/2026\/02\/1PZ01552.jpg","datePublished":"2026-04-03T06:12:03+00:00","dateModified":"2026-04-03T08:16:17+00:00","description":"Art\u00edculo de merchandising Bolsa de viaje \"Citizen Green Natura\". Viaja con facilidad con la bolsa de viaje \"Natura\", que combina estilo y practicidad. Su cierre de cremallera mantiene tus pertenencias seguras, mientras que un bolsillo interior ayuda a mantener la organizaci\u00f3n. Con una correa para el hombro ajustable y dos asas, ofrece m\u00faltiples opciones de transporte para tu comodidad. Fabricada en lona de algod\u00f3n con un 50\u00a0% de material reciclado, este bolso a\u00fana durabilidad y elegancia. Con unas dimensiones de 55 \u00d7 40 \u00d7 20\u00a0cm, la bolsa \"Natura\" es perfecta para escapadas, ya sea un viaje de fin de semana o uno m\u00e1s largo.","breadcrumb":{"@id":"https:\/\/adl-regalosempresa.com\/tiendaonline\/articulos\/merchandising\/bolsa-de-viaje-para-personalizar-con-logo-5\/#breadcrumb"},"inLanguage":"es","potentialAction":[{"@type":"ReadAction","target":["https:\/\/adl-regalosempresa.com\/tiendaonline\/articulos\/merchandising\/bolsa-de-viaje-para-personalizar-con-logo-5\/"]}]},{"@type":"ImageObject","inLanguage":"es","@id":"https:\/\/adl-regalosempresa.com\/tiendaonline\/articulos\/merchandising\/bolsa-de-viaje-para-personalizar-con-logo-5\/#primaryimage","url":"https:\/\/adl-regalosempresa.com\/tiendaonline\/wp-content\/uploads\/2026\/02\/1PZ01552.jpg","contentUrl":"https:\/\/adl-regalosempresa.com\/tiendaonline\/wp-content\/uploads\/2026\/02\/1PZ01552.jpg","width":1600,"height":1600,"caption":"Bolsa de viaje \"Citizen Green Natura\""},{"@type":"BreadcrumbList","@id":"https:\/\/adl-regalosempresa.com\/tiendaonline\/articulos\/merchandising\/bolsa-de-viaje-para-personalizar-con-logo-5\/#breadcrumb","itemListElement":[{"@type":"ListItem","position":1,"name":"Portada","item":"https:\/\/adl-regalosempresa.com\/tiendaonline\/"},{"@type":"ListItem","position":2,"name":"Tienda","item":"https:\/\/adl-regalosempresa.com\/tiendaonline\/tienda\/"},{"@type":"ListItem","position":3,"name":"Bolsa de viaje para personalizar con logo"}]},{"@type":"WebSite","@id":"https:\/\/adl-regalosempresa.com\/tiendaonline\/#website","url":"https:\/\/adl-regalosempresa.com\/tiendaonline\/","name":"ADL Comunicaci\u00f3n","description":"Regalos de empresa","publisher":{"@id":"https:\/\/adl-regalosempresa.com\/tiendaonline\/#organization"},"potentialAction":[{"@type":"SearchAction","target":{"@type":"EntryPoint","urlTemplate":"https:\/\/adl-regalosempresa.com\/tiendaonline\/?s={search_term_string}"},"query-input":{"@type":"PropertyValueSpecification","valueRequired":true,"valueName":"search_term_string"}}],"inLanguage":"es"},{"@type":"Organization","@id":"https:\/\/adl-regalosempresa.com\/tiendaonline\/#organization","name":"ADL Comunicaci\u00f3n","url":"https:\/\/adl-regalosempresa.com\/tiendaonline\/","logo":{"@type":"ImageObject","inLanguage":"es","@id":"https:\/\/adl-regalosempresa.com\/tiendaonline\/#\/schema\/logo\/image\/","url":"https:\/\/adl-regalosempresa.com\/tiendaonline\/wp-content\/uploads\/2017\/09\/logo-adl-wp.png","contentUrl":"https:\/\/adl-regalosempresa.com\/tiendaonline\/wp-content\/uploads\/2017\/09\/logo-adl-wp.png","width":407,"height":185,"caption":"ADL Comunicaci\u00f3n"},"image":{"@id":"https:\/\/adl-regalosempresa.com\/tiendaonline\/#\/schema\/logo\/image\/"}}]}},"_links":{"self":[{"href":"https:\/\/adl-regalosempresa.com\/tiendaonline\/wp-json\/wp\/v2\/product\/146347","targetHints":{"allow":["GET"]}}],"collection":[{"href":"https:\/\/adl-regalosempresa.com\/tiendaonline\/wp-json\/wp\/v2\/product"}],"about":[{"href":"https:\/\/adl-regalosempresa.com\/tiendaonline\/wp-json\/wp\/v2\/types\/product"}],"wp:featuredmedia":[{"embeddable":true,"href":"https:\/\/adl-regalosempresa.com\/tiendaonline\/wp-json\/wp\/v2\/media\/146349"}],"wp:attachment":[{"href":"https:\/\/adl-regalosempresa.com\/tiendaonline\/wp-json\/wp\/v2\/media?parent=146347"}],"wp:term":[{"taxonomy":"product_brand","embeddable":true,"href":"https:\/\/adl-regalosempresa.com\/tiendaonline\/wp-json\/wp\/v2\/product_brand?post=146347"},{"taxonomy":"product_cat","embeddable":true,"href":"https:\/\/adl-regalosempresa.com\/tiendaonline\/wp-json\/wp\/v2\/product_cat?post=146347"},{"taxonomy":"product_tag","embeddable":true,"href":"https:\/\/adl-regalosempresa.com\/tiendaonline\/wp-json\/wp\/v2\/product_tag?post=146347"}],"curies":[{"name":"wp","href":"https:\/\/api.w.org\/{rel}","templated":true}]}}