{"id":146337,"date":"2026-04-03T06:12:03","date_gmt":"2026-04-03T06:12:03","guid":{"rendered":"https:\/\/adl-regalosempresa.com\/tiendaonline\/articulos\/merchandising\/bolsa-de-viaje-para-personalizar-con-logo-4\/"},"modified":"2026-04-03T06:14:05","modified_gmt":"2026-04-03T06:14:05","slug":"bolsa-de-viaje-para-personalizar-con-logo-4","status":"publish","type":"product","link":"https:\/\/adl-regalosempresa.com\/tiendaonline\/articulos\/merchandising\/bolsa-de-viaje-para-personalizar-con-logo-4\/","title":{"rendered":"Bolsa de viaje  para personalizar con logo"},"content":{"rendered":"<p>La bolsa de viaje \u00abReway\u00bb combina durabilidad con practicidad para el d\u00eda a d\u00eda. Un cierre de cremallera seguro mantiene las pertenencias protegidas, mientras que el exterior ofrece un bolsillo con cremallera de 19 \u00d7 11\u00a0cm y un bolsillo de parche de 21,5 \u00d7 26\u00a0cm para acceder r\u00e1pidamente a los objetos esenciales. En el interior, cuenta con un bolsillo con cremallera de 25 \u00d7 15\u00a0cm y un bolsillo de parche acolchado de 34 \u00d7 24\u00a0cm para un almacenamiento organizado. La correa para el hombro ajustable y los laterales y la base acolchados garantizan un transporte c\u00f3modo. Fabricada en poli\u00e9ster de lona reciclado de 400\u00a0g\/m\u00b2 con un forro de poli\u00e9ster reciclado de 190T, la bolsa de viaje \u00abReway\u00bb es una opci\u00f3n elegante y m\u00e1s responsable. Tama\u00f1o: 55 \u00d7 40 \u00d7 15 cm.<\/p>\n","protected":false},"excerpt":{"rendered":"<p><strong>Descuentos por cantidades<\/strong><br \/>&#8211; a partir de 100 unidades: 21,2 \u20ac\/ud<br \/>&#8211; a partir de 250 unidades: 20,81 \u20ac\/ud<br \/>&#8211; a partir de 500 unidades: 20,38 \u20ac\/ud<\/p>\n<p>Para cantidades superiores a las aqu\u00ed indicadas, no dudes en ponerte en contacto con nuestro departamento comercial o <a href='https:\/\/adl-regalosempresa.com\/tiendaonline\/solicitud-presupuesto\/'>pedirnos presupuesto personalizado<\/a>, ajustaremos el presupuesto a tus necesidades.<\/p>\n","protected":false},"featured_media":146459,"template":"","meta":{"_kad_post_transparent":"","_kad_post_title":"","_kad_post_layout":"","_kad_post_sidebar_id":"","_kad_post_content_style":"","_kad_post_vertical_padding":"","_kad_post_feature":"","_kad_post_feature_position":"","_kad_post_header":false,"_kad_post_footer":false,"_kad_post_classname":""},"product_brand":[],"product_cat":[3526,4827],"product_tag":[],"class_list":{"0":"post-146337","1":"product","2":"type-product","3":"status-publish","4":"has-post-thumbnail","6":"product_cat-bolsas","7":"product_cat-bolsas-de-viaje","8":"pa_alto-15-cm","9":"pa_ancho-40-cm","10":"pa_color-azul-marino","11":"pa_color-caqui","12":"pa_color-gris","13":"pa_color-simple-azul","14":"pa_color-simple-gris","15":"pa_color-simple-natural","16":"pa_largo-55-cm","17":"pa_marca-citizen-green","18":"pa_material-poliester-pet-reciclado","19":"pa_peso-5895-gr","21":"first","22":"instock","23":"taxable","24":"shipping-taxable","25":"purchasable","26":"product-type-variable","27":"entry","28":"content-bg","29":"loop-entry"},"yoast_head":"<!-- This site is optimized with the Yoast SEO plugin v26.3 - https:\/\/yoast.com\/wordpress\/plugins\/seo\/ -->\n<title>Merchandising Bolsa de viaje para personalizar con logo - ADL<\/title>\n<meta name=\"description\" content=\"Art\u00edculo de merchandising Bolsa de viaje &quot;Citizen Green Reway&quot;. La bolsa de viaje &quot;Reway&quot; combina durabilidad con practicidad para el d\u00eda a d\u00eda. Un cierre de cremallera seguro mantiene las pertenencias protegidas, mientras que el exterior ofrece un bolsillo con cremallera de 19 \u00d7 11\u00a0cm y un bolsillo de parche de 21,5 \u00d7 26\u00a0cm para acceder r\u00e1pidamente a los objetos esenciales. En el interior, cuenta con un bolsillo con cremallera de 25 \u00d7 15\u00a0cm y un bolsillo de parche acolchado de 34 \u00d7 24\u00a0cm para un almacenamiento organizado. La correa para el hombro ajustable y los laterales y la base acolchados garantizan un transporte c\u00f3modo. Fabricada en poli\u00e9ster de lona reciclado de 400\u00a0g\/m\u00b2 con un forro de poli\u00e9ster reciclado de 190T, la bolsa de viaje &quot;Reway&quot; es una opci\u00f3n elegante y m\u00e1s responsable. Tama\u00f1o: 55 \u00d7 40 \u00d7 15 cm.\" \/>\n<meta name=\"robots\" content=\"index, follow, max-snippet:-1, max-image-preview:large, max-video-preview:-1\" \/>\n<link rel=\"canonical\" href=\"https:\/\/adl-regalosempresa.com\/tiendaonline\/articulos\/merchandising\/bolsa-de-viaje-para-personalizar-con-logo-4\/\" \/>\n<meta property=\"og:locale\" content=\"es_ES\" \/>\n<meta property=\"og:type\" content=\"article\" \/>\n<meta property=\"og:title\" content=\"Merchandising Bolsa de viaje para personalizar con logo - ADL\" \/>\n<meta property=\"og:description\" content=\"Art\u00edculo de merchandising Bolsa de viaje &quot;Citizen Green Reway&quot;. La bolsa de viaje &quot;Reway&quot; combina durabilidad con practicidad para el d\u00eda a d\u00eda. Un cierre de cremallera seguro mantiene las pertenencias protegidas, mientras que el exterior ofrece un bolsillo con cremallera de 19 \u00d7 11\u00a0cm y un bolsillo de parche de 21,5 \u00d7 26\u00a0cm para acceder r\u00e1pidamente a los objetos esenciales. En el interior, cuenta con un bolsillo con cremallera de 25 \u00d7 15\u00a0cm y un bolsillo de parche acolchado de 34 \u00d7 24\u00a0cm para un almacenamiento organizado. La correa para el hombro ajustable y los laterales y la base acolchados garantizan un transporte c\u00f3modo. Fabricada en poli\u00e9ster de lona reciclado de 400\u00a0g\/m\u00b2 con un forro de poli\u00e9ster reciclado de 190T, la bolsa de viaje &quot;Reway&quot; es una opci\u00f3n elegante y m\u00e1s responsable. Tama\u00f1o: 55 \u00d7 40 \u00d7 15 cm.\" \/>\n<meta property=\"og:url\" content=\"https:\/\/adl-regalosempresa.com\/tiendaonline\/articulos\/merchandising\/bolsa-de-viaje-para-personalizar-con-logo-4\/\" \/>\n<meta property=\"og:site_name\" content=\"ADL Comunicaci\u00f3n\" \/>\n<meta property=\"article:modified_time\" content=\"2026-04-03T06:14:05+00:00\" \/>\n<meta property=\"og:image\" content=\"https:\/\/adl-regalosempresa.com\/tiendaonline\/wp-content\/uploads\/2026\/02\/1PZ01205-1024x1024.jpg\" \/>\n\t<meta property=\"og:image:width\" content=\"1024\" \/>\n\t<meta property=\"og:image:height\" content=\"1024\" \/>\n\t<meta property=\"og:image:type\" content=\"image\/jpeg\" \/>\n<meta name=\"twitter:card\" content=\"summary_large_image\" \/>\n<meta name=\"twitter:title\" content=\"Merchandising Bolsa de viaje para personalizar con logo - ADL\" \/>\n<meta name=\"twitter:label1\" content=\"Tiempo de lectura\" \/>\n\t<meta name=\"twitter:data1\" content=\"1 minuto\" \/>\n<script type=\"application\/ld+json\" class=\"yoast-schema-graph\">{\"@context\":\"https:\/\/schema.org\",\"@graph\":[{\"@type\":\"WebPage\",\"@id\":\"https:\/\/adl-regalosempresa.com\/tiendaonline\/articulos\/merchandising\/bolsa-de-viaje-para-personalizar-con-logo-4\/\",\"url\":\"https:\/\/adl-regalosempresa.com\/tiendaonline\/articulos\/merchandising\/bolsa-de-viaje-para-personalizar-con-logo-4\/\",\"name\":\"Merchandising Bolsa de viaje para personalizar con logo - ADL\",\"isPartOf\":{\"@id\":\"https:\/\/adl-regalosempresa.com\/tiendaonline\/#website\"},\"primaryImageOfPage\":{\"@id\":\"https:\/\/adl-regalosempresa.com\/tiendaonline\/articulos\/merchandising\/bolsa-de-viaje-para-personalizar-con-logo-4\/#primaryimage\"},\"image\":{\"@id\":\"https:\/\/adl-regalosempresa.com\/tiendaonline\/articulos\/merchandising\/bolsa-de-viaje-para-personalizar-con-logo-4\/#primaryimage\"},\"thumbnailUrl\":\"https:\/\/adl-regalosempresa.com\/tiendaonline\/wp-content\/uploads\/2026\/02\/1PZ01205.jpg\",\"datePublished\":\"2026-04-03T06:12:03+00:00\",\"dateModified\":\"2026-04-03T06:14:05+00:00\",\"description\":\"Art\u00edculo de merchandising Bolsa de viaje \\\"Citizen Green Reway\\\". La bolsa de viaje \\\"Reway\\\" combina durabilidad con practicidad para el d\u00eda a d\u00eda. Un cierre de cremallera seguro mantiene las pertenencias protegidas, mientras que el exterior ofrece un bolsillo con cremallera de 19 \u00d7 11\u00a0cm y un bolsillo de parche de 21,5 \u00d7 26\u00a0cm para acceder r\u00e1pidamente a los objetos esenciales. En el interior, cuenta con un bolsillo con cremallera de 25 \u00d7 15\u00a0cm y un bolsillo de parche acolchado de 34 \u00d7 24\u00a0cm para un almacenamiento organizado. La correa para el hombro ajustable y los laterales y la base acolchados garantizan un transporte c\u00f3modo. Fabricada en poli\u00e9ster de lona reciclado de 400\u00a0g\/m\u00b2 con un forro de poli\u00e9ster reciclado de 190T, la bolsa de viaje \\\"Reway\\\" es una opci\u00f3n elegante y m\u00e1s responsable. Tama\u00f1o: 55 \u00d7 40 \u00d7 15 cm.\",\"breadcrumb\":{\"@id\":\"https:\/\/adl-regalosempresa.com\/tiendaonline\/articulos\/merchandising\/bolsa-de-viaje-para-personalizar-con-logo-4\/#breadcrumb\"},\"inLanguage\":\"es\",\"potentialAction\":[{\"@type\":\"ReadAction\",\"target\":[\"https:\/\/adl-regalosempresa.com\/tiendaonline\/articulos\/merchandising\/bolsa-de-viaje-para-personalizar-con-logo-4\/\"]}]},{\"@type\":\"ImageObject\",\"inLanguage\":\"es\",\"@id\":\"https:\/\/adl-regalosempresa.com\/tiendaonline\/articulos\/merchandising\/bolsa-de-viaje-para-personalizar-con-logo-4\/#primaryimage\",\"url\":\"https:\/\/adl-regalosempresa.com\/tiendaonline\/wp-content\/uploads\/2026\/02\/1PZ01205.jpg\",\"contentUrl\":\"https:\/\/adl-regalosempresa.com\/tiendaonline\/wp-content\/uploads\/2026\/02\/1PZ01205.jpg\",\"width\":1600,\"height\":1600,\"caption\":\"Bolsa de viaje \\\"Citizen Green Reway\\\"\"},{\"@type\":\"BreadcrumbList\",\"@id\":\"https:\/\/adl-regalosempresa.com\/tiendaonline\/articulos\/merchandising\/bolsa-de-viaje-para-personalizar-con-logo-4\/#breadcrumb\",\"itemListElement\":[{\"@type\":\"ListItem\",\"position\":1,\"name\":\"Portada\",\"item\":\"https:\/\/adl-regalosempresa.com\/tiendaonline\/\"},{\"@type\":\"ListItem\",\"position\":2,\"name\":\"Tienda\",\"item\":\"https:\/\/adl-regalosempresa.com\/tiendaonline\/tienda\/\"},{\"@type\":\"ListItem\",\"position\":3,\"name\":\"Bolsa de viaje para personalizar con logo\"}]},{\"@type\":\"WebSite\",\"@id\":\"https:\/\/adl-regalosempresa.com\/tiendaonline\/#website\",\"url\":\"https:\/\/adl-regalosempresa.com\/tiendaonline\/\",\"name\":\"ADL Comunicaci\u00f3n\",\"description\":\"Regalos de empresa\",\"publisher\":{\"@id\":\"https:\/\/adl-regalosempresa.com\/tiendaonline\/#organization\"},\"potentialAction\":[{\"@type\":\"SearchAction\",\"target\":{\"@type\":\"EntryPoint\",\"urlTemplate\":\"https:\/\/adl-regalosempresa.com\/tiendaonline\/?s={search_term_string}\"},\"query-input\":{\"@type\":\"PropertyValueSpecification\",\"valueRequired\":true,\"valueName\":\"search_term_string\"}}],\"inLanguage\":\"es\"},{\"@type\":\"Organization\",\"@id\":\"https:\/\/adl-regalosempresa.com\/tiendaonline\/#organization\",\"name\":\"ADL Comunicaci\u00f3n\",\"url\":\"https:\/\/adl-regalosempresa.com\/tiendaonline\/\",\"logo\":{\"@type\":\"ImageObject\",\"inLanguage\":\"es\",\"@id\":\"https:\/\/adl-regalosempresa.com\/tiendaonline\/#\/schema\/logo\/image\/\",\"url\":\"https:\/\/adl-regalosempresa.com\/tiendaonline\/wp-content\/uploads\/2017\/09\/logo-adl-wp.png\",\"contentUrl\":\"https:\/\/adl-regalosempresa.com\/tiendaonline\/wp-content\/uploads\/2017\/09\/logo-adl-wp.png\",\"width\":407,\"height\":185,\"caption\":\"ADL Comunicaci\u00f3n\"},\"image\":{\"@id\":\"https:\/\/adl-regalosempresa.com\/tiendaonline\/#\/schema\/logo\/image\/\"}}]}<\/script>\n<!-- \/ Yoast SEO plugin. -->","yoast_head_json":{"title":"Merchandising Bolsa de viaje para personalizar con logo - ADL","description":"Art\u00edculo de merchandising Bolsa de viaje \"Citizen Green Reway\". La bolsa de viaje \"Reway\" combina durabilidad con practicidad para el d\u00eda a d\u00eda. Un cierre de cremallera seguro mantiene las pertenencias protegidas, mientras que el exterior ofrece un bolsillo con cremallera de 19 \u00d7 11\u00a0cm y un bolsillo de parche de 21,5 \u00d7 26\u00a0cm para acceder r\u00e1pidamente a los objetos esenciales. En el interior, cuenta con un bolsillo con cremallera de 25 \u00d7 15\u00a0cm y un bolsillo de parche acolchado de 34 \u00d7 24\u00a0cm para un almacenamiento organizado. La correa para el hombro ajustable y los laterales y la base acolchados garantizan un transporte c\u00f3modo. Fabricada en poli\u00e9ster de lona reciclado de 400\u00a0g\/m\u00b2 con un forro de poli\u00e9ster reciclado de 190T, la bolsa de viaje \"Reway\" es una opci\u00f3n elegante y m\u00e1s responsable. Tama\u00f1o: 55 \u00d7 40 \u00d7 15 cm.","robots":{"index":"index","follow":"follow","max-snippet":"max-snippet:-1","max-image-preview":"max-image-preview:large","max-video-preview":"max-video-preview:-1"},"canonical":"https:\/\/adl-regalosempresa.com\/tiendaonline\/articulos\/merchandising\/bolsa-de-viaje-para-personalizar-con-logo-4\/","og_locale":"es_ES","og_type":"article","og_title":"Merchandising Bolsa de viaje para personalizar con logo - ADL","og_description":"Art\u00edculo de merchandising Bolsa de viaje \"Citizen Green Reway\". La bolsa de viaje \"Reway\" combina durabilidad con practicidad para el d\u00eda a d\u00eda. Un cierre de cremallera seguro mantiene las pertenencias protegidas, mientras que el exterior ofrece un bolsillo con cremallera de 19 \u00d7 11\u00a0cm y un bolsillo de parche de 21,5 \u00d7 26\u00a0cm para acceder r\u00e1pidamente a los objetos esenciales. En el interior, cuenta con un bolsillo con cremallera de 25 \u00d7 15\u00a0cm y un bolsillo de parche acolchado de 34 \u00d7 24\u00a0cm para un almacenamiento organizado. La correa para el hombro ajustable y los laterales y la base acolchados garantizan un transporte c\u00f3modo. Fabricada en poli\u00e9ster de lona reciclado de 400\u00a0g\/m\u00b2 con un forro de poli\u00e9ster reciclado de 190T, la bolsa de viaje \"Reway\" es una opci\u00f3n elegante y m\u00e1s responsable. Tama\u00f1o: 55 \u00d7 40 \u00d7 15 cm.","og_url":"https:\/\/adl-regalosempresa.com\/tiendaonline\/articulos\/merchandising\/bolsa-de-viaje-para-personalizar-con-logo-4\/","og_site_name":"ADL Comunicaci\u00f3n","article_modified_time":"2026-04-03T06:14:05+00:00","og_image":[{"width":1024,"height":1024,"url":"https:\/\/adl-regalosempresa.com\/tiendaonline\/wp-content\/uploads\/2026\/02\/1PZ01205-1024x1024.jpg","type":"image\/jpeg"}],"twitter_card":"summary_large_image","twitter_title":"Merchandising Bolsa de viaje para personalizar con logo - ADL","twitter_misc":{"Tiempo de lectura":"1 minuto"},"schema":{"@context":"https:\/\/schema.org","@graph":[{"@type":"WebPage","@id":"https:\/\/adl-regalosempresa.com\/tiendaonline\/articulos\/merchandising\/bolsa-de-viaje-para-personalizar-con-logo-4\/","url":"https:\/\/adl-regalosempresa.com\/tiendaonline\/articulos\/merchandising\/bolsa-de-viaje-para-personalizar-con-logo-4\/","name":"Merchandising Bolsa de viaje para personalizar con logo - ADL","isPartOf":{"@id":"https:\/\/adl-regalosempresa.com\/tiendaonline\/#website"},"primaryImageOfPage":{"@id":"https:\/\/adl-regalosempresa.com\/tiendaonline\/articulos\/merchandising\/bolsa-de-viaje-para-personalizar-con-logo-4\/#primaryimage"},"image":{"@id":"https:\/\/adl-regalosempresa.com\/tiendaonline\/articulos\/merchandising\/bolsa-de-viaje-para-personalizar-con-logo-4\/#primaryimage"},"thumbnailUrl":"https:\/\/adl-regalosempresa.com\/tiendaonline\/wp-content\/uploads\/2026\/02\/1PZ01205.jpg","datePublished":"2026-04-03T06:12:03+00:00","dateModified":"2026-04-03T06:14:05+00:00","description":"Art\u00edculo de merchandising Bolsa de viaje \"Citizen Green Reway\". La bolsa de viaje \"Reway\" combina durabilidad con practicidad para el d\u00eda a d\u00eda. Un cierre de cremallera seguro mantiene las pertenencias protegidas, mientras que el exterior ofrece un bolsillo con cremallera de 19 \u00d7 11\u00a0cm y un bolsillo de parche de 21,5 \u00d7 26\u00a0cm para acceder r\u00e1pidamente a los objetos esenciales. En el interior, cuenta con un bolsillo con cremallera de 25 \u00d7 15\u00a0cm y un bolsillo de parche acolchado de 34 \u00d7 24\u00a0cm para un almacenamiento organizado. La correa para el hombro ajustable y los laterales y la base acolchados garantizan un transporte c\u00f3modo. Fabricada en poli\u00e9ster de lona reciclado de 400\u00a0g\/m\u00b2 con un forro de poli\u00e9ster reciclado de 190T, la bolsa de viaje \"Reway\" es una opci\u00f3n elegante y m\u00e1s responsable. Tama\u00f1o: 55 \u00d7 40 \u00d7 15 cm.","breadcrumb":{"@id":"https:\/\/adl-regalosempresa.com\/tiendaonline\/articulos\/merchandising\/bolsa-de-viaje-para-personalizar-con-logo-4\/#breadcrumb"},"inLanguage":"es","potentialAction":[{"@type":"ReadAction","target":["https:\/\/adl-regalosempresa.com\/tiendaonline\/articulos\/merchandising\/bolsa-de-viaje-para-personalizar-con-logo-4\/"]}]},{"@type":"ImageObject","inLanguage":"es","@id":"https:\/\/adl-regalosempresa.com\/tiendaonline\/articulos\/merchandising\/bolsa-de-viaje-para-personalizar-con-logo-4\/#primaryimage","url":"https:\/\/adl-regalosempresa.com\/tiendaonline\/wp-content\/uploads\/2026\/02\/1PZ01205.jpg","contentUrl":"https:\/\/adl-regalosempresa.com\/tiendaonline\/wp-content\/uploads\/2026\/02\/1PZ01205.jpg","width":1600,"height":1600,"caption":"Bolsa de viaje \"Citizen Green Reway\""},{"@type":"BreadcrumbList","@id":"https:\/\/adl-regalosempresa.com\/tiendaonline\/articulos\/merchandising\/bolsa-de-viaje-para-personalizar-con-logo-4\/#breadcrumb","itemListElement":[{"@type":"ListItem","position":1,"name":"Portada","item":"https:\/\/adl-regalosempresa.com\/tiendaonline\/"},{"@type":"ListItem","position":2,"name":"Tienda","item":"https:\/\/adl-regalosempresa.com\/tiendaonline\/tienda\/"},{"@type":"ListItem","position":3,"name":"Bolsa de viaje para personalizar con logo"}]},{"@type":"WebSite","@id":"https:\/\/adl-regalosempresa.com\/tiendaonline\/#website","url":"https:\/\/adl-regalosempresa.com\/tiendaonline\/","name":"ADL Comunicaci\u00f3n","description":"Regalos de empresa","publisher":{"@id":"https:\/\/adl-regalosempresa.com\/tiendaonline\/#organization"},"potentialAction":[{"@type":"SearchAction","target":{"@type":"EntryPoint","urlTemplate":"https:\/\/adl-regalosempresa.com\/tiendaonline\/?s={search_term_string}"},"query-input":{"@type":"PropertyValueSpecification","valueRequired":true,"valueName":"search_term_string"}}],"inLanguage":"es"},{"@type":"Organization","@id":"https:\/\/adl-regalosempresa.com\/tiendaonline\/#organization","name":"ADL Comunicaci\u00f3n","url":"https:\/\/adl-regalosempresa.com\/tiendaonline\/","logo":{"@type":"ImageObject","inLanguage":"es","@id":"https:\/\/adl-regalosempresa.com\/tiendaonline\/#\/schema\/logo\/image\/","url":"https:\/\/adl-regalosempresa.com\/tiendaonline\/wp-content\/uploads\/2017\/09\/logo-adl-wp.png","contentUrl":"https:\/\/adl-regalosempresa.com\/tiendaonline\/wp-content\/uploads\/2017\/09\/logo-adl-wp.png","width":407,"height":185,"caption":"ADL Comunicaci\u00f3n"},"image":{"@id":"https:\/\/adl-regalosempresa.com\/tiendaonline\/#\/schema\/logo\/image\/"}}]}},"_links":{"self":[{"href":"https:\/\/adl-regalosempresa.com\/tiendaonline\/wp-json\/wp\/v2\/product\/146337","targetHints":{"allow":["GET"]}}],"collection":[{"href":"https:\/\/adl-regalosempresa.com\/tiendaonline\/wp-json\/wp\/v2\/product"}],"about":[{"href":"https:\/\/adl-regalosempresa.com\/tiendaonline\/wp-json\/wp\/v2\/types\/product"}],"wp:featuredmedia":[{"embeddable":true,"href":"https:\/\/adl-regalosempresa.com\/tiendaonline\/wp-json\/wp\/v2\/media\/146459"}],"wp:attachment":[{"href":"https:\/\/adl-regalosempresa.com\/tiendaonline\/wp-json\/wp\/v2\/media?parent=146337"}],"wp:term":[{"taxonomy":"product_brand","embeddable":true,"href":"https:\/\/adl-regalosempresa.com\/tiendaonline\/wp-json\/wp\/v2\/product_brand?post=146337"},{"taxonomy":"product_cat","embeddable":true,"href":"https:\/\/adl-regalosempresa.com\/tiendaonline\/wp-json\/wp\/v2\/product_cat?post=146337"},{"taxonomy":"product_tag","embeddable":true,"href":"https:\/\/adl-regalosempresa.com\/tiendaonline\/wp-json\/wp\/v2\/product_tag?post=146337"}],"curies":[{"name":"wp","href":"https:\/\/api.w.org\/{rel}","templated":true}]}}