{"id":146327,"date":"2026-04-15T06:12:50","date_gmt":"2026-04-15T06:12:50","guid":{"rendered":"https:\/\/adl-regalosempresa.com\/tiendaonline\/articulos\/merchandising\/mochila-para-personalizar-con-logo-8\/"},"modified":"2026-04-16T08:24:11","modified_gmt":"2026-04-16T08:24:11","slug":"mochila-para-personalizar-con-logo-8","status":"publish","type":"product","link":"https:\/\/adl-regalosempresa.com\/tiendaonline\/articulos\/merchandising\/mochila-para-personalizar-con-logo-8\/","title":{"rendered":"Mochila  para personalizar con logo"},"content":{"rendered":"<p>La mochila \u00abToteback\u00bb combina estilo con practicidad para el d\u00eda a d\u00eda. Con dos asas de transporte (2,5 \u00d7 37\u00a0cm) y correas para los hombros ajustables (75 \u00d7 2,5\u00a0cm), se adapta con facilidad a la forma en que prefieras llevarla. Fabricada con un resistente tejido de 260\u00a0g\/m\u00b2 con un 70\u00a0% de algod\u00f3n reciclado, ofrece un aspecto moderno y un amplio formato de 38 \u00d7 40\u00a0cm, ideal para ir de compras, pasar el fin de semana fuera o disfrutar de un d\u00eda en la ciudad.<\/p>\n","protected":false},"excerpt":{"rendered":"<p><strong>Descuentos por cantidades<\/strong><br \/>&#8211; a partir de 250 unidades: 8,3 \u20ac\/ud<br \/>&#8211; a partir de 500 unidades: 8,14 \u20ac\/ud<br \/>&#8211; a partir de 1000 unidades: 8,01 \u20ac\/ud<\/p>\n<p>Para cantidades superiores a las aqu\u00ed indicadas, no dudes en ponerte en contacto con nuestro departamento comercial o <a href='https:\/\/adl-regalosempresa.com\/tiendaonline\/solicitud-presupuesto\/'>pedirnos presupuesto personalizado<\/a>, ajustaremos el presupuesto a tus necesidades.<\/p>\n","protected":false},"featured_media":146452,"template":"","meta":{"_kad_post_transparent":"","_kad_post_title":"","_kad_post_layout":"","_kad_post_sidebar_id":"","_kad_post_content_style":"","_kad_post_vertical_padding":"","_kad_post_feature":"","_kad_post_feature_position":"","_kad_post_header":false,"_kad_post_footer":false,"_kad_post_classname":""},"product_brand":[],"product_cat":[3526,4808],"product_tag":[],"class_list":{"0":"post-146327","1":"product","2":"type-product","3":"status-publish","4":"has-post-thumbnail","6":"product_cat-bolsas","7":"product_cat-mochilas","8":"pa_alto-40-cm","9":"pa_color-natural","10":"pa_color-simple-natural","11":"pa_largo-38-cm","12":"pa_marca-citizen-green","13":"pa_material-algodon-reciclado","14":"pa_peso-180-gr","16":"first","17":"instock","18":"taxable","19":"shipping-taxable","20":"purchasable","21":"product-type-variable","22":"entry","23":"content-bg","24":"loop-entry"},"yoast_head":"<!-- This site is optimized with the Yoast SEO plugin v26.3 - https:\/\/yoast.com\/wordpress\/plugins\/seo\/ -->\n<title>Merchandising Mochila para personalizar con logo - ADL<\/title>\n<meta name=\"description\" content=\"Art\u00edculo de merchandising Mochila &quot;Citizen Green Toteback&quot;. La mochila &quot;Toteback&quot; combina estilo con practicidad para el d\u00eda a d\u00eda. Con dos asas de transporte (2,5 \u00d7 37\u00a0cm) y correas para los hombros ajustables (75 \u00d7 2,5\u00a0cm), se adapta con facilidad a la forma en que prefieras llevarla. Fabricada con un resistente tejido de 260\u00a0g\/m\u00b2 con un 70\u00a0% de algod\u00f3n reciclado, ofrece un aspecto moderno y un amplio formato de 38 \u00d7 40\u00a0cm, ideal para ir de compras, pasar el fin de semana fuera o disfrutar de un d\u00eda en la ciudad.\" \/>\n<meta name=\"robots\" content=\"index, follow, max-snippet:-1, max-image-preview:large, max-video-preview:-1\" \/>\n<link rel=\"canonical\" href=\"https:\/\/adl-regalosempresa.com\/tiendaonline\/articulos\/merchandising\/mochila-para-personalizar-con-logo-8\/\" \/>\n<meta property=\"og:locale\" content=\"es_ES\" \/>\n<meta property=\"og:type\" content=\"article\" \/>\n<meta property=\"og:title\" content=\"Merchandising Mochila para personalizar con logo - ADL\" \/>\n<meta property=\"og:description\" content=\"Art\u00edculo de merchandising Mochila &quot;Citizen Green Toteback&quot;. La mochila &quot;Toteback&quot; combina estilo con practicidad para el d\u00eda a d\u00eda. Con dos asas de transporte (2,5 \u00d7 37\u00a0cm) y correas para los hombros ajustables (75 \u00d7 2,5\u00a0cm), se adapta con facilidad a la forma en que prefieras llevarla. Fabricada con un resistente tejido de 260\u00a0g\/m\u00b2 con un 70\u00a0% de algod\u00f3n reciclado, ofrece un aspecto moderno y un amplio formato de 38 \u00d7 40\u00a0cm, ideal para ir de compras, pasar el fin de semana fuera o disfrutar de un d\u00eda en la ciudad.\" \/>\n<meta property=\"og:url\" content=\"https:\/\/adl-regalosempresa.com\/tiendaonline\/articulos\/merchandising\/mochila-para-personalizar-con-logo-8\/\" \/>\n<meta property=\"og:site_name\" content=\"ADL Comunicaci\u00f3n\" \/>\n<meta property=\"article:modified_time\" content=\"2026-04-16T08:24:11+00:00\" \/>\n<meta property=\"og:image\" content=\"https:\/\/adl-regalosempresa.com\/tiendaonline\/wp-content\/uploads\/2026\/02\/1PZ00906.jpg\" \/>\n\t<meta property=\"og:image:width\" content=\"1600\" \/>\n\t<meta property=\"og:image:height\" content=\"1600\" \/>\n\t<meta property=\"og:image:type\" content=\"image\/jpeg\" \/>\n<meta name=\"twitter:card\" content=\"summary_large_image\" \/>\n<meta name=\"twitter:title\" content=\"Merchandising Mochila para personalizar con logo - ADL\" \/>\n<script type=\"application\/ld+json\" class=\"yoast-schema-graph\">{\"@context\":\"https:\/\/schema.org\",\"@graph\":[{\"@type\":\"WebPage\",\"@id\":\"https:\/\/adl-regalosempresa.com\/tiendaonline\/articulos\/merchandising\/mochila-para-personalizar-con-logo-8\/\",\"url\":\"https:\/\/adl-regalosempresa.com\/tiendaonline\/articulos\/merchandising\/mochila-para-personalizar-con-logo-8\/\",\"name\":\"Merchandising Mochila para personalizar con logo - ADL\",\"isPartOf\":{\"@id\":\"https:\/\/adl-regalosempresa.com\/tiendaonline\/#website\"},\"primaryImageOfPage\":{\"@id\":\"https:\/\/adl-regalosempresa.com\/tiendaonline\/articulos\/merchandising\/mochila-para-personalizar-con-logo-8\/#primaryimage\"},\"image\":{\"@id\":\"https:\/\/adl-regalosempresa.com\/tiendaonline\/articulos\/merchandising\/mochila-para-personalizar-con-logo-8\/#primaryimage\"},\"thumbnailUrl\":\"https:\/\/adl-regalosempresa.com\/tiendaonline\/wp-content\/uploads\/2026\/02\/1PZ00906.jpg\",\"datePublished\":\"2026-04-15T06:12:50+00:00\",\"dateModified\":\"2026-04-16T08:24:11+00:00\",\"description\":\"Art\u00edculo de merchandising Mochila \\\"Citizen Green Toteback\\\". La mochila \\\"Toteback\\\" combina estilo con practicidad para el d\u00eda a d\u00eda. Con dos asas de transporte (2,5 \u00d7 37\u00a0cm) y correas para los hombros ajustables (75 \u00d7 2,5\u00a0cm), se adapta con facilidad a la forma en que prefieras llevarla. Fabricada con un resistente tejido de 260\u00a0g\/m\u00b2 con un 70\u00a0% de algod\u00f3n reciclado, ofrece un aspecto moderno y un amplio formato de 38 \u00d7 40\u00a0cm, ideal para ir de compras, pasar el fin de semana fuera o disfrutar de un d\u00eda en la ciudad.\",\"breadcrumb\":{\"@id\":\"https:\/\/adl-regalosempresa.com\/tiendaonline\/articulos\/merchandising\/mochila-para-personalizar-con-logo-8\/#breadcrumb\"},\"inLanguage\":\"es\",\"potentialAction\":[{\"@type\":\"ReadAction\",\"target\":[\"https:\/\/adl-regalosempresa.com\/tiendaonline\/articulos\/merchandising\/mochila-para-personalizar-con-logo-8\/\"]}]},{\"@type\":\"ImageObject\",\"inLanguage\":\"es\",\"@id\":\"https:\/\/adl-regalosempresa.com\/tiendaonline\/articulos\/merchandising\/mochila-para-personalizar-con-logo-8\/#primaryimage\",\"url\":\"https:\/\/adl-regalosempresa.com\/tiendaonline\/wp-content\/uploads\/2026\/02\/1PZ00906.jpg\",\"contentUrl\":\"https:\/\/adl-regalosempresa.com\/tiendaonline\/wp-content\/uploads\/2026\/02\/1PZ00906.jpg\",\"width\":1600,\"height\":1600,\"caption\":\"Mochila \\\"Citizen Green Toteback\\\"\"},{\"@type\":\"BreadcrumbList\",\"@id\":\"https:\/\/adl-regalosempresa.com\/tiendaonline\/articulos\/merchandising\/mochila-para-personalizar-con-logo-8\/#breadcrumb\",\"itemListElement\":[{\"@type\":\"ListItem\",\"position\":1,\"name\":\"Portada\",\"item\":\"https:\/\/adl-regalosempresa.com\/tiendaonline\/\"},{\"@type\":\"ListItem\",\"position\":2,\"name\":\"Tienda\",\"item\":\"https:\/\/adl-regalosempresa.com\/tiendaonline\/tienda\/\"},{\"@type\":\"ListItem\",\"position\":3,\"name\":\"Mochila para personalizar con logo\"}]},{\"@type\":\"WebSite\",\"@id\":\"https:\/\/adl-regalosempresa.com\/tiendaonline\/#website\",\"url\":\"https:\/\/adl-regalosempresa.com\/tiendaonline\/\",\"name\":\"ADL Comunicaci\u00f3n\",\"description\":\"Regalos de empresa\",\"publisher\":{\"@id\":\"https:\/\/adl-regalosempresa.com\/tiendaonline\/#organization\"},\"potentialAction\":[{\"@type\":\"SearchAction\",\"target\":{\"@type\":\"EntryPoint\",\"urlTemplate\":\"https:\/\/adl-regalosempresa.com\/tiendaonline\/?s={search_term_string}\"},\"query-input\":{\"@type\":\"PropertyValueSpecification\",\"valueRequired\":true,\"valueName\":\"search_term_string\"}}],\"inLanguage\":\"es\"},{\"@type\":\"Organization\",\"@id\":\"https:\/\/adl-regalosempresa.com\/tiendaonline\/#organization\",\"name\":\"ADL Comunicaci\u00f3n\",\"url\":\"https:\/\/adl-regalosempresa.com\/tiendaonline\/\",\"logo\":{\"@type\":\"ImageObject\",\"inLanguage\":\"es\",\"@id\":\"https:\/\/adl-regalosempresa.com\/tiendaonline\/#\/schema\/logo\/image\/\",\"url\":\"https:\/\/adl-regalosempresa.com\/tiendaonline\/wp-content\/uploads\/2017\/09\/logo-adl-wp.png\",\"contentUrl\":\"https:\/\/adl-regalosempresa.com\/tiendaonline\/wp-content\/uploads\/2017\/09\/logo-adl-wp.png\",\"width\":407,\"height\":185,\"caption\":\"ADL Comunicaci\u00f3n\"},\"image\":{\"@id\":\"https:\/\/adl-regalosempresa.com\/tiendaonline\/#\/schema\/logo\/image\/\"}}]}<\/script>\n<!-- \/ Yoast SEO plugin. -->","yoast_head_json":{"title":"Merchandising Mochila para personalizar con logo - ADL","description":"Art\u00edculo de merchandising Mochila \"Citizen Green Toteback\". La mochila \"Toteback\" combina estilo con practicidad para el d\u00eda a d\u00eda. Con dos asas de transporte (2,5 \u00d7 37\u00a0cm) y correas para los hombros ajustables (75 \u00d7 2,5\u00a0cm), se adapta con facilidad a la forma en que prefieras llevarla. Fabricada con un resistente tejido de 260\u00a0g\/m\u00b2 con un 70\u00a0% de algod\u00f3n reciclado, ofrece un aspecto moderno y un amplio formato de 38 \u00d7 40\u00a0cm, ideal para ir de compras, pasar el fin de semana fuera o disfrutar de un d\u00eda en la ciudad.","robots":{"index":"index","follow":"follow","max-snippet":"max-snippet:-1","max-image-preview":"max-image-preview:large","max-video-preview":"max-video-preview:-1"},"canonical":"https:\/\/adl-regalosempresa.com\/tiendaonline\/articulos\/merchandising\/mochila-para-personalizar-con-logo-8\/","og_locale":"es_ES","og_type":"article","og_title":"Merchandising Mochila para personalizar con logo - ADL","og_description":"Art\u00edculo de merchandising Mochila \"Citizen Green Toteback\". La mochila \"Toteback\" combina estilo con practicidad para el d\u00eda a d\u00eda. Con dos asas de transporte (2,5 \u00d7 37\u00a0cm) y correas para los hombros ajustables (75 \u00d7 2,5\u00a0cm), se adapta con facilidad a la forma en que prefieras llevarla. Fabricada con un resistente tejido de 260\u00a0g\/m\u00b2 con un 70\u00a0% de algod\u00f3n reciclado, ofrece un aspecto moderno y un amplio formato de 38 \u00d7 40\u00a0cm, ideal para ir de compras, pasar el fin de semana fuera o disfrutar de un d\u00eda en la ciudad.","og_url":"https:\/\/adl-regalosempresa.com\/tiendaonline\/articulos\/merchandising\/mochila-para-personalizar-con-logo-8\/","og_site_name":"ADL Comunicaci\u00f3n","article_modified_time":"2026-04-16T08:24:11+00:00","og_image":[{"width":1600,"height":1600,"url":"https:\/\/adl-regalosempresa.com\/tiendaonline\/wp-content\/uploads\/2026\/02\/1PZ00906.jpg","type":"image\/jpeg"}],"twitter_card":"summary_large_image","twitter_title":"Merchandising Mochila para personalizar con logo - ADL","schema":{"@context":"https:\/\/schema.org","@graph":[{"@type":"WebPage","@id":"https:\/\/adl-regalosempresa.com\/tiendaonline\/articulos\/merchandising\/mochila-para-personalizar-con-logo-8\/","url":"https:\/\/adl-regalosempresa.com\/tiendaonline\/articulos\/merchandising\/mochila-para-personalizar-con-logo-8\/","name":"Merchandising Mochila para personalizar con logo - ADL","isPartOf":{"@id":"https:\/\/adl-regalosempresa.com\/tiendaonline\/#website"},"primaryImageOfPage":{"@id":"https:\/\/adl-regalosempresa.com\/tiendaonline\/articulos\/merchandising\/mochila-para-personalizar-con-logo-8\/#primaryimage"},"image":{"@id":"https:\/\/adl-regalosempresa.com\/tiendaonline\/articulos\/merchandising\/mochila-para-personalizar-con-logo-8\/#primaryimage"},"thumbnailUrl":"https:\/\/adl-regalosempresa.com\/tiendaonline\/wp-content\/uploads\/2026\/02\/1PZ00906.jpg","datePublished":"2026-04-15T06:12:50+00:00","dateModified":"2026-04-16T08:24:11+00:00","description":"Art\u00edculo de merchandising Mochila \"Citizen Green Toteback\". La mochila \"Toteback\" combina estilo con practicidad para el d\u00eda a d\u00eda. Con dos asas de transporte (2,5 \u00d7 37\u00a0cm) y correas para los hombros ajustables (75 \u00d7 2,5\u00a0cm), se adapta con facilidad a la forma en que prefieras llevarla. Fabricada con un resistente tejido de 260\u00a0g\/m\u00b2 con un 70\u00a0% de algod\u00f3n reciclado, ofrece un aspecto moderno y un amplio formato de 38 \u00d7 40\u00a0cm, ideal para ir de compras, pasar el fin de semana fuera o disfrutar de un d\u00eda en la ciudad.","breadcrumb":{"@id":"https:\/\/adl-regalosempresa.com\/tiendaonline\/articulos\/merchandising\/mochila-para-personalizar-con-logo-8\/#breadcrumb"},"inLanguage":"es","potentialAction":[{"@type":"ReadAction","target":["https:\/\/adl-regalosempresa.com\/tiendaonline\/articulos\/merchandising\/mochila-para-personalizar-con-logo-8\/"]}]},{"@type":"ImageObject","inLanguage":"es","@id":"https:\/\/adl-regalosempresa.com\/tiendaonline\/articulos\/merchandising\/mochila-para-personalizar-con-logo-8\/#primaryimage","url":"https:\/\/adl-regalosempresa.com\/tiendaonline\/wp-content\/uploads\/2026\/02\/1PZ00906.jpg","contentUrl":"https:\/\/adl-regalosempresa.com\/tiendaonline\/wp-content\/uploads\/2026\/02\/1PZ00906.jpg","width":1600,"height":1600,"caption":"Mochila \"Citizen Green Toteback\""},{"@type":"BreadcrumbList","@id":"https:\/\/adl-regalosempresa.com\/tiendaonline\/articulos\/merchandising\/mochila-para-personalizar-con-logo-8\/#breadcrumb","itemListElement":[{"@type":"ListItem","position":1,"name":"Portada","item":"https:\/\/adl-regalosempresa.com\/tiendaonline\/"},{"@type":"ListItem","position":2,"name":"Tienda","item":"https:\/\/adl-regalosempresa.com\/tiendaonline\/tienda\/"},{"@type":"ListItem","position":3,"name":"Mochila para personalizar con logo"}]},{"@type":"WebSite","@id":"https:\/\/adl-regalosempresa.com\/tiendaonline\/#website","url":"https:\/\/adl-regalosempresa.com\/tiendaonline\/","name":"ADL Comunicaci\u00f3n","description":"Regalos de empresa","publisher":{"@id":"https:\/\/adl-regalosempresa.com\/tiendaonline\/#organization"},"potentialAction":[{"@type":"SearchAction","target":{"@type":"EntryPoint","urlTemplate":"https:\/\/adl-regalosempresa.com\/tiendaonline\/?s={search_term_string}"},"query-input":{"@type":"PropertyValueSpecification","valueRequired":true,"valueName":"search_term_string"}}],"inLanguage":"es"},{"@type":"Organization","@id":"https:\/\/adl-regalosempresa.com\/tiendaonline\/#organization","name":"ADL Comunicaci\u00f3n","url":"https:\/\/adl-regalosempresa.com\/tiendaonline\/","logo":{"@type":"ImageObject","inLanguage":"es","@id":"https:\/\/adl-regalosempresa.com\/tiendaonline\/#\/schema\/logo\/image\/","url":"https:\/\/adl-regalosempresa.com\/tiendaonline\/wp-content\/uploads\/2017\/09\/logo-adl-wp.png","contentUrl":"https:\/\/adl-regalosempresa.com\/tiendaonline\/wp-content\/uploads\/2017\/09\/logo-adl-wp.png","width":407,"height":185,"caption":"ADL Comunicaci\u00f3n"},"image":{"@id":"https:\/\/adl-regalosempresa.com\/tiendaonline\/#\/schema\/logo\/image\/"}}]}},"_links":{"self":[{"href":"https:\/\/adl-regalosempresa.com\/tiendaonline\/wp-json\/wp\/v2\/product\/146327","targetHints":{"allow":["GET"]}}],"collection":[{"href":"https:\/\/adl-regalosempresa.com\/tiendaonline\/wp-json\/wp\/v2\/product"}],"about":[{"href":"https:\/\/adl-regalosempresa.com\/tiendaonline\/wp-json\/wp\/v2\/types\/product"}],"wp:featuredmedia":[{"embeddable":true,"href":"https:\/\/adl-regalosempresa.com\/tiendaonline\/wp-json\/wp\/v2\/media\/146452"}],"wp:attachment":[{"href":"https:\/\/adl-regalosempresa.com\/tiendaonline\/wp-json\/wp\/v2\/media?parent=146327"}],"wp:term":[{"taxonomy":"product_brand","embeddable":true,"href":"https:\/\/adl-regalosempresa.com\/tiendaonline\/wp-json\/wp\/v2\/product_brand?post=146327"},{"taxonomy":"product_cat","embeddable":true,"href":"https:\/\/adl-regalosempresa.com\/tiendaonline\/wp-json\/wp\/v2\/product_cat?post=146327"},{"taxonomy":"product_tag","embeddable":true,"href":"https:\/\/adl-regalosempresa.com\/tiendaonline\/wp-json\/wp\/v2\/product_tag?post=146327"}],"curies":[{"name":"wp","href":"https:\/\/api.w.org\/{rel}","templated":true}]}}