{"id":145998,"date":"2026-04-12T04:48:35","date_gmt":"2026-04-12T04:48:35","guid":{"rendered":"https:\/\/adl-regalosempresa.com\/tiendaonline\/articulos\/merchandising\/altavoz-inalambrico-bluetooth-de-aluminio-reciclado-de-3-w-para-personalizar-con-logo\/"},"modified":"2026-04-18T08:08:08","modified_gmt":"2026-04-18T08:08:08","slug":"altavoz-inalambrico-bluetooth-de-aluminio-reciclado-de-3-w-para-personalizar-con-logo","status":"publish","type":"product","link":"https:\/\/adl-regalosempresa.com\/tiendaonline\/articulos\/merchandising\/altavoz-inalambrico-bluetooth-de-aluminio-reciclado-de-3-w-para-personalizar-con-logo\/","title":{"rendered":"Altavoz inal\u00e1mbrico Bluetooth\u00ae de aluminio reciclado de 3\u00a0W  para personalizar con logo"},"content":{"rendered":"<p>Disfruta de un sonido n\u00edtido con un dise\u00f1o elegante con el altavoz \u00abAnkaa\u00bb Bluetooth\u00ae. Fabricado en aluminio reciclado, cuenta con botones de control de m\u00fasica, un bot\u00f3n de encendido y un micr\u00f3fono integrado para llamadas en manos libres. Con una salida de 3 W y una c\u00f3moda carga tipo-C, es perfecto para escuchar m\u00fasica cuando est\u00e1s fuera. Incluye un cable de carga de tipo-A a tipo-C de 30\u00a0cm.<\/p>\n","protected":false},"excerpt":{"rendered":"<p><strong>Descuentos por cantidades<\/strong><br \/>&#8211; a partir de 25 unidades: 7,09 \u20ac\/ud<br \/>&#8211; a partir de 50 unidades: 7,09 \u20ac\/ud<br \/>&#8211; a partir de 100 unidades: 6,95 \u20ac\/ud<\/p>\n<p>Para cantidades superiores a las aqu\u00ed indicadas, no dudes en ponerte en contacto con nuestro departamento comercial o <a href='https:\/\/adl-regalosempresa.com\/tiendaonline\/solicitud-presupuesto\/'>pedirnos presupuesto personalizado<\/a>, ajustaremos el presupuesto a tus necesidades.<\/p>\n","protected":false},"featured_media":146000,"template":"","meta":{"_kad_post_transparent":"","_kad_post_title":"","_kad_post_layout":"","_kad_post_sidebar_id":"","_kad_post_content_style":"","_kad_post_vertical_padding":"","_kad_post_feature":"","_kad_post_feature_position":"","_kad_post_header":false,"_kad_post_footer":false,"_kad_post_classname":""},"product_brand":[],"product_cat":[8021,486],"product_tag":[],"class_list":{"0":"post-145998","1":"product","2":"type-product","3":"status-publish","4":"has-post-thumbnail","6":"product_cat-altavoces","7":"product_cat-tecnologia","8":"pa_alto-45-cm","9":"pa_color-azul-real","10":"pa_color-negro-intenso","11":"pa_color-plateado","12":"pa_color-rojo","13":"pa_color-simple-azul","14":"pa_color-simple-gris","15":"pa_color-simple-negro-intenso","16":"pa_color-simple-rojo","17":"pa_diametro-72-cm","18":"pa_marca-unbranded","19":"pa_material-aluminio-reciclado","20":"pa_peso-116-gr","22":"first","23":"instock","24":"taxable","25":"shipping-taxable","26":"purchasable","27":"product-type-variable","28":"entry","29":"content-bg","30":"loop-entry"},"yoast_head":"<!-- This site is optimized with the Yoast SEO plugin v26.3 - https:\/\/yoast.com\/wordpress\/plugins\/seo\/ -->\n<title>Merchandising Altavoz inal\u00e1mbrico Bluetooth\u00ae de aluminio reciclado de 3\u00a0W para personalizar con logo - ADL<\/title>\n<meta name=\"description\" content=\"Art\u00edculo de merchandising Altavoz inal\u00e1mbrico Bluetooth\u00ae de aluminio reciclado de 3\u00a0W &quot;Ankaa&quot;. Disfruta de un sonido n\u00edtido con un dise\u00f1o elegante con el altavoz &quot;Ankaa&quot; Bluetooth\u00ae. Fabricado en aluminio reciclado, cuenta con botones de control de m\u00fasica, un bot\u00f3n de encendido y un micr\u00f3fono integrado para llamadas en manos libres. Con una salida de 3 W y una c\u00f3moda carga tipo-C, es perfecto para escuchar m\u00fasica cuando est\u00e1s fuera. Incluye un cable de carga de tipo-A a tipo-C de 30\u00a0cm.\" \/>\n<meta name=\"robots\" content=\"index, follow, max-snippet:-1, max-image-preview:large, max-video-preview:-1\" \/>\n<link rel=\"canonical\" href=\"https:\/\/adl-regalosempresa.com\/tiendaonline\/articulos\/merchandising\/altavoz-inalambrico-bluetooth-de-aluminio-reciclado-de-3-w-para-personalizar-con-logo\/\" \/>\n<meta property=\"og:locale\" content=\"es_ES\" \/>\n<meta property=\"og:type\" content=\"article\" \/>\n<meta property=\"og:title\" content=\"Merchandising Altavoz inal\u00e1mbrico Bluetooth\u00ae de aluminio reciclado de 3\u00a0W para personalizar con logo - ADL\" \/>\n<meta property=\"og:description\" content=\"Art\u00edculo de merchandising Altavoz inal\u00e1mbrico Bluetooth\u00ae de aluminio reciclado de 3\u00a0W &quot;Ankaa&quot;. Disfruta de un sonido n\u00edtido con un dise\u00f1o elegante con el altavoz &quot;Ankaa&quot; Bluetooth\u00ae. Fabricado en aluminio reciclado, cuenta con botones de control de m\u00fasica, un bot\u00f3n de encendido y un micr\u00f3fono integrado para llamadas en manos libres. Con una salida de 3 W y una c\u00f3moda carga tipo-C, es perfecto para escuchar m\u00fasica cuando est\u00e1s fuera. Incluye un cable de carga de tipo-A a tipo-C de 30\u00a0cm.\" \/>\n<meta property=\"og:url\" content=\"https:\/\/adl-regalosempresa.com\/tiendaonline\/articulos\/merchandising\/altavoz-inalambrico-bluetooth-de-aluminio-reciclado-de-3-w-para-personalizar-con-logo\/\" \/>\n<meta property=\"og:site_name\" content=\"ADL Comunicaci\u00f3n\" \/>\n<meta property=\"article:modified_time\" content=\"2026-04-18T08:08:08+00:00\" \/>\n<meta property=\"og:image\" content=\"https:\/\/adl-regalosempresa.com\/tiendaonline\/wp-content\/uploads\/2026\/01\/12448621.jpg\" \/>\n\t<meta property=\"og:image:width\" content=\"1600\" \/>\n\t<meta property=\"og:image:height\" content=\"1600\" \/>\n\t<meta property=\"og:image:type\" content=\"image\/jpeg\" \/>\n<meta name=\"twitter:card\" content=\"summary_large_image\" \/>\n<meta name=\"twitter:title\" content=\"Merchandising Altavoz inal\u00e1mbrico Bluetooth\u00ae de aluminio reciclado de 3\u00a0W para personalizar con logo - ADL\" \/>\n<script type=\"application\/ld+json\" class=\"yoast-schema-graph\">{\"@context\":\"https:\/\/schema.org\",\"@graph\":[{\"@type\":\"WebPage\",\"@id\":\"https:\/\/adl-regalosempresa.com\/tiendaonline\/articulos\/merchandising\/altavoz-inalambrico-bluetooth-de-aluminio-reciclado-de-3-w-para-personalizar-con-logo\/\",\"url\":\"https:\/\/adl-regalosempresa.com\/tiendaonline\/articulos\/merchandising\/altavoz-inalambrico-bluetooth-de-aluminio-reciclado-de-3-w-para-personalizar-con-logo\/\",\"name\":\"Merchandising Altavoz inal\u00e1mbrico Bluetooth\u00ae de aluminio reciclado de 3\u00a0W para personalizar con logo - ADL\",\"isPartOf\":{\"@id\":\"https:\/\/adl-regalosempresa.com\/tiendaonline\/#website\"},\"primaryImageOfPage\":{\"@id\":\"https:\/\/adl-regalosempresa.com\/tiendaonline\/articulos\/merchandising\/altavoz-inalambrico-bluetooth-de-aluminio-reciclado-de-3-w-para-personalizar-con-logo\/#primaryimage\"},\"image\":{\"@id\":\"https:\/\/adl-regalosempresa.com\/tiendaonline\/articulos\/merchandising\/altavoz-inalambrico-bluetooth-de-aluminio-reciclado-de-3-w-para-personalizar-con-logo\/#primaryimage\"},\"thumbnailUrl\":\"https:\/\/adl-regalosempresa.com\/tiendaonline\/wp-content\/uploads\/2026\/01\/12448621.jpg\",\"datePublished\":\"2026-04-12T04:48:35+00:00\",\"dateModified\":\"2026-04-18T08:08:08+00:00\",\"description\":\"Art\u00edculo de merchandising Altavoz inal\u00e1mbrico Bluetooth\u00ae de aluminio reciclado de 3\u00a0W \\\"Ankaa\\\". Disfruta de un sonido n\u00edtido con un dise\u00f1o elegante con el altavoz \\\"Ankaa\\\" Bluetooth\u00ae. Fabricado en aluminio reciclado, cuenta con botones de control de m\u00fasica, un bot\u00f3n de encendido y un micr\u00f3fono integrado para llamadas en manos libres. Con una salida de 3 W y una c\u00f3moda carga tipo-C, es perfecto para escuchar m\u00fasica cuando est\u00e1s fuera. Incluye un cable de carga de tipo-A a tipo-C de 30\u00a0cm.\",\"breadcrumb\":{\"@id\":\"https:\/\/adl-regalosempresa.com\/tiendaonline\/articulos\/merchandising\/altavoz-inalambrico-bluetooth-de-aluminio-reciclado-de-3-w-para-personalizar-con-logo\/#breadcrumb\"},\"inLanguage\":\"es\",\"potentialAction\":[{\"@type\":\"ReadAction\",\"target\":[\"https:\/\/adl-regalosempresa.com\/tiendaonline\/articulos\/merchandising\/altavoz-inalambrico-bluetooth-de-aluminio-reciclado-de-3-w-para-personalizar-con-logo\/\"]}]},{\"@type\":\"ImageObject\",\"inLanguage\":\"es\",\"@id\":\"https:\/\/adl-regalosempresa.com\/tiendaonline\/articulos\/merchandising\/altavoz-inalambrico-bluetooth-de-aluminio-reciclado-de-3-w-para-personalizar-con-logo\/#primaryimage\",\"url\":\"https:\/\/adl-regalosempresa.com\/tiendaonline\/wp-content\/uploads\/2026\/01\/12448621.jpg\",\"contentUrl\":\"https:\/\/adl-regalosempresa.com\/tiendaonline\/wp-content\/uploads\/2026\/01\/12448621.jpg\",\"width\":1600,\"height\":1600,\"caption\":\"Altavoz inal\u00e1mbrico Bluetooth\u00ae de aluminio reciclado de 3\u00a0W \\\"Ankaa\\\"\"},{\"@type\":\"BreadcrumbList\",\"@id\":\"https:\/\/adl-regalosempresa.com\/tiendaonline\/articulos\/merchandising\/altavoz-inalambrico-bluetooth-de-aluminio-reciclado-de-3-w-para-personalizar-con-logo\/#breadcrumb\",\"itemListElement\":[{\"@type\":\"ListItem\",\"position\":1,\"name\":\"Portada\",\"item\":\"https:\/\/adl-regalosempresa.com\/tiendaonline\/\"},{\"@type\":\"ListItem\",\"position\":2,\"name\":\"Tienda\",\"item\":\"https:\/\/adl-regalosempresa.com\/tiendaonline\/tienda\/\"},{\"@type\":\"ListItem\",\"position\":3,\"name\":\"Altavoz inal\u00e1mbrico Bluetooth\u00ae de aluminio reciclado de 3\u00a0W para personalizar con logo\"}]},{\"@type\":\"WebSite\",\"@id\":\"https:\/\/adl-regalosempresa.com\/tiendaonline\/#website\",\"url\":\"https:\/\/adl-regalosempresa.com\/tiendaonline\/\",\"name\":\"ADL Comunicaci\u00f3n\",\"description\":\"Regalos de empresa\",\"publisher\":{\"@id\":\"https:\/\/adl-regalosempresa.com\/tiendaonline\/#organization\"},\"potentialAction\":[{\"@type\":\"SearchAction\",\"target\":{\"@type\":\"EntryPoint\",\"urlTemplate\":\"https:\/\/adl-regalosempresa.com\/tiendaonline\/?s={search_term_string}\"},\"query-input\":{\"@type\":\"PropertyValueSpecification\",\"valueRequired\":true,\"valueName\":\"search_term_string\"}}],\"inLanguage\":\"es\"},{\"@type\":\"Organization\",\"@id\":\"https:\/\/adl-regalosempresa.com\/tiendaonline\/#organization\",\"name\":\"ADL Comunicaci\u00f3n\",\"url\":\"https:\/\/adl-regalosempresa.com\/tiendaonline\/\",\"logo\":{\"@type\":\"ImageObject\",\"inLanguage\":\"es\",\"@id\":\"https:\/\/adl-regalosempresa.com\/tiendaonline\/#\/schema\/logo\/image\/\",\"url\":\"https:\/\/adl-regalosempresa.com\/tiendaonline\/wp-content\/uploads\/2017\/09\/logo-adl-wp.png\",\"contentUrl\":\"https:\/\/adl-regalosempresa.com\/tiendaonline\/wp-content\/uploads\/2017\/09\/logo-adl-wp.png\",\"width\":407,\"height\":185,\"caption\":\"ADL Comunicaci\u00f3n\"},\"image\":{\"@id\":\"https:\/\/adl-regalosempresa.com\/tiendaonline\/#\/schema\/logo\/image\/\"}}]}<\/script>\n<!-- \/ Yoast SEO plugin. -->","yoast_head_json":{"title":"Merchandising Altavoz inal\u00e1mbrico Bluetooth\u00ae de aluminio reciclado de 3\u00a0W para personalizar con logo - ADL","description":"Art\u00edculo de merchandising Altavoz inal\u00e1mbrico Bluetooth\u00ae de aluminio reciclado de 3\u00a0W \"Ankaa\". Disfruta de un sonido n\u00edtido con un dise\u00f1o elegante con el altavoz \"Ankaa\" Bluetooth\u00ae. Fabricado en aluminio reciclado, cuenta con botones de control de m\u00fasica, un bot\u00f3n de encendido y un micr\u00f3fono integrado para llamadas en manos libres. Con una salida de 3 W y una c\u00f3moda carga tipo-C, es perfecto para escuchar m\u00fasica cuando est\u00e1s fuera. Incluye un cable de carga de tipo-A a tipo-C de 30\u00a0cm.","robots":{"index":"index","follow":"follow","max-snippet":"max-snippet:-1","max-image-preview":"max-image-preview:large","max-video-preview":"max-video-preview:-1"},"canonical":"https:\/\/adl-regalosempresa.com\/tiendaonline\/articulos\/merchandising\/altavoz-inalambrico-bluetooth-de-aluminio-reciclado-de-3-w-para-personalizar-con-logo\/","og_locale":"es_ES","og_type":"article","og_title":"Merchandising Altavoz inal\u00e1mbrico Bluetooth\u00ae de aluminio reciclado de 3\u00a0W para personalizar con logo - ADL","og_description":"Art\u00edculo de merchandising Altavoz inal\u00e1mbrico Bluetooth\u00ae de aluminio reciclado de 3\u00a0W \"Ankaa\". Disfruta de un sonido n\u00edtido con un dise\u00f1o elegante con el altavoz \"Ankaa\" Bluetooth\u00ae. Fabricado en aluminio reciclado, cuenta con botones de control de m\u00fasica, un bot\u00f3n de encendido y un micr\u00f3fono integrado para llamadas en manos libres. Con una salida de 3 W y una c\u00f3moda carga tipo-C, es perfecto para escuchar m\u00fasica cuando est\u00e1s fuera. Incluye un cable de carga de tipo-A a tipo-C de 30\u00a0cm.","og_url":"https:\/\/adl-regalosempresa.com\/tiendaonline\/articulos\/merchandising\/altavoz-inalambrico-bluetooth-de-aluminio-reciclado-de-3-w-para-personalizar-con-logo\/","og_site_name":"ADL Comunicaci\u00f3n","article_modified_time":"2026-04-18T08:08:08+00:00","og_image":[{"width":1600,"height":1600,"url":"https:\/\/adl-regalosempresa.com\/tiendaonline\/wp-content\/uploads\/2026\/01\/12448621.jpg","type":"image\/jpeg"}],"twitter_card":"summary_large_image","twitter_title":"Merchandising Altavoz inal\u00e1mbrico Bluetooth\u00ae de aluminio reciclado de 3\u00a0W para personalizar con logo - ADL","schema":{"@context":"https:\/\/schema.org","@graph":[{"@type":"WebPage","@id":"https:\/\/adl-regalosempresa.com\/tiendaonline\/articulos\/merchandising\/altavoz-inalambrico-bluetooth-de-aluminio-reciclado-de-3-w-para-personalizar-con-logo\/","url":"https:\/\/adl-regalosempresa.com\/tiendaonline\/articulos\/merchandising\/altavoz-inalambrico-bluetooth-de-aluminio-reciclado-de-3-w-para-personalizar-con-logo\/","name":"Merchandising Altavoz inal\u00e1mbrico Bluetooth\u00ae de aluminio reciclado de 3\u00a0W para personalizar con logo - ADL","isPartOf":{"@id":"https:\/\/adl-regalosempresa.com\/tiendaonline\/#website"},"primaryImageOfPage":{"@id":"https:\/\/adl-regalosempresa.com\/tiendaonline\/articulos\/merchandising\/altavoz-inalambrico-bluetooth-de-aluminio-reciclado-de-3-w-para-personalizar-con-logo\/#primaryimage"},"image":{"@id":"https:\/\/adl-regalosempresa.com\/tiendaonline\/articulos\/merchandising\/altavoz-inalambrico-bluetooth-de-aluminio-reciclado-de-3-w-para-personalizar-con-logo\/#primaryimage"},"thumbnailUrl":"https:\/\/adl-regalosempresa.com\/tiendaonline\/wp-content\/uploads\/2026\/01\/12448621.jpg","datePublished":"2026-04-12T04:48:35+00:00","dateModified":"2026-04-18T08:08:08+00:00","description":"Art\u00edculo de merchandising Altavoz inal\u00e1mbrico Bluetooth\u00ae de aluminio reciclado de 3\u00a0W \"Ankaa\". Disfruta de un sonido n\u00edtido con un dise\u00f1o elegante con el altavoz \"Ankaa\" Bluetooth\u00ae. Fabricado en aluminio reciclado, cuenta con botones de control de m\u00fasica, un bot\u00f3n de encendido y un micr\u00f3fono integrado para llamadas en manos libres. Con una salida de 3 W y una c\u00f3moda carga tipo-C, es perfecto para escuchar m\u00fasica cuando est\u00e1s fuera. Incluye un cable de carga de tipo-A a tipo-C de 30\u00a0cm.","breadcrumb":{"@id":"https:\/\/adl-regalosempresa.com\/tiendaonline\/articulos\/merchandising\/altavoz-inalambrico-bluetooth-de-aluminio-reciclado-de-3-w-para-personalizar-con-logo\/#breadcrumb"},"inLanguage":"es","potentialAction":[{"@type":"ReadAction","target":["https:\/\/adl-regalosempresa.com\/tiendaonline\/articulos\/merchandising\/altavoz-inalambrico-bluetooth-de-aluminio-reciclado-de-3-w-para-personalizar-con-logo\/"]}]},{"@type":"ImageObject","inLanguage":"es","@id":"https:\/\/adl-regalosempresa.com\/tiendaonline\/articulos\/merchandising\/altavoz-inalambrico-bluetooth-de-aluminio-reciclado-de-3-w-para-personalizar-con-logo\/#primaryimage","url":"https:\/\/adl-regalosempresa.com\/tiendaonline\/wp-content\/uploads\/2026\/01\/12448621.jpg","contentUrl":"https:\/\/adl-regalosempresa.com\/tiendaonline\/wp-content\/uploads\/2026\/01\/12448621.jpg","width":1600,"height":1600,"caption":"Altavoz inal\u00e1mbrico Bluetooth\u00ae de aluminio reciclado de 3\u00a0W \"Ankaa\""},{"@type":"BreadcrumbList","@id":"https:\/\/adl-regalosempresa.com\/tiendaonline\/articulos\/merchandising\/altavoz-inalambrico-bluetooth-de-aluminio-reciclado-de-3-w-para-personalizar-con-logo\/#breadcrumb","itemListElement":[{"@type":"ListItem","position":1,"name":"Portada","item":"https:\/\/adl-regalosempresa.com\/tiendaonline\/"},{"@type":"ListItem","position":2,"name":"Tienda","item":"https:\/\/adl-regalosempresa.com\/tiendaonline\/tienda\/"},{"@type":"ListItem","position":3,"name":"Altavoz inal\u00e1mbrico Bluetooth\u00ae de aluminio reciclado de 3\u00a0W para personalizar con logo"}]},{"@type":"WebSite","@id":"https:\/\/adl-regalosempresa.com\/tiendaonline\/#website","url":"https:\/\/adl-regalosempresa.com\/tiendaonline\/","name":"ADL Comunicaci\u00f3n","description":"Regalos de empresa","publisher":{"@id":"https:\/\/adl-regalosempresa.com\/tiendaonline\/#organization"},"potentialAction":[{"@type":"SearchAction","target":{"@type":"EntryPoint","urlTemplate":"https:\/\/adl-regalosempresa.com\/tiendaonline\/?s={search_term_string}"},"query-input":{"@type":"PropertyValueSpecification","valueRequired":true,"valueName":"search_term_string"}}],"inLanguage":"es"},{"@type":"Organization","@id":"https:\/\/adl-regalosempresa.com\/tiendaonline\/#organization","name":"ADL Comunicaci\u00f3n","url":"https:\/\/adl-regalosempresa.com\/tiendaonline\/","logo":{"@type":"ImageObject","inLanguage":"es","@id":"https:\/\/adl-regalosempresa.com\/tiendaonline\/#\/schema\/logo\/image\/","url":"https:\/\/adl-regalosempresa.com\/tiendaonline\/wp-content\/uploads\/2017\/09\/logo-adl-wp.png","contentUrl":"https:\/\/adl-regalosempresa.com\/tiendaonline\/wp-content\/uploads\/2017\/09\/logo-adl-wp.png","width":407,"height":185,"caption":"ADL Comunicaci\u00f3n"},"image":{"@id":"https:\/\/adl-regalosempresa.com\/tiendaonline\/#\/schema\/logo\/image\/"}}]}},"_links":{"self":[{"href":"https:\/\/adl-regalosempresa.com\/tiendaonline\/wp-json\/wp\/v2\/product\/145998","targetHints":{"allow":["GET"]}}],"collection":[{"href":"https:\/\/adl-regalosempresa.com\/tiendaonline\/wp-json\/wp\/v2\/product"}],"about":[{"href":"https:\/\/adl-regalosempresa.com\/tiendaonline\/wp-json\/wp\/v2\/types\/product"}],"wp:featuredmedia":[{"embeddable":true,"href":"https:\/\/adl-regalosempresa.com\/tiendaonline\/wp-json\/wp\/v2\/media\/146000"}],"wp:attachment":[{"href":"https:\/\/adl-regalosempresa.com\/tiendaonline\/wp-json\/wp\/v2\/media?parent=145998"}],"wp:term":[{"taxonomy":"product_brand","embeddable":true,"href":"https:\/\/adl-regalosempresa.com\/tiendaonline\/wp-json\/wp\/v2\/product_brand?post=145998"},{"taxonomy":"product_cat","embeddable":true,"href":"https:\/\/adl-regalosempresa.com\/tiendaonline\/wp-json\/wp\/v2\/product_cat?post=145998"},{"taxonomy":"product_tag","embeddable":true,"href":"https:\/\/adl-regalosempresa.com\/tiendaonline\/wp-json\/wp\/v2\/product_tag?post=145998"}],"curies":[{"name":"wp","href":"https:\/\/api.w.org\/{rel}","templated":true}]}}