{"id":145491,"date":"2026-03-24T08:12:07","date_gmt":"2026-03-24T08:12:07","guid":{"rendered":"https:\/\/adl-regalosempresa.com\/tiendaonline\/articulos\/merchandising\/botella-de-500-ml-de-acero-inoxidable-con-aislamiento-para-sublimacion-para-personalizar-con-logo\/"},"modified":"2026-04-03T07:48:12","modified_gmt":"2026-04-03T07:48:12","slug":"botella-de-500-ml-de-acero-inoxidable-con-aislamiento-para-sublimacion-para-personalizar-con-logo","status":"publish","type":"product","link":"https:\/\/adl-regalosempresa.com\/tiendaonline\/articulos\/merchandising\/botella-de-500-ml-de-acero-inoxidable-con-aislamiento-para-sublimacion-para-personalizar-con-logo\/","title":{"rendered":"Botella de 500\u00a0ml de acero inoxidable con aislamiento para sublimaci\u00f3n  para personalizar con logo"},"content":{"rendered":"<p>Termo de acero inoxidable de doble pared, con aislamiento y un revestimiento especial en el exterior que permite la impresi\u00f3n por sublimaci\u00f3n. El aislamiento de acero inoxible mantiene las bebidas fr\u00edas durante 48 horas o calientes durante 12 horas. Su base cabe en la mayor\u00eda de los portavasos. Acabado brillante. Se presenta en una caja de regalo de cart\u00f3n reciclado. Capacidad: 500 ml.<\/p>\n","protected":false},"excerpt":{"rendered":"<p><strong>Descuentos por cantidades<\/strong><br \/>&#8211; a partir de 100 unidades: 8,06 \u20ac\/ud<br \/>&#8211; a partir de 250 unidades: 8,06 \u20ac\/ud<br \/>&#8211; a partir de 1000 unidades: 7,91 \u20ac\/ud<\/p>\n<p>Para cantidades superiores a las aqu\u00ed indicadas, no dudes en ponerte en contacto con nuestro departamento comercial o <a href='https:\/\/adl-regalosempresa.com\/tiendaonline\/solicitud-presupuesto\/'>pedirnos presupuesto personalizado<\/a>, ajustaremos el presupuesto a tus necesidades.<\/p>\n","protected":false},"featured_media":145493,"template":"","meta":{"_kad_post_transparent":"","_kad_post_title":"","_kad_post_layout":"","_kad_post_sidebar_id":"","_kad_post_content_style":"","_kad_post_vertical_padding":"","_kad_post_feature":"","_kad_post_feature_position":"","_kad_post_header":false,"_kad_post_footer":false,"_kad_post_classname":""},"product_brand":[],"product_cat":[3904,3372],"product_tag":[],"class_list":{"0":"post-145491","1":"product","2":"type-product","3":"status-publish","4":"has-post-thumbnail","6":"product_cat-botellas-isotermicas","7":"product_cat-articulos-para-bebidas","8":"pa_alto-267-cm","9":"pa_ancho-71-cm","10":"pa_color-blanco","11":"pa_color-simple-blanco","12":"pa_diametro-35-cm","13":"pa_largo-71-cm","14":"pa_marca-unbranded","15":"pa_material-80-acero-inoxidable-10-plastico-pp-10-plastico-de-silicona","16":"pa_peso-2767-gr","18":"first","19":"instock","20":"taxable","21":"shipping-taxable","22":"purchasable","23":"product-type-variable","24":"entry","25":"content-bg","26":"loop-entry"},"yoast_head":"<!-- This site is optimized with the Yoast SEO plugin v26.3 - https:\/\/yoast.com\/wordpress\/plugins\/seo\/ -->\n<title>Merchandising Botella de 500\u00a0ml de acero inoxidable con aislamiento para sublimaci\u00f3n para personalizar con logo - ADL<\/title>\n<meta name=\"description\" content=\"Art\u00edculo de merchandising Botella de 500\u00a0ml de acero inoxidable con aislamiento para sublimaci\u00f3n &quot;Cove&quot;. Termo de acero inoxidable de doble pared, con aislamiento y un revestimiento especial en el exterior que permite la impresi\u00f3n por sublimaci\u00f3n. El aislamiento de acero inoxible mantiene las bebidas fr\u00edas durante 48 horas o calientes durante 12 horas. Su base cabe en la mayor\u00eda de los portavasos. Acabado brillante. Se presenta en una caja de regalo de cart\u00f3n reciclado. Capacidad: 500 ml.\" \/>\n<meta name=\"robots\" content=\"index, follow, max-snippet:-1, max-image-preview:large, max-video-preview:-1\" \/>\n<link rel=\"canonical\" href=\"https:\/\/adl-regalosempresa.com\/tiendaonline\/articulos\/merchandising\/botella-de-500-ml-de-acero-inoxidable-con-aislamiento-para-sublimacion-para-personalizar-con-logo\/\" \/>\n<meta property=\"og:locale\" content=\"es_ES\" \/>\n<meta property=\"og:type\" content=\"article\" \/>\n<meta property=\"og:title\" content=\"Merchandising Botella de 500\u00a0ml de acero inoxidable con aislamiento para sublimaci\u00f3n para personalizar con logo - ADL\" \/>\n<meta property=\"og:description\" content=\"Art\u00edculo de merchandising Botella de 500\u00a0ml de acero inoxidable con aislamiento para sublimaci\u00f3n &quot;Cove&quot;. Termo de acero inoxidable de doble pared, con aislamiento y un revestimiento especial en el exterior que permite la impresi\u00f3n por sublimaci\u00f3n. El aislamiento de acero inoxible mantiene las bebidas fr\u00edas durante 48 horas o calientes durante 12 horas. Su base cabe en la mayor\u00eda de los portavasos. Acabado brillante. Se presenta en una caja de regalo de cart\u00f3n reciclado. Capacidad: 500 ml.\" \/>\n<meta property=\"og:url\" content=\"https:\/\/adl-regalosempresa.com\/tiendaonline\/articulos\/merchandising\/botella-de-500-ml-de-acero-inoxidable-con-aislamiento-para-sublimacion-para-personalizar-con-logo\/\" \/>\n<meta property=\"og:site_name\" content=\"ADL Comunicaci\u00f3n\" \/>\n<meta property=\"article:modified_time\" content=\"2026-04-03T07:48:12+00:00\" \/>\n<meta property=\"og:image\" content=\"https:\/\/adl-regalosempresa.com\/tiendaonline\/wp-content\/uploads\/2026\/01\/10092401.jpg\" \/>\n\t<meta property=\"og:image:width\" content=\"1600\" \/>\n\t<meta property=\"og:image:height\" content=\"1600\" \/>\n\t<meta property=\"og:image:type\" content=\"image\/jpeg\" \/>\n<meta name=\"twitter:card\" content=\"summary_large_image\" \/>\n<meta name=\"twitter:title\" content=\"Merchandising Botella de 500\u00a0ml de acero inoxidable con aislamiento para sublimaci\u00f3n para personalizar con logo - ADL\" \/>\n<script type=\"application\/ld+json\" class=\"yoast-schema-graph\">{\"@context\":\"https:\/\/schema.org\",\"@graph\":[{\"@type\":\"WebPage\",\"@id\":\"https:\/\/adl-regalosempresa.com\/tiendaonline\/articulos\/merchandising\/botella-de-500-ml-de-acero-inoxidable-con-aislamiento-para-sublimacion-para-personalizar-con-logo\/\",\"url\":\"https:\/\/adl-regalosempresa.com\/tiendaonline\/articulos\/merchandising\/botella-de-500-ml-de-acero-inoxidable-con-aislamiento-para-sublimacion-para-personalizar-con-logo\/\",\"name\":\"Merchandising Botella de 500\u00a0ml de acero inoxidable con aislamiento para sublimaci\u00f3n para personalizar con logo - ADL\",\"isPartOf\":{\"@id\":\"https:\/\/adl-regalosempresa.com\/tiendaonline\/#website\"},\"primaryImageOfPage\":{\"@id\":\"https:\/\/adl-regalosempresa.com\/tiendaonline\/articulos\/merchandising\/botella-de-500-ml-de-acero-inoxidable-con-aislamiento-para-sublimacion-para-personalizar-con-logo\/#primaryimage\"},\"image\":{\"@id\":\"https:\/\/adl-regalosempresa.com\/tiendaonline\/articulos\/merchandising\/botella-de-500-ml-de-acero-inoxidable-con-aislamiento-para-sublimacion-para-personalizar-con-logo\/#primaryimage\"},\"thumbnailUrl\":\"https:\/\/adl-regalosempresa.com\/tiendaonline\/wp-content\/uploads\/2026\/01\/10092401.jpg\",\"datePublished\":\"2026-03-24T08:12:07+00:00\",\"dateModified\":\"2026-04-03T07:48:12+00:00\",\"description\":\"Art\u00edculo de merchandising Botella de 500\u00a0ml de acero inoxidable con aislamiento para sublimaci\u00f3n \\\"Cove\\\". Termo de acero inoxidable de doble pared, con aislamiento y un revestimiento especial en el exterior que permite la impresi\u00f3n por sublimaci\u00f3n. El aislamiento de acero inoxible mantiene las bebidas fr\u00edas durante 48 horas o calientes durante 12 horas. Su base cabe en la mayor\u00eda de los portavasos. Acabado brillante. Se presenta en una caja de regalo de cart\u00f3n reciclado. Capacidad: 500 ml.\",\"breadcrumb\":{\"@id\":\"https:\/\/adl-regalosempresa.com\/tiendaonline\/articulos\/merchandising\/botella-de-500-ml-de-acero-inoxidable-con-aislamiento-para-sublimacion-para-personalizar-con-logo\/#breadcrumb\"},\"inLanguage\":\"es\",\"potentialAction\":[{\"@type\":\"ReadAction\",\"target\":[\"https:\/\/adl-regalosempresa.com\/tiendaonline\/articulos\/merchandising\/botella-de-500-ml-de-acero-inoxidable-con-aislamiento-para-sublimacion-para-personalizar-con-logo\/\"]}]},{\"@type\":\"ImageObject\",\"inLanguage\":\"es\",\"@id\":\"https:\/\/adl-regalosempresa.com\/tiendaonline\/articulos\/merchandising\/botella-de-500-ml-de-acero-inoxidable-con-aislamiento-para-sublimacion-para-personalizar-con-logo\/#primaryimage\",\"url\":\"https:\/\/adl-regalosempresa.com\/tiendaonline\/wp-content\/uploads\/2026\/01\/10092401.jpg\",\"contentUrl\":\"https:\/\/adl-regalosempresa.com\/tiendaonline\/wp-content\/uploads\/2026\/01\/10092401.jpg\",\"width\":1600,\"height\":1600,\"caption\":\"Botella de 500\u00a0ml de acero inoxidable con aislamiento para sublimaci\u00f3n \\\"Cove\\\"\"},{\"@type\":\"BreadcrumbList\",\"@id\":\"https:\/\/adl-regalosempresa.com\/tiendaonline\/articulos\/merchandising\/botella-de-500-ml-de-acero-inoxidable-con-aislamiento-para-sublimacion-para-personalizar-con-logo\/#breadcrumb\",\"itemListElement\":[{\"@type\":\"ListItem\",\"position\":1,\"name\":\"Portada\",\"item\":\"https:\/\/adl-regalosempresa.com\/tiendaonline\/\"},{\"@type\":\"ListItem\",\"position\":2,\"name\":\"Tienda\",\"item\":\"https:\/\/adl-regalosempresa.com\/tiendaonline\/tienda\/\"},{\"@type\":\"ListItem\",\"position\":3,\"name\":\"Botella de 500\u00a0ml de acero inoxidable con aislamiento para sublimaci\u00f3n para personalizar con logo\"}]},{\"@type\":\"WebSite\",\"@id\":\"https:\/\/adl-regalosempresa.com\/tiendaonline\/#website\",\"url\":\"https:\/\/adl-regalosempresa.com\/tiendaonline\/\",\"name\":\"ADL Comunicaci\u00f3n\",\"description\":\"Regalos de empresa\",\"publisher\":{\"@id\":\"https:\/\/adl-regalosempresa.com\/tiendaonline\/#organization\"},\"potentialAction\":[{\"@type\":\"SearchAction\",\"target\":{\"@type\":\"EntryPoint\",\"urlTemplate\":\"https:\/\/adl-regalosempresa.com\/tiendaonline\/?s={search_term_string}\"},\"query-input\":{\"@type\":\"PropertyValueSpecification\",\"valueRequired\":true,\"valueName\":\"search_term_string\"}}],\"inLanguage\":\"es\"},{\"@type\":\"Organization\",\"@id\":\"https:\/\/adl-regalosempresa.com\/tiendaonline\/#organization\",\"name\":\"ADL Comunicaci\u00f3n\",\"url\":\"https:\/\/adl-regalosempresa.com\/tiendaonline\/\",\"logo\":{\"@type\":\"ImageObject\",\"inLanguage\":\"es\",\"@id\":\"https:\/\/adl-regalosempresa.com\/tiendaonline\/#\/schema\/logo\/image\/\",\"url\":\"https:\/\/adl-regalosempresa.com\/tiendaonline\/wp-content\/uploads\/2017\/09\/logo-adl-wp.png\",\"contentUrl\":\"https:\/\/adl-regalosempresa.com\/tiendaonline\/wp-content\/uploads\/2017\/09\/logo-adl-wp.png\",\"width\":407,\"height\":185,\"caption\":\"ADL Comunicaci\u00f3n\"},\"image\":{\"@id\":\"https:\/\/adl-regalosempresa.com\/tiendaonline\/#\/schema\/logo\/image\/\"}}]}<\/script>\n<!-- \/ Yoast SEO plugin. -->","yoast_head_json":{"title":"Merchandising Botella de 500\u00a0ml de acero inoxidable con aislamiento para sublimaci\u00f3n para personalizar con logo - ADL","description":"Art\u00edculo de merchandising Botella de 500\u00a0ml de acero inoxidable con aislamiento para sublimaci\u00f3n \"Cove\". Termo de acero inoxidable de doble pared, con aislamiento y un revestimiento especial en el exterior que permite la impresi\u00f3n por sublimaci\u00f3n. El aislamiento de acero inoxible mantiene las bebidas fr\u00edas durante 48 horas o calientes durante 12 horas. Su base cabe en la mayor\u00eda de los portavasos. Acabado brillante. Se presenta en una caja de regalo de cart\u00f3n reciclado. Capacidad: 500 ml.","robots":{"index":"index","follow":"follow","max-snippet":"max-snippet:-1","max-image-preview":"max-image-preview:large","max-video-preview":"max-video-preview:-1"},"canonical":"https:\/\/adl-regalosempresa.com\/tiendaonline\/articulos\/merchandising\/botella-de-500-ml-de-acero-inoxidable-con-aislamiento-para-sublimacion-para-personalizar-con-logo\/","og_locale":"es_ES","og_type":"article","og_title":"Merchandising Botella de 500\u00a0ml de acero inoxidable con aislamiento para sublimaci\u00f3n para personalizar con logo - ADL","og_description":"Art\u00edculo de merchandising Botella de 500\u00a0ml de acero inoxidable con aislamiento para sublimaci\u00f3n \"Cove\". Termo de acero inoxidable de doble pared, con aislamiento y un revestimiento especial en el exterior que permite la impresi\u00f3n por sublimaci\u00f3n. El aislamiento de acero inoxible mantiene las bebidas fr\u00edas durante 48 horas o calientes durante 12 horas. Su base cabe en la mayor\u00eda de los portavasos. Acabado brillante. Se presenta en una caja de regalo de cart\u00f3n reciclado. Capacidad: 500 ml.","og_url":"https:\/\/adl-regalosempresa.com\/tiendaonline\/articulos\/merchandising\/botella-de-500-ml-de-acero-inoxidable-con-aislamiento-para-sublimacion-para-personalizar-con-logo\/","og_site_name":"ADL Comunicaci\u00f3n","article_modified_time":"2026-04-03T07:48:12+00:00","og_image":[{"width":1600,"height":1600,"url":"https:\/\/adl-regalosempresa.com\/tiendaonline\/wp-content\/uploads\/2026\/01\/10092401.jpg","type":"image\/jpeg"}],"twitter_card":"summary_large_image","twitter_title":"Merchandising Botella de 500\u00a0ml de acero inoxidable con aislamiento para sublimaci\u00f3n para personalizar con logo - ADL","schema":{"@context":"https:\/\/schema.org","@graph":[{"@type":"WebPage","@id":"https:\/\/adl-regalosempresa.com\/tiendaonline\/articulos\/merchandising\/botella-de-500-ml-de-acero-inoxidable-con-aislamiento-para-sublimacion-para-personalizar-con-logo\/","url":"https:\/\/adl-regalosempresa.com\/tiendaonline\/articulos\/merchandising\/botella-de-500-ml-de-acero-inoxidable-con-aislamiento-para-sublimacion-para-personalizar-con-logo\/","name":"Merchandising Botella de 500\u00a0ml de acero inoxidable con aislamiento para sublimaci\u00f3n para personalizar con logo - ADL","isPartOf":{"@id":"https:\/\/adl-regalosempresa.com\/tiendaonline\/#website"},"primaryImageOfPage":{"@id":"https:\/\/adl-regalosempresa.com\/tiendaonline\/articulos\/merchandising\/botella-de-500-ml-de-acero-inoxidable-con-aislamiento-para-sublimacion-para-personalizar-con-logo\/#primaryimage"},"image":{"@id":"https:\/\/adl-regalosempresa.com\/tiendaonline\/articulos\/merchandising\/botella-de-500-ml-de-acero-inoxidable-con-aislamiento-para-sublimacion-para-personalizar-con-logo\/#primaryimage"},"thumbnailUrl":"https:\/\/adl-regalosempresa.com\/tiendaonline\/wp-content\/uploads\/2026\/01\/10092401.jpg","datePublished":"2026-03-24T08:12:07+00:00","dateModified":"2026-04-03T07:48:12+00:00","description":"Art\u00edculo de merchandising Botella de 500\u00a0ml de acero inoxidable con aislamiento para sublimaci\u00f3n \"Cove\". Termo de acero inoxidable de doble pared, con aislamiento y un revestimiento especial en el exterior que permite la impresi\u00f3n por sublimaci\u00f3n. El aislamiento de acero inoxible mantiene las bebidas fr\u00edas durante 48 horas o calientes durante 12 horas. Su base cabe en la mayor\u00eda de los portavasos. Acabado brillante. Se presenta en una caja de regalo de cart\u00f3n reciclado. Capacidad: 500 ml.","breadcrumb":{"@id":"https:\/\/adl-regalosempresa.com\/tiendaonline\/articulos\/merchandising\/botella-de-500-ml-de-acero-inoxidable-con-aislamiento-para-sublimacion-para-personalizar-con-logo\/#breadcrumb"},"inLanguage":"es","potentialAction":[{"@type":"ReadAction","target":["https:\/\/adl-regalosempresa.com\/tiendaonline\/articulos\/merchandising\/botella-de-500-ml-de-acero-inoxidable-con-aislamiento-para-sublimacion-para-personalizar-con-logo\/"]}]},{"@type":"ImageObject","inLanguage":"es","@id":"https:\/\/adl-regalosempresa.com\/tiendaonline\/articulos\/merchandising\/botella-de-500-ml-de-acero-inoxidable-con-aislamiento-para-sublimacion-para-personalizar-con-logo\/#primaryimage","url":"https:\/\/adl-regalosempresa.com\/tiendaonline\/wp-content\/uploads\/2026\/01\/10092401.jpg","contentUrl":"https:\/\/adl-regalosempresa.com\/tiendaonline\/wp-content\/uploads\/2026\/01\/10092401.jpg","width":1600,"height":1600,"caption":"Botella de 500\u00a0ml de acero inoxidable con aislamiento para sublimaci\u00f3n \"Cove\""},{"@type":"BreadcrumbList","@id":"https:\/\/adl-regalosempresa.com\/tiendaonline\/articulos\/merchandising\/botella-de-500-ml-de-acero-inoxidable-con-aislamiento-para-sublimacion-para-personalizar-con-logo\/#breadcrumb","itemListElement":[{"@type":"ListItem","position":1,"name":"Portada","item":"https:\/\/adl-regalosempresa.com\/tiendaonline\/"},{"@type":"ListItem","position":2,"name":"Tienda","item":"https:\/\/adl-regalosempresa.com\/tiendaonline\/tienda\/"},{"@type":"ListItem","position":3,"name":"Botella de 500\u00a0ml de acero inoxidable con aislamiento para sublimaci\u00f3n para personalizar con logo"}]},{"@type":"WebSite","@id":"https:\/\/adl-regalosempresa.com\/tiendaonline\/#website","url":"https:\/\/adl-regalosempresa.com\/tiendaonline\/","name":"ADL Comunicaci\u00f3n","description":"Regalos de empresa","publisher":{"@id":"https:\/\/adl-regalosempresa.com\/tiendaonline\/#organization"},"potentialAction":[{"@type":"SearchAction","target":{"@type":"EntryPoint","urlTemplate":"https:\/\/adl-regalosempresa.com\/tiendaonline\/?s={search_term_string}"},"query-input":{"@type":"PropertyValueSpecification","valueRequired":true,"valueName":"search_term_string"}}],"inLanguage":"es"},{"@type":"Organization","@id":"https:\/\/adl-regalosempresa.com\/tiendaonline\/#organization","name":"ADL Comunicaci\u00f3n","url":"https:\/\/adl-regalosempresa.com\/tiendaonline\/","logo":{"@type":"ImageObject","inLanguage":"es","@id":"https:\/\/adl-regalosempresa.com\/tiendaonline\/#\/schema\/logo\/image\/","url":"https:\/\/adl-regalosempresa.com\/tiendaonline\/wp-content\/uploads\/2017\/09\/logo-adl-wp.png","contentUrl":"https:\/\/adl-regalosempresa.com\/tiendaonline\/wp-content\/uploads\/2017\/09\/logo-adl-wp.png","width":407,"height":185,"caption":"ADL Comunicaci\u00f3n"},"image":{"@id":"https:\/\/adl-regalosempresa.com\/tiendaonline\/#\/schema\/logo\/image\/"}}]}},"_links":{"self":[{"href":"https:\/\/adl-regalosempresa.com\/tiendaonline\/wp-json\/wp\/v2\/product\/145491","targetHints":{"allow":["GET"]}}],"collection":[{"href":"https:\/\/adl-regalosempresa.com\/tiendaonline\/wp-json\/wp\/v2\/product"}],"about":[{"href":"https:\/\/adl-regalosempresa.com\/tiendaonline\/wp-json\/wp\/v2\/types\/product"}],"wp:featuredmedia":[{"embeddable":true,"href":"https:\/\/adl-regalosempresa.com\/tiendaonline\/wp-json\/wp\/v2\/media\/145493"}],"wp:attachment":[{"href":"https:\/\/adl-regalosempresa.com\/tiendaonline\/wp-json\/wp\/v2\/media?parent=145491"}],"wp:term":[{"taxonomy":"product_brand","embeddable":true,"href":"https:\/\/adl-regalosempresa.com\/tiendaonline\/wp-json\/wp\/v2\/product_brand?post=145491"},{"taxonomy":"product_cat","embeddable":true,"href":"https:\/\/adl-regalosempresa.com\/tiendaonline\/wp-json\/wp\/v2\/product_cat?post=145491"},{"taxonomy":"product_tag","embeddable":true,"href":"https:\/\/adl-regalosempresa.com\/tiendaonline\/wp-json\/wp\/v2\/product_tag?post=145491"}],"curies":[{"name":"wp","href":"https:\/\/api.w.org\/{rel}","templated":true}]}}