{"id":145279,"date":"2026-04-12T04:39:49","date_gmt":"2026-04-12T04:39:49","guid":{"rendered":"https:\/\/adl-regalosempresa.com\/tiendaonline\/articulos\/merchandising\/botella-de-400-ml-de-color-liso-de-plastico-reciclado-con-certificado-rcs-y-mosqueton-para-personalizar-con-logo\/"},"modified":"2026-04-18T07:48:09","modified_gmt":"2026-04-18T07:48:09","slug":"botella-de-400-ml-de-color-liso-de-plastico-reciclado-con-certificado-rcs-y-mosqueton-para-personalizar-con-logo","status":"publish","type":"product","link":"https:\/\/adl-regalosempresa.com\/tiendaonline\/articulos\/merchandising\/botella-de-400-ml-de-color-liso-de-plastico-reciclado-con-certificado-rcs-y-mosqueton-para-personalizar-con-logo\/","title":{"rendered":"Botella de 400\u00a0ml de color liso de pl\u00e1stico reciclado con certificado RCS y mosquet\u00f3n  para personalizar con logo"},"content":{"rendered":"<p>Mantener la hidrataci\u00f3n en todo momento es posible con esta botella de agua de 400\u00a0ml, duradera y ligera, fabricada en PET reciclado con certificado RCS. Es la compa\u00f1\u00eda perfecta mientras haces ejercicio, en excursiones de un d\u00eda o en la oficina. La botella \u00abOregon\u00bb de una sola pared tiene una tapa de rosca y ofrece mucho espacio para a\u00f1adir cualquier logotipo. Engancha de forma segura el mosquet\u00f3n que incluye (no apto para escalar) a una bolsa para evitar perderla. Fabricada conforme al proceso de reciclado de PET aprobado por la EFSA.<\/p>\n","protected":false},"excerpt":{"rendered":"<p><strong>Descuentos por cantidades<\/strong><br \/>&#8211; a partir de 50 unidades: 1,97 \u20ac\/ud<br \/>&#8211; a partir de 100 unidades: 1,97 \u20ac\/ud<br \/>&#8211; a partir de 500 unidades: 1,94 \u20ac\/ud<\/p>\n<p>Para cantidades superiores a las aqu\u00ed indicadas, no dudes en ponerte en contacto con nuestro departamento comercial o <a href='https:\/\/adl-regalosempresa.com\/tiendaonline\/solicitud-presupuesto\/'>pedirnos presupuesto personalizado<\/a>, ajustaremos el presupuesto a tus necesidades.<\/p>\n","protected":false},"featured_media":145281,"template":"","meta":{"_kad_post_transparent":"","_kad_post_title":"","_kad_post_layout":"","_kad_post_sidebar_id":"","_kad_post_content_style":"","_kad_post_vertical_padding":"","_kad_post_feature":"","_kad_post_feature_position":"","_kad_post_header":false,"_kad_post_footer":false,"_kad_post_classname":""},"product_brand":[],"product_cat":[3372,3373],"product_tag":[],"class_list":{"0":"post-145279","1":"product","2":"type-product","3":"status-publish","4":"has-post-thumbnail","6":"product_cat-articulos-para-bebidas","7":"product_cat-botellas-de-agua","8":"pa_alto-183-cm","9":"pa_ancho-67-cm","10":"pa_color-azul-hale","11":"pa_color-azul-marino","12":"pa_color-azul-nube","13":"pa_color-azul-oscuro","14":"pa_color-blanco","15":"pa_color-lila","16":"pa_color-naranja","17":"pa_color-negro-intenso","18":"pa_color-rosa-empolvado","19":"pa_color-verde-jaspeado","20":"pa_color-verde-manzana","21":"pa_color-simple-azul","22":"pa_color-simple-blanco","23":"pa_color-simple-naranja","24":"pa_color-simple-negro-intenso","25":"pa_color-simple-purpura","26":"pa_color-simple-rosa","27":"pa_color-simple-verde","28":"pa_diametro-6-cm","29":"pa_largo-67-cm","30":"pa_marca-unbranded","31":"pa_material-plastico-pet-reciclado-certificado-por-rcs-plastico-de-silicona-acero-inoxidable","32":"pa_peso-532-gr","34":"first","35":"instock","36":"taxable","37":"shipping-taxable","38":"purchasable","39":"product-type-variable","40":"entry","41":"content-bg","42":"loop-entry"},"yoast_head":"<!-- This site is optimized with the Yoast SEO plugin v26.3 - https:\/\/yoast.com\/wordpress\/plugins\/seo\/ -->\n<title>Merchandising Botella de 400\u00a0ml de color liso de pl\u00e1stico reciclado con certificado RCS y mosquet\u00f3n para personalizar con logo - ADL<\/title>\n<meta name=\"description\" content=\"Art\u00edculo de merchandising Botella de 400\u00a0ml de color liso de pl\u00e1stico reciclado con certificado RCS y mosquet\u00f3n &quot;Oregon&quot;. Mantener la hidrataci\u00f3n en todo momento es posible con esta botella de agua de 400\u00a0ml, duradera y ligera, fabricada en PET reciclado con certificado RCS. Es la compa\u00f1\u00eda perfecta mientras haces ejercicio, en excursiones de un d\u00eda o en la oficina. La botella &quot;Oregon&quot; de una sola pared tiene una tapa de rosca y ofrece mucho espacio para a\u00f1adir cualquier logotipo. Engancha de forma segura el mosquet\u00f3n que incluye (no apto para escalar) a una bolsa para evitar perderla. Fabricada conforme al proceso de reciclado de PET aprobado por la EFSA.\" \/>\n<meta name=\"robots\" content=\"index, follow, max-snippet:-1, max-image-preview:large, max-video-preview:-1\" \/>\n<link rel=\"canonical\" href=\"https:\/\/adl-regalosempresa.com\/tiendaonline\/articulos\/merchandising\/botella-de-400-ml-de-color-liso-de-plastico-reciclado-con-certificado-rcs-y-mosqueton-para-personalizar-con-logo\/\" \/>\n<meta property=\"og:locale\" content=\"es_ES\" \/>\n<meta property=\"og:type\" content=\"article\" \/>\n<meta property=\"og:title\" content=\"Merchandising Botella de 400\u00a0ml de color liso de pl\u00e1stico reciclado con certificado RCS y mosquet\u00f3n para personalizar con logo - ADL\" \/>\n<meta property=\"og:description\" content=\"Art\u00edculo de merchandising Botella de 400\u00a0ml de color liso de pl\u00e1stico reciclado con certificado RCS y mosquet\u00f3n &quot;Oregon&quot;. Mantener la hidrataci\u00f3n en todo momento es posible con esta botella de agua de 400\u00a0ml, duradera y ligera, fabricada en PET reciclado con certificado RCS. Es la compa\u00f1\u00eda perfecta mientras haces ejercicio, en excursiones de un d\u00eda o en la oficina. La botella &quot;Oregon&quot; de una sola pared tiene una tapa de rosca y ofrece mucho espacio para a\u00f1adir cualquier logotipo. Engancha de forma segura el mosquet\u00f3n que incluye (no apto para escalar) a una bolsa para evitar perderla. Fabricada conforme al proceso de reciclado de PET aprobado por la EFSA.\" \/>\n<meta property=\"og:url\" content=\"https:\/\/adl-regalosempresa.com\/tiendaonline\/articulos\/merchandising\/botella-de-400-ml-de-color-liso-de-plastico-reciclado-con-certificado-rcs-y-mosqueton-para-personalizar-con-logo\/\" \/>\n<meta property=\"og:site_name\" content=\"ADL Comunicaci\u00f3n\" \/>\n<meta property=\"article:modified_time\" content=\"2026-04-18T07:48:09+00:00\" \/>\n<meta property=\"og:image\" content=\"https:\/\/adl-regalosempresa.com\/tiendaonline\/wp-content\/uploads\/2026\/01\/10086301.jpg\" \/>\n\t<meta property=\"og:image:width\" content=\"1600\" \/>\n\t<meta property=\"og:image:height\" content=\"1600\" \/>\n\t<meta property=\"og:image:type\" content=\"image\/jpeg\" \/>\n<meta name=\"twitter:card\" content=\"summary_large_image\" \/>\n<meta name=\"twitter:title\" content=\"Merchandising Botella de 400\u00a0ml de color liso de pl\u00e1stico reciclado con certificado RCS y mosquet\u00f3n para personalizar con logo - ADL\" \/>\n<script type=\"application\/ld+json\" class=\"yoast-schema-graph\">{\"@context\":\"https:\/\/schema.org\",\"@graph\":[{\"@type\":\"WebPage\",\"@id\":\"https:\/\/adl-regalosempresa.com\/tiendaonline\/articulos\/merchandising\/botella-de-400-ml-de-color-liso-de-plastico-reciclado-con-certificado-rcs-y-mosqueton-para-personalizar-con-logo\/\",\"url\":\"https:\/\/adl-regalosempresa.com\/tiendaonline\/articulos\/merchandising\/botella-de-400-ml-de-color-liso-de-plastico-reciclado-con-certificado-rcs-y-mosqueton-para-personalizar-con-logo\/\",\"name\":\"Merchandising Botella de 400\u00a0ml de color liso de pl\u00e1stico reciclado con certificado RCS y mosquet\u00f3n para personalizar con logo - ADL\",\"isPartOf\":{\"@id\":\"https:\/\/adl-regalosempresa.com\/tiendaonline\/#website\"},\"primaryImageOfPage\":{\"@id\":\"https:\/\/adl-regalosempresa.com\/tiendaonline\/articulos\/merchandising\/botella-de-400-ml-de-color-liso-de-plastico-reciclado-con-certificado-rcs-y-mosqueton-para-personalizar-con-logo\/#primaryimage\"},\"image\":{\"@id\":\"https:\/\/adl-regalosempresa.com\/tiendaonline\/articulos\/merchandising\/botella-de-400-ml-de-color-liso-de-plastico-reciclado-con-certificado-rcs-y-mosqueton-para-personalizar-con-logo\/#primaryimage\"},\"thumbnailUrl\":\"https:\/\/adl-regalosempresa.com\/tiendaonline\/wp-content\/uploads\/2026\/01\/10086301.jpg\",\"datePublished\":\"2026-04-12T04:39:49+00:00\",\"dateModified\":\"2026-04-18T07:48:09+00:00\",\"description\":\"Art\u00edculo de merchandising Botella de 400\u00a0ml de color liso de pl\u00e1stico reciclado con certificado RCS y mosquet\u00f3n \\\"Oregon\\\". Mantener la hidrataci\u00f3n en todo momento es posible con esta botella de agua de 400\u00a0ml, duradera y ligera, fabricada en PET reciclado con certificado RCS. Es la compa\u00f1\u00eda perfecta mientras haces ejercicio, en excursiones de un d\u00eda o en la oficina. La botella \\\"Oregon\\\" de una sola pared tiene una tapa de rosca y ofrece mucho espacio para a\u00f1adir cualquier logotipo. Engancha de forma segura el mosquet\u00f3n que incluye (no apto para escalar) a una bolsa para evitar perderla. Fabricada conforme al proceso de reciclado de PET aprobado por la EFSA.\",\"breadcrumb\":{\"@id\":\"https:\/\/adl-regalosempresa.com\/tiendaonline\/articulos\/merchandising\/botella-de-400-ml-de-color-liso-de-plastico-reciclado-con-certificado-rcs-y-mosqueton-para-personalizar-con-logo\/#breadcrumb\"},\"inLanguage\":\"es\",\"potentialAction\":[{\"@type\":\"ReadAction\",\"target\":[\"https:\/\/adl-regalosempresa.com\/tiendaonline\/articulos\/merchandising\/botella-de-400-ml-de-color-liso-de-plastico-reciclado-con-certificado-rcs-y-mosqueton-para-personalizar-con-logo\/\"]}]},{\"@type\":\"ImageObject\",\"inLanguage\":\"es\",\"@id\":\"https:\/\/adl-regalosempresa.com\/tiendaonline\/articulos\/merchandising\/botella-de-400-ml-de-color-liso-de-plastico-reciclado-con-certificado-rcs-y-mosqueton-para-personalizar-con-logo\/#primaryimage\",\"url\":\"https:\/\/adl-regalosempresa.com\/tiendaonline\/wp-content\/uploads\/2026\/01\/10086301.jpg\",\"contentUrl\":\"https:\/\/adl-regalosempresa.com\/tiendaonline\/wp-content\/uploads\/2026\/01\/10086301.jpg\",\"width\":1600,\"height\":1600,\"caption\":\"Botella de 400\u00a0ml de color liso de pl\u00e1stico reciclado con certificado RCS y mosquet\u00f3n \\\"Oregon\\\"\"},{\"@type\":\"BreadcrumbList\",\"@id\":\"https:\/\/adl-regalosempresa.com\/tiendaonline\/articulos\/merchandising\/botella-de-400-ml-de-color-liso-de-plastico-reciclado-con-certificado-rcs-y-mosqueton-para-personalizar-con-logo\/#breadcrumb\",\"itemListElement\":[{\"@type\":\"ListItem\",\"position\":1,\"name\":\"Portada\",\"item\":\"https:\/\/adl-regalosempresa.com\/tiendaonline\/\"},{\"@type\":\"ListItem\",\"position\":2,\"name\":\"Tienda\",\"item\":\"https:\/\/adl-regalosempresa.com\/tiendaonline\/tienda\/\"},{\"@type\":\"ListItem\",\"position\":3,\"name\":\"Botella de 400\u00a0ml de color liso de pl\u00e1stico reciclado con certificado RCS y mosquet\u00f3n para personalizar con logo\"}]},{\"@type\":\"WebSite\",\"@id\":\"https:\/\/adl-regalosempresa.com\/tiendaonline\/#website\",\"url\":\"https:\/\/adl-regalosempresa.com\/tiendaonline\/\",\"name\":\"ADL Comunicaci\u00f3n\",\"description\":\"Regalos de empresa\",\"publisher\":{\"@id\":\"https:\/\/adl-regalosempresa.com\/tiendaonline\/#organization\"},\"potentialAction\":[{\"@type\":\"SearchAction\",\"target\":{\"@type\":\"EntryPoint\",\"urlTemplate\":\"https:\/\/adl-regalosempresa.com\/tiendaonline\/?s={search_term_string}\"},\"query-input\":{\"@type\":\"PropertyValueSpecification\",\"valueRequired\":true,\"valueName\":\"search_term_string\"}}],\"inLanguage\":\"es\"},{\"@type\":\"Organization\",\"@id\":\"https:\/\/adl-regalosempresa.com\/tiendaonline\/#organization\",\"name\":\"ADL Comunicaci\u00f3n\",\"url\":\"https:\/\/adl-regalosempresa.com\/tiendaonline\/\",\"logo\":{\"@type\":\"ImageObject\",\"inLanguage\":\"es\",\"@id\":\"https:\/\/adl-regalosempresa.com\/tiendaonline\/#\/schema\/logo\/image\/\",\"url\":\"https:\/\/adl-regalosempresa.com\/tiendaonline\/wp-content\/uploads\/2017\/09\/logo-adl-wp.png\",\"contentUrl\":\"https:\/\/adl-regalosempresa.com\/tiendaonline\/wp-content\/uploads\/2017\/09\/logo-adl-wp.png\",\"width\":407,\"height\":185,\"caption\":\"ADL Comunicaci\u00f3n\"},\"image\":{\"@id\":\"https:\/\/adl-regalosempresa.com\/tiendaonline\/#\/schema\/logo\/image\/\"}}]}<\/script>\n<!-- \/ Yoast SEO plugin. -->","yoast_head_json":{"title":"Merchandising Botella de 400\u00a0ml de color liso de pl\u00e1stico reciclado con certificado RCS y mosquet\u00f3n para personalizar con logo - ADL","description":"Art\u00edculo de merchandising Botella de 400\u00a0ml de color liso de pl\u00e1stico reciclado con certificado RCS y mosquet\u00f3n \"Oregon\". Mantener la hidrataci\u00f3n en todo momento es posible con esta botella de agua de 400\u00a0ml, duradera y ligera, fabricada en PET reciclado con certificado RCS. Es la compa\u00f1\u00eda perfecta mientras haces ejercicio, en excursiones de un d\u00eda o en la oficina. La botella \"Oregon\" de una sola pared tiene una tapa de rosca y ofrece mucho espacio para a\u00f1adir cualquier logotipo. Engancha de forma segura el mosquet\u00f3n que incluye (no apto para escalar) a una bolsa para evitar perderla. Fabricada conforme al proceso de reciclado de PET aprobado por la EFSA.","robots":{"index":"index","follow":"follow","max-snippet":"max-snippet:-1","max-image-preview":"max-image-preview:large","max-video-preview":"max-video-preview:-1"},"canonical":"https:\/\/adl-regalosempresa.com\/tiendaonline\/articulos\/merchandising\/botella-de-400-ml-de-color-liso-de-plastico-reciclado-con-certificado-rcs-y-mosqueton-para-personalizar-con-logo\/","og_locale":"es_ES","og_type":"article","og_title":"Merchandising Botella de 400\u00a0ml de color liso de pl\u00e1stico reciclado con certificado RCS y mosquet\u00f3n para personalizar con logo - ADL","og_description":"Art\u00edculo de merchandising Botella de 400\u00a0ml de color liso de pl\u00e1stico reciclado con certificado RCS y mosquet\u00f3n \"Oregon\". Mantener la hidrataci\u00f3n en todo momento es posible con esta botella de agua de 400\u00a0ml, duradera y ligera, fabricada en PET reciclado con certificado RCS. Es la compa\u00f1\u00eda perfecta mientras haces ejercicio, en excursiones de un d\u00eda o en la oficina. La botella \"Oregon\" de una sola pared tiene una tapa de rosca y ofrece mucho espacio para a\u00f1adir cualquier logotipo. Engancha de forma segura el mosquet\u00f3n que incluye (no apto para escalar) a una bolsa para evitar perderla. Fabricada conforme al proceso de reciclado de PET aprobado por la EFSA.","og_url":"https:\/\/adl-regalosempresa.com\/tiendaonline\/articulos\/merchandising\/botella-de-400-ml-de-color-liso-de-plastico-reciclado-con-certificado-rcs-y-mosqueton-para-personalizar-con-logo\/","og_site_name":"ADL Comunicaci\u00f3n","article_modified_time":"2026-04-18T07:48:09+00:00","og_image":[{"width":1600,"height":1600,"url":"https:\/\/adl-regalosempresa.com\/tiendaonline\/wp-content\/uploads\/2026\/01\/10086301.jpg","type":"image\/jpeg"}],"twitter_card":"summary_large_image","twitter_title":"Merchandising Botella de 400\u00a0ml de color liso de pl\u00e1stico reciclado con certificado RCS y mosquet\u00f3n para personalizar con logo - ADL","schema":{"@context":"https:\/\/schema.org","@graph":[{"@type":"WebPage","@id":"https:\/\/adl-regalosempresa.com\/tiendaonline\/articulos\/merchandising\/botella-de-400-ml-de-color-liso-de-plastico-reciclado-con-certificado-rcs-y-mosqueton-para-personalizar-con-logo\/","url":"https:\/\/adl-regalosempresa.com\/tiendaonline\/articulos\/merchandising\/botella-de-400-ml-de-color-liso-de-plastico-reciclado-con-certificado-rcs-y-mosqueton-para-personalizar-con-logo\/","name":"Merchandising Botella de 400\u00a0ml de color liso de pl\u00e1stico reciclado con certificado RCS y mosquet\u00f3n para personalizar con logo - ADL","isPartOf":{"@id":"https:\/\/adl-regalosempresa.com\/tiendaonline\/#website"},"primaryImageOfPage":{"@id":"https:\/\/adl-regalosempresa.com\/tiendaonline\/articulos\/merchandising\/botella-de-400-ml-de-color-liso-de-plastico-reciclado-con-certificado-rcs-y-mosqueton-para-personalizar-con-logo\/#primaryimage"},"image":{"@id":"https:\/\/adl-regalosempresa.com\/tiendaonline\/articulos\/merchandising\/botella-de-400-ml-de-color-liso-de-plastico-reciclado-con-certificado-rcs-y-mosqueton-para-personalizar-con-logo\/#primaryimage"},"thumbnailUrl":"https:\/\/adl-regalosempresa.com\/tiendaonline\/wp-content\/uploads\/2026\/01\/10086301.jpg","datePublished":"2026-04-12T04:39:49+00:00","dateModified":"2026-04-18T07:48:09+00:00","description":"Art\u00edculo de merchandising Botella de 400\u00a0ml de color liso de pl\u00e1stico reciclado con certificado RCS y mosquet\u00f3n \"Oregon\". Mantener la hidrataci\u00f3n en todo momento es posible con esta botella de agua de 400\u00a0ml, duradera y ligera, fabricada en PET reciclado con certificado RCS. Es la compa\u00f1\u00eda perfecta mientras haces ejercicio, en excursiones de un d\u00eda o en la oficina. La botella \"Oregon\" de una sola pared tiene una tapa de rosca y ofrece mucho espacio para a\u00f1adir cualquier logotipo. Engancha de forma segura el mosquet\u00f3n que incluye (no apto para escalar) a una bolsa para evitar perderla. Fabricada conforme al proceso de reciclado de PET aprobado por la EFSA.","breadcrumb":{"@id":"https:\/\/adl-regalosempresa.com\/tiendaonline\/articulos\/merchandising\/botella-de-400-ml-de-color-liso-de-plastico-reciclado-con-certificado-rcs-y-mosqueton-para-personalizar-con-logo\/#breadcrumb"},"inLanguage":"es","potentialAction":[{"@type":"ReadAction","target":["https:\/\/adl-regalosempresa.com\/tiendaonline\/articulos\/merchandising\/botella-de-400-ml-de-color-liso-de-plastico-reciclado-con-certificado-rcs-y-mosqueton-para-personalizar-con-logo\/"]}]},{"@type":"ImageObject","inLanguage":"es","@id":"https:\/\/adl-regalosempresa.com\/tiendaonline\/articulos\/merchandising\/botella-de-400-ml-de-color-liso-de-plastico-reciclado-con-certificado-rcs-y-mosqueton-para-personalizar-con-logo\/#primaryimage","url":"https:\/\/adl-regalosempresa.com\/tiendaonline\/wp-content\/uploads\/2026\/01\/10086301.jpg","contentUrl":"https:\/\/adl-regalosempresa.com\/tiendaonline\/wp-content\/uploads\/2026\/01\/10086301.jpg","width":1600,"height":1600,"caption":"Botella de 400\u00a0ml de color liso de pl\u00e1stico reciclado con certificado RCS y mosquet\u00f3n \"Oregon\""},{"@type":"BreadcrumbList","@id":"https:\/\/adl-regalosempresa.com\/tiendaonline\/articulos\/merchandising\/botella-de-400-ml-de-color-liso-de-plastico-reciclado-con-certificado-rcs-y-mosqueton-para-personalizar-con-logo\/#breadcrumb","itemListElement":[{"@type":"ListItem","position":1,"name":"Portada","item":"https:\/\/adl-regalosempresa.com\/tiendaonline\/"},{"@type":"ListItem","position":2,"name":"Tienda","item":"https:\/\/adl-regalosempresa.com\/tiendaonline\/tienda\/"},{"@type":"ListItem","position":3,"name":"Botella de 400\u00a0ml de color liso de pl\u00e1stico reciclado con certificado RCS y mosquet\u00f3n para personalizar con logo"}]},{"@type":"WebSite","@id":"https:\/\/adl-regalosempresa.com\/tiendaonline\/#website","url":"https:\/\/adl-regalosempresa.com\/tiendaonline\/","name":"ADL Comunicaci\u00f3n","description":"Regalos de empresa","publisher":{"@id":"https:\/\/adl-regalosempresa.com\/tiendaonline\/#organization"},"potentialAction":[{"@type":"SearchAction","target":{"@type":"EntryPoint","urlTemplate":"https:\/\/adl-regalosempresa.com\/tiendaonline\/?s={search_term_string}"},"query-input":{"@type":"PropertyValueSpecification","valueRequired":true,"valueName":"search_term_string"}}],"inLanguage":"es"},{"@type":"Organization","@id":"https:\/\/adl-regalosempresa.com\/tiendaonline\/#organization","name":"ADL Comunicaci\u00f3n","url":"https:\/\/adl-regalosempresa.com\/tiendaonline\/","logo":{"@type":"ImageObject","inLanguage":"es","@id":"https:\/\/adl-regalosempresa.com\/tiendaonline\/#\/schema\/logo\/image\/","url":"https:\/\/adl-regalosempresa.com\/tiendaonline\/wp-content\/uploads\/2017\/09\/logo-adl-wp.png","contentUrl":"https:\/\/adl-regalosempresa.com\/tiendaonline\/wp-content\/uploads\/2017\/09\/logo-adl-wp.png","width":407,"height":185,"caption":"ADL Comunicaci\u00f3n"},"image":{"@id":"https:\/\/adl-regalosempresa.com\/tiendaonline\/#\/schema\/logo\/image\/"}}]}},"_links":{"self":[{"href":"https:\/\/adl-regalosempresa.com\/tiendaonline\/wp-json\/wp\/v2\/product\/145279","targetHints":{"allow":["GET"]}}],"collection":[{"href":"https:\/\/adl-regalosempresa.com\/tiendaonline\/wp-json\/wp\/v2\/product"}],"about":[{"href":"https:\/\/adl-regalosempresa.com\/tiendaonline\/wp-json\/wp\/v2\/types\/product"}],"wp:featuredmedia":[{"embeddable":true,"href":"https:\/\/adl-regalosempresa.com\/tiendaonline\/wp-json\/wp\/v2\/media\/145281"}],"wp:attachment":[{"href":"https:\/\/adl-regalosempresa.com\/tiendaonline\/wp-json\/wp\/v2\/media?parent=145279"}],"wp:term":[{"taxonomy":"product_brand","embeddable":true,"href":"https:\/\/adl-regalosempresa.com\/tiendaonline\/wp-json\/wp\/v2\/product_brand?post=145279"},{"taxonomy":"product_cat","embeddable":true,"href":"https:\/\/adl-regalosempresa.com\/tiendaonline\/wp-json\/wp\/v2\/product_cat?post=145279"},{"taxonomy":"product_tag","embeddable":true,"href":"https:\/\/adl-regalosempresa.com\/tiendaonline\/wp-json\/wp\/v2\/product_tag?post=145279"}],"curies":[{"name":"wp","href":"https:\/\/api.w.org\/{rel}","templated":true}]}}