{"id":144304,"date":"2026-03-24T08:15:06","date_gmt":"2026-03-24T08:15:06","guid":{"rendered":"https:\/\/adl-regalosempresa.com\/tiendaonline\/articulos\/merchandising\/set-de-regalo-de-boligrafo-llavero-y-tarjetero-rfid-de-aluminio-reciclado-rcs-para-personalizar-con-logo\/"},"modified":"2026-04-17T08:12:09","modified_gmt":"2026-04-17T08:12:09","slug":"set-de-regalo-de-boligrafo-llavero-y-tarjetero-rfid-de-aluminio-reciclado-rcs-para-personalizar-con-logo","status":"publish","type":"product","link":"https:\/\/adl-regalosempresa.com\/tiendaonline\/articulos\/merchandising\/set-de-regalo-de-boligrafo-llavero-y-tarjetero-rfid-de-aluminio-reciclado-rcs-para-personalizar-con-logo\/","title":{"rendered":"Set de regalo de bol\u00edgrafo, llavero y tarjetero RFID de aluminio reciclado RCS  para personalizar con logo"},"content":{"rendered":"<p>El set de regalo \u00abMinka\u00bb incluye un bol\u00edgrafo de aluminio reciclado con certificaci\u00f3n RCS, una elegante empu\u00f1adura de bamb\u00fa y punta de stylus, un llavero de aluminio (5,5 \u00d7 1,8 \u00d7 1\u00a0cm) con detalles de bamb\u00fa y un soporte para tel\u00e9fono integrado, as\u00ed como un tarjetero RFID (9,7 \u00d7 6,2 \u00d7 1\u00a0cm) con cuerpo de aleaci\u00f3n de aluminio y detalles de bamb\u00fa, que ofrece protecci\u00f3n para hasta 10 tarjetas. El bol\u00edgrafo contiene tinta negra, con una longitud de escritura de 1000 metros. Un regalo pr\u00e1ctico y bien pensado que combina funcionalidad con un dise\u00f1o moderno. Se entrega en una caja de regalo negra de primera calidad (16 \u00d7 16 \u00d7 2,7\u00a0cm) con una parte frontal lisa, ideal para a\u00f1adir un logotipo.<\/p>\n","protected":false},"excerpt":{"rendered":"<p><strong>Descuentos por cantidades<\/strong><br \/>&#8211; a partir de 50 unidades: 6,27 \u20ac\/ud<br \/>&#8211; a partir de 100 unidades: 6,27 \u20ac\/ud<br \/>&#8211; a partir de 500 unidades: 6,15 \u20ac\/ud<\/p>\n<p>Para cantidades superiores a las aqu\u00ed indicadas, no dudes en ponerte en contacto con nuestro departamento comercial o <a href='https:\/\/adl-regalosempresa.com\/tiendaonline\/solicitud-presupuesto\/'>pedirnos presupuesto personalizado<\/a>, ajustaremos el presupuesto a tus necesidades.<\/p>\n","protected":false},"featured_media":144306,"template":"","meta":{"_kad_post_transparent":"","_kad_post_title":"","_kad_post_layout":"","_kad_post_sidebar_id":"","_kad_post_content_style":"","_kad_post_vertical_padding":"","_kad_post_feature":"","_kad_post_feature_position":"","_kad_post_header":false,"_kad_post_footer":false,"_kad_post_classname":""},"product_brand":[],"product_cat":[4287,4340],"product_tag":[],"class_list":{"0":"post-144304","1":"product","2":"type-product","3":"status-publish","4":"has-post-thumbnail","6":"product_cat-boligrafos-y-escritura","7":"product_cat-sets-de-regalo-boligrafos-y-escritura","8":"pa_alto-27-cm","9":"pa_ancho-16-cm","10":"pa_color-natural-negro-intenso","11":"pa_color-simple-natural","12":"pa_color-simple-negro-intenso","13":"pa_largo-16-cm","14":"pa_marca-unbranded","15":"pa_material-bambu-certificado-fsc-aluminio-reciclado","16":"pa_peso-196-gr","18":"first","19":"instock","20":"taxable","21":"shipping-taxable","22":"purchasable","23":"product-type-variable","24":"entry","25":"content-bg","26":"loop-entry"},"yoast_head":"<!-- This site is optimized with the Yoast SEO plugin v26.3 - https:\/\/yoast.com\/wordpress\/plugins\/seo\/ -->\n<title>Merchandising Set de regalo de bol\u00edgrafo, llavero y tarjetero RFID de aluminio reciclado RCS para personalizar con logo - ADL<\/title>\n<meta name=\"description\" content=\"Art\u00edculo de merchandising Set de regalo de bol\u00edgrafo, llavero y tarjetero RFID de aluminio reciclado RCS &quot;Minka&quot;. El set de regalo &quot;Minka&quot; incluye un bol\u00edgrafo de aluminio reciclado con certificaci\u00f3n RCS, una elegante empu\u00f1adura de bamb\u00fa y punta de stylus, un llavero de aluminio (5,5 \u00d7 1,8 \u00d7 1\u00a0cm) con detalles de bamb\u00fa y un soporte para tel\u00e9fono integrado, as\u00ed como un tarjetero RFID (9,7 \u00d7 6,2 \u00d7 1\u00a0cm) con cuerpo de aleaci\u00f3n de aluminio y detalles de bamb\u00fa, que ofrece protecci\u00f3n para hasta 10 tarjetas. El bol\u00edgrafo contiene tinta negra, con una longitud de escritura de 1000 metros. Un regalo pr\u00e1ctico y bien pensado que combina funcionalidad con un dise\u00f1o moderno. Se entrega en una caja de regalo negra de primera calidad (16 \u00d7 16 \u00d7 2,7\u00a0cm) con una parte frontal lisa, ideal para a\u00f1adir un logotipo.\" \/>\n<meta name=\"robots\" content=\"index, follow, max-snippet:-1, max-image-preview:large, max-video-preview:-1\" \/>\n<link rel=\"canonical\" href=\"https:\/\/adl-regalosempresa.com\/tiendaonline\/articulos\/merchandising\/set-de-regalo-de-boligrafo-llavero-y-tarjetero-rfid-de-aluminio-reciclado-rcs-para-personalizar-con-logo\/\" \/>\n<meta property=\"og:locale\" content=\"es_ES\" \/>\n<meta property=\"og:type\" content=\"article\" \/>\n<meta property=\"og:title\" content=\"Merchandising Set de regalo de bol\u00edgrafo, llavero y tarjetero RFID de aluminio reciclado RCS para personalizar con logo - ADL\" \/>\n<meta property=\"og:description\" content=\"Art\u00edculo de merchandising Set de regalo de bol\u00edgrafo, llavero y tarjetero RFID de aluminio reciclado RCS &quot;Minka&quot;. El set de regalo &quot;Minka&quot; incluye un bol\u00edgrafo de aluminio reciclado con certificaci\u00f3n RCS, una elegante empu\u00f1adura de bamb\u00fa y punta de stylus, un llavero de aluminio (5,5 \u00d7 1,8 \u00d7 1\u00a0cm) con detalles de bamb\u00fa y un soporte para tel\u00e9fono integrado, as\u00ed como un tarjetero RFID (9,7 \u00d7 6,2 \u00d7 1\u00a0cm) con cuerpo de aleaci\u00f3n de aluminio y detalles de bamb\u00fa, que ofrece protecci\u00f3n para hasta 10 tarjetas. El bol\u00edgrafo contiene tinta negra, con una longitud de escritura de 1000 metros. Un regalo pr\u00e1ctico y bien pensado que combina funcionalidad con un dise\u00f1o moderno. Se entrega en una caja de regalo negra de primera calidad (16 \u00d7 16 \u00d7 2,7\u00a0cm) con una parte frontal lisa, ideal para a\u00f1adir un logotipo.\" \/>\n<meta property=\"og:url\" content=\"https:\/\/adl-regalosempresa.com\/tiendaonline\/articulos\/merchandising\/set-de-regalo-de-boligrafo-llavero-y-tarjetero-rfid-de-aluminio-reciclado-rcs-para-personalizar-con-logo\/\" \/>\n<meta property=\"og:site_name\" content=\"ADL Comunicaci\u00f3n\" \/>\n<meta property=\"article:modified_time\" content=\"2026-04-17T08:12:09+00:00\" \/>\n<meta property=\"og:image\" content=\"https:\/\/adl-regalosempresa.com\/tiendaonline\/wp-content\/uploads\/2025\/11\/10633706.jpg\" \/>\n\t<meta property=\"og:image:width\" content=\"1600\" \/>\n\t<meta property=\"og:image:height\" content=\"1600\" \/>\n\t<meta property=\"og:image:type\" content=\"image\/jpeg\" \/>\n<meta name=\"twitter:card\" content=\"summary_large_image\" \/>\n<meta name=\"twitter:title\" content=\"Merchandising Set de regalo de bol\u00edgrafo, llavero y tarjetero RFID de aluminio reciclado RCS para personalizar con logo - ADL\" \/>\n<meta name=\"twitter:label1\" content=\"Tiempo de lectura\" \/>\n\t<meta name=\"twitter:data1\" content=\"1 minuto\" \/>\n<script type=\"application\/ld+json\" class=\"yoast-schema-graph\">{\"@context\":\"https:\/\/schema.org\",\"@graph\":[{\"@type\":\"WebPage\",\"@id\":\"https:\/\/adl-regalosempresa.com\/tiendaonline\/articulos\/merchandising\/set-de-regalo-de-boligrafo-llavero-y-tarjetero-rfid-de-aluminio-reciclado-rcs-para-personalizar-con-logo\/\",\"url\":\"https:\/\/adl-regalosempresa.com\/tiendaonline\/articulos\/merchandising\/set-de-regalo-de-boligrafo-llavero-y-tarjetero-rfid-de-aluminio-reciclado-rcs-para-personalizar-con-logo\/\",\"name\":\"Merchandising Set de regalo de bol\u00edgrafo, llavero y tarjetero RFID de aluminio reciclado RCS para personalizar con logo - ADL\",\"isPartOf\":{\"@id\":\"https:\/\/adl-regalosempresa.com\/tiendaonline\/#website\"},\"primaryImageOfPage\":{\"@id\":\"https:\/\/adl-regalosempresa.com\/tiendaonline\/articulos\/merchandising\/set-de-regalo-de-boligrafo-llavero-y-tarjetero-rfid-de-aluminio-reciclado-rcs-para-personalizar-con-logo\/#primaryimage\"},\"image\":{\"@id\":\"https:\/\/adl-regalosempresa.com\/tiendaonline\/articulos\/merchandising\/set-de-regalo-de-boligrafo-llavero-y-tarjetero-rfid-de-aluminio-reciclado-rcs-para-personalizar-con-logo\/#primaryimage\"},\"thumbnailUrl\":\"https:\/\/adl-regalosempresa.com\/tiendaonline\/wp-content\/uploads\/2025\/11\/10633706.jpg\",\"datePublished\":\"2026-03-24T08:15:06+00:00\",\"dateModified\":\"2026-04-17T08:12:09+00:00\",\"description\":\"Art\u00edculo de merchandising Set de regalo de bol\u00edgrafo, llavero y tarjetero RFID de aluminio reciclado RCS \\\"Minka\\\". El set de regalo \\\"Minka\\\" incluye un bol\u00edgrafo de aluminio reciclado con certificaci\u00f3n RCS, una elegante empu\u00f1adura de bamb\u00fa y punta de stylus, un llavero de aluminio (5,5 \u00d7 1,8 \u00d7 1\u00a0cm) con detalles de bamb\u00fa y un soporte para tel\u00e9fono integrado, as\u00ed como un tarjetero RFID (9,7 \u00d7 6,2 \u00d7 1\u00a0cm) con cuerpo de aleaci\u00f3n de aluminio y detalles de bamb\u00fa, que ofrece protecci\u00f3n para hasta 10 tarjetas. El bol\u00edgrafo contiene tinta negra, con una longitud de escritura de 1000 metros. Un regalo pr\u00e1ctico y bien pensado que combina funcionalidad con un dise\u00f1o moderno. Se entrega en una caja de regalo negra de primera calidad (16 \u00d7 16 \u00d7 2,7\u00a0cm) con una parte frontal lisa, ideal para a\u00f1adir un logotipo.\",\"breadcrumb\":{\"@id\":\"https:\/\/adl-regalosempresa.com\/tiendaonline\/articulos\/merchandising\/set-de-regalo-de-boligrafo-llavero-y-tarjetero-rfid-de-aluminio-reciclado-rcs-para-personalizar-con-logo\/#breadcrumb\"},\"inLanguage\":\"es\",\"potentialAction\":[{\"@type\":\"ReadAction\",\"target\":[\"https:\/\/adl-regalosempresa.com\/tiendaonline\/articulos\/merchandising\/set-de-regalo-de-boligrafo-llavero-y-tarjetero-rfid-de-aluminio-reciclado-rcs-para-personalizar-con-logo\/\"]}]},{\"@type\":\"ImageObject\",\"inLanguage\":\"es\",\"@id\":\"https:\/\/adl-regalosempresa.com\/tiendaonline\/articulos\/merchandising\/set-de-regalo-de-boligrafo-llavero-y-tarjetero-rfid-de-aluminio-reciclado-rcs-para-personalizar-con-logo\/#primaryimage\",\"url\":\"https:\/\/adl-regalosempresa.com\/tiendaonline\/wp-content\/uploads\/2025\/11\/10633706.jpg\",\"contentUrl\":\"https:\/\/adl-regalosempresa.com\/tiendaonline\/wp-content\/uploads\/2025\/11\/10633706.jpg\",\"width\":1600,\"height\":1600,\"caption\":\"Set de regalo de bol\u00edgrafo\"},{\"@type\":\"BreadcrumbList\",\"@id\":\"https:\/\/adl-regalosempresa.com\/tiendaonline\/articulos\/merchandising\/set-de-regalo-de-boligrafo-llavero-y-tarjetero-rfid-de-aluminio-reciclado-rcs-para-personalizar-con-logo\/#breadcrumb\",\"itemListElement\":[{\"@type\":\"ListItem\",\"position\":1,\"name\":\"Portada\",\"item\":\"https:\/\/adl-regalosempresa.com\/tiendaonline\/\"},{\"@type\":\"ListItem\",\"position\":2,\"name\":\"Tienda\",\"item\":\"https:\/\/adl-regalosempresa.com\/tiendaonline\/tienda\/\"},{\"@type\":\"ListItem\",\"position\":3,\"name\":\"Set de regalo de bol\u00edgrafo, llavero y tarjetero RFID de aluminio reciclado RCS para personalizar con logo\"}]},{\"@type\":\"WebSite\",\"@id\":\"https:\/\/adl-regalosempresa.com\/tiendaonline\/#website\",\"url\":\"https:\/\/adl-regalosempresa.com\/tiendaonline\/\",\"name\":\"ADL Comunicaci\u00f3n\",\"description\":\"Regalos de empresa\",\"publisher\":{\"@id\":\"https:\/\/adl-regalosempresa.com\/tiendaonline\/#organization\"},\"potentialAction\":[{\"@type\":\"SearchAction\",\"target\":{\"@type\":\"EntryPoint\",\"urlTemplate\":\"https:\/\/adl-regalosempresa.com\/tiendaonline\/?s={search_term_string}\"},\"query-input\":{\"@type\":\"PropertyValueSpecification\",\"valueRequired\":true,\"valueName\":\"search_term_string\"}}],\"inLanguage\":\"es\"},{\"@type\":\"Organization\",\"@id\":\"https:\/\/adl-regalosempresa.com\/tiendaonline\/#organization\",\"name\":\"ADL Comunicaci\u00f3n\",\"url\":\"https:\/\/adl-regalosempresa.com\/tiendaonline\/\",\"logo\":{\"@type\":\"ImageObject\",\"inLanguage\":\"es\",\"@id\":\"https:\/\/adl-regalosempresa.com\/tiendaonline\/#\/schema\/logo\/image\/\",\"url\":\"https:\/\/adl-regalosempresa.com\/tiendaonline\/wp-content\/uploads\/2017\/09\/logo-adl-wp.png\",\"contentUrl\":\"https:\/\/adl-regalosempresa.com\/tiendaonline\/wp-content\/uploads\/2017\/09\/logo-adl-wp.png\",\"width\":407,\"height\":185,\"caption\":\"ADL Comunicaci\u00f3n\"},\"image\":{\"@id\":\"https:\/\/adl-regalosempresa.com\/tiendaonline\/#\/schema\/logo\/image\/\"}}]}<\/script>\n<!-- \/ Yoast SEO plugin. -->","yoast_head_json":{"title":"Merchandising Set de regalo de bol\u00edgrafo, llavero y tarjetero RFID de aluminio reciclado RCS para personalizar con logo - ADL","description":"Art\u00edculo de merchandising Set de regalo de bol\u00edgrafo, llavero y tarjetero RFID de aluminio reciclado RCS \"Minka\". El set de regalo \"Minka\" incluye un bol\u00edgrafo de aluminio reciclado con certificaci\u00f3n RCS, una elegante empu\u00f1adura de bamb\u00fa y punta de stylus, un llavero de aluminio (5,5 \u00d7 1,8 \u00d7 1\u00a0cm) con detalles de bamb\u00fa y un soporte para tel\u00e9fono integrado, as\u00ed como un tarjetero RFID (9,7 \u00d7 6,2 \u00d7 1\u00a0cm) con cuerpo de aleaci\u00f3n de aluminio y detalles de bamb\u00fa, que ofrece protecci\u00f3n para hasta 10 tarjetas. El bol\u00edgrafo contiene tinta negra, con una longitud de escritura de 1000 metros. Un regalo pr\u00e1ctico y bien pensado que combina funcionalidad con un dise\u00f1o moderno. Se entrega en una caja de regalo negra de primera calidad (16 \u00d7 16 \u00d7 2,7\u00a0cm) con una parte frontal lisa, ideal para a\u00f1adir un logotipo.","robots":{"index":"index","follow":"follow","max-snippet":"max-snippet:-1","max-image-preview":"max-image-preview:large","max-video-preview":"max-video-preview:-1"},"canonical":"https:\/\/adl-regalosempresa.com\/tiendaonline\/articulos\/merchandising\/set-de-regalo-de-boligrafo-llavero-y-tarjetero-rfid-de-aluminio-reciclado-rcs-para-personalizar-con-logo\/","og_locale":"es_ES","og_type":"article","og_title":"Merchandising Set de regalo de bol\u00edgrafo, llavero y tarjetero RFID de aluminio reciclado RCS para personalizar con logo - ADL","og_description":"Art\u00edculo de merchandising Set de regalo de bol\u00edgrafo, llavero y tarjetero RFID de aluminio reciclado RCS \"Minka\". El set de regalo \"Minka\" incluye un bol\u00edgrafo de aluminio reciclado con certificaci\u00f3n RCS, una elegante empu\u00f1adura de bamb\u00fa y punta de stylus, un llavero de aluminio (5,5 \u00d7 1,8 \u00d7 1\u00a0cm) con detalles de bamb\u00fa y un soporte para tel\u00e9fono integrado, as\u00ed como un tarjetero RFID (9,7 \u00d7 6,2 \u00d7 1\u00a0cm) con cuerpo de aleaci\u00f3n de aluminio y detalles de bamb\u00fa, que ofrece protecci\u00f3n para hasta 10 tarjetas. El bol\u00edgrafo contiene tinta negra, con una longitud de escritura de 1000 metros. Un regalo pr\u00e1ctico y bien pensado que combina funcionalidad con un dise\u00f1o moderno. Se entrega en una caja de regalo negra de primera calidad (16 \u00d7 16 \u00d7 2,7\u00a0cm) con una parte frontal lisa, ideal para a\u00f1adir un logotipo.","og_url":"https:\/\/adl-regalosempresa.com\/tiendaonline\/articulos\/merchandising\/set-de-regalo-de-boligrafo-llavero-y-tarjetero-rfid-de-aluminio-reciclado-rcs-para-personalizar-con-logo\/","og_site_name":"ADL Comunicaci\u00f3n","article_modified_time":"2026-04-17T08:12:09+00:00","og_image":[{"width":1600,"height":1600,"url":"https:\/\/adl-regalosempresa.com\/tiendaonline\/wp-content\/uploads\/2025\/11\/10633706.jpg","type":"image\/jpeg"}],"twitter_card":"summary_large_image","twitter_title":"Merchandising Set de regalo de bol\u00edgrafo, llavero y tarjetero RFID de aluminio reciclado RCS para personalizar con logo - ADL","twitter_misc":{"Tiempo de lectura":"1 minuto"},"schema":{"@context":"https:\/\/schema.org","@graph":[{"@type":"WebPage","@id":"https:\/\/adl-regalosempresa.com\/tiendaonline\/articulos\/merchandising\/set-de-regalo-de-boligrafo-llavero-y-tarjetero-rfid-de-aluminio-reciclado-rcs-para-personalizar-con-logo\/","url":"https:\/\/adl-regalosempresa.com\/tiendaonline\/articulos\/merchandising\/set-de-regalo-de-boligrafo-llavero-y-tarjetero-rfid-de-aluminio-reciclado-rcs-para-personalizar-con-logo\/","name":"Merchandising Set de regalo de bol\u00edgrafo, llavero y tarjetero RFID de aluminio reciclado RCS para personalizar con logo - ADL","isPartOf":{"@id":"https:\/\/adl-regalosempresa.com\/tiendaonline\/#website"},"primaryImageOfPage":{"@id":"https:\/\/adl-regalosempresa.com\/tiendaonline\/articulos\/merchandising\/set-de-regalo-de-boligrafo-llavero-y-tarjetero-rfid-de-aluminio-reciclado-rcs-para-personalizar-con-logo\/#primaryimage"},"image":{"@id":"https:\/\/adl-regalosempresa.com\/tiendaonline\/articulos\/merchandising\/set-de-regalo-de-boligrafo-llavero-y-tarjetero-rfid-de-aluminio-reciclado-rcs-para-personalizar-con-logo\/#primaryimage"},"thumbnailUrl":"https:\/\/adl-regalosempresa.com\/tiendaonline\/wp-content\/uploads\/2025\/11\/10633706.jpg","datePublished":"2026-03-24T08:15:06+00:00","dateModified":"2026-04-17T08:12:09+00:00","description":"Art\u00edculo de merchandising Set de regalo de bol\u00edgrafo, llavero y tarjetero RFID de aluminio reciclado RCS \"Minka\". El set de regalo \"Minka\" incluye un bol\u00edgrafo de aluminio reciclado con certificaci\u00f3n RCS, una elegante empu\u00f1adura de bamb\u00fa y punta de stylus, un llavero de aluminio (5,5 \u00d7 1,8 \u00d7 1\u00a0cm) con detalles de bamb\u00fa y un soporte para tel\u00e9fono integrado, as\u00ed como un tarjetero RFID (9,7 \u00d7 6,2 \u00d7 1\u00a0cm) con cuerpo de aleaci\u00f3n de aluminio y detalles de bamb\u00fa, que ofrece protecci\u00f3n para hasta 10 tarjetas. El bol\u00edgrafo contiene tinta negra, con una longitud de escritura de 1000 metros. Un regalo pr\u00e1ctico y bien pensado que combina funcionalidad con un dise\u00f1o moderno. Se entrega en una caja de regalo negra de primera calidad (16 \u00d7 16 \u00d7 2,7\u00a0cm) con una parte frontal lisa, ideal para a\u00f1adir un logotipo.","breadcrumb":{"@id":"https:\/\/adl-regalosempresa.com\/tiendaonline\/articulos\/merchandising\/set-de-regalo-de-boligrafo-llavero-y-tarjetero-rfid-de-aluminio-reciclado-rcs-para-personalizar-con-logo\/#breadcrumb"},"inLanguage":"es","potentialAction":[{"@type":"ReadAction","target":["https:\/\/adl-regalosempresa.com\/tiendaonline\/articulos\/merchandising\/set-de-regalo-de-boligrafo-llavero-y-tarjetero-rfid-de-aluminio-reciclado-rcs-para-personalizar-con-logo\/"]}]},{"@type":"ImageObject","inLanguage":"es","@id":"https:\/\/adl-regalosempresa.com\/tiendaonline\/articulos\/merchandising\/set-de-regalo-de-boligrafo-llavero-y-tarjetero-rfid-de-aluminio-reciclado-rcs-para-personalizar-con-logo\/#primaryimage","url":"https:\/\/adl-regalosempresa.com\/tiendaonline\/wp-content\/uploads\/2025\/11\/10633706.jpg","contentUrl":"https:\/\/adl-regalosempresa.com\/tiendaonline\/wp-content\/uploads\/2025\/11\/10633706.jpg","width":1600,"height":1600,"caption":"Set de regalo de bol\u00edgrafo"},{"@type":"BreadcrumbList","@id":"https:\/\/adl-regalosempresa.com\/tiendaonline\/articulos\/merchandising\/set-de-regalo-de-boligrafo-llavero-y-tarjetero-rfid-de-aluminio-reciclado-rcs-para-personalizar-con-logo\/#breadcrumb","itemListElement":[{"@type":"ListItem","position":1,"name":"Portada","item":"https:\/\/adl-regalosempresa.com\/tiendaonline\/"},{"@type":"ListItem","position":2,"name":"Tienda","item":"https:\/\/adl-regalosempresa.com\/tiendaonline\/tienda\/"},{"@type":"ListItem","position":3,"name":"Set de regalo de bol\u00edgrafo, llavero y tarjetero RFID de aluminio reciclado RCS para personalizar con logo"}]},{"@type":"WebSite","@id":"https:\/\/adl-regalosempresa.com\/tiendaonline\/#website","url":"https:\/\/adl-regalosempresa.com\/tiendaonline\/","name":"ADL Comunicaci\u00f3n","description":"Regalos de empresa","publisher":{"@id":"https:\/\/adl-regalosempresa.com\/tiendaonline\/#organization"},"potentialAction":[{"@type":"SearchAction","target":{"@type":"EntryPoint","urlTemplate":"https:\/\/adl-regalosempresa.com\/tiendaonline\/?s={search_term_string}"},"query-input":{"@type":"PropertyValueSpecification","valueRequired":true,"valueName":"search_term_string"}}],"inLanguage":"es"},{"@type":"Organization","@id":"https:\/\/adl-regalosempresa.com\/tiendaonline\/#organization","name":"ADL Comunicaci\u00f3n","url":"https:\/\/adl-regalosempresa.com\/tiendaonline\/","logo":{"@type":"ImageObject","inLanguage":"es","@id":"https:\/\/adl-regalosempresa.com\/tiendaonline\/#\/schema\/logo\/image\/","url":"https:\/\/adl-regalosempresa.com\/tiendaonline\/wp-content\/uploads\/2017\/09\/logo-adl-wp.png","contentUrl":"https:\/\/adl-regalosempresa.com\/tiendaonline\/wp-content\/uploads\/2017\/09\/logo-adl-wp.png","width":407,"height":185,"caption":"ADL Comunicaci\u00f3n"},"image":{"@id":"https:\/\/adl-regalosempresa.com\/tiendaonline\/#\/schema\/logo\/image\/"}}]}},"_links":{"self":[{"href":"https:\/\/adl-regalosempresa.com\/tiendaonline\/wp-json\/wp\/v2\/product\/144304","targetHints":{"allow":["GET"]}}],"collection":[{"href":"https:\/\/adl-regalosempresa.com\/tiendaonline\/wp-json\/wp\/v2\/product"}],"about":[{"href":"https:\/\/adl-regalosempresa.com\/tiendaonline\/wp-json\/wp\/v2\/types\/product"}],"wp:featuredmedia":[{"embeddable":true,"href":"https:\/\/adl-regalosempresa.com\/tiendaonline\/wp-json\/wp\/v2\/media\/144306"}],"wp:attachment":[{"href":"https:\/\/adl-regalosempresa.com\/tiendaonline\/wp-json\/wp\/v2\/media?parent=144304"}],"wp:term":[{"taxonomy":"product_brand","embeddable":true,"href":"https:\/\/adl-regalosempresa.com\/tiendaonline\/wp-json\/wp\/v2\/product_brand?post=144304"},{"taxonomy":"product_cat","embeddable":true,"href":"https:\/\/adl-regalosempresa.com\/tiendaonline\/wp-json\/wp\/v2\/product_cat?post=144304"},{"taxonomy":"product_tag","embeddable":true,"href":"https:\/\/adl-regalosempresa.com\/tiendaonline\/wp-json\/wp\/v2\/product_tag?post=144304"}],"curies":[{"name":"wp","href":"https:\/\/api.w.org\/{rel}","templated":true}]}}