{"id":144276,"date":"2026-04-30T05:28:11","date_gmt":"2026-04-30T05:28:11","guid":{"rendered":"https:\/\/adl-regalosempresa.com\/tiendaonline\/articulos\/merchandising\/sudadera-sherpa-con-cremallera-completa-y-capucha-para-personalizar-con-logo\/"},"modified":"2026-04-30T05:29:14","modified_gmt":"2026-04-30T05:29:14","slug":"sudadera-sherpa-con-cremallera-completa-y-capucha-de-320-g-m%c2%b2-para-personalizar-con-logo","status":"publish","type":"product","link":"https:\/\/adl-regalosempresa.com\/tiendaonline\/articulos\/merchandising\/sudadera-sherpa-con-cremallera-completa-y-capucha-de-320-g-m%c2%b2-para-personalizar-con-logo\/","title":{"rendered":"Sudadera sherpa con cremallera completa y capucha de 320 g\/m\u00b2  para personalizar con logo"},"content":{"rendered":"<p>La sudadera sherpa con cremallera completa y capucha \u00abNatron\u00bb combina calidez, comodidad y estilo para el d\u00eda a d\u00eda. Fabricada con un 50\u00a0% de algod\u00f3n reciclado con certificaci\u00f3n GRS, un 10\u00a0% de algod\u00f3n y un 40\u00a0% de poli\u00e9ster, cuenta con un lujoso y suave forro de sherpa 100\u00a0% poli\u00e9ster para el m\u00e1ximo confort. El dise\u00f1o incluye una cremallera completa y dos pr\u00e1cticos bolsillos delanteros, lo que la hace funcional y vers\u00e1til.<\/p>\n","protected":false},"excerpt":{"rendered":"<p><strong>Descuentos por cantidades<\/strong><br \/>&#8211; a partir de 25 unidades: 49,28 \u20ac\/ud<br \/>&#8211; a partir de 50 unidades: 49,28 \u20ac\/ud<br \/>&#8211; a partir de 100 unidades: 48,31 \u20ac\/ud<\/p>\n<p>Para cantidades superiores a las aqu\u00ed indicadas, no dudes en ponerte en contacto con nuestro departamento comercial o <a href='https:\/\/adl-regalosempresa.com\/tiendaonline\/solicitud-presupuesto\/'>pedirnos presupuesto personalizado<\/a>, ajustaremos el presupuesto a tus necesidades.<\/p>\n","protected":false},"featured_media":144278,"template":"","meta":{"_kad_post_transparent":"","_kad_post_title":"","_kad_post_layout":"","_kad_post_sidebar_id":"","_kad_post_content_style":"","_kad_post_vertical_padding":"","_kad_post_feature":"","_kad_post_feature_position":"","_kad_post_header":false,"_kad_post_footer":false,"_kad_post_classname":""},"product_brand":[],"product_cat":[3649,6407],"product_tag":[],"class_list":{"0":"post-144276","1":"product","2":"type-product","3":"status-publish","4":"has-post-thumbnail","6":"product_cat-ropa","7":"product_cat-sudaderas-con-capucha","8":"pa_color-azul-marino","9":"pa_color-gris-mezcla","10":"pa_color-negro-intenso","11":"pa_color-simple-azul","12":"pa_color-simple-gris","13":"pa_color-simple-negro-intenso","14":"pa_marca-elevate","15":"pa_material-50-algodon-reciclado-10-algodon-40-poliester","16":"pa_peso-650-gr","17":"pa_talla-xxs","18":"pa_talla-xs","19":"pa_talla-s","20":"pa_talla-m","21":"pa_talla-l","22":"pa_talla-xl","23":"pa_talla-xxl","24":"pa_talla-3xl","26":"first","27":"instock","28":"taxable","29":"shipping-taxable","30":"purchasable","31":"product-type-variable","32":"entry","33":"content-bg","34":"loop-entry"},"yoast_head":"<!-- This site is optimized with the Yoast SEO plugin v26.3 - https:\/\/yoast.com\/wordpress\/plugins\/seo\/ -->\n<title>Merchandising Sudadera sherpa con cremallera completa y capucha de 320 g\/m\u00b2 para personalizar con logo - ADL<\/title>\n<meta name=\"description\" content=\"Art\u00edculo de merchandising Sudadera sherpa con cremallera completa y capucha de 320 g\/m\u00b2 &quot;Natron&quot;. La sudadera sherpa con cremallera completa y capucha &quot;Natron&quot; combina calidez, comodidad y estilo para el d\u00eda a d\u00eda. Fabricada con un 50\u00a0% de algod\u00f3n reciclado con certificaci\u00f3n GRS, un 10\u00a0% de algod\u00f3n y un 40\u00a0% de poli\u00e9ster, cuenta con un lujoso y suave forro de sherpa 100\u00a0% poli\u00e9ster para el m\u00e1ximo confort. El dise\u00f1o incluye una cremallera completa y dos pr\u00e1cticos bolsillos delanteros, lo que la hace funcional y vers\u00e1til.\" \/>\n<meta name=\"robots\" content=\"index, follow, max-snippet:-1, max-image-preview:large, max-video-preview:-1\" \/>\n<link rel=\"canonical\" href=\"https:\/\/adl-regalosempresa.com\/tiendaonline\/articulos\/merchandising\/sudadera-sherpa-con-cremallera-completa-y-capucha-de-320-g-m\u00b2-para-personalizar-con-logo\/\" \/>\n<meta property=\"og:locale\" content=\"es_ES\" \/>\n<meta property=\"og:type\" content=\"article\" \/>\n<meta property=\"og:title\" content=\"Merchandising Sudadera sherpa con cremallera completa y capucha de 320 g\/m\u00b2 para personalizar con logo - ADL\" \/>\n<meta property=\"og:description\" content=\"Art\u00edculo de merchandising Sudadera sherpa con cremallera completa y capucha de 320 g\/m\u00b2 &quot;Natron&quot;. La sudadera sherpa con cremallera completa y capucha &quot;Natron&quot; combina calidez, comodidad y estilo para el d\u00eda a d\u00eda. Fabricada con un 50\u00a0% de algod\u00f3n reciclado con certificaci\u00f3n GRS, un 10\u00a0% de algod\u00f3n y un 40\u00a0% de poli\u00e9ster, cuenta con un lujoso y suave forro de sherpa 100\u00a0% poli\u00e9ster para el m\u00e1ximo confort. El dise\u00f1o incluye una cremallera completa y dos pr\u00e1cticos bolsillos delanteros, lo que la hace funcional y vers\u00e1til.\" \/>\n<meta property=\"og:url\" content=\"https:\/\/adl-regalosempresa.com\/tiendaonline\/articulos\/merchandising\/sudadera-sherpa-con-cremallera-completa-y-capucha-de-320-g-m\u00b2-para-personalizar-con-logo\/\" \/>\n<meta property=\"og:site_name\" content=\"ADL Comunicaci\u00f3n\" \/>\n<meta property=\"article:modified_time\" content=\"2026-04-30T05:29:14+00:00\" \/>\n<meta property=\"og:image\" content=\"https:\/\/adl-regalosempresa.com\/tiendaonline\/wp-content\/uploads\/2025\/11\/3950755.jpg\" \/>\n\t<meta property=\"og:image:width\" content=\"1600\" \/>\n\t<meta property=\"og:image:height\" content=\"1600\" \/>\n\t<meta property=\"og:image:type\" content=\"image\/jpeg\" \/>\n<meta name=\"twitter:card\" content=\"summary_large_image\" \/>\n<meta name=\"twitter:title\" content=\"Merchandising Sudadera sherpa con cremallera completa y capucha de 320 g\/m\u00b2 para personalizar con logo - ADL\" \/>\n<script type=\"application\/ld+json\" class=\"yoast-schema-graph\">{\"@context\":\"https:\/\/schema.org\",\"@graph\":[{\"@type\":\"WebPage\",\"@id\":\"https:\/\/adl-regalosempresa.com\/tiendaonline\/articulos\/merchandising\/sudadera-sherpa-con-cremallera-completa-y-capucha-de-320-g-m%c2%b2-para-personalizar-con-logo\/\",\"url\":\"https:\/\/adl-regalosempresa.com\/tiendaonline\/articulos\/merchandising\/sudadera-sherpa-con-cremallera-completa-y-capucha-de-320-g-m%c2%b2-para-personalizar-con-logo\/\",\"name\":\"Merchandising Sudadera sherpa con cremallera completa y capucha de 320 g\/m\u00b2 para personalizar con logo - ADL\",\"isPartOf\":{\"@id\":\"https:\/\/adl-regalosempresa.com\/tiendaonline\/#website\"},\"primaryImageOfPage\":{\"@id\":\"https:\/\/adl-regalosempresa.com\/tiendaonline\/articulos\/merchandising\/sudadera-sherpa-con-cremallera-completa-y-capucha-de-320-g-m%c2%b2-para-personalizar-con-logo\/#primaryimage\"},\"image\":{\"@id\":\"https:\/\/adl-regalosempresa.com\/tiendaonline\/articulos\/merchandising\/sudadera-sherpa-con-cremallera-completa-y-capucha-de-320-g-m%c2%b2-para-personalizar-con-logo\/#primaryimage\"},\"thumbnailUrl\":\"https:\/\/adl-regalosempresa.com\/tiendaonline\/wp-content\/uploads\/2025\/11\/3950755.jpg\",\"datePublished\":\"2026-04-30T05:28:11+00:00\",\"dateModified\":\"2026-04-30T05:29:14+00:00\",\"description\":\"Art\u00edculo de merchandising Sudadera sherpa con cremallera completa y capucha de 320 g\/m\u00b2 \\\"Natron\\\". La sudadera sherpa con cremallera completa y capucha \\\"Natron\\\" combina calidez, comodidad y estilo para el d\u00eda a d\u00eda. Fabricada con un 50\u00a0% de algod\u00f3n reciclado con certificaci\u00f3n GRS, un 10\u00a0% de algod\u00f3n y un 40\u00a0% de poli\u00e9ster, cuenta con un lujoso y suave forro de sherpa 100\u00a0% poli\u00e9ster para el m\u00e1ximo confort. El dise\u00f1o incluye una cremallera completa y dos pr\u00e1cticos bolsillos delanteros, lo que la hace funcional y vers\u00e1til.\",\"breadcrumb\":{\"@id\":\"https:\/\/adl-regalosempresa.com\/tiendaonline\/articulos\/merchandising\/sudadera-sherpa-con-cremallera-completa-y-capucha-de-320-g-m%c2%b2-para-personalizar-con-logo\/#breadcrumb\"},\"inLanguage\":\"es\",\"potentialAction\":[{\"@type\":\"ReadAction\",\"target\":[\"https:\/\/adl-regalosempresa.com\/tiendaonline\/articulos\/merchandising\/sudadera-sherpa-con-cremallera-completa-y-capucha-de-320-g-m%c2%b2-para-personalizar-con-logo\/\"]}]},{\"@type\":\"ImageObject\",\"inLanguage\":\"es\",\"@id\":\"https:\/\/adl-regalosempresa.com\/tiendaonline\/articulos\/merchandising\/sudadera-sherpa-con-cremallera-completa-y-capucha-de-320-g-m%c2%b2-para-personalizar-con-logo\/#primaryimage\",\"url\":\"https:\/\/adl-regalosempresa.com\/tiendaonline\/wp-content\/uploads\/2025\/11\/3950755.jpg\",\"contentUrl\":\"https:\/\/adl-regalosempresa.com\/tiendaonline\/wp-content\/uploads\/2025\/11\/3950755.jpg\",\"width\":1600,\"height\":1600,\"caption\":\"Sudadera sherpa con cremallera completa y capucha de 320 g\/m\u00b2 \\\"Natron\\\"\"},{\"@type\":\"BreadcrumbList\",\"@id\":\"https:\/\/adl-regalosempresa.com\/tiendaonline\/articulos\/merchandising\/sudadera-sherpa-con-cremallera-completa-y-capucha-de-320-g-m%c2%b2-para-personalizar-con-logo\/#breadcrumb\",\"itemListElement\":[{\"@type\":\"ListItem\",\"position\":1,\"name\":\"Portada\",\"item\":\"https:\/\/adl-regalosempresa.com\/tiendaonline\/\"},{\"@type\":\"ListItem\",\"position\":2,\"name\":\"Tienda\",\"item\":\"https:\/\/adl-regalosempresa.com\/tiendaonline\/tienda\/\"},{\"@type\":\"ListItem\",\"position\":3,\"name\":\"Sudadera sherpa con cremallera completa y capucha de 320 g\/m\u00b2 para personalizar con logo\"}]},{\"@type\":\"WebSite\",\"@id\":\"https:\/\/adl-regalosempresa.com\/tiendaonline\/#website\",\"url\":\"https:\/\/adl-regalosempresa.com\/tiendaonline\/\",\"name\":\"ADL Comunicaci\u00f3n\",\"description\":\"Regalos de empresa\",\"publisher\":{\"@id\":\"https:\/\/adl-regalosempresa.com\/tiendaonline\/#organization\"},\"potentialAction\":[{\"@type\":\"SearchAction\",\"target\":{\"@type\":\"EntryPoint\",\"urlTemplate\":\"https:\/\/adl-regalosempresa.com\/tiendaonline\/?s={search_term_string}\"},\"query-input\":{\"@type\":\"PropertyValueSpecification\",\"valueRequired\":true,\"valueName\":\"search_term_string\"}}],\"inLanguage\":\"es\"},{\"@type\":\"Organization\",\"@id\":\"https:\/\/adl-regalosempresa.com\/tiendaonline\/#organization\",\"name\":\"ADL Comunicaci\u00f3n\",\"url\":\"https:\/\/adl-regalosempresa.com\/tiendaonline\/\",\"logo\":{\"@type\":\"ImageObject\",\"inLanguage\":\"es\",\"@id\":\"https:\/\/adl-regalosempresa.com\/tiendaonline\/#\/schema\/logo\/image\/\",\"url\":\"https:\/\/adl-regalosempresa.com\/tiendaonline\/wp-content\/uploads\/2017\/09\/logo-adl-wp.png\",\"contentUrl\":\"https:\/\/adl-regalosempresa.com\/tiendaonline\/wp-content\/uploads\/2017\/09\/logo-adl-wp.png\",\"width\":407,\"height\":185,\"caption\":\"ADL Comunicaci\u00f3n\"},\"image\":{\"@id\":\"https:\/\/adl-regalosempresa.com\/tiendaonline\/#\/schema\/logo\/image\/\"}}]}<\/script>\n<!-- \/ Yoast SEO plugin. -->","yoast_head_json":{"title":"Merchandising Sudadera sherpa con cremallera completa y capucha de 320 g\/m\u00b2 para personalizar con logo - ADL","description":"Art\u00edculo de merchandising Sudadera sherpa con cremallera completa y capucha de 320 g\/m\u00b2 \"Natron\". La sudadera sherpa con cremallera completa y capucha \"Natron\" combina calidez, comodidad y estilo para el d\u00eda a d\u00eda. Fabricada con un 50\u00a0% de algod\u00f3n reciclado con certificaci\u00f3n GRS, un 10\u00a0% de algod\u00f3n y un 40\u00a0% de poli\u00e9ster, cuenta con un lujoso y suave forro de sherpa 100\u00a0% poli\u00e9ster para el m\u00e1ximo confort. El dise\u00f1o incluye una cremallera completa y dos pr\u00e1cticos bolsillos delanteros, lo que la hace funcional y vers\u00e1til.","robots":{"index":"index","follow":"follow","max-snippet":"max-snippet:-1","max-image-preview":"max-image-preview:large","max-video-preview":"max-video-preview:-1"},"canonical":"https:\/\/adl-regalosempresa.com\/tiendaonline\/articulos\/merchandising\/sudadera-sherpa-con-cremallera-completa-y-capucha-de-320-g-m\u00b2-para-personalizar-con-logo\/","og_locale":"es_ES","og_type":"article","og_title":"Merchandising Sudadera sherpa con cremallera completa y capucha de 320 g\/m\u00b2 para personalizar con logo - ADL","og_description":"Art\u00edculo de merchandising Sudadera sherpa con cremallera completa y capucha de 320 g\/m\u00b2 \"Natron\". La sudadera sherpa con cremallera completa y capucha \"Natron\" combina calidez, comodidad y estilo para el d\u00eda a d\u00eda. Fabricada con un 50\u00a0% de algod\u00f3n reciclado con certificaci\u00f3n GRS, un 10\u00a0% de algod\u00f3n y un 40\u00a0% de poli\u00e9ster, cuenta con un lujoso y suave forro de sherpa 100\u00a0% poli\u00e9ster para el m\u00e1ximo confort. El dise\u00f1o incluye una cremallera completa y dos pr\u00e1cticos bolsillos delanteros, lo que la hace funcional y vers\u00e1til.","og_url":"https:\/\/adl-regalosempresa.com\/tiendaonline\/articulos\/merchandising\/sudadera-sherpa-con-cremallera-completa-y-capucha-de-320-g-m\u00b2-para-personalizar-con-logo\/","og_site_name":"ADL Comunicaci\u00f3n","article_modified_time":"2026-04-30T05:29:14+00:00","og_image":[{"width":1600,"height":1600,"url":"https:\/\/adl-regalosempresa.com\/tiendaonline\/wp-content\/uploads\/2025\/11\/3950755.jpg","type":"image\/jpeg"}],"twitter_card":"summary_large_image","twitter_title":"Merchandising Sudadera sherpa con cremallera completa y capucha de 320 g\/m\u00b2 para personalizar con logo - ADL","schema":{"@context":"https:\/\/schema.org","@graph":[{"@type":"WebPage","@id":"https:\/\/adl-regalosempresa.com\/tiendaonline\/articulos\/merchandising\/sudadera-sherpa-con-cremallera-completa-y-capucha-de-320-g-m%c2%b2-para-personalizar-con-logo\/","url":"https:\/\/adl-regalosempresa.com\/tiendaonline\/articulos\/merchandising\/sudadera-sherpa-con-cremallera-completa-y-capucha-de-320-g-m%c2%b2-para-personalizar-con-logo\/","name":"Merchandising Sudadera sherpa con cremallera completa y capucha de 320 g\/m\u00b2 para personalizar con logo - ADL","isPartOf":{"@id":"https:\/\/adl-regalosempresa.com\/tiendaonline\/#website"},"primaryImageOfPage":{"@id":"https:\/\/adl-regalosempresa.com\/tiendaonline\/articulos\/merchandising\/sudadera-sherpa-con-cremallera-completa-y-capucha-de-320-g-m%c2%b2-para-personalizar-con-logo\/#primaryimage"},"image":{"@id":"https:\/\/adl-regalosempresa.com\/tiendaonline\/articulos\/merchandising\/sudadera-sherpa-con-cremallera-completa-y-capucha-de-320-g-m%c2%b2-para-personalizar-con-logo\/#primaryimage"},"thumbnailUrl":"https:\/\/adl-regalosempresa.com\/tiendaonline\/wp-content\/uploads\/2025\/11\/3950755.jpg","datePublished":"2026-04-30T05:28:11+00:00","dateModified":"2026-04-30T05:29:14+00:00","description":"Art\u00edculo de merchandising Sudadera sherpa con cremallera completa y capucha de 320 g\/m\u00b2 \"Natron\". La sudadera sherpa con cremallera completa y capucha \"Natron\" combina calidez, comodidad y estilo para el d\u00eda a d\u00eda. Fabricada con un 50\u00a0% de algod\u00f3n reciclado con certificaci\u00f3n GRS, un 10\u00a0% de algod\u00f3n y un 40\u00a0% de poli\u00e9ster, cuenta con un lujoso y suave forro de sherpa 100\u00a0% poli\u00e9ster para el m\u00e1ximo confort. El dise\u00f1o incluye una cremallera completa y dos pr\u00e1cticos bolsillos delanteros, lo que la hace funcional y vers\u00e1til.","breadcrumb":{"@id":"https:\/\/adl-regalosempresa.com\/tiendaonline\/articulos\/merchandising\/sudadera-sherpa-con-cremallera-completa-y-capucha-de-320-g-m%c2%b2-para-personalizar-con-logo\/#breadcrumb"},"inLanguage":"es","potentialAction":[{"@type":"ReadAction","target":["https:\/\/adl-regalosempresa.com\/tiendaonline\/articulos\/merchandising\/sudadera-sherpa-con-cremallera-completa-y-capucha-de-320-g-m%c2%b2-para-personalizar-con-logo\/"]}]},{"@type":"ImageObject","inLanguage":"es","@id":"https:\/\/adl-regalosempresa.com\/tiendaonline\/articulos\/merchandising\/sudadera-sherpa-con-cremallera-completa-y-capucha-de-320-g-m%c2%b2-para-personalizar-con-logo\/#primaryimage","url":"https:\/\/adl-regalosempresa.com\/tiendaonline\/wp-content\/uploads\/2025\/11\/3950755.jpg","contentUrl":"https:\/\/adl-regalosempresa.com\/tiendaonline\/wp-content\/uploads\/2025\/11\/3950755.jpg","width":1600,"height":1600,"caption":"Sudadera sherpa con cremallera completa y capucha de 320 g\/m\u00b2 \"Natron\""},{"@type":"BreadcrumbList","@id":"https:\/\/adl-regalosempresa.com\/tiendaonline\/articulos\/merchandising\/sudadera-sherpa-con-cremallera-completa-y-capucha-de-320-g-m%c2%b2-para-personalizar-con-logo\/#breadcrumb","itemListElement":[{"@type":"ListItem","position":1,"name":"Portada","item":"https:\/\/adl-regalosempresa.com\/tiendaonline\/"},{"@type":"ListItem","position":2,"name":"Tienda","item":"https:\/\/adl-regalosempresa.com\/tiendaonline\/tienda\/"},{"@type":"ListItem","position":3,"name":"Sudadera sherpa con cremallera completa y capucha de 320 g\/m\u00b2 para personalizar con logo"}]},{"@type":"WebSite","@id":"https:\/\/adl-regalosempresa.com\/tiendaonline\/#website","url":"https:\/\/adl-regalosempresa.com\/tiendaonline\/","name":"ADL Comunicaci\u00f3n","description":"Regalos de empresa","publisher":{"@id":"https:\/\/adl-regalosempresa.com\/tiendaonline\/#organization"},"potentialAction":[{"@type":"SearchAction","target":{"@type":"EntryPoint","urlTemplate":"https:\/\/adl-regalosempresa.com\/tiendaonline\/?s={search_term_string}"},"query-input":{"@type":"PropertyValueSpecification","valueRequired":true,"valueName":"search_term_string"}}],"inLanguage":"es"},{"@type":"Organization","@id":"https:\/\/adl-regalosempresa.com\/tiendaonline\/#organization","name":"ADL Comunicaci\u00f3n","url":"https:\/\/adl-regalosempresa.com\/tiendaonline\/","logo":{"@type":"ImageObject","inLanguage":"es","@id":"https:\/\/adl-regalosempresa.com\/tiendaonline\/#\/schema\/logo\/image\/","url":"https:\/\/adl-regalosempresa.com\/tiendaonline\/wp-content\/uploads\/2017\/09\/logo-adl-wp.png","contentUrl":"https:\/\/adl-regalosempresa.com\/tiendaonline\/wp-content\/uploads\/2017\/09\/logo-adl-wp.png","width":407,"height":185,"caption":"ADL Comunicaci\u00f3n"},"image":{"@id":"https:\/\/adl-regalosempresa.com\/tiendaonline\/#\/schema\/logo\/image\/"}}]}},"_links":{"self":[{"href":"https:\/\/adl-regalosempresa.com\/tiendaonline\/wp-json\/wp\/v2\/product\/144276","targetHints":{"allow":["GET"]}}],"collection":[{"href":"https:\/\/adl-regalosempresa.com\/tiendaonline\/wp-json\/wp\/v2\/product"}],"about":[{"href":"https:\/\/adl-regalosempresa.com\/tiendaonline\/wp-json\/wp\/v2\/types\/product"}],"wp:featuredmedia":[{"embeddable":true,"href":"https:\/\/adl-regalosempresa.com\/tiendaonline\/wp-json\/wp\/v2\/media\/144278"}],"wp:attachment":[{"href":"https:\/\/adl-regalosempresa.com\/tiendaonline\/wp-json\/wp\/v2\/media?parent=144276"}],"wp:term":[{"taxonomy":"product_brand","embeddable":true,"href":"https:\/\/adl-regalosempresa.com\/tiendaonline\/wp-json\/wp\/v2\/product_brand?post=144276"},{"taxonomy":"product_cat","embeddable":true,"href":"https:\/\/adl-regalosempresa.com\/tiendaonline\/wp-json\/wp\/v2\/product_cat?post=144276"},{"taxonomy":"product_tag","embeddable":true,"href":"https:\/\/adl-regalosempresa.com\/tiendaonline\/wp-json\/wp\/v2\/product_tag?post=144276"}],"curies":[{"name":"wp","href":"https:\/\/api.w.org\/{rel}","templated":true}]}}