{"id":144178,"date":"2026-03-24T08:18:06","date_gmt":"2026-03-24T08:18:06","guid":{"rendered":"https:\/\/adl-regalosempresa.com\/tiendaonline\/articulos\/merchandising\/rollerball-para-personalizar-con-logo-6\/"},"modified":"2026-04-16T07:52:07","modified_gmt":"2026-04-16T07:52:07","slug":"rollerball-para-personalizar-con-logo-6","status":"publish","type":"product","link":"https:\/\/adl-regalosempresa.com\/tiendaonline\/articulos\/merchandising\/rollerball-para-personalizar-con-logo-6\/","title":{"rendered":"Rollerball  para personalizar con logo"},"content":{"rendered":"<p>Inspirado por el cambio de la moda hacia un lujo discreto, el bol\u00edgrafo \u00abH\u00e9misph\u00e8re\u00bb presenta un estilo neutro atemporal que combina con tu fondo de armario temporada tras temporada. Con su elegante y estilizada silueta, est\u00e1 elaborado con materiales de la m\u00e1s alta calidad. El cuerpo y el capuch\u00f3n presentan un lujoso acabado lacado metalizado, acentuado con un ribete dorado claro. Un clip doble ramificado con el sello \u00abWaterman\u00bb, finamente elaborado y chapado en oro claro, completa el elegante dise\u00f1o atemporal. La punta de bol\u00edgrafo, dise\u00f1ada por expertos con tinta de secado r\u00e1pido, garantiza una experiencia de escritura fluida. Fabricado en Francia, este bol\u00edgrafo se beneficia de los 140 a\u00f1os de experiencia artesanal de \u00abWaterman\u00bb, cuenta con una garant\u00eda internacional de dos a\u00f1os y se presenta en una caja de regalo de \u00abWaterman\u00bb de primera calidad. Color de la tinta: negro.<\/p>\n","protected":false},"excerpt":{"rendered":"<p><strong>Descuentos por cantidades<\/strong><br \/>&#8211; a partir de 25 unidades: 134,49 \u20ac\/ud<br \/>&#8211; a partir de 50 unidades: 131,8 \u20ac\/ud<br \/>&#8211; a partir de 100 unidades: 130,48 \u20ac\/ud<\/p>\n<p>Para cantidades superiores a las aqu\u00ed indicadas, no dudes en ponerte en contacto con nuestro departamento comercial o <a href='https:\/\/adl-regalosempresa.com\/tiendaonline\/solicitud-presupuesto\/'>pedirnos presupuesto personalizado<\/a>, ajustaremos el presupuesto a tus necesidades.<\/p>\n","protected":false},"featured_media":144180,"template":"","meta":{"_kad_post_transparent":"","_kad_post_title":"","_kad_post_layout":"","_kad_post_sidebar_id":"","_kad_post_content_style":"","_kad_post_vertical_padding":"","_kad_post_feature":"","_kad_post_feature_position":"","_kad_post_header":false,"_kad_post_footer":false,"_kad_post_classname":""},"product_brand":[],"product_cat":[4287,4294],"product_tag":[],"class_list":{"0":"post-144178","1":"product","2":"type-product","3":"status-publish","4":"has-post-thumbnail","6":"product_cat-boligrafos-y-escritura","7":"product_cat-rollerballs","8":"pa_alto-15-cm","9":"pa_ancho-12-cm","10":"pa_color-cobre","11":"pa_color-gris","12":"pa_color-negro-intenso","13":"pa_color-simple-gris","14":"pa_color-simple-naranja","15":"pa_color-simple-negro-intenso","16":"pa_largo-136-cm","17":"pa_marca-waterman","18":"pa_material-acero-inoxidable","19":"pa_peso-25-gr","21":"first","22":"instock","23":"taxable","24":"shipping-taxable","25":"purchasable","26":"product-type-variable","27":"entry","28":"content-bg","29":"loop-entry"},"yoast_head":"<!-- This site is optimized with the Yoast SEO plugin v26.3 - https:\/\/yoast.com\/wordpress\/plugins\/seo\/ -->\n<title>Merchandising Rollerball para personalizar con logo - ADL<\/title>\n<meta name=\"description\" content=\"Art\u00edculo de merchandising Rollerball &quot;Waterman Hemisphere&quot; F. Inspirado por el cambio de la moda hacia un lujo discreto, el bol\u00edgrafo &quot;H\u00e9misph\u00e8re&quot; presenta un estilo neutro atemporal que combina con tu fondo de armario temporada tras temporada. Con su elegante y estilizada silueta, est\u00e1 elaborado con materiales de la m\u00e1s alta calidad. El cuerpo y el capuch\u00f3n presentan un lujoso acabado lacado metalizado, acentuado con un ribete dorado claro. Un clip doble ramificado con el sello &quot;Waterman&quot;, finamente elaborado y chapado en oro claro, completa el elegante dise\u00f1o atemporal. La punta de bol\u00edgrafo, dise\u00f1ada por expertos con tinta de secado r\u00e1pido, garantiza una experiencia de escritura fluida. Fabricado en Francia, este bol\u00edgrafo se beneficia de los 140 a\u00f1os de experiencia artesanal de &quot;Waterman&quot;, cuenta con una garant\u00eda internacional de dos a\u00f1os y se presenta en una caja de regalo de &quot;Waterman&quot; de primera calidad. Color de la tinta: negro.\" \/>\n<meta name=\"robots\" content=\"index, follow, max-snippet:-1, max-image-preview:large, max-video-preview:-1\" \/>\n<link rel=\"canonical\" href=\"https:\/\/adl-regalosempresa.com\/tiendaonline\/articulos\/merchandising\/rollerball-para-personalizar-con-logo-6\/\" \/>\n<meta property=\"og:locale\" content=\"es_ES\" \/>\n<meta property=\"og:type\" content=\"article\" \/>\n<meta property=\"og:title\" content=\"Merchandising Rollerball para personalizar con logo - ADL\" \/>\n<meta property=\"og:description\" content=\"Art\u00edculo de merchandising Rollerball &quot;Waterman Hemisphere&quot; F. Inspirado por el cambio de la moda hacia un lujo discreto, el bol\u00edgrafo &quot;H\u00e9misph\u00e8re&quot; presenta un estilo neutro atemporal que combina con tu fondo de armario temporada tras temporada. Con su elegante y estilizada silueta, est\u00e1 elaborado con materiales de la m\u00e1s alta calidad. El cuerpo y el capuch\u00f3n presentan un lujoso acabado lacado metalizado, acentuado con un ribete dorado claro. Un clip doble ramificado con el sello &quot;Waterman&quot;, finamente elaborado y chapado en oro claro, completa el elegante dise\u00f1o atemporal. La punta de bol\u00edgrafo, dise\u00f1ada por expertos con tinta de secado r\u00e1pido, garantiza una experiencia de escritura fluida. Fabricado en Francia, este bol\u00edgrafo se beneficia de los 140 a\u00f1os de experiencia artesanal de &quot;Waterman&quot;, cuenta con una garant\u00eda internacional de dos a\u00f1os y se presenta en una caja de regalo de &quot;Waterman&quot; de primera calidad. Color de la tinta: negro.\" \/>\n<meta property=\"og:url\" content=\"https:\/\/adl-regalosempresa.com\/tiendaonline\/articulos\/merchandising\/rollerball-para-personalizar-con-logo-6\/\" \/>\n<meta property=\"og:site_name\" content=\"ADL Comunicaci\u00f3n\" \/>\n<meta property=\"article:modified_time\" content=\"2026-04-16T07:52:07+00:00\" \/>\n<meta property=\"og:image\" content=\"https:\/\/adl-regalosempresa.com\/tiendaonline\/wp-content\/uploads\/2025\/10\/10637232.jpg\" \/>\n\t<meta property=\"og:image:width\" content=\"1600\" \/>\n\t<meta property=\"og:image:height\" content=\"1600\" \/>\n\t<meta property=\"og:image:type\" content=\"image\/jpeg\" \/>\n<meta name=\"twitter:card\" content=\"summary_large_image\" \/>\n<meta name=\"twitter:title\" content=\"Merchandising Rollerball para personalizar con logo - ADL\" \/>\n<meta name=\"twitter:label1\" content=\"Tiempo de lectura\" \/>\n\t<meta name=\"twitter:data1\" content=\"1 minuto\" \/>\n<script type=\"application\/ld+json\" class=\"yoast-schema-graph\">{\"@context\":\"https:\/\/schema.org\",\"@graph\":[{\"@type\":\"WebPage\",\"@id\":\"https:\/\/adl-regalosempresa.com\/tiendaonline\/articulos\/merchandising\/rollerball-para-personalizar-con-logo-6\/\",\"url\":\"https:\/\/adl-regalosempresa.com\/tiendaonline\/articulos\/merchandising\/rollerball-para-personalizar-con-logo-6\/\",\"name\":\"Merchandising Rollerball para personalizar con logo - ADL\",\"isPartOf\":{\"@id\":\"https:\/\/adl-regalosempresa.com\/tiendaonline\/#website\"},\"primaryImageOfPage\":{\"@id\":\"https:\/\/adl-regalosempresa.com\/tiendaonline\/articulos\/merchandising\/rollerball-para-personalizar-con-logo-6\/#primaryimage\"},\"image\":{\"@id\":\"https:\/\/adl-regalosempresa.com\/tiendaonline\/articulos\/merchandising\/rollerball-para-personalizar-con-logo-6\/#primaryimage\"},\"thumbnailUrl\":\"https:\/\/adl-regalosempresa.com\/tiendaonline\/wp-content\/uploads\/2025\/10\/10637232.jpg\",\"datePublished\":\"2026-03-24T08:18:06+00:00\",\"dateModified\":\"2026-04-16T07:52:07+00:00\",\"description\":\"Art\u00edculo de merchandising Rollerball \\\"Waterman Hemisphere\\\" F. Inspirado por el cambio de la moda hacia un lujo discreto, el bol\u00edgrafo \\\"H\u00e9misph\u00e8re\\\" presenta un estilo neutro atemporal que combina con tu fondo de armario temporada tras temporada. Con su elegante y estilizada silueta, est\u00e1 elaborado con materiales de la m\u00e1s alta calidad. El cuerpo y el capuch\u00f3n presentan un lujoso acabado lacado metalizado, acentuado con un ribete dorado claro. Un clip doble ramificado con el sello \\\"Waterman\\\", finamente elaborado y chapado en oro claro, completa el elegante dise\u00f1o atemporal. La punta de bol\u00edgrafo, dise\u00f1ada por expertos con tinta de secado r\u00e1pido, garantiza una experiencia de escritura fluida. Fabricado en Francia, este bol\u00edgrafo se beneficia de los 140 a\u00f1os de experiencia artesanal de \\\"Waterman\\\", cuenta con una garant\u00eda internacional de dos a\u00f1os y se presenta en una caja de regalo de \\\"Waterman\\\" de primera calidad. Color de la tinta: negro.\",\"breadcrumb\":{\"@id\":\"https:\/\/adl-regalosempresa.com\/tiendaonline\/articulos\/merchandising\/rollerball-para-personalizar-con-logo-6\/#breadcrumb\"},\"inLanguage\":\"es\",\"potentialAction\":[{\"@type\":\"ReadAction\",\"target\":[\"https:\/\/adl-regalosempresa.com\/tiendaonline\/articulos\/merchandising\/rollerball-para-personalizar-con-logo-6\/\"]}]},{\"@type\":\"ImageObject\",\"inLanguage\":\"es\",\"@id\":\"https:\/\/adl-regalosempresa.com\/tiendaonline\/articulos\/merchandising\/rollerball-para-personalizar-con-logo-6\/#primaryimage\",\"url\":\"https:\/\/adl-regalosempresa.com\/tiendaonline\/wp-content\/uploads\/2025\/10\/10637232.jpg\",\"contentUrl\":\"https:\/\/adl-regalosempresa.com\/tiendaonline\/wp-content\/uploads\/2025\/10\/10637232.jpg\",\"width\":1600,\"height\":1600,\"caption\":\"Rollerball \\\"Waterman Hemisphere\\\" F\"},{\"@type\":\"BreadcrumbList\",\"@id\":\"https:\/\/adl-regalosempresa.com\/tiendaonline\/articulos\/merchandising\/rollerball-para-personalizar-con-logo-6\/#breadcrumb\",\"itemListElement\":[{\"@type\":\"ListItem\",\"position\":1,\"name\":\"Portada\",\"item\":\"https:\/\/adl-regalosempresa.com\/tiendaonline\/\"},{\"@type\":\"ListItem\",\"position\":2,\"name\":\"Tienda\",\"item\":\"https:\/\/adl-regalosempresa.com\/tiendaonline\/tienda\/\"},{\"@type\":\"ListItem\",\"position\":3,\"name\":\"Rollerball para personalizar con logo\"}]},{\"@type\":\"WebSite\",\"@id\":\"https:\/\/adl-regalosempresa.com\/tiendaonline\/#website\",\"url\":\"https:\/\/adl-regalosempresa.com\/tiendaonline\/\",\"name\":\"ADL Comunicaci\u00f3n\",\"description\":\"Regalos de empresa\",\"publisher\":{\"@id\":\"https:\/\/adl-regalosempresa.com\/tiendaonline\/#organization\"},\"potentialAction\":[{\"@type\":\"SearchAction\",\"target\":{\"@type\":\"EntryPoint\",\"urlTemplate\":\"https:\/\/adl-regalosempresa.com\/tiendaonline\/?s={search_term_string}\"},\"query-input\":{\"@type\":\"PropertyValueSpecification\",\"valueRequired\":true,\"valueName\":\"search_term_string\"}}],\"inLanguage\":\"es\"},{\"@type\":\"Organization\",\"@id\":\"https:\/\/adl-regalosempresa.com\/tiendaonline\/#organization\",\"name\":\"ADL Comunicaci\u00f3n\",\"url\":\"https:\/\/adl-regalosempresa.com\/tiendaonline\/\",\"logo\":{\"@type\":\"ImageObject\",\"inLanguage\":\"es\",\"@id\":\"https:\/\/adl-regalosempresa.com\/tiendaonline\/#\/schema\/logo\/image\/\",\"url\":\"https:\/\/adl-regalosempresa.com\/tiendaonline\/wp-content\/uploads\/2017\/09\/logo-adl-wp.png\",\"contentUrl\":\"https:\/\/adl-regalosempresa.com\/tiendaonline\/wp-content\/uploads\/2017\/09\/logo-adl-wp.png\",\"width\":407,\"height\":185,\"caption\":\"ADL Comunicaci\u00f3n\"},\"image\":{\"@id\":\"https:\/\/adl-regalosempresa.com\/tiendaonline\/#\/schema\/logo\/image\/\"}}]}<\/script>\n<!-- \/ Yoast SEO plugin. -->","yoast_head_json":{"title":"Merchandising Rollerball para personalizar con logo - ADL","description":"Art\u00edculo de merchandising Rollerball \"Waterman Hemisphere\" F. Inspirado por el cambio de la moda hacia un lujo discreto, el bol\u00edgrafo \"H\u00e9misph\u00e8re\" presenta un estilo neutro atemporal que combina con tu fondo de armario temporada tras temporada. Con su elegante y estilizada silueta, est\u00e1 elaborado con materiales de la m\u00e1s alta calidad. El cuerpo y el capuch\u00f3n presentan un lujoso acabado lacado metalizado, acentuado con un ribete dorado claro. Un clip doble ramificado con el sello \"Waterman\", finamente elaborado y chapado en oro claro, completa el elegante dise\u00f1o atemporal. La punta de bol\u00edgrafo, dise\u00f1ada por expertos con tinta de secado r\u00e1pido, garantiza una experiencia de escritura fluida. Fabricado en Francia, este bol\u00edgrafo se beneficia de los 140 a\u00f1os de experiencia artesanal de \"Waterman\", cuenta con una garant\u00eda internacional de dos a\u00f1os y se presenta en una caja de regalo de \"Waterman\" de primera calidad. Color de la tinta: negro.","robots":{"index":"index","follow":"follow","max-snippet":"max-snippet:-1","max-image-preview":"max-image-preview:large","max-video-preview":"max-video-preview:-1"},"canonical":"https:\/\/adl-regalosempresa.com\/tiendaonline\/articulos\/merchandising\/rollerball-para-personalizar-con-logo-6\/","og_locale":"es_ES","og_type":"article","og_title":"Merchandising Rollerball para personalizar con logo - ADL","og_description":"Art\u00edculo de merchandising Rollerball \"Waterman Hemisphere\" F. Inspirado por el cambio de la moda hacia un lujo discreto, el bol\u00edgrafo \"H\u00e9misph\u00e8re\" presenta un estilo neutro atemporal que combina con tu fondo de armario temporada tras temporada. Con su elegante y estilizada silueta, est\u00e1 elaborado con materiales de la m\u00e1s alta calidad. El cuerpo y el capuch\u00f3n presentan un lujoso acabado lacado metalizado, acentuado con un ribete dorado claro. Un clip doble ramificado con el sello \"Waterman\", finamente elaborado y chapado en oro claro, completa el elegante dise\u00f1o atemporal. La punta de bol\u00edgrafo, dise\u00f1ada por expertos con tinta de secado r\u00e1pido, garantiza una experiencia de escritura fluida. Fabricado en Francia, este bol\u00edgrafo se beneficia de los 140 a\u00f1os de experiencia artesanal de \"Waterman\", cuenta con una garant\u00eda internacional de dos a\u00f1os y se presenta en una caja de regalo de \"Waterman\" de primera calidad. Color de la tinta: negro.","og_url":"https:\/\/adl-regalosempresa.com\/tiendaonline\/articulos\/merchandising\/rollerball-para-personalizar-con-logo-6\/","og_site_name":"ADL Comunicaci\u00f3n","article_modified_time":"2026-04-16T07:52:07+00:00","og_image":[{"width":1600,"height":1600,"url":"https:\/\/adl-regalosempresa.com\/tiendaonline\/wp-content\/uploads\/2025\/10\/10637232.jpg","type":"image\/jpeg"}],"twitter_card":"summary_large_image","twitter_title":"Merchandising Rollerball para personalizar con logo - ADL","twitter_misc":{"Tiempo de lectura":"1 minuto"},"schema":{"@context":"https:\/\/schema.org","@graph":[{"@type":"WebPage","@id":"https:\/\/adl-regalosempresa.com\/tiendaonline\/articulos\/merchandising\/rollerball-para-personalizar-con-logo-6\/","url":"https:\/\/adl-regalosempresa.com\/tiendaonline\/articulos\/merchandising\/rollerball-para-personalizar-con-logo-6\/","name":"Merchandising Rollerball para personalizar con logo - ADL","isPartOf":{"@id":"https:\/\/adl-regalosempresa.com\/tiendaonline\/#website"},"primaryImageOfPage":{"@id":"https:\/\/adl-regalosempresa.com\/tiendaonline\/articulos\/merchandising\/rollerball-para-personalizar-con-logo-6\/#primaryimage"},"image":{"@id":"https:\/\/adl-regalosempresa.com\/tiendaonline\/articulos\/merchandising\/rollerball-para-personalizar-con-logo-6\/#primaryimage"},"thumbnailUrl":"https:\/\/adl-regalosempresa.com\/tiendaonline\/wp-content\/uploads\/2025\/10\/10637232.jpg","datePublished":"2026-03-24T08:18:06+00:00","dateModified":"2026-04-16T07:52:07+00:00","description":"Art\u00edculo de merchandising Rollerball \"Waterman Hemisphere\" F. Inspirado por el cambio de la moda hacia un lujo discreto, el bol\u00edgrafo \"H\u00e9misph\u00e8re\" presenta un estilo neutro atemporal que combina con tu fondo de armario temporada tras temporada. Con su elegante y estilizada silueta, est\u00e1 elaborado con materiales de la m\u00e1s alta calidad. El cuerpo y el capuch\u00f3n presentan un lujoso acabado lacado metalizado, acentuado con un ribete dorado claro. Un clip doble ramificado con el sello \"Waterman\", finamente elaborado y chapado en oro claro, completa el elegante dise\u00f1o atemporal. La punta de bol\u00edgrafo, dise\u00f1ada por expertos con tinta de secado r\u00e1pido, garantiza una experiencia de escritura fluida. Fabricado en Francia, este bol\u00edgrafo se beneficia de los 140 a\u00f1os de experiencia artesanal de \"Waterman\", cuenta con una garant\u00eda internacional de dos a\u00f1os y se presenta en una caja de regalo de \"Waterman\" de primera calidad. Color de la tinta: negro.","breadcrumb":{"@id":"https:\/\/adl-regalosempresa.com\/tiendaonline\/articulos\/merchandising\/rollerball-para-personalizar-con-logo-6\/#breadcrumb"},"inLanguage":"es","potentialAction":[{"@type":"ReadAction","target":["https:\/\/adl-regalosempresa.com\/tiendaonline\/articulos\/merchandising\/rollerball-para-personalizar-con-logo-6\/"]}]},{"@type":"ImageObject","inLanguage":"es","@id":"https:\/\/adl-regalosempresa.com\/tiendaonline\/articulos\/merchandising\/rollerball-para-personalizar-con-logo-6\/#primaryimage","url":"https:\/\/adl-regalosempresa.com\/tiendaonline\/wp-content\/uploads\/2025\/10\/10637232.jpg","contentUrl":"https:\/\/adl-regalosempresa.com\/tiendaonline\/wp-content\/uploads\/2025\/10\/10637232.jpg","width":1600,"height":1600,"caption":"Rollerball \"Waterman Hemisphere\" F"},{"@type":"BreadcrumbList","@id":"https:\/\/adl-regalosempresa.com\/tiendaonline\/articulos\/merchandising\/rollerball-para-personalizar-con-logo-6\/#breadcrumb","itemListElement":[{"@type":"ListItem","position":1,"name":"Portada","item":"https:\/\/adl-regalosempresa.com\/tiendaonline\/"},{"@type":"ListItem","position":2,"name":"Tienda","item":"https:\/\/adl-regalosempresa.com\/tiendaonline\/tienda\/"},{"@type":"ListItem","position":3,"name":"Rollerball para personalizar con logo"}]},{"@type":"WebSite","@id":"https:\/\/adl-regalosempresa.com\/tiendaonline\/#website","url":"https:\/\/adl-regalosempresa.com\/tiendaonline\/","name":"ADL Comunicaci\u00f3n","description":"Regalos de empresa","publisher":{"@id":"https:\/\/adl-regalosempresa.com\/tiendaonline\/#organization"},"potentialAction":[{"@type":"SearchAction","target":{"@type":"EntryPoint","urlTemplate":"https:\/\/adl-regalosempresa.com\/tiendaonline\/?s={search_term_string}"},"query-input":{"@type":"PropertyValueSpecification","valueRequired":true,"valueName":"search_term_string"}}],"inLanguage":"es"},{"@type":"Organization","@id":"https:\/\/adl-regalosempresa.com\/tiendaonline\/#organization","name":"ADL Comunicaci\u00f3n","url":"https:\/\/adl-regalosempresa.com\/tiendaonline\/","logo":{"@type":"ImageObject","inLanguage":"es","@id":"https:\/\/adl-regalosempresa.com\/tiendaonline\/#\/schema\/logo\/image\/","url":"https:\/\/adl-regalosempresa.com\/tiendaonline\/wp-content\/uploads\/2017\/09\/logo-adl-wp.png","contentUrl":"https:\/\/adl-regalosempresa.com\/tiendaonline\/wp-content\/uploads\/2017\/09\/logo-adl-wp.png","width":407,"height":185,"caption":"ADL Comunicaci\u00f3n"},"image":{"@id":"https:\/\/adl-regalosempresa.com\/tiendaonline\/#\/schema\/logo\/image\/"}}]}},"_links":{"self":[{"href":"https:\/\/adl-regalosempresa.com\/tiendaonline\/wp-json\/wp\/v2\/product\/144178","targetHints":{"allow":["GET"]}}],"collection":[{"href":"https:\/\/adl-regalosempresa.com\/tiendaonline\/wp-json\/wp\/v2\/product"}],"about":[{"href":"https:\/\/adl-regalosempresa.com\/tiendaonline\/wp-json\/wp\/v2\/types\/product"}],"wp:featuredmedia":[{"embeddable":true,"href":"https:\/\/adl-regalosempresa.com\/tiendaonline\/wp-json\/wp\/v2\/media\/144180"}],"wp:attachment":[{"href":"https:\/\/adl-regalosempresa.com\/tiendaonline\/wp-json\/wp\/v2\/media?parent=144178"}],"wp:term":[{"taxonomy":"product_brand","embeddable":true,"href":"https:\/\/adl-regalosempresa.com\/tiendaonline\/wp-json\/wp\/v2\/product_brand?post=144178"},{"taxonomy":"product_cat","embeddable":true,"href":"https:\/\/adl-regalosempresa.com\/tiendaonline\/wp-json\/wp\/v2\/product_cat?post=144178"},{"taxonomy":"product_tag","embeddable":true,"href":"https:\/\/adl-regalosempresa.com\/tiendaonline\/wp-json\/wp\/v2\/product_tag?post=144178"}],"curies":[{"name":"wp","href":"https:\/\/api.w.org\/{rel}","templated":true}]}}