{"id":144171,"date":"2026-03-24T08:10:43","date_gmt":"2026-03-24T08:10:43","guid":{"rendered":"https:\/\/adl-regalosempresa.com\/tiendaonline\/articulos\/merchandising\/dispensador-de-jabon-de-manos-de-250-ml-y-juego-de-velas-aromaticas-de-150-g-con-fragancia-de-lino-fresco-para-personalizar-con-logo\/"},"modified":"2026-04-03T08:08:11","modified_gmt":"2026-04-03T08:08:11","slug":"dispensador-de-jabon-de-manos-de-250-ml-y-juego-de-velas-aromaticas-de-150-g-con-fragancia-de-lino-fresco-para-personalizar-con-logo","status":"publish","type":"product","link":"https:\/\/adl-regalosempresa.com\/tiendaonline\/articulos\/merchandising\/dispensador-de-jabon-de-manos-de-250-ml-y-juego-de-velas-aromaticas-de-150-g-con-fragancia-de-lino-fresco-para-personalizar-con-logo\/","title":{"rendered":"Dispensador de jab\u00f3n de manos de 250\u00a0ml y juego de velas arom\u00e1ticas de 150\u00a0g con fragancia de lino fresco  para personalizar con logo"},"content":{"rendered":"<p>Este elegante set incluye un dispensador de jab\u00f3n de manos y una vela perfumada, ambos dise\u00f1ados para aportar un toque agradable y cuidado a tu rutina diaria. El jab\u00f3n de manos viene en una botella de vidrio de 250 ml con dispensador, es biodegradable y no contiene parabenos, aceite de palma, PEG, SLS ni SLES. La vela de 150 g est\u00e1 fabricada con cera de colza de combusti\u00f3n limpia que se quema por completo y deja el tarro reutilizable. La vela est\u00e1 disponible con 3 aromas diferentes: \u00abEchoes of Kindness\u00bb (floral verde), envasado en una caja blanca, \u00abQuiet Rebellion\u00bb (\u00e1mbar dulce), en una caja roja, y \u00abTender Affection\u00bb (\u00e1mbar c\u00e1lido), en una caja verde. Fabricado en Pa\u00edses Bajos.<\/p>\n","protected":false},"excerpt":{"rendered":"<p><strong>Descuentos por cantidades<\/strong><br \/>&#8211; a partir de 25 unidades: 25,76 \u20ac\/ud<br \/>&#8211; a partir de 50 unidades: 25,25 \u20ac\/ud<br \/>&#8211; a partir de 100 unidades: 24,99 \u20ac\/ud<\/p>\n<p>Para cantidades superiores a las aqu\u00ed indicadas, no dudes en ponerte en contacto con nuestro departamento comercial o <a href='https:\/\/adl-regalosempresa.com\/tiendaonline\/solicitud-presupuesto\/'>pedirnos presupuesto personalizado<\/a>, ajustaremos el presupuesto a tus necesidades.<\/p>\n","protected":false},"featured_media":144173,"template":"","meta":{"_kad_post_transparent":"","_kad_post_title":"","_kad_post_layout":"","_kad_post_sidebar_id":"","_kad_post_content_style":"","_kad_post_vertical_padding":"","_kad_post_feature":"","_kad_post_feature_position":"","_kad_post_header":false,"_kad_post_footer":false,"_kad_post_classname":""},"product_brand":[],"product_cat":[4186,3519],"product_tag":[],"class_list":{"0":"post-144171","1":"product","2":"type-product","3":"status-publish","4":"has-post-thumbnail","6":"product_cat-accesorios-del-hogar","7":"product_cat-articulos-personalizados-hogar","8":"pa_alto-19-cm","9":"pa_color-blanco","10":"pa_color-granate","11":"pa_color-negro-intenso","12":"pa_color-simple-blanco","13":"pa_color-simple-negro-intenso","14":"pa_color-simple-rojo","15":"pa_largo-15-cm","16":"pa_marca-wellmark","17":"pa_material-vidrio","18":"pa_peso-903-gr","20":"first","21":"instock","22":"taxable","23":"shipping-taxable","24":"purchasable","25":"product-type-variable","26":"entry","27":"content-bg","28":"loop-entry"},"yoast_head":"<!-- This site is optimized with the Yoast SEO plugin v26.3 - https:\/\/yoast.com\/wordpress\/plugins\/seo\/ -->\n<title>Merchandising Dispensador de jab\u00f3n de manos de 250\u00a0ml y juego de velas arom\u00e1ticas de 150\u00a0g con fragancia de lino fresco para personalizar con logo - ADL<\/title>\n<meta name=\"description\" content=\"Art\u00edculo de merchandising Dispensador de jab\u00f3n de manos de 250\u00a0ml y juego de velas arom\u00e1ticas de 150\u00a0g con fragancia de lino fresco &quot;Wellmark Discovery. Este elegante set incluye un dispensador de jab\u00f3n de manos y una vela perfumada, ambos dise\u00f1ados para aportar un toque agradable y cuidado a tu rutina diaria. El jab\u00f3n de manos viene en una botella de vidrio de 250 ml con dispensador, es biodegradable y no contiene parabenos, aceite de palma, PEG, SLS ni SLES. La vela de 150 g est\u00e1 fabricada con cera de colza de combusti\u00f3n limpia que se quema por completo y deja el tarro reutilizable. La vela est\u00e1 disponible con 3 aromas diferentes: &quot;Echoes of Kindness&quot; (floral verde), envasado en una caja blanca, &quot;Quiet Rebellion&quot; (\u00e1mbar dulce), en una caja roja, y &quot;Tender Affection&quot; (\u00e1mbar c\u00e1lido), en una caja verde. Fabricado en Pa\u00edses Bajos.\" \/>\n<meta name=\"robots\" content=\"index, follow, max-snippet:-1, max-image-preview:large, max-video-preview:-1\" \/>\n<link rel=\"canonical\" href=\"https:\/\/adl-regalosempresa.com\/tiendaonline\/articulos\/merchandising\/dispensador-de-jabon-de-manos-de-250-ml-y-juego-de-velas-aromaticas-de-150-g-con-fragancia-de-lino-fresco-para-personalizar-con-logo\/\" \/>\n<meta property=\"og:locale\" content=\"es_ES\" \/>\n<meta property=\"og:type\" content=\"article\" \/>\n<meta property=\"og:title\" content=\"Merchandising Dispensador de jab\u00f3n de manos de 250\u00a0ml y juego de velas arom\u00e1ticas de 150\u00a0g con fragancia de lino fresco para personalizar con logo - ADL\" \/>\n<meta property=\"og:description\" content=\"Art\u00edculo de merchandising Dispensador de jab\u00f3n de manos de 250\u00a0ml y juego de velas arom\u00e1ticas de 150\u00a0g con fragancia de lino fresco &quot;Wellmark Discovery. Este elegante set incluye un dispensador de jab\u00f3n de manos y una vela perfumada, ambos dise\u00f1ados para aportar un toque agradable y cuidado a tu rutina diaria. El jab\u00f3n de manos viene en una botella de vidrio de 250 ml con dispensador, es biodegradable y no contiene parabenos, aceite de palma, PEG, SLS ni SLES. La vela de 150 g est\u00e1 fabricada con cera de colza de combusti\u00f3n limpia que se quema por completo y deja el tarro reutilizable. La vela est\u00e1 disponible con 3 aromas diferentes: &quot;Echoes of Kindness&quot; (floral verde), envasado en una caja blanca, &quot;Quiet Rebellion&quot; (\u00e1mbar dulce), en una caja roja, y &quot;Tender Affection&quot; (\u00e1mbar c\u00e1lido), en una caja verde. Fabricado en Pa\u00edses Bajos.\" \/>\n<meta property=\"og:url\" content=\"https:\/\/adl-regalosempresa.com\/tiendaonline\/articulos\/merchandising\/dispensador-de-jabon-de-manos-de-250-ml-y-juego-de-velas-aromaticas-de-150-g-con-fragancia-de-lino-fresco-para-personalizar-con-logo\/\" \/>\n<meta property=\"og:site_name\" content=\"ADL Comunicaci\u00f3n\" \/>\n<meta property=\"article:modified_time\" content=\"2026-04-03T08:08:11+00:00\" \/>\n<meta property=\"og:image\" content=\"https:\/\/adl-regalosempresa.com\/tiendaonline\/wp-content\/uploads\/2025\/10\/12640601.jpg\" \/>\n\t<meta property=\"og:image:width\" content=\"1600\" \/>\n\t<meta property=\"og:image:height\" content=\"1600\" \/>\n\t<meta property=\"og:image:type\" content=\"image\/jpeg\" \/>\n<meta name=\"twitter:card\" content=\"summary_large_image\" \/>\n<meta name=\"twitter:title\" content=\"Merchandising Dispensador de jab\u00f3n de manos de 250\u00a0ml y juego de velas arom\u00e1ticas de 150\u00a0g con fragancia de lino fresco para personalizar con logo - ADL\" \/>\n<meta name=\"twitter:label1\" content=\"Tiempo de lectura\" \/>\n\t<meta name=\"twitter:data1\" content=\"1 minuto\" \/>\n<script type=\"application\/ld+json\" class=\"yoast-schema-graph\">{\"@context\":\"https:\/\/schema.org\",\"@graph\":[{\"@type\":\"WebPage\",\"@id\":\"https:\/\/adl-regalosempresa.com\/tiendaonline\/articulos\/merchandising\/dispensador-de-jabon-de-manos-de-250-ml-y-juego-de-velas-aromaticas-de-150-g-con-fragancia-de-lino-fresco-para-personalizar-con-logo\/\",\"url\":\"https:\/\/adl-regalosempresa.com\/tiendaonline\/articulos\/merchandising\/dispensador-de-jabon-de-manos-de-250-ml-y-juego-de-velas-aromaticas-de-150-g-con-fragancia-de-lino-fresco-para-personalizar-con-logo\/\",\"name\":\"Merchandising Dispensador de jab\u00f3n de manos de 250\u00a0ml y juego de velas arom\u00e1ticas de 150\u00a0g con fragancia de lino fresco para personalizar con logo - ADL\",\"isPartOf\":{\"@id\":\"https:\/\/adl-regalosempresa.com\/tiendaonline\/#website\"},\"primaryImageOfPage\":{\"@id\":\"https:\/\/adl-regalosempresa.com\/tiendaonline\/articulos\/merchandising\/dispensador-de-jabon-de-manos-de-250-ml-y-juego-de-velas-aromaticas-de-150-g-con-fragancia-de-lino-fresco-para-personalizar-con-logo\/#primaryimage\"},\"image\":{\"@id\":\"https:\/\/adl-regalosempresa.com\/tiendaonline\/articulos\/merchandising\/dispensador-de-jabon-de-manos-de-250-ml-y-juego-de-velas-aromaticas-de-150-g-con-fragancia-de-lino-fresco-para-personalizar-con-logo\/#primaryimage\"},\"thumbnailUrl\":\"https:\/\/adl-regalosempresa.com\/tiendaonline\/wp-content\/uploads\/2025\/10\/12640601.jpg\",\"datePublished\":\"2026-03-24T08:10:43+00:00\",\"dateModified\":\"2026-04-03T08:08:11+00:00\",\"description\":\"Art\u00edculo de merchandising Dispensador de jab\u00f3n de manos de 250\u00a0ml y juego de velas arom\u00e1ticas de 150\u00a0g con fragancia de lino fresco \\\"Wellmark Discovery. Este elegante set incluye un dispensador de jab\u00f3n de manos y una vela perfumada, ambos dise\u00f1ados para aportar un toque agradable y cuidado a tu rutina diaria. El jab\u00f3n de manos viene en una botella de vidrio de 250 ml con dispensador, es biodegradable y no contiene parabenos, aceite de palma, PEG, SLS ni SLES. La vela de 150 g est\u00e1 fabricada con cera de colza de combusti\u00f3n limpia que se quema por completo y deja el tarro reutilizable. La vela est\u00e1 disponible con 3 aromas diferentes: \\\"Echoes of Kindness\\\" (floral verde), envasado en una caja blanca, \\\"Quiet Rebellion\\\" (\u00e1mbar dulce), en una caja roja, y \\\"Tender Affection\\\" (\u00e1mbar c\u00e1lido), en una caja verde. Fabricado en Pa\u00edses Bajos.\",\"breadcrumb\":{\"@id\":\"https:\/\/adl-regalosempresa.com\/tiendaonline\/articulos\/merchandising\/dispensador-de-jabon-de-manos-de-250-ml-y-juego-de-velas-aromaticas-de-150-g-con-fragancia-de-lino-fresco-para-personalizar-con-logo\/#breadcrumb\"},\"inLanguage\":\"es\",\"potentialAction\":[{\"@type\":\"ReadAction\",\"target\":[\"https:\/\/adl-regalosempresa.com\/tiendaonline\/articulos\/merchandising\/dispensador-de-jabon-de-manos-de-250-ml-y-juego-de-velas-aromaticas-de-150-g-con-fragancia-de-lino-fresco-para-personalizar-con-logo\/\"]}]},{\"@type\":\"ImageObject\",\"inLanguage\":\"es\",\"@id\":\"https:\/\/adl-regalosempresa.com\/tiendaonline\/articulos\/merchandising\/dispensador-de-jabon-de-manos-de-250-ml-y-juego-de-velas-aromaticas-de-150-g-con-fragancia-de-lino-fresco-para-personalizar-con-logo\/#primaryimage\",\"url\":\"https:\/\/adl-regalosempresa.com\/tiendaonline\/wp-content\/uploads\/2025\/10\/12640601.jpg\",\"contentUrl\":\"https:\/\/adl-regalosempresa.com\/tiendaonline\/wp-content\/uploads\/2025\/10\/12640601.jpg\",\"width\":1600,\"height\":1600,\"caption\":\"Dispensador de jab\u00f3n de manos de 250\u00a0ml y juego de velas arom\u00e1ticas de 150\u00a0g con fragancia de lino fresco \\\"Wellmark Discovery\"},{\"@type\":\"BreadcrumbList\",\"@id\":\"https:\/\/adl-regalosempresa.com\/tiendaonline\/articulos\/merchandising\/dispensador-de-jabon-de-manos-de-250-ml-y-juego-de-velas-aromaticas-de-150-g-con-fragancia-de-lino-fresco-para-personalizar-con-logo\/#breadcrumb\",\"itemListElement\":[{\"@type\":\"ListItem\",\"position\":1,\"name\":\"Portada\",\"item\":\"https:\/\/adl-regalosempresa.com\/tiendaonline\/\"},{\"@type\":\"ListItem\",\"position\":2,\"name\":\"Tienda\",\"item\":\"https:\/\/adl-regalosempresa.com\/tiendaonline\/tienda\/\"},{\"@type\":\"ListItem\",\"position\":3,\"name\":\"Dispensador de jab\u00f3n de manos de 250\u00a0ml y juego de velas arom\u00e1ticas de 150\u00a0g con fragancia de lino fresco para personalizar con logo\"}]},{\"@type\":\"WebSite\",\"@id\":\"https:\/\/adl-regalosempresa.com\/tiendaonline\/#website\",\"url\":\"https:\/\/adl-regalosempresa.com\/tiendaonline\/\",\"name\":\"ADL Comunicaci\u00f3n\",\"description\":\"Regalos de empresa\",\"publisher\":{\"@id\":\"https:\/\/adl-regalosempresa.com\/tiendaonline\/#organization\"},\"potentialAction\":[{\"@type\":\"SearchAction\",\"target\":{\"@type\":\"EntryPoint\",\"urlTemplate\":\"https:\/\/adl-regalosempresa.com\/tiendaonline\/?s={search_term_string}\"},\"query-input\":{\"@type\":\"PropertyValueSpecification\",\"valueRequired\":true,\"valueName\":\"search_term_string\"}}],\"inLanguage\":\"es\"},{\"@type\":\"Organization\",\"@id\":\"https:\/\/adl-regalosempresa.com\/tiendaonline\/#organization\",\"name\":\"ADL Comunicaci\u00f3n\",\"url\":\"https:\/\/adl-regalosempresa.com\/tiendaonline\/\",\"logo\":{\"@type\":\"ImageObject\",\"inLanguage\":\"es\",\"@id\":\"https:\/\/adl-regalosempresa.com\/tiendaonline\/#\/schema\/logo\/image\/\",\"url\":\"https:\/\/adl-regalosempresa.com\/tiendaonline\/wp-content\/uploads\/2017\/09\/logo-adl-wp.png\",\"contentUrl\":\"https:\/\/adl-regalosempresa.com\/tiendaonline\/wp-content\/uploads\/2017\/09\/logo-adl-wp.png\",\"width\":407,\"height\":185,\"caption\":\"ADL Comunicaci\u00f3n\"},\"image\":{\"@id\":\"https:\/\/adl-regalosempresa.com\/tiendaonline\/#\/schema\/logo\/image\/\"}}]}<\/script>\n<!-- \/ Yoast SEO plugin. -->","yoast_head_json":{"title":"Merchandising Dispensador de jab\u00f3n de manos de 250\u00a0ml y juego de velas arom\u00e1ticas de 150\u00a0g con fragancia de lino fresco para personalizar con logo - ADL","description":"Art\u00edculo de merchandising Dispensador de jab\u00f3n de manos de 250\u00a0ml y juego de velas arom\u00e1ticas de 150\u00a0g con fragancia de lino fresco \"Wellmark Discovery. Este elegante set incluye un dispensador de jab\u00f3n de manos y una vela perfumada, ambos dise\u00f1ados para aportar un toque agradable y cuidado a tu rutina diaria. El jab\u00f3n de manos viene en una botella de vidrio de 250 ml con dispensador, es biodegradable y no contiene parabenos, aceite de palma, PEG, SLS ni SLES. La vela de 150 g est\u00e1 fabricada con cera de colza de combusti\u00f3n limpia que se quema por completo y deja el tarro reutilizable. La vela est\u00e1 disponible con 3 aromas diferentes: \"Echoes of Kindness\" (floral verde), envasado en una caja blanca, \"Quiet Rebellion\" (\u00e1mbar dulce), en una caja roja, y \"Tender Affection\" (\u00e1mbar c\u00e1lido), en una caja verde. Fabricado en Pa\u00edses Bajos.","robots":{"index":"index","follow":"follow","max-snippet":"max-snippet:-1","max-image-preview":"max-image-preview:large","max-video-preview":"max-video-preview:-1"},"canonical":"https:\/\/adl-regalosempresa.com\/tiendaonline\/articulos\/merchandising\/dispensador-de-jabon-de-manos-de-250-ml-y-juego-de-velas-aromaticas-de-150-g-con-fragancia-de-lino-fresco-para-personalizar-con-logo\/","og_locale":"es_ES","og_type":"article","og_title":"Merchandising Dispensador de jab\u00f3n de manos de 250\u00a0ml y juego de velas arom\u00e1ticas de 150\u00a0g con fragancia de lino fresco para personalizar con logo - ADL","og_description":"Art\u00edculo de merchandising Dispensador de jab\u00f3n de manos de 250\u00a0ml y juego de velas arom\u00e1ticas de 150\u00a0g con fragancia de lino fresco \"Wellmark Discovery. Este elegante set incluye un dispensador de jab\u00f3n de manos y una vela perfumada, ambos dise\u00f1ados para aportar un toque agradable y cuidado a tu rutina diaria. El jab\u00f3n de manos viene en una botella de vidrio de 250 ml con dispensador, es biodegradable y no contiene parabenos, aceite de palma, PEG, SLS ni SLES. La vela de 150 g est\u00e1 fabricada con cera de colza de combusti\u00f3n limpia que se quema por completo y deja el tarro reutilizable. La vela est\u00e1 disponible con 3 aromas diferentes: \"Echoes of Kindness\" (floral verde), envasado en una caja blanca, \"Quiet Rebellion\" (\u00e1mbar dulce), en una caja roja, y \"Tender Affection\" (\u00e1mbar c\u00e1lido), en una caja verde. Fabricado en Pa\u00edses Bajos.","og_url":"https:\/\/adl-regalosempresa.com\/tiendaonline\/articulos\/merchandising\/dispensador-de-jabon-de-manos-de-250-ml-y-juego-de-velas-aromaticas-de-150-g-con-fragancia-de-lino-fresco-para-personalizar-con-logo\/","og_site_name":"ADL Comunicaci\u00f3n","article_modified_time":"2026-04-03T08:08:11+00:00","og_image":[{"width":1600,"height":1600,"url":"https:\/\/adl-regalosempresa.com\/tiendaonline\/wp-content\/uploads\/2025\/10\/12640601.jpg","type":"image\/jpeg"}],"twitter_card":"summary_large_image","twitter_title":"Merchandising Dispensador de jab\u00f3n de manos de 250\u00a0ml y juego de velas arom\u00e1ticas de 150\u00a0g con fragancia de lino fresco para personalizar con logo - ADL","twitter_misc":{"Tiempo de lectura":"1 minuto"},"schema":{"@context":"https:\/\/schema.org","@graph":[{"@type":"WebPage","@id":"https:\/\/adl-regalosempresa.com\/tiendaonline\/articulos\/merchandising\/dispensador-de-jabon-de-manos-de-250-ml-y-juego-de-velas-aromaticas-de-150-g-con-fragancia-de-lino-fresco-para-personalizar-con-logo\/","url":"https:\/\/adl-regalosempresa.com\/tiendaonline\/articulos\/merchandising\/dispensador-de-jabon-de-manos-de-250-ml-y-juego-de-velas-aromaticas-de-150-g-con-fragancia-de-lino-fresco-para-personalizar-con-logo\/","name":"Merchandising Dispensador de jab\u00f3n de manos de 250\u00a0ml y juego de velas arom\u00e1ticas de 150\u00a0g con fragancia de lino fresco para personalizar con logo - ADL","isPartOf":{"@id":"https:\/\/adl-regalosempresa.com\/tiendaonline\/#website"},"primaryImageOfPage":{"@id":"https:\/\/adl-regalosempresa.com\/tiendaonline\/articulos\/merchandising\/dispensador-de-jabon-de-manos-de-250-ml-y-juego-de-velas-aromaticas-de-150-g-con-fragancia-de-lino-fresco-para-personalizar-con-logo\/#primaryimage"},"image":{"@id":"https:\/\/adl-regalosempresa.com\/tiendaonline\/articulos\/merchandising\/dispensador-de-jabon-de-manos-de-250-ml-y-juego-de-velas-aromaticas-de-150-g-con-fragancia-de-lino-fresco-para-personalizar-con-logo\/#primaryimage"},"thumbnailUrl":"https:\/\/adl-regalosempresa.com\/tiendaonline\/wp-content\/uploads\/2025\/10\/12640601.jpg","datePublished":"2026-03-24T08:10:43+00:00","dateModified":"2026-04-03T08:08:11+00:00","description":"Art\u00edculo de merchandising Dispensador de jab\u00f3n de manos de 250\u00a0ml y juego de velas arom\u00e1ticas de 150\u00a0g con fragancia de lino fresco \"Wellmark Discovery. Este elegante set incluye un dispensador de jab\u00f3n de manos y una vela perfumada, ambos dise\u00f1ados para aportar un toque agradable y cuidado a tu rutina diaria. El jab\u00f3n de manos viene en una botella de vidrio de 250 ml con dispensador, es biodegradable y no contiene parabenos, aceite de palma, PEG, SLS ni SLES. La vela de 150 g est\u00e1 fabricada con cera de colza de combusti\u00f3n limpia que se quema por completo y deja el tarro reutilizable. La vela est\u00e1 disponible con 3 aromas diferentes: \"Echoes of Kindness\" (floral verde), envasado en una caja blanca, \"Quiet Rebellion\" (\u00e1mbar dulce), en una caja roja, y \"Tender Affection\" (\u00e1mbar c\u00e1lido), en una caja verde. Fabricado en Pa\u00edses Bajos.","breadcrumb":{"@id":"https:\/\/adl-regalosempresa.com\/tiendaonline\/articulos\/merchandising\/dispensador-de-jabon-de-manos-de-250-ml-y-juego-de-velas-aromaticas-de-150-g-con-fragancia-de-lino-fresco-para-personalizar-con-logo\/#breadcrumb"},"inLanguage":"es","potentialAction":[{"@type":"ReadAction","target":["https:\/\/adl-regalosempresa.com\/tiendaonline\/articulos\/merchandising\/dispensador-de-jabon-de-manos-de-250-ml-y-juego-de-velas-aromaticas-de-150-g-con-fragancia-de-lino-fresco-para-personalizar-con-logo\/"]}]},{"@type":"ImageObject","inLanguage":"es","@id":"https:\/\/adl-regalosempresa.com\/tiendaonline\/articulos\/merchandising\/dispensador-de-jabon-de-manos-de-250-ml-y-juego-de-velas-aromaticas-de-150-g-con-fragancia-de-lino-fresco-para-personalizar-con-logo\/#primaryimage","url":"https:\/\/adl-regalosempresa.com\/tiendaonline\/wp-content\/uploads\/2025\/10\/12640601.jpg","contentUrl":"https:\/\/adl-regalosempresa.com\/tiendaonline\/wp-content\/uploads\/2025\/10\/12640601.jpg","width":1600,"height":1600,"caption":"Dispensador de jab\u00f3n de manos de 250\u00a0ml y juego de velas arom\u00e1ticas de 150\u00a0g con fragancia de lino fresco \"Wellmark Discovery"},{"@type":"BreadcrumbList","@id":"https:\/\/adl-regalosempresa.com\/tiendaonline\/articulos\/merchandising\/dispensador-de-jabon-de-manos-de-250-ml-y-juego-de-velas-aromaticas-de-150-g-con-fragancia-de-lino-fresco-para-personalizar-con-logo\/#breadcrumb","itemListElement":[{"@type":"ListItem","position":1,"name":"Portada","item":"https:\/\/adl-regalosempresa.com\/tiendaonline\/"},{"@type":"ListItem","position":2,"name":"Tienda","item":"https:\/\/adl-regalosempresa.com\/tiendaonline\/tienda\/"},{"@type":"ListItem","position":3,"name":"Dispensador de jab\u00f3n de manos de 250\u00a0ml y juego de velas arom\u00e1ticas de 150\u00a0g con fragancia de lino fresco para personalizar con logo"}]},{"@type":"WebSite","@id":"https:\/\/adl-regalosempresa.com\/tiendaonline\/#website","url":"https:\/\/adl-regalosempresa.com\/tiendaonline\/","name":"ADL Comunicaci\u00f3n","description":"Regalos de empresa","publisher":{"@id":"https:\/\/adl-regalosempresa.com\/tiendaonline\/#organization"},"potentialAction":[{"@type":"SearchAction","target":{"@type":"EntryPoint","urlTemplate":"https:\/\/adl-regalosempresa.com\/tiendaonline\/?s={search_term_string}"},"query-input":{"@type":"PropertyValueSpecification","valueRequired":true,"valueName":"search_term_string"}}],"inLanguage":"es"},{"@type":"Organization","@id":"https:\/\/adl-regalosempresa.com\/tiendaonline\/#organization","name":"ADL Comunicaci\u00f3n","url":"https:\/\/adl-regalosempresa.com\/tiendaonline\/","logo":{"@type":"ImageObject","inLanguage":"es","@id":"https:\/\/adl-regalosempresa.com\/tiendaonline\/#\/schema\/logo\/image\/","url":"https:\/\/adl-regalosempresa.com\/tiendaonline\/wp-content\/uploads\/2017\/09\/logo-adl-wp.png","contentUrl":"https:\/\/adl-regalosempresa.com\/tiendaonline\/wp-content\/uploads\/2017\/09\/logo-adl-wp.png","width":407,"height":185,"caption":"ADL Comunicaci\u00f3n"},"image":{"@id":"https:\/\/adl-regalosempresa.com\/tiendaonline\/#\/schema\/logo\/image\/"}}]}},"_links":{"self":[{"href":"https:\/\/adl-regalosempresa.com\/tiendaonline\/wp-json\/wp\/v2\/product\/144171","targetHints":{"allow":["GET"]}}],"collection":[{"href":"https:\/\/adl-regalosempresa.com\/tiendaonline\/wp-json\/wp\/v2\/product"}],"about":[{"href":"https:\/\/adl-regalosempresa.com\/tiendaonline\/wp-json\/wp\/v2\/types\/product"}],"wp:featuredmedia":[{"embeddable":true,"href":"https:\/\/adl-regalosempresa.com\/tiendaonline\/wp-json\/wp\/v2\/media\/144173"}],"wp:attachment":[{"href":"https:\/\/adl-regalosempresa.com\/tiendaonline\/wp-json\/wp\/v2\/media?parent=144171"}],"wp:term":[{"taxonomy":"product_brand","embeddable":true,"href":"https:\/\/adl-regalosempresa.com\/tiendaonline\/wp-json\/wp\/v2\/product_brand?post=144171"},{"taxonomy":"product_cat","embeddable":true,"href":"https:\/\/adl-regalosempresa.com\/tiendaonline\/wp-json\/wp\/v2\/product_cat?post=144171"},{"taxonomy":"product_tag","embeddable":true,"href":"https:\/\/adl-regalosempresa.com\/tiendaonline\/wp-json\/wp\/v2\/product_tag?post=144171"}],"curies":[{"name":"wp","href":"https:\/\/api.w.org\/{rel}","templated":true}]}}