{"id":143906,"date":"2026-04-11T04:49:24","date_gmt":"2026-04-11T04:49:24","guid":{"rendered":"https:\/\/adl-regalosempresa.com\/tiendaonline\/articulos\/merchandising\/camisa-de-popelina-para-hombre-para-personalizar-con-logo\/"},"modified":"2026-04-18T08:48:12","modified_gmt":"2026-04-18T08:48:12","slug":"camisa-de-popelina-para-hombre-para-personalizar-con-logo","status":"publish","type":"product","link":"https:\/\/adl-regalosempresa.com\/tiendaonline\/articulos\/merchandising\/camisa-de-popelina-para-hombre-para-personalizar-con-logo\/","title":{"rendered":"Camisa de popelina para hombre  para personalizar con logo"},"content":{"rendered":"<p>La camisa de popelina \u00abCarnelian\u00bb de manga larga para hombre combina la sofisticaci\u00f3n moderna con una mayor comodidad. Fabricada con algod\u00f3n de alta calidad con elasticidad, presenta una refinada estructura de hilo retorcido de dos cabos y 30 deniers que proporciona un acabado suave, buena durabilidad y un tacto agradable. El ligero tejido de popelina crea un aspecto limpio y depurado, mientras que el corte recto facilita el movimiento y la comodidad durante todo el d\u00eda. Acabada con un cl\u00e1sico cuello recto, la camisa \u00abCarnelian\u00bb es una opci\u00f3n vers\u00e1til tanto para uso profesional como informal.<\/p>\n","protected":false},"excerpt":{"rendered":"<p><strong>Descuentos por cantidades<\/strong><br \/>&#8211; a partir de 25 unidades: 34,27 \u20ac\/ud<br \/>&#8211; a partir de 50 unidades: 34,27 \u20ac\/ud<br \/>&#8211; a partir de 100 unidades: 33,59 \u20ac\/ud<\/p>\n<p>Para cantidades superiores a las aqu\u00ed indicadas, no dudes en ponerte en contacto con nuestro departamento comercial o <a href='https:\/\/adl-regalosempresa.com\/tiendaonline\/solicitud-presupuesto\/'>pedirnos presupuesto personalizado<\/a>, ajustaremos el presupuesto a tus necesidades.<\/p>\n","protected":false},"featured_media":143908,"template":"","meta":{"_kad_post_transparent":"","_kad_post_title":"","_kad_post_layout":"","_kad_post_sidebar_id":"","_kad_post_content_style":"","_kad_post_vertical_padding":"","_kad_post_feature":"","_kad_post_feature_position":"","_kad_post_header":false,"_kad_post_footer":false,"_kad_post_classname":""},"product_brand":[],"product_cat":[5420,3649],"product_tag":[],"class_list":{"0":"post-143906","1":"product","2":"type-product","3":"status-publish","4":"has-post-thumbnail","6":"product_cat-camisas","7":"product_cat-ropa","8":"pa_color-azul-claro","9":"pa_color-azul-marino","10":"pa_color-blanco","11":"pa_color-negro-intenso","12":"pa_color-simple-azul","13":"pa_color-simple-blanco","14":"pa_color-simple-negro-intenso","15":"pa_marca-elevate","16":"pa_material-popelin-97-algodon-bci-3-elastano-133-g-m2","17":"pa_peso-245-gr","18":"pa_talla-xs","19":"pa_talla-s","20":"pa_talla-m","21":"pa_talla-l","22":"pa_talla-xl","23":"pa_talla-xxl","24":"pa_talla-3xl","26":"first","27":"instock","28":"taxable","29":"shipping-taxable","30":"purchasable","31":"product-type-variable","32":"entry","33":"content-bg","34":"loop-entry"},"yoast_head":"<!-- This site is optimized with the Yoast SEO plugin v26.3 - https:\/\/yoast.com\/wordpress\/plugins\/seo\/ -->\n<title>Merchandising Camisa de popelina para hombre para personalizar con logo - ADL<\/title>\n<meta name=\"description\" content=\"Art\u00edculo de merchandising Camisa de popelina para hombre &quot;Carnelian&quot;. La camisa de popelina &quot;Carnelian&quot; de manga larga para hombre combina la sofisticaci\u00f3n moderna con una mayor comodidad. Fabricada con algod\u00f3n de alta calidad con elasticidad, presenta una refinada estructura de hilo retorcido de dos cabos y 30 deniers que proporciona un acabado suave, buena durabilidad y un tacto agradable. El ligero tejido de popelina crea un aspecto limpio y depurado, mientras que el corte recto facilita el movimiento y la comodidad durante todo el d\u00eda. Acabada con un cl\u00e1sico cuello recto, la camisa &quot;Carnelian&quot; es una opci\u00f3n vers\u00e1til tanto para uso profesional como informal.\" \/>\n<meta name=\"robots\" content=\"index, follow, max-snippet:-1, max-image-preview:large, max-video-preview:-1\" \/>\n<link rel=\"canonical\" href=\"https:\/\/adl-regalosempresa.com\/tiendaonline\/articulos\/merchandising\/camisa-de-popelina-para-hombre-para-personalizar-con-logo\/\" \/>\n<meta property=\"og:locale\" content=\"es_ES\" \/>\n<meta property=\"og:type\" content=\"article\" \/>\n<meta property=\"og:title\" content=\"Merchandising Camisa de popelina para hombre para personalizar con logo - ADL\" \/>\n<meta property=\"og:description\" content=\"Art\u00edculo de merchandising Camisa de popelina para hombre &quot;Carnelian&quot;. La camisa de popelina &quot;Carnelian&quot; de manga larga para hombre combina la sofisticaci\u00f3n moderna con una mayor comodidad. Fabricada con algod\u00f3n de alta calidad con elasticidad, presenta una refinada estructura de hilo retorcido de dos cabos y 30 deniers que proporciona un acabado suave, buena durabilidad y un tacto agradable. El ligero tejido de popelina crea un aspecto limpio y depurado, mientras que el corte recto facilita el movimiento y la comodidad durante todo el d\u00eda. Acabada con un cl\u00e1sico cuello recto, la camisa &quot;Carnelian&quot; es una opci\u00f3n vers\u00e1til tanto para uso profesional como informal.\" \/>\n<meta property=\"og:url\" content=\"https:\/\/adl-regalosempresa.com\/tiendaonline\/articulos\/merchandising\/camisa-de-popelina-para-hombre-para-personalizar-con-logo\/\" \/>\n<meta property=\"og:site_name\" content=\"ADL Comunicaci\u00f3n\" \/>\n<meta property=\"article:modified_time\" content=\"2026-04-18T08:48:12+00:00\" \/>\n<meta property=\"og:image\" content=\"https:\/\/adl-regalosempresa.com\/tiendaonline\/wp-content\/uploads\/2025\/09\/3950201.jpg\" \/>\n\t<meta property=\"og:image:width\" content=\"1600\" \/>\n\t<meta property=\"og:image:height\" content=\"1600\" \/>\n\t<meta property=\"og:image:type\" content=\"image\/jpeg\" \/>\n<meta name=\"twitter:card\" content=\"summary_large_image\" \/>\n<meta name=\"twitter:title\" content=\"Merchandising Camisa de popelina para hombre para personalizar con logo - ADL\" \/>\n<meta name=\"twitter:label1\" content=\"Tiempo de lectura\" \/>\n\t<meta name=\"twitter:data1\" content=\"1 minuto\" \/>\n<script type=\"application\/ld+json\" class=\"yoast-schema-graph\">{\"@context\":\"https:\/\/schema.org\",\"@graph\":[{\"@type\":\"WebPage\",\"@id\":\"https:\/\/adl-regalosempresa.com\/tiendaonline\/articulos\/merchandising\/camisa-de-popelina-para-hombre-para-personalizar-con-logo\/\",\"url\":\"https:\/\/adl-regalosempresa.com\/tiendaonline\/articulos\/merchandising\/camisa-de-popelina-para-hombre-para-personalizar-con-logo\/\",\"name\":\"Merchandising Camisa de popelina para hombre para personalizar con logo - ADL\",\"isPartOf\":{\"@id\":\"https:\/\/adl-regalosempresa.com\/tiendaonline\/#website\"},\"primaryImageOfPage\":{\"@id\":\"https:\/\/adl-regalosempresa.com\/tiendaonline\/articulos\/merchandising\/camisa-de-popelina-para-hombre-para-personalizar-con-logo\/#primaryimage\"},\"image\":{\"@id\":\"https:\/\/adl-regalosempresa.com\/tiendaonline\/articulos\/merchandising\/camisa-de-popelina-para-hombre-para-personalizar-con-logo\/#primaryimage\"},\"thumbnailUrl\":\"https:\/\/adl-regalosempresa.com\/tiendaonline\/wp-content\/uploads\/2025\/09\/3950201.jpg\",\"datePublished\":\"2026-04-11T04:49:24+00:00\",\"dateModified\":\"2026-04-18T08:48:12+00:00\",\"description\":\"Art\u00edculo de merchandising Camisa de popelina para hombre \\\"Carnelian\\\". La camisa de popelina \\\"Carnelian\\\" de manga larga para hombre combina la sofisticaci\u00f3n moderna con una mayor comodidad. Fabricada con algod\u00f3n de alta calidad con elasticidad, presenta una refinada estructura de hilo retorcido de dos cabos y 30 deniers que proporciona un acabado suave, buena durabilidad y un tacto agradable. El ligero tejido de popelina crea un aspecto limpio y depurado, mientras que el corte recto facilita el movimiento y la comodidad durante todo el d\u00eda. Acabada con un cl\u00e1sico cuello recto, la camisa \\\"Carnelian\\\" es una opci\u00f3n vers\u00e1til tanto para uso profesional como informal.\",\"breadcrumb\":{\"@id\":\"https:\/\/adl-regalosempresa.com\/tiendaonline\/articulos\/merchandising\/camisa-de-popelina-para-hombre-para-personalizar-con-logo\/#breadcrumb\"},\"inLanguage\":\"es\",\"potentialAction\":[{\"@type\":\"ReadAction\",\"target\":[\"https:\/\/adl-regalosempresa.com\/tiendaonline\/articulos\/merchandising\/camisa-de-popelina-para-hombre-para-personalizar-con-logo\/\"]}]},{\"@type\":\"ImageObject\",\"inLanguage\":\"es\",\"@id\":\"https:\/\/adl-regalosempresa.com\/tiendaonline\/articulos\/merchandising\/camisa-de-popelina-para-hombre-para-personalizar-con-logo\/#primaryimage\",\"url\":\"https:\/\/adl-regalosempresa.com\/tiendaonline\/wp-content\/uploads\/2025\/09\/3950201.jpg\",\"contentUrl\":\"https:\/\/adl-regalosempresa.com\/tiendaonline\/wp-content\/uploads\/2025\/09\/3950201.jpg\",\"width\":1600,\"height\":1600,\"caption\":\"Camisa de popelina para hombre \\\"Carnelian\\\"\"},{\"@type\":\"BreadcrumbList\",\"@id\":\"https:\/\/adl-regalosempresa.com\/tiendaonline\/articulos\/merchandising\/camisa-de-popelina-para-hombre-para-personalizar-con-logo\/#breadcrumb\",\"itemListElement\":[{\"@type\":\"ListItem\",\"position\":1,\"name\":\"Portada\",\"item\":\"https:\/\/adl-regalosempresa.com\/tiendaonline\/\"},{\"@type\":\"ListItem\",\"position\":2,\"name\":\"Tienda\",\"item\":\"https:\/\/adl-regalosempresa.com\/tiendaonline\/tienda\/\"},{\"@type\":\"ListItem\",\"position\":3,\"name\":\"Camisa de popelina para hombre para personalizar con logo\"}]},{\"@type\":\"WebSite\",\"@id\":\"https:\/\/adl-regalosempresa.com\/tiendaonline\/#website\",\"url\":\"https:\/\/adl-regalosempresa.com\/tiendaonline\/\",\"name\":\"ADL Comunicaci\u00f3n\",\"description\":\"Regalos de empresa\",\"publisher\":{\"@id\":\"https:\/\/adl-regalosempresa.com\/tiendaonline\/#organization\"},\"potentialAction\":[{\"@type\":\"SearchAction\",\"target\":{\"@type\":\"EntryPoint\",\"urlTemplate\":\"https:\/\/adl-regalosempresa.com\/tiendaonline\/?s={search_term_string}\"},\"query-input\":{\"@type\":\"PropertyValueSpecification\",\"valueRequired\":true,\"valueName\":\"search_term_string\"}}],\"inLanguage\":\"es\"},{\"@type\":\"Organization\",\"@id\":\"https:\/\/adl-regalosempresa.com\/tiendaonline\/#organization\",\"name\":\"ADL Comunicaci\u00f3n\",\"url\":\"https:\/\/adl-regalosempresa.com\/tiendaonline\/\",\"logo\":{\"@type\":\"ImageObject\",\"inLanguage\":\"es\",\"@id\":\"https:\/\/adl-regalosempresa.com\/tiendaonline\/#\/schema\/logo\/image\/\",\"url\":\"https:\/\/adl-regalosempresa.com\/tiendaonline\/wp-content\/uploads\/2017\/09\/logo-adl-wp.png\",\"contentUrl\":\"https:\/\/adl-regalosempresa.com\/tiendaonline\/wp-content\/uploads\/2017\/09\/logo-adl-wp.png\",\"width\":407,\"height\":185,\"caption\":\"ADL Comunicaci\u00f3n\"},\"image\":{\"@id\":\"https:\/\/adl-regalosempresa.com\/tiendaonline\/#\/schema\/logo\/image\/\"}}]}<\/script>\n<!-- \/ Yoast SEO plugin. -->","yoast_head_json":{"title":"Merchandising Camisa de popelina para hombre para personalizar con logo - ADL","description":"Art\u00edculo de merchandising Camisa de popelina para hombre \"Carnelian\". La camisa de popelina \"Carnelian\" de manga larga para hombre combina la sofisticaci\u00f3n moderna con una mayor comodidad. Fabricada con algod\u00f3n de alta calidad con elasticidad, presenta una refinada estructura de hilo retorcido de dos cabos y 30 deniers que proporciona un acabado suave, buena durabilidad y un tacto agradable. El ligero tejido de popelina crea un aspecto limpio y depurado, mientras que el corte recto facilita el movimiento y la comodidad durante todo el d\u00eda. Acabada con un cl\u00e1sico cuello recto, la camisa \"Carnelian\" es una opci\u00f3n vers\u00e1til tanto para uso profesional como informal.","robots":{"index":"index","follow":"follow","max-snippet":"max-snippet:-1","max-image-preview":"max-image-preview:large","max-video-preview":"max-video-preview:-1"},"canonical":"https:\/\/adl-regalosempresa.com\/tiendaonline\/articulos\/merchandising\/camisa-de-popelina-para-hombre-para-personalizar-con-logo\/","og_locale":"es_ES","og_type":"article","og_title":"Merchandising Camisa de popelina para hombre para personalizar con logo - ADL","og_description":"Art\u00edculo de merchandising Camisa de popelina para hombre \"Carnelian\". La camisa de popelina \"Carnelian\" de manga larga para hombre combina la sofisticaci\u00f3n moderna con una mayor comodidad. Fabricada con algod\u00f3n de alta calidad con elasticidad, presenta una refinada estructura de hilo retorcido de dos cabos y 30 deniers que proporciona un acabado suave, buena durabilidad y un tacto agradable. El ligero tejido de popelina crea un aspecto limpio y depurado, mientras que el corte recto facilita el movimiento y la comodidad durante todo el d\u00eda. Acabada con un cl\u00e1sico cuello recto, la camisa \"Carnelian\" es una opci\u00f3n vers\u00e1til tanto para uso profesional como informal.","og_url":"https:\/\/adl-regalosempresa.com\/tiendaonline\/articulos\/merchandising\/camisa-de-popelina-para-hombre-para-personalizar-con-logo\/","og_site_name":"ADL Comunicaci\u00f3n","article_modified_time":"2026-04-18T08:48:12+00:00","og_image":[{"width":1600,"height":1600,"url":"https:\/\/adl-regalosempresa.com\/tiendaonline\/wp-content\/uploads\/2025\/09\/3950201.jpg","type":"image\/jpeg"}],"twitter_card":"summary_large_image","twitter_title":"Merchandising Camisa de popelina para hombre para personalizar con logo - ADL","twitter_misc":{"Tiempo de lectura":"1 minuto"},"schema":{"@context":"https:\/\/schema.org","@graph":[{"@type":"WebPage","@id":"https:\/\/adl-regalosempresa.com\/tiendaonline\/articulos\/merchandising\/camisa-de-popelina-para-hombre-para-personalizar-con-logo\/","url":"https:\/\/adl-regalosempresa.com\/tiendaonline\/articulos\/merchandising\/camisa-de-popelina-para-hombre-para-personalizar-con-logo\/","name":"Merchandising Camisa de popelina para hombre para personalizar con logo - ADL","isPartOf":{"@id":"https:\/\/adl-regalosempresa.com\/tiendaonline\/#website"},"primaryImageOfPage":{"@id":"https:\/\/adl-regalosempresa.com\/tiendaonline\/articulos\/merchandising\/camisa-de-popelina-para-hombre-para-personalizar-con-logo\/#primaryimage"},"image":{"@id":"https:\/\/adl-regalosempresa.com\/tiendaonline\/articulos\/merchandising\/camisa-de-popelina-para-hombre-para-personalizar-con-logo\/#primaryimage"},"thumbnailUrl":"https:\/\/adl-regalosempresa.com\/tiendaonline\/wp-content\/uploads\/2025\/09\/3950201.jpg","datePublished":"2026-04-11T04:49:24+00:00","dateModified":"2026-04-18T08:48:12+00:00","description":"Art\u00edculo de merchandising Camisa de popelina para hombre \"Carnelian\". La camisa de popelina \"Carnelian\" de manga larga para hombre combina la sofisticaci\u00f3n moderna con una mayor comodidad. Fabricada con algod\u00f3n de alta calidad con elasticidad, presenta una refinada estructura de hilo retorcido de dos cabos y 30 deniers que proporciona un acabado suave, buena durabilidad y un tacto agradable. El ligero tejido de popelina crea un aspecto limpio y depurado, mientras que el corte recto facilita el movimiento y la comodidad durante todo el d\u00eda. Acabada con un cl\u00e1sico cuello recto, la camisa \"Carnelian\" es una opci\u00f3n vers\u00e1til tanto para uso profesional como informal.","breadcrumb":{"@id":"https:\/\/adl-regalosempresa.com\/tiendaonline\/articulos\/merchandising\/camisa-de-popelina-para-hombre-para-personalizar-con-logo\/#breadcrumb"},"inLanguage":"es","potentialAction":[{"@type":"ReadAction","target":["https:\/\/adl-regalosempresa.com\/tiendaonline\/articulos\/merchandising\/camisa-de-popelina-para-hombre-para-personalizar-con-logo\/"]}]},{"@type":"ImageObject","inLanguage":"es","@id":"https:\/\/adl-regalosempresa.com\/tiendaonline\/articulos\/merchandising\/camisa-de-popelina-para-hombre-para-personalizar-con-logo\/#primaryimage","url":"https:\/\/adl-regalosempresa.com\/tiendaonline\/wp-content\/uploads\/2025\/09\/3950201.jpg","contentUrl":"https:\/\/adl-regalosempresa.com\/tiendaonline\/wp-content\/uploads\/2025\/09\/3950201.jpg","width":1600,"height":1600,"caption":"Camisa de popelina para hombre \"Carnelian\""},{"@type":"BreadcrumbList","@id":"https:\/\/adl-regalosempresa.com\/tiendaonline\/articulos\/merchandising\/camisa-de-popelina-para-hombre-para-personalizar-con-logo\/#breadcrumb","itemListElement":[{"@type":"ListItem","position":1,"name":"Portada","item":"https:\/\/adl-regalosempresa.com\/tiendaonline\/"},{"@type":"ListItem","position":2,"name":"Tienda","item":"https:\/\/adl-regalosempresa.com\/tiendaonline\/tienda\/"},{"@type":"ListItem","position":3,"name":"Camisa de popelina para hombre para personalizar con logo"}]},{"@type":"WebSite","@id":"https:\/\/adl-regalosempresa.com\/tiendaonline\/#website","url":"https:\/\/adl-regalosempresa.com\/tiendaonline\/","name":"ADL Comunicaci\u00f3n","description":"Regalos de empresa","publisher":{"@id":"https:\/\/adl-regalosempresa.com\/tiendaonline\/#organization"},"potentialAction":[{"@type":"SearchAction","target":{"@type":"EntryPoint","urlTemplate":"https:\/\/adl-regalosempresa.com\/tiendaonline\/?s={search_term_string}"},"query-input":{"@type":"PropertyValueSpecification","valueRequired":true,"valueName":"search_term_string"}}],"inLanguage":"es"},{"@type":"Organization","@id":"https:\/\/adl-regalosempresa.com\/tiendaonline\/#organization","name":"ADL Comunicaci\u00f3n","url":"https:\/\/adl-regalosempresa.com\/tiendaonline\/","logo":{"@type":"ImageObject","inLanguage":"es","@id":"https:\/\/adl-regalosempresa.com\/tiendaonline\/#\/schema\/logo\/image\/","url":"https:\/\/adl-regalosempresa.com\/tiendaonline\/wp-content\/uploads\/2017\/09\/logo-adl-wp.png","contentUrl":"https:\/\/adl-regalosempresa.com\/tiendaonline\/wp-content\/uploads\/2017\/09\/logo-adl-wp.png","width":407,"height":185,"caption":"ADL Comunicaci\u00f3n"},"image":{"@id":"https:\/\/adl-regalosempresa.com\/tiendaonline\/#\/schema\/logo\/image\/"}}]}},"_links":{"self":[{"href":"https:\/\/adl-regalosempresa.com\/tiendaonline\/wp-json\/wp\/v2\/product\/143906","targetHints":{"allow":["GET"]}}],"collection":[{"href":"https:\/\/adl-regalosempresa.com\/tiendaonline\/wp-json\/wp\/v2\/product"}],"about":[{"href":"https:\/\/adl-regalosempresa.com\/tiendaonline\/wp-json\/wp\/v2\/types\/product"}],"wp:featuredmedia":[{"embeddable":true,"href":"https:\/\/adl-regalosempresa.com\/tiendaonline\/wp-json\/wp\/v2\/media\/143908"}],"wp:attachment":[{"href":"https:\/\/adl-regalosempresa.com\/tiendaonline\/wp-json\/wp\/v2\/media?parent=143906"}],"wp:term":[{"taxonomy":"product_brand","embeddable":true,"href":"https:\/\/adl-regalosempresa.com\/tiendaonline\/wp-json\/wp\/v2\/product_brand?post=143906"},{"taxonomy":"product_cat","embeddable":true,"href":"https:\/\/adl-regalosempresa.com\/tiendaonline\/wp-json\/wp\/v2\/product_cat?post=143906"},{"taxonomy":"product_tag","embeddable":true,"href":"https:\/\/adl-regalosempresa.com\/tiendaonline\/wp-json\/wp\/v2\/product_tag?post=143906"}],"curies":[{"name":"wp","href":"https:\/\/api.w.org\/{rel}","templated":true}]}}