{"id":143840,"date":"2026-05-01T04:45:47","date_gmt":"2026-05-01T04:45:47","guid":{"rendered":"https:\/\/adl-regalosempresa.com\/tiendaonline\/articulos\/merchandising\/camisa-oxford-para-hombre-para-personalizar-con-logo\/"},"modified":"2026-05-09T09:02:10","modified_gmt":"2026-05-09T09:02:10","slug":"camisa-oxford-para-hombre-de-165-g-m%c2%b2-para-personalizar-con-logo","status":"publish","type":"product","link":"https:\/\/adl-regalosempresa.com\/tiendaonline\/articulos\/merchandising\/camisa-oxford-para-hombre-de-165-g-m%c2%b2-para-personalizar-con-logo\/","title":{"rendered":"Camisa oxford para hombre de 165 g\/m\u00b2  para personalizar con logo"},"content":{"rendered":"<p>La camisa oxford \u00abSphene\u00bb de manga larga para hombre combina la sastrer\u00eda cl\u00e1sica con un dise\u00f1o consciente. Fabricada con algod\u00f3n de alta calidad, ofrece un tacto de primera calidad. El tejido oxford tradicional aporta una textura y estructura sutiles, mejorando tanto la durabilidad como el atractivo visual. El cuello abotonado proporciona un aspecto elegante y vers\u00e1til, mientras que el corte recto garantiza comodidad durante todo el d\u00eda. Adecuada tanto para ocasiones formales como informales, la camisa \u00abSphene\u00bb ofrece una confecci\u00f3n cuidada, un tacto suave y un rendimiento fiable para el uso diario y profesional.<\/p>\n","protected":false},"excerpt":{"rendered":"<p><strong>Descuentos por cantidades<\/strong><br \/>&#8211; a partir de 25 unidades: 27,85 \u20ac\/ud<br \/>&#8211; a partir de 50 unidades: 27,85 \u20ac\/ud<br \/>&#8211; a partir de 100 unidades: 27,3 \u20ac\/ud<\/p>\n<p>Para cantidades superiores a las aqu\u00ed indicadas, no dudes en ponerte en contacto con nuestro departamento comercial o <a href='https:\/\/adl-regalosempresa.com\/tiendaonline\/solicitud-presupuesto\/'>pedirnos presupuesto personalizado<\/a>, ajustaremos el presupuesto a tus necesidades.<\/p>\n","protected":false},"featured_media":143842,"template":"","meta":{"_kad_post_transparent":"","_kad_post_title":"","_kad_post_layout":"","_kad_post_sidebar_id":"","_kad_post_content_style":"","_kad_post_vertical_padding":"","_kad_post_feature":"","_kad_post_feature_position":"","_kad_post_header":false,"_kad_post_footer":false,"_kad_post_classname":""},"product_brand":[],"product_cat":[5420,3649],"product_tag":[],"class_list":{"0":"post-143840","1":"product","2":"type-product","3":"status-publish","4":"has-post-thumbnail","6":"product_cat-camisas","7":"product_cat-ropa","8":"pa_color-azul-claro","9":"pa_color-azul-marino","10":"pa_color-blanco","11":"pa_color-negro-intenso","12":"pa_color-simple-azul","13":"pa_color-simple-blanco","14":"pa_color-simple-negro-intenso","15":"pa_marca-elevate","16":"pa_material-oxford-algodon-165-g-m2","17":"pa_peso-245-gr","18":"pa_talla-xs","19":"pa_talla-s","20":"pa_talla-m","21":"pa_talla-l","22":"pa_talla-xl","23":"pa_talla-xxl","24":"pa_talla-3xl","26":"first","27":"instock","28":"taxable","29":"shipping-taxable","30":"purchasable","31":"product-type-variable","32":"entry","33":"content-bg","34":"loop-entry"},"yoast_head":"<!-- This site is optimized with the Yoast SEO plugin v26.3 - https:\/\/yoast.com\/wordpress\/plugins\/seo\/ -->\n<title>Merchandising Camisa oxford para hombre de 165 g\/m\u00b2 para personalizar con logo - ADL<\/title>\n<meta name=\"description\" content=\"Art\u00edculo de merchandising Camisa oxford para hombre de 165 g\/m\u00b2 &quot;Sphene&quot;. La camisa oxford &quot;Sphene&quot; de manga larga para hombre combina la sastrer\u00eda cl\u00e1sica con un dise\u00f1o consciente. Fabricada con algod\u00f3n de alta calidad, ofrece un tacto de primera calidad. El tejido oxford tradicional aporta una textura y estructura sutiles, mejorando tanto la durabilidad como el atractivo visual. El cuello abotonado proporciona un aspecto elegante y vers\u00e1til, mientras que el corte recto garantiza comodidad durante todo el d\u00eda. Adecuada tanto para ocasiones formales como informales, la camisa &quot;Sphene&quot; ofrece una confecci\u00f3n cuidada, un tacto suave y un rendimiento fiable para el uso diario y profesional.\" \/>\n<meta name=\"robots\" content=\"index, follow, max-snippet:-1, max-image-preview:large, max-video-preview:-1\" \/>\n<link rel=\"canonical\" href=\"https:\/\/adl-regalosempresa.com\/tiendaonline\/articulos\/merchandising\/camisa-oxford-para-hombre-de-165-g-m\u00b2-para-personalizar-con-logo\/\" \/>\n<meta property=\"og:locale\" content=\"es_ES\" \/>\n<meta property=\"og:type\" content=\"article\" \/>\n<meta property=\"og:title\" content=\"Merchandising Camisa oxford para hombre de 165 g\/m\u00b2 para personalizar con logo - ADL\" \/>\n<meta property=\"og:description\" content=\"Art\u00edculo de merchandising Camisa oxford para hombre de 165 g\/m\u00b2 &quot;Sphene&quot;. La camisa oxford &quot;Sphene&quot; de manga larga para hombre combina la sastrer\u00eda cl\u00e1sica con un dise\u00f1o consciente. Fabricada con algod\u00f3n de alta calidad, ofrece un tacto de primera calidad. El tejido oxford tradicional aporta una textura y estructura sutiles, mejorando tanto la durabilidad como el atractivo visual. El cuello abotonado proporciona un aspecto elegante y vers\u00e1til, mientras que el corte recto garantiza comodidad durante todo el d\u00eda. Adecuada tanto para ocasiones formales como informales, la camisa &quot;Sphene&quot; ofrece una confecci\u00f3n cuidada, un tacto suave y un rendimiento fiable para el uso diario y profesional.\" \/>\n<meta property=\"og:url\" content=\"https:\/\/adl-regalosempresa.com\/tiendaonline\/articulos\/merchandising\/camisa-oxford-para-hombre-de-165-g-m\u00b2-para-personalizar-con-logo\/\" \/>\n<meta property=\"og:site_name\" content=\"ADL Comunicaci\u00f3n\" \/>\n<meta property=\"article:modified_time\" content=\"2026-05-09T09:02:10+00:00\" \/>\n<meta property=\"og:image\" content=\"https:\/\/adl-regalosempresa.com\/tiendaonline\/wp-content\/uploads\/2025\/09\/3950001.jpg\" \/>\n\t<meta property=\"og:image:width\" content=\"1600\" \/>\n\t<meta property=\"og:image:height\" content=\"1600\" \/>\n\t<meta property=\"og:image:type\" content=\"image\/jpeg\" \/>\n<meta name=\"twitter:card\" content=\"summary_large_image\" \/>\n<meta name=\"twitter:title\" content=\"Merchandising Camisa oxford para hombre de 165 g\/m\u00b2 para personalizar con logo - ADL\" \/>\n<meta name=\"twitter:label1\" content=\"Tiempo de lectura\" \/>\n\t<meta name=\"twitter:data1\" content=\"1 minuto\" \/>\n<script type=\"application\/ld+json\" class=\"yoast-schema-graph\">{\"@context\":\"https:\/\/schema.org\",\"@graph\":[{\"@type\":\"WebPage\",\"@id\":\"https:\/\/adl-regalosempresa.com\/tiendaonline\/articulos\/merchandising\/camisa-oxford-para-hombre-de-165-g-m%c2%b2-para-personalizar-con-logo\/\",\"url\":\"https:\/\/adl-regalosempresa.com\/tiendaonline\/articulos\/merchandising\/camisa-oxford-para-hombre-de-165-g-m%c2%b2-para-personalizar-con-logo\/\",\"name\":\"Merchandising Camisa oxford para hombre de 165 g\/m\u00b2 para personalizar con logo - ADL\",\"isPartOf\":{\"@id\":\"https:\/\/adl-regalosempresa.com\/tiendaonline\/#website\"},\"primaryImageOfPage\":{\"@id\":\"https:\/\/adl-regalosempresa.com\/tiendaonline\/articulos\/merchandising\/camisa-oxford-para-hombre-de-165-g-m%c2%b2-para-personalizar-con-logo\/#primaryimage\"},\"image\":{\"@id\":\"https:\/\/adl-regalosempresa.com\/tiendaonline\/articulos\/merchandising\/camisa-oxford-para-hombre-de-165-g-m%c2%b2-para-personalizar-con-logo\/#primaryimage\"},\"thumbnailUrl\":\"https:\/\/adl-regalosempresa.com\/tiendaonline\/wp-content\/uploads\/2025\/09\/3950001.jpg\",\"datePublished\":\"2026-05-01T04:45:47+00:00\",\"dateModified\":\"2026-05-09T09:02:10+00:00\",\"description\":\"Art\u00edculo de merchandising Camisa oxford para hombre de 165 g\/m\u00b2 \\\"Sphene\\\". La camisa oxford \\\"Sphene\\\" de manga larga para hombre combina la sastrer\u00eda cl\u00e1sica con un dise\u00f1o consciente. Fabricada con algod\u00f3n de alta calidad, ofrece un tacto de primera calidad. El tejido oxford tradicional aporta una textura y estructura sutiles, mejorando tanto la durabilidad como el atractivo visual. El cuello abotonado proporciona un aspecto elegante y vers\u00e1til, mientras que el corte recto garantiza comodidad durante todo el d\u00eda. Adecuada tanto para ocasiones formales como informales, la camisa \\\"Sphene\\\" ofrece una confecci\u00f3n cuidada, un tacto suave y un rendimiento fiable para el uso diario y profesional.\",\"breadcrumb\":{\"@id\":\"https:\/\/adl-regalosempresa.com\/tiendaonline\/articulos\/merchandising\/camisa-oxford-para-hombre-de-165-g-m%c2%b2-para-personalizar-con-logo\/#breadcrumb\"},\"inLanguage\":\"es\",\"potentialAction\":[{\"@type\":\"ReadAction\",\"target\":[\"https:\/\/adl-regalosempresa.com\/tiendaonline\/articulos\/merchandising\/camisa-oxford-para-hombre-de-165-g-m%c2%b2-para-personalizar-con-logo\/\"]}]},{\"@type\":\"ImageObject\",\"inLanguage\":\"es\",\"@id\":\"https:\/\/adl-regalosempresa.com\/tiendaonline\/articulos\/merchandising\/camisa-oxford-para-hombre-de-165-g-m%c2%b2-para-personalizar-con-logo\/#primaryimage\",\"url\":\"https:\/\/adl-regalosempresa.com\/tiendaonline\/wp-content\/uploads\/2025\/09\/3950001.jpg\",\"contentUrl\":\"https:\/\/adl-regalosempresa.com\/tiendaonline\/wp-content\/uploads\/2025\/09\/3950001.jpg\",\"width\":1600,\"height\":1600,\"caption\":\"Camisa oxford para hombre de 165 g\/m\u00b2 \\\"Sphene\\\"\"},{\"@type\":\"BreadcrumbList\",\"@id\":\"https:\/\/adl-regalosempresa.com\/tiendaonline\/articulos\/merchandising\/camisa-oxford-para-hombre-de-165-g-m%c2%b2-para-personalizar-con-logo\/#breadcrumb\",\"itemListElement\":[{\"@type\":\"ListItem\",\"position\":1,\"name\":\"Portada\",\"item\":\"https:\/\/adl-regalosempresa.com\/tiendaonline\/\"},{\"@type\":\"ListItem\",\"position\":2,\"name\":\"Tienda\",\"item\":\"https:\/\/adl-regalosempresa.com\/tiendaonline\/tienda\/\"},{\"@type\":\"ListItem\",\"position\":3,\"name\":\"Camisa oxford para hombre de 165 g\/m\u00b2 para personalizar con logo\"}]},{\"@type\":\"WebSite\",\"@id\":\"https:\/\/adl-regalosempresa.com\/tiendaonline\/#website\",\"url\":\"https:\/\/adl-regalosempresa.com\/tiendaonline\/\",\"name\":\"ADL Comunicaci\u00f3n\",\"description\":\"Regalos de empresa\",\"publisher\":{\"@id\":\"https:\/\/adl-regalosempresa.com\/tiendaonline\/#organization\"},\"potentialAction\":[{\"@type\":\"SearchAction\",\"target\":{\"@type\":\"EntryPoint\",\"urlTemplate\":\"https:\/\/adl-regalosempresa.com\/tiendaonline\/?s={search_term_string}\"},\"query-input\":{\"@type\":\"PropertyValueSpecification\",\"valueRequired\":true,\"valueName\":\"search_term_string\"}}],\"inLanguage\":\"es\"},{\"@type\":\"Organization\",\"@id\":\"https:\/\/adl-regalosempresa.com\/tiendaonline\/#organization\",\"name\":\"ADL Comunicaci\u00f3n\",\"url\":\"https:\/\/adl-regalosempresa.com\/tiendaonline\/\",\"logo\":{\"@type\":\"ImageObject\",\"inLanguage\":\"es\",\"@id\":\"https:\/\/adl-regalosempresa.com\/tiendaonline\/#\/schema\/logo\/image\/\",\"url\":\"https:\/\/adl-regalosempresa.com\/tiendaonline\/wp-content\/uploads\/2017\/09\/logo-adl-wp.png\",\"contentUrl\":\"https:\/\/adl-regalosempresa.com\/tiendaonline\/wp-content\/uploads\/2017\/09\/logo-adl-wp.png\",\"width\":407,\"height\":185,\"caption\":\"ADL Comunicaci\u00f3n\"},\"image\":{\"@id\":\"https:\/\/adl-regalosempresa.com\/tiendaonline\/#\/schema\/logo\/image\/\"}}]}<\/script>\n<!-- \/ Yoast SEO plugin. -->","yoast_head_json":{"title":"Merchandising Camisa oxford para hombre de 165 g\/m\u00b2 para personalizar con logo - ADL","description":"Art\u00edculo de merchandising Camisa oxford para hombre de 165 g\/m\u00b2 \"Sphene\". La camisa oxford \"Sphene\" de manga larga para hombre combina la sastrer\u00eda cl\u00e1sica con un dise\u00f1o consciente. Fabricada con algod\u00f3n de alta calidad, ofrece un tacto de primera calidad. El tejido oxford tradicional aporta una textura y estructura sutiles, mejorando tanto la durabilidad como el atractivo visual. El cuello abotonado proporciona un aspecto elegante y vers\u00e1til, mientras que el corte recto garantiza comodidad durante todo el d\u00eda. Adecuada tanto para ocasiones formales como informales, la camisa \"Sphene\" ofrece una confecci\u00f3n cuidada, un tacto suave y un rendimiento fiable para el uso diario y profesional.","robots":{"index":"index","follow":"follow","max-snippet":"max-snippet:-1","max-image-preview":"max-image-preview:large","max-video-preview":"max-video-preview:-1"},"canonical":"https:\/\/adl-regalosempresa.com\/tiendaonline\/articulos\/merchandising\/camisa-oxford-para-hombre-de-165-g-m\u00b2-para-personalizar-con-logo\/","og_locale":"es_ES","og_type":"article","og_title":"Merchandising Camisa oxford para hombre de 165 g\/m\u00b2 para personalizar con logo - ADL","og_description":"Art\u00edculo de merchandising Camisa oxford para hombre de 165 g\/m\u00b2 \"Sphene\". La camisa oxford \"Sphene\" de manga larga para hombre combina la sastrer\u00eda cl\u00e1sica con un dise\u00f1o consciente. Fabricada con algod\u00f3n de alta calidad, ofrece un tacto de primera calidad. El tejido oxford tradicional aporta una textura y estructura sutiles, mejorando tanto la durabilidad como el atractivo visual. El cuello abotonado proporciona un aspecto elegante y vers\u00e1til, mientras que el corte recto garantiza comodidad durante todo el d\u00eda. Adecuada tanto para ocasiones formales como informales, la camisa \"Sphene\" ofrece una confecci\u00f3n cuidada, un tacto suave y un rendimiento fiable para el uso diario y profesional.","og_url":"https:\/\/adl-regalosempresa.com\/tiendaonline\/articulos\/merchandising\/camisa-oxford-para-hombre-de-165-g-m\u00b2-para-personalizar-con-logo\/","og_site_name":"ADL Comunicaci\u00f3n","article_modified_time":"2026-05-09T09:02:10+00:00","og_image":[{"width":1600,"height":1600,"url":"https:\/\/adl-regalosempresa.com\/tiendaonline\/wp-content\/uploads\/2025\/09\/3950001.jpg","type":"image\/jpeg"}],"twitter_card":"summary_large_image","twitter_title":"Merchandising Camisa oxford para hombre de 165 g\/m\u00b2 para personalizar con logo - ADL","twitter_misc":{"Tiempo de lectura":"1 minuto"},"schema":{"@context":"https:\/\/schema.org","@graph":[{"@type":"WebPage","@id":"https:\/\/adl-regalosempresa.com\/tiendaonline\/articulos\/merchandising\/camisa-oxford-para-hombre-de-165-g-m%c2%b2-para-personalizar-con-logo\/","url":"https:\/\/adl-regalosempresa.com\/tiendaonline\/articulos\/merchandising\/camisa-oxford-para-hombre-de-165-g-m%c2%b2-para-personalizar-con-logo\/","name":"Merchandising Camisa oxford para hombre de 165 g\/m\u00b2 para personalizar con logo - ADL","isPartOf":{"@id":"https:\/\/adl-regalosempresa.com\/tiendaonline\/#website"},"primaryImageOfPage":{"@id":"https:\/\/adl-regalosempresa.com\/tiendaonline\/articulos\/merchandising\/camisa-oxford-para-hombre-de-165-g-m%c2%b2-para-personalizar-con-logo\/#primaryimage"},"image":{"@id":"https:\/\/adl-regalosempresa.com\/tiendaonline\/articulos\/merchandising\/camisa-oxford-para-hombre-de-165-g-m%c2%b2-para-personalizar-con-logo\/#primaryimage"},"thumbnailUrl":"https:\/\/adl-regalosempresa.com\/tiendaonline\/wp-content\/uploads\/2025\/09\/3950001.jpg","datePublished":"2026-05-01T04:45:47+00:00","dateModified":"2026-05-09T09:02:10+00:00","description":"Art\u00edculo de merchandising Camisa oxford para hombre de 165 g\/m\u00b2 \"Sphene\". La camisa oxford \"Sphene\" de manga larga para hombre combina la sastrer\u00eda cl\u00e1sica con un dise\u00f1o consciente. Fabricada con algod\u00f3n de alta calidad, ofrece un tacto de primera calidad. El tejido oxford tradicional aporta una textura y estructura sutiles, mejorando tanto la durabilidad como el atractivo visual. El cuello abotonado proporciona un aspecto elegante y vers\u00e1til, mientras que el corte recto garantiza comodidad durante todo el d\u00eda. Adecuada tanto para ocasiones formales como informales, la camisa \"Sphene\" ofrece una confecci\u00f3n cuidada, un tacto suave y un rendimiento fiable para el uso diario y profesional.","breadcrumb":{"@id":"https:\/\/adl-regalosempresa.com\/tiendaonline\/articulos\/merchandising\/camisa-oxford-para-hombre-de-165-g-m%c2%b2-para-personalizar-con-logo\/#breadcrumb"},"inLanguage":"es","potentialAction":[{"@type":"ReadAction","target":["https:\/\/adl-regalosempresa.com\/tiendaonline\/articulos\/merchandising\/camisa-oxford-para-hombre-de-165-g-m%c2%b2-para-personalizar-con-logo\/"]}]},{"@type":"ImageObject","inLanguage":"es","@id":"https:\/\/adl-regalosempresa.com\/tiendaonline\/articulos\/merchandising\/camisa-oxford-para-hombre-de-165-g-m%c2%b2-para-personalizar-con-logo\/#primaryimage","url":"https:\/\/adl-regalosempresa.com\/tiendaonline\/wp-content\/uploads\/2025\/09\/3950001.jpg","contentUrl":"https:\/\/adl-regalosempresa.com\/tiendaonline\/wp-content\/uploads\/2025\/09\/3950001.jpg","width":1600,"height":1600,"caption":"Camisa oxford para hombre de 165 g\/m\u00b2 \"Sphene\""},{"@type":"BreadcrumbList","@id":"https:\/\/adl-regalosempresa.com\/tiendaonline\/articulos\/merchandising\/camisa-oxford-para-hombre-de-165-g-m%c2%b2-para-personalizar-con-logo\/#breadcrumb","itemListElement":[{"@type":"ListItem","position":1,"name":"Portada","item":"https:\/\/adl-regalosempresa.com\/tiendaonline\/"},{"@type":"ListItem","position":2,"name":"Tienda","item":"https:\/\/adl-regalosempresa.com\/tiendaonline\/tienda\/"},{"@type":"ListItem","position":3,"name":"Camisa oxford para hombre de 165 g\/m\u00b2 para personalizar con logo"}]},{"@type":"WebSite","@id":"https:\/\/adl-regalosempresa.com\/tiendaonline\/#website","url":"https:\/\/adl-regalosempresa.com\/tiendaonline\/","name":"ADL Comunicaci\u00f3n","description":"Regalos de empresa","publisher":{"@id":"https:\/\/adl-regalosempresa.com\/tiendaonline\/#organization"},"potentialAction":[{"@type":"SearchAction","target":{"@type":"EntryPoint","urlTemplate":"https:\/\/adl-regalosempresa.com\/tiendaonline\/?s={search_term_string}"},"query-input":{"@type":"PropertyValueSpecification","valueRequired":true,"valueName":"search_term_string"}}],"inLanguage":"es"},{"@type":"Organization","@id":"https:\/\/adl-regalosempresa.com\/tiendaonline\/#organization","name":"ADL Comunicaci\u00f3n","url":"https:\/\/adl-regalosempresa.com\/tiendaonline\/","logo":{"@type":"ImageObject","inLanguage":"es","@id":"https:\/\/adl-regalosempresa.com\/tiendaonline\/#\/schema\/logo\/image\/","url":"https:\/\/adl-regalosempresa.com\/tiendaonline\/wp-content\/uploads\/2017\/09\/logo-adl-wp.png","contentUrl":"https:\/\/adl-regalosempresa.com\/tiendaonline\/wp-content\/uploads\/2017\/09\/logo-adl-wp.png","width":407,"height":185,"caption":"ADL Comunicaci\u00f3n"},"image":{"@id":"https:\/\/adl-regalosempresa.com\/tiendaonline\/#\/schema\/logo\/image\/"}}]}},"_links":{"self":[{"href":"https:\/\/adl-regalosempresa.com\/tiendaonline\/wp-json\/wp\/v2\/product\/143840","targetHints":{"allow":["GET"]}}],"collection":[{"href":"https:\/\/adl-regalosempresa.com\/tiendaonline\/wp-json\/wp\/v2\/product"}],"about":[{"href":"https:\/\/adl-regalosempresa.com\/tiendaonline\/wp-json\/wp\/v2\/types\/product"}],"wp:featuredmedia":[{"embeddable":true,"href":"https:\/\/adl-regalosempresa.com\/tiendaonline\/wp-json\/wp\/v2\/media\/143842"}],"wp:attachment":[{"href":"https:\/\/adl-regalosempresa.com\/tiendaonline\/wp-json\/wp\/v2\/media?parent=143840"}],"wp:term":[{"taxonomy":"product_brand","embeddable":true,"href":"https:\/\/adl-regalosempresa.com\/tiendaonline\/wp-json\/wp\/v2\/product_brand?post=143840"},{"taxonomy":"product_cat","embeddable":true,"href":"https:\/\/adl-regalosempresa.com\/tiendaonline\/wp-json\/wp\/v2\/product_cat?post=143840"},{"taxonomy":"product_tag","embeddable":true,"href":"https:\/\/adl-regalosempresa.com\/tiendaonline\/wp-json\/wp\/v2\/product_tag?post=143840"}],"curies":[{"name":"wp","href":"https:\/\/api.w.org\/{rel}","templated":true}]}}