{"id":143310,"date":"2026-04-01T04:36:47","date_gmt":"2026-04-01T04:36:47","guid":{"rendered":"https:\/\/adl-regalosempresa.com\/tiendaonline\/articulos\/merchandising\/lampara-portatil-para-personalizar-con-logo-3\/"},"modified":"2026-04-18T08:08:07","modified_gmt":"2026-04-18T08:08:07","slug":"lampara-portatil-para-personalizar-con-logo-3","status":"publish","type":"product","link":"https:\/\/adl-regalosempresa.com\/tiendaonline\/articulos\/merchandising\/lampara-portatil-para-personalizar-con-logo-3\/","title":{"rendered":"L\u00e1mpara port\u00e1til  para personalizar con logo"},"content":{"rendered":"<p>La \u00abKooduu Loome\u00bb es una l\u00e1mpara de mesa port\u00e1til de estilo farol dise\u00f1ada para aportar elegancia y una iluminaci\u00f3n suave a cualquier espacio. Dispone de una luz difusa, regulable de forma continua de 0 a 100\u00a0%, con una temperatura de color c\u00e1lida de 2700\u00a0K que crea un ambiente acogedor. La l\u00e1mpara ofrece 101 l\u00famenes de brillo y proporciona una iluminaci\u00f3n suave, pero eficaz. Una pr\u00e1ctica asa facilita su transporte, mientras que la base de carga USB facilita la recarga. Con una bater\u00eda recargable de 4000\u00a0mAh, ofrece hasta 40 horas de uso con una sola carga, ideal para largas veladas o en exteriores.<\/p>\n","protected":false},"excerpt":{"rendered":"<p><strong>Descuentos por cantidades<\/strong><br \/>&#8211; a partir de 25 unidades: 118,83 \u20ac\/ud<br \/>&#8211; a partir de 50 unidades: 116,45 \u20ac\/ud<br \/>&#8211; a partir de 100 unidades: 115,29 \u20ac\/ud<\/p>\n<p>Para cantidades superiores a las aqu\u00ed indicadas, no dudes en ponerte en contacto con nuestro departamento comercial o <a href='https:\/\/adl-regalosempresa.com\/tiendaonline\/solicitud-presupuesto\/'>pedirnos presupuesto personalizado<\/a>, ajustaremos el presupuesto a tus necesidades.<\/p>\n","protected":false},"featured_media":143312,"template":"","meta":{"_kad_post_transparent":"","_kad_post_title":"","_kad_post_layout":"","_kad_post_sidebar_id":"","_kad_post_content_style":"","_kad_post_vertical_padding":"","_kad_post_feature":"","_kad_post_feature_position":"","_kad_post_header":false,"_kad_post_footer":false,"_kad_post_classname":""},"product_brand":[],"product_cat":[4186,3519],"product_tag":[],"class_list":{"0":"post-143310","1":"product","2":"type-product","3":"status-publish","4":"has-post-thumbnail","6":"product_cat-accesorios-del-hogar","7":"product_cat-articulos-personalizados-hogar","8":"pa_alto-213-cm","9":"pa_ancho-13-cm","10":"pa_color-antracita","11":"pa_color-blanco","12":"pa_color-turquesa","13":"pa_color-simple-azul","14":"pa_color-simple-blanco","15":"pa_color-simple-gris","16":"pa_largo-13-cm","17":"pa_marca-kooduu","18":"pa_material-acero-vidrio","19":"pa_peso-880-gr","21":"first","22":"instock","23":"taxable","24":"shipping-taxable","25":"purchasable","26":"product-type-variable","27":"entry","28":"content-bg","29":"loop-entry"},"yoast_head":"<!-- This site is optimized with the Yoast SEO plugin v26.3 - https:\/\/yoast.com\/wordpress\/plugins\/seo\/ -->\n<title>Merchandising L\u00e1mpara port\u00e1til para personalizar con logo - ADL<\/title>\n<meta name=\"description\" content=\"Art\u00edculo de merchandising L\u00e1mpara port\u00e1til &quot;Kooduu Loome&quot;. La &quot;Kooduu Loome&quot; es una l\u00e1mpara de mesa port\u00e1til de estilo farol dise\u00f1ada para aportar elegancia y una iluminaci\u00f3n suave a cualquier espacio. Dispone de una luz difusa, regulable de forma continua de 0 a 100\u00a0%, con una temperatura de color c\u00e1lida de 2700\u00a0K que crea un ambiente acogedor. La l\u00e1mpara ofrece 101 l\u00famenes de brillo y proporciona una iluminaci\u00f3n suave, pero eficaz. Una pr\u00e1ctica asa facilita su transporte, mientras que la base de carga USB facilita la recarga. Con una bater\u00eda recargable de 4000\u00a0mAh, ofrece hasta 40 horas de uso con una sola carga, ideal para largas veladas o en exteriores.\" \/>\n<meta name=\"robots\" content=\"index, follow, max-snippet:-1, max-image-preview:large, max-video-preview:-1\" \/>\n<link rel=\"canonical\" href=\"https:\/\/adl-regalosempresa.com\/tiendaonline\/articulos\/merchandising\/lampara-portatil-para-personalizar-con-logo-3\/\" \/>\n<meta property=\"og:locale\" content=\"es_ES\" \/>\n<meta property=\"og:type\" content=\"article\" \/>\n<meta property=\"og:title\" content=\"Merchandising L\u00e1mpara port\u00e1til para personalizar con logo - ADL\" \/>\n<meta property=\"og:description\" content=\"Art\u00edculo de merchandising L\u00e1mpara port\u00e1til &quot;Kooduu Loome&quot;. La &quot;Kooduu Loome&quot; es una l\u00e1mpara de mesa port\u00e1til de estilo farol dise\u00f1ada para aportar elegancia y una iluminaci\u00f3n suave a cualquier espacio. Dispone de una luz difusa, regulable de forma continua de 0 a 100\u00a0%, con una temperatura de color c\u00e1lida de 2700\u00a0K que crea un ambiente acogedor. La l\u00e1mpara ofrece 101 l\u00famenes de brillo y proporciona una iluminaci\u00f3n suave, pero eficaz. Una pr\u00e1ctica asa facilita su transporte, mientras que la base de carga USB facilita la recarga. Con una bater\u00eda recargable de 4000\u00a0mAh, ofrece hasta 40 horas de uso con una sola carga, ideal para largas veladas o en exteriores.\" \/>\n<meta property=\"og:url\" content=\"https:\/\/adl-regalosempresa.com\/tiendaonline\/articulos\/merchandising\/lampara-portatil-para-personalizar-con-logo-3\/\" \/>\n<meta property=\"og:site_name\" content=\"ADL Comunicaci\u00f3n\" \/>\n<meta property=\"article:modified_time\" content=\"2026-04-18T08:08:07+00:00\" \/>\n<meta property=\"og:image\" content=\"https:\/\/adl-regalosempresa.com\/tiendaonline\/wp-content\/uploads\/2025\/08\/12445701.jpg\" \/>\n\t<meta property=\"og:image:width\" content=\"1600\" \/>\n\t<meta property=\"og:image:height\" content=\"1600\" \/>\n\t<meta property=\"og:image:type\" content=\"image\/jpeg\" \/>\n<meta name=\"twitter:card\" content=\"summary_large_image\" \/>\n<meta name=\"twitter:title\" content=\"Merchandising L\u00e1mpara port\u00e1til para personalizar con logo - ADL\" \/>\n<meta name=\"twitter:label1\" content=\"Tiempo de lectura\" \/>\n\t<meta name=\"twitter:data1\" content=\"1 minuto\" \/>\n<script type=\"application\/ld+json\" class=\"yoast-schema-graph\">{\"@context\":\"https:\/\/schema.org\",\"@graph\":[{\"@type\":\"WebPage\",\"@id\":\"https:\/\/adl-regalosempresa.com\/tiendaonline\/articulos\/merchandising\/lampara-portatil-para-personalizar-con-logo-3\/\",\"url\":\"https:\/\/adl-regalosempresa.com\/tiendaonline\/articulos\/merchandising\/lampara-portatil-para-personalizar-con-logo-3\/\",\"name\":\"Merchandising L\u00e1mpara port\u00e1til para personalizar con logo - ADL\",\"isPartOf\":{\"@id\":\"https:\/\/adl-regalosempresa.com\/tiendaonline\/#website\"},\"primaryImageOfPage\":{\"@id\":\"https:\/\/adl-regalosempresa.com\/tiendaonline\/articulos\/merchandising\/lampara-portatil-para-personalizar-con-logo-3\/#primaryimage\"},\"image\":{\"@id\":\"https:\/\/adl-regalosempresa.com\/tiendaonline\/articulos\/merchandising\/lampara-portatil-para-personalizar-con-logo-3\/#primaryimage\"},\"thumbnailUrl\":\"https:\/\/adl-regalosempresa.com\/tiendaonline\/wp-content\/uploads\/2025\/08\/12445701.jpg\",\"datePublished\":\"2026-04-01T04:36:47+00:00\",\"dateModified\":\"2026-04-18T08:08:07+00:00\",\"description\":\"Art\u00edculo de merchandising L\u00e1mpara port\u00e1til \\\"Kooduu Loome\\\". La \\\"Kooduu Loome\\\" es una l\u00e1mpara de mesa port\u00e1til de estilo farol dise\u00f1ada para aportar elegancia y una iluminaci\u00f3n suave a cualquier espacio. Dispone de una luz difusa, regulable de forma continua de 0 a 100\u00a0%, con una temperatura de color c\u00e1lida de 2700\u00a0K que crea un ambiente acogedor. La l\u00e1mpara ofrece 101 l\u00famenes de brillo y proporciona una iluminaci\u00f3n suave, pero eficaz. Una pr\u00e1ctica asa facilita su transporte, mientras que la base de carga USB facilita la recarga. Con una bater\u00eda recargable de 4000\u00a0mAh, ofrece hasta 40 horas de uso con una sola carga, ideal para largas veladas o en exteriores.\",\"breadcrumb\":{\"@id\":\"https:\/\/adl-regalosempresa.com\/tiendaonline\/articulos\/merchandising\/lampara-portatil-para-personalizar-con-logo-3\/#breadcrumb\"},\"inLanguage\":\"es\",\"potentialAction\":[{\"@type\":\"ReadAction\",\"target\":[\"https:\/\/adl-regalosempresa.com\/tiendaonline\/articulos\/merchandising\/lampara-portatil-para-personalizar-con-logo-3\/\"]}]},{\"@type\":\"ImageObject\",\"inLanguage\":\"es\",\"@id\":\"https:\/\/adl-regalosempresa.com\/tiendaonline\/articulos\/merchandising\/lampara-portatil-para-personalizar-con-logo-3\/#primaryimage\",\"url\":\"https:\/\/adl-regalosempresa.com\/tiendaonline\/wp-content\/uploads\/2025\/08\/12445701.jpg\",\"contentUrl\":\"https:\/\/adl-regalosempresa.com\/tiendaonline\/wp-content\/uploads\/2025\/08\/12445701.jpg\",\"width\":1600,\"height\":1600,\"caption\":\"L\u00e1mpara port\u00e1til \\\"Kooduu Loome\\\"\"},{\"@type\":\"BreadcrumbList\",\"@id\":\"https:\/\/adl-regalosempresa.com\/tiendaonline\/articulos\/merchandising\/lampara-portatil-para-personalizar-con-logo-3\/#breadcrumb\",\"itemListElement\":[{\"@type\":\"ListItem\",\"position\":1,\"name\":\"Portada\",\"item\":\"https:\/\/adl-regalosempresa.com\/tiendaonline\/\"},{\"@type\":\"ListItem\",\"position\":2,\"name\":\"Tienda\",\"item\":\"https:\/\/adl-regalosempresa.com\/tiendaonline\/tienda\/\"},{\"@type\":\"ListItem\",\"position\":3,\"name\":\"L\u00e1mpara port\u00e1til para personalizar con logo\"}]},{\"@type\":\"WebSite\",\"@id\":\"https:\/\/adl-regalosempresa.com\/tiendaonline\/#website\",\"url\":\"https:\/\/adl-regalosempresa.com\/tiendaonline\/\",\"name\":\"ADL Comunicaci\u00f3n\",\"description\":\"Regalos de empresa\",\"publisher\":{\"@id\":\"https:\/\/adl-regalosempresa.com\/tiendaonline\/#organization\"},\"potentialAction\":[{\"@type\":\"SearchAction\",\"target\":{\"@type\":\"EntryPoint\",\"urlTemplate\":\"https:\/\/adl-regalosempresa.com\/tiendaonline\/?s={search_term_string}\"},\"query-input\":{\"@type\":\"PropertyValueSpecification\",\"valueRequired\":true,\"valueName\":\"search_term_string\"}}],\"inLanguage\":\"es\"},{\"@type\":\"Organization\",\"@id\":\"https:\/\/adl-regalosempresa.com\/tiendaonline\/#organization\",\"name\":\"ADL Comunicaci\u00f3n\",\"url\":\"https:\/\/adl-regalosempresa.com\/tiendaonline\/\",\"logo\":{\"@type\":\"ImageObject\",\"inLanguage\":\"es\",\"@id\":\"https:\/\/adl-regalosempresa.com\/tiendaonline\/#\/schema\/logo\/image\/\",\"url\":\"https:\/\/adl-regalosempresa.com\/tiendaonline\/wp-content\/uploads\/2017\/09\/logo-adl-wp.png\",\"contentUrl\":\"https:\/\/adl-regalosempresa.com\/tiendaonline\/wp-content\/uploads\/2017\/09\/logo-adl-wp.png\",\"width\":407,\"height\":185,\"caption\":\"ADL Comunicaci\u00f3n\"},\"image\":{\"@id\":\"https:\/\/adl-regalosempresa.com\/tiendaonline\/#\/schema\/logo\/image\/\"}}]}<\/script>\n<!-- \/ Yoast SEO plugin. -->","yoast_head_json":{"title":"Merchandising L\u00e1mpara port\u00e1til para personalizar con logo - ADL","description":"Art\u00edculo de merchandising L\u00e1mpara port\u00e1til \"Kooduu Loome\". La \"Kooduu Loome\" es una l\u00e1mpara de mesa port\u00e1til de estilo farol dise\u00f1ada para aportar elegancia y una iluminaci\u00f3n suave a cualquier espacio. Dispone de una luz difusa, regulable de forma continua de 0 a 100\u00a0%, con una temperatura de color c\u00e1lida de 2700\u00a0K que crea un ambiente acogedor. La l\u00e1mpara ofrece 101 l\u00famenes de brillo y proporciona una iluminaci\u00f3n suave, pero eficaz. Una pr\u00e1ctica asa facilita su transporte, mientras que la base de carga USB facilita la recarga. Con una bater\u00eda recargable de 4000\u00a0mAh, ofrece hasta 40 horas de uso con una sola carga, ideal para largas veladas o en exteriores.","robots":{"index":"index","follow":"follow","max-snippet":"max-snippet:-1","max-image-preview":"max-image-preview:large","max-video-preview":"max-video-preview:-1"},"canonical":"https:\/\/adl-regalosempresa.com\/tiendaonline\/articulos\/merchandising\/lampara-portatil-para-personalizar-con-logo-3\/","og_locale":"es_ES","og_type":"article","og_title":"Merchandising L\u00e1mpara port\u00e1til para personalizar con logo - ADL","og_description":"Art\u00edculo de merchandising L\u00e1mpara port\u00e1til \"Kooduu Loome\". La \"Kooduu Loome\" es una l\u00e1mpara de mesa port\u00e1til de estilo farol dise\u00f1ada para aportar elegancia y una iluminaci\u00f3n suave a cualquier espacio. Dispone de una luz difusa, regulable de forma continua de 0 a 100\u00a0%, con una temperatura de color c\u00e1lida de 2700\u00a0K que crea un ambiente acogedor. La l\u00e1mpara ofrece 101 l\u00famenes de brillo y proporciona una iluminaci\u00f3n suave, pero eficaz. Una pr\u00e1ctica asa facilita su transporte, mientras que la base de carga USB facilita la recarga. Con una bater\u00eda recargable de 4000\u00a0mAh, ofrece hasta 40 horas de uso con una sola carga, ideal para largas veladas o en exteriores.","og_url":"https:\/\/adl-regalosempresa.com\/tiendaonline\/articulos\/merchandising\/lampara-portatil-para-personalizar-con-logo-3\/","og_site_name":"ADL Comunicaci\u00f3n","article_modified_time":"2026-04-18T08:08:07+00:00","og_image":[{"width":1600,"height":1600,"url":"https:\/\/adl-regalosempresa.com\/tiendaonline\/wp-content\/uploads\/2025\/08\/12445701.jpg","type":"image\/jpeg"}],"twitter_card":"summary_large_image","twitter_title":"Merchandising L\u00e1mpara port\u00e1til para personalizar con logo - ADL","twitter_misc":{"Tiempo de lectura":"1 minuto"},"schema":{"@context":"https:\/\/schema.org","@graph":[{"@type":"WebPage","@id":"https:\/\/adl-regalosempresa.com\/tiendaonline\/articulos\/merchandising\/lampara-portatil-para-personalizar-con-logo-3\/","url":"https:\/\/adl-regalosempresa.com\/tiendaonline\/articulos\/merchandising\/lampara-portatil-para-personalizar-con-logo-3\/","name":"Merchandising L\u00e1mpara port\u00e1til para personalizar con logo - ADL","isPartOf":{"@id":"https:\/\/adl-regalosempresa.com\/tiendaonline\/#website"},"primaryImageOfPage":{"@id":"https:\/\/adl-regalosempresa.com\/tiendaonline\/articulos\/merchandising\/lampara-portatil-para-personalizar-con-logo-3\/#primaryimage"},"image":{"@id":"https:\/\/adl-regalosempresa.com\/tiendaonline\/articulos\/merchandising\/lampara-portatil-para-personalizar-con-logo-3\/#primaryimage"},"thumbnailUrl":"https:\/\/adl-regalosempresa.com\/tiendaonline\/wp-content\/uploads\/2025\/08\/12445701.jpg","datePublished":"2026-04-01T04:36:47+00:00","dateModified":"2026-04-18T08:08:07+00:00","description":"Art\u00edculo de merchandising L\u00e1mpara port\u00e1til \"Kooduu Loome\". La \"Kooduu Loome\" es una l\u00e1mpara de mesa port\u00e1til de estilo farol dise\u00f1ada para aportar elegancia y una iluminaci\u00f3n suave a cualquier espacio. Dispone de una luz difusa, regulable de forma continua de 0 a 100\u00a0%, con una temperatura de color c\u00e1lida de 2700\u00a0K que crea un ambiente acogedor. La l\u00e1mpara ofrece 101 l\u00famenes de brillo y proporciona una iluminaci\u00f3n suave, pero eficaz. Una pr\u00e1ctica asa facilita su transporte, mientras que la base de carga USB facilita la recarga. Con una bater\u00eda recargable de 4000\u00a0mAh, ofrece hasta 40 horas de uso con una sola carga, ideal para largas veladas o en exteriores.","breadcrumb":{"@id":"https:\/\/adl-regalosempresa.com\/tiendaonline\/articulos\/merchandising\/lampara-portatil-para-personalizar-con-logo-3\/#breadcrumb"},"inLanguage":"es","potentialAction":[{"@type":"ReadAction","target":["https:\/\/adl-regalosempresa.com\/tiendaonline\/articulos\/merchandising\/lampara-portatil-para-personalizar-con-logo-3\/"]}]},{"@type":"ImageObject","inLanguage":"es","@id":"https:\/\/adl-regalosempresa.com\/tiendaonline\/articulos\/merchandising\/lampara-portatil-para-personalizar-con-logo-3\/#primaryimage","url":"https:\/\/adl-regalosempresa.com\/tiendaonline\/wp-content\/uploads\/2025\/08\/12445701.jpg","contentUrl":"https:\/\/adl-regalosempresa.com\/tiendaonline\/wp-content\/uploads\/2025\/08\/12445701.jpg","width":1600,"height":1600,"caption":"L\u00e1mpara port\u00e1til \"Kooduu Loome\""},{"@type":"BreadcrumbList","@id":"https:\/\/adl-regalosempresa.com\/tiendaonline\/articulos\/merchandising\/lampara-portatil-para-personalizar-con-logo-3\/#breadcrumb","itemListElement":[{"@type":"ListItem","position":1,"name":"Portada","item":"https:\/\/adl-regalosempresa.com\/tiendaonline\/"},{"@type":"ListItem","position":2,"name":"Tienda","item":"https:\/\/adl-regalosempresa.com\/tiendaonline\/tienda\/"},{"@type":"ListItem","position":3,"name":"L\u00e1mpara port\u00e1til para personalizar con logo"}]},{"@type":"WebSite","@id":"https:\/\/adl-regalosempresa.com\/tiendaonline\/#website","url":"https:\/\/adl-regalosempresa.com\/tiendaonline\/","name":"ADL Comunicaci\u00f3n","description":"Regalos de empresa","publisher":{"@id":"https:\/\/adl-regalosempresa.com\/tiendaonline\/#organization"},"potentialAction":[{"@type":"SearchAction","target":{"@type":"EntryPoint","urlTemplate":"https:\/\/adl-regalosempresa.com\/tiendaonline\/?s={search_term_string}"},"query-input":{"@type":"PropertyValueSpecification","valueRequired":true,"valueName":"search_term_string"}}],"inLanguage":"es"},{"@type":"Organization","@id":"https:\/\/adl-regalosempresa.com\/tiendaonline\/#organization","name":"ADL Comunicaci\u00f3n","url":"https:\/\/adl-regalosempresa.com\/tiendaonline\/","logo":{"@type":"ImageObject","inLanguage":"es","@id":"https:\/\/adl-regalosempresa.com\/tiendaonline\/#\/schema\/logo\/image\/","url":"https:\/\/adl-regalosempresa.com\/tiendaonline\/wp-content\/uploads\/2017\/09\/logo-adl-wp.png","contentUrl":"https:\/\/adl-regalosempresa.com\/tiendaonline\/wp-content\/uploads\/2017\/09\/logo-adl-wp.png","width":407,"height":185,"caption":"ADL Comunicaci\u00f3n"},"image":{"@id":"https:\/\/adl-regalosempresa.com\/tiendaonline\/#\/schema\/logo\/image\/"}}]}},"_links":{"self":[{"href":"https:\/\/adl-regalosempresa.com\/tiendaonline\/wp-json\/wp\/v2\/product\/143310","targetHints":{"allow":["GET"]}}],"collection":[{"href":"https:\/\/adl-regalosempresa.com\/tiendaonline\/wp-json\/wp\/v2\/product"}],"about":[{"href":"https:\/\/adl-regalosempresa.com\/tiendaonline\/wp-json\/wp\/v2\/types\/product"}],"wp:featuredmedia":[{"embeddable":true,"href":"https:\/\/adl-regalosempresa.com\/tiendaonline\/wp-json\/wp\/v2\/media\/143312"}],"wp:attachment":[{"href":"https:\/\/adl-regalosempresa.com\/tiendaonline\/wp-json\/wp\/v2\/media?parent=143310"}],"wp:term":[{"taxonomy":"product_brand","embeddable":true,"href":"https:\/\/adl-regalosempresa.com\/tiendaonline\/wp-json\/wp\/v2\/product_brand?post=143310"},{"taxonomy":"product_cat","embeddable":true,"href":"https:\/\/adl-regalosempresa.com\/tiendaonline\/wp-json\/wp\/v2\/product_cat?post=143310"},{"taxonomy":"product_tag","embeddable":true,"href":"https:\/\/adl-regalosempresa.com\/tiendaonline\/wp-json\/wp\/v2\/product_tag?post=143310"}],"curies":[{"name":"wp","href":"https:\/\/api.w.org\/{rel}","templated":true}]}}