{"id":143257,"date":"2026-03-31T05:43:48","date_gmt":"2026-03-31T05:43:48","guid":{"rendered":"https:\/\/adl-regalosempresa.com\/tiendaonline\/articulos\/merchandising\/taza-inteligente-de-300-ml-para-personalizar-con-logo-2\/"},"modified":"2026-04-08T08:54:11","modified_gmt":"2026-04-08T08:54:11","slug":"taza-inteligente-de-300-ml-para-personalizar-con-logo-2","status":"publish","type":"product","link":"https:\/\/adl-regalosempresa.com\/tiendaonline\/articulos\/merchandising\/taza-inteligente-de-300-ml-para-personalizar-con-logo-2\/","title":{"rendered":"Taza inteligente de 300 ml  para personalizar con logo"},"content":{"rendered":"<p>La taza inteligente \u00abTempo\u00bb est\u00e1 dise\u00f1ada para mantener tu bebida a la temperatura perfecta hasta 1,5 horas con una sola carga, gracias a su bater\u00eda de larga duraci\u00f3n. Para un calor continuo, basta con colocarlo en el posavasos de carga incluido. La peque\u00f1a pantalla LED permite ajustar con facilidad la temperatura entre 50 \u00b0C y 62,5 \u00b0C, para que cada sorbo sea perfecto. Su grado de impermeabilidad IPX6 significa que puedes enjuagarlo bajo el grifo sin preocuparte, aunque deber\u00eda lavarse a mano para un cuidado \u00f3ptimo. Combinando la tecnolog\u00eda inteligente con la comodidad, la taza \u00abTempo\u00bb garantiza que tus bebidas favoritas est\u00e9n siempre a la temperatura ideal.<\/p>\n","protected":false},"excerpt":{"rendered":"<p><strong>Descuentos por cantidades<\/strong><br \/>&#8211; a partir de 25 unidades: 97,14 \u20ac\/ud<br \/>&#8211; a partir de 50 unidades: 89,73 \u20ac\/ud<br \/>&#8211; a partir de 100 unidades: 87,3 \u20ac\/ud<\/p>\n<p>Para cantidades superiores a las aqu\u00ed indicadas, no dudes en ponerte en contacto con nuestro departamento comercial o <a href='https:\/\/adl-regalosempresa.com\/tiendaonline\/solicitud-presupuesto\/'>pedirnos presupuesto personalizado<\/a>, ajustaremos el presupuesto a tus necesidades.<\/p>\n","protected":false},"featured_media":143715,"template":"","meta":{"_kad_post_transparent":"","_kad_post_title":"","_kad_post_layout":"","_kad_post_sidebar_id":"","_kad_post_content_style":"","_kad_post_vertical_padding":"","_kad_post_feature":"","_kad_post_feature_position":"","_kad_post_header":false,"_kad_post_footer":false,"_kad_post_classname":""},"product_brand":[],"product_cat":[3846,3372],"product_tag":[],"class_list":{"0":"post-143257","1":"product","2":"type-product","3":"status-publish","4":"has-post-thumbnail","6":"product_cat-tazas-estandar","7":"product_cat-articulos-para-bebidas","8":"pa_alto-108-cm","9":"pa_ancho-84-cm","10":"pa_color-negro-intenso","11":"pa_color-simple-negro-intenso","12":"pa_largo-115-cm","13":"pa_marca-prixton","14":"pa_material-plastico","15":"pa_peso-374-gr","17":"first","18":"instock","19":"taxable","20":"shipping-taxable","21":"purchasable","22":"product-type-variable","23":"entry","24":"content-bg","25":"loop-entry"},"yoast_head":"<!-- This site is optimized with the Yoast SEO plugin v26.3 - https:\/\/yoast.com\/wordpress\/plugins\/seo\/ -->\n<title>Merchandising Taza inteligente de 300 ml para personalizar con logo - ADL<\/title>\n<meta name=\"description\" content=\"Art\u00edculo de merchandising Taza inteligente de 300 ml &quot;Prixton Tempo&quot;. La taza inteligente &quot;Tempo&quot; est\u00e1 dise\u00f1ada para mantener tu bebida a la temperatura perfecta hasta 1,5 horas con una sola carga, gracias a su bater\u00eda de larga duraci\u00f3n. Para un calor continuo, basta con colocarlo en el posavasos de carga incluido. La peque\u00f1a pantalla LED permite ajustar con facilidad la temperatura entre 50 \u00b0C y 62,5 \u00b0C, para que cada sorbo sea perfecto. Su grado de impermeabilidad IPX6 significa que puedes enjuagarlo bajo el grifo sin preocuparte, aunque deber\u00eda lavarse a mano para un cuidado \u00f3ptimo. Combinando la tecnolog\u00eda inteligente con la comodidad, la taza &quot;Tempo&quot; garantiza que tus bebidas favoritas est\u00e9n siempre a la temperatura ideal.\" \/>\n<meta name=\"robots\" content=\"index, follow, max-snippet:-1, max-image-preview:large, max-video-preview:-1\" \/>\n<link rel=\"canonical\" href=\"https:\/\/adl-regalosempresa.com\/tiendaonline\/articulos\/merchandising\/taza-inteligente-de-300-ml-para-personalizar-con-logo-2\/\" \/>\n<meta property=\"og:locale\" content=\"es_ES\" \/>\n<meta property=\"og:type\" content=\"article\" \/>\n<meta property=\"og:title\" content=\"Merchandising Taza inteligente de 300 ml para personalizar con logo - ADL\" \/>\n<meta property=\"og:description\" content=\"Art\u00edculo de merchandising Taza inteligente de 300 ml &quot;Prixton Tempo&quot;. La taza inteligente &quot;Tempo&quot; est\u00e1 dise\u00f1ada para mantener tu bebida a la temperatura perfecta hasta 1,5 horas con una sola carga, gracias a su bater\u00eda de larga duraci\u00f3n. Para un calor continuo, basta con colocarlo en el posavasos de carga incluido. La peque\u00f1a pantalla LED permite ajustar con facilidad la temperatura entre 50 \u00b0C y 62,5 \u00b0C, para que cada sorbo sea perfecto. Su grado de impermeabilidad IPX6 significa que puedes enjuagarlo bajo el grifo sin preocuparte, aunque deber\u00eda lavarse a mano para un cuidado \u00f3ptimo. Combinando la tecnolog\u00eda inteligente con la comodidad, la taza &quot;Tempo&quot; garantiza que tus bebidas favoritas est\u00e9n siempre a la temperatura ideal.\" \/>\n<meta property=\"og:url\" content=\"https:\/\/adl-regalosempresa.com\/tiendaonline\/articulos\/merchandising\/taza-inteligente-de-300-ml-para-personalizar-con-logo-2\/\" \/>\n<meta property=\"og:site_name\" content=\"ADL Comunicaci\u00f3n\" \/>\n<meta property=\"article:modified_time\" content=\"2026-04-08T08:54:11+00:00\" \/>\n<meta property=\"og:image\" content=\"https:\/\/adl-regalosempresa.com\/tiendaonline\/wp-content\/uploads\/2025\/08\/2PA18890.jpg\" \/>\n\t<meta property=\"og:image:width\" content=\"1600\" \/>\n\t<meta property=\"og:image:height\" content=\"1600\" \/>\n\t<meta property=\"og:image:type\" content=\"image\/jpeg\" \/>\n<meta name=\"twitter:card\" content=\"summary_large_image\" \/>\n<meta name=\"twitter:title\" content=\"Merchandising Taza inteligente de 300 ml para personalizar con logo - ADL\" \/>\n<meta name=\"twitter:label1\" content=\"Tiempo de lectura\" \/>\n\t<meta name=\"twitter:data1\" content=\"1 minuto\" \/>\n<script type=\"application\/ld+json\" class=\"yoast-schema-graph\">{\"@context\":\"https:\/\/schema.org\",\"@graph\":[{\"@type\":\"WebPage\",\"@id\":\"https:\/\/adl-regalosempresa.com\/tiendaonline\/articulos\/merchandising\/taza-inteligente-de-300-ml-para-personalizar-con-logo-2\/\",\"url\":\"https:\/\/adl-regalosempresa.com\/tiendaonline\/articulos\/merchandising\/taza-inteligente-de-300-ml-para-personalizar-con-logo-2\/\",\"name\":\"Merchandising Taza inteligente de 300 ml para personalizar con logo - ADL\",\"isPartOf\":{\"@id\":\"https:\/\/adl-regalosempresa.com\/tiendaonline\/#website\"},\"primaryImageOfPage\":{\"@id\":\"https:\/\/adl-regalosempresa.com\/tiendaonline\/articulos\/merchandising\/taza-inteligente-de-300-ml-para-personalizar-con-logo-2\/#primaryimage\"},\"image\":{\"@id\":\"https:\/\/adl-regalosempresa.com\/tiendaonline\/articulos\/merchandising\/taza-inteligente-de-300-ml-para-personalizar-con-logo-2\/#primaryimage\"},\"thumbnailUrl\":\"https:\/\/adl-regalosempresa.com\/tiendaonline\/wp-content\/uploads\/2025\/08\/2PA18890.jpg\",\"datePublished\":\"2026-03-31T05:43:48+00:00\",\"dateModified\":\"2026-04-08T08:54:11+00:00\",\"description\":\"Art\u00edculo de merchandising Taza inteligente de 300 ml \\\"Prixton Tempo\\\". La taza inteligente \\\"Tempo\\\" est\u00e1 dise\u00f1ada para mantener tu bebida a la temperatura perfecta hasta 1,5 horas con una sola carga, gracias a su bater\u00eda de larga duraci\u00f3n. Para un calor continuo, basta con colocarlo en el posavasos de carga incluido. La peque\u00f1a pantalla LED permite ajustar con facilidad la temperatura entre 50 \u00b0C y 62,5 \u00b0C, para que cada sorbo sea perfecto. Su grado de impermeabilidad IPX6 significa que puedes enjuagarlo bajo el grifo sin preocuparte, aunque deber\u00eda lavarse a mano para un cuidado \u00f3ptimo. Combinando la tecnolog\u00eda inteligente con la comodidad, la taza \\\"Tempo\\\" garantiza que tus bebidas favoritas est\u00e9n siempre a la temperatura ideal.\",\"breadcrumb\":{\"@id\":\"https:\/\/adl-regalosempresa.com\/tiendaonline\/articulos\/merchandising\/taza-inteligente-de-300-ml-para-personalizar-con-logo-2\/#breadcrumb\"},\"inLanguage\":\"es\",\"potentialAction\":[{\"@type\":\"ReadAction\",\"target\":[\"https:\/\/adl-regalosempresa.com\/tiendaonline\/articulos\/merchandising\/taza-inteligente-de-300-ml-para-personalizar-con-logo-2\/\"]}]},{\"@type\":\"ImageObject\",\"inLanguage\":\"es\",\"@id\":\"https:\/\/adl-regalosempresa.com\/tiendaonline\/articulos\/merchandising\/taza-inteligente-de-300-ml-para-personalizar-con-logo-2\/#primaryimage\",\"url\":\"https:\/\/adl-regalosempresa.com\/tiendaonline\/wp-content\/uploads\/2025\/08\/2PA18890.jpg\",\"contentUrl\":\"https:\/\/adl-regalosempresa.com\/tiendaonline\/wp-content\/uploads\/2025\/08\/2PA18890.jpg\",\"width\":1600,\"height\":1600,\"caption\":\"Taza inteligente de 300 ml \\\"Prixton Tempo\\\"\"},{\"@type\":\"BreadcrumbList\",\"@id\":\"https:\/\/adl-regalosempresa.com\/tiendaonline\/articulos\/merchandising\/taza-inteligente-de-300-ml-para-personalizar-con-logo-2\/#breadcrumb\",\"itemListElement\":[{\"@type\":\"ListItem\",\"position\":1,\"name\":\"Portada\",\"item\":\"https:\/\/adl-regalosempresa.com\/tiendaonline\/\"},{\"@type\":\"ListItem\",\"position\":2,\"name\":\"Tienda\",\"item\":\"https:\/\/adl-regalosempresa.com\/tiendaonline\/tienda\/\"},{\"@type\":\"ListItem\",\"position\":3,\"name\":\"Taza inteligente de 300 ml para personalizar con logo\"}]},{\"@type\":\"WebSite\",\"@id\":\"https:\/\/adl-regalosempresa.com\/tiendaonline\/#website\",\"url\":\"https:\/\/adl-regalosempresa.com\/tiendaonline\/\",\"name\":\"ADL Comunicaci\u00f3n\",\"description\":\"Regalos de empresa\",\"publisher\":{\"@id\":\"https:\/\/adl-regalosempresa.com\/tiendaonline\/#organization\"},\"potentialAction\":[{\"@type\":\"SearchAction\",\"target\":{\"@type\":\"EntryPoint\",\"urlTemplate\":\"https:\/\/adl-regalosempresa.com\/tiendaonline\/?s={search_term_string}\"},\"query-input\":{\"@type\":\"PropertyValueSpecification\",\"valueRequired\":true,\"valueName\":\"search_term_string\"}}],\"inLanguage\":\"es\"},{\"@type\":\"Organization\",\"@id\":\"https:\/\/adl-regalosempresa.com\/tiendaonline\/#organization\",\"name\":\"ADL Comunicaci\u00f3n\",\"url\":\"https:\/\/adl-regalosempresa.com\/tiendaonline\/\",\"logo\":{\"@type\":\"ImageObject\",\"inLanguage\":\"es\",\"@id\":\"https:\/\/adl-regalosempresa.com\/tiendaonline\/#\/schema\/logo\/image\/\",\"url\":\"https:\/\/adl-regalosempresa.com\/tiendaonline\/wp-content\/uploads\/2017\/09\/logo-adl-wp.png\",\"contentUrl\":\"https:\/\/adl-regalosempresa.com\/tiendaonline\/wp-content\/uploads\/2017\/09\/logo-adl-wp.png\",\"width\":407,\"height\":185,\"caption\":\"ADL Comunicaci\u00f3n\"},\"image\":{\"@id\":\"https:\/\/adl-regalosempresa.com\/tiendaonline\/#\/schema\/logo\/image\/\"}}]}<\/script>\n<!-- \/ Yoast SEO plugin. -->","yoast_head_json":{"title":"Merchandising Taza inteligente de 300 ml para personalizar con logo - ADL","description":"Art\u00edculo de merchandising Taza inteligente de 300 ml \"Prixton Tempo\". La taza inteligente \"Tempo\" est\u00e1 dise\u00f1ada para mantener tu bebida a la temperatura perfecta hasta 1,5 horas con una sola carga, gracias a su bater\u00eda de larga duraci\u00f3n. Para un calor continuo, basta con colocarlo en el posavasos de carga incluido. La peque\u00f1a pantalla LED permite ajustar con facilidad la temperatura entre 50 \u00b0C y 62,5 \u00b0C, para que cada sorbo sea perfecto. Su grado de impermeabilidad IPX6 significa que puedes enjuagarlo bajo el grifo sin preocuparte, aunque deber\u00eda lavarse a mano para un cuidado \u00f3ptimo. Combinando la tecnolog\u00eda inteligente con la comodidad, la taza \"Tempo\" garantiza que tus bebidas favoritas est\u00e9n siempre a la temperatura ideal.","robots":{"index":"index","follow":"follow","max-snippet":"max-snippet:-1","max-image-preview":"max-image-preview:large","max-video-preview":"max-video-preview:-1"},"canonical":"https:\/\/adl-regalosempresa.com\/tiendaonline\/articulos\/merchandising\/taza-inteligente-de-300-ml-para-personalizar-con-logo-2\/","og_locale":"es_ES","og_type":"article","og_title":"Merchandising Taza inteligente de 300 ml para personalizar con logo - ADL","og_description":"Art\u00edculo de merchandising Taza inteligente de 300 ml \"Prixton Tempo\". La taza inteligente \"Tempo\" est\u00e1 dise\u00f1ada para mantener tu bebida a la temperatura perfecta hasta 1,5 horas con una sola carga, gracias a su bater\u00eda de larga duraci\u00f3n. Para un calor continuo, basta con colocarlo en el posavasos de carga incluido. La peque\u00f1a pantalla LED permite ajustar con facilidad la temperatura entre 50 \u00b0C y 62,5 \u00b0C, para que cada sorbo sea perfecto. Su grado de impermeabilidad IPX6 significa que puedes enjuagarlo bajo el grifo sin preocuparte, aunque deber\u00eda lavarse a mano para un cuidado \u00f3ptimo. Combinando la tecnolog\u00eda inteligente con la comodidad, la taza \"Tempo\" garantiza que tus bebidas favoritas est\u00e9n siempre a la temperatura ideal.","og_url":"https:\/\/adl-regalosempresa.com\/tiendaonline\/articulos\/merchandising\/taza-inteligente-de-300-ml-para-personalizar-con-logo-2\/","og_site_name":"ADL Comunicaci\u00f3n","article_modified_time":"2026-04-08T08:54:11+00:00","og_image":[{"width":1600,"height":1600,"url":"https:\/\/adl-regalosempresa.com\/tiendaonline\/wp-content\/uploads\/2025\/08\/2PA18890.jpg","type":"image\/jpeg"}],"twitter_card":"summary_large_image","twitter_title":"Merchandising Taza inteligente de 300 ml para personalizar con logo - ADL","twitter_misc":{"Tiempo de lectura":"1 minuto"},"schema":{"@context":"https:\/\/schema.org","@graph":[{"@type":"WebPage","@id":"https:\/\/adl-regalosempresa.com\/tiendaonline\/articulos\/merchandising\/taza-inteligente-de-300-ml-para-personalizar-con-logo-2\/","url":"https:\/\/adl-regalosempresa.com\/tiendaonline\/articulos\/merchandising\/taza-inteligente-de-300-ml-para-personalizar-con-logo-2\/","name":"Merchandising Taza inteligente de 300 ml para personalizar con logo - ADL","isPartOf":{"@id":"https:\/\/adl-regalosempresa.com\/tiendaonline\/#website"},"primaryImageOfPage":{"@id":"https:\/\/adl-regalosempresa.com\/tiendaonline\/articulos\/merchandising\/taza-inteligente-de-300-ml-para-personalizar-con-logo-2\/#primaryimage"},"image":{"@id":"https:\/\/adl-regalosempresa.com\/tiendaonline\/articulos\/merchandising\/taza-inteligente-de-300-ml-para-personalizar-con-logo-2\/#primaryimage"},"thumbnailUrl":"https:\/\/adl-regalosempresa.com\/tiendaonline\/wp-content\/uploads\/2025\/08\/2PA18890.jpg","datePublished":"2026-03-31T05:43:48+00:00","dateModified":"2026-04-08T08:54:11+00:00","description":"Art\u00edculo de merchandising Taza inteligente de 300 ml \"Prixton Tempo\". La taza inteligente \"Tempo\" est\u00e1 dise\u00f1ada para mantener tu bebida a la temperatura perfecta hasta 1,5 horas con una sola carga, gracias a su bater\u00eda de larga duraci\u00f3n. Para un calor continuo, basta con colocarlo en el posavasos de carga incluido. La peque\u00f1a pantalla LED permite ajustar con facilidad la temperatura entre 50 \u00b0C y 62,5 \u00b0C, para que cada sorbo sea perfecto. Su grado de impermeabilidad IPX6 significa que puedes enjuagarlo bajo el grifo sin preocuparte, aunque deber\u00eda lavarse a mano para un cuidado \u00f3ptimo. Combinando la tecnolog\u00eda inteligente con la comodidad, la taza \"Tempo\" garantiza que tus bebidas favoritas est\u00e9n siempre a la temperatura ideal.","breadcrumb":{"@id":"https:\/\/adl-regalosempresa.com\/tiendaonline\/articulos\/merchandising\/taza-inteligente-de-300-ml-para-personalizar-con-logo-2\/#breadcrumb"},"inLanguage":"es","potentialAction":[{"@type":"ReadAction","target":["https:\/\/adl-regalosempresa.com\/tiendaonline\/articulos\/merchandising\/taza-inteligente-de-300-ml-para-personalizar-con-logo-2\/"]}]},{"@type":"ImageObject","inLanguage":"es","@id":"https:\/\/adl-regalosempresa.com\/tiendaonline\/articulos\/merchandising\/taza-inteligente-de-300-ml-para-personalizar-con-logo-2\/#primaryimage","url":"https:\/\/adl-regalosempresa.com\/tiendaonline\/wp-content\/uploads\/2025\/08\/2PA18890.jpg","contentUrl":"https:\/\/adl-regalosempresa.com\/tiendaonline\/wp-content\/uploads\/2025\/08\/2PA18890.jpg","width":1600,"height":1600,"caption":"Taza inteligente de 300 ml \"Prixton Tempo\""},{"@type":"BreadcrumbList","@id":"https:\/\/adl-regalosempresa.com\/tiendaonline\/articulos\/merchandising\/taza-inteligente-de-300-ml-para-personalizar-con-logo-2\/#breadcrumb","itemListElement":[{"@type":"ListItem","position":1,"name":"Portada","item":"https:\/\/adl-regalosempresa.com\/tiendaonline\/"},{"@type":"ListItem","position":2,"name":"Tienda","item":"https:\/\/adl-regalosempresa.com\/tiendaonline\/tienda\/"},{"@type":"ListItem","position":3,"name":"Taza inteligente de 300 ml para personalizar con logo"}]},{"@type":"WebSite","@id":"https:\/\/adl-regalosempresa.com\/tiendaonline\/#website","url":"https:\/\/adl-regalosempresa.com\/tiendaonline\/","name":"ADL Comunicaci\u00f3n","description":"Regalos de empresa","publisher":{"@id":"https:\/\/adl-regalosempresa.com\/tiendaonline\/#organization"},"potentialAction":[{"@type":"SearchAction","target":{"@type":"EntryPoint","urlTemplate":"https:\/\/adl-regalosempresa.com\/tiendaonline\/?s={search_term_string}"},"query-input":{"@type":"PropertyValueSpecification","valueRequired":true,"valueName":"search_term_string"}}],"inLanguage":"es"},{"@type":"Organization","@id":"https:\/\/adl-regalosempresa.com\/tiendaonline\/#organization","name":"ADL Comunicaci\u00f3n","url":"https:\/\/adl-regalosempresa.com\/tiendaonline\/","logo":{"@type":"ImageObject","inLanguage":"es","@id":"https:\/\/adl-regalosempresa.com\/tiendaonline\/#\/schema\/logo\/image\/","url":"https:\/\/adl-regalosempresa.com\/tiendaonline\/wp-content\/uploads\/2017\/09\/logo-adl-wp.png","contentUrl":"https:\/\/adl-regalosempresa.com\/tiendaonline\/wp-content\/uploads\/2017\/09\/logo-adl-wp.png","width":407,"height":185,"caption":"ADL Comunicaci\u00f3n"},"image":{"@id":"https:\/\/adl-regalosempresa.com\/tiendaonline\/#\/schema\/logo\/image\/"}}]}},"_links":{"self":[{"href":"https:\/\/adl-regalosempresa.com\/tiendaonline\/wp-json\/wp\/v2\/product\/143257","targetHints":{"allow":["GET"]}}],"collection":[{"href":"https:\/\/adl-regalosempresa.com\/tiendaonline\/wp-json\/wp\/v2\/product"}],"about":[{"href":"https:\/\/adl-regalosempresa.com\/tiendaonline\/wp-json\/wp\/v2\/types\/product"}],"wp:featuredmedia":[{"embeddable":true,"href":"https:\/\/adl-regalosempresa.com\/tiendaonline\/wp-json\/wp\/v2\/media\/143715"}],"wp:attachment":[{"href":"https:\/\/adl-regalosempresa.com\/tiendaonline\/wp-json\/wp\/v2\/media?parent=143257"}],"wp:term":[{"taxonomy":"product_brand","embeddable":true,"href":"https:\/\/adl-regalosempresa.com\/tiendaonline\/wp-json\/wp\/v2\/product_brand?post=143257"},{"taxonomy":"product_cat","embeddable":true,"href":"https:\/\/adl-regalosempresa.com\/tiendaonline\/wp-json\/wp\/v2\/product_cat?post=143257"},{"taxonomy":"product_tag","embeddable":true,"href":"https:\/\/adl-regalosempresa.com\/tiendaonline\/wp-json\/wp\/v2\/product_tag?post=143257"}],"curies":[{"name":"wp","href":"https:\/\/api.w.org\/{rel}","templated":true}]}}