{"id":143152,"date":"2026-03-31T05:21:36","date_gmt":"2026-03-31T05:21:36","guid":{"rendered":"https:\/\/adl-regalosempresa.com\/tiendaonline\/articulos\/merchandising\/auriculares-inalambricos-anc-bluetooth-prixton-live-pro-para-personalizar-con-logo-2\/"},"modified":"2026-04-27T08:26:08","modified_gmt":"2026-04-27T08:26:08","slug":"auriculares-inalambricos-anc-bluetooth-prixton-live-pro-para-personalizar-con-logo-2","status":"publish","type":"product","link":"https:\/\/adl-regalosempresa.com\/tiendaonline\/articulos\/merchandising\/auriculares-inalambricos-anc-bluetooth-prixton-live-pro-para-personalizar-con-logo-2\/","title":{"rendered":"Auriculares inal\u00e1mbricos ANC Bluetooth\u00ae Prixton Live Pro para personalizar con logo"},"content":{"rendered":"<p>Sistema integrado de cancelaci\u00f3n activa del ruido (ANC \u2265 20 Db), que reduce en gran medida el ruido exterior, creando una experiencia auditiva \u00fanica. El auricular cuenta con un sistema de control por botones para acceder f\u00e1cilmente a todas las funciones, y un micr\u00f3fono integrado para llamadas manos libres. Bluetooth\u00ae 5.0 compatible con una distancia m\u00e1xima de hasta 10 metros. El auricular es plegable y se presenta en caja de reaglo. Se entrega con un cable auxiliar extra\u00edble.<\/p>\n","protected":false},"excerpt":{"rendered":"<p><strong>Descuentos por cantidades<\/strong><br \/>&#8211; a partir de 25 unidades: 33,07 \u20ac\/ud<br \/>&#8211; a partir de 50 unidades: 32,66 \u20ac\/ud<br \/>&#8211; a partir de 100 unidades: 30,62 \u20ac\/ud<\/p>\n<p>Para cantidades superiores a las aqu\u00ed indicadas, no dudes en ponerte en contacto con nuestro departamento comercial o <a href='https:\/\/adl-regalosempresa.com\/tiendaonline\/solicitud-presupuesto\/'>pedirnos presupuesto personalizado<\/a>, ajustaremos el presupuesto a tus necesidades.<\/p>\n","protected":false},"featured_media":143154,"template":"","meta":{"_kad_post_transparent":"","_kad_post_title":"","_kad_post_layout":"","_kad_post_sidebar_id":"","_kad_post_content_style":"","_kad_post_vertical_padding":"","_kad_post_feature":"","_kad_post_feature_position":"","_kad_post_header":false,"_kad_post_footer":false,"_kad_post_classname":""},"product_brand":[],"product_cat":[5114,486],"product_tag":[],"class_list":{"0":"post-143152","1":"product","2":"type-product","3":"status-publish","4":"has-post-thumbnail","6":"product_cat-cascos","7":"product_cat-tecnologia","8":"pa_alto-5-cm","9":"pa_ancho-17-cm","10":"pa_color-negro-intenso","11":"pa_color-simple-negro-intenso","12":"pa_largo-18-cm","13":"pa_marca-prixton","14":"pa_material-caucho-plastico","15":"pa_peso-237-gr","17":"first","18":"outofstock","19":"taxable","20":"shipping-taxable","21":"product-type-variable","22":"entry","23":"content-bg","24":"loop-entry"},"yoast_head":"<!-- This site is optimized with the Yoast SEO plugin v26.3 - https:\/\/yoast.com\/wordpress\/plugins\/seo\/ -->\n<title>Merchandising Auriculares inal\u00e1mbricos ANC Bluetooth\u00ae Prixton Live Pro para personalizar con logo - ADL<\/title>\n<meta name=\"description\" content=\"Art\u00edculo de merchandising Auriculares inal\u00e1mbricos ANC Bluetooth\u00ae Prixton Live Pro. Sistema integrado de cancelaci\u00f3n activa del ruido (ANC \u2265 20 Db), que reduce en gran medida el ruido exterior, creando una experiencia auditiva \u00fanica. El auricular cuenta con un sistema de control por botones para acceder f\u00e1cilmente a todas las funciones, y un micr\u00f3fono integrado para llamadas manos libres. Bluetooth\u00ae 5.0 compatible con una distancia m\u00e1xima de hasta 10 metros. El auricular es plegable y se presenta en caja de reaglo. Se entrega con un cable auxiliar extra\u00edble.\" \/>\n<meta name=\"robots\" content=\"index, follow, max-snippet:-1, max-image-preview:large, max-video-preview:-1\" \/>\n<link rel=\"canonical\" href=\"https:\/\/adl-regalosempresa.com\/tiendaonline\/articulos\/merchandising\/auriculares-inalambricos-anc-bluetooth-prixton-live-pro-para-personalizar-con-logo-2\/\" \/>\n<meta property=\"og:locale\" content=\"es_ES\" \/>\n<meta property=\"og:type\" content=\"article\" \/>\n<meta property=\"og:title\" content=\"Merchandising Auriculares inal\u00e1mbricos ANC Bluetooth\u00ae Prixton Live Pro para personalizar con logo - ADL\" \/>\n<meta property=\"og:description\" content=\"Art\u00edculo de merchandising Auriculares inal\u00e1mbricos ANC Bluetooth\u00ae Prixton Live Pro. Sistema integrado de cancelaci\u00f3n activa del ruido (ANC \u2265 20 Db), que reduce en gran medida el ruido exterior, creando una experiencia auditiva \u00fanica. El auricular cuenta con un sistema de control por botones para acceder f\u00e1cilmente a todas las funciones, y un micr\u00f3fono integrado para llamadas manos libres. Bluetooth\u00ae 5.0 compatible con una distancia m\u00e1xima de hasta 10 metros. El auricular es plegable y se presenta en caja de reaglo. Se entrega con un cable auxiliar extra\u00edble.\" \/>\n<meta property=\"og:url\" content=\"https:\/\/adl-regalosempresa.com\/tiendaonline\/articulos\/merchandising\/auriculares-inalambricos-anc-bluetooth-prixton-live-pro-para-personalizar-con-logo-2\/\" \/>\n<meta property=\"og:site_name\" content=\"ADL Comunicaci\u00f3n\" \/>\n<meta property=\"article:modified_time\" content=\"2026-04-27T08:26:08+00:00\" \/>\n<meta property=\"og:image\" content=\"https:\/\/adl-regalosempresa.com\/tiendaonline\/wp-content\/uploads\/2025\/08\/2PA06690.jpg\" \/>\n\t<meta property=\"og:image:width\" content=\"1600\" \/>\n\t<meta property=\"og:image:height\" content=\"1600\" \/>\n\t<meta property=\"og:image:type\" content=\"image\/jpeg\" \/>\n<meta name=\"twitter:card\" content=\"summary_large_image\" \/>\n<meta name=\"twitter:title\" content=\"Merchandising Auriculares inal\u00e1mbricos ANC Bluetooth\u00ae Prixton Live Pro para personalizar con logo - ADL\" \/>\n<script type=\"application\/ld+json\" class=\"yoast-schema-graph\">{\"@context\":\"https:\/\/schema.org\",\"@graph\":[{\"@type\":\"WebPage\",\"@id\":\"https:\/\/adl-regalosempresa.com\/tiendaonline\/articulos\/merchandising\/auriculares-inalambricos-anc-bluetooth-prixton-live-pro-para-personalizar-con-logo-2\/\",\"url\":\"https:\/\/adl-regalosempresa.com\/tiendaonline\/articulos\/merchandising\/auriculares-inalambricos-anc-bluetooth-prixton-live-pro-para-personalizar-con-logo-2\/\",\"name\":\"Merchandising Auriculares inal\u00e1mbricos ANC Bluetooth\u00ae Prixton Live Pro para personalizar con logo - ADL\",\"isPartOf\":{\"@id\":\"https:\/\/adl-regalosempresa.com\/tiendaonline\/#website\"},\"primaryImageOfPage\":{\"@id\":\"https:\/\/adl-regalosempresa.com\/tiendaonline\/articulos\/merchandising\/auriculares-inalambricos-anc-bluetooth-prixton-live-pro-para-personalizar-con-logo-2\/#primaryimage\"},\"image\":{\"@id\":\"https:\/\/adl-regalosempresa.com\/tiendaonline\/articulos\/merchandising\/auriculares-inalambricos-anc-bluetooth-prixton-live-pro-para-personalizar-con-logo-2\/#primaryimage\"},\"thumbnailUrl\":\"https:\/\/adl-regalosempresa.com\/tiendaonline\/wp-content\/uploads\/2025\/08\/2PA06690.jpg\",\"datePublished\":\"2026-03-31T05:21:36+00:00\",\"dateModified\":\"2026-04-27T08:26:08+00:00\",\"description\":\"Art\u00edculo de merchandising Auriculares inal\u00e1mbricos ANC Bluetooth\u00ae Prixton Live Pro. Sistema integrado de cancelaci\u00f3n activa del ruido (ANC \u2265 20 Db), que reduce en gran medida el ruido exterior, creando una experiencia auditiva \u00fanica. El auricular cuenta con un sistema de control por botones para acceder f\u00e1cilmente a todas las funciones, y un micr\u00f3fono integrado para llamadas manos libres. Bluetooth\u00ae 5.0 compatible con una distancia m\u00e1xima de hasta 10 metros. El auricular es plegable y se presenta en caja de reaglo. Se entrega con un cable auxiliar extra\u00edble.\",\"breadcrumb\":{\"@id\":\"https:\/\/adl-regalosempresa.com\/tiendaonline\/articulos\/merchandising\/auriculares-inalambricos-anc-bluetooth-prixton-live-pro-para-personalizar-con-logo-2\/#breadcrumb\"},\"inLanguage\":\"es\",\"potentialAction\":[{\"@type\":\"ReadAction\",\"target\":[\"https:\/\/adl-regalosempresa.com\/tiendaonline\/articulos\/merchandising\/auriculares-inalambricos-anc-bluetooth-prixton-live-pro-para-personalizar-con-logo-2\/\"]}]},{\"@type\":\"ImageObject\",\"inLanguage\":\"es\",\"@id\":\"https:\/\/adl-regalosempresa.com\/tiendaonline\/articulos\/merchandising\/auriculares-inalambricos-anc-bluetooth-prixton-live-pro-para-personalizar-con-logo-2\/#primaryimage\",\"url\":\"https:\/\/adl-regalosempresa.com\/tiendaonline\/wp-content\/uploads\/2025\/08\/2PA06690.jpg\",\"contentUrl\":\"https:\/\/adl-regalosempresa.com\/tiendaonline\/wp-content\/uploads\/2025\/08\/2PA06690.jpg\",\"width\":1600,\"height\":1600,\"caption\":\"Auriculares inal\u00e1mbricos ANC Bluetooth\u00ae Prixton Live Pro\"},{\"@type\":\"BreadcrumbList\",\"@id\":\"https:\/\/adl-regalosempresa.com\/tiendaonline\/articulos\/merchandising\/auriculares-inalambricos-anc-bluetooth-prixton-live-pro-para-personalizar-con-logo-2\/#breadcrumb\",\"itemListElement\":[{\"@type\":\"ListItem\",\"position\":1,\"name\":\"Portada\",\"item\":\"https:\/\/adl-regalosempresa.com\/tiendaonline\/\"},{\"@type\":\"ListItem\",\"position\":2,\"name\":\"Tienda\",\"item\":\"https:\/\/adl-regalosempresa.com\/tiendaonline\/tienda\/\"},{\"@type\":\"ListItem\",\"position\":3,\"name\":\"Auriculares inal\u00e1mbricos ANC Bluetooth\u00ae Prixton Live Pro para personalizar con logo\"}]},{\"@type\":\"WebSite\",\"@id\":\"https:\/\/adl-regalosempresa.com\/tiendaonline\/#website\",\"url\":\"https:\/\/adl-regalosempresa.com\/tiendaonline\/\",\"name\":\"ADL Comunicaci\u00f3n\",\"description\":\"Regalos de empresa\",\"publisher\":{\"@id\":\"https:\/\/adl-regalosempresa.com\/tiendaonline\/#organization\"},\"potentialAction\":[{\"@type\":\"SearchAction\",\"target\":{\"@type\":\"EntryPoint\",\"urlTemplate\":\"https:\/\/adl-regalosempresa.com\/tiendaonline\/?s={search_term_string}\"},\"query-input\":{\"@type\":\"PropertyValueSpecification\",\"valueRequired\":true,\"valueName\":\"search_term_string\"}}],\"inLanguage\":\"es\"},{\"@type\":\"Organization\",\"@id\":\"https:\/\/adl-regalosempresa.com\/tiendaonline\/#organization\",\"name\":\"ADL Comunicaci\u00f3n\",\"url\":\"https:\/\/adl-regalosempresa.com\/tiendaonline\/\",\"logo\":{\"@type\":\"ImageObject\",\"inLanguage\":\"es\",\"@id\":\"https:\/\/adl-regalosempresa.com\/tiendaonline\/#\/schema\/logo\/image\/\",\"url\":\"https:\/\/adl-regalosempresa.com\/tiendaonline\/wp-content\/uploads\/2017\/09\/logo-adl-wp.png\",\"contentUrl\":\"https:\/\/adl-regalosempresa.com\/tiendaonline\/wp-content\/uploads\/2017\/09\/logo-adl-wp.png\",\"width\":407,\"height\":185,\"caption\":\"ADL Comunicaci\u00f3n\"},\"image\":{\"@id\":\"https:\/\/adl-regalosempresa.com\/tiendaonline\/#\/schema\/logo\/image\/\"}}]}<\/script>\n<!-- \/ Yoast SEO plugin. -->","yoast_head_json":{"title":"Merchandising Auriculares inal\u00e1mbricos ANC Bluetooth\u00ae Prixton Live Pro para personalizar con logo - ADL","description":"Art\u00edculo de merchandising Auriculares inal\u00e1mbricos ANC Bluetooth\u00ae Prixton Live Pro. Sistema integrado de cancelaci\u00f3n activa del ruido (ANC \u2265 20 Db), que reduce en gran medida el ruido exterior, creando una experiencia auditiva \u00fanica. El auricular cuenta con un sistema de control por botones para acceder f\u00e1cilmente a todas las funciones, y un micr\u00f3fono integrado para llamadas manos libres. Bluetooth\u00ae 5.0 compatible con una distancia m\u00e1xima de hasta 10 metros. El auricular es plegable y se presenta en caja de reaglo. Se entrega con un cable auxiliar extra\u00edble.","robots":{"index":"index","follow":"follow","max-snippet":"max-snippet:-1","max-image-preview":"max-image-preview:large","max-video-preview":"max-video-preview:-1"},"canonical":"https:\/\/adl-regalosempresa.com\/tiendaonline\/articulos\/merchandising\/auriculares-inalambricos-anc-bluetooth-prixton-live-pro-para-personalizar-con-logo-2\/","og_locale":"es_ES","og_type":"article","og_title":"Merchandising Auriculares inal\u00e1mbricos ANC Bluetooth\u00ae Prixton Live Pro para personalizar con logo - ADL","og_description":"Art\u00edculo de merchandising Auriculares inal\u00e1mbricos ANC Bluetooth\u00ae Prixton Live Pro. Sistema integrado de cancelaci\u00f3n activa del ruido (ANC \u2265 20 Db), que reduce en gran medida el ruido exterior, creando una experiencia auditiva \u00fanica. El auricular cuenta con un sistema de control por botones para acceder f\u00e1cilmente a todas las funciones, y un micr\u00f3fono integrado para llamadas manos libres. Bluetooth\u00ae 5.0 compatible con una distancia m\u00e1xima de hasta 10 metros. El auricular es plegable y se presenta en caja de reaglo. Se entrega con un cable auxiliar extra\u00edble.","og_url":"https:\/\/adl-regalosempresa.com\/tiendaonline\/articulos\/merchandising\/auriculares-inalambricos-anc-bluetooth-prixton-live-pro-para-personalizar-con-logo-2\/","og_site_name":"ADL Comunicaci\u00f3n","article_modified_time":"2026-04-27T08:26:08+00:00","og_image":[{"width":1600,"height":1600,"url":"https:\/\/adl-regalosempresa.com\/tiendaonline\/wp-content\/uploads\/2025\/08\/2PA06690.jpg","type":"image\/jpeg"}],"twitter_card":"summary_large_image","twitter_title":"Merchandising Auriculares inal\u00e1mbricos ANC Bluetooth\u00ae Prixton Live Pro para personalizar con logo - ADL","schema":{"@context":"https:\/\/schema.org","@graph":[{"@type":"WebPage","@id":"https:\/\/adl-regalosempresa.com\/tiendaonline\/articulos\/merchandising\/auriculares-inalambricos-anc-bluetooth-prixton-live-pro-para-personalizar-con-logo-2\/","url":"https:\/\/adl-regalosempresa.com\/tiendaonline\/articulos\/merchandising\/auriculares-inalambricos-anc-bluetooth-prixton-live-pro-para-personalizar-con-logo-2\/","name":"Merchandising Auriculares inal\u00e1mbricos ANC Bluetooth\u00ae Prixton Live Pro para personalizar con logo - ADL","isPartOf":{"@id":"https:\/\/adl-regalosempresa.com\/tiendaonline\/#website"},"primaryImageOfPage":{"@id":"https:\/\/adl-regalosempresa.com\/tiendaonline\/articulos\/merchandising\/auriculares-inalambricos-anc-bluetooth-prixton-live-pro-para-personalizar-con-logo-2\/#primaryimage"},"image":{"@id":"https:\/\/adl-regalosempresa.com\/tiendaonline\/articulos\/merchandising\/auriculares-inalambricos-anc-bluetooth-prixton-live-pro-para-personalizar-con-logo-2\/#primaryimage"},"thumbnailUrl":"https:\/\/adl-regalosempresa.com\/tiendaonline\/wp-content\/uploads\/2025\/08\/2PA06690.jpg","datePublished":"2026-03-31T05:21:36+00:00","dateModified":"2026-04-27T08:26:08+00:00","description":"Art\u00edculo de merchandising Auriculares inal\u00e1mbricos ANC Bluetooth\u00ae Prixton Live Pro. Sistema integrado de cancelaci\u00f3n activa del ruido (ANC \u2265 20 Db), que reduce en gran medida el ruido exterior, creando una experiencia auditiva \u00fanica. El auricular cuenta con un sistema de control por botones para acceder f\u00e1cilmente a todas las funciones, y un micr\u00f3fono integrado para llamadas manos libres. Bluetooth\u00ae 5.0 compatible con una distancia m\u00e1xima de hasta 10 metros. El auricular es plegable y se presenta en caja de reaglo. Se entrega con un cable auxiliar extra\u00edble.","breadcrumb":{"@id":"https:\/\/adl-regalosempresa.com\/tiendaonline\/articulos\/merchandising\/auriculares-inalambricos-anc-bluetooth-prixton-live-pro-para-personalizar-con-logo-2\/#breadcrumb"},"inLanguage":"es","potentialAction":[{"@type":"ReadAction","target":["https:\/\/adl-regalosempresa.com\/tiendaonline\/articulos\/merchandising\/auriculares-inalambricos-anc-bluetooth-prixton-live-pro-para-personalizar-con-logo-2\/"]}]},{"@type":"ImageObject","inLanguage":"es","@id":"https:\/\/adl-regalosempresa.com\/tiendaonline\/articulos\/merchandising\/auriculares-inalambricos-anc-bluetooth-prixton-live-pro-para-personalizar-con-logo-2\/#primaryimage","url":"https:\/\/adl-regalosempresa.com\/tiendaonline\/wp-content\/uploads\/2025\/08\/2PA06690.jpg","contentUrl":"https:\/\/adl-regalosempresa.com\/tiendaonline\/wp-content\/uploads\/2025\/08\/2PA06690.jpg","width":1600,"height":1600,"caption":"Auriculares inal\u00e1mbricos ANC Bluetooth\u00ae Prixton Live Pro"},{"@type":"BreadcrumbList","@id":"https:\/\/adl-regalosempresa.com\/tiendaonline\/articulos\/merchandising\/auriculares-inalambricos-anc-bluetooth-prixton-live-pro-para-personalizar-con-logo-2\/#breadcrumb","itemListElement":[{"@type":"ListItem","position":1,"name":"Portada","item":"https:\/\/adl-regalosempresa.com\/tiendaonline\/"},{"@type":"ListItem","position":2,"name":"Tienda","item":"https:\/\/adl-regalosempresa.com\/tiendaonline\/tienda\/"},{"@type":"ListItem","position":3,"name":"Auriculares inal\u00e1mbricos ANC Bluetooth\u00ae Prixton Live Pro para personalizar con logo"}]},{"@type":"WebSite","@id":"https:\/\/adl-regalosempresa.com\/tiendaonline\/#website","url":"https:\/\/adl-regalosempresa.com\/tiendaonline\/","name":"ADL Comunicaci\u00f3n","description":"Regalos de empresa","publisher":{"@id":"https:\/\/adl-regalosempresa.com\/tiendaonline\/#organization"},"potentialAction":[{"@type":"SearchAction","target":{"@type":"EntryPoint","urlTemplate":"https:\/\/adl-regalosempresa.com\/tiendaonline\/?s={search_term_string}"},"query-input":{"@type":"PropertyValueSpecification","valueRequired":true,"valueName":"search_term_string"}}],"inLanguage":"es"},{"@type":"Organization","@id":"https:\/\/adl-regalosempresa.com\/tiendaonline\/#organization","name":"ADL Comunicaci\u00f3n","url":"https:\/\/adl-regalosempresa.com\/tiendaonline\/","logo":{"@type":"ImageObject","inLanguage":"es","@id":"https:\/\/adl-regalosempresa.com\/tiendaonline\/#\/schema\/logo\/image\/","url":"https:\/\/adl-regalosempresa.com\/tiendaonline\/wp-content\/uploads\/2017\/09\/logo-adl-wp.png","contentUrl":"https:\/\/adl-regalosempresa.com\/tiendaonline\/wp-content\/uploads\/2017\/09\/logo-adl-wp.png","width":407,"height":185,"caption":"ADL Comunicaci\u00f3n"},"image":{"@id":"https:\/\/adl-regalosempresa.com\/tiendaonline\/#\/schema\/logo\/image\/"}}]}},"_links":{"self":[{"href":"https:\/\/adl-regalosempresa.com\/tiendaonline\/wp-json\/wp\/v2\/product\/143152","targetHints":{"allow":["GET"]}}],"collection":[{"href":"https:\/\/adl-regalosempresa.com\/tiendaonline\/wp-json\/wp\/v2\/product"}],"about":[{"href":"https:\/\/adl-regalosempresa.com\/tiendaonline\/wp-json\/wp\/v2\/types\/product"}],"wp:featuredmedia":[{"embeddable":true,"href":"https:\/\/adl-regalosempresa.com\/tiendaonline\/wp-json\/wp\/v2\/media\/143154"}],"wp:attachment":[{"href":"https:\/\/adl-regalosempresa.com\/tiendaonline\/wp-json\/wp\/v2\/media?parent=143152"}],"wp:term":[{"taxonomy":"product_brand","embeddable":true,"href":"https:\/\/adl-regalosempresa.com\/tiendaonline\/wp-json\/wp\/v2\/product_brand?post=143152"},{"taxonomy":"product_cat","embeddable":true,"href":"https:\/\/adl-regalosempresa.com\/tiendaonline\/wp-json\/wp\/v2\/product_cat?post=143152"},{"taxonomy":"product_tag","embeddable":true,"href":"https:\/\/adl-regalosempresa.com\/tiendaonline\/wp-json\/wp\/v2\/product_tag?post=143152"}],"curies":[{"name":"wp","href":"https:\/\/api.w.org\/{rel}","templated":true}]}}